{"id":5,"date":"2022-07-21T14:49:39","date_gmt":"2022-07-21T17:49:39","guid":{"rendered":"https:\/\/divulga.unila.edu.br\/uplay\/?page_id=2"},"modified":"2022-08-15T21:00:10","modified_gmt":"2022-08-16T00:00:10","slug":"pagina-exemplo","status":"publish","type":"page","link":"https:\/\/divulga.unila.edu.br\/uplay\/pagina-exemplo\/","title":{"rendered":"Navegar"},"content":{"rendered":"\n<div class=\"wp-block-media-text alignfull is-stacked-on-mobile is-vertically-aligned-center has-palette-color-6-background-color has-background\"><figure class=\"wp-block-media-text__media\"><img fetchpriority=\"high\" decoding=\"async\" width=\"1024\" height=\"524\" src=\"https:\/\/divulga.unila.edu.br\/uplay\/wp-content\/uploads\/sites\/5\/2022\/08\/Imagem-para-trabalhar-1024x524.png\" alt=\"\" class=\"wp-image-409 size-full\" srcset=\"https:\/\/divulga.unila.edu.br\/uplay\/wp-content\/uploads\/sites\/5\/2022\/08\/Imagem-para-trabalhar-1024x524.png 1024w, https:\/\/divulga.unila.edu.br\/uplay\/wp-content\/uploads\/sites\/5\/2022\/08\/Imagem-para-trabalhar-300x154.png 300w, https:\/\/divulga.unila.edu.br\/uplay\/wp-content\/uploads\/sites\/5\/2022\/08\/Imagem-para-trabalhar-768x393.png 768w, https:\/\/divulga.unila.edu.br\/uplay\/wp-content\/uploads\/sites\/5\/2022\/08\/Imagem-para-trabalhar-205x105.png 205w, https:\/\/divulga.unila.edu.br\/uplay\/wp-content\/uploads\/sites\/5\/2022\/08\/Imagem-para-trabalhar.png 1066w\" sizes=\"(max-width: 1024px) 100vw, 1024px\" \/><\/figure><div class=\"wp-block-media-text__content\">\n<h3 class=\"has-text-align-center has-text-color wp-block-heading\" style=\"color:#000000\">Laborat\u00f3rios Criativos<\/h3>\n\n\n\n<p class=\"has-text-align-center has-extra-small-font-size\"><a href=\"https:\/\/divulga.unila.edu.br\/uplay\/labs\/\" data-type=\"URL\" data-id=\"https:\/\/divulga.unila.edu.br\/uplay\/labs\/\">Ver cole\u00e7\u00e3o \u2197<\/a><\/p>\n<\/div><\/div>\n","protected":false},"excerpt":{"rendered":"<p>Laborat\u00f3rios Criativos Ver cole\u00e7\u00e3o \u2197<\/p>\n","protected":false},"author":8,"featured_media":0,"parent":0,"menu_order":0,"comment_status":"closed","ping_status":"open","template":"","meta":{"_uag_custom_page_level_css":"","_themeisle_gutenberg_block_has_review":false,"footnotes":""},"class_list":["post-5","page","type-page","status-publish","hentry"],"blocksy_meta":{"styles_descriptor":{"styles":{"desktop":"[data-prefix=\"single_page\"] .entry-header .page-title {--theme-font-size:30px;} [data-prefix=\"single_page\"] .entry-header .entry-meta {--theme-font-weight:600;--theme-text-transform:uppercase;--theme-font-size:12px;--theme-line-height:1.3;} [data-prefix=\"single_page\"] .hero-section[data-type=\"type-2\"] {--alignment:center;--min-height:250px;background-color:var(--paletteColor6);background-image:none;--container-padding:50px 0;}","tablet":"","mobile":""},"google_fonts":[],"version":6},"page_title_panel":"","has_hero_section":"enabled","eeb60f466ca4b07bbcf1f89f310ba564":"","hero_section":"type-2","hero_elements":[{"id":"custom_title","enabled":true,"heading_tag":"h2","title":"P\u00e1gina inicial","__id":"xGa7Rog5Sd0l8M8yZBWFC"},{"id":"custom_description","enabled":false,"description_visibility":{"desktop":true,"tablet":true,"mobile":false},"__id":"1GmcDBHN8hsZnhCl9iX53"},{"id":"custom_meta","enabled":false,"meta_elements":[{"id":"author","enabled":true,"label":"Por","has_author_avatar":"yes","avatar_size":25},{"id":"post_date","enabled":true,"label":"Em","date_format_source":"default","date_format":"M j, Y"},{"id":"updated_date","enabled":false,"label":"Em","date_format_source":"default","date_format":"M j, Y"},{"id":"categories","enabled":false,"label":"Em","style":"simple"},{"id":"comments","enabled":true}],"page_meta_elements":{"joined":true,"articles_count":true,"comments":true},"__id":"jjPOUWfw5gTHz0bfCh6yK"},{"id":"breadcrumbs","enabled":false,"__id":"f94vcaZo1MPtXi-EakG52"}],"31f24b5215ab4e2aa0735557c1e6865c":"","hero_alignment1":"CT_CSS_SKIP_RULE","hero_margin":40,"hero_alignment2":{"0":"c","1":"e","2":"n","3":"t","4":"e","5":"r","desktop":"center","tablet":"center","mobile":"center","__changed":[]},"hero_vertical_alignment":"center","3ab6f2ffaf0b8048dd762f35d6393208":"","hero_structure":"narrow","78dbfb174d49d8c76d3264e0ddb10361":"","page_title_bg_type":"color","custom_hero_background":{"attachment_id":83,"url":"http:\/\/divulga.unila.edu.br\/uplay\/wp-content\/uploads\/sites\/5\/2022\/07\/WhatsApp-Image-2022-07-16-at-19.09.58-1024x576.jpeg"},"page_title_image_size":"full","parallax":{"desktop":false,"tablet":false,"mobile":false},"b150b2ff995021f7aed7f043b44492ae":"","hero_height":{"0":"2","1":"5","2":"0","3":"p","4":"x","desktop":"250px","tablet":"250px","mobile":"250px","__changed":[]},"pageTitleFont":{"family":"Default","variation":"Default","size":"30px","line-height":"CT_CSS_SKIP_RULE","letter-spacing":"CT_CSS_SKIP_RULE","text-transform":"CT_CSS_SKIP_RULE","text-decoration":"CT_CSS_SKIP_RULE"},"pageTitleFontColor":{"default":{"color":"CT_CSS_SKIP_RULEDEFAULT"}},"pageMetaFont":{"family":"Default","variation":"n6","size":"12px","line-height":"1.3","letter-spacing":"CT_CSS_SKIP_RULE","text-transform":"uppercase","text-decoration":"CT_CSS_SKIP_RULE"},"pageMetaFontColor":{"default":{"color":"CT_CSS_SKIP_RULEDEFAULT"},"hover":{"color":"CT_CSS_SKIP_RULEDEFAULT"}},"page_meta_button_type_font_colors":{"default":{"color":"CT_CSS_SKIP_RULEDEFAULT"},"hover":{"color":"CT_CSS_SKIP_RULEDEFAULT"}},"page_meta_button_type_background_colors":{"default":{"color":"CT_CSS_SKIP_RULEDEFAULT"},"hover":{"color":"CT_CSS_SKIP_RULEDEFAULT"}},"pageExcerptFont":{"family":"Default","variation":"Default","size":"CT_CSS_SKIP_RULE","line-height":"CT_CSS_SKIP_RULE","letter-spacing":"CT_CSS_SKIP_RULE","text-transform":"CT_CSS_SKIP_RULE","text-decoration":"CT_CSS_SKIP_RULE"},"pageExcerptColor":{"default":{"color":"CT_CSS_SKIP_RULEDEFAULT"}},"breadcrumbsFont":{"family":"Default","variation":"Default","size":"CT_CSS_SKIP_RULE","line-height":"CT_CSS_SKIP_RULE","letter-spacing":"CT_CSS_SKIP_RULE","text-transform":"CT_CSS_SKIP_RULE","text-decoration":"CT_CSS_SKIP_RULE"},"breadcrumbsFontColor":{"default":{"color":"CT_CSS_SKIP_RULEDEFAULT"},"initial":{"color":"CT_CSS_SKIP_RULEDEFAULT"},"hover":{"color":"CT_CSS_SKIP_RULEDEFAULT"}},"pageTitleOverlay":{"background_type":"color","background_pattern":"type-1","background_image":{"attachment_id":null,"x":0,"y":0},"gradient":"linear-gradient(135deg,rgba(6,147,227,1) 0%,rgb(155,81,224) 100%)","background_repeat":"repeat","background_size":"auto","background_attachment":"scroll","patternColor":{"default":{"color":"#e5e7ea"}},"overlayColor":{"default":{"color":"CT_CSS_SKIP_RULE"}},"backgroundColor":{"default":{"color":"CT_CSS_SKIP_RULE"}}},"pageTitleBackground":{"background_type":"color","background_pattern":"type-1","background_image":{"attachment_id":null,"x":0,"y":0},"gradient":"linear-gradient(135deg,rgba(6,147,227,1) 0%,rgb(155,81,224) 100%)","background_repeat":"repeat","background_size":"auto","background_attachment":"scroll","patternColor":{"default":{"color":"#e5e7ea"}},"overlayColor":{"default":{"color":"CT_CSS_SKIP_RULE"}},"backgroundColor":{"default":{"color":"var(--paletteColor6)"}}},"pageTitlePadding":{"top":"50px","bottom":"50px","left":"auto","right":"auto","linked":true},"c63dd25df49f3bde62ef8966ae1e8634":"","page_structure_type":"type-4","d4af63c41f721dc97b9e30d62be26662":"","content_style_source":"inherit","content_style":"wide","vertical_spacing_source":"custom","content_area_spacing":"bottom","background":{"background_type":"color","background_pattern":"type-1","background_image":{"attachment_id":null,"x":0,"y":0},"gradient":"linear-gradient(135deg,rgba(6,147,227,1) 0%,rgb(155,81,224) 100%)","background_repeat":"repeat","background_size":"auto","background_attachment":"scroll","patternColor":{"default":{"color":"#e5e7ea"}},"overlayColor":{"default":{"color":"CT_CSS_SKIP_RULE"}},"backgroundColor":{"default":{"color":"CT_CSS_SKIP_RULE"}}},"content_background":{"background_type":"color","background_pattern":"type-1","background_image":{"attachment_id":null,"x":0,"y":0},"gradient":"linear-gradient(135deg,rgba(6,147,227,1) 0%,rgb(155,81,224) 100%)","background_repeat":"repeat","background_size":"auto","background_attachment":"scroll","patternColor":{"default":{"color":"#e5e7ea"}},"overlayColor":{"default":{"color":"CT_CSS_SKIP_RULE"}},"backgroundColor":{"default":{"color":"var(--paletteColor8)"}}},"content_boxed_shadow":{"inherit":false,"blur":18,"spread":-6,"v_offset":12,"h_offset":0,"inset":false,"enable":true,"color":{"color":"rgba(34, 56, 101, 0.04)"}},"content_boxed_border":{"width":1,"style":"none","color":{"color":"rgba(44,62,80,0.2)"}},"content_boxed_radius":{"top":"3px","bottom":"3px","left":"3px","right":"3px","linked":true},"boxed_content_spacing":{"desktop":{"top":"40px","bottom":"40px","left":"40px","right":"40px","linked":true},"tablet":{"top":"35px","bottom":"35px","left":"35px","right":"35px","linked":true},"mobile":{"top":"20px","bottom":"20px","left":"20px","right":"20px","linked":true}},"e37a32b8da4cdf81eab68259445faa7c":"","disable_featured_image":"no","disable_share_box":"no","disable_header":"no","disable_footer":"no","513edce9beb284f8001c9958fcd2d40c":"","24067e6018f8aa8837fe702e7dfb4d0c":"","eeb5352d435bf52ee67fd1703f7eba86":"","a1a0a0f2bee68721be34a7a4c3555ee1":"","a3e9dac4406140b416ed43fe744f7d3f":"","73389fc27a210a96aeaf4a065c303e37":"","b5a92bc8882123f30b9dee6d1d57b287":"","79893100755d9a51641f654d06d18eb4":""},"yoast_head":"<!-- This site is optimized with the Yoast SEO plugin v27.6 - https:\/\/yoast.com\/product\/yoast-seo-wordpress\/ -->\n<title>Navegar - UPlay<\/title>\n<meta name=\"robots\" content=\"index, follow, max-snippet:-1, max-image-preview:large, max-video-preview:-1\" \/>\n<link rel=\"canonical\" href=\"https:\/\/divulga.unila.edu.br\/uplay\/pagina-exemplo\/\" \/>\n<meta property=\"og:locale\" content=\"pt_BR\" \/>\n<meta property=\"og:type\" content=\"article\" \/>\n<meta property=\"og:title\" content=\"Navegar - UPlay\" \/>\n<meta property=\"og:description\" content=\"Laborat\u00f3rios Criativos Ver cole\u00e7\u00e3o \u2197\" \/>\n<meta property=\"og:url\" content=\"https:\/\/divulga.unila.edu.br\/uplay\/pagina-exemplo\/\" \/>\n<meta property=\"og:site_name\" content=\"UPlay\" \/>\n<meta property=\"article:modified_time\" content=\"2022-08-16T00:00:10+00:00\" \/>\n<meta property=\"og:image\" content=\"http:\/\/divulga.unila.edu.br\/uplay\/wp-content\/uploads\/sites\/5\/2022\/08\/Imagem-para-trabalhar-1024x524.png\" \/>\n<meta name=\"twitter:card\" content=\"summary_large_image\" \/>\n<script type=\"application\/ld+json\" class=\"yoast-schema-graph\">{\"@context\":\"https:\\\/\\\/schema.org\",\"@graph\":[{\"@type\":\"WebPage\",\"@id\":\"https:\\\/\\\/divulga.unila.edu.br\\\/uplay\\\/pagina-exemplo\\\/\",\"url\":\"https:\\\/\\\/divulga.unila.edu.br\\\/uplay\\\/pagina-exemplo\\\/\",\"name\":\"Navegar - UPlay\",\"isPartOf\":{\"@id\":\"https:\\\/\\\/divulga.unila.edu.br\\\/uplay\\\/#website\"},\"primaryImageOfPage\":{\"@id\":\"https:\\\/\\\/divulga.unila.edu.br\\\/uplay\\\/pagina-exemplo\\\/#primaryimage\"},\"image\":{\"@id\":\"https:\\\/\\\/divulga.unila.edu.br\\\/uplay\\\/pagina-exemplo\\\/#primaryimage\"},\"thumbnailUrl\":\"http:\\\/\\\/divulga.unila.edu.br\\\/uplay\\\/wp-content\\\/uploads\\\/sites\\\/5\\\/2022\\\/08\\\/Imagem-para-trabalhar-1024x524.png\",\"datePublished\":\"2022-07-21T17:49:39+00:00\",\"dateModified\":\"2022-08-16T00:00:10+00:00\",\"breadcrumb\":{\"@id\":\"https:\\\/\\\/divulga.unila.edu.br\\\/uplay\\\/pagina-exemplo\\\/#breadcrumb\"},\"inLanguage\":\"pt-BR\",\"potentialAction\":[{\"@type\":\"ReadAction\",\"target\":[\"https:\\\/\\\/divulga.unila.edu.br\\\/uplay\\\/pagina-exemplo\\\/\"]}]},{\"@type\":\"ImageObject\",\"inLanguage\":\"pt-BR\",\"@id\":\"https:\\\/\\\/divulga.unila.edu.br\\\/uplay\\\/pagina-exemplo\\\/#primaryimage\",\"url\":\"http:\\\/\\\/divulga.unila.edu.br\\\/uplay\\\/wp-content\\\/uploads\\\/sites\\\/5\\\/2022\\\/08\\\/Imagem-para-trabalhar-1024x524.png\",\"contentUrl\":\"http:\\\/\\\/divulga.unila.edu.br\\\/uplay\\\/wp-content\\\/uploads\\\/sites\\\/5\\\/2022\\\/08\\\/Imagem-para-trabalhar-1024x524.png\"},{\"@type\":\"BreadcrumbList\",\"@id\":\"https:\\\/\\\/divulga.unila.edu.br\\\/uplay\\\/pagina-exemplo\\\/#breadcrumb\",\"itemListElement\":[{\"@type\":\"ListItem\",\"position\":1,\"name\":\"In\u00edcio\",\"item\":\"https:\\\/\\\/divulga.unila.edu.br\\\/uplay\\\/\"},{\"@type\":\"ListItem\",\"position\":2,\"name\":\"Navegar\"}]},{\"@type\":\"WebSite\",\"@id\":\"https:\\\/\\\/divulga.unila.edu.br\\\/uplay\\\/#website\",\"url\":\"https:\\\/\\\/divulga.unila.edu.br\\\/uplay\\\/\",\"name\":\"UPlay\",\"description\":\"Acervo do curso cinema e audiovisual\",\"publisher\":{\"@id\":\"https:\\\/\\\/divulga.unila.edu.br\\\/uplay\\\/#organization\"},\"potentialAction\":[{\"@type\":\"SearchAction\",\"target\":{\"@type\":\"EntryPoint\",\"urlTemplate\":\"https:\\\/\\\/divulga.unila.edu.br\\\/uplay\\\/?s={search_term_string}\"},\"query-input\":{\"@type\":\"PropertyValueSpecification\",\"valueRequired\":true,\"valueName\":\"search_term_string\"}}],\"inLanguage\":\"pt-BR\"},{\"@type\":\"Organization\",\"@id\":\"https:\\\/\\\/divulga.unila.edu.br\\\/uplay\\\/#organization\",\"name\":\"UPlay\",\"url\":\"https:\\\/\\\/divulga.unila.edu.br\\\/uplay\\\/\",\"logo\":{\"@type\":\"ImageObject\",\"inLanguage\":\"pt-BR\",\"@id\":\"https:\\\/\\\/divulga.unila.edu.br\\\/uplay\\\/#\\\/schema\\\/logo\\\/image\\\/\",\"url\":\"https:\\\/\\\/divulga.unila.edu.br\\\/uplay\\\/wp-content\\\/uploads\\\/sites\\\/5\\\/2022\\\/08\\\/uplay-logo-branco.png\",\"contentUrl\":\"https:\\\/\\\/divulga.unila.edu.br\\\/uplay\\\/wp-content\\\/uploads\\\/sites\\\/5\\\/2022\\\/08\\\/uplay-logo-branco.png\",\"width\":728,\"height\":371,\"caption\":\"UPlay\"},\"image\":{\"@id\":\"https:\\\/\\\/divulga.unila.edu.br\\\/uplay\\\/#\\\/schema\\\/logo\\\/image\\\/\"}}]}<\/script>\n<!-- \/ Yoast SEO plugin. -->","yoast_head_json":{"title":"Navegar - UPlay","robots":{"index":"index","follow":"follow","max-snippet":"max-snippet:-1","max-image-preview":"max-image-preview:large","max-video-preview":"max-video-preview:-1"},"canonical":"https:\/\/divulga.unila.edu.br\/uplay\/pagina-exemplo\/","og_locale":"pt_BR","og_type":"article","og_title":"Navegar - UPlay","og_description":"Laborat\u00f3rios Criativos Ver cole\u00e7\u00e3o \u2197","og_url":"https:\/\/divulga.unila.edu.br\/uplay\/pagina-exemplo\/","og_site_name":"UPlay","article_modified_time":"2022-08-16T00:00:10+00:00","og_image":[{"url":"http:\/\/divulga.unila.edu.br\/uplay\/wp-content\/uploads\/sites\/5\/2022\/08\/Imagem-para-trabalhar-1024x524.png","type":"","width":"","height":""}],"twitter_card":"summary_large_image","schema":{"@context":"https:\/\/schema.org","@graph":[{"@type":"WebPage","@id":"https:\/\/divulga.unila.edu.br\/uplay\/pagina-exemplo\/","url":"https:\/\/divulga.unila.edu.br\/uplay\/pagina-exemplo\/","name":"Navegar - UPlay","isPartOf":{"@id":"https:\/\/divulga.unila.edu.br\/uplay\/#website"},"primaryImageOfPage":{"@id":"https:\/\/divulga.unila.edu.br\/uplay\/pagina-exemplo\/#primaryimage"},"image":{"@id":"https:\/\/divulga.unila.edu.br\/uplay\/pagina-exemplo\/#primaryimage"},"thumbnailUrl":"http:\/\/divulga.unila.edu.br\/uplay\/wp-content\/uploads\/sites\/5\/2022\/08\/Imagem-para-trabalhar-1024x524.png","datePublished":"2022-07-21T17:49:39+00:00","dateModified":"2022-08-16T00:00:10+00:00","breadcrumb":{"@id":"https:\/\/divulga.unila.edu.br\/uplay\/pagina-exemplo\/#breadcrumb"},"inLanguage":"pt-BR","potentialAction":[{"@type":"ReadAction","target":["https:\/\/divulga.unila.edu.br\/uplay\/pagina-exemplo\/"]}]},{"@type":"ImageObject","inLanguage":"pt-BR","@id":"https:\/\/divulga.unila.edu.br\/uplay\/pagina-exemplo\/#primaryimage","url":"http:\/\/divulga.unila.edu.br\/uplay\/wp-content\/uploads\/sites\/5\/2022\/08\/Imagem-para-trabalhar-1024x524.png","contentUrl":"http:\/\/divulga.unila.edu.br\/uplay\/wp-content\/uploads\/sites\/5\/2022\/08\/Imagem-para-trabalhar-1024x524.png"},{"@type":"BreadcrumbList","@id":"https:\/\/divulga.unila.edu.br\/uplay\/pagina-exemplo\/#breadcrumb","itemListElement":[{"@type":"ListItem","position":1,"name":"In\u00edcio","item":"https:\/\/divulga.unila.edu.br\/uplay\/"},{"@type":"ListItem","position":2,"name":"Navegar"}]},{"@type":"WebSite","@id":"https:\/\/divulga.unila.edu.br\/uplay\/#website","url":"https:\/\/divulga.unila.edu.br\/uplay\/","name":"UPlay","description":"Acervo do curso cinema e audiovisual","publisher":{"@id":"https:\/\/divulga.unila.edu.br\/uplay\/#organization"},"potentialAction":[{"@type":"SearchAction","target":{"@type":"EntryPoint","urlTemplate":"https:\/\/divulga.unila.edu.br\/uplay\/?s={search_term_string}"},"query-input":{"@type":"PropertyValueSpecification","valueRequired":true,"valueName":"search_term_string"}}],"inLanguage":"pt-BR"},{"@type":"Organization","@id":"https:\/\/divulga.unila.edu.br\/uplay\/#organization","name":"UPlay","url":"https:\/\/divulga.unila.edu.br\/uplay\/","logo":{"@type":"ImageObject","inLanguage":"pt-BR","@id":"https:\/\/divulga.unila.edu.br\/uplay\/#\/schema\/logo\/image\/","url":"https:\/\/divulga.unila.edu.br\/uplay\/wp-content\/uploads\/sites\/5\/2022\/08\/uplay-logo-branco.png","contentUrl":"https:\/\/divulga.unila.edu.br\/uplay\/wp-content\/uploads\/sites\/5\/2022\/08\/uplay-logo-branco.png","width":728,"height":371,"caption":"UPlay"},"image":{"@id":"https:\/\/divulga.unila.edu.br\/uplay\/#\/schema\/logo\/image\/"}}]}},"uagb_featured_image_src":{"full":false,"thumbnail":false,"medium":false,"medium_large":false,"large":false,"1536x1536":false,"2048x2048":false,"htmega_size_585x295":false,"htmega_size_1170x536":false,"htmega_size_396x360":false,"tainacan-small":false,"tainacan-medium":false,"tainacan-medium-full":false,"tainacan-large-full":false},"uagb_author_info":{"display_name":"","author_link":"https:\/\/divulga.unila.edu.br\/uplay\/author\/"},"uagb_comment_info":0,"uagb_excerpt":"Laborat\u00f3rios Criativos Ver cole\u00e7\u00e3o \u2197","_links":{"self":[{"href":"https:\/\/divulga.unila.edu.br\/uplay\/wp-json\/wp\/v2\/pages\/5","targetHints":{"allow":["GET"]}}],"collection":[{"href":"https:\/\/divulga.unila.edu.br\/uplay\/wp-json\/wp\/v2\/pages"}],"about":[{"href":"https:\/\/divulga.unila.edu.br\/uplay\/wp-json\/wp\/v2\/types\/page"}],"author":[{"embeddable":true,"href":"https:\/\/divulga.unila.edu.br\/uplay\/wp-json\/wp\/v2\/users\/8"}],"replies":[{"embeddable":true,"href":"https:\/\/divulga.unila.edu.br\/uplay\/wp-json\/wp\/v2\/comments?post=5"}],"version-history":[{"count":32,"href":"https:\/\/divulga.unila.edu.br\/uplay\/wp-json\/wp\/v2\/pages\/5\/revisions"}],"predecessor-version":[{"id":523,"href":"https:\/\/divulga.unila.edu.br\/uplay\/wp-json\/wp\/v2\/pages\/5\/revisions\/523"}],"wp:attachment":[{"href":"https:\/\/divulga.unila.edu.br\/uplay\/wp-json\/wp\/v2\/media?parent=5"}],"curies":[{"name":"wp","href":"https:\/\/api.w.org\/{rel}","templated":true}]}}