{"id":486,"date":"2022-08-15T19:38:38","date_gmt":"2022-08-15T22:38:38","guid":{"rendered":"https:\/\/divulga.unila.edu.br\/uplay\/?page_id=486"},"modified":"2022-10-07T00:08:04","modified_gmt":"2022-10-07T03:08:04","slug":"sobre","status":"publish","type":"page","link":"https:\/\/divulga.unila.edu.br\/uplay\/sobre\/","title":{"rendered":"Sobre"},"content":{"rendered":"\n<p><\/p>\n\n\n\n<div class=\"wp-block-group alignfull is-layout-flow wp-block-group-is-layout-flow\">\n<div class=\"wp-block-columns alignwide is-layout-flex wp-container-core-columns-is-layout-28f84493 wp-block-columns-is-layout-flex\">\n<div class=\"wp-block-column is-layout-flow wp-block-column-is-layout-flow\">\n<div style=\"height:100px\" aria-hidden=\"true\" class=\"wp-block-spacer\"><\/div>\n\n\n\n<h6 class=\"has-palette-color-2-color has-text-color wp-block-heading\" id=\"ecosystem\">Acervo<\/h6>\n\n\n\n<p class=\"has-palette-color-2-color has-text-color\" style=\"font-size:5vw;line-height:1.1\"><strong>Sobre projeto U-PLAY<\/strong><\/p>\n\n\n\n<div style=\"height:5px\" aria-hidden=\"true\" class=\"wp-block-spacer\"><\/div>\n<\/div>\n<\/div>\n\n\n\n<div class=\"wp-block-columns alignwide is-layout-flex wp-container-core-columns-is-layout-28f84493 wp-block-columns-is-layout-flex\">\n<div class=\"wp-block-column is-layout-flow wp-block-column-is-layout-flow\" style=\"flex-basis:40%\">\n<p class=\"has-palette-color-3-color has-text-color\" style=\"font-size:clamp(14px, 0.875rem + ((1vw - 3.2px) * 0.234), 17px);\">O U-Play<em>, acervo audiovisual dos exerc\u00edcios do <strong>Curso de Cinema e Audiovisual<\/strong> da UNILA<\/em> (2022), por meio dos princ\u00edpios da preserva\u00e7\u00e3o audiovisual, busca coletar, catalogar, monitorar e compartilhar as obras realizadas pelos estudantes durante o per\u00edodo de gradua\u00e7\u00e3o em Cinema. Originalmente o U-Play foi desenvolvido como um Trabalho de Conclus\u00e3o de Curso por Jo\u00e3o Paulo Pugin,&nbsp;discente da turma de 2012. Hoje o projeto se transformou em uma a\u00e7\u00e3o de extens\u00e3o universit\u00e1ria. <\/p>\n\n\n\n<div style=\"height:30px\" aria-hidden=\"true\" class=\"wp-block-spacer\"><\/div>\n\n\n\n<p class=\"has-palette-color-3-color has-text-color\" style=\"font-size:clamp(14px, 0.875rem + ((1vw - 3.2px) * 0.234), 17px);\">O curso de Gradua\u00e7\u00e3o em Cinema e Audiovisual da Universidade Federal da Integra\u00e7\u00e3o Latino Americana (UNILA), situado na cidade de Foz do Igua\u00e7u, completou este ano de 2022, dez anos de exist\u00eancia, com alunos ingressantes de todas as partes da Am\u00e9rica Latina e Caribe. Al\u00e9m de sua miss\u00e3o formativa, o curso \u00e9 tamb\u00e9m um produtor de conte\u00fado.<\/p>\n<\/div>\n\n\n\n<div class=\"wp-block-column is-layout-flow wp-block-column-is-layout-flow\" style=\"flex-basis:30%\">\n<div style=\"height:100px\" aria-hidden=\"true\" class=\"wp-block-spacer\"><\/div>\n\n\n\n<figure class=\"wp-block-image size-large\"><img fetchpriority=\"high\" decoding=\"async\" width=\"1024\" height=\"683\" src=\"https:\/\/divulga.unila.edu.br\/uplay\/wp-content\/uploads\/sites\/5\/2022\/10\/IMG_0616-foto-2-1024x683.jpg\" alt=\"\" class=\"wp-image-4096\" srcset=\"https:\/\/divulga.unila.edu.br\/uplay\/wp-content\/uploads\/sites\/5\/2022\/10\/IMG_0616-foto-2-1024x683.jpg 1024w, https:\/\/divulga.unila.edu.br\/uplay\/wp-content\/uploads\/sites\/5\/2022\/10\/IMG_0616-foto-2-300x200.jpg 300w, https:\/\/divulga.unila.edu.br\/uplay\/wp-content\/uploads\/sites\/5\/2022\/10\/IMG_0616-foto-2-768x512.jpg 768w, https:\/\/divulga.unila.edu.br\/uplay\/wp-content\/uploads\/sites\/5\/2022\/10\/IMG_0616-foto-2-1536x1024.jpg 1536w, https:\/\/divulga.unila.edu.br\/uplay\/wp-content\/uploads\/sites\/5\/2022\/10\/IMG_0616-foto-2-2048x1365.jpg 2048w, https:\/\/divulga.unila.edu.br\/uplay\/wp-content\/uploads\/sites\/5\/2022\/10\/IMG_0616-foto-2-205x137.jpg 205w, https:\/\/divulga.unila.edu.br\/uplay\/wp-content\/uploads\/sites\/5\/2022\/10\/IMG_0616-foto-2-480x320.jpg 480w\" sizes=\"(max-width: 1024px) 100vw, 1024px\" \/><\/figure>\n\n\n\n<p>Rebeca Gomes no set do curta <em>Santa Nena e os lobos<\/em> 2A<\/p>\n<\/div>\n\n\n\n<div class=\"wp-block-column is-layout-flow wp-block-column-is-layout-flow\" style=\"flex-basis:30%\">\n<figure class=\"wp-block-image size-large\"><img decoding=\"async\" width=\"1024\" height=\"683\" src=\"https:\/\/divulga.unila.edu.br\/uplay\/wp-content\/uploads\/sites\/5\/2022\/10\/IMG_0597_foto1-1024x683.jpg\" alt=\"\" class=\"wp-image-4097\" srcset=\"https:\/\/divulga.unila.edu.br\/uplay\/wp-content\/uploads\/sites\/5\/2022\/10\/IMG_0597_foto1-1024x683.jpg 1024w, https:\/\/divulga.unila.edu.br\/uplay\/wp-content\/uploads\/sites\/5\/2022\/10\/IMG_0597_foto1-300x200.jpg 300w, https:\/\/divulga.unila.edu.br\/uplay\/wp-content\/uploads\/sites\/5\/2022\/10\/IMG_0597_foto1-768x512.jpg 768w, https:\/\/divulga.unila.edu.br\/uplay\/wp-content\/uploads\/sites\/5\/2022\/10\/IMG_0597_foto1-1536x1024.jpg 1536w, https:\/\/divulga.unila.edu.br\/uplay\/wp-content\/uploads\/sites\/5\/2022\/10\/IMG_0597_foto1-2048x1365.jpg 2048w, https:\/\/divulga.unila.edu.br\/uplay\/wp-content\/uploads\/sites\/5\/2022\/10\/IMG_0597_foto1-205x137.jpg 205w, https:\/\/divulga.unila.edu.br\/uplay\/wp-content\/uploads\/sites\/5\/2022\/10\/IMG_0597_foto1-480x320.jpg 480w\" sizes=\"(max-width: 1024px) 100vw, 1024px\" \/><\/figure>\n\n\n\n<p>Higor Antunes na produ\u00e7\u00e3o do curta <em>Santa Nena e os lobos<\/em> 4B<\/p>\n<\/div>\n<\/div>\n\n\n\n<div style=\"height:100px\" aria-hidden=\"true\" class=\"wp-block-spacer\"><\/div>\n\n\n\n<div class=\"wp-block-columns alignwide is-layout-flex wp-container-core-columns-is-layout-28f84493 wp-block-columns-is-layout-flex\">\n<div class=\"wp-block-column is-layout-flow wp-block-column-is-layout-flow\" style=\"flex-basis:55%\">\n<figure class=\"wp-block-image size-large\"><img decoding=\"async\" width=\"1024\" height=\"575\" src=\"https:\/\/divulga.unila.edu.br\/uplay\/wp-content\/uploads\/sites\/5\/2022\/08\/DIRECAO-1-1024x575.jpg\" alt=\"\" class=\"wp-image-1405\" srcset=\"https:\/\/divulga.unila.edu.br\/uplay\/wp-content\/uploads\/sites\/5\/2022\/08\/DIRECAO-1-1024x575.jpg 1024w, https:\/\/divulga.unila.edu.br\/uplay\/wp-content\/uploads\/sites\/5\/2022\/08\/DIRECAO-1-300x169.jpg 300w, https:\/\/divulga.unila.edu.br\/uplay\/wp-content\/uploads\/sites\/5\/2022\/08\/DIRECAO-1-768x431.jpg 768w, https:\/\/divulga.unila.edu.br\/uplay\/wp-content\/uploads\/sites\/5\/2022\/08\/DIRECAO-1-1536x863.jpg 1536w, https:\/\/divulga.unila.edu.br\/uplay\/wp-content\/uploads\/sites\/5\/2022\/08\/DIRECAO-1-2048x1150.jpg 2048w, https:\/\/divulga.unila.edu.br\/uplay\/wp-content\/uploads\/sites\/5\/2022\/08\/DIRECAO-1-205x115.jpg 205w\" sizes=\"(max-width: 1024px) 100vw, 1024px\" \/><\/figure>\n\n\n\n<p>Equipe do TCC <em>Cicatriz<\/em>, de 2015<\/p>\n<\/div>\n\n\n\n<div class=\"wp-block-column is-vertically-aligned-center is-layout-flow wp-block-column-is-layout-flow\" style=\"flex-basis:45%\">\n<p class=\"has-palette-color-3-color has-text-color\" style=\"font-size:clamp(14px, 0.875rem + ((1vw - 3.2px) * 0.234), 17px);\">A acessibilidade ao acervo para o p\u00fablico externo e interno \u00e9 um dos principais objetivos do projeto de website U-Play, para o qual realizamos sua reformula\u00e7\u00e3o. A organiza\u00e7\u00e3o e revis\u00e3o do cat\u00e1logo do acervo revelou mais de 300 itens, v\u00eddeos e \u00e1udios de exerc\u00edcios produzidos ao longo do curso de Cinema e Audiovisual de 2010 at\u00e9 2022, que agora s\u00e3o apresentados por cole\u00e7\u00f5es que levam os nomes dos componentes curriculares, ou melhor, das disciplinas pelas quais os alunos passam.<\/p>\n<\/div>\n<\/div>\n<\/div>\n\n\n\n<div style=\"height:100px\" aria-hidden=\"true\" class=\"wp-block-spacer\"><\/div>\n\n\n\n<div class=\"wp-block-columns is-layout-flex wp-container-core-columns-is-layout-28f84493 wp-block-columns-is-layout-flex\">\n<div class=\"wp-block-column is-layout-flow wp-block-column-is-layout-flow\">\n<figure class=\"wp-block-image size-full\"><img loading=\"lazy\" decoding=\"async\" width=\"499\" height=\"682\" src=\"https:\/\/divulga.unila.edu.br\/uplay\/wp-content\/uploads\/sites\/5\/2022\/08\/ARTE.png\" alt=\"\" class=\"wp-image-1393\" srcset=\"https:\/\/divulga.unila.edu.br\/uplay\/wp-content\/uploads\/sites\/5\/2022\/08\/ARTE.png 499w, https:\/\/divulga.unila.edu.br\/uplay\/wp-content\/uploads\/sites\/5\/2022\/08\/ARTE-220x300.png 220w, https:\/\/divulga.unila.edu.br\/uplay\/wp-content\/uploads\/sites\/5\/2022\/08\/ARTE-205x280.png 205w\" sizes=\"(max-width: 499px) 100vw, 499px\" \/><\/figure>\n\n\n\n<p style=\"font-size:14px\">Augusto e Giane, equipe da Arte no curta <em>Santa Nena e os lobos<\/em> 2A<\/p>\n<\/div>\n\n\n\n<div class=\"wp-block-column is-layout-flow wp-block-column-is-layout-flow\">\n<div style=\"height:100px\" aria-hidden=\"true\" class=\"wp-block-spacer\"><\/div>\n\n\n\n<p style=\"font-size:14px\">Aurora Aquino Garcete em <em>Santa Nena e os lobos<\/em>, grupo 4B Laborat\u00f3rios Criativos 2019.01<\/p>\n\n\n\n<figure class=\"wp-block-image size-large\"><img loading=\"lazy\" decoding=\"async\" width=\"1024\" height=\"576\" src=\"https:\/\/divulga.unila.edu.br\/uplay\/wp-content\/uploads\/sites\/5\/2022\/10\/Captura-de-Tela-2022-10-04-a\u0300s-14.26.25-1-1024x576.jpg\" alt=\"\" class=\"wp-image-4149\" srcset=\"https:\/\/divulga.unila.edu.br\/uplay\/wp-content\/uploads\/sites\/5\/2022\/10\/Captura-de-Tela-2022-10-04-a\u0300s-14.26.25-1-1024x576.jpg 1024w, https:\/\/divulga.unila.edu.br\/uplay\/wp-content\/uploads\/sites\/5\/2022\/10\/Captura-de-Tela-2022-10-04-a\u0300s-14.26.25-1-300x169.jpg 300w, https:\/\/divulga.unila.edu.br\/uplay\/wp-content\/uploads\/sites\/5\/2022\/10\/Captura-de-Tela-2022-10-04-a\u0300s-14.26.25-1-768x432.jpg 768w, https:\/\/divulga.unila.edu.br\/uplay\/wp-content\/uploads\/sites\/5\/2022\/10\/Captura-de-Tela-2022-10-04-a\u0300s-14.26.25-1-1536x864.jpg 1536w, https:\/\/divulga.unila.edu.br\/uplay\/wp-content\/uploads\/sites\/5\/2022\/10\/Captura-de-Tela-2022-10-04-a\u0300s-14.26.25-1-2048x1152.jpg 2048w, https:\/\/divulga.unila.edu.br\/uplay\/wp-content\/uploads\/sites\/5\/2022\/10\/Captura-de-Tela-2022-10-04-a\u0300s-14.26.25-1-205x115.jpg 205w, https:\/\/divulga.unila.edu.br\/uplay\/wp-content\/uploads\/sites\/5\/2022\/10\/Captura-de-Tela-2022-10-04-a\u0300s-14.26.25-1-480x270.jpg 480w\" sizes=\"(max-width: 1024px) 100vw, 1024px\" \/><\/figure>\n<\/div>\n<\/div>\n","protected":false},"excerpt":{"rendered":"<p>Acervo Sobre projeto U-PLAY O U-Play, acervo audiovisual dos exerc\u00edcios do Curso de Cinema e Audiovisual da UNILA (2022), por meio dos princ\u00edpios da preserva\u00e7\u00e3o audiovisual, busca coletar, catalogar, monitorar e compartilhar as obras realizadas pelos estudantes durante o per\u00edodo de gradua\u00e7\u00e3o em Cinema. Originalmente o U-Play foi desenvolvido como um Trabalho de Conclus\u00e3o de Curso por Jo\u00e3o Paulo Pugin,&nbsp;discente da turma de 2012. Hoje o projeto se transformou em uma a\u00e7\u00e3o de extens\u00e3o universit\u00e1ria. O curso de Gradua\u00e7\u00e3o em Cinema e Audiovisual da Universidade Federal da Integra\u00e7\u00e3o Latino Americana (UNILA), situado na cidade de Foz do Igua\u00e7u, completou este ano de 2022, dez anos de exist\u00eancia, com alunos ingressantes de todas as partes da Am\u00e9rica Latina e Caribe. Al\u00e9m de sua miss\u00e3o formativa, o curso \u00e9 tamb\u00e9m um produtor de conte\u00fado. Rebeca Gomes no set do curta Santa Nena e os lobos 2A Higor Antunes na produ\u00e7\u00e3o do curta Santa Nena e os lobos 4B Equipe do TCC Cicatriz, de 2015 A acessibilidade ao acervo para o p\u00fablico externo e interno \u00e9 um dos principais objetivos do projeto de website U-Play, para o qual realizamos sua reformula\u00e7\u00e3o. A organiza\u00e7\u00e3o e revis\u00e3o do cat\u00e1logo do acervo revelou mais de 300 itens, v\u00eddeos e \u00e1udios de exerc\u00edcios produzidos ao longo do curso de Cinema e Audiovisual de 2010 at\u00e9 2022, que agora s\u00e3o apresentados por cole\u00e7\u00f5es que levam os nomes dos componentes curriculares, ou melhor, das disciplinas pelas quais os alunos passam. Augusto e Giane, equipe da Arte no curta Santa Nena e os lobos 2A Aurora Aquino Garcete em Santa Nena e os lobos, grupo 4B Laborat\u00f3rios Criativos 2019.01<\/p>\n","protected":false},"author":11,"featured_media":0,"parent":0,"menu_order":0,"comment_status":"closed","ping_status":"closed","template":"","meta":{"_uag_custom_page_level_css":"","_themeisle_gutenberg_block_has_review":false,"footnotes":""},"class_list":["post-486","page","type-page","status-publish","hentry"],"blocksy_meta":{"page_title_panel":"","has_hero_section":"disabled","325122a54586687887185e4edce1d465":"","hero_section":"type-1","hero_elements":[{"id":"custom_title","enabled":true,"heading_tag":"h1","title":"P\u00e1gina inicial"},{"id":"custom_description","enabled":true,"description_visibility":{"desktop":true,"tablet":true,"mobile":false}},{"id":"custom_meta","enabled":false,"meta_elements":[{"id":"author","enabled":true,"label":"Por","has_author_avatar":"yes","avatar_size":25},{"id":"post_date","enabled":true,"label":"Em","date_format_source":"default","date_format":"M j, Y"},{"id":"updated_date","enabled":false,"label":"Em","date_format_source":"default","date_format":"M j, Y"},{"id":"categories","enabled":false,"label":"Em","style":"simple"},{"id":"comments","enabled":true}],"page_meta_elements":{"joined":true,"articles_count":true,"comments":true}},{"id":"breadcrumbs","enabled":false}],"edc857054a43ac3c21742e6ba8ea5051":"","hero_alignment1":"CT_CSS_SKIP_RULE","hero_margin":40,"hero_alignment2":"center","hero_vertical_alignment":"center","95717a3b2322092d64004156fb49e1f1":"","hero_structure":"narrow","3a48ece767de9dca0413de9e19a8f35c":"","page_title_bg_type":"featured_image","custom_hero_background":{"attachment_id":null},"page_title_image_size":"full","parallax":{"desktop":false,"tablet":false,"mobile":false},"045df0910cdc7f1ba258a9aacbb59d83":"","hero_height":"250px","pageTitleFont":{"family":"Default","variation":"Default","size":"30px","line-height":"CT_CSS_SKIP_RULE","letter-spacing":"CT_CSS_SKIP_RULE","text-transform":"CT_CSS_SKIP_RULE","text-decoration":"CT_CSS_SKIP_RULE"},"pageTitleFontColor":{"default":{"color":"CT_CSS_SKIP_RULEDEFAULT"}},"pageMetaFont":{"family":"Default","variation":"n6","size":"12px","line-height":"1.3","letter-spacing":"CT_CSS_SKIP_RULE","text-transform":"uppercase","text-decoration":"CT_CSS_SKIP_RULE"},"pageMetaFontColor":{"default":{"color":"CT_CSS_SKIP_RULEDEFAULT"},"hover":{"color":"CT_CSS_SKIP_RULEDEFAULT"}},"page_meta_button_type_font_colors":{"default":{"color":"CT_CSS_SKIP_RULEDEFAULT"},"hover":{"color":"CT_CSS_SKIP_RULEDEFAULT"}},"page_meta_button_type_background_colors":{"default":{"color":"CT_CSS_SKIP_RULEDEFAULT"},"hover":{"color":"CT_CSS_SKIP_RULEDEFAULT"}},"pageExcerptFont":{"family":"Default","variation":"Default","size":"CT_CSS_SKIP_RULE","line-height":"CT_CSS_SKIP_RULE","letter-spacing":"CT_CSS_SKIP_RULE","text-transform":"CT_CSS_SKIP_RULE","text-decoration":"CT_CSS_SKIP_RULE"},"pageExcerptColor":{"default":{"color":"CT_CSS_SKIP_RULEDEFAULT"}},"breadcrumbsFont":{"family":"Default","variation":"Default","size":"CT_CSS_SKIP_RULE","line-height":"CT_CSS_SKIP_RULE","letter-spacing":"CT_CSS_SKIP_RULE","text-transform":"CT_CSS_SKIP_RULE","text-decoration":"CT_CSS_SKIP_RULE"},"breadcrumbsFontColor":{"default":{"color":"CT_CSS_SKIP_RULEDEFAULT"},"initial":{"color":"CT_CSS_SKIP_RULEDEFAULT"},"hover":{"color":"CT_CSS_SKIP_RULEDEFAULT"}},"pageTitleOverlay":{"background_type":"color","background_pattern":"type-1","background_image":{"attachment_id":null,"x":0,"y":0},"gradient":"linear-gradient(135deg,rgba(6,147,227,1) 0%,rgb(155,81,224) 100%)","background_repeat":"repeat","background_size":"auto","background_attachment":"scroll","patternColor":{"default":{"color":"#e5e7ea"}},"overlayColor":{"default":{"color":"CT_CSS_SKIP_RULE"}},"backgroundColor":{"default":{"color":"CT_CSS_SKIP_RULE"}}},"pageTitleBackground":{"background_type":"color","background_pattern":"type-1","background_image":{"attachment_id":null,"x":0,"y":0},"gradient":"linear-gradient(135deg,rgba(6,147,227,1) 0%,rgb(155,81,224) 100%)","background_repeat":"repeat","background_size":"auto","background_attachment":"scroll","patternColor":{"default":{"color":"#e5e7ea"}},"overlayColor":{"default":{"color":"CT_CSS_SKIP_RULE"}},"backgroundColor":{"default":{"color":"var(--paletteColor6)"}}},"pageTitlePadding":{"top":"50px","bottom":"50px","left":"auto","right":"auto","linked":true},"9b4bf284ed0d5de153f8d7a82df632e2":"","page_structure_type":"type-3","52ecf494aa1d0af8650d847b4a4ee77e":"","content_style_source":"inherit","content_style":"wide","vertical_spacing_source":"custom","content_area_spacing":"bottom","background":{"background_type":"color","background_pattern":"type-1","background_image":{"attachment_id":null,"x":0,"y":0},"gradient":"linear-gradient(135deg,rgba(6,147,227,1) 0%,rgb(155,81,224) 100%)","background_repeat":"repeat","background_size":"auto","background_attachment":"scroll","patternColor":{"default":{"color":"#e5e7ea"}},"overlayColor":{"default":{"color":"CT_CSS_SKIP_RULE"}},"backgroundColor":{"default":{"color":"CT_CSS_SKIP_RULE"}}},"content_background":{"background_type":"color","background_pattern":"type-1","background_image":{"attachment_id":null,"x":0,"y":0},"gradient":"linear-gradient(135deg,rgba(6,147,227,1) 0%,rgb(155,81,224) 100%)","background_repeat":"repeat","background_size":"auto","background_attachment":"scroll","patternColor":{"default":{"color":"#e5e7ea"}},"overlayColor":{"default":{"color":"CT_CSS_SKIP_RULE"}},"backgroundColor":{"default":{"color":"var(--paletteColor8)"}}},"content_boxed_shadow":{"inherit":false,"blur":18,"spread":-6,"v_offset":12,"h_offset":0,"inset":false,"enable":true,"color":{"color":"rgba(34, 56, 101, 0.04)"}},"content_boxed_border":{"width":1,"style":"none","color":{"color":"rgba(44,62,80,0.2)"}},"content_boxed_radius":{"top":"3px","bottom":"3px","left":"3px","right":"3px","linked":true},"boxed_content_spacing":{"desktop":{"top":"40px","bottom":"40px","left":"40px","right":"40px","linked":true},"tablet":{"top":"35px","bottom":"35px","left":"35px","right":"35px","linked":true},"mobile":{"top":"20px","bottom":"20px","left":"20px","right":"20px","linked":true}},"e0cf0cca87a4eb8df9c5cb7c8f83cdd5":"","disable_featured_image":"no","disable_share_box":"no","disable_header":"no","disable_footer":"no","styles_descriptor":{"styles":{"desktop":"","tablet":"","mobile":""},"google_fonts":[],"version":6},"7d2fa15f9ad28950a807e242c97676ee":"","639144269014ec63cfc56929305f95c3":"","1b4e6ab51941fc54cfbbbb0ccb718342":"","0edbb5dc01ca6a6d9010cdd4a2ca7f31":"","9b7e6a28cd323db7335b1cd7f269f66e":"","cd63e419a988c68f8c43e9ed6df6ac58":"","405d4cc210335553c416d682a6476e2b":"","3765db0040a34b757ac0782619dbd885":""},"uagb_featured_image_src":{"full":false,"thumbnail":false,"medium":false,"medium_large":false,"large":false,"1536x1536":false,"2048x2048":false,"htmega_size_585x295":false,"htmega_size_1170x536":false,"htmega_size_396x360":false,"tainacan-small":false,"tainacan-medium":false,"tainacan-medium-full":false,"tainacan-large-full":false},"uagb_author_info":{"display_name":"ia.kokin.2019","author_link":"https:\/\/divulga.unila.edu.br\/uplay\/author\/iurii\/"},"uagb_comment_info":0,"uagb_excerpt":"Acervo Sobre projeto U-PLAY O U-Play, acervo audiovisual dos exerc\u00edcios do Curso de Cinema e Audiovisual da UNILA (2022), por meio dos princ\u00edpios da preserva\u00e7\u00e3o audiovisual, busca coletar, catalogar, monitorar e compartilhar as obras realizadas pelos estudantes durante o per\u00edodo de gradua\u00e7\u00e3o em Cinema. Originalmente o U-Play foi desenvolvido como um Trabalho de Conclus\u00e3o de&hellip;","_links":{"self":[{"href":"https:\/\/divulga.unila.edu.br\/uplay\/wp-json\/wp\/v2\/pages\/486","targetHints":{"allow":["GET"]}}],"collection":[{"href":"https:\/\/divulga.unila.edu.br\/uplay\/wp-json\/wp\/v2\/pages"}],"about":[{"href":"https:\/\/divulga.unila.edu.br\/uplay\/wp-json\/wp\/v2\/types\/page"}],"author":[{"embeddable":true,"href":"https:\/\/divulga.unila.edu.br\/uplay\/wp-json\/wp\/v2\/users\/11"}],"replies":[{"embeddable":true,"href":"https:\/\/divulga.unila.edu.br\/uplay\/wp-json\/wp\/v2\/comments?post=486"}],"version-history":[{"count":61,"href":"https:\/\/divulga.unila.edu.br\/uplay\/wp-json\/wp\/v2\/pages\/486\/revisions"}],"predecessor-version":[{"id":4418,"href":"https:\/\/divulga.unila.edu.br\/uplay\/wp-json\/wp\/v2\/pages\/486\/revisions\/4418"}],"wp:attachment":[{"href":"https:\/\/divulga.unila.edu.br\/uplay\/wp-json\/wp\/v2\/media?parent=486"}],"curies":[{"name":"wp","href":"https:\/\/api.w.org\/{rel}","templated":true}]}}