{"id":2,"date":"2016-03-29T14:16:15","date_gmt":"2016-03-29T14:16:15","guid":{"rendered":"http:\/\/10.80.6.168\/wordpress.mapeamento\/?page_id=2"},"modified":"2022-01-18T16:44:32","modified_gmt":"2022-01-18T19:44:32","slug":"mapeamento-social","status":"publish","type":"page","link":"https:\/\/divulga.unila.edu.br\/umapas\/","title":{"rendered":"Apresenta\u00e7\u00e3o"},"content":{"rendered":"<p style=\"text-align: justify;\">A Umapas \u00e9 uma plataforma criada com o objetivo principal de reunir em um \u00fanico dom\u00ednio os diferentes tipos de mapeamento realizados na Universidade Federal da Integra\u00e7\u00e3o Latino-Americana (UNILA). Trata-se de uma ferramenta com a qual pretende-se facilitar processos de trabalho, instrumentalizar futuras a\u00e7\u00f5es de mapeamento e visibilizar ainda mais as atividades desenvolvidas pela universidade, buscando uma maior articula\u00e7\u00e3o com a comunidade da regi\u00e3o.<\/p>\n<p style=\"text-align: justify;\">Ainda que, inicialmente, seja resultante de um projeto desenvolvido no seio da Pr\u00f3-Reitoria de Extens\u00e3o (PROEX) &#8211; denominado \u201c<a href=\".\/?page_id=104\" target=\"_blank\">Mapeamento Social da Regi\u00e3o de Fronteira Trinacional: Brasil, Argentina e Paraguai<\/a>\u201d &#8211; esta plataforma foi concebida como uma ferramenta estrat\u00e9gica para o cumprimento da miss\u00e3o e objetivos da UNILA. Suas diferentes possibilidades de uso nas \u00e1reas de ensino, pesquisa, extens\u00e3o e administrativa lhe conferem um car\u00e1ter amplo e institucional.<\/p>\n<p style=\"text-align: justify;\" align=\"justify\">Atualmente, a Umapas est\u00e1 dispon\u00edvel de forma experimental e abriga os resultados de diferentes tipos de mapeamento, todos usados como projetos-piloto para sua concep\u00e7\u00e3o. Para mais informa\u00e7\u00f5es, cr\u00edticas ou sugest\u00f5es, favor entrar em contato por meio dos canais disponibilizados no menu ao final desta p\u00e1gina.<\/p>\n","protected":false},"excerpt":{"rendered":"<p>A Umapas \u00e9 uma plataforma criada com o objetivo principal de reunir em um \u00fanico dom\u00ednio os diferentes tipos de mapeamento realizados na Universidade Federal da Integra\u00e7\u00e3o Latino-Americana (UNILA). Trata-se de uma ferramenta com a qual pretende-se facilitar processos de trabalho, instrumentalizar futuras a\u00e7\u00f5es de mapeamento e visibilizar ainda mais as atividades desenvolvidas pela universidade, [&hellip;]<\/p>\n","protected":false},"author":1,"featured_media":0,"parent":0,"menu_order":1,"comment_status":"closed","ping_status":"closed","template":"","meta":{"footnotes":""},"class_list":["post-2","page","type-page","status-publish","hentry"],"_links":{"self":[{"href":"https:\/\/divulga.unila.edu.br\/umapas\/index.php?rest_route=\/wp\/v2\/pages\/2","targetHints":{"allow":["GET"]}}],"collection":[{"href":"https:\/\/divulga.unila.edu.br\/umapas\/index.php?rest_route=\/wp\/v2\/pages"}],"about":[{"href":"https:\/\/divulga.unila.edu.br\/umapas\/index.php?rest_route=\/wp\/v2\/types\/page"}],"author":[{"embeddable":true,"href":"https:\/\/divulga.unila.edu.br\/umapas\/index.php?rest_route=\/wp\/v2\/users\/1"}],"replies":[{"embeddable":true,"href":"https:\/\/divulga.unila.edu.br\/umapas\/index.php?rest_route=%2Fwp%2Fv2%2Fcomments&post=2"}],"version-history":[{"count":21,"href":"https:\/\/divulga.unila.edu.br\/umapas\/index.php?rest_route=\/wp\/v2\/pages\/2\/revisions"}],"predecessor-version":[{"id":11422,"href":"https:\/\/divulga.unila.edu.br\/umapas\/index.php?rest_route=\/wp\/v2\/pages\/2\/revisions\/11422"}],"wp:attachment":[{"href":"https:\/\/divulga.unila.edu.br\/umapas\/index.php?rest_route=%2Fwp%2Fv2%2Fmedia&parent=2"}],"curies":[{"name":"wp","href":"https:\/\/api.w.org\/{rel}","templated":true}]}}