{"id":316,"date":"2023-04-02T16:00:14","date_gmt":"2023-04-02T19:00:14","guid":{"rendered":"https:\/\/divulga.unila.edu.br\/tempoevida\/?page_id=316"},"modified":"2023-04-03T06:50:10","modified_gmt":"2023-04-03T09:50:10","slug":"equipe","status":"publish","type":"page","link":"https:\/\/divulga.unila.edu.br\/tempoevida\/equipe\/","title":{"rendered":"Equipe"},"content":{"rendered":"\n<div class=\"wp-block-media-text is-stacked-on-mobile\" style=\"grid-template-columns:15% auto\"><figure class=\"wp-block-media-text__media\"><img fetchpriority=\"high\" decoding=\"async\" width=\"500\" height=\"625\" src=\"https:\/\/divulga.unila.edu.br\/tempoevida\/wp-content\/uploads\/sites\/17\/2023\/04\/Roberto_Almeida.png\" alt=\"\" class=\"wp-image-317 size-full\" srcset=\"https:\/\/divulga.unila.edu.br\/tempoevida\/wp-content\/uploads\/sites\/17\/2023\/04\/Roberto_Almeida.png 500w, https:\/\/divulga.unila.edu.br\/tempoevida\/wp-content\/uploads\/sites\/17\/2023\/04\/Roberto_Almeida-240x300.png 240w, https:\/\/divulga.unila.edu.br\/tempoevida\/wp-content\/uploads\/sites\/17\/2023\/04\/Roberto_Almeida-205x256.png 205w, https:\/\/divulga.unila.edu.br\/tempoevida\/wp-content\/uploads\/sites\/17\/2023\/04\/Roberto_Almeida-480x600.png 480w\" sizes=\"(max-width: 500px) 100vw, 500px\" \/><\/figure><div class=\"wp-block-media-text__content\">\n<p><strong>Prof. Roberto de Almeida<\/strong><\/p>\n\n\n\n<p><em>Coordenador<\/em><\/p>\n\n\n\n<p class=\"has-small-font-size\"><a href=\"http:\/\/lattes.cnpq.br\/5596726780175840\" target=\"_blank\" rel=\"noreferrer noopener\">http:\/\/lattes.cnpq.br\/5596726780175840<\/a><\/p>\n<\/div><\/div>\n\n\n\n<div class=\"wp-block-media-text is-stacked-on-mobile\" style=\"grid-template-columns:15% auto\"><figure class=\"wp-block-media-text__media\"><img decoding=\"async\" width=\"759\" height=\"1024\" src=\"https:\/\/divulga.unila.edu.br\/tempoevida\/wp-content\/uploads\/sites\/17\/2023\/04\/Alana_Pacovska-759x1024.jpg\" alt=\"\" class=\"wp-image-328 size-full\" srcset=\"https:\/\/divulga.unila.edu.br\/tempoevida\/wp-content\/uploads\/sites\/17\/2023\/04\/Alana_Pacovska-759x1024.jpg 759w, https:\/\/divulga.unila.edu.br\/tempoevida\/wp-content\/uploads\/sites\/17\/2023\/04\/Alana_Pacovska-222x300.jpg 222w, https:\/\/divulga.unila.edu.br\/tempoevida\/wp-content\/uploads\/sites\/17\/2023\/04\/Alana_Pacovska-768x1036.jpg 768w, https:\/\/divulga.unila.edu.br\/tempoevida\/wp-content\/uploads\/sites\/17\/2023\/04\/Alana_Pacovska-1139x1536.jpg 1139w, https:\/\/divulga.unila.edu.br\/tempoevida\/wp-content\/uploads\/sites\/17\/2023\/04\/Alana_Pacovska-1518x2048.jpg 1518w, https:\/\/divulga.unila.edu.br\/tempoevida\/wp-content\/uploads\/sites\/17\/2023\/04\/Alana_Pacovska-205x276.jpg 205w, https:\/\/divulga.unila.edu.br\/tempoevida\/wp-content\/uploads\/sites\/17\/2023\/04\/Alana_Pacovska-480x647.jpg 480w, https:\/\/divulga.unila.edu.br\/tempoevida\/wp-content\/uploads\/sites\/17\/2023\/04\/Alana_Pacovska-scaled.jpg 1898w\" sizes=\"(max-width: 759px) 100vw, 759px\" \/><\/figure><div class=\"wp-block-media-text__content\">\n<p><strong>Alana Andrade Pacovska<\/strong><\/p>\n\n\n\n<p><em>Aluna volunt\u00e1ria<\/em><\/p>\n\n\n\n<p class=\"has-small-font-size\"><a href=\"http:\/\/lattes.cnpq.br\/8936867671484162\" target=\"_blank\" rel=\"noreferrer noopener\">http:\/\/lattes.cnpq.br\/8936867671484162<\/a><\/p>\n<\/div><\/div>\n\n\n\n<div class=\"wp-block-media-text is-stacked-on-mobile\" style=\"grid-template-columns:15% auto\"><figure class=\"wp-block-media-text__media\"><img decoding=\"async\" width=\"769\" height=\"1024\" src=\"https:\/\/divulga.unila.edu.br\/tempoevida\/wp-content\/uploads\/sites\/17\/2023\/04\/Camila_ghellere.jpg\" alt=\"\" class=\"wp-image-330 size-full\" srcset=\"https:\/\/divulga.unila.edu.br\/tempoevida\/wp-content\/uploads\/sites\/17\/2023\/04\/Camila_ghellere.jpg 769w, https:\/\/divulga.unila.edu.br\/tempoevida\/wp-content\/uploads\/sites\/17\/2023\/04\/Camila_ghellere-225x300.jpg 225w, https:\/\/divulga.unila.edu.br\/tempoevida\/wp-content\/uploads\/sites\/17\/2023\/04\/Camila_ghellere-205x273.jpg 205w, https:\/\/divulga.unila.edu.br\/tempoevida\/wp-content\/uploads\/sites\/17\/2023\/04\/Camila_ghellere-480x639.jpg 480w\" sizes=\"(max-width: 769px) 100vw, 769px\" \/><\/figure><div class=\"wp-block-media-text__content\">\n<p><strong>Camila Ghellere Augusto da Silva<\/strong><\/p>\n\n\n\n<p><em>Aluna volunt\u00e1ria<\/em><\/p>\n\n\n\n<p class=\"has-small-font-size\"><a href=\"http:\/\/lattes.cnpq.br\/2024308207723888\" target=\"_blank\" rel=\"noreferrer noopener\">http:\/\/lattes.cnpq.br\/2024308207723888<\/a><\/p>\n<\/div><\/div>\n\n\n\n<div class=\"wp-block-media-text is-stacked-on-mobile\" style=\"grid-template-columns:15% auto\"><figure class=\"wp-block-media-text__media\"><img loading=\"lazy\" decoding=\"async\" width=\"500\" height=\"625\" src=\"https:\/\/divulga.unila.edu.br\/tempoevida\/wp-content\/uploads\/sites\/17\/2023\/04\/Gabriel.png\" alt=\"\" class=\"wp-image-320 size-full\" srcset=\"https:\/\/divulga.unila.edu.br\/tempoevida\/wp-content\/uploads\/sites\/17\/2023\/04\/Gabriel.png 500w, https:\/\/divulga.unila.edu.br\/tempoevida\/wp-content\/uploads\/sites\/17\/2023\/04\/Gabriel-240x300.png 240w, https:\/\/divulga.unila.edu.br\/tempoevida\/wp-content\/uploads\/sites\/17\/2023\/04\/Gabriel-205x256.png 205w, https:\/\/divulga.unila.edu.br\/tempoevida\/wp-content\/uploads\/sites\/17\/2023\/04\/Gabriel-480x600.png 480w\" sizes=\"(max-width: 500px) 100vw, 500px\" \/><\/figure><div class=\"wp-block-media-text__content\">\n<p><strong>Gabriel Curan Pontieri<\/strong><\/p>\n\n\n\n<p><em>Aluno volunt\u00e1rio<\/em><\/p>\n\n\n\n<p class=\"has-small-font-size\"><a href=\"http:\/\/lattes.cnpq.br\/2763262955228786\" target=\"_blank\" rel=\"noreferrer noopener\">http:\/\/lattes.cnpq.br\/2763262955228786<\/a><\/p>\n<\/div><\/div>\n\n\n\n<div class=\"wp-block-media-text is-stacked-on-mobile\" style=\"grid-template-columns:15% auto\"><figure class=\"wp-block-media-text__media\"><img loading=\"lazy\" decoding=\"async\" width=\"270\" height=\"270\" src=\"https:\/\/divulga.unila.edu.br\/tempoevida\/wp-content\/uploads\/sites\/17\/2023\/04\/Guilherme_Matos.jpg\" alt=\"\" class=\"wp-image-321 size-full\" srcset=\"https:\/\/divulga.unila.edu.br\/tempoevida\/wp-content\/uploads\/sites\/17\/2023\/04\/Guilherme_Matos.jpg 270w, https:\/\/divulga.unila.edu.br\/tempoevida\/wp-content\/uploads\/sites\/17\/2023\/04\/Guilherme_Matos-150x150.jpg 150w, https:\/\/divulga.unila.edu.br\/tempoevida\/wp-content\/uploads\/sites\/17\/2023\/04\/Guilherme_Matos-40x40.jpg 40w, https:\/\/divulga.unila.edu.br\/tempoevida\/wp-content\/uploads\/sites\/17\/2023\/04\/Guilherme_Matos-205x205.jpg 205w\" sizes=\"(max-width: 270px) 100vw, 270px\" \/><\/figure><div class=\"wp-block-media-text__content\">\n<p><strong>Guilherme Ribeiro Matos<\/strong><\/p>\n\n\n\n<p><em>Orientador<\/em><\/p>\n\n\n\n<p class=\"has-small-font-size\"><a href=\"http:\/\/lattes.cnpq.br\/3291528379931806\" target=\"_blank\" rel=\"noreferrer noopener\">http:\/\/lattes.cnpq.br\/3291528379931806<\/a><\/p>\n<\/div><\/div>\n\n\n\n<div class=\"wp-block-media-text is-stacked-on-mobile\" style=\"grid-template-columns:15% auto\"><figure class=\"wp-block-media-text__media\"><img loading=\"lazy\" decoding=\"async\" width=\"500\" height=\"625\" src=\"https:\/\/divulga.unila.edu.br\/tempoevida\/wp-content\/uploads\/sites\/17\/2023\/04\/Jhoan_Rojas.png\" alt=\"\" class=\"wp-image-326 size-full\" srcset=\"https:\/\/divulga.unila.edu.br\/tempoevida\/wp-content\/uploads\/sites\/17\/2023\/04\/Jhoan_Rojas.png 500w, https:\/\/divulga.unila.edu.br\/tempoevida\/wp-content\/uploads\/sites\/17\/2023\/04\/Jhoan_Rojas-240x300.png 240w, https:\/\/divulga.unila.edu.br\/tempoevida\/wp-content\/uploads\/sites\/17\/2023\/04\/Jhoan_Rojas-205x256.png 205w, https:\/\/divulga.unila.edu.br\/tempoevida\/wp-content\/uploads\/sites\/17\/2023\/04\/Jhoan_Rojas-480x600.png 480w\" sizes=\"(max-width: 500px) 100vw, 500px\" \/><\/figure><div class=\"wp-block-media-text__content\">\n<p><strong>Jhoan Stiven Rojas Peralta<\/strong><\/p>\n\n\n\n<p><em>Aluno volunt\u00e1rio<\/em><\/p>\n\n\n\n<p class=\"has-small-font-size\"><a href=\"http:\/\/lattes.cnpq.br\/6610577116436083\" target=\"_blank\" rel=\"noreferrer noopener\">http:\/\/lattes.cnpq.br\/6610577116436083<\/a><\/p>\n<\/div><\/div>\n\n\n\n<div class=\"wp-block-media-text is-stacked-on-mobile\" style=\"grid-template-columns:15% auto\"><figure class=\"wp-block-media-text__media\"><img loading=\"lazy\" decoding=\"async\" width=\"266\" height=\"364\" src=\"https:\/\/divulga.unila.edu.br\/tempoevida\/wp-content\/uploads\/sites\/17\/2023\/04\/3x4-fundo-blurred.jpeg\" alt=\"\" class=\"wp-image-406 size-full\" srcset=\"https:\/\/divulga.unila.edu.br\/tempoevida\/wp-content\/uploads\/sites\/17\/2023\/04\/3x4-fundo-blurred.jpeg 266w, https:\/\/divulga.unila.edu.br\/tempoevida\/wp-content\/uploads\/sites\/17\/2023\/04\/3x4-fundo-blurred-219x300.jpeg 219w, https:\/\/divulga.unila.edu.br\/tempoevida\/wp-content\/uploads\/sites\/17\/2023\/04\/3x4-fundo-blurred-205x281.jpeg 205w\" sizes=\"(max-width: 266px) 100vw, 266px\" \/><\/figure><div class=\"wp-block-media-text__content\">\n<p><strong>Weber Shoity Resende Takaki<\/strong><\/p>\n\n\n\n<p><em>Consultor\/Tutor<\/em><\/p>\n\n\n\n<p class=\"has-small-font-size\"><a href=\"http:\/\/lattes.cnpq.br\/3007666905986319\" target=\"_blank\" rel=\"noreferrer noopener\">http:\/\/lattes.cnpq.br\/3007666905986319<\/a><\/p>\n<\/div><\/div>\n","protected":false},"excerpt":{"rendered":"<p>Prof. Roberto de Almeida Coordenador http:\/\/lattes.cnpq.br\/5596726780175840 Alana Andrade Pacovska Aluna volunt\u00e1ria http:\/\/lattes.cnpq.br\/8936867671484162 Camila Ghellere Augusto da Silva Aluna volunt\u00e1ria http:\/\/lattes.cnpq.br\/2024308207723888 Gabriel Curan Pontieri Aluno volunt\u00e1rio http:\/\/lattes.cnpq.br\/2763262955228786 Guilherme Ribeiro Matos Orientador http:\/\/lattes.cnpq.br\/3291528379931806 Jhoan Stiven Rojas Peralta Aluno volunt\u00e1rio http:\/\/lattes.cnpq.br\/6610577116436083 Weber Shoity Resende Takaki Consultor\/Tutor http:\/\/lattes.cnpq.br\/3007666905986319<\/p>\n","protected":false},"author":46,"featured_media":0,"parent":0,"menu_order":0,"comment_status":"closed","ping_status":"closed","template":"","meta":{"_uag_custom_page_level_css":"","_EventAllDay":false,"_EventTimezone":"","_EventStartDate":"","_EventEndDate":"","_EventStartDateUTC":"","_EventEndDateUTC":"","_EventShowMap":false,"_EventShowMapLink":false,"_EventURL":"","_EventCost":"","_EventCostDescription":"","_EventCurrencySymbol":"","_EventCurrencyCode":"","_EventCurrencyPosition":"","_EventDateTimeSeparator":"","_EventTimeRangeSeparator":"","_EventOrganizerID":[],"_EventVenueID":[],"_OrganizerEmail":"","_OrganizerPhone":"","_OrganizerWebsite":"","_VenueAddress":"","_VenueCity":"","_VenueCountry":"","_VenueProvince":"","_VenueState":"","_VenueZip":"","_VenuePhone":"","_VenueURL":"","_VenueStateProvince":"","_VenueLat":"","_VenueLng":"","_VenueShowMap":false,"_VenueShowMapLink":false,"_themeisle_gutenberg_block_has_review":false,"footnotes":""},"class_list":["post-316","page","type-page","status-publish","hentry"],"yoast_head":"<!-- This site is optimized with the Yoast SEO plugin v27.6 - https:\/\/yoast.com\/product\/yoast-seo-wordpress\/ -->\n<title>Equipe - Tempo \u00e9 vida<\/title>\n<meta name=\"robots\" content=\"index, follow, max-snippet:-1, max-image-preview:large, max-video-preview:-1\" \/>\n<link rel=\"canonical\" href=\"https:\/\/divulga.unila.edu.br\/tempoevida\/equipe\/\" \/>\n<meta property=\"og:locale\" content=\"pt_BR\" \/>\n<meta property=\"og:type\" content=\"article\" \/>\n<meta property=\"og:title\" content=\"Equipe - Tempo \u00e9 vida\" \/>\n<meta property=\"og:description\" content=\"Prof. Roberto de Almeida Coordenador http:\/\/lattes.cnpq.br\/5596726780175840 Alana Andrade Pacovska Aluna volunt\u00e1ria http:\/\/lattes.cnpq.br\/8936867671484162 Camila Ghellere Augusto da Silva Aluna volunt\u00e1ria http:\/\/lattes.cnpq.br\/2024308207723888 Gabriel Curan Pontieri Aluno volunt\u00e1rio http:\/\/lattes.cnpq.br\/2763262955228786 Guilherme Ribeiro Matos Orientador http:\/\/lattes.cnpq.br\/3291528379931806 Jhoan Stiven Rojas Peralta Aluno volunt\u00e1rio http:\/\/lattes.cnpq.br\/6610577116436083 Weber Shoity Resende Takaki Consultor\/Tutor http:\/\/lattes.cnpq.br\/3007666905986319\" \/>\n<meta property=\"og:url\" content=\"https:\/\/divulga.unila.edu.br\/tempoevida\/equipe\/\" \/>\n<meta property=\"og:site_name\" content=\"Tempo \u00e9 vida\" \/>\n<meta property=\"article:modified_time\" content=\"2023-04-03T09:50:10+00:00\" \/>\n<meta property=\"og:image\" content=\"https:\/\/divulga.unila.edu.br\/tempoevida\/wp-content\/uploads\/sites\/17\/2023\/04\/Roberto_Almeida.png\" \/>\n<meta name=\"twitter:card\" content=\"summary_large_image\" \/>\n<script type=\"application\/ld+json\" class=\"yoast-schema-graph\">{\"@context\":\"https:\\\/\\\/schema.org\",\"@graph\":[{\"@type\":\"WebPage\",\"@id\":\"https:\\\/\\\/divulga.unila.edu.br\\\/tempoevida\\\/equipe\\\/\",\"url\":\"https:\\\/\\\/divulga.unila.edu.br\\\/tempoevida\\\/equipe\\\/\",\"name\":\"Equipe - Tempo \u00e9 vida\",\"isPartOf\":{\"@id\":\"https:\\\/\\\/divulga.unila.edu.br\\\/tempoevida\\\/#website\"},\"primaryImageOfPage\":{\"@id\":\"https:\\\/\\\/divulga.unila.edu.br\\\/tempoevida\\\/equipe\\\/#primaryimage\"},\"image\":{\"@id\":\"https:\\\/\\\/divulga.unila.edu.br\\\/tempoevida\\\/equipe\\\/#primaryimage\"},\"thumbnailUrl\":\"https:\\\/\\\/divulga.unila.edu.br\\\/tempoevida\\\/wp-content\\\/uploads\\\/sites\\\/17\\\/2023\\\/04\\\/Roberto_Almeida.png\",\"datePublished\":\"2023-04-02T19:00:14+00:00\",\"dateModified\":\"2023-04-03T09:50:10+00:00\",\"breadcrumb\":{\"@id\":\"https:\\\/\\\/divulga.unila.edu.br\\\/tempoevida\\\/equipe\\\/#breadcrumb\"},\"inLanguage\":\"pt-BR\",\"potentialAction\":[{\"@type\":\"ReadAction\",\"target\":[\"https:\\\/\\\/divulga.unila.edu.br\\\/tempoevida\\\/equipe\\\/\"]}]},{\"@type\":\"ImageObject\",\"inLanguage\":\"pt-BR\",\"@id\":\"https:\\\/\\\/divulga.unila.edu.br\\\/tempoevida\\\/equipe\\\/#primaryimage\",\"url\":\"https:\\\/\\\/divulga.unila.edu.br\\\/tempoevida\\\/wp-content\\\/uploads\\\/sites\\\/17\\\/2023\\\/04\\\/Roberto_Almeida.png\",\"contentUrl\":\"https:\\\/\\\/divulga.unila.edu.br\\\/tempoevida\\\/wp-content\\\/uploads\\\/sites\\\/17\\\/2023\\\/04\\\/Roberto_Almeida.png\",\"width\":500,\"height\":625},{\"@type\":\"BreadcrumbList\",\"@id\":\"https:\\\/\\\/divulga.unila.edu.br\\\/tempoevida\\\/equipe\\\/#breadcrumb\",\"itemListElement\":[{\"@type\":\"ListItem\",\"position\":1,\"name\":\"In\u00edcio\",\"item\":\"https:\\\/\\\/divulga.unila.edu.br\\\/tempoevida\\\/\"},{\"@type\":\"ListItem\",\"position\":2,\"name\":\"Equipe\"}]},{\"@type\":\"WebSite\",\"@id\":\"https:\\\/\\\/divulga.unila.edu.br\\\/tempoevida\\\/#website\",\"url\":\"https:\\\/\\\/divulga.unila.edu.br\\\/tempoevida\\\/\",\"name\":\"Tempo \u00e9 vida\",\"description\":\"Atualiza\u00e7\u00e3o de protocolos de atendimento em urg\u00eancia e emerg\u00eancia\",\"potentialAction\":[{\"@type\":\"SearchAction\",\"target\":{\"@type\":\"EntryPoint\",\"urlTemplate\":\"https:\\\/\\\/divulga.unila.edu.br\\\/tempoevida\\\/?s={search_term_string}\"},\"query-input\":{\"@type\":\"PropertyValueSpecification\",\"valueRequired\":true,\"valueName\":\"search_term_string\"}}],\"inLanguage\":\"pt-BR\"}]}<\/script>\n<!-- \/ Yoast SEO plugin. -->","yoast_head_json":{"title":"Equipe - Tempo \u00e9 vida","robots":{"index":"index","follow":"follow","max-snippet":"max-snippet:-1","max-image-preview":"max-image-preview:large","max-video-preview":"max-video-preview:-1"},"canonical":"https:\/\/divulga.unila.edu.br\/tempoevida\/equipe\/","og_locale":"pt_BR","og_type":"article","og_title":"Equipe - Tempo \u00e9 vida","og_description":"Prof. Roberto de Almeida Coordenador http:\/\/lattes.cnpq.br\/5596726780175840 Alana Andrade Pacovska Aluna volunt\u00e1ria http:\/\/lattes.cnpq.br\/8936867671484162 Camila Ghellere Augusto da Silva Aluna volunt\u00e1ria http:\/\/lattes.cnpq.br\/2024308207723888 Gabriel Curan Pontieri Aluno volunt\u00e1rio http:\/\/lattes.cnpq.br\/2763262955228786 Guilherme Ribeiro Matos Orientador http:\/\/lattes.cnpq.br\/3291528379931806 Jhoan Stiven Rojas Peralta Aluno volunt\u00e1rio http:\/\/lattes.cnpq.br\/6610577116436083 Weber Shoity Resende Takaki Consultor\/Tutor http:\/\/lattes.cnpq.br\/3007666905986319","og_url":"https:\/\/divulga.unila.edu.br\/tempoevida\/equipe\/","og_site_name":"Tempo \u00e9 vida","article_modified_time":"2023-04-03T09:50:10+00:00","og_image":[{"url":"https:\/\/divulga.unila.edu.br\/tempoevida\/wp-content\/uploads\/sites\/17\/2023\/04\/Roberto_Almeida.png","type":"","width":"","height":""}],"twitter_card":"summary_large_image","schema":{"@context":"https:\/\/schema.org","@graph":[{"@type":"WebPage","@id":"https:\/\/divulga.unila.edu.br\/tempoevida\/equipe\/","url":"https:\/\/divulga.unila.edu.br\/tempoevida\/equipe\/","name":"Equipe - Tempo \u00e9 vida","isPartOf":{"@id":"https:\/\/divulga.unila.edu.br\/tempoevida\/#website"},"primaryImageOfPage":{"@id":"https:\/\/divulga.unila.edu.br\/tempoevida\/equipe\/#primaryimage"},"image":{"@id":"https:\/\/divulga.unila.edu.br\/tempoevida\/equipe\/#primaryimage"},"thumbnailUrl":"https:\/\/divulga.unila.edu.br\/tempoevida\/wp-content\/uploads\/sites\/17\/2023\/04\/Roberto_Almeida.png","datePublished":"2023-04-02T19:00:14+00:00","dateModified":"2023-04-03T09:50:10+00:00","breadcrumb":{"@id":"https:\/\/divulga.unila.edu.br\/tempoevida\/equipe\/#breadcrumb"},"inLanguage":"pt-BR","potentialAction":[{"@type":"ReadAction","target":["https:\/\/divulga.unila.edu.br\/tempoevida\/equipe\/"]}]},{"@type":"ImageObject","inLanguage":"pt-BR","@id":"https:\/\/divulga.unila.edu.br\/tempoevida\/equipe\/#primaryimage","url":"https:\/\/divulga.unila.edu.br\/tempoevida\/wp-content\/uploads\/sites\/17\/2023\/04\/Roberto_Almeida.png","contentUrl":"https:\/\/divulga.unila.edu.br\/tempoevida\/wp-content\/uploads\/sites\/17\/2023\/04\/Roberto_Almeida.png","width":500,"height":625},{"@type":"BreadcrumbList","@id":"https:\/\/divulga.unila.edu.br\/tempoevida\/equipe\/#breadcrumb","itemListElement":[{"@type":"ListItem","position":1,"name":"In\u00edcio","item":"https:\/\/divulga.unila.edu.br\/tempoevida\/"},{"@type":"ListItem","position":2,"name":"Equipe"}]},{"@type":"WebSite","@id":"https:\/\/divulga.unila.edu.br\/tempoevida\/#website","url":"https:\/\/divulga.unila.edu.br\/tempoevida\/","name":"Tempo \u00e9 vida","description":"Atualiza\u00e7\u00e3o de protocolos de atendimento em urg\u00eancia e emerg\u00eancia","potentialAction":[{"@type":"SearchAction","target":{"@type":"EntryPoint","urlTemplate":"https:\/\/divulga.unila.edu.br\/tempoevida\/?s={search_term_string}"},"query-input":{"@type":"PropertyValueSpecification","valueRequired":true,"valueName":"search_term_string"}}],"inLanguage":"pt-BR"}]}},"uagb_featured_image_src":{"full":false,"thumbnail":false,"medium":false,"medium_large":false,"large":false,"1536x1536":false,"2048x2048":false,"htmega_size_585x295":false,"htmega_size_1170x536":false,"htmega_size_396x360":false,"tainacan-small":false,"tainacan-medium":false,"tainacan-medium-full":false,"tainacan-large-full":false},"uagb_author_info":{"display_name":"weber.takaki","author_link":"https:\/\/divulga.unila.edu.br\/tempoevida\/author\/weber\/"},"uagb_comment_info":0,"uagb_excerpt":"Prof. Roberto de Almeida Coordenador http:\/\/lattes.cnpq.br\/5596726780175840 Alana Andrade Pacovska Aluna volunt\u00e1ria http:\/\/lattes.cnpq.br\/8936867671484162 Camila Ghellere Augusto da Silva Aluna volunt\u00e1ria http:\/\/lattes.cnpq.br\/2024308207723888 Gabriel Curan Pontieri Aluno volunt\u00e1rio http:\/\/lattes.cnpq.br\/2763262955228786 Guilherme Ribeiro Matos Orientador http:\/\/lattes.cnpq.br\/3291528379931806 Jhoan Stiven Rojas Peralta Aluno volunt\u00e1rio http:\/\/lattes.cnpq.br\/6610577116436083 Weber Shoity Resende Takaki Consultor\/Tutor http:\/\/lattes.cnpq.br\/3007666905986319","_links":{"self":[{"href":"https:\/\/divulga.unila.edu.br\/tempoevida\/wp-json\/wp\/v2\/pages\/316","targetHints":{"allow":["GET"]}}],"collection":[{"href":"https:\/\/divulga.unila.edu.br\/tempoevida\/wp-json\/wp\/v2\/pages"}],"about":[{"href":"https:\/\/divulga.unila.edu.br\/tempoevida\/wp-json\/wp\/v2\/types\/page"}],"author":[{"embeddable":true,"href":"https:\/\/divulga.unila.edu.br\/tempoevida\/wp-json\/wp\/v2\/users\/46"}],"replies":[{"embeddable":true,"href":"https:\/\/divulga.unila.edu.br\/tempoevida\/wp-json\/wp\/v2\/comments?post=316"}],"version-history":[{"count":2,"href":"https:\/\/divulga.unila.edu.br\/tempoevida\/wp-json\/wp\/v2\/pages\/316\/revisions"}],"predecessor-version":[{"id":408,"href":"https:\/\/divulga.unila.edu.br\/tempoevida\/wp-json\/wp\/v2\/pages\/316\/revisions\/408"}],"wp:attachment":[{"href":"https:\/\/divulga.unila.edu.br\/tempoevida\/wp-json\/wp\/v2\/media?parent=316"}],"curies":[{"name":"wp","href":"https:\/\/api.w.org\/{rel}","templated":true}]}}