{"id":311,"date":"2023-04-02T15:12:29","date_gmt":"2023-04-02T18:12:29","guid":{"rendered":"https:\/\/divulga.unila.edu.br\/tempoevida\/?page_id=311"},"modified":"2023-04-02T15:12:31","modified_gmt":"2023-04-02T18:12:31","slug":"sobre-o-projeto","status":"publish","type":"page","link":"https:\/\/divulga.unila.edu.br\/tempoevida\/sobre-o-projeto\/","title":{"rendered":"Sobre o projeto"},"content":{"rendered":"\n<p>O projeto TEMPO \u00c9 VIDA \u00e9 uma iniciativa do Curso de Medicina da Universidade da Integra\u00e7\u00e3o Latino Americana, a fim de aprimorar o atendimento da Rede de Aten\u00e7\u00e3o \u00e0s Urg\u00eancias e Emerg\u00eancias e, por consequ\u00eancia, melhorar a qualidade na assist\u00eancia prestada \u00e0 popula\u00e7\u00e3o da cidade de Foz do Igua\u00e7u<strong>. <\/strong><\/p>\n\n\n\n<p>Segundo o Manual instrutivo da Rede de Aten\u00e7\u00e3o \u00e0s Urg\u00eancias e Emerg\u00eancias no SUS, a qualifica\u00e7\u00e3o das portas de entrada de urg\u00eancia e emerg\u00eancia \u00e9 uma das estrat\u00e9gias destacadas como priorit\u00e1rias nesta rede de aten\u00e7\u00e3o. <\/p>\n\n\n\n<p>Com o prop\u00f3sito de capacitar os profissionais desta \u00e1rea de atua\u00e7\u00e3o, o projeto ir\u00e1 disponibilizar um material de suporte para as unidades que comp\u00f5e a Rede de Aten\u00e7\u00e3o \u00e0s Urg\u00eancias e Emerg\u00eancias de Foz do Igua\u00e7u, como Unidades de Pronto Atendimento (UPA 24h), Portas Hospitalares de Urg\u00eancia e Emerg\u00eancia e Servi\u00e7os de Atendimento M\u00f3vel \u00e0s Urg\u00eancias (SAMU). <\/p>\n\n\n\n<p><strong>Objetivo.<\/strong> Atualizar os profissionais de sa\u00fade acerca dos novos protocolos de atendimento \u00e0s urg\u00eancias e emerg\u00eancias, a fim de aumentar a capacidade resolutiva desses profissionais, diminuir o tempo desde a identifica\u00e7\u00e3o da situa\u00e7\u00e3o emergencial at\u00e9 a tomada de decis\u00f5es e reduzir o n\u00famero de casos de erros de conduta na regi\u00e3o. <\/p>\n\n\n\n<p><strong>Justificativa.<\/strong> A necessidade de atualiza\u00e7\u00e3o dos profissionais em rela\u00e7\u00e3o aos novos protocolos de atendimento a situa\u00e7\u00f5es de urg\u00eancia e emerg\u00eancia, que se alteram com frequ\u00eancia \u00e0 medida que novas evid\u00eancias demandam novas condutas. <\/p>\n\n\n\n<p><strong>Metodologia.<\/strong> A pesquisa e tradu\u00e7\u00e3o de protocolos emergenciais encontrados em bancos de dados atualizados, a elabora\u00e7\u00e3o de um Manual de Protocolos para Situa\u00e7\u00f5es de Urg\u00eancia e Emerg\u00eancia e a distribui\u00e7\u00e3o deste para as\u00a0unidades da rede de aten\u00e7\u00e3o na cidade.<\/p>\n\n\n\n<p class=\"has-text-align-left\"><\/p>\n","protected":false},"excerpt":{"rendered":"<p>O projeto TEMPO \u00c9 VIDA \u00e9 uma iniciativa do Curso de Medicina da Universidade da Integra\u00e7\u00e3o Latino Americana, a fim de aprimorar o atendimento da Rede de Aten\u00e7\u00e3o \u00e0s Urg\u00eancias e Emerg\u00eancias e, por consequ\u00eancia, melhorar a qualidade na assist\u00eancia prestada \u00e0 popula\u00e7\u00e3o da cidade de Foz do Igua\u00e7u. Segundo o Manual instrutivo da Rede de Aten\u00e7\u00e3o \u00e0s Urg\u00eancias e Emerg\u00eancias no SUS, a qualifica\u00e7\u00e3o das portas de entrada de urg\u00eancia e emerg\u00eancia \u00e9 uma das estrat\u00e9gias destacadas como priorit\u00e1rias nesta rede de aten\u00e7\u00e3o. Com o prop\u00f3sito de capacitar os profissionais desta \u00e1rea de atua\u00e7\u00e3o, o projeto ir\u00e1 disponibilizar um material de suporte para as unidades que comp\u00f5e a Rede de Aten\u00e7\u00e3o \u00e0s Urg\u00eancias e Emerg\u00eancias de Foz do Igua\u00e7u, como Unidades de Pronto Atendimento (UPA 24h), Portas Hospitalares de Urg\u00eancia e Emerg\u00eancia e Servi\u00e7os de Atendimento M\u00f3vel \u00e0s Urg\u00eancias (SAMU). Objetivo. Atualizar os profissionais de sa\u00fade acerca dos novos protocolos de atendimento \u00e0s urg\u00eancias e emerg\u00eancias, a fim de aumentar a capacidade resolutiva desses profissionais, diminuir o tempo desde a identifica\u00e7\u00e3o da situa\u00e7\u00e3o emergencial at\u00e9 a tomada de decis\u00f5es e reduzir o n\u00famero de casos de erros de conduta na regi\u00e3o. Justificativa. A necessidade de atualiza\u00e7\u00e3o dos profissionais em rela\u00e7\u00e3o aos novos protocolos de atendimento a situa\u00e7\u00f5es de urg\u00eancia e emerg\u00eancia, que se alteram com frequ\u00eancia \u00e0 medida que novas evid\u00eancias demandam novas condutas. Metodologia. A pesquisa e tradu\u00e7\u00e3o de protocolos emergenciais encontrados em bancos de dados atualizados, a elabora\u00e7\u00e3o de um Manual de Protocolos para Situa\u00e7\u00f5es de Urg\u00eancia e Emerg\u00eancia e a distribui\u00e7\u00e3o deste para as\u00a0unidades da rede de aten\u00e7\u00e3o na cidade.<\/p>\n","protected":false},"author":46,"featured_media":0,"parent":0,"menu_order":0,"comment_status":"closed","ping_status":"closed","template":"","meta":{"_uag_custom_page_level_css":"","_EventAllDay":false,"_EventTimezone":"","_EventStartDate":"","_EventEndDate":"","_EventStartDateUTC":"","_EventEndDateUTC":"","_EventShowMap":false,"_EventShowMapLink":false,"_EventURL":"","_EventCost":"","_EventCostDescription":"","_EventCurrencySymbol":"","_EventCurrencyCode":"","_EventCurrencyPosition":"","_EventDateTimeSeparator":"","_EventTimeRangeSeparator":"","_EventOrganizerID":[],"_EventVenueID":[],"_OrganizerEmail":"","_OrganizerPhone":"","_OrganizerWebsite":"","_VenueAddress":"","_VenueCity":"","_VenueCountry":"","_VenueProvince":"","_VenueState":"","_VenueZip":"","_VenuePhone":"","_VenueURL":"","_VenueStateProvince":"","_VenueLat":"","_VenueLng":"","_VenueShowMap":false,"_VenueShowMapLink":false,"_themeisle_gutenberg_block_has_review":false,"footnotes":""},"class_list":["post-311","page","type-page","status-publish","hentry"],"yoast_head":"<!-- This site is optimized with the Yoast SEO plugin v27.6 - https:\/\/yoast.com\/product\/yoast-seo-wordpress\/ -->\n<title>Sobre o projeto - Tempo \u00e9 vida<\/title>\n<meta name=\"robots\" content=\"index, follow, max-snippet:-1, max-image-preview:large, max-video-preview:-1\" \/>\n<link rel=\"canonical\" href=\"https:\/\/divulga.unila.edu.br\/tempoevida\/sobre-o-projeto\/\" \/>\n<meta property=\"og:locale\" content=\"pt_BR\" \/>\n<meta property=\"og:type\" content=\"article\" \/>\n<meta property=\"og:title\" content=\"Sobre o projeto - Tempo \u00e9 vida\" \/>\n<meta property=\"og:description\" content=\"O projeto TEMPO \u00c9 VIDA \u00e9 uma iniciativa do Curso de Medicina da Universidade da Integra\u00e7\u00e3o Latino Americana, a fim de aprimorar o atendimento da Rede de Aten\u00e7\u00e3o \u00e0s Urg\u00eancias e Emerg\u00eancias e, por consequ\u00eancia, melhorar a qualidade na assist\u00eancia prestada \u00e0 popula\u00e7\u00e3o da cidade de Foz do Igua\u00e7u. Segundo o Manual instrutivo da Rede de Aten\u00e7\u00e3o \u00e0s Urg\u00eancias e Emerg\u00eancias no SUS, a qualifica\u00e7\u00e3o das portas de entrada de urg\u00eancia e emerg\u00eancia \u00e9 uma das estrat\u00e9gias destacadas como priorit\u00e1rias nesta rede de aten\u00e7\u00e3o. Com o prop\u00f3sito de capacitar os profissionais desta \u00e1rea de atua\u00e7\u00e3o, o projeto ir\u00e1 disponibilizar um material de suporte para as unidades que comp\u00f5e a Rede de Aten\u00e7\u00e3o \u00e0s Urg\u00eancias e Emerg\u00eancias de Foz do Igua\u00e7u, como Unidades de Pronto Atendimento (UPA 24h), Portas Hospitalares de Urg\u00eancia e Emerg\u00eancia e Servi\u00e7os de Atendimento M\u00f3vel \u00e0s Urg\u00eancias (SAMU). Objetivo. Atualizar os profissionais de sa\u00fade acerca dos novos protocolos de atendimento \u00e0s urg\u00eancias e emerg\u00eancias, a fim de aumentar a capacidade resolutiva desses profissionais, diminuir o tempo desde a identifica\u00e7\u00e3o da situa\u00e7\u00e3o emergencial at\u00e9 a tomada de decis\u00f5es e reduzir o n\u00famero de casos de erros de conduta na regi\u00e3o. Justificativa. A necessidade de atualiza\u00e7\u00e3o dos profissionais em rela\u00e7\u00e3o aos novos protocolos de atendimento a situa\u00e7\u00f5es de urg\u00eancia e emerg\u00eancia, que se alteram com frequ\u00eancia \u00e0 medida que novas evid\u00eancias demandam novas condutas. Metodologia. A pesquisa e tradu\u00e7\u00e3o de protocolos emergenciais encontrados em bancos de dados atualizados, a elabora\u00e7\u00e3o de um Manual de Protocolos para Situa\u00e7\u00f5es de Urg\u00eancia e Emerg\u00eancia e a distribui\u00e7\u00e3o deste para as\u00a0unidades da rede de aten\u00e7\u00e3o na cidade.\" \/>\n<meta property=\"og:url\" content=\"https:\/\/divulga.unila.edu.br\/tempoevida\/sobre-o-projeto\/\" \/>\n<meta property=\"og:site_name\" content=\"Tempo \u00e9 vida\" \/>\n<meta property=\"article:modified_time\" content=\"2023-04-02T18:12:31+00:00\" \/>\n<meta name=\"twitter:card\" content=\"summary_large_image\" \/>\n<meta name=\"twitter:label1\" content=\"Est. tempo de leitura\" \/>\n\t<meta name=\"twitter:data1\" content=\"2 minutos\" \/>\n<script type=\"application\/ld+json\" class=\"yoast-schema-graph\">{\"@context\":\"https:\\\/\\\/schema.org\",\"@graph\":[{\"@type\":\"WebPage\",\"@id\":\"https:\\\/\\\/divulga.unila.edu.br\\\/tempoevida\\\/sobre-o-projeto\\\/\",\"url\":\"https:\\\/\\\/divulga.unila.edu.br\\\/tempoevida\\\/sobre-o-projeto\\\/\",\"name\":\"Sobre o projeto - Tempo \u00e9 vida\",\"isPartOf\":{\"@id\":\"https:\\\/\\\/divulga.unila.edu.br\\\/tempoevida\\\/#website\"},\"datePublished\":\"2023-04-02T18:12:29+00:00\",\"dateModified\":\"2023-04-02T18:12:31+00:00\",\"breadcrumb\":{\"@id\":\"https:\\\/\\\/divulga.unila.edu.br\\\/tempoevida\\\/sobre-o-projeto\\\/#breadcrumb\"},\"inLanguage\":\"pt-BR\",\"potentialAction\":[{\"@type\":\"ReadAction\",\"target\":[\"https:\\\/\\\/divulga.unila.edu.br\\\/tempoevida\\\/sobre-o-projeto\\\/\"]}]},{\"@type\":\"BreadcrumbList\",\"@id\":\"https:\\\/\\\/divulga.unila.edu.br\\\/tempoevida\\\/sobre-o-projeto\\\/#breadcrumb\",\"itemListElement\":[{\"@type\":\"ListItem\",\"position\":1,\"name\":\"In\u00edcio\",\"item\":\"https:\\\/\\\/divulga.unila.edu.br\\\/tempoevida\\\/\"},{\"@type\":\"ListItem\",\"position\":2,\"name\":\"Sobre o projeto\"}]},{\"@type\":\"WebSite\",\"@id\":\"https:\\\/\\\/divulga.unila.edu.br\\\/tempoevida\\\/#website\",\"url\":\"https:\\\/\\\/divulga.unila.edu.br\\\/tempoevida\\\/\",\"name\":\"Tempo \u00e9 vida\",\"description\":\"Atualiza\u00e7\u00e3o de protocolos de atendimento em urg\u00eancia e emerg\u00eancia\",\"potentialAction\":[{\"@type\":\"SearchAction\",\"target\":{\"@type\":\"EntryPoint\",\"urlTemplate\":\"https:\\\/\\\/divulga.unila.edu.br\\\/tempoevida\\\/?s={search_term_string}\"},\"query-input\":{\"@type\":\"PropertyValueSpecification\",\"valueRequired\":true,\"valueName\":\"search_term_string\"}}],\"inLanguage\":\"pt-BR\"}]}<\/script>\n<!-- \/ Yoast SEO plugin. -->","yoast_head_json":{"title":"Sobre o projeto - Tempo \u00e9 vida","robots":{"index":"index","follow":"follow","max-snippet":"max-snippet:-1","max-image-preview":"max-image-preview:large","max-video-preview":"max-video-preview:-1"},"canonical":"https:\/\/divulga.unila.edu.br\/tempoevida\/sobre-o-projeto\/","og_locale":"pt_BR","og_type":"article","og_title":"Sobre o projeto - Tempo \u00e9 vida","og_description":"O projeto TEMPO \u00c9 VIDA \u00e9 uma iniciativa do Curso de Medicina da Universidade da Integra\u00e7\u00e3o Latino Americana, a fim de aprimorar o atendimento da Rede de Aten\u00e7\u00e3o \u00e0s Urg\u00eancias e Emerg\u00eancias e, por consequ\u00eancia, melhorar a qualidade na assist\u00eancia prestada \u00e0 popula\u00e7\u00e3o da cidade de Foz do Igua\u00e7u. Segundo o Manual instrutivo da Rede de Aten\u00e7\u00e3o \u00e0s Urg\u00eancias e Emerg\u00eancias no SUS, a qualifica\u00e7\u00e3o das portas de entrada de urg\u00eancia e emerg\u00eancia \u00e9 uma das estrat\u00e9gias destacadas como priorit\u00e1rias nesta rede de aten\u00e7\u00e3o. Com o prop\u00f3sito de capacitar os profissionais desta \u00e1rea de atua\u00e7\u00e3o, o projeto ir\u00e1 disponibilizar um material de suporte para as unidades que comp\u00f5e a Rede de Aten\u00e7\u00e3o \u00e0s Urg\u00eancias e Emerg\u00eancias de Foz do Igua\u00e7u, como Unidades de Pronto Atendimento (UPA 24h), Portas Hospitalares de Urg\u00eancia e Emerg\u00eancia e Servi\u00e7os de Atendimento M\u00f3vel \u00e0s Urg\u00eancias (SAMU). Objetivo. Atualizar os profissionais de sa\u00fade acerca dos novos protocolos de atendimento \u00e0s urg\u00eancias e emerg\u00eancias, a fim de aumentar a capacidade resolutiva desses profissionais, diminuir o tempo desde a identifica\u00e7\u00e3o da situa\u00e7\u00e3o emergencial at\u00e9 a tomada de decis\u00f5es e reduzir o n\u00famero de casos de erros de conduta na regi\u00e3o. Justificativa. A necessidade de atualiza\u00e7\u00e3o dos profissionais em rela\u00e7\u00e3o aos novos protocolos de atendimento a situa\u00e7\u00f5es de urg\u00eancia e emerg\u00eancia, que se alteram com frequ\u00eancia \u00e0 medida que novas evid\u00eancias demandam novas condutas. Metodologia. A pesquisa e tradu\u00e7\u00e3o de protocolos emergenciais encontrados em bancos de dados atualizados, a elabora\u00e7\u00e3o de um Manual de Protocolos para Situa\u00e7\u00f5es de Urg\u00eancia e Emerg\u00eancia e a distribui\u00e7\u00e3o deste para as\u00a0unidades da rede de aten\u00e7\u00e3o na cidade.","og_url":"https:\/\/divulga.unila.edu.br\/tempoevida\/sobre-o-projeto\/","og_site_name":"Tempo \u00e9 vida","article_modified_time":"2023-04-02T18:12:31+00:00","twitter_card":"summary_large_image","twitter_misc":{"Est. tempo de leitura":"2 minutos"},"schema":{"@context":"https:\/\/schema.org","@graph":[{"@type":"WebPage","@id":"https:\/\/divulga.unila.edu.br\/tempoevida\/sobre-o-projeto\/","url":"https:\/\/divulga.unila.edu.br\/tempoevida\/sobre-o-projeto\/","name":"Sobre o projeto - Tempo \u00e9 vida","isPartOf":{"@id":"https:\/\/divulga.unila.edu.br\/tempoevida\/#website"},"datePublished":"2023-04-02T18:12:29+00:00","dateModified":"2023-04-02T18:12:31+00:00","breadcrumb":{"@id":"https:\/\/divulga.unila.edu.br\/tempoevida\/sobre-o-projeto\/#breadcrumb"},"inLanguage":"pt-BR","potentialAction":[{"@type":"ReadAction","target":["https:\/\/divulga.unila.edu.br\/tempoevida\/sobre-o-projeto\/"]}]},{"@type":"BreadcrumbList","@id":"https:\/\/divulga.unila.edu.br\/tempoevida\/sobre-o-projeto\/#breadcrumb","itemListElement":[{"@type":"ListItem","position":1,"name":"In\u00edcio","item":"https:\/\/divulga.unila.edu.br\/tempoevida\/"},{"@type":"ListItem","position":2,"name":"Sobre o projeto"}]},{"@type":"WebSite","@id":"https:\/\/divulga.unila.edu.br\/tempoevida\/#website","url":"https:\/\/divulga.unila.edu.br\/tempoevida\/","name":"Tempo \u00e9 vida","description":"Atualiza\u00e7\u00e3o de protocolos de atendimento em urg\u00eancia e emerg\u00eancia","potentialAction":[{"@type":"SearchAction","target":{"@type":"EntryPoint","urlTemplate":"https:\/\/divulga.unila.edu.br\/tempoevida\/?s={search_term_string}"},"query-input":{"@type":"PropertyValueSpecification","valueRequired":true,"valueName":"search_term_string"}}],"inLanguage":"pt-BR"}]}},"uagb_featured_image_src":{"full":false,"thumbnail":false,"medium":false,"medium_large":false,"large":false,"1536x1536":false,"2048x2048":false,"htmega_size_585x295":false,"htmega_size_1170x536":false,"htmega_size_396x360":false,"tainacan-small":false,"tainacan-medium":false,"tainacan-medium-full":false,"tainacan-large-full":false},"uagb_author_info":{"display_name":"weber.takaki","author_link":"https:\/\/divulga.unila.edu.br\/tempoevida\/author\/weber\/"},"uagb_comment_info":0,"uagb_excerpt":"O projeto TEMPO \u00c9 VIDA \u00e9 uma iniciativa do Curso de Medicina da Universidade da Integra\u00e7\u00e3o Latino Americana, a fim de aprimorar o atendimento da Rede de Aten\u00e7\u00e3o \u00e0s Urg\u00eancias e Emerg\u00eancias e, por consequ\u00eancia, melhorar a qualidade na assist\u00eancia prestada \u00e0 popula\u00e7\u00e3o da cidade de Foz do Igua\u00e7u. Segundo o Manual instrutivo da Rede&hellip;","_links":{"self":[{"href":"https:\/\/divulga.unila.edu.br\/tempoevida\/wp-json\/wp\/v2\/pages\/311","targetHints":{"allow":["GET"]}}],"collection":[{"href":"https:\/\/divulga.unila.edu.br\/tempoevida\/wp-json\/wp\/v2\/pages"}],"about":[{"href":"https:\/\/divulga.unila.edu.br\/tempoevida\/wp-json\/wp\/v2\/types\/page"}],"author":[{"embeddable":true,"href":"https:\/\/divulga.unila.edu.br\/tempoevida\/wp-json\/wp\/v2\/users\/46"}],"replies":[{"embeddable":true,"href":"https:\/\/divulga.unila.edu.br\/tempoevida\/wp-json\/wp\/v2\/comments?post=311"}],"version-history":[{"count":2,"href":"https:\/\/divulga.unila.edu.br\/tempoevida\/wp-json\/wp\/v2\/pages\/311\/revisions"}],"predecessor-version":[{"id":393,"href":"https:\/\/divulga.unila.edu.br\/tempoevida\/wp-json\/wp\/v2\/pages\/311\/revisions\/393"}],"wp:attachment":[{"href":"https:\/\/divulga.unila.edu.br\/tempoevida\/wp-json\/wp\/v2\/media?parent=311"}],"curies":[{"name":"wp","href":"https:\/\/api.w.org\/{rel}","templated":true}]}}