{"id":299,"date":"2023-04-02T12:14:39","date_gmt":"2023-04-02T15:14:39","guid":{"rendered":"https:\/\/divulga.unila.edu.br\/tempoevida\/?page_id=299"},"modified":"2023-04-02T20:00:04","modified_gmt":"2023-04-02T23:00:04","slug":"categorias","status":"publish","type":"page","link":"https:\/\/divulga.unila.edu.br\/tempoevida\/categorias\/","title":{"rendered":"Especialidades"},"content":{"rendered":"<ul class=\"wp-block-categories-list wp-block-categories\">\t<li class=\"cat-item cat-item-68\"><a href=\"https:\/\/divulga.unila.edu.br\/tempoevida\/category\/c\/\">C<\/a>\n<ul class='children'>\n\t<li class=\"cat-item cat-item-29\"><a href=\"https:\/\/divulga.unila.edu.br\/tempoevida\/category\/c\/cardiologia\/\">Cardiologia<\/a>\n<\/li>\n\t<li class=\"cat-item cat-item-40\"><a href=\"https:\/\/divulga.unila.edu.br\/tempoevida\/category\/c\/clinica-medica\/\">Cl\u00ednica M\u00e9dica<\/a>\n<\/li>\n<\/ul>\n<\/li>\n\t<li class=\"cat-item cat-item-71\"><a href=\"https:\/\/divulga.unila.edu.br\/tempoevida\/category\/d\/\">D<\/a>\n<ul class='children'>\n\t<li class=\"cat-item cat-item-44\"><a href=\"https:\/\/divulga.unila.edu.br\/tempoevida\/category\/d\/dermatologia\/\">Dermatologia<\/a>\n<\/li>\n<\/ul>\n<\/li>\n\t<li class=\"cat-item cat-item-96\"><a href=\"https:\/\/divulga.unila.edu.br\/tempoevida\/category\/e\/\">E<\/a>\n<ul class='children'>\n\t<li class=\"cat-item cat-item-109\"><a href=\"https:\/\/divulga.unila.edu.br\/tempoevida\/category\/e\/emergencias-abdominais\/\">Emerg\u00eancias Abdominais<\/a>\n<\/li>\n\t<li class=\"cat-item cat-item-99\"><a href=\"https:\/\/divulga.unila.edu.br\/tempoevida\/category\/e\/emergencias-ambientais\/\">Emerg\u00eancias Ambientais<\/a>\n<\/li>\n<\/ul>\n<\/li>\n\t<li class=\"cat-item cat-item-72\"><a href=\"https:\/\/divulga.unila.edu.br\/tempoevida\/category\/g\/\">G<\/a>\n<ul class='children'>\n\t<li class=\"cat-item cat-item-35\"><a href=\"https:\/\/divulga.unila.edu.br\/tempoevida\/category\/g\/gastroenterologia\/\">Gastroenterologia<\/a>\n<\/li>\n<\/ul>\n<\/li>\n\t<li class=\"cat-item cat-item-74\"><a href=\"https:\/\/divulga.unila.edu.br\/tempoevida\/category\/h\/\">H<\/a>\n<ul class='children'>\n\t<li class=\"cat-item cat-item-56\"><a href=\"https:\/\/divulga.unila.edu.br\/tempoevida\/category\/h\/hematologia\/\">Hematologia<\/a>\n<\/li>\n\t<li class=\"cat-item cat-item-58\"><a href=\"https:\/\/divulga.unila.edu.br\/tempoevida\/category\/h\/hepatologia\/\">Hepatologia<\/a>\n<\/li>\n<\/ul>\n<\/li>\n\t<li class=\"cat-item cat-item-76\"><a href=\"https:\/\/divulga.unila.edu.br\/tempoevida\/category\/i\/\">I<\/a>\n<ul class='children'>\n\t<li class=\"cat-item cat-item-51\"><a href=\"https:\/\/divulga.unila.edu.br\/tempoevida\/category\/i\/infectologia\/\">Infectologia<\/a>\n<\/li>\n<\/ul>\n<\/li>\n\t<li class=\"cat-item cat-item-77\"><a href=\"https:\/\/divulga.unila.edu.br\/tempoevida\/category\/n\/\">N<\/a>\n<ul class='children'>\n\t<li class=\"cat-item cat-item-32\"><a href=\"https:\/\/divulga.unila.edu.br\/tempoevida\/category\/n\/neurologia\/\">Neurologia<\/a>\n<\/li>\n<\/ul>\n<\/li>\n\t<li class=\"cat-item cat-item-80\"><a href=\"https:\/\/divulga.unila.edu.br\/tempoevida\/category\/o\/\">O<\/a>\n<ul class='children'>\n\t<li class=\"cat-item cat-item-43\"><a href=\"https:\/\/divulga.unila.edu.br\/tempoevida\/category\/o\/obstetricia\/\">Obstetr\u00edcia<\/a>\n<\/li>\n\t<li class=\"cat-item cat-item-47\"><a href=\"https:\/\/divulga.unila.edu.br\/tempoevida\/category\/o\/oftalmologia\/\">Oftalmologia<\/a>\n<\/li>\n\t<li class=\"cat-item cat-item-59\"><a href=\"https:\/\/divulga.unila.edu.br\/tempoevida\/category\/o\/ortopedia\/\">Ortopedia<\/a>\n<\/li>\n\t<li class=\"cat-item cat-item-46\"><a href=\"https:\/\/divulga.unila.edu.br\/tempoevida\/category\/o\/otorrinolaringologia\/\">Otorrinolaringologia<\/a>\n<\/li>\n<\/ul>\n<\/li>\n\t<li class=\"cat-item cat-item-83\"><a href=\"https:\/\/divulga.unila.edu.br\/tempoevida\/category\/p\/\">P<\/a>\n<ul class='children'>\n\t<li class=\"cat-item cat-item-38\"><a href=\"https:\/\/divulga.unila.edu.br\/tempoevida\/category\/p\/pneumologia\/\">Pneumologia<\/a>\n<\/li>\n<\/ul>\n<\/li>\n\t<li class=\"cat-item cat-item-85\"><a href=\"https:\/\/divulga.unila.edu.br\/tempoevida\/category\/s\/\">S<\/a>\n<ul class='children'>\n\t<li class=\"cat-item cat-item-53\"><a href=\"https:\/\/divulga.unila.edu.br\/tempoevida\/category\/s\/sem-categoria-2\/\">Sem categoria<\/a>\n<\/li>\n<\/ul>\n<\/li>\n\t<li class=\"cat-item cat-item-86\"><a href=\"https:\/\/divulga.unila.edu.br\/tempoevida\/category\/t\/\">T<\/a>\n<ul class='children'>\n\t<li class=\"cat-item cat-item-1\"><a href=\"https:\/\/divulga.unila.edu.br\/tempoevida\/category\/t\/trauma\/\">Trauma<\/a>\n<\/li>\n<\/ul>\n<\/li>\n\t<li class=\"cat-item cat-item-89\"><a href=\"https:\/\/divulga.unila.edu.br\/tempoevida\/category\/u\/\">U<\/a>\n<ul class='children'>\n\t<li class=\"cat-item cat-item-50\"><a href=\"https:\/\/divulga.unila.edu.br\/tempoevida\/category\/u\/urologia\/\">Urologia<\/a>\n<\/li>\n<\/ul>\n<\/li>\n<\/ul>","protected":false},"excerpt":{"rendered":"","protected":false},"author":46,"featured_media":0,"parent":0,"menu_order":0,"comment_status":"closed","ping_status":"closed","template":"","meta":{"_uag_custom_page_level_css":"","_EventAllDay":false,"_EventTimezone":"","_EventStartDate":"","_EventEndDate":"","_EventStartDateUTC":"","_EventEndDateUTC":"","_EventShowMap":false,"_EventShowMapLink":false,"_EventURL":"","_EventCost":"","_EventCostDescription":"","_EventCurrencySymbol":"","_EventCurrencyCode":"","_EventCurrencyPosition":"","_EventDateTimeSeparator":"","_EventTimeRangeSeparator":"","_EventOrganizerID":[],"_EventVenueID":[],"_OrganizerEmail":"","_OrganizerPhone":"","_OrganizerWebsite":"","_VenueAddress":"","_VenueCity":"","_VenueCountry":"","_VenueProvince":"","_VenueState":"","_VenueZip":"","_VenuePhone":"","_VenueURL":"","_VenueStateProvince":"","_VenueLat":"","_VenueLng":"","_VenueShowMap":false,"_VenueShowMapLink":false,"_themeisle_gutenberg_block_has_review":false,"footnotes":""},"class_list":["post-299","page","type-page","status-publish","hentry"],"yoast_head":"<!-- This site is optimized with the Yoast SEO plugin v27.6 - https:\/\/yoast.com\/product\/yoast-seo-wordpress\/ -->\n<title>Especialidades - Tempo \u00e9 vida<\/title>\n<meta name=\"robots\" content=\"index, follow, max-snippet:-1, max-image-preview:large, max-video-preview:-1\" \/>\n<link rel=\"canonical\" href=\"https:\/\/divulga.unila.edu.br\/tempoevida\/categorias\/\" \/>\n<meta property=\"og:locale\" content=\"pt_BR\" \/>\n<meta property=\"og:type\" content=\"article\" \/>\n<meta property=\"og:title\" content=\"Especialidades - Tempo \u00e9 vida\" \/>\n<meta property=\"og:url\" content=\"https:\/\/divulga.unila.edu.br\/tempoevida\/categorias\/\" \/>\n<meta property=\"og:site_name\" content=\"Tempo \u00e9 vida\" \/>\n<meta property=\"article:modified_time\" content=\"2023-04-02T23:00:04+00:00\" \/>\n<meta name=\"twitter:card\" content=\"summary_large_image\" \/>\n<script type=\"application\/ld+json\" class=\"yoast-schema-graph\">{\"@context\":\"https:\\\/\\\/schema.org\",\"@graph\":[{\"@type\":\"WebPage\",\"@id\":\"https:\\\/\\\/divulga.unila.edu.br\\\/tempoevida\\\/categorias\\\/\",\"url\":\"https:\\\/\\\/divulga.unila.edu.br\\\/tempoevida\\\/categorias\\\/\",\"name\":\"Especialidades - Tempo \u00e9 vida\",\"isPartOf\":{\"@id\":\"https:\\\/\\\/divulga.unila.edu.br\\\/tempoevida\\\/#website\"},\"datePublished\":\"2023-04-02T15:14:39+00:00\",\"dateModified\":\"2023-04-02T23:00:04+00:00\",\"breadcrumb\":{\"@id\":\"https:\\\/\\\/divulga.unila.edu.br\\\/tempoevida\\\/categorias\\\/#breadcrumb\"},\"inLanguage\":\"pt-BR\",\"potentialAction\":[{\"@type\":\"ReadAction\",\"target\":[\"https:\\\/\\\/divulga.unila.edu.br\\\/tempoevida\\\/categorias\\\/\"]}]},{\"@type\":\"BreadcrumbList\",\"@id\":\"https:\\\/\\\/divulga.unila.edu.br\\\/tempoevida\\\/categorias\\\/#breadcrumb\",\"itemListElement\":[{\"@type\":\"ListItem\",\"position\":1,\"name\":\"In\u00edcio\",\"item\":\"https:\\\/\\\/divulga.unila.edu.br\\\/tempoevida\\\/\"},{\"@type\":\"ListItem\",\"position\":2,\"name\":\"Especialidades\"}]},{\"@type\":\"WebSite\",\"@id\":\"https:\\\/\\\/divulga.unila.edu.br\\\/tempoevida\\\/#website\",\"url\":\"https:\\\/\\\/divulga.unila.edu.br\\\/tempoevida\\\/\",\"name\":\"Tempo \u00e9 vida\",\"description\":\"Atualiza\u00e7\u00e3o de protocolos de atendimento em urg\u00eancia e emerg\u00eancia\",\"potentialAction\":[{\"@type\":\"SearchAction\",\"target\":{\"@type\":\"EntryPoint\",\"urlTemplate\":\"https:\\\/\\\/divulga.unila.edu.br\\\/tempoevida\\\/?s={search_term_string}\"},\"query-input\":{\"@type\":\"PropertyValueSpecification\",\"valueRequired\":true,\"valueName\":\"search_term_string\"}}],\"inLanguage\":\"pt-BR\"}]}<\/script>\n<!-- \/ Yoast SEO plugin. -->","yoast_head_json":{"title":"Especialidades - Tempo \u00e9 vida","robots":{"index":"index","follow":"follow","max-snippet":"max-snippet:-1","max-image-preview":"max-image-preview:large","max-video-preview":"max-video-preview:-1"},"canonical":"https:\/\/divulga.unila.edu.br\/tempoevida\/categorias\/","og_locale":"pt_BR","og_type":"article","og_title":"Especialidades - Tempo \u00e9 vida","og_url":"https:\/\/divulga.unila.edu.br\/tempoevida\/categorias\/","og_site_name":"Tempo \u00e9 vida","article_modified_time":"2023-04-02T23:00:04+00:00","twitter_card":"summary_large_image","schema":{"@context":"https:\/\/schema.org","@graph":[{"@type":"WebPage","@id":"https:\/\/divulga.unila.edu.br\/tempoevida\/categorias\/","url":"https:\/\/divulga.unila.edu.br\/tempoevida\/categorias\/","name":"Especialidades - Tempo \u00e9 vida","isPartOf":{"@id":"https:\/\/divulga.unila.edu.br\/tempoevida\/#website"},"datePublished":"2023-04-02T15:14:39+00:00","dateModified":"2023-04-02T23:00:04+00:00","breadcrumb":{"@id":"https:\/\/divulga.unila.edu.br\/tempoevida\/categorias\/#breadcrumb"},"inLanguage":"pt-BR","potentialAction":[{"@type":"ReadAction","target":["https:\/\/divulga.unila.edu.br\/tempoevida\/categorias\/"]}]},{"@type":"BreadcrumbList","@id":"https:\/\/divulga.unila.edu.br\/tempoevida\/categorias\/#breadcrumb","itemListElement":[{"@type":"ListItem","position":1,"name":"In\u00edcio","item":"https:\/\/divulga.unila.edu.br\/tempoevida\/"},{"@type":"ListItem","position":2,"name":"Especialidades"}]},{"@type":"WebSite","@id":"https:\/\/divulga.unila.edu.br\/tempoevida\/#website","url":"https:\/\/divulga.unila.edu.br\/tempoevida\/","name":"Tempo \u00e9 vida","description":"Atualiza\u00e7\u00e3o de protocolos de atendimento em urg\u00eancia e emerg\u00eancia","potentialAction":[{"@type":"SearchAction","target":{"@type":"EntryPoint","urlTemplate":"https:\/\/divulga.unila.edu.br\/tempoevida\/?s={search_term_string}"},"query-input":{"@type":"PropertyValueSpecification","valueRequired":true,"valueName":"search_term_string"}}],"inLanguage":"pt-BR"}]}},"uagb_featured_image_src":{"full":false,"thumbnail":false,"medium":false,"medium_large":false,"large":false,"1536x1536":false,"2048x2048":false,"htmega_size_585x295":false,"htmega_size_1170x536":false,"htmega_size_396x360":false,"tainacan-small":false,"tainacan-medium":false,"tainacan-medium-full":false,"tainacan-large-full":false},"uagb_author_info":{"display_name":"weber.takaki","author_link":"https:\/\/divulga.unila.edu.br\/tempoevida\/author\/weber\/"},"uagb_comment_info":0,"uagb_excerpt":null,"_links":{"self":[{"href":"https:\/\/divulga.unila.edu.br\/tempoevida\/wp-json\/wp\/v2\/pages\/299","targetHints":{"allow":["GET"]}}],"collection":[{"href":"https:\/\/divulga.unila.edu.br\/tempoevida\/wp-json\/wp\/v2\/pages"}],"about":[{"href":"https:\/\/divulga.unila.edu.br\/tempoevida\/wp-json\/wp\/v2\/types\/page"}],"author":[{"embeddable":true,"href":"https:\/\/divulga.unila.edu.br\/tempoevida\/wp-json\/wp\/v2\/users\/46"}],"replies":[{"embeddable":true,"href":"https:\/\/divulga.unila.edu.br\/tempoevida\/wp-json\/wp\/v2\/comments?post=299"}],"version-history":[{"count":5,"href":"https:\/\/divulga.unila.edu.br\/tempoevida\/wp-json\/wp\/v2\/pages\/299\/revisions"}],"predecessor-version":[{"id":307,"href":"https:\/\/divulga.unila.edu.br\/tempoevida\/wp-json\/wp\/v2\/pages\/299\/revisions\/307"}],"wp:attachment":[{"href":"https:\/\/divulga.unila.edu.br\/tempoevida\/wp-json\/wp\/v2\/media?parent=299"}],"curies":[{"name":"wp","href":"https:\/\/api.w.org\/{rel}","templated":true}]}}