{"id":70,"date":"2023-12-29T11:26:36","date_gmt":"2023-12-29T14:26:36","guid":{"rendered":"https:\/\/divulga.unila.edu.br\/pocam\/?page_id=70"},"modified":"2025-04-17T10:46:21","modified_gmt":"2025-04-17T13:46:21","slug":"acervos-online","status":"publish","type":"page","link":"https:\/\/divulga.unila.edu.br\/pocam\/acervos-online\/","title":{"rendered":"Sobre"},"content":{"rendered":"\t\t<div data-elementor-type=\"wp-page\" data-elementor-id=\"70\" class=\"elementor elementor-70\">\n\t\t\t\t<div class=\"has_eae_slider elementor-element elementor-element-9518d70 e-flex e-con-boxed wpr-particle-no wpr-jarallax-no wpr-parallax-no wpr-sticky-section-no e-con e-parent\" data-eae-slider=\"84818\" data-id=\"9518d70\" data-element_type=\"container\" data-e-type=\"container\">\n\t\t\t\t\t<div class=\"e-con-inner\">\n\t\t<div class=\"has_eae_slider elementor-element elementor-element-8bf8bcc e-con-full e-flex wpr-particle-no wpr-jarallax-no wpr-parallax-no wpr-sticky-section-no e-con e-child\" data-eae-slider=\"93639\" data-id=\"8bf8bcc\" data-element_type=\"container\" data-e-type=\"container\">\n\t\t\t\t<div class=\"elementor-element elementor-element-b0072dd elementor-arrows-position-inside elementor-pagination-position-outside elementor-widget elementor-widget-image-carousel\" data-id=\"b0072dd\" data-element_type=\"widget\" data-e-type=\"widget\" data-settings=\"{&quot;slides_to_show&quot;:&quot;1&quot;,&quot;navigation&quot;:&quot;both&quot;,&quot;autoplay&quot;:&quot;yes&quot;,&quot;pause_on_hover&quot;:&quot;yes&quot;,&quot;pause_on_interaction&quot;:&quot;yes&quot;,&quot;autoplay_speed&quot;:5000,&quot;infinite&quot;:&quot;yes&quot;,&quot;effect&quot;:&quot;slide&quot;,&quot;speed&quot;:500}\" data-widget_type=\"image-carousel.default\">\n\t\t\t\t<div class=\"elementor-widget-container\">\n\t\t\t\t\t\t\t<div class=\"elementor-image-carousel-wrapper swiper\" role=\"region\" aria-roledescription=\"carousel\" aria-label=\"Carrossel de imagens\" dir=\"ltr\">\n\t\t\t<div class=\"elementor-image-carousel swiper-wrapper\" aria-live=\"off\">\n\t\t\t\t\t\t\t\t<div class=\"swiper-slide\" role=\"group\" aria-roledescription=\"slide\" aria-label=\"1 de 8\"><figure class=\"swiper-slide-inner\"><img decoding=\"async\" class=\"swiper-slide-image\" src=\"https:\/\/divulga.unila.edu.br\/pocam\/wp-content\/uploads\/sites\/38\/tainacan-items\/187\/2602\/1519_HomL2-1024x755.jpeg\" alt=\"1519_HomL2\" \/><\/figure><\/div><div class=\"swiper-slide\" role=\"group\" aria-roledescription=\"slide\" aria-label=\"2 de 8\"><figure class=\"swiper-slide-inner\"><img decoding=\"async\" class=\"swiper-slide-image\" src=\"https:\/\/divulga.unila.edu.br\/pocam\/wp-content\/uploads\/sites\/38\/tainacan-items\/187\/2842\/1529_RibD1-1-1024x448.jpg\" alt=\"1529_RibD1 (1)\" \/><\/figure><\/div><div class=\"swiper-slide\" role=\"group\" aria-roledescription=\"slide\" aria-label=\"3 de 8\"><figure class=\"swiper-slide-inner\"><img decoding=\"async\" class=\"swiper-slide-image\" src=\"https:\/\/divulga.unila.edu.br\/pocam\/wp-content\/uploads\/sites\/38\/tainacan-items\/187\/1383\/1280px-Cantino_planisphere_1502-1024x481.jpg\" alt=\"1280px-Cantino_planisphere_(1502)\" \/><\/figure><\/div><div class=\"swiper-slide\" role=\"group\" aria-roledescription=\"slide\" aria-label=\"4 de 8\"><figure class=\"swiper-slide-inner\"><img decoding=\"async\" class=\"swiper-slide-image\" src=\"https:\/\/divulga.unila.edu.br\/pocam\/wp-content\/uploads\/sites\/38\/tainacan-items\/187\/4899\/1542_AgnB-1024x745.jpg\" alt=\"1542_AgnB\" \/><\/figure><\/div><div class=\"swiper-slide\" role=\"group\" aria-roledescription=\"slide\" aria-label=\"5 de 8\"><figure class=\"swiper-slide-inner\"><img decoding=\"async\" class=\"swiper-slide-image\" src=\"http:\/\/divulga.unila.edu.br\/pocam\/wp-content\/uploads\/sites\/38\/tainacan-items\/187\/5027\/1544_AgnB2-scaled.jpg\" alt=\"\" \/><\/figure><\/div><div class=\"swiper-slide\" role=\"group\" aria-roledescription=\"slide\" aria-label=\"6 de 8\"><figure class=\"swiper-slide-inner\"><img decoding=\"async\" class=\"swiper-slide-image\" src=\"https:\/\/divulga.unila.edu.br\/pocam\/wp-content\/uploads\/sites\/38\/tainacan-items\/187\/5711\/1565_HomD-1024x815.jpg\" alt=\"1565_HomD\" \/><\/figure><\/div><div class=\"swiper-slide\" role=\"group\" aria-roledescription=\"slide\" aria-label=\"7 de 8\"><figure class=\"swiper-slide-inner\"><img decoding=\"async\" class=\"swiper-slide-image\" src=\"https:\/\/divulga.unila.edu.br\/pocam\/wp-content\/uploads\/sites\/38\/2023\/12\/1519_HomL-3-1-1024x763.jpeg\" alt=\"1519_HomL-3-1\" \/><\/figure><\/div><div class=\"swiper-slide\" role=\"group\" aria-roledescription=\"slide\" aria-label=\"8 de 8\"><figure class=\"swiper-slide-inner\"><img decoding=\"async\" class=\"swiper-slide-image\" src=\"https:\/\/divulga.unila.edu.br\/pocam\/wp-content\/uploads\/sites\/38\/tainacan-items\/187\/1508\/1519ReiJ-1024x556.jpg\" alt=\"1519ReiJ\" \/><\/figure><\/div>\t\t\t<\/div>\n\t\t\t\t\t\t\t\t\t\t\t\t<div class=\"elementor-swiper-button elementor-swiper-button-prev\" role=\"button\" tabindex=\"0\">\n\t\t\t\t\t\t<i aria-hidden=\"true\" class=\"eicon-chevron-left\"><\/i>\t\t\t\t\t<\/div>\n\t\t\t\t\t<div class=\"elementor-swiper-button elementor-swiper-button-next\" role=\"button\" tabindex=\"0\">\n\t\t\t\t\t\t<i aria-hidden=\"true\" class=\"eicon-chevron-right\"><\/i>\t\t\t\t\t<\/div>\n\t\t\t\t\n\t\t\t\t\t\t\t\t\t<div class=\"swiper-pagination\"><\/div>\n\t\t\t\t\t\t\t\t\t<\/div>\n\t\t\t\t\t\t<\/div>\n\t\t\t\t<\/div>\n\t\t\t\t<\/div>\n\t\t\t\t\t<\/div>\n\t\t\t\t<\/div>\n\t\t<div class=\"has_eae_slider elementor-element elementor-element-3635aff e-flex e-con-boxed wpr-particle-no wpr-jarallax-no wpr-parallax-no wpr-sticky-section-no e-con e-parent\" data-eae-slider=\"67808\" data-id=\"3635aff\" data-element_type=\"container\" data-e-type=\"container\">\n\t\t\t\t\t<div class=\"e-con-inner\">\n\t\t\t\t<div class=\"elementor-element elementor-element-2faec90 elementor-widget__width-initial elementor-widget elementor-widget-text-editor\" data-id=\"2faec90\" data-element_type=\"widget\" data-e-type=\"widget\" data-widget_type=\"text-editor.default\">\n\t\t\t\t<div class=\"elementor-widget-container\">\n\t\t\t\t\t\t\t\t\t<p>Desde a invas\u00e3o da Am\u00e9rica pelos europeus no final do s\u00e9culo XIV e in\u00edcio do s\u00e9culo XV, in\u00fameros mapas sobre o novo mundo foram produzidos. Essa cartografia mostra territ\u00f3rios que se descortinavam \u00e0 medida que novas viagens de explora\u00e7\u00e3o eram feitas. Os mapas da primeira modernidade retratam territ\u00f3rios invadidos e conhecidos, mas tamb\u00e9m espa\u00e7os desejados e imaginados. Grande parte do continente &#8211; que aos poucos se tornou a Am\u00e9rica! &#8211; permaneceu desconhecido pelos europeus durante muito tempo. Aos poucos os mapas deixaram de mostrar apenas o litoral americano, para cartografar territ\u00f3rios do interior. Produzidos por in\u00fameros cart\u00f3grafos, a partir de relatos de dezenas de viajantes e cronistas; desenhados, gravados e impressos por diferentes casas editoriais; feitos a pedido de v\u00e1rias Coroas, reis e rainhas, esses mapas mostram a complexidade do continente americano aos olhos europeus. A granda diversidade de origem marca tamb\u00e9m sua preserva\u00e7\u00e3o: esse material se encontrar preservado em diferentes arquivos e bibliotecas ao redor do mundo. Grande parte j\u00e1 foi digitalizado. A partir da pesquisa minuciosa em diferentes institui\u00e7\u00f5es europeus e americanas, o POCAM re\u00fane, em um mesmo site, mapas que retratam a Am\u00e9rica &#8211; notadamente a atual Am\u00e9rica do Sul &#8211; produzidos durante os s\u00e9culos XVI e XVII. Os objetivos do site atendem a tr\u00eas demandas: reunir mapas da atual Am\u00e9rica a fim de facilitar o acesso para o p\u00fablico geral interessado nessas imagens; ser uma ferramenta de aux\u00edlio \u00e0 professoras e professores do ensino b\u00e1sico e fundamental que utilizam esse rico material hist\u00f3rico em suas aulas; funcionar como um banco de dados, a partir de filtros (como ano, origem, cart\u00f3grafo) para pesquisadores que desejam utilizar esse material como fonte hist\u00f3rica.<\/p><p>Vale a pena n\u00e3o perder de vista que o continente americano n\u00e3o estava vazio no momento da invas\u00e3o. Mantinha uma popula\u00e7\u00e3o numerosa, etnicamente muito vari\u00e1vel, com l\u00ednguas, culturas e cosmogonias diferentes, com sociedades complexas. Todas as informa\u00e7\u00f5es sobre o territ\u00f3rio necess\u00e1rias para a pr\u00e1tica cartogr\u00e1fica, principalmente do interior do continente, foi obtida atrav\u00e9s das popula\u00e7\u00f5es ind\u00edgenas, mesmo que isso n\u00e3o apare\u00e7a nos mapas. Ler um documento hist\u00f3rico \u00e9 tamb\u00e9m olhar nas entrelinhas, \u00e9 perceber o que esse documento pode esconder.<\/p><p>Ent\u00e3o, acesse o acervo e viaje por essa fant\u00e1stica aventura de acompanhar o mapeamento de um mundo que era novo aos olhos europeus. O continente americano se tornando, aos poucos, a nossa Am\u00e9rica!<\/p>\t\t\t\t\t\t\t\t<\/div>\n\t\t\t\t<\/div>\n\t\t\t\t\t<\/div>\n\t\t\t\t<\/div>\n\t\t<div class=\"has_eae_slider elementor-element elementor-element-b70e473 e-flex e-con-boxed wpr-particle-no wpr-jarallax-no wpr-parallax-no wpr-sticky-section-no e-con e-parent\" data-eae-slider=\"25945\" data-id=\"b70e473\" data-element_type=\"container\" data-e-type=\"container\">\n\t\t\t\t\t<div class=\"e-con-inner\">\n\t\t\t\t<div class=\"elementor-element elementor-element-f64e77a elementor-align-justify elementor-widget elementor-widget-button\" data-id=\"f64e77a\" data-element_type=\"widget\" data-e-type=\"widget\" data-widget_type=\"button.default\">\n\t\t\t\t<div class=\"elementor-widget-container\">\n\t\t\t\t\t\t\t\t\t<div class=\"elementor-button-wrapper\">\n\t\t\t\t\t<a class=\"elementor-button elementor-button-link elementor-size-sm\" href=\"https:\/\/divulga.unila.edu.br\/pocam\/mapas-da-primeira-modernidade\/?perpage=12&#038;view_mode=masonry&#038;paged=1&#038;order=ASC&#038;orderby=date&#038;fetch_only=thumbnail%2Ccreation_date%2Ctitle%2Cdescription&#038;fetch_only_meta=\">\n\t\t\t\t\t\t<span class=\"elementor-button-content-wrapper\">\n\t\t\t\t\t\t\t\t\t<span class=\"elementor-button-text\">Acervo<\/span>\n\t\t\t\t\t<\/span>\n\t\t\t\t\t<\/a>\n\t\t\t\t<\/div>\n\t\t\t\t\t\t\t\t<\/div>\n\t\t\t\t<\/div>\n\t\t\t\t\t<\/div>\n\t\t\t\t<\/div>\n\t\t\t\t<\/div>\n\t\t","protected":false},"excerpt":{"rendered":"<p>Desde a invas\u00e3o da Am\u00e9rica pelos europeus no final do s\u00e9culo XIV e in\u00edcio do s\u00e9culo XV, in\u00fameros mapas sobre o novo mundo foram produzidos. Essa cartografia mostra territ\u00f3rios que se descortinavam \u00e0 medida que novas viagens de explora\u00e7\u00e3o eram feitas. Os mapas da primeira modernidade retratam territ\u00f3rios invadidos e conhecidos, mas tamb\u00e9m espa\u00e7os desejados e imaginados. Grande parte do continente &#8211; que aos poucos se tornou a Am\u00e9rica! &#8211; permaneceu desconhecido pelos europeus durante muito tempo. Aos poucos os mapas deixaram de mostrar apenas o litoral americano, para cartografar territ\u00f3rios do interior. Produzidos por in\u00fameros cart\u00f3grafos, a partir de relatos de dezenas de viajantes e cronistas; desenhados, gravados e impressos por diferentes casas editoriais; feitos a pedido de v\u00e1rias Coroas, reis e rainhas, esses mapas mostram a complexidade do continente americano aos olhos europeus. A granda diversidade de origem marca tamb\u00e9m sua preserva\u00e7\u00e3o: esse material se encontrar preservado em diferentes arquivos e bibliotecas ao redor do mundo. Grande parte j\u00e1 foi digitalizado. A partir da pesquisa minuciosa em diferentes institui\u00e7\u00f5es europeus e americanas, o POCAM re\u00fane, em um mesmo site, mapas que retratam a Am\u00e9rica &#8211; notadamente a atual Am\u00e9rica do Sul &#8211; produzidos durante os s\u00e9culos XVI e XVII. Os objetivos do site atendem a tr\u00eas demandas: reunir mapas da atual Am\u00e9rica a fim de facilitar o acesso para o p\u00fablico geral interessado nessas imagens; ser uma ferramenta de aux\u00edlio \u00e0 professoras e professores do ensino b\u00e1sico e fundamental que utilizam esse rico material hist\u00f3rico em suas aulas; funcionar como um banco de dados, a partir de filtros (como ano, origem, cart\u00f3grafo) para pesquisadores que desejam utilizar esse material como fonte hist\u00f3rica. Vale a pena n\u00e3o perder de vista que o continente americano n\u00e3o estava vazio no momento da invas\u00e3o. Mantinha uma popula\u00e7\u00e3o numerosa, etnicamente muito vari\u00e1vel, com l\u00ednguas, culturas e cosmogonias diferentes, com sociedades complexas. Todas as informa\u00e7\u00f5es sobre o territ\u00f3rio necess\u00e1rias para a pr\u00e1tica cartogr\u00e1fica, principalmente do interior do continente, foi obtida atrav\u00e9s das popula\u00e7\u00f5es ind\u00edgenas, mesmo que isso n\u00e3o apare\u00e7a nos mapas. Ler um documento hist\u00f3rico \u00e9 tamb\u00e9m olhar nas entrelinhas, \u00e9 perceber o que esse documento pode esconder. Ent\u00e3o, acesse o acervo e viaje por essa fant\u00e1stica aventura de acompanhar o mapeamento de um mundo que era novo aos olhos europeus. O continente americano se tornando, aos poucos, a nossa Am\u00e9rica! Acervo<\/p>\n","protected":false},"author":89,"featured_media":0,"parent":0,"menu_order":0,"comment_status":"closed","ping_status":"closed","template":"","meta":{"_uag_custom_page_level_css":"","_themeisle_gutenberg_block_has_review":false,"footnotes":""},"class_list":["post-70","page","type-page","status-publish","hentry"],"blocksy_meta":[],"uagb_featured_image_src":{"full":false,"thumbnail":false,"medium":false,"medium_large":false,"large":false,"1536x1536":false,"2048x2048":false,"htmega_size_585x295":false,"htmega_size_1170x536":false,"htmega_size_396x360":false,"tainacan-small":false,"tainacan-medium":false,"tainacan-medium-full":false,"tainacan-large-full":false,"foyer":false,"foyer_fhd":false,"foyer_fhd_square":false},"uagb_author_info":{"display_name":"tiago.bonato","author_link":"https:\/\/divulga.unila.edu.br\/pocam\/author\/pocam-2\/"},"uagb_comment_info":0,"uagb_excerpt":"Desde a invas\u00e3o da Am\u00e9rica pelos europeus no final do s\u00e9culo XIV e in\u00edcio do s\u00e9culo XV, in\u00fameros mapas sobre o novo mundo foram produzidos. Essa cartografia mostra territ\u00f3rios que se descortinavam \u00e0 medida que novas viagens de explora\u00e7\u00e3o eram feitas. Os mapas da primeira modernidade retratam territ\u00f3rios invadidos e conhecidos, mas tamb\u00e9m espa\u00e7os desejados&hellip;","_links":{"self":[{"href":"https:\/\/divulga.unila.edu.br\/pocam\/wp-json\/wp\/v2\/pages\/70","targetHints":{"allow":["GET"]}}],"collection":[{"href":"https:\/\/divulga.unila.edu.br\/pocam\/wp-json\/wp\/v2\/pages"}],"about":[{"href":"https:\/\/divulga.unila.edu.br\/pocam\/wp-json\/wp\/v2\/types\/page"}],"author":[{"embeddable":true,"href":"https:\/\/divulga.unila.edu.br\/pocam\/wp-json\/wp\/v2\/users\/89"}],"replies":[{"embeddable":true,"href":"https:\/\/divulga.unila.edu.br\/pocam\/wp-json\/wp\/v2\/comments?post=70"}],"version-history":[{"count":35,"href":"https:\/\/divulga.unila.edu.br\/pocam\/wp-json\/wp\/v2\/pages\/70\/revisions"}],"predecessor-version":[{"id":8324,"href":"https:\/\/divulga.unila.edu.br\/pocam\/wp-json\/wp\/v2\/pages\/70\/revisions\/8324"}],"wp:attachment":[{"href":"https:\/\/divulga.unila.edu.br\/pocam\/wp-json\/wp\/v2\/media?parent=70"}],"curies":[{"name":"wp","href":"https:\/\/api.w.org\/{rel}","templated":true}]}}