{"id":67,"date":"2024-10-14T14:07:26","date_gmt":"2024-10-14T17:07:26","guid":{"rendered":"https:\/\/divulga.unila.edu.br\/pocam\/?page_id=67"},"modified":"2025-04-15T09:12:01","modified_gmt":"2025-04-15T12:12:01","slug":"equipe","status":"publish","type":"page","link":"https:\/\/divulga.unila.edu.br\/pocam\/equipe\/","title":{"rendered":"Equipe"},"content":{"rendered":"\t\t<div data-elementor-type=\"wp-page\" data-elementor-id=\"67\" class=\"elementor elementor-67\">\n\t\t\t\t<div class=\"has_eae_slider elementor-element elementor-element-92e380e e-flex e-con-boxed wpr-particle-no wpr-jarallax-no wpr-parallax-no wpr-sticky-section-no e-con e-parent\" data-eae-slider=\"94351\" data-id=\"92e380e\" data-element_type=\"container\" data-e-type=\"container\">\n\t\t\t\t\t<div class=\"e-con-inner\">\n\t\t\t\t<div class=\"elementor-element elementor-element-4ff46bd elementor-widget elementor-widget-text-editor\" data-id=\"4ff46bd\" data-element_type=\"widget\" data-e-type=\"widget\" data-widget_type=\"text-editor.default\">\n\t\t\t\t<div class=\"elementor-widget-container\">\n\t\t\t\t\t\t\t\t\t<p>O Portal da Cartografia da Am\u00e9rica Meridional \u00e9 um site ligado aos cursos de Hist\u00f3ria da Universidade Federal da Integra\u00e7\u00e3o Latino-Americana (UNILA). O site \u00e9 um dos resultados do projeto de pesquisa &#8220;Fronteiras, estrat\u00e9gias e t\u00e1ticas geopol\u00edticas na bacia platina (s\u00e9culos XVI e XVII)&#8221;, coordenado pelo Prof. Dr. Tiago Bonato. Fazem parte da equipe os\/as estudantes:<\/p><p>Kelvin Mateus Alves<\/p><p>Erick Guilherme Pequeno de Ara\u00fajo<\/p><p>Sonia Elizabeth Rios Rojas<\/p><p>\u00a0<\/p>\t\t\t\t\t\t\t\t<\/div>\n\t\t\t\t<\/div>\n\t\t\t\t\t<\/div>\n\t\t\t\t<\/div>\n\t\t\t\t<\/div>\n\t\t","protected":false},"excerpt":{"rendered":"<p>O Portal da Cartografia da Am\u00e9rica Meridional \u00e9 um site ligado aos cursos de Hist\u00f3ria da Universidade Federal da Integra\u00e7\u00e3o Latino-Americana (UNILA). O site \u00e9 um dos resultados do projeto de pesquisa &#8220;Fronteiras, estrat\u00e9gias e t\u00e1ticas geopol\u00edticas na bacia platina (s\u00e9culos XVI e XVII)&#8221;, coordenado pelo Prof. Dr. Tiago Bonato. Fazem parte da equipe os\/as estudantes: Kelvin Mateus Alves Erick Guilherme Pequeno de Ara\u00fajo Sonia Elizabeth Rios Rojas \u00a0<\/p>\n","protected":false},"author":89,"featured_media":0,"parent":0,"menu_order":0,"comment_status":"closed","ping_status":"closed","template":"","meta":{"_uag_custom_page_level_css":"","_themeisle_gutenberg_block_has_review":false,"footnotes":""},"class_list":["post-67","page","type-page","status-publish","hentry"],"blocksy_meta":[],"uagb_featured_image_src":{"full":false,"thumbnail":false,"medium":false,"medium_large":false,"large":false,"1536x1536":false,"2048x2048":false,"htmega_size_585x295":false,"htmega_size_1170x536":false,"htmega_size_396x360":false,"tainacan-small":false,"tainacan-medium":false,"tainacan-medium-full":false,"tainacan-large-full":false,"foyer":false,"foyer_fhd":false,"foyer_fhd_square":false},"uagb_author_info":{"display_name":"tiago.bonato","author_link":"https:\/\/divulga.unila.edu.br\/pocam\/author\/pocam-2\/"},"uagb_comment_info":0,"uagb_excerpt":"O Portal da Cartografia da Am\u00e9rica Meridional \u00e9 um site ligado aos cursos de Hist\u00f3ria da Universidade Federal da Integra\u00e7\u00e3o Latino-Americana (UNILA). O site \u00e9 um dos resultados do projeto de pesquisa &#8220;Fronteiras, estrat\u00e9gias e t\u00e1ticas geopol\u00edticas na bacia platina (s\u00e9culos XVI e XVII)&#8221;, coordenado pelo Prof. Dr. Tiago Bonato. Fazem parte da equipe os\/as&hellip;","_links":{"self":[{"href":"https:\/\/divulga.unila.edu.br\/pocam\/wp-json\/wp\/v2\/pages\/67","targetHints":{"allow":["GET"]}}],"collection":[{"href":"https:\/\/divulga.unila.edu.br\/pocam\/wp-json\/wp\/v2\/pages"}],"about":[{"href":"https:\/\/divulga.unila.edu.br\/pocam\/wp-json\/wp\/v2\/types\/page"}],"author":[{"embeddable":true,"href":"https:\/\/divulga.unila.edu.br\/pocam\/wp-json\/wp\/v2\/users\/89"}],"replies":[{"embeddable":true,"href":"https:\/\/divulga.unila.edu.br\/pocam\/wp-json\/wp\/v2\/comments?post=67"}],"version-history":[{"count":4,"href":"https:\/\/divulga.unila.edu.br\/pocam\/wp-json\/wp\/v2\/pages\/67\/revisions"}],"predecessor-version":[{"id":6872,"href":"https:\/\/divulga.unila.edu.br\/pocam\/wp-json\/wp\/v2\/pages\/67\/revisions\/6872"}],"wp:attachment":[{"href":"https:\/\/divulga.unila.edu.br\/pocam\/wp-json\/wp\/v2\/media?parent=67"}],"curies":[{"name":"wp","href":"https:\/\/api.w.org\/{rel}","templated":true}]}}