{"id":88,"date":"2022-09-27T17:24:53","date_gmt":"2022-09-27T20:24:53","guid":{"rendered":"https:\/\/divulga.unila.edu.br\/teste\/?page_id=88"},"modified":"2024-09-19T08:32:19","modified_gmt":"2024-09-19T11:32:19","slug":"orientacoes","status":"publish","type":"page","link":"https:\/\/divulga.unila.edu.br\/painelintegrado\/orientacoes\/","title":{"rendered":"Materiais de apoio"},"content":{"rendered":"\t\t<div data-elementor-type=\"wp-page\" data-elementor-id=\"88\" class=\"elementor elementor-88\">\n\t\t\t\t\t\t<section class=\"has_eae_slider elementor-section elementor-top-section elementor-element elementor-element-dd4ab13 elementor-section-boxed elementor-section-height-default elementor-section-height-default wpr-particle-no wpr-jarallax-no wpr-parallax-no wpr-sticky-section-no wpr-equal-height-no\" data-eae-slider=\"63146\" data-id=\"dd4ab13\" data-element_type=\"section\" data-e-type=\"section\" data-settings=\"{&quot;shape_divider_top&quot;:&quot;mountains&quot;}\">\n\t\t\t\t\t<div class=\"elementor-shape elementor-shape-top\" aria-hidden=\"true\" data-negative=\"false\">\n\t\t\t<svg xmlns=\"http:\/\/www.w3.org\/2000\/svg\" viewBox=\"0 0 1000 100\" preserveAspectRatio=\"none\">\n\t<path class=\"elementor-shape-fill\" opacity=\"0.33\" d=\"M473,67.3c-203.9,88.3-263.1-34-320.3,0C66,119.1,0,59.7,0,59.7V0h1000v59.7 c0,0-62.1,26.1-94.9,29.3c-32.8,3.3-62.8-12.3-75.8-22.1C806,49.6,745.3,8.7,694.9,4.7S492.4,59,473,67.3z\"\/>\n\t<path class=\"elementor-shape-fill\" opacity=\"0.66\" d=\"M734,67.3c-45.5,0-77.2-23.2-129.1-39.1c-28.6-8.7-150.3-10.1-254,39.1 s-91.7-34.4-149.2,0C115.7,118.3,0,39.8,0,39.8V0h1000v36.5c0,0-28.2-18.5-92.1-18.5C810.2,18.1,775.7,67.3,734,67.3z\"\/>\n\t<path class=\"elementor-shape-fill\" d=\"M766.1,28.9c-200-57.5-266,65.5-395.1,19.5C242,1.8,242,5.4,184.8,20.6C128,35.8,132.3,44.9,89.9,52.5C28.6,63.7,0,0,0,0 h1000c0,0-9.9,40.9-83.6,48.1S829.6,47,766.1,28.9z\"\/>\n<\/svg>\t\t<\/div>\n\t\t\t\t\t<div class=\"elementor-container elementor-column-gap-default\">\n\t\t\t\t\t<div class=\"has_eae_slider elementor-column elementor-col-50 elementor-top-column elementor-element elementor-element-c9c6638\" data-eae-slider=\"89904\" data-id=\"c9c6638\" data-element_type=\"column\" data-e-type=\"column\">\n\t\t\t<div class=\"elementor-widget-wrap elementor-element-populated\">\n\t\t\t\t\t\t<div class=\"elementor-element elementor-element-c8a9a9b animated-fast elementor-widget__width-initial elementor-invisible elementor-widget elementor-widget-heading\" data-id=\"c8a9a9b\" data-element_type=\"widget\" data-e-type=\"widget\" data-settings=\"{&quot;_animation&quot;:&quot;fadeInUp&quot;,&quot;_animation_delay&quot;:&quot;400&quot;}\" data-widget_type=\"heading.default\">\n\t\t\t\t<div class=\"elementor-widget-container\">\n\t\t\t\t\t<h1 class=\"elementor-heading-title elementor-size-small\">MATERIAL DE APOIO <br>AO USU\u00c1RIO E \u00c0 USU\u00c1RIA <br>DO PAINEL INTEGRADO<\/h1>\t\t\t\t<\/div>\n\t\t\t\t<\/div>\n\t\t\t\t\t<\/div>\n\t\t<\/div>\n\t\t\t\t<section class=\"has_eae_slider elementor-column elementor-col-50 elementor-top-column elementor-element elementor-element-453236a\" data-eae-slider=\"90666\" data-id=\"453236a\" data-element_type=\"column\" data-e-type=\"column\">\n\t\t\t<div class=\"elementor-widget-wrap elementor-element-populated\">\n\t\t\t\t\t\t<div class=\"elementor-element elementor-element-0cb0612 elementor-widget__width-initial elementor-widget elementor-widget-video\" data-id=\"0cb0612\" data-element_type=\"widget\" data-e-type=\"widget\" data-settings=\"{&quot;autoplay&quot;:&quot;yes&quot;,&quot;loop&quot;:&quot;yes&quot;,&quot;mute&quot;:&quot;yes&quot;,&quot;start&quot;:&quot;0&quot;,&quot;video_type&quot;:&quot;hosted&quot;}\" data-widget_type=\"video.default\">\n\t\t\t\t<div class=\"elementor-widget-container\">\n\t\t\t\t\t\t\t<div class=\"e-hosted-video elementor-wrapper elementor-open-inline\">\n\t\t\t\t\t<video class=\"elementor-video\" src=\"http:\/\/divulga.unila.edu.br\/painelintegrado\/wp-content\/uploads\/sites\/26\/2024\/09\/Materiais-de-Apoio.mp4\" autoplay=\"\" loop=\"\" muted=\"muted\" controlsList=\"nodownload\" poster=\"http:\/\/divulga.unila.edu.br\/painelintegrado\/wp-content\/uploads\/sites\/26\/2024\/09\/Pagina-Materiais-de-Apoio.png\"><\/video>\n\t\t\t\t<\/div>\n\t\t\t\t\t\t<\/div>\n\t\t\t\t<\/div>\n\t\t\t\t\t<\/div>\n\t\t<\/section>\n\t\t\t\t\t<\/div>\n\t\t<\/section>\n\t\t\t\t<section class=\"has_eae_slider elementor-section elementor-top-section elementor-element elementor-element-71712554 elementor-section-boxed elementor-section-height-default elementor-section-height-default wpr-particle-no wpr-jarallax-no wpr-parallax-no wpr-sticky-section-no wpr-equal-height-no elementor-invisible\" data-eae-slider=\"33793\" data-id=\"71712554\" data-element_type=\"section\" data-e-type=\"section\" data-settings=\"{&quot;background_background&quot;:&quot;classic&quot;,&quot;animation&quot;:&quot;fadeInUp&quot;}\">\n\t\t\t\t\t\t<div class=\"elementor-container elementor-column-gap-default\">\n\t\t\t\t\t<div class=\"has_eae_slider elementor-column elementor-col-50 elementor-top-column elementor-element elementor-element-7ef4d5c9\" data-eae-slider=\"64579\" data-id=\"7ef4d5c9\" data-element_type=\"column\" data-e-type=\"column\">\n\t\t\t<div class=\"elementor-widget-wrap elementor-element-populated\">\n\t\t\t\t\t\t<div class=\"elementor-element elementor-element-4ef7f199 elementor-align-start envato-kit-175-list-style-light animated-fast elementor-mobile-align-center elementor-icon-list--layout-traditional elementor-list-item-link-full_width elementor-invisible elementor-widget elementor-widget-icon-list\" data-id=\"4ef7f199\" data-element_type=\"widget\" data-e-type=\"widget\" data-settings=\"{&quot;_animation&quot;:&quot;fadeInUp&quot;}\" data-widget_type=\"icon-list.default\">\n\t\t\t\t<div class=\"elementor-widget-container\">\n\t\t\t\t\t\t\t<ul class=\"elementor-icon-list-items\">\n\t\t\t\t\t\t\t<li class=\"elementor-icon-list-item\">\n\t\t\t\t\t\t\t\t\t\t\t<a href=\"https:\/\/portal.unila.edu.br\/secom\/marca\">\n\n\t\t\t\t\t\t\t\t\t\t\t\t<span class=\"elementor-icon-list-icon\">\n\t\t\t\t\t\t\t<i aria-hidden=\"true\" class=\"fas fa-book\"><\/i>\t\t\t\t\t\t<\/span>\n\t\t\t\t\t\t\t\t\t\t<span class=\"elementor-icon-list-text\">Textos<\/span>\n\t\t\t\t\t\t\t\t\t\t\t<\/a>\n\t\t\t\t\t\t\t\t\t<\/li>\n\t\t\t\t\t\t<\/ul>\n\t\t\t\t\t\t<\/div>\n\t\t\t\t<\/div>\n\t\t\t\t<div class=\"elementor-element elementor-element-7d81cb7 animated-fast elementor-invisible elementor-widget elementor-widget-text-editor\" data-id=\"7d81cb7\" data-element_type=\"widget\" data-e-type=\"widget\" data-settings=\"{&quot;_animation&quot;:&quot;fadeInUp&quot;}\" data-widget_type=\"text-editor.default\">\n\t\t\t\t<div class=\"elementor-widget-container\">\n\t\t\t\t\t\t\t\t\t<p><a href=\"http:\/\/divulga.unila.edu.br\/painelintegrado\/wp-content\/uploads\/sites\/26\/2023\/05\/Tutorial-em-texto.pdf\">Tutorial para navega\u00e7\u00e3o pelo Painel Integrado<\/a><\/p><p><a href=\"http:\/\/divulga.unila.edu.br\/painelintegrado\/wp-content\/uploads\/sites\/26\/2023\/04\/Glossario.pdf\">Gloss\u00e1rio de termos empregados no Painel Integrado<\/a><\/p><p><a href=\"http:\/\/divulga.unila.edu.br\/painelintegrado\/wp-content\/uploads\/sites\/26\/2024\/08\/Glossario-Painel-LEME.pdf\">Gloss\u00e1rio de termos empregados no LEME Institutos<\/a><\/p><p><a href=\"http:\/\/divulga.unila.edu.br\/painelintegrado\/wp-content\/uploads\/sites\/26\/2023\/04\/Dicionario-de-Indicadores-2.pdf\">Dicion\u00e1rio de indicadores de desempenho da \u00e1rea Acad\u00eamica &#8211; formato convencional<\/a><\/p><p><a href=\"http:\/\/divulga.unila.edu.br\/painelintegrado\/wp-content\/uploads\/sites\/26\/2023\/04\/Dicionario-de-Indicadores-formato-leitor-de-tela-1.pdf\">Dicion\u00e1rio de indicadores de desempenho da \u00c1rea Acad\u00eamica &#8211; formato leitor de tela<\/a><\/p>\t\t\t\t\t\t\t\t<\/div>\n\t\t\t\t<\/div>\n\t\t\t\t\t<\/div>\n\t\t<\/div>\n\t\t\t\t<div class=\"has_eae_slider elementor-column elementor-col-50 elementor-top-column elementor-element elementor-element-1824e3c1\" data-eae-slider=\"87012\" data-id=\"1824e3c1\" data-element_type=\"column\" data-e-type=\"column\">\n\t\t\t<div class=\"elementor-widget-wrap elementor-element-populated\">\n\t\t\t\t\t\t<div class=\"elementor-element elementor-element-2f84c818 elementor-align-start envato-kit-175-list-style-light animated-fast elementor-mobile-align-center elementor-icon-list--layout-inline elementor-list-item-link-full_width elementor-invisible elementor-widget elementor-widget-icon-list\" data-id=\"2f84c818\" data-element_type=\"widget\" data-e-type=\"widget\" data-settings=\"{&quot;_animation&quot;:&quot;fadeInUp&quot;}\" data-widget_type=\"icon-list.default\">\n\t\t\t\t<div class=\"elementor-widget-container\">\n\t\t\t\t\t\t\t<ul class=\"elementor-icon-list-items elementor-inline-items\">\n\t\t\t\t\t\t\t<li class=\"elementor-icon-list-item elementor-inline-item\">\n\t\t\t\t\t\t\t\t\t\t\t<span class=\"elementor-icon-list-icon\">\n\t\t\t\t\t\t\t<i aria-hidden=\"true\" class=\"far fa-file-video\"><\/i>\t\t\t\t\t\t<\/span>\n\t\t\t\t\t\t\t\t\t\t<span class=\"elementor-icon-list-text\">V\u00eddeos<\/span>\n\t\t\t\t\t\t\t\t\t<\/li>\n\t\t\t\t\t\t<\/ul>\n\t\t\t\t\t\t<\/div>\n\t\t\t\t<\/div>\n\t\t\t\t\t<\/div>\n\t\t<\/div>\n\t\t\t\t\t<\/div>\n\t\t<\/section>\n\t\t\t\t<section class=\"has_eae_slider elementor-section elementor-top-section elementor-element elementor-element-e359400 elementor-section-boxed elementor-section-height-default elementor-section-height-default wpr-particle-no wpr-jarallax-no wpr-parallax-no wpr-sticky-section-no wpr-equal-height-no elementor-invisible\" data-eae-slider=\"76666\" data-id=\"e359400\" data-element_type=\"section\" data-e-type=\"section\" data-settings=\"{&quot;animation&quot;:&quot;fadeInUp&quot;}\">\n\t\t\t\t\t\t<div class=\"elementor-container elementor-column-gap-default\">\n\t\t\t\t\t<div class=\"has_eae_slider elementor-column elementor-col-100 elementor-top-column elementor-element elementor-element-971855a\" data-eae-slider=\"64819\" data-id=\"971855a\" data-element_type=\"column\" data-e-type=\"column\">\n\t\t\t<div class=\"elementor-widget-wrap elementor-element-populated\">\n\t\t\t\t\t\t<div class=\"elementor-element elementor-element-3cc7632 elementor-align-start envato-kit-175-list-style-light animated-fast elementor-mobile-align-center elementor-icon-list--layout-traditional elementor-list-item-link-full_width elementor-invisible elementor-widget elementor-widget-icon-list\" data-id=\"3cc7632\" data-element_type=\"widget\" data-e-type=\"widget\" data-settings=\"{&quot;_animation&quot;:&quot;fadeInUp&quot;}\" data-widget_type=\"icon-list.default\">\n\t\t\t\t<div class=\"elementor-widget-container\">\n\t\t\t\t\t\t\t<ul class=\"elementor-icon-list-items\">\n\t\t\t\t\t\t\t<li class=\"elementor-icon-list-item\">\n\t\t\t\t\t\t\t\t\t\t\t<span class=\"elementor-icon-list-icon\">\n\t\t\t\t\t\t\t\t\t\t\t\t\t<\/span>\n\t\t\t\t\t\t\t\t\t\t<span class=\"elementor-icon-list-text\">Destaques:<\/span>\n\t\t\t\t\t\t\t\t\t<\/li>\n\t\t\t\t\t\t<\/ul>\n\t\t\t\t\t\t<\/div>\n\t\t\t\t<\/div>\n\t\t\t\t\t<\/div>\n\t\t<\/div>\n\t\t\t\t\t<\/div>\n\t\t<\/section>\n\t\t\t\t<section class=\"has_eae_slider elementor-section elementor-top-section elementor-element elementor-element-70d5d91 elementor-section-boxed elementor-section-height-default elementor-section-height-default wpr-particle-no wpr-jarallax-no wpr-parallax-no wpr-sticky-section-no wpr-equal-height-no elementor-invisible\" data-eae-slider=\"12497\" data-id=\"70d5d91\" data-element_type=\"section\" data-e-type=\"section\" data-settings=\"{&quot;animation&quot;:&quot;fadeInUp&quot;}\">\n\t\t\t\t\t\t<div class=\"elementor-container elementor-column-gap-default\">\n\t\t\t\t\t<div class=\"has_eae_slider elementor-column elementor-col-20 elementor-top-column elementor-element elementor-element-48bc9f7 animated-fast elementor-invisible\" data-eae-slider=\"91996\" data-id=\"48bc9f7\" data-element_type=\"column\" data-e-type=\"column\" data-settings=\"{&quot;background_background&quot;:&quot;classic&quot;,&quot;animation&quot;:&quot;fadeInUp&quot;,&quot;animation_delay&quot;:&quot;300&quot;}\">\n\t\t\t<div class=\"elementor-widget-wrap elementor-element-populated\">\n\t\t\t\t\t<div class=\"elementor-background-overlay\"><\/div>\n\t\t\t\t\t\t<div class=\"elementor-element elementor-element-b85e8d0 elementor-widget__width-initial elementor-widget elementor-widget-image\" data-id=\"b85e8d0\" data-element_type=\"widget\" data-e-type=\"widget\" data-widget_type=\"image.default\">\n\t\t\t\t<div class=\"elementor-widget-container\">\n\t\t\t\t\t\t\t\t\t\t\t\t\t\t\t<img fetchpriority=\"high\" decoding=\"async\" width=\"525\" height=\"296\" src=\"https:\/\/divulga.unila.edu.br\/painelintegrado\/wp-content\/uploads\/sites\/26\/2024\/09\/Pagina-Paineis-Tematicos-1024x577.png\" class=\"attachment-large size-large wp-image-5574\" alt=\"Pain\u00e9is tem\u00e1ticos\" srcset=\"https:\/\/divulga.unila.edu.br\/painelintegrado\/wp-content\/uploads\/sites\/26\/2024\/09\/Pagina-Paineis-Tematicos-1024x577.png 1024w, https:\/\/divulga.unila.edu.br\/painelintegrado\/wp-content\/uploads\/sites\/26\/2024\/09\/Pagina-Paineis-Tematicos-300x169.png 300w, https:\/\/divulga.unila.edu.br\/painelintegrado\/wp-content\/uploads\/sites\/26\/2024\/09\/Pagina-Paineis-Tematicos-768x433.png 768w, https:\/\/divulga.unila.edu.br\/painelintegrado\/wp-content\/uploads\/sites\/26\/2024\/09\/Pagina-Paineis-Tematicos-1536x865.png 1536w, https:\/\/divulga.unila.edu.br\/painelintegrado\/wp-content\/uploads\/sites\/26\/2024\/09\/Pagina-Paineis-Tematicos-205x116.png 205w, https:\/\/divulga.unila.edu.br\/painelintegrado\/wp-content\/uploads\/sites\/26\/2024\/09\/Pagina-Paineis-Tematicos-480x270.png 480w, https:\/\/divulga.unila.edu.br\/painelintegrado\/wp-content\/uploads\/sites\/26\/2024\/09\/Pagina-Paineis-Tematicos.png 1640w\" sizes=\"(max-width: 525px) 100vw, 525px\" \/>\t\t\t\t\t\t\t\t\t\t\t\t\t\t\t<\/div>\n\t\t\t\t<\/div>\n\t\t\t\t<div class=\"elementor-element elementor-element-b85fae9 elementor-align-center elementor-widget elementor-widget-button\" data-id=\"b85fae9\" data-element_type=\"widget\" data-e-type=\"widget\" data-widget_type=\"button.default\">\n\t\t\t\t<div class=\"elementor-widget-container\">\n\t\t\t\t\t\t\t\t\t<div class=\"elementor-button-wrapper\">\n\t\t\t\t\t<a class=\"elementor-button elementor-button-link elementor-size-sm\" href=\"https:\/\/divulga.unila.edu.br\/painelintegrado\/\">\n\t\t\t\t\t\t<span class=\"elementor-button-content-wrapper\">\n\t\t\t\t\t\t\t\t\t<span class=\"elementor-button-text\">Pain\u00e9is Tem\u00e1ticos<\/span>\n\t\t\t\t\t<\/span>\n\t\t\t\t\t<\/a>\n\t\t\t\t<\/div>\n\t\t\t\t\t\t\t\t<\/div>\n\t\t\t\t<\/div>\n\t\t\t\t\t<\/div>\n\t\t<\/div>\n\t\t\t\t<div class=\"has_eae_slider elementor-column elementor-col-20 elementor-top-column elementor-element elementor-element-38bdea7 animated-fast elementor-invisible\" data-eae-slider=\"25909\" data-id=\"38bdea7\" data-element_type=\"column\" data-e-type=\"column\" data-settings=\"{&quot;background_background&quot;:&quot;classic&quot;,&quot;animation&quot;:&quot;fadeInUp&quot;,&quot;animation_delay&quot;:&quot;400&quot;}\">\n\t\t\t<div class=\"elementor-widget-wrap elementor-element-populated\">\n\t\t\t\t\t<div class=\"elementor-background-overlay\"><\/div>\n\t\t\t\t\t\t<div class=\"elementor-element elementor-element-3110136 elementor-widget__width-initial elementor-widget elementor-widget-image\" data-id=\"3110136\" data-element_type=\"widget\" data-e-type=\"widget\" data-widget_type=\"image.default\">\n\t\t\t\t<div class=\"elementor-widget-container\">\n\t\t\t\t\t\t\t\t\t\t\t\t\t\t\t<img decoding=\"async\" width=\"525\" height=\"296\" src=\"https:\/\/divulga.unila.edu.br\/painelintegrado\/wp-content\/uploads\/sites\/26\/2024\/09\/Pagina-LEME-1024x577.png\" class=\"attachment-large size-large wp-image-5625\" alt=\"Painel LEME Institutos\" srcset=\"https:\/\/divulga.unila.edu.br\/painelintegrado\/wp-content\/uploads\/sites\/26\/2024\/09\/Pagina-LEME-1024x577.png 1024w, https:\/\/divulga.unila.edu.br\/painelintegrado\/wp-content\/uploads\/sites\/26\/2024\/09\/Pagina-LEME-300x169.png 300w, https:\/\/divulga.unila.edu.br\/painelintegrado\/wp-content\/uploads\/sites\/26\/2024\/09\/Pagina-LEME-768x433.png 768w, https:\/\/divulga.unila.edu.br\/painelintegrado\/wp-content\/uploads\/sites\/26\/2024\/09\/Pagina-LEME-1536x865.png 1536w, https:\/\/divulga.unila.edu.br\/painelintegrado\/wp-content\/uploads\/sites\/26\/2024\/09\/Pagina-LEME-205x116.png 205w, https:\/\/divulga.unila.edu.br\/painelintegrado\/wp-content\/uploads\/sites\/26\/2024\/09\/Pagina-LEME-480x270.png 480w, https:\/\/divulga.unila.edu.br\/painelintegrado\/wp-content\/uploads\/sites\/26\/2024\/09\/Pagina-LEME.png 1640w\" sizes=\"(max-width: 525px) 100vw, 525px\" \/>\t\t\t\t\t\t\t\t\t\t\t\t\t\t\t<\/div>\n\t\t\t\t<\/div>\n\t\t\t\t<div class=\"elementor-element elementor-element-c67bd39 elementor-widget__width-initial elementor-align-center elementor-widget elementor-widget-button\" data-id=\"c67bd39\" data-element_type=\"widget\" data-e-type=\"widget\" data-widget_type=\"button.default\">\n\t\t\t\t<div class=\"elementor-widget-container\">\n\t\t\t\t\t\t\t\t\t<div class=\"elementor-button-wrapper\">\n\t\t\t\t\t<a class=\"elementor-button elementor-button-link elementor-size-sm\" href=\"https:\/\/divulga.unila.edu.br\/painelintegrado\/leme-institutos\/\">\n\t\t\t\t\t\t<span class=\"elementor-button-content-wrapper\">\n\t\t\t\t\t\t\t\t\t<span class=\"elementor-button-text\">LEME Institutos<\/span>\n\t\t\t\t\t<\/span>\n\t\t\t\t\t<\/a>\n\t\t\t\t<\/div>\n\t\t\t\t\t\t\t\t<\/div>\n\t\t\t\t<\/div>\n\t\t\t\t\t<\/div>\n\t\t<\/div>\n\t\t\t\t<div class=\"has_eae_slider elementor-column elementor-col-20 elementor-top-column elementor-element elementor-element-a653a6a animated-fast elementor-invisible\" data-eae-slider=\"65923\" data-id=\"a653a6a\" data-element_type=\"column\" data-e-type=\"column\" data-settings=\"{&quot;background_background&quot;:&quot;classic&quot;,&quot;animation&quot;:&quot;fadeInUp&quot;,&quot;animation_delay&quot;:&quot;400&quot;}\">\n\t\t\t<div class=\"elementor-widget-wrap elementor-element-populated\">\n\t\t\t\t\t<div class=\"elementor-background-overlay\"><\/div>\n\t\t\t\t\t\t<div class=\"elementor-element elementor-element-4183824 elementor-widget__width-initial elementor-widget elementor-widget-image\" data-id=\"4183824\" data-element_type=\"widget\" data-e-type=\"widget\" data-widget_type=\"image.default\">\n\t\t\t\t<div class=\"elementor-widget-container\">\n\t\t\t\t\t\t\t\t\t\t\t\t\t\t\t<img decoding=\"async\" width=\"525\" height=\"296\" src=\"https:\/\/divulga.unila.edu.br\/painelintegrado\/wp-content\/uploads\/sites\/26\/2024\/09\/Pagina-Sobre-1-1024x577.png\" class=\"attachment-large size-large wp-image-5683\" alt=\"Sobre o Painel Integrado\" srcset=\"https:\/\/divulga.unila.edu.br\/painelintegrado\/wp-content\/uploads\/sites\/26\/2024\/09\/Pagina-Sobre-1-1024x577.png 1024w, https:\/\/divulga.unila.edu.br\/painelintegrado\/wp-content\/uploads\/sites\/26\/2024\/09\/Pagina-Sobre-1-300x169.png 300w, https:\/\/divulga.unila.edu.br\/painelintegrado\/wp-content\/uploads\/sites\/26\/2024\/09\/Pagina-Sobre-1-768x433.png 768w, https:\/\/divulga.unila.edu.br\/painelintegrado\/wp-content\/uploads\/sites\/26\/2024\/09\/Pagina-Sobre-1-1536x865.png 1536w, https:\/\/divulga.unila.edu.br\/painelintegrado\/wp-content\/uploads\/sites\/26\/2024\/09\/Pagina-Sobre-1-205x116.png 205w, https:\/\/divulga.unila.edu.br\/painelintegrado\/wp-content\/uploads\/sites\/26\/2024\/09\/Pagina-Sobre-1-480x270.png 480w, https:\/\/divulga.unila.edu.br\/painelintegrado\/wp-content\/uploads\/sites\/26\/2024\/09\/Pagina-Sobre-1.png 1640w\" sizes=\"(max-width: 525px) 100vw, 525px\" \/>\t\t\t\t\t\t\t\t\t\t\t\t\t\t\t<\/div>\n\t\t\t\t<\/div>\n\t\t\t\t<div class=\"elementor-element elementor-element-2e6b3b9 elementor-align-center elementor-widget__width-initial elementor-widget elementor-widget-button\" data-id=\"2e6b3b9\" data-element_type=\"widget\" data-e-type=\"widget\" data-widget_type=\"button.default\">\n\t\t\t\t<div class=\"elementor-widget-container\">\n\t\t\t\t\t\t\t\t\t<div class=\"elementor-button-wrapper\">\n\t\t\t\t\t<a class=\"elementor-button elementor-button-link elementor-size-sm\" href=\"https:\/\/divulga.unila.edu.br\/painelintegrado\/sobre\/\">\n\t\t\t\t\t\t<span class=\"elementor-button-content-wrapper\">\n\t\t\t\t\t\t\t\t\t<span class=\"elementor-button-text\">Sobre o Painel Integrado<\/span>\n\t\t\t\t\t<\/span>\n\t\t\t\t\t<\/a>\n\t\t\t\t<\/div>\n\t\t\t\t\t\t\t\t<\/div>\n\t\t\t\t<\/div>\n\t\t\t\t\t<\/div>\n\t\t<\/div>\n\t\t\t\t<div class=\"has_eae_slider elementor-column elementor-col-20 elementor-top-column elementor-element elementor-element-da23896 animated-fast elementor-invisible\" data-eae-slider=\"64976\" data-id=\"da23896\" data-element_type=\"column\" data-e-type=\"column\" data-settings=\"{&quot;background_background&quot;:&quot;classic&quot;,&quot;animation&quot;:&quot;fadeInUp&quot;,&quot;animation_delay&quot;:&quot;400&quot;}\">\n\t\t\t<div class=\"elementor-widget-wrap\">\n\t\t\t\t\t<div class=\"elementor-background-overlay\"><\/div>\n\t\t\t\t\t\t\t<\/div>\n\t\t<\/div>\n\t\t\t\t<div class=\"has_eae_slider elementor-column elementor-col-20 elementor-top-column elementor-element elementor-element-c925810\" data-eae-slider=\"78750\" data-id=\"c925810\" data-element_type=\"column\" data-e-type=\"column\">\n\t\t\t<div class=\"elementor-widget-wrap\">\n\t\t\t\t\t\t\t<\/div>\n\t\t<\/div>\n\t\t\t\t\t<\/div>\n\t\t<\/section>\n\t\t\t\t<\/div>\n\t\t","protected":false},"excerpt":{"rendered":"<p>MATERIAL DE APOIO AO USU\u00c1RIO E \u00c0 USU\u00c1RIA DO PAINEL INTEGRADO Textos Tutorial para navega\u00e7\u00e3o pelo Painel Integrado Gloss\u00e1rio de termos empregados no Painel Integrado Gloss\u00e1rio de termos empregados no LEME Institutos Dicion\u00e1rio de indicadores de desempenho da \u00e1rea Acad\u00eamica &#8211; formato convencional Dicion\u00e1rio de indicadores de desempenho da \u00c1rea Acad\u00eamica &#8211; formato leitor de tela V\u00eddeos Destaques: Pain\u00e9is Tem\u00e1ticos LEME Institutos Sobre o Painel Integrado<\/p>\n","protected":false},"author":5,"featured_media":0,"parent":0,"menu_order":0,"comment_status":"closed","ping_status":"closed","template":"elementor_header_footer","meta":{"_uag_custom_page_level_css":"","_themeisle_gutenberg_block_has_review":false,"footnotes":""},"class_list":["post-88","page","type-page","status-publish","hentry"],"uagb_featured_image_src":{"full":false,"thumbnail":false,"medium":false,"medium_large":false,"large":false,"1536x1536":false,"2048x2048":false,"htmega_size_585x295":false,"htmega_size_1170x536":false,"htmega_size_396x360":false,"tainacan-small":false,"tainacan-medium":false,"tainacan-medium-full":false,"tainacan-large-full":false,"iqra-education-featured-image":false,"iqra-education-thumbnail-avatar":false},"uagb_author_info":{"display_name":"roberta.moreno","author_link":"https:\/\/divulga.unila.edu.br\/painelintegrado\/blog\/author\/roberta\/"},"uagb_comment_info":0,"uagb_excerpt":"MATERIAL DE APOIO AO USU\u00c1RIO E \u00c0 USU\u00c1RIA DO PAINEL INTEGRADO Textos Tutorial para navega\u00e7\u00e3o pelo Painel Integrado Gloss\u00e1rio de termos empregados no Painel Integrado Gloss\u00e1rio de termos empregados no LEME Institutos Dicion\u00e1rio de indicadores de desempenho da \u00e1rea Acad\u00eamica &#8211; formato convencional Dicion\u00e1rio de indicadores de desempenho da \u00c1rea Acad\u00eamica &#8211; formato leitor de&hellip;","_links":{"self":[{"href":"https:\/\/divulga.unila.edu.br\/painelintegrado\/wp-json\/wp\/v2\/pages\/88","targetHints":{"allow":["GET"]}}],"collection":[{"href":"https:\/\/divulga.unila.edu.br\/painelintegrado\/wp-json\/wp\/v2\/pages"}],"about":[{"href":"https:\/\/divulga.unila.edu.br\/painelintegrado\/wp-json\/wp\/v2\/types\/page"}],"author":[{"embeddable":true,"href":"https:\/\/divulga.unila.edu.br\/painelintegrado\/wp-json\/wp\/v2\/users\/5"}],"replies":[{"embeddable":true,"href":"https:\/\/divulga.unila.edu.br\/painelintegrado\/wp-json\/wp\/v2\/comments?post=88"}],"version-history":[{"count":423,"href":"https:\/\/divulga.unila.edu.br\/painelintegrado\/wp-json\/wp\/v2\/pages\/88\/revisions"}],"predecessor-version":[{"id":6283,"href":"https:\/\/divulga.unila.edu.br\/painelintegrado\/wp-json\/wp\/v2\/pages\/88\/revisions\/6283"}],"wp:attachment":[{"href":"https:\/\/divulga.unila.edu.br\/painelintegrado\/wp-json\/wp\/v2\/media?parent=88"}],"curies":[{"name":"wp","href":"https:\/\/api.w.org\/{rel}","templated":true}]}}