{"id":76,"date":"2024-10-04T14:43:43","date_gmt":"2024-10-04T17:43:43","guid":{"rendered":"https:\/\/divulga.unila.edu.br\/laca\/?page_id=76"},"modified":"2026-04-06T09:08:00","modified_gmt":"2026-04-06T12:08:00","slug":"integrantes","status":"publish","type":"page","link":"https:\/\/divulga.unila.edu.br\/laca\/integrantes\/","title":{"rendered":"Integrantes"},"content":{"rendered":"\t\t<div data-elementor-type=\"wp-post\" data-elementor-id=\"76\" class=\"elementor elementor-76\">\n\t\t\t\t<div class=\"has_eae_slider elementor-element elementor-element-9609cb9 e-flex e-con-boxed wpr-particle-no wpr-jarallax-no wpr-parallax-no wpr-sticky-section-no e-con e-parent\" data-eae-slider=\"3068\" data-id=\"9609cb9\" data-element_type=\"container\" data-e-type=\"container\">\n\t\t\t\t\t<div class=\"e-con-inner\">\n\t\t\t\t<div class=\"elementor-element elementor-element-88c469c elementor-widget elementor-widget-heading\" data-id=\"88c469c\" data-element_type=\"widget\" data-e-type=\"widget\" data-widget_type=\"heading.default\">\n\t\t\t\t<div class=\"elementor-widget-container\">\n\t\t\t\t\t<h4 class=\"elementor-heading-title elementor-size-default\"><a href=\"http:\/\/lattes.cnpq.br\/3425550580618899\" target=\"_blank\">Coordenador Prof. Dr. Willian Zalewski (Lattes)<\/a><\/h4>\t\t\t\t<\/div>\n\t\t\t\t<\/div>\n\t\t\t\t<div class=\"elementor-element elementor-element-c7bbd0e elementor-widget elementor-widget-text-editor\" data-id=\"c7bbd0e\" data-element_type=\"widget\" data-e-type=\"widget\" data-widget_type=\"text-editor.default\">\n\t\t\t\t<div class=\"elementor-widget-container\">\n\t\t\t\t\t\t\t\t\t<ul><li><span style=\"color: #800080\">Docente no Mestrado em Engenharia El\u00e9trica e Computa\u00e7\u00e3o (<strong>PGEEC\/UNIOESTE<\/strong>)<\/span><\/li><\/ul>\t\t\t\t\t\t\t\t<\/div>\n\t\t\t\t<\/div>\n\t\t\t\t<div class=\"elementor-element elementor-element-b06b16e elementor-widget elementor-widget-heading\" data-id=\"b06b16e\" data-element_type=\"widget\" data-e-type=\"widget\" data-widget_type=\"heading.default\">\n\t\t\t\t<div class=\"elementor-widget-container\">\n\t\t\t\t\t<h4 class=\"elementor-heading-title elementor-size-default\"><a href=\"http:\/\/lattes.cnpq.br\/1177414528561833\" target=\"_blank\">Vice-coordenador Prof. Dr. Joylan Nunes Maciel (Lattes)<\/a><\/h4>\t\t\t\t<\/div>\n\t\t\t\t<\/div>\n\t\t\t\t<div class=\"elementor-element elementor-element-49f3222 elementor-widget elementor-widget-text-editor\" data-id=\"49f3222\" data-element_type=\"widget\" data-e-type=\"widget\" data-widget_type=\"text-editor.default\">\n\t\t\t\t<div class=\"elementor-widget-container\">\n\t\t\t\t\t\t\t\t\t<ul><li><span style=\"color: #800080\">Docente no Mestrado e Doutorado Interdisciplinar em Energia e Sustentabilidade (<strong>PPGIES\/UNILA<\/strong>)<\/span><\/li><li><span style=\"color: #800080\">Docente no Mestrado em F\u00edsica Aplicada (<strong>PPGFISA\/UNILA<\/strong>)<\/span><\/li><\/ul>\t\t\t\t\t\t\t\t<\/div>\n\t\t\t\t<\/div>\n\t\t\t\t\t<\/div>\n\t\t\t\t<\/div>\n\t\t<div class=\"has_eae_slider elementor-element elementor-element-ec3cb47 e-flex e-con-boxed wpr-particle-no wpr-jarallax-no wpr-parallax-no wpr-sticky-section-no e-con e-parent\" data-eae-slider=\"94474\" data-id=\"ec3cb47\" data-element_type=\"container\" data-e-type=\"container\">\n\t\t\t\t\t<div class=\"e-con-inner\">\n\t\t\t\t<div class=\"elementor-element elementor-element-d923988 elementor-widget elementor-widget-heading\" data-id=\"d923988\" data-element_type=\"widget\" data-e-type=\"widget\" data-widget_type=\"heading.default\">\n\t\t\t\t<div class=\"elementor-widget-container\">\n\t\t\t\t\t<h4 class=\"elementor-heading-title elementor-size-default\">Pesquisadores(as) Colaboradores(as)<\/h4>\t\t\t\t<\/div>\n\t\t\t\t<\/div>\n\t\t\t\t<div class=\"elementor-element elementor-element-ec409a7 elementor-widget elementor-widget-text-editor\" data-id=\"ec409a7\" data-element_type=\"widget\" data-e-type=\"widget\" data-widget_type=\"text-editor.default\">\n\t\t\t\t<div class=\"elementor-widget-container\">\n\t\t\t\t\t\t\t\t\t<ol>\n<li><span style=\"color: #800080\">Prof. Dr. Oswaldo Hideo Ando Junior &#8211; <b>UFPB<\/b><\/span><\/li>\n<li><span style=\"color: #800080\">Prof. Dr. Andr\u00e9 Gustavo Maletzke &#8211; <b>UNIOESTE<\/b><\/span><\/li>\n<li><span style=\"color: #800080\">Prof. Dr. Egon Vettorazzi &#8211; <b>UNILA<\/b><\/span><\/li>\n<li><span style=\"color: #800080\">Prof. Dr. Franscisney Pinto do Nascimento &#8211; <b>UNILA<\/b><\/span><\/li>\n<li><span style=\"color: #800080\">Prof. Dr. Marco Roberto Cavallari &#8211; <b>UNICAMP<\/b><\/span><\/li>\n<li><span style=\"color: #800080\">Profa. Dra. Liliane Cristina Battirola &#8211; <b>UNILA<\/b><\/span><\/li>\n<li><span style=\"color: #800080\">Profa. Dra. Gilc\u00e9lia Aparecida Cordeiro &#8211; <b>UNILA<\/b><\/span><\/li>\n<li><span style=\"color: #800080\">Prof. Dr. Jorge Javier Gimenez Ledesma &#8211; <b>UNILA<\/b><\/span><\/li>\n<li><span style=\"color: #800080\">Prof. Dr. Renato Bobsin Machado &#8211; <b>UNIOESTE<\/b><\/span><\/li>\n<li><span style=\"color: #800080\">Prof. Dr. Bruno C\u00e9sar Ribas &#8211; <b>UNB<\/b><\/span><\/li>\n<\/ol>\t\t\t\t\t\t\t\t<\/div>\n\t\t\t\t<\/div>\n\t\t\t\t<div class=\"elementor-element elementor-element-d21e497 elementor-widget elementor-widget-heading\" data-id=\"d21e497\" data-element_type=\"widget\" data-e-type=\"widget\" data-widget_type=\"heading.default\">\n\t\t\t\t<div class=\"elementor-widget-container\">\n\t\t\t\t\t<h4 class=\"elementor-heading-title elementor-size-default\">Discentes de Gradua\u00e7\u00e3o<\/h4>\t\t\t\t<\/div>\n\t\t\t\t<\/div>\n\t\t\t\t<div class=\"elementor-element elementor-element-01d4807 elementor-widget elementor-widget-text-editor\" data-id=\"01d4807\" data-element_type=\"widget\" data-e-type=\"widget\" data-widget_type=\"text-editor.default\">\n\t\t\t\t<div class=\"elementor-widget-container\">\n\t\t\t\t\t\t\t\t\t<ol><li><span style=\"color: #800080\">Antoni Alexander Morales Elvir (bolsista<span style=\"font-size: 16.8px\">\u00a0de pesquisa<\/span>)<\/span><\/li><li><span style=\"color: #800080\">Bruno Henrique Dourado Macedo (bolsista<span style=\"font-size: 16.8px\">\u00a0de pesquisa<\/span>)<\/span><\/li><li><span style=\"color: #800080\">Carlos Daniel Flecha Sosa (bolsista<span style=\"font-size: 16.8px\"> de pesquisa)<\/span><\/span><\/li><li><span style=\"color: #800080\">Jonathan Ariel Salinas Espinola (bolsista<span style=\"font-size: 16.8px\">\u00a0de pesquisa<\/span>)<\/span><\/li><li><span style=\"color: #800080\">Margarita Chacon Romero (bolsista<span style=\"font-size: 16.8px\">\u00a0de pesquisa<\/span>)<\/span><\/li><li><span style=\"color: #800080\">Nicole Estefani Vega Cuevas (bolsista de pesquisa)<\/span><\/li><li><span style=\"color: #800080\">Sulamyta Maria de Morais (bolsista de extens\u00e3o)<\/span><\/li><li><span style=\"color: #800080\">Theodora Ribeiro de Oliveira (bolsista<span style=\"font-size: 16.8px\">\u00a0de pesquisa<\/span>)<\/span><\/li><li><span style=\"color: #800080\">Victoria dos Santos Ornelas (bolsista<span style=\"font-size: 16.8px\">\u00a0de pesquisa<\/span>)<\/span><\/li><li><span style=\"color: #800080;font-size: 16.8px\">Carlos Mario Uni Jamioy (volunt\u00e1rio de pesquisa)<\/span><\/li><li><span style=\"color: #800080\">\u00a0<\/span><span style=\"color: #800080\">Ketheline Berlin\u00a0<\/span><span style=\"color: #800080;font-size: 16.8px\">(bolsista de pesquisa)<\/span><\/li><li><span style=\"color: #800080;font-size: 16.8px\">Daniela Medina Herrera<\/span><span style=\"color: #800080\">\u00a0<\/span><span style=\"color: #800080;font-size: 16.8px\">(bolsista de pesquisa)<\/span><\/li><li><span style=\"color: #800080;font-size: 16.8px\">Roque Gabriel Villa Fari\u00f1a<\/span><span style=\"color: #800080\">\u00a0<\/span><span style=\"color: #800080;font-size: 16.8px\">(bolsista de pesquisa)<\/span><span style=\"color: #800080;font-size: 16.8px\"><br \/><\/span><\/li><li><span style=\"color: #800080\">Izabelly Dalcegio Dos Santos Freitas Barros (bolsista de monitoria)<\/span><\/li><\/ol>\t\t\t\t\t\t\t\t<\/div>\n\t\t\t\t<\/div>\n\t\t\t\t\t<\/div>\n\t\t\t\t<\/div>\n\t\t<div class=\"has_eae_slider elementor-element elementor-element-90392fb e-flex e-con-boxed wpr-particle-no wpr-jarallax-no wpr-parallax-no wpr-sticky-section-no e-con e-parent\" data-eae-slider=\"24172\" data-id=\"90392fb\" data-element_type=\"container\" data-e-type=\"container\">\n\t\t\t\t\t<div class=\"e-con-inner\">\n\t\t\t\t<div class=\"elementor-element elementor-element-026cf73 elementor-widget elementor-widget-heading\" data-id=\"026cf73\" data-element_type=\"widget\" data-e-type=\"widget\" data-widget_type=\"heading.default\">\n\t\t\t\t<div class=\"elementor-widget-container\">\n\t\t\t\t\t<h4 class=\"elementor-heading-title elementor-size-default\">Discentes de P\u00f3s-gradua\u00e7\u00e3o<\/h4>\t\t\t\t<\/div>\n\t\t\t\t<\/div>\n\t\t\t\t<div class=\"elementor-element elementor-element-8e31854 elementor-widget elementor-widget-text-editor\" data-id=\"8e31854\" data-element_type=\"widget\" data-e-type=\"widget\" data-widget_type=\"text-editor.default\">\n\t\t\t\t<div class=\"elementor-widget-container\">\n\t\t\t\t\t\t\t\t\t<ol><li><span style=\"color: #800080\">Giovane Roney Silvestrin \/\u00a0<span style=\"font-weight: bolder\">Doutorado<\/span>\u00a0\/ PPGIES-UNILA<\/span><\/li><li><span style=\"color: #800080\">Norah Diaz Sanchez Torres \/ <\/span><strong style=\"color: #800080\">Doutorado<\/strong><span style=\"color: #800080\"> \/ PPGIES-UNILA<\/span><\/li><li><span style=\"color: #800080;font-size: 16.8px\">Isabella Caroline Sachini Lorena \/ <strong>Mestrado<\/strong> \/ PPGEEC-UNIOESTE<\/span><\/li><li><span style=\"color: #800080;font-size: 16.8px\"><span style=\"font-size: 16.8px\">Julio Cesar Riveros Cardus\u00a0<\/span><\/span><span style=\"color: #800080;font-size: 16.8px\">\/\u00a0<\/span><span style=\"font-weight: bolder;color: #800080;font-size: 16.8px\">Mestrado<\/span><span style=\"color: #800080;font-size: 16.8px\">\u00a0\/ PPGEEC-UNIOESTE<\/span><\/li><li><span style=\"color: #800080;font-size: 16.8px\">Karen Liseth Gav\u00edria Rojas \/ <strong>Mestrado<\/strong> \/ PPGIES-UNILA<\/span><\/li><li><span style=\"color: #800080;font-size: 16.8px\">Gustavo Soares Pinto<\/span><span style=\"color: #800080;font-size: 16.8px\">\u00a0\/\u00a0<\/span><span style=\"font-weight: bolder;color: #800080;font-size: 16.8px\">Mestrado<\/span><span style=\"color: #800080;font-size: 16.8px\">\u00a0\/ PPGFISA-UNILA<\/span><\/li><\/ol>\t\t\t\t\t\t\t\t<\/div>\n\t\t\t\t<\/div>\n\t\t\t\t\t<\/div>\n\t\t\t\t<\/div>\n\t\t<div class=\"has_eae_slider elementor-element elementor-element-2271e19 e-flex e-con-boxed wpr-particle-no wpr-jarallax-no wpr-parallax-no wpr-sticky-section-no e-con e-parent\" data-eae-slider=\"67982\" data-id=\"2271e19\" data-element_type=\"container\" data-e-type=\"container\">\n\t\t\t\t\t<div class=\"e-con-inner\">\n\t\t\t\t<div class=\"elementor-element elementor-element-1d371d4 elementor-widget elementor-widget-heading\" data-id=\"1d371d4\" data-element_type=\"widget\" data-e-type=\"widget\" data-widget_type=\"heading.default\">\n\t\t\t\t<div class=\"elementor-widget-container\">\n\t\t\t\t\t<h4 class=\"elementor-heading-title elementor-size-default\">Ex-integrantes<\/h4>\t\t\t\t<\/div>\n\t\t\t\t<\/div>\n\t\t\t\t<div class=\"elementor-element elementor-element-2b892ad elementor-widget elementor-widget-text-editor\" data-id=\"2b892ad\" data-element_type=\"widget\" data-e-type=\"widget\" data-widget_type=\"text-editor.default\">\n\t\t\t\t<div class=\"elementor-widget-container\">\n\t\t\t\t\t\t\t\t\t<ol><li style=\"font-size: 16.8px\"><span style=\"color: #800080\">Adel Karim Moussa \/ Mestrado \/ PPGFISA-UNILA<\/span><\/li><li style=\"font-size: 16.8px\"><span style=\"color: #800080\">Marielle Bastos \/ bolsista de Inicia\u00e7\u00e3o Cient\u00edfica<\/span><\/li><li style=\"font-size: 16.8px\"><span style=\"color: #800080\">Luanna Leticia de Oliveira Aquino \/\u00a0<span style=\"font-size: 16.8px\">bolsista de Inicia\u00e7\u00e3o Cient\u00edfica<\/span><\/span><\/li><li style=\"font-size: 16.8px\"><span style=\"color: #800080\">Leyriel Zurita Gonz\u00e1lez \/ bolsista de Monitoria<\/span><\/li><li style=\"font-size: 16.8px\"><span style=\"color: #800080\">Giovana Borges Castro \/ bolsista de Monitoria<\/span><\/li><li style=\"font-size: 16.8px\"><span style=\"color: #800080\">Evelio Antonio Piedra Cueria \/ bolsista de Monitoria<br \/><\/span><\/li><li style=\"font-size: 16.8px\"><span style=\"color: #800080\">Jorge Hernando Tob\u00f3n L\u00f3pez \/ TCC<\/span><\/li><li style=\"font-size: 16.8px\"><span style=\"color: #800080\">Gustavo Campoi de Souza \/ bolsista de Inicia\u00e7\u00e3o Cient\u00edfica \/ TCC<\/span><\/li><li style=\"font-size: 16.8px\"><span style=\"color: #800080\">Luiza Eduarda Bergamo dos S. Reichert \/ Bolsista<span style=\"font-size: 16.8px\">\u00a0de Extens\u00e3o<\/span><\/span><\/li><li style=\"font-size: 16.8px\"><span style=\"color: #800080\"><span style=\"font-size: 16.8px\">Julio Cesar Riveros Cardus \/ bolsista\u00a0<span style=\"font-size: 16.8px\">de Inicia\u00e7\u00e3o Cient\u00edfica\u00a0<\/span>e Estagi\u00e1rio<\/span><\/span><\/li><li style=\"font-size: 16.8px\"><span style=\"color: #800080\">Dhyogo Piovesan \/\u00a0<\/span><span style=\"color: #800080;font-size: 16.8px\">bolsista\u00a0<\/span><span style=\"color: #800080;font-size: 16.8px\">de Inicia\u00e7\u00e3o Cient\u00edfica\u00a0<\/span><\/li><li style=\"font-size: 16.8px\"><span style=\"color: #800080\">Katherine Rojas Salazar\u00a0<\/span><span style=\"color: #800080;font-size: 16.8px\">bolsista\u00a0<\/span><span style=\"color: #800080;font-size: 16.8px\">de Inicia\u00e7\u00e3o Cient\u00edfica\u00a0<\/span><\/li><li><span style=\"color: #800080\">Javier Jose Garcia Barreto \/ bolsista de Monitoria\u00a0<\/span><\/li><\/ol>\t\t\t\t\t\t\t\t<\/div>\n\t\t\t\t<\/div>\n\t\t\t\t<div class=\"elementor-element elementor-element-b6f086a elementor-widget elementor-widget-text-editor\" data-id=\"b6f086a\" data-element_type=\"widget\" data-e-type=\"widget\" data-widget_type=\"text-editor.default\">\n\t\t\t\t<div class=\"elementor-widget-container\">\n\t\t\t\t\t\t\t\t\t<p style=\"text-align: center\"><span style=\"font-size: 16.8px;text-align: center;color: #800080\">\u00daltima atualiza\u00e7\u00e3o: 01\/04\/2026<\/span><\/p>\t\t\t\t\t\t\t\t<\/div>\n\t\t\t\t<\/div>\n\t\t\t\t\t<\/div>\n\t\t\t\t<\/div>\n\t\t\t\t<\/div>\n\t\t","protected":false},"excerpt":{"rendered":"<p>Coordenador Prof. Dr. Willian Zalewski (Lattes) Docente no Mestrado em Engenharia El\u00e9trica e Computa\u00e7\u00e3o (PGEEC\/UNIOESTE) Vice-coordenador Prof. Dr. Joylan Nunes Maciel (Lattes) Docente no Mestrado e Doutorado Interdisciplinar em Energia e Sustentabilidade (PPGIES\/UNILA) Docente no Mestrado em F\u00edsica Aplicada (PPGFISA\/UNILA) Pesquisadores(as) Colaboradores(as) Prof. Dr. Oswaldo Hideo Ando Junior &#8211; UFPB Prof. Dr. Andr\u00e9 Gustavo Maletzke &#8211; UNIOESTE Prof. Dr. Egon Vettorazzi &#8211; UNILA Prof. Dr. Franscisney Pinto do Nascimento &#8211; UNILA Prof. Dr. Marco Roberto Cavallari &#8211; UNICAMP Profa. Dra. Liliane Cristina Battirola &#8211; UNILA Profa. Dra. Gilc\u00e9lia Aparecida Cordeiro &#8211; UNILA Prof. Dr. Jorge Javier Gimenez Ledesma &#8211; UNILA Prof. Dr. Renato Bobsin Machado &#8211; UNIOESTE Prof. Dr. Bruno C\u00e9sar Ribas &#8211; UNB Discentes de Gradua\u00e7\u00e3o Antoni Alexander Morales Elvir (bolsista\u00a0de pesquisa) Bruno Henrique Dourado Macedo (bolsista\u00a0de pesquisa) Carlos Daniel Flecha Sosa (bolsista de pesquisa) Jonathan Ariel Salinas Espinola (bolsista\u00a0de pesquisa) Margarita Chacon Romero (bolsista\u00a0de pesquisa) Nicole Estefani Vega Cuevas (bolsista de pesquisa) Sulamyta Maria de Morais (bolsista de extens\u00e3o) Theodora Ribeiro de Oliveira (bolsista\u00a0de pesquisa) Victoria dos Santos Ornelas (bolsista\u00a0de pesquisa) Carlos Mario Uni Jamioy (volunt\u00e1rio de pesquisa) \u00a0Ketheline Berlin\u00a0(bolsista de pesquisa) Daniela Medina Herrera\u00a0(bolsista de pesquisa) Roque Gabriel Villa Fari\u00f1a\u00a0(bolsista de pesquisa) Izabelly Dalcegio Dos Santos Freitas Barros (bolsista de monitoria) Discentes de P\u00f3s-gradua\u00e7\u00e3o Giovane Roney Silvestrin \/\u00a0Doutorado\u00a0\/ PPGIES-UNILA Norah Diaz Sanchez Torres \/ Doutorado \/ PPGIES-UNILA Isabella Caroline Sachini Lorena \/ Mestrado \/ PPGEEC-UNIOESTE Julio Cesar Riveros Cardus\u00a0\/\u00a0Mestrado\u00a0\/ PPGEEC-UNIOESTE Karen Liseth Gav\u00edria Rojas \/ Mestrado \/ PPGIES-UNILA Gustavo Soares Pinto\u00a0\/\u00a0Mestrado\u00a0\/ PPGFISA-UNILA Ex-integrantes Adel Karim Moussa \/ Mestrado \/ PPGFISA-UNILA Marielle Bastos \/ bolsista de Inicia\u00e7\u00e3o Cient\u00edfica Luanna Leticia de Oliveira Aquino \/\u00a0bolsista de Inicia\u00e7\u00e3o Cient\u00edfica Leyriel Zurita Gonz\u00e1lez \/ bolsista de Monitoria Giovana Borges Castro \/ bolsista de Monitoria Evelio Antonio Piedra Cueria \/ bolsista de Monitoria Jorge Hernando Tob\u00f3n L\u00f3pez \/ TCC Gustavo Campoi de Souza \/ bolsista de Inicia\u00e7\u00e3o Cient\u00edfica \/ TCC Luiza Eduarda Bergamo dos S. Reichert \/ Bolsista\u00a0de Extens\u00e3o Julio Cesar Riveros Cardus \/ bolsista\u00a0de Inicia\u00e7\u00e3o Cient\u00edfica\u00a0e Estagi\u00e1rio Dhyogo Piovesan \/\u00a0bolsista\u00a0de Inicia\u00e7\u00e3o Cient\u00edfica\u00a0 Katherine Rojas Salazar\u00a0bolsista\u00a0de Inicia\u00e7\u00e3o Cient\u00edfica\u00a0 Javier Jose Garcia Barreto \/ bolsista de Monitoria\u00a0 \u00daltima atualiza\u00e7\u00e3o: 01\/04\/2026<\/p>\n","protected":false},"author":122,"featured_media":0,"parent":0,"menu_order":4,"comment_status":"closed","ping_status":"closed","template":"","meta":{"_uag_custom_page_level_css":"","_themeisle_gutenberg_block_has_review":false,"footnotes":""},"class_list":["post-76","page","type-page","status-publish","hentry"],"uagb_featured_image_src":{"full":false,"thumbnail":false,"medium":false,"medium_large":false,"large":false,"1536x1536":false,"2048x2048":false,"htmega_size_585x295":false,"htmega_size_1170x536":false,"htmega_size_396x360":false,"tainacan-small":false,"tainacan-medium":false,"tainacan-medium-full":false,"tainacan-large-full":false,"foyer":false,"foyer_fhd":false,"foyer_fhd_square":false},"uagb_author_info":{"display_name":"joylan.maciel","author_link":"https:\/\/divulga.unila.edu.br\/laca\/author\/joylanmaciel\/"},"uagb_comment_info":0,"uagb_excerpt":"Coordenador Prof. Dr. Willian Zalewski (Lattes) Docente no Mestrado em Engenharia El\u00e9trica e Computa\u00e7\u00e3o (PGEEC\/UNIOESTE) Vice-coordenador Prof. Dr. Joylan Nunes Maciel (Lattes) Docente no Mestrado e Doutorado Interdisciplinar em Energia e Sustentabilidade (PPGIES\/UNILA) Docente no Mestrado em F\u00edsica Aplicada (PPGFISA\/UNILA) Pesquisadores(as) Colaboradores(as) Prof. Dr. Oswaldo Hideo Ando Junior &#8211; UFPB Prof. Dr. Andr\u00e9 Gustavo Maletzke&hellip;","_links":{"self":[{"href":"https:\/\/divulga.unila.edu.br\/laca\/wp-json\/wp\/v2\/pages\/76","targetHints":{"allow":["GET"]}}],"collection":[{"href":"https:\/\/divulga.unila.edu.br\/laca\/wp-json\/wp\/v2\/pages"}],"about":[{"href":"https:\/\/divulga.unila.edu.br\/laca\/wp-json\/wp\/v2\/types\/page"}],"author":[{"embeddable":true,"href":"https:\/\/divulga.unila.edu.br\/laca\/wp-json\/wp\/v2\/users\/122"}],"replies":[{"embeddable":true,"href":"https:\/\/divulga.unila.edu.br\/laca\/wp-json\/wp\/v2\/comments?post=76"}],"version-history":[{"count":213,"href":"https:\/\/divulga.unila.edu.br\/laca\/wp-json\/wp\/v2\/pages\/76\/revisions"}],"predecessor-version":[{"id":4920,"href":"https:\/\/divulga.unila.edu.br\/laca\/wp-json\/wp\/v2\/pages\/76\/revisions\/4920"}],"wp:attachment":[{"href":"https:\/\/divulga.unila.edu.br\/laca\/wp-json\/wp\/v2\/media?parent=76"}],"curies":[{"name":"wp","href":"https:\/\/api.w.org\/{rel}","templated":true}]}}