{"id":4358,"date":"2025-11-15T15:13:08","date_gmt":"2025-11-15T18:13:08","guid":{"rendered":"https:\/\/divulga.unila.edu.br\/laca\/?page_id=4358"},"modified":"2026-01-19T14:43:05","modified_gmt":"2026-01-19T17:43:05","slug":"solucoes","status":"publish","type":"page","link":"https:\/\/divulga.unila.edu.br\/laca\/solucoes\/","title":{"rendered":"Solu\u00e7\u00f5es"},"content":{"rendered":"\t\t<div data-elementor-type=\"wp-page\" data-elementor-id=\"4358\" class=\"elementor elementor-4358\">\n\t\t\t\t<div class=\"has_eae_slider elementor-element elementor-element-22db1b5 e-flex e-con-boxed wpr-particle-no wpr-jarallax-no wpr-parallax-no wpr-sticky-section-no e-con e-parent\" data-eae-slider=\"76499\" data-id=\"22db1b5\" data-element_type=\"container\" data-e-type=\"container\">\n\t\t\t\t\t<div class=\"e-con-inner\">\n\t\t\t\t<div class=\"elementor-element elementor-element-7d154e5 elementor-widget elementor-widget-text-editor\" data-id=\"7d154e5\" data-element_type=\"widget\" data-e-type=\"widget\" data-widget_type=\"text-editor.default\">\n\t\t\t\t<div class=\"elementor-widget-container\">\n\t\t\t\t\t\t\t\t\t<ul>\n<li><span style=\"color: #800080\"><strong>Aplicativo EQUIVALENT: <\/strong>\u00e9 um sistema multiplataforma (Windows, Linux e MacOS) que calcula fechamentos equivalentes de elementos construtivos para uso no aplicativo EnergyPlus. Simplifica e agiliza simula\u00e7\u00f5es termoenerg\u00e9ticas, permitindo aos profissionais projetar o desempenho energ\u00e9tico de edifica\u00e7\u00f5es de forma mais precisa, segura e acess\u00edvel&nbsp;<strong><a style=\"color: #800080\" href=\"https:\/\/sites.google.com\/view\/programa-equivalent\" target=\"_blank\" rel=\"noopener\">(link)<\/a><\/strong><\/span><\/li>\n<li><span style=\"color: #800080\"><strong><em>Hybrid Prediction Method<\/em>: <\/strong>sistema e<strong>&nbsp;<\/strong>m\u00e9todo de predi\u00e7\u00e3o da irradi\u00e2ncia solar aplicado \u00e0 gera\u00e7\u00e3o de energia fotovoltaica. Utilizando imagem do c\u00e9u, o m\u00e9todo realiza predi\u00e7\u00f5es de curto-prazo e fornece informa\u00e7\u00f5es para mitigar a variabilidade de gera\u00e7\u00e3o de energia, contribuindo para a seguran\u00e7a e estabilidade da rede el\u00e9trica&nbsp;<strong><a style=\"color: #800080\" href=\"https:\/\/doi.org\/10.1016\/j.rser.2023.114185\" target=\"_blank\" rel=\"noopener\">(link)<\/a><\/strong><\/span><\/li>\n<li><span style=\"color: #800080\"><strong>Predi\u00e7\u00e3o do Comportamento Mec\u00e2nico de Nanocomp\u00f3sitos<\/strong>: a solu\u00e7\u00e3o emprega uma Rede Neural Artificial (RNA) para modelar e prever com precis\u00e3o as propriedades mec\u00e2nicas (tens\u00e3o m\u00e1xima, m\u00f3dulo de Young) de nanocomp\u00f3sitos de poli(\u00e1cido l\u00e1tico) (PLA)\/nanocristais de celulose (CNC) e permitindo&nbsp;reduzir a necessidade de extensos experimentos f\u00edsicos, resultando em economia de tempo e recursos na caracteriza\u00e7\u00e3o de novos materiais <strong><a style=\"color: #800080\" href=\"https:\/\/doi.org\/10.1007\/s10853-025-10822-9\" target=\"_blank\" rel=\"noopener\">(link)<\/a>.<\/strong><\/span><\/li>\n<li><span><font color=\"#800080\">\t<\/font><\/span><font color=\"#800080\"><b><i>Battery Multi-Horizon Predictions<\/i><\/b>: sistema capaz de prever m\u00faltiplos horizontes de vida \u00fatil remanescente e estado de sa\u00fade de baterias para suporte \u00e0 tomada de decis\u00e3o e planejamento de manuten\u00e7\u00e3o.<\/font><\/li>\n<li><font color=\"#800080\"><b>Sistema de Diagn\u00f3stico de Falhas em Motores<\/b>: utiliza modelos preditivos de Intelig\u00eancia Artificial e t\u00e9cnicas n\u00e3o invasivas com \u00e1udio para identificar falhas em motores de combust\u00e3o interna, otimizando a manuten\u00e7\u00e3o preventiva e a seguran\u00e7a operacional (link)<\/font><\/li>\n<li><font color=\"#800080\">Em atualiza\u00e7\u00e3o.<\/font><\/li><\/ul>\t\t\t\t\t\t\t\t<\/div>\n\t\t\t\t<\/div>\n\t\t\t\t\t<\/div>\n\t\t\t\t<\/div>\n\t\t\t\t<\/div>\n\t\t","protected":false},"excerpt":{"rendered":"<p>Aplicativo EQUIVALENT: \u00e9 um sistema multiplataforma (Windows, Linux e MacOS) que calcula fechamentos equivalentes de elementos construtivos para uso no aplicativo EnergyPlus. Simplifica e agiliza simula\u00e7\u00f5es termoenerg\u00e9ticas, permitindo aos profissionais projetar o desempenho energ\u00e9tico de edifica\u00e7\u00f5es de forma mais precisa, segura e acess\u00edvel&nbsp;(link) Hybrid Prediction Method: sistema e&nbsp;m\u00e9todo de predi\u00e7\u00e3o da irradi\u00e2ncia solar aplicado \u00e0 gera\u00e7\u00e3o de energia fotovoltaica. Utilizando imagem do c\u00e9u, o m\u00e9todo realiza predi\u00e7\u00f5es de curto-prazo e fornece informa\u00e7\u00f5es para mitigar a variabilidade de gera\u00e7\u00e3o de energia, contribuindo para a seguran\u00e7a e estabilidade da rede el\u00e9trica&nbsp;(link) Predi\u00e7\u00e3o do Comportamento Mec\u00e2nico de Nanocomp\u00f3sitos: a solu\u00e7\u00e3o emprega uma Rede Neural Artificial (RNA) para modelar e prever com precis\u00e3o as propriedades mec\u00e2nicas (tens\u00e3o m\u00e1xima, m\u00f3dulo de Young) de nanocomp\u00f3sitos de poli(\u00e1cido l\u00e1tico) (PLA)\/nanocristais de celulose (CNC) e permitindo&nbsp;reduzir a necessidade de extensos experimentos f\u00edsicos, resultando em economia de tempo e recursos na caracteriza\u00e7\u00e3o de novos materiais (link). Battery Multi-Horizon Predictions: sistema capaz de prever m\u00faltiplos horizontes de vida \u00fatil remanescente e estado de sa\u00fade de baterias para suporte \u00e0 tomada de decis\u00e3o e planejamento de manuten\u00e7\u00e3o. Sistema de Diagn\u00f3stico de Falhas em Motores: utiliza modelos preditivos de Intelig\u00eancia Artificial e t\u00e9cnicas n\u00e3o invasivas com \u00e1udio para identificar falhas em motores de combust\u00e3o interna, otimizando a manuten\u00e7\u00e3o preventiva e a seguran\u00e7a operacional (link) Em atualiza\u00e7\u00e3o.<\/p>\n","protected":false},"author":122,"featured_media":0,"parent":0,"menu_order":6,"comment_status":"closed","ping_status":"closed","template":"","meta":{"_uag_custom_page_level_css":"","_themeisle_gutenberg_block_has_review":false,"footnotes":""},"class_list":["post-4358","page","type-page","status-publish","hentry"],"uagb_featured_image_src":{"full":false,"thumbnail":false,"medium":false,"medium_large":false,"large":false,"1536x1536":false,"2048x2048":false,"htmega_size_585x295":false,"htmega_size_1170x536":false,"htmega_size_396x360":false,"tainacan-small":false,"tainacan-medium":false,"tainacan-medium-full":false,"tainacan-large-full":false,"foyer":false,"foyer_fhd":false,"foyer_fhd_square":false},"uagb_author_info":{"display_name":"joylan.maciel","author_link":"https:\/\/divulga.unila.edu.br\/laca\/author\/joylanmaciel\/"},"uagb_comment_info":0,"uagb_excerpt":"Aplicativo EQUIVALENT: \u00e9 um sistema multiplataforma (Windows, Linux e MacOS) que calcula fechamentos equivalentes de elementos construtivos para uso no aplicativo EnergyPlus. Simplifica e agiliza simula\u00e7\u00f5es termoenerg\u00e9ticas, permitindo aos profissionais projetar o desempenho energ\u00e9tico de edifica\u00e7\u00f5es de forma mais precisa, segura e acess\u00edvel&nbsp;(link) Hybrid Prediction Method: sistema e&nbsp;m\u00e9todo de predi\u00e7\u00e3o da irradi\u00e2ncia solar aplicado \u00e0&hellip;","_links":{"self":[{"href":"https:\/\/divulga.unila.edu.br\/laca\/wp-json\/wp\/v2\/pages\/4358","targetHints":{"allow":["GET"]}}],"collection":[{"href":"https:\/\/divulga.unila.edu.br\/laca\/wp-json\/wp\/v2\/pages"}],"about":[{"href":"https:\/\/divulga.unila.edu.br\/laca\/wp-json\/wp\/v2\/types\/page"}],"author":[{"embeddable":true,"href":"https:\/\/divulga.unila.edu.br\/laca\/wp-json\/wp\/v2\/users\/122"}],"replies":[{"embeddable":true,"href":"https:\/\/divulga.unila.edu.br\/laca\/wp-json\/wp\/v2\/comments?post=4358"}],"version-history":[{"count":56,"href":"https:\/\/divulga.unila.edu.br\/laca\/wp-json\/wp\/v2\/pages\/4358\/revisions"}],"predecessor-version":[{"id":4679,"href":"https:\/\/divulga.unila.edu.br\/laca\/wp-json\/wp\/v2\/pages\/4358\/revisions\/4679"}],"wp:attachment":[{"href":"https:\/\/divulga.unila.edu.br\/laca\/wp-json\/wp\/v2\/media?parent=4358"}],"curies":[{"name":"wp","href":"https:\/\/api.w.org\/{rel}","templated":true}]}}