{"id":35,"date":"2024-10-03T20:54:46","date_gmt":"2024-10-03T23:54:46","guid":{"rendered":"https:\/\/divulga.unila.edu.br\/laca\/?page_id=35"},"modified":"2026-05-08T17:57:31","modified_gmt":"2026-05-08T20:57:31","slug":"home","status":"publish","type":"page","link":"https:\/\/divulga.unila.edu.br\/laca\/","title":{"rendered":"Home"},"content":{"rendered":"\t\t<div data-elementor-type=\"wp-page\" data-elementor-id=\"35\" class=\"elementor elementor-35\">\n\t\t\t\t<div class=\"has_eae_slider elementor-element elementor-element-99171af e-con-full e-flex wpr-particle-no wpr-jarallax-no wpr-parallax-no wpr-sticky-section-no wpr-equal-height-no e-con e-parent\" data-eae-slider=\"8546\" data-id=\"99171af\" data-element_type=\"container\" data-e-type=\"container\">\n\t\t\t\t<div class=\"elementor-element elementor-element-bdf6924 elementor-widget elementor-widget-spacer\" data-id=\"bdf6924\" data-element_type=\"widget\" data-e-type=\"widget\" data-widget_type=\"spacer.default\">\n\t\t\t\t<div class=\"elementor-widget-container\">\n\t\t\t\t\t\t\t<div class=\"elementor-spacer\">\n\t\t\t<div class=\"elementor-spacer-inner\"><\/div>\n\t\t<\/div>\n\t\t\t\t\t\t<\/div>\n\t\t\t\t<\/div>\n\t\t\t\t<div class=\"elementor-element elementor-element-c953498 elementor-widget elementor-widget-heading\" data-id=\"c953498\" data-element_type=\"widget\" data-e-type=\"widget\" data-widget_type=\"heading.default\">\n\t\t\t\t<div class=\"elementor-widget-container\">\n\t\t\t\t\t<h3 class=\"elementor-heading-title elementor-size-default\">Objetivo<\/h3>\t\t\t\t<\/div>\n\t\t\t\t<\/div>\n\t\t\t\t<div class=\"elementor-element elementor-element-55771a6 elementor-widget elementor-widget-text-editor\" data-id=\"55771a6\" data-element_type=\"widget\" data-e-type=\"widget\" data-widget_type=\"text-editor.default\">\n\t\t\t\t<div class=\"elementor-widget-container\">\n\t\t\t\t\t\t\t\t\t<p style=\"text-align: justify\"><span style=\"color: #800080\">O Laborat\u00f3rio de Computa\u00e7\u00e3o Aplicada (<b>LACA<\/b>) \u00e9 um centro de pesquisa <b>interdisciplinar<\/b> com o objetivo de fortalecer e aplicar a <b>ci\u00eancia da computa\u00e7\u00e3o<\/b>, com foco especial em Intelig\u00eancia Artificial e Ci\u00eancia de Dados, no <b>desenvolvimento tecnol\u00f3gico<\/b> dos cursos de <b>gradua\u00e7\u00e3o e de p\u00f3s-gradua\u00e7\u00e3o <\/b>da Universidade Federal da Integra\u00e7\u00e3o Latino-Americana (<b>UNILA<\/b>).<\/span><\/p>\t\t\t\t\t\t\t\t<\/div>\n\t\t\t\t<\/div>\n\t\t\t\t<div class=\"elementor-element elementor-element-aa15a2b elementor-widget elementor-widget-spacer\" data-id=\"aa15a2b\" data-element_type=\"widget\" data-e-type=\"widget\" data-widget_type=\"spacer.default\">\n\t\t\t\t<div class=\"elementor-widget-container\">\n\t\t\t\t\t\t\t<div class=\"elementor-spacer\">\n\t\t\t<div class=\"elementor-spacer-inner\"><\/div>\n\t\t<\/div>\n\t\t\t\t\t\t<\/div>\n\t\t\t\t<\/div>\n\t\t\t\t<div class=\"elementor-element elementor-element-d27284f elementor-widget elementor-widget-heading\" data-id=\"d27284f\" data-element_type=\"widget\" data-e-type=\"widget\" data-widget_type=\"heading.default\">\n\t\t\t\t<div class=\"elementor-widget-container\">\n\t\t\t\t\t<h3 class=\"elementor-heading-title elementor-size-default\">Miss\u00e3o<\/h3>\t\t\t\t<\/div>\n\t\t\t\t<\/div>\n\t\t\t\t<div class=\"elementor-element elementor-element-ea63be4 elementor-widget elementor-widget-text-editor\" data-id=\"ea63be4\" data-element_type=\"widget\" data-e-type=\"widget\" data-widget_type=\"text-editor.default\">\n\t\t\t\t<div class=\"elementor-widget-container\">\n\t\t\t\t\t\t\t\t\t<p style=\"text-align: justify\"><span style=\"color: #800080\">O <b>LACA <\/b>foi fundado em 29 de agosto de 2024 pelos professores Dr. Willian Zalewski e Dr. Joylan Nunes Maciel no <b>ILATIT.<\/b>\u00a0Em 6 janeiro de 2026 foi vinculado \u00e0\u00a0<\/span><span style=\"color: #800080\"><span style=\"font-size: 16.8px\">Secretaria de Apoio Cient\u00edfico e Tecnol\u00f3gico (<b>SACT<\/b>).\u00a0<\/span><\/span><span style=\"color: #800080\">O LACA tem como miss\u00e3o promover o desenvolvimento e a aplica\u00e7\u00e3o de tecnologias computacionais e de informa\u00e7\u00e3o, especialmente a <a href=\"https:\/\/divulga.unila.edu.br\/wp-admin\">Intelig\u00eancia Artificial<\/a> <\/span><b style=\"color: #800080\">Intelig\u00eancia Artificial<\/b><span style=\"color: #800080\"> e a\u00a0<\/span><b style=\"color: #800080\">Ci\u00eancia de Dados<\/b><span style=\"color: #800080\">, nas atividades de ensino, pesquisa e extens\u00e3o da <\/span><b style=\"color: #800080\">UNILA<\/b><span style=\"color: #800080\">. Criado para impulsionar a inova\u00e7\u00e3o tecnol\u00f3gica interdisciplinar nos cursos de gradua\u00e7\u00e3o e p\u00f3s-gradua\u00e7\u00e3o, o LACA estabelece parcerias diversos com laborat\u00f3rios e grupos de pesquisa, promovendo sinergia do desenvolvimento tecnol\u00f3gico dentro do contexto socio-educacional da regi\u00e3o trinacional, e assim, representar a UNILA como e se consolidar como espa\u00e7o de inova\u00e7\u00e3o e refer\u00eancia em <a href=\"https:\/\/divulga.unila.edu.br\/wp-admin\">computa\u00e7\u00e3o aplicada<\/a> <\/span><b style=\"color: #800080\">centro de refer\u00eancia em computa\u00e7\u00e3o aplicada<\/b><span style=\"color: #800080\">.<\/span><\/p>\t\t\t\t\t\t\t\t<\/div>\n\t\t\t\t<\/div>\n\t\t\t\t<div class=\"elementor-element elementor-element-b72a910 elementor-widget elementor-widget-heading\" data-id=\"b72a910\" data-element_type=\"widget\" data-e-type=\"widget\" data-widget_type=\"heading.default\">\n\t\t\t\t<div class=\"elementor-widget-container\">\n\t\t\t\t\t<h3 class=\"elementor-heading-title elementor-size-default\">Institucionaliza\u00e7\u00e3o<\/h3>\t\t\t\t<\/div>\n\t\t\t\t<\/div>\n\t\t\t\t<div class=\"elementor-element elementor-element-7e11c50 elementor-widget elementor-widget-text-editor\" data-id=\"7e11c50\" data-element_type=\"widget\" data-e-type=\"widget\" data-widget_type=\"text-editor.default\">\n\t\t\t\t<div class=\"elementor-widget-container\">\n\t\t\t\t\t\t\t\t\t<p><span style=\"color: #800080\"><strong>Instituto Latino-Americano de Tecnologia, Infraestrutura e Territ\u00f3rio &#8211; ILATIT:<\/strong><\/span><\/p><ul><li><span style=\"color: #800080\"><strong>Cria\u00e7\u00e3o:<\/strong> <span style=\"color: #0000ff\"><a style=\"color: #0000ff\" href=\"https:\/\/atos.unila.edu.br\/atos\/decisao-n-ordm-9-2024-consunitit-15538\" target=\"_blank\" rel=\"noopener\">Decis\u00e3o n\u00ba 9\/2024\/CONSUNI\/ILATIT<\/a><\/span><\/span><\/li><li><span style=\"color: #800080\"><strong>Regimento:<\/strong> <a style=\"color: #800080\" href=\"https:\/\/atos.unila.edu.br\/atos\/decisao-n-ordm-9-2024-consunitit-15538\" target=\"_blank\" rel=\"noopener\"><span style=\"color: #0000ff\">Resolu\u00e7\u00e3o n\u00ba 2\/2024\/CONSUNI\/ILATIT<\/span><\/a><\/span><\/li><li><span style=\"color: #800080\"><strong>Coordena\u00e7\u00e3o:<\/strong> <span style=\"color: #0000ff\"><a style=\"color: #0000ff\" href=\"https:\/\/atos.unila.edu.br\/atos\/portaria-n-ordm-26-2024-ilatit-15629\" target=\"_blank\" rel=\"noopener\">Portaria n\u00ba 26\/2024\/ILATIT<\/a><\/span><\/span><\/li><\/ul><p><span style=\"color: #800080\"><strong>Secretaria de Apoio Cient\u00edfico e Tecnol\u00f3gico &#8211; SACT:<\/strong><\/span><\/p><ul><li><span style=\"color: #800080\"><strong>Cria\u00e7\u00e3o:<\/strong><\/span>\u00a0<span style=\"color: #800080\"><span style=\"color: #0000ff\"><a style=\"color: #0000ff\" href=\"https:\/\/atos.unila.edu.br\/atos\/portaria-n-ordm-2-2026-sact-20824\" target=\"_blank\" rel=\"noopener\">Portarias n\u00ba 02\/2026\/SACT<\/a><\/span><\/span>\u00a0<\/li><li><span style=\"color: #800080\"><strong>Coordena\u00e7\u00e3o:<\/strong><\/span>\u00a0<span style=\"font-size: 16.8px;color: #0000ff\"><a style=\"color: #0000ff\" href=\"https:\/\/atos.unila.edu.br\/atos\/portaria-n-ordm-4-2026-sact-21243\" target=\"_blank\" rel=\"noopener\">Portaria n\u00ba <\/a><\/span><span style=\"font-size: 16.8px;color: #0000ff\"><a style=\"color: #0000ff\" href=\"https:\/\/atos.unila.edu.br\/atos\/portaria-n-ordm-4-2026-sact-21243\" target=\"_blank\" rel=\"noopener\">04\/2026\/SACT<\/a><\/span><\/li><\/ul>\t\t\t\t\t\t\t\t<\/div>\n\t\t\t\t<\/div>\n\t\t\t\t<\/div>\n\t\t\t\t<\/div>\n\t\t","protected":false},"excerpt":{"rendered":"<p>Objetivo O Laborat\u00f3rio de Computa\u00e7\u00e3o Aplicada (LACA) \u00e9 um centro de pesquisa interdisciplinar com o objetivo de fortalecer e aplicar a ci\u00eancia da computa\u00e7\u00e3o, com foco especial em Intelig\u00eancia Artificial e Ci\u00eancia de Dados, no desenvolvimento tecnol\u00f3gico dos cursos de gradua\u00e7\u00e3o e de p\u00f3s-gradua\u00e7\u00e3o da Universidade Federal da Integra\u00e7\u00e3o Latino-Americana (UNILA). Miss\u00e3o O LACA foi fundado em 29 de agosto de 2024 pelos professores Dr. Willian Zalewski e Dr. Joylan Nunes Maciel no ILATIT.\u00a0Em 6 janeiro de 2026 foi vinculado \u00e0\u00a0Secretaria de Apoio Cient\u00edfico e Tecnol\u00f3gico (SACT).\u00a0O LACA tem como miss\u00e3o promover o desenvolvimento e a aplica\u00e7\u00e3o de tecnologias computacionais e de informa\u00e7\u00e3o, especialmente a Intelig\u00eancia Artificial Intelig\u00eancia Artificial e a\u00a0Ci\u00eancia de Dados, nas atividades de ensino, pesquisa e extens\u00e3o da UNILA. Criado para impulsionar a inova\u00e7\u00e3o tecnol\u00f3gica interdisciplinar nos cursos de gradua\u00e7\u00e3o e p\u00f3s-gradua\u00e7\u00e3o, o LACA estabelece parcerias diversos com laborat\u00f3rios e grupos de pesquisa, promovendo sinergia do desenvolvimento tecnol\u00f3gico dentro do contexto socio-educacional da regi\u00e3o trinacional, e assim, representar a UNILA como e se consolidar como espa\u00e7o de inova\u00e7\u00e3o e refer\u00eancia em computa\u00e7\u00e3o aplicada centro de refer\u00eancia em computa\u00e7\u00e3o aplicada. Institucionaliza\u00e7\u00e3o Instituto Latino-Americano de Tecnologia, Infraestrutura e Territ\u00f3rio &#8211; ILATIT: Cria\u00e7\u00e3o: Decis\u00e3o n\u00ba 9\/2024\/CONSUNI\/ILATIT Regimento: Resolu\u00e7\u00e3o n\u00ba 2\/2024\/CONSUNI\/ILATIT Coordena\u00e7\u00e3o: Portaria n\u00ba 26\/2024\/ILATIT Secretaria de Apoio Cient\u00edfico e Tecnol\u00f3gico &#8211; SACT: Cria\u00e7\u00e3o:\u00a0Portarias n\u00ba 02\/2026\/SACT\u00a0 Coordena\u00e7\u00e3o:\u00a0Portaria n\u00ba 04\/2026\/SACT<\/p>\n","protected":false},"author":122,"featured_media":0,"parent":0,"menu_order":0,"comment_status":"closed","ping_status":"closed","template":"","meta":{"_uag_custom_page_level_css":"","_themeisle_gutenberg_block_has_review":false,"footnotes":""},"class_list":["post-35","page","type-page","status-publish","hentry"],"uagb_featured_image_src":{"full":false,"thumbnail":false,"medium":false,"medium_large":false,"large":false,"1536x1536":false,"2048x2048":false,"htmega_size_585x295":false,"htmega_size_1170x536":false,"htmega_size_396x360":false,"tainacan-small":false,"tainacan-medium":false,"tainacan-medium-full":false,"tainacan-large-full":false},"uagb_author_info":{"display_name":"joylan.maciel","author_link":"https:\/\/divulga.unila.edu.br\/laca\/author\/joylanmaciel\/"},"uagb_comment_info":0,"uagb_excerpt":"Objetivo O Laborat\u00f3rio de Computa\u00e7\u00e3o Aplicada (LACA) \u00e9 um centro de pesquisa interdisciplinar com o objetivo de fortalecer e aplicar a ci\u00eancia da computa\u00e7\u00e3o, com foco especial em Intelig\u00eancia Artificial e Ci\u00eancia de Dados, no desenvolvimento tecnol\u00f3gico dos cursos de gradua\u00e7\u00e3o e de p\u00f3s-gradua\u00e7\u00e3o da Universidade Federal da Integra\u00e7\u00e3o Latino-Americana (UNILA). Miss\u00e3o O LACA foi&hellip;","_links":{"self":[{"href":"https:\/\/divulga.unila.edu.br\/laca\/wp-json\/wp\/v2\/pages\/35","targetHints":{"allow":["GET"]}}],"collection":[{"href":"https:\/\/divulga.unila.edu.br\/laca\/wp-json\/wp\/v2\/pages"}],"about":[{"href":"https:\/\/divulga.unila.edu.br\/laca\/wp-json\/wp\/v2\/types\/page"}],"author":[{"embeddable":true,"href":"https:\/\/divulga.unila.edu.br\/laca\/wp-json\/wp\/v2\/users\/122"}],"replies":[{"embeddable":true,"href":"https:\/\/divulga.unila.edu.br\/laca\/wp-json\/wp\/v2\/comments?post=35"}],"version-history":[{"count":303,"href":"https:\/\/divulga.unila.edu.br\/laca\/wp-json\/wp\/v2\/pages\/35\/revisions"}],"predecessor-version":[{"id":5094,"href":"https:\/\/divulga.unila.edu.br\/laca\/wp-json\/wp\/v2\/pages\/35\/revisions\/5094"}],"wp:attachment":[{"href":"https:\/\/divulga.unila.edu.br\/laca\/wp-json\/wp\/v2\/media?parent=35"}],"curies":[{"name":"wp","href":"https:\/\/api.w.org\/{rel}","templated":true}]}}