{"id":130,"date":"2024-10-04T15:22:58","date_gmt":"2024-10-04T18:22:58","guid":{"rendered":"https:\/\/divulga.unila.edu.br\/laca\/?page_id=130"},"modified":"2026-01-26T14:15:45","modified_gmt":"2026-01-26T17:15:45","slug":"contato","status":"publish","type":"page","link":"https:\/\/divulga.unila.edu.br\/laca\/contato\/","title":{"rendered":"Contato"},"content":{"rendered":"\t\t<div data-elementor-type=\"wp-page\" data-elementor-id=\"130\" class=\"elementor elementor-130\">\n\t\t\t\t<div class=\"has_eae_slider elementor-element elementor-element-d8a61ab e-flex e-con-boxed wpr-particle-no wpr-jarallax-no wpr-parallax-no wpr-sticky-section-no e-con e-parent\" data-eae-slider=\"45692\" data-id=\"d8a61ab\" data-element_type=\"container\" data-e-type=\"container\">\n\t\t\t\t\t<div class=\"e-con-inner\">\n\t\t\t\t<div class=\"elementor-element elementor-element-61095c6 elementor-widget elementor-widget-text-editor\" data-id=\"61095c6\" data-element_type=\"widget\" data-e-type=\"widget\" data-widget_type=\"text-editor.default\">\n\t\t\t\t<div class=\"elementor-widget-container\">\n\t\t\t\t\t\t\t\t\t<p style=\"text-align: center\"><span style=\"color: #800080\"><span style=\"font-family: var( --e-global-typography-text-font-family ), Sans-serif;font-weight: var( --e-global-typography-text-font-weight );text-align: var(--text-align);background-color: var(--wp--preset--color--base);font-size: var(--wp--preset--font-size--medium)\">O LACA localiza-se no Itaipu Parquetec, Bloco 1, Espa\u00e7o 4, Salas 11 e 13. J\u00e1 a c<\/span><span style=\"font-family: var( --e-global-typography-text-font-family ), Sans-serif;font-weight: var( --e-global-typography-text-font-weight );text-align: var(--text-align);font-size: var(--wp--preset--font-size--medium);background-color: var(--wp--preset--color--base)\">oordena\u00e7\u00e3o est\u00e1 ao lado, no\u00a0<\/span><span style=\"font-family: var( --e-global-typography-text-font-family ), Sans-serif;font-weight: var( --e-global-typography-text-font-weight );text-align: var(--text-align);font-size: 16.8px;background-color: var(--wp--preset--color--base)\">Bloco 1, Espa\u00e7o 4, Sala 6.<\/span><\/span><\/p><p style=\"text-align: center\"><span style=\"color: #800080;font-family: var( --e-global-typography-text-font-family ), Sans-serif;font-weight: var( --e-global-typography-text-font-weight );text-align: var(--text-align);font-size: 16.8px;background-color: var(--wp--preset--color--base)\">Contate-nos pelo e-mail\u00a0<\/span><strong style=\"color: #800080;font-family: var( --e-global-typography-text-font-family ), Sans-serif;font-size: 16.8px;text-align: var(--text-align)\">laca<\/strong><strong style=\"color: #800080;font-family: var( --e-global-typography-text-font-family ), Sans-serif;font-size: 16.8px;text-align: var(--text-align)\">@unila.edu.br\u00a0<\/strong><span style=\"background-color: var(--wp--preset--color--base);color: #800080;font-family: var( --e-global-typography-text-font-family ), Sans-serif;font-size: 16.8px;font-weight: var( --e-global-typography-text-font-weight );text-align: var(--text-align)\">ou redes sociais<\/span><\/p>\t\t\t\t\t\t\t\t<\/div>\n\t\t\t\t<\/div>\n\t\t\t\t\t<\/div>\n\t\t\t\t<\/div>\n\t\t<div class=\"has_eae_slider elementor-element elementor-element-7d712fc e-grid e-con-boxed wpr-particle-no wpr-jarallax-no wpr-parallax-no wpr-sticky-section-no e-con e-parent\" data-eae-slider=\"41782\" data-id=\"7d712fc\" data-element_type=\"container\" data-e-type=\"container\">\n\t\t\t\t\t<div class=\"e-con-inner\">\n\t\t\t\t<div class=\"elementor-element elementor-element-6f53014 elementor-widget elementor-widget-image\" data-id=\"6f53014\" data-element_type=\"widget\" data-e-type=\"widget\" data-widget_type=\"image.default\">\n\t\t\t\t<div class=\"elementor-widget-container\">\n\t\t\t\t\t\t\t\t\t\t\t\t<figure class=\"wp-caption\">\n\t\t\t\t\t\t\t\t\t\t\t<a href=\"https:\/\/www.instagram.com\/laca_unila\">\n\t\t\t\t\t\t\t<img decoding=\"async\" src=\"https:\/\/divulga.unila.edu.br\/laca\/wp-content\/uploads\/sites\/50\/2024\/10\/Instagram_icon-144x144.png\" title=\"Instagram_icon\" alt=\"Instagram_icon\" loading=\"lazy\" \/>\t\t\t\t\t\t\t\t<\/a>\n\t\t\t\t\t\t\t\t\t\t\t<figcaption class=\"widget-image-caption wp-caption-text\"><\/figcaption>\n\t\t\t\t\t\t\t\t\t\t<\/figure>\n\t\t\t\t\t\t\t\t\t<\/div>\n\t\t\t\t<\/div>\n\t\t\t\t<div class=\"elementor-element elementor-element-03ff134 elementor-widget elementor-widget-image\" data-id=\"03ff134\" data-element_type=\"widget\" data-e-type=\"widget\" data-widget_type=\"image.default\">\n\t\t\t\t<div class=\"elementor-widget-container\">\n\t\t\t\t\t\t\t\t\t\t\t\t<figure class=\"wp-caption\">\n\t\t\t\t\t\t\t\t\t\t\t<a href=\"https:\/\/linkedin.com\/in\/lacaunila\">\n\t\t\t\t\t\t\t<img decoding=\"async\" width=\"300\" height=\"76\" src=\"https:\/\/divulga.unila.edu.br\/laca\/wp-content\/uploads\/sites\/50\/2024\/10\/1656958733linkedin-logo-png-300x76.png\" class=\"attachment-medium size-medium wp-image-2072\" alt=\"\" srcset=\"https:\/\/divulga.unila.edu.br\/laca\/wp-content\/uploads\/sites\/50\/2024\/10\/1656958733linkedin-logo-png-300x76.png 300w, https:\/\/divulga.unila.edu.br\/laca\/wp-content\/uploads\/sites\/50\/2024\/10\/1656958733linkedin-logo-png-1024x258.png 1024w, https:\/\/divulga.unila.edu.br\/laca\/wp-content\/uploads\/sites\/50\/2024\/10\/1656958733linkedin-logo-png-768x194.png 768w, https:\/\/divulga.unila.edu.br\/laca\/wp-content\/uploads\/sites\/50\/2024\/10\/1656958733linkedin-logo-png-1536x387.png 1536w, https:\/\/divulga.unila.edu.br\/laca\/wp-content\/uploads\/sites\/50\/2024\/10\/1656958733linkedin-logo-png-205x52.png 205w, https:\/\/divulga.unila.edu.br\/laca\/wp-content\/uploads\/sites\/50\/2024\/10\/1656958733linkedin-logo-png-480x121.png 480w, https:\/\/divulga.unila.edu.br\/laca\/wp-content\/uploads\/sites\/50\/2024\/10\/1656958733linkedin-logo-png.png 2000w\" sizes=\"(max-width: 300px) 100vw, 300px\" \/>\t\t\t\t\t\t\t\t<\/a>\n\t\t\t\t\t\t\t\t\t\t\t<figcaption class=\"widget-image-caption wp-caption-text\"><\/figcaption>\n\t\t\t\t\t\t\t\t\t\t<\/figure>\n\t\t\t\t\t\t\t\t\t<\/div>\n\t\t\t\t<\/div>\n\t\t\t\t\t<\/div>\n\t\t\t\t<\/div>\n\t\t\t\t<\/div>\n\t\t","protected":false},"excerpt":{"rendered":"","protected":false},"author":122,"featured_media":0,"parent":0,"menu_order":7,"comment_status":"closed","ping_status":"closed","template":"","meta":{"_uag_custom_page_level_css":"","_themeisle_gutenberg_block_has_review":false,"footnotes":""},"class_list":["post-130","page","type-page","status-publish","hentry"],"uagb_featured_image_src":{"full":false,"thumbnail":false,"medium":false,"medium_large":false,"large":false,"1536x1536":false,"2048x2048":false,"htmega_size_585x295":false,"htmega_size_1170x536":false,"htmega_size_396x360":false,"tainacan-small":false,"tainacan-medium":false,"tainacan-medium-full":false,"tainacan-large-full":false,"foyer":false,"foyer_fhd":false,"foyer_fhd_square":false},"uagb_author_info":{"display_name":"joylan.maciel","author_link":"https:\/\/divulga.unila.edu.br\/laca\/author\/joylanmaciel\/"},"uagb_comment_info":0,"uagb_excerpt":null,"_links":{"self":[{"href":"https:\/\/divulga.unila.edu.br\/laca\/wp-json\/wp\/v2\/pages\/130","targetHints":{"allow":["GET"]}}],"collection":[{"href":"https:\/\/divulga.unila.edu.br\/laca\/wp-json\/wp\/v2\/pages"}],"about":[{"href":"https:\/\/divulga.unila.edu.br\/laca\/wp-json\/wp\/v2\/types\/page"}],"author":[{"embeddable":true,"href":"https:\/\/divulga.unila.edu.br\/laca\/wp-json\/wp\/v2\/users\/122"}],"replies":[{"embeddable":true,"href":"https:\/\/divulga.unila.edu.br\/laca\/wp-json\/wp\/v2\/comments?post=130"}],"version-history":[{"count":125,"href":"https:\/\/divulga.unila.edu.br\/laca\/wp-json\/wp\/v2\/pages\/130\/revisions"}],"predecessor-version":[{"id":4744,"href":"https:\/\/divulga.unila.edu.br\/laca\/wp-json\/wp\/v2\/pages\/130\/revisions\/4744"}],"wp:attachment":[{"href":"https:\/\/divulga.unila.edu.br\/laca\/wp-json\/wp\/v2\/media?parent=130"}],"curies":[{"name":"wp","href":"https:\/\/api.w.org\/{rel}","templated":true}]}}