{"id":114,"date":"2024-10-04T15:24:30","date_gmt":"2024-10-04T18:24:30","guid":{"rendered":"https:\/\/divulga.unila.edu.br\/laca\/?page_id=114"},"modified":"2026-04-06T09:53:00","modified_gmt":"2026-04-06T12:53:00","slug":"projetos-e-pesquisas","status":"publish","type":"page","link":"https:\/\/divulga.unila.edu.br\/laca\/projetos-e-pesquisas\/","title":{"rendered":"Projetos e Pesquisas"},"content":{"rendered":"\t\t<div data-elementor-type=\"wp-page\" data-elementor-id=\"114\" class=\"elementor elementor-114\">\n\t\t\t\t<div class=\"has_eae_slider elementor-element elementor-element-cb51588 e-con-full e-flex wpr-particle-no wpr-jarallax-no wpr-parallax-no wpr-sticky-section-no e-con e-parent\" data-eae-slider=\"88743\" data-id=\"cb51588\" data-element_type=\"container\" data-e-type=\"container\">\n\t\t\t\t<div class=\"elementor-element elementor-element-bbad2dd elementor-widget elementor-widget-text-editor\" data-id=\"bbad2dd\" data-element_type=\"widget\" data-e-type=\"widget\" data-widget_type=\"text-editor.default\">\n\t\t\t\t<div class=\"elementor-widget-container\">\n\t\t\t\t\t\t\t\t\t<p><span style=\"color: #800080\">O LACA desenvolve pesquisas interdisciplinares voltadas \u00e0 aplica\u00e7\u00e3o de tecnologias computacionais\u00a0para a solu\u00e7\u00e3o de problemas complexos em diferentes \u00e1reas do conhecimento:<\/span><\/p><ul><li><span style=\"color: #800080\"><span style=\"white-space: normal\"><b>Aplicando<\/b>\u00a0a Ci\u00eancia da Computa\u00e7\u00e3o, Intelig\u00eancia Artificial e Ci\u00eancia de Dados<\/span><\/span><\/li><li><span style=\"color: #800080\"><b>Resolvendo<\/b> problemas reais e multidisciplinares<\/span><\/li><li><span style=\"color: #800080\"><b>Conectando<\/b> a ci\u00eancia, tecnologia e inova\u00e7\u00e3o<\/span><\/li><li><span style=\"color: #800080\"><b>Promovendo<\/b> pesquisas entre a gradua\u00e7\u00e3o e a p\u00f3s-gradua\u00e7\u00e3o<\/span><\/li><li><b style=\"color: #800080\">Produzindo<\/b><span style=\"color: #800080\"> solu\u00e7\u00f5es reais com impacto cient\u00edfico, acad\u00eamico e social<\/span><\/li><\/ul>\t\t\t\t\t\t\t\t<\/div>\n\t\t\t\t<\/div>\n\t\t\t\t<div class=\"elementor-element elementor-element-9f101cb elementor-widget elementor-widget-heading\" data-id=\"9f101cb\" data-element_type=\"widget\" data-e-type=\"widget\" data-widget_type=\"heading.default\">\n\t\t\t\t<div class=\"elementor-widget-container\">\n\t\t\t\t\t<h3 class=\"elementor-heading-title elementor-size-default\">Tecnologias<\/h3>\t\t\t\t<\/div>\n\t\t\t\t<\/div>\n\t\t\t\t<div class=\"elementor-element elementor-element-ac3b329 elementor-widget elementor-widget-text-editor\" data-id=\"ac3b329\" data-element_type=\"widget\" data-e-type=\"widget\" data-widget_type=\"text-editor.default\">\n\t\t\t\t<div class=\"elementor-widget-container\">\n\t\t\t\t\t\t\t\t\t<ul><li><span style=\"color: #800080\">Intelig\u00eancia Artificial (IA)\u00a0<\/span><\/li><li><span style=\"color: #800080\">Aprendizado de M\u00e1quina (<i>Machine Learning<\/i>)<\/span><\/li><li><span style=\"color: #800080\">IA Generativa (<i>GenAI<\/i>)<\/span><\/li><li><span style=\"color: #800080\">Ci\u00eancia de Dados (Data Science)<\/span><\/li><li><span style=\"color: #800080\">Aprendizado Profundo (<i>Deep Learning<\/i>)<\/span><\/li><li><span style=\"color: #800080\">Minera\u00e7\u00e3o de Dados (<i>Data Mining<\/i>)<\/span><\/li><li><span style=\"color: #800080;font-size: 16.8px\">Vis\u00e3o Computacional (<\/span><i style=\"color: #800080;font-size: 16.8px\">Computer Vision<\/i><span style=\"color: #800080;font-size: 16.8px\">)<\/span><\/li><li><span style=\"color: #800080;font-size: 16.8px\">Processamento de Imagens (<i>Imaging Processing<\/i>)<\/span><\/li><li><span style=\"color: #800080\">Internet das Coisas (<i>Internet of Things<\/i>)<\/span><\/li><\/ul>\t\t\t\t\t\t\t\t<\/div>\n\t\t\t\t<\/div>\n\t\t\t\t<div class=\"elementor-element elementor-element-1cbfed0 elementor-widget elementor-widget-heading\" data-id=\"1cbfed0\" data-element_type=\"widget\" data-e-type=\"widget\" data-widget_type=\"heading.default\">\n\t\t\t\t<div class=\"elementor-widget-container\">\n\t\t\t\t\t<h3 class=\"elementor-heading-title elementor-size-default\">\u00c1reas de Investiga\u00e7\u00e3o<\/h3>\t\t\t\t<\/div>\n\t\t\t\t<\/div>\n\t\t\t\t<div class=\"elementor-element elementor-element-e8ef0a5 elementor-widget elementor-widget-text-editor\" data-id=\"e8ef0a5\" data-element_type=\"widget\" data-e-type=\"widget\" data-widget_type=\"text-editor.default\">\n\t\t\t\t<div class=\"elementor-widget-container\">\n\t\t\t\t\t\t\t\t\t<ul><li><span style=\"color: #800080\">Ci\u00eancia da Computa\u00e7\u00e3o<\/span><\/li><li><span style=\"color: #800080\">Energia e Sustentabilidade<\/span><\/li><li><span style=\"color: #800080\">Inform\u00e1tica em Sa\u00fade<\/span><\/li><li><span style=\"color: #800080\">Biotecnologia e Bioinform\u00e1tica<\/span><\/li><li><span style=\"color: #800080\">Arquitetura e Urbanismo<\/span><\/li><li><span style=\"color: #800080\">Engenharia F\u00edsica<\/span><\/li><li><span style=\"color: #800080\">Engenharia Qu\u00edmica e Materiais<\/span><\/li><li><span style=\"color: #800080\">Outras<\/span><\/li><\/ul>\t\t\t\t\t\t\t\t<\/div>\n\t\t\t\t<\/div>\n\t\t\t\t<div class=\"elementor-element elementor-element-61fa500 elementor-widget elementor-widget-heading\" data-id=\"61fa500\" data-element_type=\"widget\" data-e-type=\"widget\" data-widget_type=\"heading.default\">\n\t\t\t\t<div class=\"elementor-widget-container\">\n\t\t\t\t\t<h3 class=\"elementor-heading-title elementor-size-default\">Projetos de Pesquisa<\/h3>\t\t\t\t<\/div>\n\t\t\t\t<\/div>\n\t\t\t\t<div class=\"elementor-element elementor-element-608a7da elementor-widget elementor-widget-text-editor\" data-id=\"608a7da\" data-element_type=\"widget\" data-e-type=\"widget\" data-widget_type=\"text-editor.default\">\n\t\t\t\t<div class=\"elementor-widget-container\">\n\t\t\t\t\t\t\t\t\t<ol>\n<li><span style=\"color: #800080\">Intelig\u00eancia Artificial na Efici\u00eancia Energ\u00e9tica: Solu\u00e7\u00e3o Aprimorada para a Predi\u00e7\u00e3o Fotovoltaica e Gest\u00e3o Segura da Rede El\u00e9trica. CP 23\/2024 &#8211;&nbsp;Programa Institucional de Pesquisa Universal &#8211; B\u00e1sica e Aplicada.&nbsp;<span style=\"font-size: 16.8px\">PBA2025201000102.<\/span>&nbsp;Funda\u00e7\u00e3o Arauc\u00e1ria, 2025.<\/span><\/li>\n<li><span style=\"color: #800080\">Chatbot Institucional e Inteligente da UNILA: Atendendo \u00e0 Estrat\u00e9gia Brasileira de Intelig\u00eancia Artificial (<span style=\"font-size: 16.8px\">PID4089-2025<\/span>)<\/span><\/li>\n<li><span style=\"color: #800080\">Modelagem do Comportamento e Propriedades Mec\u00e2nicas de Nanocomp\u00f3sitos Utilizando Intelig\u00eancia Artificial (<span style=\"font-size: 16.8px\">PID4060-2025<\/span>)<\/span><\/li>\n<li><span style=\"color: #800080\">Descoberta Automatizada de Pept\u00eddeos Antic\u00e2ncer com T\u00e9cnicas de Aprendizado de M\u00e1quina (<span style=\"font-size: 16.8px\">PID3802-2024<\/span>)<\/span><\/li>\n<li><span style=\"color: #800080\">An\u00e1lise de Algoritmos de Intelig\u00eancia Artificial para Auxiliar na Predi\u00e7\u00e3o de Novos Materiais (<span style=\"font-size: 16.8px\">PID4186-2025<\/span>)<\/span><\/li>\n<li><span style=\"color: #800080\">Predi\u00e7\u00e3o de Propriedades de Intera\u00e7\u00f5es entre F\u00e1rmacos e Receptores por meio de Intelig\u00eancia Artificial (<span style=\"font-size: 16.8px\">PID4188-2025<\/span>)<\/span><\/li>\n<li><span style=\"color: #800080\">Predi\u00e7\u00e3o de Propriedades de Pol\u00edmeros por meio de Algoritmos de Intelig\u00eancia Artificial (<span style=\"font-size: 16.8px\">PID3852-2024<\/span>)<\/span><\/li>\n<li><span style=\"color: #800080\">Intelig\u00eancia Artificial na Predi\u00e7\u00e3o da Qualidade de Gr\u00e3os no Setor Agr\u00edcola (<span style=\"font-size: 16.8px\">PID3852-2024<\/span>)<\/span><\/li>\n<li><span style=\"color: #800080\">Predi\u00e7\u00e3o da Gera\u00e7\u00e3o de Energia Solar Fotovoltaica Utilizando Intelig\u00eancia Artificial com Deep Learning (<span style=\"font-size: 16.8px\">PID3710-2024<\/span>)<\/span><\/li>\n<li><span style=\"color: #800080\">Classifica\u00e7\u00e3o de Problemas em Sistemas Eletromec\u00e2nicos com An\u00e1lise de Vibra\u00e7\u00e3o e Intelig\u00eancia Artificial (<span style=\"font-size: 16.8px\">PID4187-2025<\/span>)<\/span><\/li>\n<li><span style=\"color: #800080\">Detec\u00e7\u00e3o de Dem\u00eancia Utilizando Processamento da Fala Espont\u00e2nea e Modelos de Aprendizado de M\u00e1quina (<span style=\"font-size: 16.8px\">PID3801-2024<\/span>)<\/span><\/li>\n<li><span style=\"color: #800080\">An\u00e1lise da Fala Espont\u00e2nea com Modelos de Intelig\u00eancia Artificial para Detec\u00e7\u00e3o de Dem\u00eancia (<span style=\"font-size: 16.8px\">PID4189-2025<\/span>)<\/span><\/li>\n<li><span style=\"color: #800080\">Predi\u00e7\u00e3o de Propriedades de Intera\u00e7\u00f5es entre F\u00e1rmacos e Receptores com IA (<span style=\"font-size: 16.8px\">PID4188-2025<\/span>)<\/span><\/li>\n<li><span style=\"color: #800080\">Extra\u00e7\u00e3o Autom\u00e1tica de Informa\u00e7\u00f5es Tur\u00edsticas de Foz do Igua\u00e7u Utilizando M\u00e9todos de Intelig\u00eancia Artificial (<span style=\"font-size: 16.8px\">PID3810-2024<\/span>)<\/span><\/li>\n<li><span style=\"color: #800080\">Explorando o Cosmos: Identifica\u00e7\u00e3o de Exoplanetas Usando Aprendizado de M\u00e1quina&nbsp;<\/span><span style=\"color: #800080\">Efici\u00eancia Energ\u00e9tica do Ambiente Constru\u00eddo (<span style=\"font-size: 16.8px\">PID3803-2024<\/span>)<\/span><\/li>\n<li><span style=\"color: #800080\">Salvando Vidas: Rastreamento dos Atendimentos das Unidades M\u00f3veis do SIATE e SAMU em Foz do Igua\u00e7u-PR (<span style=\"font-size: 16.8px\">PID3780-2024<\/span>)<\/span><\/li>\n<li><span style=\"color: #800080\">Programa\u00e7\u00e3o para Todas: Inclus\u00e3o Digital e Empoderamento Feminino&nbsp;<\/span><span style=\"color: #800080\">Projeto de Monitoria &#8211; Python em A\u00e7\u00e3o: Monitoria que Transforma sua Aprendizagem (<span style=\"font-size: 16.8px\">PJ210-2024<\/span>)<\/span><\/li>\n<li><font color=\"#800080\">Transforma\u00e7\u00e3o Digital via Divulga\u00e7\u00e3o Cient\u00edfica e Tecnol\u00f3gica em Energia, Sustentabilidade e Computa\u00e7\u00e3o Aplicada (PJ115-2025)<\/font><\/li>\n<li><font color=\"#800080\">Programa\u00e7\u00e3o Inclusiva para Gradua\u00e7\u00e3o em Engenharia de Materiais, Qu\u00edmica e Biotecnologia (Edital&nbsp;ID: 9043291)<\/font><\/li>\n<\/ol>\t\t\t\t\t\t\t\t<\/div>\n\t\t\t\t<\/div>\n\t\t\t\t<\/div>\n\t\t\t\t<\/div>\n\t\t","protected":false},"excerpt":{"rendered":"<p>O LACA desenvolve pesquisas interdisciplinares voltadas \u00e0 aplica\u00e7\u00e3o de tecnologias computacionais\u00a0para a solu\u00e7\u00e3o de problemas complexos em diferentes \u00e1reas do conhecimento: Aplicando\u00a0a Ci\u00eancia da Computa\u00e7\u00e3o, Intelig\u00eancia Artificial e Ci\u00eancia de Dados Resolvendo problemas reais e multidisciplinares Conectando a ci\u00eancia, tecnologia e inova\u00e7\u00e3o Promovendo pesquisas entre a gradua\u00e7\u00e3o e a p\u00f3s-gradua\u00e7\u00e3o Produzindo solu\u00e7\u00f5es reais com impacto cient\u00edfico, acad\u00eamico e social Tecnologias Intelig\u00eancia Artificial (IA)\u00a0 Aprendizado de M\u00e1quina (Machine Learning) IA Generativa (GenAI) Ci\u00eancia de Dados (Data Science) Aprendizado Profundo (Deep Learning) Minera\u00e7\u00e3o de Dados (Data Mining) Vis\u00e3o Computacional (Computer Vision) Processamento de Imagens (Imaging Processing) Internet das Coisas (Internet of Things) \u00c1reas de Investiga\u00e7\u00e3o Ci\u00eancia da Computa\u00e7\u00e3o Energia e Sustentabilidade Inform\u00e1tica em Sa\u00fade Biotecnologia e Bioinform\u00e1tica Arquitetura e Urbanismo Engenharia F\u00edsica Engenharia Qu\u00edmica e Materiais Outras Projetos de Pesquisa Intelig\u00eancia Artificial na Efici\u00eancia Energ\u00e9tica: Solu\u00e7\u00e3o Aprimorada para a Predi\u00e7\u00e3o Fotovoltaica e Gest\u00e3o Segura da Rede El\u00e9trica. CP 23\/2024 &#8211;&nbsp;Programa Institucional de Pesquisa Universal &#8211; B\u00e1sica e Aplicada.&nbsp;PBA2025201000102.&nbsp;Funda\u00e7\u00e3o Arauc\u00e1ria, 2025. Chatbot Institucional e Inteligente da UNILA: Atendendo \u00e0 Estrat\u00e9gia Brasileira de Intelig\u00eancia Artificial (PID4089-2025) Modelagem do Comportamento e Propriedades Mec\u00e2nicas de Nanocomp\u00f3sitos Utilizando Intelig\u00eancia Artificial (PID4060-2025) Descoberta Automatizada de Pept\u00eddeos Antic\u00e2ncer com T\u00e9cnicas de Aprendizado de M\u00e1quina (PID3802-2024) An\u00e1lise de Algoritmos de Intelig\u00eancia Artificial para Auxiliar na Predi\u00e7\u00e3o de Novos Materiais (PID4186-2025) Predi\u00e7\u00e3o de Propriedades de Intera\u00e7\u00f5es entre F\u00e1rmacos e Receptores por meio de Intelig\u00eancia Artificial (PID4188-2025) Predi\u00e7\u00e3o de Propriedades de Pol\u00edmeros por meio de Algoritmos de Intelig\u00eancia Artificial (PID3852-2024) Intelig\u00eancia Artificial na Predi\u00e7\u00e3o da Qualidade de Gr\u00e3os no Setor Agr\u00edcola (PID3852-2024) Predi\u00e7\u00e3o da Gera\u00e7\u00e3o de Energia Solar Fotovoltaica Utilizando Intelig\u00eancia Artificial com Deep Learning (PID3710-2024) Classifica\u00e7\u00e3o de Problemas em Sistemas Eletromec\u00e2nicos com An\u00e1lise de Vibra\u00e7\u00e3o e Intelig\u00eancia Artificial (PID4187-2025) Detec\u00e7\u00e3o de Dem\u00eancia Utilizando Processamento da Fala Espont\u00e2nea e Modelos de Aprendizado de M\u00e1quina (PID3801-2024) An\u00e1lise da Fala Espont\u00e2nea com Modelos de Intelig\u00eancia Artificial para Detec\u00e7\u00e3o de Dem\u00eancia (PID4189-2025) Predi\u00e7\u00e3o de Propriedades de Intera\u00e7\u00f5es entre F\u00e1rmacos e Receptores com IA (PID4188-2025) Extra\u00e7\u00e3o Autom\u00e1tica de Informa\u00e7\u00f5es Tur\u00edsticas de Foz do Igua\u00e7u Utilizando M\u00e9todos de Intelig\u00eancia Artificial (PID3810-2024) Explorando o Cosmos: Identifica\u00e7\u00e3o de Exoplanetas Usando Aprendizado de M\u00e1quina&nbsp;Efici\u00eancia Energ\u00e9tica do Ambiente Constru\u00eddo (PID3803-2024) Salvando Vidas: Rastreamento dos Atendimentos das Unidades M\u00f3veis do SIATE e SAMU em Foz do Igua\u00e7u-PR (PID3780-2024) Programa\u00e7\u00e3o para Todas: Inclus\u00e3o Digital e Empoderamento Feminino&nbsp;Projeto de Monitoria &#8211; Python em A\u00e7\u00e3o: Monitoria que Transforma sua Aprendizagem (PJ210-2024) Transforma\u00e7\u00e3o Digital via Divulga\u00e7\u00e3o Cient\u00edfica e Tecnol\u00f3gica em Energia, Sustentabilidade e Computa\u00e7\u00e3o Aplicada (PJ115-2025) Programa\u00e7\u00e3o Inclusiva para Gradua\u00e7\u00e3o em Engenharia de Materiais, Qu\u00edmica e Biotecnologia (Edital&nbsp;ID: 9043291)<\/p>\n","protected":false},"author":122,"featured_media":0,"parent":0,"menu_order":2,"comment_status":"closed","ping_status":"closed","template":"","meta":{"_uag_custom_page_level_css":"","_themeisle_gutenberg_block_has_review":false,"footnotes":""},"class_list":["post-114","page","type-page","status-publish","hentry"],"uagb_featured_image_src":{"full":false,"thumbnail":false,"medium":false,"medium_large":false,"large":false,"1536x1536":false,"2048x2048":false,"htmega_size_585x295":false,"htmega_size_1170x536":false,"htmega_size_396x360":false,"tainacan-small":false,"tainacan-medium":false,"tainacan-medium-full":false,"tainacan-large-full":false,"foyer":false,"foyer_fhd":false,"foyer_fhd_square":false},"uagb_author_info":{"display_name":"joylan.maciel","author_link":"https:\/\/divulga.unila.edu.br\/laca\/author\/joylanmaciel\/"},"uagb_comment_info":0,"uagb_excerpt":"O LACA desenvolve pesquisas interdisciplinares voltadas \u00e0 aplica\u00e7\u00e3o de tecnologias computacionais\u00a0para a solu\u00e7\u00e3o de problemas complexos em diferentes \u00e1reas do conhecimento: Aplicando\u00a0a Ci\u00eancia da Computa\u00e7\u00e3o, Intelig\u00eancia Artificial e Ci\u00eancia de Dados Resolvendo problemas reais e multidisciplinares Conectando a ci\u00eancia, tecnologia e inova\u00e7\u00e3o Promovendo pesquisas entre a gradua\u00e7\u00e3o e a p\u00f3s-gradua\u00e7\u00e3o Produzindo solu\u00e7\u00f5es reais com impacto&hellip;","_links":{"self":[{"href":"https:\/\/divulga.unila.edu.br\/laca\/wp-json\/wp\/v2\/pages\/114","targetHints":{"allow":["GET"]}}],"collection":[{"href":"https:\/\/divulga.unila.edu.br\/laca\/wp-json\/wp\/v2\/pages"}],"about":[{"href":"https:\/\/divulga.unila.edu.br\/laca\/wp-json\/wp\/v2\/types\/page"}],"author":[{"embeddable":true,"href":"https:\/\/divulga.unila.edu.br\/laca\/wp-json\/wp\/v2\/users\/122"}],"replies":[{"embeddable":true,"href":"https:\/\/divulga.unila.edu.br\/laca\/wp-json\/wp\/v2\/comments?post=114"}],"version-history":[{"count":271,"href":"https:\/\/divulga.unila.edu.br\/laca\/wp-json\/wp\/v2\/pages\/114\/revisions"}],"predecessor-version":[{"id":4955,"href":"https:\/\/divulga.unila.edu.br\/laca\/wp-json\/wp\/v2\/pages\/114\/revisions\/4955"}],"wp:attachment":[{"href":"https:\/\/divulga.unila.edu.br\/laca\/wp-json\/wp\/v2\/media?parent=114"}],"curies":[{"name":"wp","href":"https:\/\/api.w.org\/{rel}","templated":true}]}}