{"id":379,"date":"2023-06-21T20:19:49","date_gmt":"2023-06-21T23:19:49","guid":{"rendered":"https:\/\/divulga.unila.edu.br\/isf\/?page_id=379"},"modified":"2023-06-21T20:22:00","modified_gmt":"2023-06-21T23:22:00","slug":"ingles-english","status":"publish","type":"page","link":"https:\/\/divulga.unila.edu.br\/isf\/ingles-english\/","title":{"rendered":"Ingl\u00eas \/ English"},"content":{"rendered":"\t\t<div data-elementor-type=\"wp-page\" data-elementor-id=\"379\" class=\"elementor elementor-379\">\n\t\t\t\t\t\t<section class=\"has_eae_slider elementor-section elementor-top-section elementor-element elementor-element-0abaa31 elementor-section-boxed elementor-section-height-default elementor-section-height-default wpr-particle-no wpr-jarallax-no wpr-parallax-no wpr-sticky-section-no wpr-equal-height-no\" data-eae-slider=\"90250\" data-id=\"0abaa31\" data-element_type=\"section\" data-e-type=\"section\">\n\t\t\t\t\t\t<div class=\"elementor-container elementor-column-gap-default\">\n\t\t\t\t\t<div class=\"has_eae_slider elementor-column elementor-col-100 elementor-top-column elementor-element elementor-element-058deea\" data-eae-slider=\"92340\" data-id=\"058deea\" data-element_type=\"column\" data-e-type=\"column\">\n\t\t\t<div class=\"elementor-widget-wrap elementor-element-populated\">\n\t\t\t\t\t\t<div class=\"elementor-element elementor-element-97e1c42 elementor-widget elementor-widget-heading\" data-id=\"97e1c42\" data-element_type=\"widget\" data-e-type=\"widget\" data-widget_type=\"heading.default\">\n\t\t\t\t<div class=\"elementor-widget-container\">\n\t\t\t\t\t<h2 class=\"elementor-heading-title elementor-size-default\">Cat\u00e1logo de cursos<br><br>Cultura<br><br>Exames<br><br>Fins Acad\u00eamicos<br><br>Fins Espec\u00edficos<\/h2>\t\t\t\t<\/div>\n\t\t\t\t<\/div>\n\t\t\t\t\t<\/div>\n\t\t<\/div>\n\t\t\t\t\t<\/div>\n\t\t<\/section>\n\t\t\t\t<\/div>\n\t\t","protected":false},"excerpt":{"rendered":"<p>\/*! elementor &#8211; v3.14.0 &#8211; 18-06-2023 *\/ .elementor-heading-title{padding:0;margin:0;line-height:1}.elementor-widget-heading .elementor-heading-title[class*=elementor-size-]&gt;a{color:inherit;font-size:inherit;line-height:inherit}.elementor-widget-heading .elementor-heading-title.elementor-size-small{font-size:15px}.elementor-widget-heading .elementor-heading-title.elementor-size-medium{font-size:19px}.elementor-widget-heading .elementor-heading-title.elementor-size-large{font-size:29px}.elementor-widget-heading .elementor-heading-title.elementor-size-xl{font-size:39px}.elementor-widget-heading .elementor-heading-title.elementor-size-xxl{font-size:59px} Cat\u00e1logo de cursos Cultura Exames Fins Acad\u00eamicos Fins Espec\u00edficos<\/p>\n","protected":false},"author":24,"featured_media":0,"parent":0,"menu_order":0,"comment_status":"closed","ping_status":"closed","template":"","meta":{"_uag_custom_page_level_css":"","_EventAllDay":false,"_EventTimezone":"","_EventStartDate":"","_EventEndDate":"","_EventStartDateUTC":"","_EventEndDateUTC":"","_EventShowMap":false,"_EventShowMapLink":false,"_EventURL":"","_EventCost":"","_EventCostDescription":"","_EventCurrencySymbol":"","_EventCurrencyCode":"","_EventCurrencyPosition":"","_EventDateTimeSeparator":"","_EventTimeRangeSeparator":"","_EventOrganizerID":[],"_EventVenueID":[],"_OrganizerEmail":"","_OrganizerPhone":"","_OrganizerWebsite":"","_VenueAddress":"","_VenueCity":"","_VenueCountry":"","_VenueProvince":"","_VenueState":"","_VenueZip":"","_VenuePhone":"","_VenueURL":"","_VenueStateProvince":"","_VenueLat":"","_VenueLng":"","_VenueShowMap":false,"_VenueShowMapLink":false,"_themeisle_gutenberg_block_has_review":false,"footnotes":""},"class_list":["post-379","page","type-page","status-publish","hentry"],"yoast_head":"<!-- This site is optimized with the Yoast SEO plugin v27.6 - https:\/\/yoast.com\/product\/yoast-seo-wordpress\/ -->\n<title>Ingl\u00eas \/ English - Idiomas sem Fronteiras<\/title>\n<meta name=\"robots\" content=\"index, follow, max-snippet:-1, max-image-preview:large, max-video-preview:-1\" \/>\n<link rel=\"canonical\" href=\"https:\/\/divulga.unila.edu.br\/isf\/ingles-english\/\" \/>\n<meta property=\"og:locale\" content=\"pt_BR\" \/>\n<meta property=\"og:type\" content=\"article\" \/>\n<meta property=\"og:title\" content=\"Ingl\u00eas \/ English - Idiomas sem Fronteiras\" \/>\n<meta property=\"og:description\" content=\"\/*! elementor &#8211; v3.14.0 &#8211; 18-06-2023 *\/ .elementor-heading-title{padding:0;margin:0;line-height:1}.elementor-widget-heading .elementor-heading-title[class*=elementor-size-]&gt;a{color:inherit;font-size:inherit;line-height:inherit}.elementor-widget-heading .elementor-heading-title.elementor-size-small{font-size:15px}.elementor-widget-heading .elementor-heading-title.elementor-size-medium{font-size:19px}.elementor-widget-heading .elementor-heading-title.elementor-size-large{font-size:29px}.elementor-widget-heading .elementor-heading-title.elementor-size-xl{font-size:39px}.elementor-widget-heading .elementor-heading-title.elementor-size-xxl{font-size:59px} Cat\u00e1logo de cursos Cultura Exames Fins Acad\u00eamicos Fins Espec\u00edficos\" \/>\n<meta property=\"og:url\" content=\"https:\/\/divulga.unila.edu.br\/isf\/ingles-english\/\" \/>\n<meta property=\"og:site_name\" content=\"Idiomas sem Fronteiras\" \/>\n<meta property=\"article:modified_time\" content=\"2023-06-21T23:22:00+00:00\" \/>\n<meta name=\"twitter:card\" content=\"summary_large_image\" \/>\n<script type=\"application\/ld+json\" class=\"yoast-schema-graph\">{\"@context\":\"https:\\\/\\\/schema.org\",\"@graph\":[{\"@type\":\"WebPage\",\"@id\":\"https:\\\/\\\/divulga.unila.edu.br\\\/isf\\\/ingles-english\\\/\",\"url\":\"https:\\\/\\\/divulga.unila.edu.br\\\/isf\\\/ingles-english\\\/\",\"name\":\"Ingl\u00eas \\\/ English - Idiomas sem Fronteiras\",\"isPartOf\":{\"@id\":\"https:\\\/\\\/divulga.unila.edu.br\\\/isf\\\/#website\"},\"datePublished\":\"2023-06-21T23:19:49+00:00\",\"dateModified\":\"2023-06-21T23:22:00+00:00\",\"breadcrumb\":{\"@id\":\"https:\\\/\\\/divulga.unila.edu.br\\\/isf\\\/ingles-english\\\/#breadcrumb\"},\"inLanguage\":\"pt-BR\",\"potentialAction\":[{\"@type\":\"ReadAction\",\"target\":[\"https:\\\/\\\/divulga.unila.edu.br\\\/isf\\\/ingles-english\\\/\"]}]},{\"@type\":\"BreadcrumbList\",\"@id\":\"https:\\\/\\\/divulga.unila.edu.br\\\/isf\\\/ingles-english\\\/#breadcrumb\",\"itemListElement\":[{\"@type\":\"ListItem\",\"position\":1,\"name\":\"In\u00edcio\",\"item\":\"https:\\\/\\\/divulga.unila.edu.br\\\/isf\\\/\"},{\"@type\":\"ListItem\",\"position\":2,\"name\":\"Ingl\u00eas \\\/ English\"}]},{\"@type\":\"WebSite\",\"@id\":\"https:\\\/\\\/divulga.unila.edu.br\\\/isf\\\/#website\",\"url\":\"https:\\\/\\\/divulga.unila.edu.br\\\/isf\\\/\",\"name\":\"Idiomas sem Fronteiras\",\"description\":\"DIVULGA - Unila sites\",\"publisher\":{\"@id\":\"https:\\\/\\\/divulga.unila.edu.br\\\/isf\\\/#organization\"},\"potentialAction\":[{\"@type\":\"SearchAction\",\"target\":{\"@type\":\"EntryPoint\",\"urlTemplate\":\"https:\\\/\\\/divulga.unila.edu.br\\\/isf\\\/?s={search_term_string}\"},\"query-input\":{\"@type\":\"PropertyValueSpecification\",\"valueRequired\":true,\"valueName\":\"search_term_string\"}}],\"inLanguage\":\"pt-BR\"},{\"@type\":\"Organization\",\"@id\":\"https:\\\/\\\/divulga.unila.edu.br\\\/isf\\\/#organization\",\"name\":\"Idiomas sem Fronteiras\",\"url\":\"https:\\\/\\\/divulga.unila.edu.br\\\/isf\\\/\",\"logo\":{\"@type\":\"ImageObject\",\"inLanguage\":\"pt-BR\",\"@id\":\"https:\\\/\\\/divulga.unila.edu.br\\\/isf\\\/#\\\/schema\\\/logo\\\/image\\\/\",\"url\":\"https:\\\/\\\/divulga.unila.edu.br\\\/isf\\\/wp-content\\\/uploads\\\/sites\\\/11\\\/2023\\\/04\\\/Novo-Logo-1.png\",\"contentUrl\":\"https:\\\/\\\/divulga.unila.edu.br\\\/isf\\\/wp-content\\\/uploads\\\/sites\\\/11\\\/2023\\\/04\\\/Novo-Logo-1.png\",\"width\":212,\"height\":294,\"caption\":\"Idiomas sem Fronteiras\"},\"image\":{\"@id\":\"https:\\\/\\\/divulga.unila.edu.br\\\/isf\\\/#\\\/schema\\\/logo\\\/image\\\/\"}}]}<\/script>\n<!-- \/ Yoast SEO plugin. -->","yoast_head_json":{"title":"Ingl\u00eas \/ English - Idiomas sem Fronteiras","robots":{"index":"index","follow":"follow","max-snippet":"max-snippet:-1","max-image-preview":"max-image-preview:large","max-video-preview":"max-video-preview:-1"},"canonical":"https:\/\/divulga.unila.edu.br\/isf\/ingles-english\/","og_locale":"pt_BR","og_type":"article","og_title":"Ingl\u00eas \/ English - Idiomas sem Fronteiras","og_description":"\/*! elementor &#8211; v3.14.0 &#8211; 18-06-2023 *\/ .elementor-heading-title{padding:0;margin:0;line-height:1}.elementor-widget-heading .elementor-heading-title[class*=elementor-size-]&gt;a{color:inherit;font-size:inherit;line-height:inherit}.elementor-widget-heading .elementor-heading-title.elementor-size-small{font-size:15px}.elementor-widget-heading .elementor-heading-title.elementor-size-medium{font-size:19px}.elementor-widget-heading .elementor-heading-title.elementor-size-large{font-size:29px}.elementor-widget-heading .elementor-heading-title.elementor-size-xl{font-size:39px}.elementor-widget-heading .elementor-heading-title.elementor-size-xxl{font-size:59px} Cat\u00e1logo de cursos Cultura Exames Fins Acad\u00eamicos Fins Espec\u00edficos","og_url":"https:\/\/divulga.unila.edu.br\/isf\/ingles-english\/","og_site_name":"Idiomas sem Fronteiras","article_modified_time":"2023-06-21T23:22:00+00:00","twitter_card":"summary_large_image","schema":{"@context":"https:\/\/schema.org","@graph":[{"@type":"WebPage","@id":"https:\/\/divulga.unila.edu.br\/isf\/ingles-english\/","url":"https:\/\/divulga.unila.edu.br\/isf\/ingles-english\/","name":"Ingl\u00eas \/ English - Idiomas sem Fronteiras","isPartOf":{"@id":"https:\/\/divulga.unila.edu.br\/isf\/#website"},"datePublished":"2023-06-21T23:19:49+00:00","dateModified":"2023-06-21T23:22:00+00:00","breadcrumb":{"@id":"https:\/\/divulga.unila.edu.br\/isf\/ingles-english\/#breadcrumb"},"inLanguage":"pt-BR","potentialAction":[{"@type":"ReadAction","target":["https:\/\/divulga.unila.edu.br\/isf\/ingles-english\/"]}]},{"@type":"BreadcrumbList","@id":"https:\/\/divulga.unila.edu.br\/isf\/ingles-english\/#breadcrumb","itemListElement":[{"@type":"ListItem","position":1,"name":"In\u00edcio","item":"https:\/\/divulga.unila.edu.br\/isf\/"},{"@type":"ListItem","position":2,"name":"Ingl\u00eas \/ English"}]},{"@type":"WebSite","@id":"https:\/\/divulga.unila.edu.br\/isf\/#website","url":"https:\/\/divulga.unila.edu.br\/isf\/","name":"Idiomas sem Fronteiras","description":"DIVULGA - Unila sites","publisher":{"@id":"https:\/\/divulga.unila.edu.br\/isf\/#organization"},"potentialAction":[{"@type":"SearchAction","target":{"@type":"EntryPoint","urlTemplate":"https:\/\/divulga.unila.edu.br\/isf\/?s={search_term_string}"},"query-input":{"@type":"PropertyValueSpecification","valueRequired":true,"valueName":"search_term_string"}}],"inLanguage":"pt-BR"},{"@type":"Organization","@id":"https:\/\/divulga.unila.edu.br\/isf\/#organization","name":"Idiomas sem Fronteiras","url":"https:\/\/divulga.unila.edu.br\/isf\/","logo":{"@type":"ImageObject","inLanguage":"pt-BR","@id":"https:\/\/divulga.unila.edu.br\/isf\/#\/schema\/logo\/image\/","url":"https:\/\/divulga.unila.edu.br\/isf\/wp-content\/uploads\/sites\/11\/2023\/04\/Novo-Logo-1.png","contentUrl":"https:\/\/divulga.unila.edu.br\/isf\/wp-content\/uploads\/sites\/11\/2023\/04\/Novo-Logo-1.png","width":212,"height":294,"caption":"Idiomas sem Fronteiras"},"image":{"@id":"https:\/\/divulga.unila.edu.br\/isf\/#\/schema\/logo\/image\/"}}]}},"uagb_featured_image_src":{"full":false,"thumbnail":false,"medium":false,"medium_large":false,"large":false,"1536x1536":false,"2048x2048":false,"htmega_size_585x295":false,"htmega_size_1170x536":false,"htmega_size_396x360":false,"tainacan-small":false,"tainacan-medium":false,"tainacan-medium-full":false,"tainacan-large-full":false},"uagb_author_info":{"display_name":"Adm IsF","author_link":"https:\/\/divulga.unila.edu.br\/isf\/author\/natalia\/"},"uagb_comment_info":0,"uagb_excerpt":"\/*! elementor &#8211; v3.14.0 &#8211; 18-06-2023 *\/ .elementor-heading-title{padding:0;margin:0;line-height:1}.elementor-widget-heading .elementor-heading-title[class*=elementor-size-]&gt;a{color:inherit;font-size:inherit;line-height:inherit}.elementor-widget-heading .elementor-heading-title.elementor-size-small{font-size:15px}.elementor-widget-heading .elementor-heading-title.elementor-size-medium{font-size:19px}.elementor-widget-heading .elementor-heading-title.elementor-size-large{font-size:29px}.elementor-widget-heading .elementor-heading-title.elementor-size-xl{font-size:39px}.elementor-widget-heading .elementor-heading-title.elementor-size-xxl{font-size:59px} Cat\u00e1logo de cursos Cultura Exames Fins Acad\u00eamicos Fins Espec\u00edficos","_links":{"self":[{"href":"https:\/\/divulga.unila.edu.br\/isf\/wp-json\/wp\/v2\/pages\/379","targetHints":{"allow":["GET"]}}],"collection":[{"href":"https:\/\/divulga.unila.edu.br\/isf\/wp-json\/wp\/v2\/pages"}],"about":[{"href":"https:\/\/divulga.unila.edu.br\/isf\/wp-json\/wp\/v2\/types\/page"}],"author":[{"embeddable":true,"href":"https:\/\/divulga.unila.edu.br\/isf\/wp-json\/wp\/v2\/users\/24"}],"replies":[{"embeddable":true,"href":"https:\/\/divulga.unila.edu.br\/isf\/wp-json\/wp\/v2\/comments?post=379"}],"version-history":[{"count":4,"href":"https:\/\/divulga.unila.edu.br\/isf\/wp-json\/wp\/v2\/pages\/379\/revisions"}],"predecessor-version":[{"id":400,"href":"https:\/\/divulga.unila.edu.br\/isf\/wp-json\/wp\/v2\/pages\/379\/revisions\/400"}],"wp:attachment":[{"href":"https:\/\/divulga.unila.edu.br\/isf\/wp-json\/wp\/v2\/media?parent=379"}],"curies":[{"name":"wp","href":"https:\/\/api.w.org\/{rel}","templated":true}]}}