{"id":600,"date":"2024-10-11T11:47:22","date_gmt":"2024-10-11T14:47:22","guid":{"rendered":"https:\/\/divulga.unila.edu.br\/internacionalizacao\/?page_id=600"},"modified":"2025-04-04T14:17:42","modified_gmt":"2025-04-04T17:17:42","slug":"oportunidades","status":"publish","type":"page","link":"https:\/\/divulga.unila.edu.br\/internacional\/oportunidades\/","title":{"rendered":"Oportunidades"},"content":{"rendered":"\t\t<div data-elementor-type=\"wp-page\" data-elementor-id=\"600\" class=\"elementor elementor-600\">\n\t\t\t\t\t\t<section class=\"has_eae_slider elementor-section elementor-top-section elementor-element elementor-element-7790693 elementor-section-height-min-height elementor-section-boxed elementor-section-height-default elementor-section-items-middle wpr-particle-no wpr-jarallax-no wpr-parallax-no wpr-sticky-section-no elementor-invisible\" data-eae-slider=\"57681\" data-id=\"7790693\" data-element_type=\"section\" data-e-type=\"section\" data-settings=\"{&quot;background_background&quot;:&quot;classic&quot;,&quot;animation&quot;:&quot;fadeIn&quot;}\">\n\t\t\t\t\t\t\t<div class=\"elementor-background-overlay\"><\/div>\n\t\t\t\t\t\t\t<div class=\"elementor-container elementor-column-gap-default\">\n\t\t\t\t\t<div class=\"has_eae_slider elementor-column elementor-col-100 elementor-top-column elementor-element elementor-element-7e3217e\" data-eae-slider=\"75437\" data-id=\"7e3217e\" data-element_type=\"column\" data-e-type=\"column\">\n\t\t\t<div class=\"elementor-widget-wrap elementor-element-populated\">\n\t\t\t\t\t\t<section class=\"has_eae_slider elementor-section elementor-inner-section elementor-element elementor-element-839a4b1 elementor-section-boxed elementor-section-height-default elementor-section-height-default wpr-particle-no wpr-jarallax-no wpr-parallax-no wpr-sticky-section-no\" data-eae-slider=\"83778\" data-id=\"839a4b1\" data-element_type=\"section\" data-e-type=\"section\">\n\t\t\t\t\t\t<div class=\"elementor-container elementor-column-gap-default\">\n\t\t\t\t\t<div class=\"has_eae_slider elementor-column elementor-col-100 elementor-inner-column elementor-element elementor-element-b616cc9\" data-eae-slider=\"68325\" data-id=\"b616cc9\" data-element_type=\"column\" data-e-type=\"column\">\n\t\t\t<div class=\"elementor-widget-wrap elementor-element-populated\">\n\t\t\t\t\t\t<div class=\"elementor-element elementor-element-999d415 elementor-invisible elementor-widget elementor-widget-heading\" data-id=\"999d415\" data-element_type=\"widget\" data-e-type=\"widget\" data-settings=\"{&quot;_animation&quot;:&quot;fadeInUp&quot;,&quot;_animation_delay&quot;:500}\" data-widget_type=\"heading.default\">\n\t\t\t\t<div class=\"elementor-widget-container\">\n\t\t\t\t\t<h1 class=\"elementor-heading-title elementor-size-default\">Oportunidades<\/h1>\t\t\t\t<\/div>\n\t\t\t\t<\/div>\n\t\t\t\t\t<\/div>\n\t\t<\/div>\n\t\t\t\t\t<\/div>\n\t\t<\/section>\n\t\t\t\t\t<\/div>\n\t\t<\/div>\n\t\t\t\t\t<\/div>\n\t\t<\/section>\n\t\t<div class=\"has_eae_slider elementor-element elementor-element-f8b6e7c e-flex e-con-boxed wpr-particle-no wpr-jarallax-no wpr-parallax-no wpr-sticky-section-no e-con e-parent\" data-eae-slider=\"97487\" data-id=\"f8b6e7c\" data-element_type=\"container\" data-e-type=\"container\">\n\t\t\t\t\t<div class=\"e-con-inner\">\n\t\t<div class=\"has_eae_slider elementor-element elementor-element-2d8ff35 e-con-full e-flex wpr-particle-no wpr-jarallax-no wpr-parallax-no wpr-sticky-section-no e-con e-child\" data-eae-slider=\"52217\" data-id=\"2d8ff35\" data-element_type=\"container\" data-e-type=\"container\">\n\t\t\t\t<div class=\"elementor-element elementor-element-fe26a25 elementor-hidden-desktop elementor-widget elementor-widget-shortcode\" data-id=\"fe26a25\" data-element_type=\"widget\" data-e-type=\"widget\" data-widget_type=\"shortcode.default\">\n\t\t\t\t<div class=\"elementor-widget-container\">\n\t\t\t\t\t\t\t<div class=\"elementor-shortcode\"><div class=\"gtranslate_wrapper\" id=\"gt-wrapper-75494132\"><\/div><\/div>\n\t\t\t\t\t\t<\/div>\n\t\t\t\t<\/div>\n\t\t\t\t<\/div>\n\t\t\t\t\t<\/div>\n\t\t\t\t<\/div>\n\t\t<div class=\"has_eae_slider elementor-element elementor-element-ded635d e-flex e-con-boxed wpr-particle-no wpr-jarallax-no wpr-parallax-no wpr-sticky-section-no e-con e-parent\" data-eae-slider=\"53444\" data-id=\"ded635d\" data-element_type=\"container\" data-e-type=\"container\">\n\t\t\t\t\t<div class=\"e-con-inner\">\n\t\t<div class=\"has_eae_slider elementor-element elementor-element-69d5efc e-con-full e-flex wpr-particle-no wpr-jarallax-no wpr-parallax-no wpr-sticky-section-no e-con e-child\" data-eae-slider=\"29441\" data-id=\"69d5efc\" data-element_type=\"container\" data-e-type=\"container\">\n\t\t\t\t<div class=\"elementor-element elementor-element-71ad7c2 elementor-widget elementor-widget-text-editor\" data-id=\"71ad7c2\" data-element_type=\"widget\" data-e-type=\"widget\" data-widget_type=\"text-editor.default\">\n\t\t\t\t<div class=\"elementor-widget-container\">\n\t\t\t\t\t\t\t\t\t<p><span style=\"font-weight: 400;\">Nesta se\u00e7\u00e3o, \u00e9 poss\u00edvel encontrar editais com oportunidades para ingresso como estudante regular em cursos de gradua\u00e7\u00e3o e p\u00f3s-gradua\u00e7\u00e3o da UNILA, nos n\u00edveis <\/span><i><span style=\"font-weight: 400;\">lato<\/span><\/i><span style=\"font-weight: 400;\"> e <\/span><i><span style=\"font-weight: 400;\">stricto sensu<\/span><\/i><span style=\"font-weight: 400;\">. E tamb\u00e9m editais de interc\u00e2mbio acad\u00eamico-cient\u00edfico, tecnol\u00f3gico e cultural com institui\u00e7\u00f5es universit\u00e1rias, centros de pesquisa e diversas organiza\u00e7\u00f5es internacionais.<\/span><\/p>\t\t\t\t\t\t\t\t<\/div>\n\t\t\t\t<\/div>\n\t\t\t\t<\/div>\n\t\t\t\t\t<\/div>\n\t\t\t\t<\/div>\n\t\t<div class=\"has_eae_slider elementor-element elementor-element-e3a361a e-grid e-con-boxed wpr-particle-no wpr-jarallax-no wpr-parallax-no wpr-sticky-section-no e-con e-parent\" data-eae-slider=\"30135\" data-id=\"e3a361a\" data-element_type=\"container\" data-e-type=\"container\">\n\t\t\t\t\t<div class=\"e-con-inner\">\n\t\t<div class=\"has_eae_slider elementor-element elementor-element-4ed5ae8 animated-slow e-flex e-con-boxed wpr-particle-no wpr-jarallax-no wpr-parallax-no wpr-sticky-section-no elementor-invisible e-con e-child\" data-eae-slider=\"63877\" data-id=\"4ed5ae8\" data-element_type=\"container\" data-e-type=\"container\" data-settings=\"{&quot;background_background&quot;:&quot;gradient&quot;,&quot;animation&quot;:&quot;bounceIn&quot;,&quot;animation_delay&quot;:1000}\">\n\t\t\t\t\t<div class=\"e-con-inner\">\n\t\t\t\t<div class=\"elementor-element elementor-element-753b573 elementor-widget elementor-widget-image\" data-id=\"753b573\" data-element_type=\"widget\" data-e-type=\"widget\" data-widget_type=\"image.default\">\n\t\t\t\t<div class=\"elementor-widget-container\">\n\t\t\t\t\t\t\t\t\t\t\t\t\t\t\t\t<a href=\"https:\/\/divulga.unila.edu.br\/internacional\/graduacao\/\">\n\t\t\t\t\t\t\t<img fetchpriority=\"high\" decoding=\"async\" width=\"512\" height=\"512\" src=\"https:\/\/divulga.unila.edu.br\/internacional\/wp-content\/uploads\/sites\/48\/2024\/12\/graduacao.png\" class=\"elementor-animation-grow attachment-full size-full wp-image-4098\" alt=\"\" srcset=\"https:\/\/divulga.unila.edu.br\/internacional\/wp-content\/uploads\/sites\/48\/2024\/12\/graduacao.png 512w, https:\/\/divulga.unila.edu.br\/internacional\/wp-content\/uploads\/sites\/48\/2024\/12\/graduacao-300x300.png 300w, https:\/\/divulga.unila.edu.br\/internacional\/wp-content\/uploads\/sites\/48\/2024\/12\/graduacao-150x150.png 150w, https:\/\/divulga.unila.edu.br\/internacional\/wp-content\/uploads\/sites\/48\/2024\/12\/graduacao-40x40.png 40w, https:\/\/divulga.unila.edu.br\/internacional\/wp-content\/uploads\/sites\/48\/2024\/12\/graduacao-275x275.png 275w, https:\/\/divulga.unila.edu.br\/internacional\/wp-content\/uploads\/sites\/48\/2024\/12\/graduacao-205x205.png 205w, https:\/\/divulga.unila.edu.br\/internacional\/wp-content\/uploads\/sites\/48\/2024\/12\/graduacao-480x480.png 480w, https:\/\/divulga.unila.edu.br\/internacional\/wp-content\/uploads\/sites\/48\/2024\/12\/graduacao-144x144.png 144w\" sizes=\"(max-width: 512px) 100vw, 512px\" \/>\t\t\t\t\t\t\t\t<\/a>\n\t\t\t\t\t\t\t\t\t\t\t\t\t\t\t<\/div>\n\t\t\t\t<\/div>\n\t\t\t\t<div class=\"elementor-element elementor-element-7731cc9 elementor-invisible elementor-widget elementor-widget-heading\" data-id=\"7731cc9\" data-element_type=\"widget\" data-e-type=\"widget\" data-settings=\"{&quot;_animation&quot;:&quot;fadeIn&quot;}\" data-widget_type=\"heading.default\">\n\t\t\t\t<div class=\"elementor-widget-container\">\n\t\t\t\t\t<h3 class=\"elementor-heading-title elementor-size-default\"><a href=\"https:\/\/divulga.unila.edu.br\/internacional\/graduacao\/\">gradua\u00e7\u00e3o<br><br><\/a><\/h3>\t\t\t\t<\/div>\n\t\t\t\t<\/div>\n\t\t\t\t<div class=\"elementor-element elementor-element-e954ddd elementor-widget-divider--view-line elementor-widget elementor-widget-divider\" data-id=\"e954ddd\" data-element_type=\"widget\" data-e-type=\"widget\" data-widget_type=\"divider.default\">\n\t\t\t\t<div class=\"elementor-widget-container\">\n\t\t\t\t\t\t\t<div class=\"elementor-divider\">\n\t\t\t<span class=\"elementor-divider-separator\">\n\t\t\t\t\t\t<\/span>\n\t\t<\/div>\n\t\t\t\t\t\t<\/div>\n\t\t\t\t<\/div>\n\t\t\t\t<div class=\"elementor-element elementor-element-4a2abba elementor-widget elementor-widget-text-editor\" data-id=\"4a2abba\" data-element_type=\"widget\" data-e-type=\"widget\" data-widget_type=\"text-editor.default\">\n\t\t\t\t<div class=\"elementor-widget-container\">\n\t\t\t\t\t\t\t\t\t<p><span style=\"font-weight: 400;\">Conhe\u00e7a os 29 cursos de gradua\u00e7\u00e3o ofertados pela UNILA e as formas de ingresso<\/span><\/p>\t\t\t\t\t\t\t\t<\/div>\n\t\t\t\t<\/div>\n\t\t\t\t\t<\/div>\n\t\t\t\t<\/div>\n\t\t<div class=\"has_eae_slider elementor-element elementor-element-5dc4f8d e-con-full animated-slow e-flex wpr-particle-no wpr-jarallax-no wpr-parallax-no wpr-sticky-section-no elementor-invisible e-con e-child\" data-eae-slider=\"73433\" data-id=\"5dc4f8d\" data-element_type=\"container\" data-e-type=\"container\" data-settings=\"{&quot;background_background&quot;:&quot;gradient&quot;,&quot;animation&quot;:&quot;bounceIn&quot;,&quot;animation_delay&quot;:1000}\">\n\t\t\t\t<div class=\"elementor-element elementor-element-c5945c9 elementor-widget elementor-widget-image\" data-id=\"c5945c9\" data-element_type=\"widget\" data-e-type=\"widget\" data-widget_type=\"image.default\">\n\t\t\t\t<div class=\"elementor-widget-container\">\n\t\t\t\t\t\t\t\t\t\t\t\t\t\t\t\t<a href=\"https:\/\/divulga.unila.edu.br\/internacional\/especializacao\/\">\n\t\t\t\t\t\t\t<img decoding=\"async\" width=\"512\" height=\"512\" src=\"https:\/\/divulga.unila.edu.br\/internacional\/wp-content\/uploads\/sites\/48\/2024\/12\/especializacao.png\" class=\"elementor-animation-grow attachment-full size-full wp-image-4102\" alt=\"\" srcset=\"https:\/\/divulga.unila.edu.br\/internacional\/wp-content\/uploads\/sites\/48\/2024\/12\/especializacao.png 512w, https:\/\/divulga.unila.edu.br\/internacional\/wp-content\/uploads\/sites\/48\/2024\/12\/especializacao-300x300.png 300w, https:\/\/divulga.unila.edu.br\/internacional\/wp-content\/uploads\/sites\/48\/2024\/12\/especializacao-150x150.png 150w, https:\/\/divulga.unila.edu.br\/internacional\/wp-content\/uploads\/sites\/48\/2024\/12\/especializacao-40x40.png 40w, https:\/\/divulga.unila.edu.br\/internacional\/wp-content\/uploads\/sites\/48\/2024\/12\/especializacao-275x275.png 275w, https:\/\/divulga.unila.edu.br\/internacional\/wp-content\/uploads\/sites\/48\/2024\/12\/especializacao-205x205.png 205w, https:\/\/divulga.unila.edu.br\/internacional\/wp-content\/uploads\/sites\/48\/2024\/12\/especializacao-480x480.png 480w, https:\/\/divulga.unila.edu.br\/internacional\/wp-content\/uploads\/sites\/48\/2024\/12\/especializacao-144x144.png 144w\" sizes=\"(max-width: 512px) 100vw, 512px\" \/>\t\t\t\t\t\t\t\t<\/a>\n\t\t\t\t\t\t\t\t\t\t\t\t\t\t\t<\/div>\n\t\t\t\t<\/div>\n\t\t\t\t<div class=\"elementor-element elementor-element-010b313 elementor-invisible elementor-widget elementor-widget-heading\" data-id=\"010b313\" data-element_type=\"widget\" data-e-type=\"widget\" data-settings=\"{&quot;_animation&quot;:&quot;fadeIn&quot;}\" data-widget_type=\"heading.default\">\n\t\t\t\t<div class=\"elementor-widget-container\">\n\t\t\t\t\t<h1 class=\"elementor-heading-title elementor-size-default\"><a href=\"https:\/\/divulga.unila.edu.br\/internacional\/especializacao\/\">especializa\u00e7\u00e3o<br><br><\/a><\/h1>\t\t\t\t<\/div>\n\t\t\t\t<\/div>\n\t\t\t\t<div class=\"elementor-element elementor-element-c9eedc1 elementor-widget-divider--view-line elementor-widget elementor-widget-divider\" data-id=\"c9eedc1\" data-element_type=\"widget\" data-e-type=\"widget\" data-widget_type=\"divider.default\">\n\t\t\t\t<div class=\"elementor-widget-container\">\n\t\t\t\t\t\t\t<div class=\"elementor-divider\">\n\t\t\t<span class=\"elementor-divider-separator\">\n\t\t\t\t\t\t<\/span>\n\t\t<\/div>\n\t\t\t\t\t\t<\/div>\n\t\t\t\t<\/div>\n\t\t\t\t<div class=\"elementor-element elementor-element-ea76424 elementor-widget elementor-widget-text-editor\" data-id=\"ea76424\" data-element_type=\"widget\" data-e-type=\"widget\" data-widget_type=\"text-editor.default\">\n\t\t\t\t<div class=\"elementor-widget-container\">\n\t\t\t\t\t\t\t\t\t<p><span style=\"font-weight: 400;\">Confira os cursos de p\u00f3s-gradua\u00e7\u00e3o, em n\u00edvel de especializa\u00e7\u00e3o <\/span><i><span style=\"font-weight: 400;\">lato sensu<\/span><\/i><span style=\"font-weight: 400;\">, existentes na UNILA<\/span><\/p>\t\t\t\t\t\t\t\t<\/div>\n\t\t\t\t<\/div>\n\t\t\t\t<\/div>\n\t\t<div class=\"has_eae_slider elementor-element elementor-element-5660ae4 e-con-full animated-slow e-flex wpr-particle-no wpr-jarallax-no wpr-parallax-no wpr-sticky-section-no elementor-invisible e-con e-child\" data-eae-slider=\"29406\" data-id=\"5660ae4\" data-element_type=\"container\" data-e-type=\"container\" data-settings=\"{&quot;background_background&quot;:&quot;gradient&quot;,&quot;animation&quot;:&quot;bounceIn&quot;,&quot;animation_delay&quot;:1000}\">\n\t\t\t\t<div class=\"elementor-element elementor-element-6865714 elementor-widget elementor-widget-image\" data-id=\"6865714\" data-element_type=\"widget\" data-e-type=\"widget\" data-widget_type=\"image.default\">\n\t\t\t\t<div class=\"elementor-widget-container\">\n\t\t\t\t\t\t\t\t\t\t\t\t\t\t\t\t<a href=\"https:\/\/divulga.unila.edu.br\/internacional\/programas-pos-graduacao\/\">\n\t\t\t\t\t\t\t<img decoding=\"async\" width=\"512\" height=\"512\" src=\"https:\/\/divulga.unila.edu.br\/internacional\/wp-content\/uploads\/sites\/48\/2024\/12\/pos-graduacao.png\" class=\"elementor-animation-grow attachment-full size-full wp-image-4099\" alt=\"\" srcset=\"https:\/\/divulga.unila.edu.br\/internacional\/wp-content\/uploads\/sites\/48\/2024\/12\/pos-graduacao.png 512w, https:\/\/divulga.unila.edu.br\/internacional\/wp-content\/uploads\/sites\/48\/2024\/12\/pos-graduacao-300x300.png 300w, https:\/\/divulga.unila.edu.br\/internacional\/wp-content\/uploads\/sites\/48\/2024\/12\/pos-graduacao-150x150.png 150w, https:\/\/divulga.unila.edu.br\/internacional\/wp-content\/uploads\/sites\/48\/2024\/12\/pos-graduacao-40x40.png 40w, https:\/\/divulga.unila.edu.br\/internacional\/wp-content\/uploads\/sites\/48\/2024\/12\/pos-graduacao-275x275.png 275w, https:\/\/divulga.unila.edu.br\/internacional\/wp-content\/uploads\/sites\/48\/2024\/12\/pos-graduacao-205x205.png 205w, https:\/\/divulga.unila.edu.br\/internacional\/wp-content\/uploads\/sites\/48\/2024\/12\/pos-graduacao-480x480.png 480w, https:\/\/divulga.unila.edu.br\/internacional\/wp-content\/uploads\/sites\/48\/2024\/12\/pos-graduacao-144x144.png 144w\" sizes=\"(max-width: 512px) 100vw, 512px\" \/>\t\t\t\t\t\t\t\t<\/a>\n\t\t\t\t\t\t\t\t\t\t\t\t\t\t\t<\/div>\n\t\t\t\t<\/div>\n\t\t\t\t<div class=\"elementor-element elementor-element-2189843 elementor-invisible elementor-widget elementor-widget-heading\" data-id=\"2189843\" data-element_type=\"widget\" data-e-type=\"widget\" data-settings=\"{&quot;_animation&quot;:&quot;fadeIn&quot;}\" data-widget_type=\"heading.default\">\n\t\t\t\t<div class=\"elementor-widget-container\">\n\t\t\t\t\t<h3 class=\"elementor-heading-title elementor-size-default\"><a href=\"https:\/\/divulga.unila.edu.br\/internacional\/programas-pos-graduacao\/\">programas <br>p\u00f3s-gradua\u00e7\u00e3o<\/a><\/h3>\t\t\t\t<\/div>\n\t\t\t\t<\/div>\n\t\t\t\t<div class=\"elementor-element elementor-element-d52ccb3 elementor-widget-divider--view-line elementor-widget elementor-widget-divider\" data-id=\"d52ccb3\" data-element_type=\"widget\" data-e-type=\"widget\" data-widget_type=\"divider.default\">\n\t\t\t\t<div class=\"elementor-widget-container\">\n\t\t\t\t\t\t\t<div class=\"elementor-divider\">\n\t\t\t<span class=\"elementor-divider-separator\">\n\t\t\t\t\t\t<\/span>\n\t\t<\/div>\n\t\t\t\t\t\t<\/div>\n\t\t\t\t<\/div>\n\t\t\t\t<div class=\"elementor-element elementor-element-9335aac elementor-widget elementor-widget-text-editor\" data-id=\"9335aac\" data-element_type=\"widget\" data-e-type=\"widget\" data-widget_type=\"text-editor.default\">\n\t\t\t\t<div class=\"elementor-widget-container\">\n\t\t\t\t\t\t\t\t\t<p><span style=\"font-weight: 400;\">Saiba mais sobre cada um dos programas de p\u00f3s-gradua\u00e7\u00e3o <\/span><i><span style=\"font-weight: 400;\">stricto sensu<\/span><\/i><span style=\"font-weight: 400;\"> dispon\u00edveis na UNILA<\/span><\/p>\t\t\t\t\t\t\t\t<\/div>\n\t\t\t\t<\/div>\n\t\t\t\t<\/div>\n\t\t<div class=\"has_eae_slider elementor-element elementor-element-9b0c23b e-con-full animated-slow e-flex wpr-particle-no wpr-jarallax-no wpr-parallax-no wpr-sticky-section-no elementor-invisible e-con e-child\" data-eae-slider=\"43420\" data-id=\"9b0c23b\" data-element_type=\"container\" data-e-type=\"container\" data-settings=\"{&quot;background_background&quot;:&quot;gradient&quot;,&quot;animation&quot;:&quot;bounceIn&quot;,&quot;animation_delay&quot;:1000}\">\n\t\t\t\t<div class=\"elementor-element elementor-element-7db58c6 elementor-widget elementor-widget-image\" data-id=\"7db58c6\" data-element_type=\"widget\" data-e-type=\"widget\" data-widget_type=\"image.default\">\n\t\t\t\t<div class=\"elementor-widget-container\">\n\t\t\t\t\t\t\t\t\t\t\t\t\t\t\t\t<a href=\"https:\/\/documentos.unila.edu.br\/?combine=&#038;field_tipo_tid=All&#038;field__rg_o_respons_vel_tid=142&#038;field_errata_value=All\">\n\t\t\t\t\t\t\t<img loading=\"lazy\" decoding=\"async\" width=\"512\" height=\"512\" src=\"https:\/\/divulga.unila.edu.br\/internacional\/wp-content\/uploads\/sites\/48\/2024\/12\/editais.png\" class=\"elementor-animation-grow attachment-full size-full wp-image-4095\" alt=\"\" srcset=\"https:\/\/divulga.unila.edu.br\/internacional\/wp-content\/uploads\/sites\/48\/2024\/12\/editais.png 512w, https:\/\/divulga.unila.edu.br\/internacional\/wp-content\/uploads\/sites\/48\/2024\/12\/editais-300x300.png 300w, https:\/\/divulga.unila.edu.br\/internacional\/wp-content\/uploads\/sites\/48\/2024\/12\/editais-150x150.png 150w, https:\/\/divulga.unila.edu.br\/internacional\/wp-content\/uploads\/sites\/48\/2024\/12\/editais-40x40.png 40w, https:\/\/divulga.unila.edu.br\/internacional\/wp-content\/uploads\/sites\/48\/2024\/12\/editais-275x275.png 275w, https:\/\/divulga.unila.edu.br\/internacional\/wp-content\/uploads\/sites\/48\/2024\/12\/editais-205x205.png 205w, https:\/\/divulga.unila.edu.br\/internacional\/wp-content\/uploads\/sites\/48\/2024\/12\/editais-480x480.png 480w, https:\/\/divulga.unila.edu.br\/internacional\/wp-content\/uploads\/sites\/48\/2024\/12\/editais-144x144.png 144w\" sizes=\"(max-width: 512px) 100vw, 512px\" \/>\t\t\t\t\t\t\t\t<\/a>\n\t\t\t\t\t\t\t\t\t\t\t\t\t\t\t<\/div>\n\t\t\t\t<\/div>\n\t\t\t\t<div class=\"elementor-element elementor-element-ee19e81 elementor-invisible elementor-widget elementor-widget-heading\" data-id=\"ee19e81\" data-element_type=\"widget\" data-e-type=\"widget\" data-settings=\"{&quot;_animation&quot;:&quot;fadeIn&quot;}\" data-widget_type=\"heading.default\">\n\t\t\t\t<div class=\"elementor-widget-container\">\n\t\t\t\t\t<h3 class=\"elementor-heading-title elementor-size-default\"><a href=\"https:\/\/documentos.unila.edu.br\/?combine=&#038;field_tipo_tid=All&#038;field__rg_o_respons_vel_tid=142&#038;field_errata_value=All\">mobilidade<br><br><\/a><\/h3>\t\t\t\t<\/div>\n\t\t\t\t<\/div>\n\t\t\t\t<div class=\"elementor-element elementor-element-01080f2 elementor-widget-divider--view-line elementor-widget elementor-widget-divider\" data-id=\"01080f2\" data-element_type=\"widget\" data-e-type=\"widget\" data-widget_type=\"divider.default\">\n\t\t\t\t<div class=\"elementor-widget-container\">\n\t\t\t\t\t\t\t<div class=\"elementor-divider\">\n\t\t\t<span class=\"elementor-divider-separator\">\n\t\t\t\t\t\t<\/span>\n\t\t<\/div>\n\t\t\t\t\t\t<\/div>\n\t\t\t\t<\/div>\n\t\t\t\t<div class=\"elementor-element elementor-element-c9ae284 elementor-widget elementor-widget-text-editor\" data-id=\"c9ae284\" data-element_type=\"widget\" data-e-type=\"widget\" data-widget_type=\"text-editor.default\">\n\t\t\t\t<div class=\"elementor-widget-container\">\n\t\t\t\t\t\t\t\t\t<p><span style=\"font-weight: 400;\">Consulte os editais para oportunidades de mobilidade a partir da UNILA<\/span><\/p>\t\t\t\t\t\t\t\t<\/div>\n\t\t\t\t<\/div>\n\t\t\t\t<\/div>\n\t\t\t\t\t<\/div>\n\t\t\t\t<\/div>\n\t\t<div class=\"has_eae_slider elementor-element elementor-element-8fbab19 e-flex e-con-boxed wpr-particle-no wpr-jarallax-no wpr-parallax-no wpr-sticky-section-no e-con e-parent\" data-eae-slider=\"14743\" data-id=\"8fbab19\" data-element_type=\"container\" data-e-type=\"container\" data-settings=\"{&quot;shape_divider_bottom&quot;:&quot;pyramids&quot;,&quot;shape_divider_bottom_negative&quot;:&quot;yes&quot;}\">\n\t\t\t\t\t<div class=\"e-con-inner\">\n\t\t\t\t<div class=\"elementor-shape elementor-shape-bottom\" aria-hidden=\"true\" data-negative=\"true\">\n\t\t\t<svg xmlns=\"http:\/\/www.w3.org\/2000\/svg\" viewBox=\"0 0 1000 100\" preserveAspectRatio=\"none\">\n\t<path class=\"elementor-shape-fill\" d=\"M761.9,40.6L643.1,24L333.9,93.8L0.1,1H0v99h1000V1\"\/>\n<\/svg>\t\t<\/div>\n\t\t\t\t<div class=\"elementor-element elementor-element-e224042 elementor-widget elementor-widget-spacer\" data-id=\"e224042\" data-element_type=\"widget\" data-e-type=\"widget\" data-widget_type=\"spacer.default\">\n\t\t\t\t<div class=\"elementor-widget-container\">\n\t\t\t\t\t\t\t<div class=\"elementor-spacer\">\n\t\t\t<div class=\"elementor-spacer-inner\"><\/div>\n\t\t<\/div>\n\t\t\t\t\t\t<\/div>\n\t\t\t\t<\/div>\n\t\t\t\t\t<\/div>\n\t\t\t\t<\/div>\n\t\t\t\t<\/div>\n\t\t","protected":false},"excerpt":{"rendered":"<p>Oportunidades Nesta se\u00e7\u00e3o, \u00e9 poss\u00edvel encontrar editais com oportunidades para ingresso como estudante regular em cursos de gradua\u00e7\u00e3o e p\u00f3s-gradua\u00e7\u00e3o da UNILA, nos n\u00edveis lato e stricto sensu. E tamb\u00e9m editais de interc\u00e2mbio acad\u00eamico-cient\u00edfico, tecnol\u00f3gico e cultural com institui\u00e7\u00f5es universit\u00e1rias, centros de pesquisa e diversas organiza\u00e7\u00f5es internacionais. gradua\u00e7\u00e3o Conhe\u00e7a os 29 cursos de gradua\u00e7\u00e3o ofertados pela UNILA e as formas de ingresso especializa\u00e7\u00e3o Confira os cursos de p\u00f3s-gradua\u00e7\u00e3o, em n\u00edvel de especializa\u00e7\u00e3o lato sensu, existentes na UNILA programas p\u00f3s-gradua\u00e7\u00e3o Saiba mais sobre cada um dos programas de p\u00f3s-gradua\u00e7\u00e3o stricto sensu dispon\u00edveis na UNILA mobilidade Consulte os editais para oportunidades de mobilidade a partir da UNILA<\/p>\n","protected":false},"author":5,"featured_media":0,"parent":0,"menu_order":0,"comment_status":"closed","ping_status":"closed","template":"","meta":{"_uag_custom_page_level_css":"","_themeisle_gutenberg_block_has_review":false,"footnotes":""},"class_list":["post-600","page","type-page","status-publish","hentry"],"blocksy_meta":[],"uagb_featured_image_src":{"full":false,"thumbnail":false,"medium":false,"medium_large":false,"large":false,"1536x1536":false,"2048x2048":false,"htmega_size_585x295":false,"htmega_size_1170x536":false,"htmega_size_396x360":false,"tainacan-small":false,"tainacan-medium":false,"tainacan-medium-full":false,"tainacan-large-full":false,"foyer":false,"foyer_fhd":false,"foyer_fhd_square":false},"uagb_author_info":{"display_name":"roberta.moreno","author_link":"https:\/\/divulga.unila.edu.br\/internacional\/author\/roberta\/"},"uagb_comment_info":0,"uagb_excerpt":"Oportunidades Nesta se\u00e7\u00e3o, \u00e9 poss\u00edvel encontrar editais com oportunidades para ingresso como estudante regular em cursos de gradua\u00e7\u00e3o e p\u00f3s-gradua\u00e7\u00e3o da UNILA, nos n\u00edveis lato e stricto sensu. E tamb\u00e9m editais de interc\u00e2mbio acad\u00eamico-cient\u00edfico, tecnol\u00f3gico e cultural com institui\u00e7\u00f5es universit\u00e1rias, centros de pesquisa e diversas organiza\u00e7\u00f5es internacionais. gradua\u00e7\u00e3o Conhe\u00e7a os 29 cursos de gradua\u00e7\u00e3o ofertados&hellip;","_links":{"self":[{"href":"https:\/\/divulga.unila.edu.br\/internacional\/wp-json\/wp\/v2\/pages\/600","targetHints":{"allow":["GET"]}}],"collection":[{"href":"https:\/\/divulga.unila.edu.br\/internacional\/wp-json\/wp\/v2\/pages"}],"about":[{"href":"https:\/\/divulga.unila.edu.br\/internacional\/wp-json\/wp\/v2\/types\/page"}],"author":[{"embeddable":true,"href":"https:\/\/divulga.unila.edu.br\/internacional\/wp-json\/wp\/v2\/users\/5"}],"replies":[{"embeddable":true,"href":"https:\/\/divulga.unila.edu.br\/internacional\/wp-json\/wp\/v2\/comments?post=600"}],"version-history":[{"count":58,"href":"https:\/\/divulga.unila.edu.br\/internacional\/wp-json\/wp\/v2\/pages\/600\/revisions"}],"predecessor-version":[{"id":8850,"href":"https:\/\/divulga.unila.edu.br\/internacional\/wp-json\/wp\/v2\/pages\/600\/revisions\/8850"}],"wp:attachment":[{"href":"https:\/\/divulga.unila.edu.br\/internacional\/wp-json\/wp\/v2\/media?parent=600"}],"curies":[{"name":"wp","href":"https:\/\/api.w.org\/{rel}","templated":true}]}}