{"id":79,"date":"2023-09-22T19:09:04","date_gmt":"2023-09-22T22:09:04","guid":{"rendered":"https:\/\/divulga.unila.edu.br\/interclinica\/?page_id=79"},"modified":"2024-02-06T10:29:24","modified_gmt":"2024-02-06T13:29:24","slug":"contato","status":"publish","type":"page","link":"https:\/\/divulga.unila.edu.br\/interclinica\/contato\/","title":{"rendered":"Contato"},"content":{"rendered":"\t\t<div data-elementor-type=\"wp-page\" data-elementor-id=\"79\" class=\"elementor elementor-79\">\n\t\t\t\t<div class=\"has_eae_slider elementor-element elementor-element-5229e92 e-con-full e-flex wpr-particle-no wpr-jarallax-no wpr-parallax-no wpr-sticky-section-no wpr-equal-height-no e-con e-parent\" data-eae-slider=\"34044\" data-id=\"5229e92\" data-element_type=\"container\" data-e-type=\"container\">\n\t\t<div class=\"has_eae_slider elementor-element elementor-element-38df1e8 e-con-full e-flex wpr-particle-no wpr-jarallax-no wpr-parallax-no wpr-sticky-section-no wpr-equal-height-no e-con e-child\" data-eae-slider=\"59243\" data-id=\"38df1e8\" data-element_type=\"container\" data-e-type=\"container\">\n\t\t\t\t<div class=\"elementor-element elementor-element-4ecdd7f elementor-widget elementor-widget-text-editor\" data-id=\"4ecdd7f\" data-element_type=\"widget\" data-e-type=\"widget\" data-widget_type=\"text-editor.default\">\n\t\t\t\t<div class=\"elementor-widget-container\">\n\t\t\t\t\t\t\t\t\t<p>D\u00daVIDAS<\/p><p>E-mail: construindovinculos@gmail.com<\/p><p><span style=\"color: var( --e-global-color-text );font-family: var( --e-global-typography-text-font-family ), Sans-serif;font-weight: var( --e-global-typography-text-font-weight );font-size: 1rem\">WhatsApp: (+55 45) 8814-7063<\/span><\/p><p>https:\/\/wa.me\/message\/QNAHLQZLSCQWG1<\/p>\t\t\t\t\t\t\t\t<\/div>\n\t\t\t\t<\/div>\n\t\t\t\t<\/div>\n\t\t<div class=\"has_eae_slider elementor-element elementor-element-039c48d e-con-full e-flex wpr-particle-no wpr-jarallax-no wpr-parallax-no wpr-sticky-section-no wpr-equal-height-no e-con e-child\" data-eae-slider=\"34888\" data-id=\"039c48d\" data-element_type=\"container\" data-e-type=\"container\">\n\t\t\t\t<div class=\"elementor-element elementor-element-3010d29 elementor-widget elementor-widget-text-editor\" data-id=\"3010d29\" data-element_type=\"widget\" data-e-type=\"widget\" data-widget_type=\"text-editor.default\">\n\t\t\t\t<div class=\"elementor-widget-container\">\n\t\t\t\t\t\t\t\t\t<p>COLABORA\u00c7\u00c3O<\/p><p>H\u00e1 v\u00e1rias formas de colaborar e de integrar as atividades.<\/p><p>Para mais detalhes, clique no seguinte formul\u00e1rio: https:\/\/forms.gle\/bWoEhCFdbHfU5JBQ6.\u00a0<\/p>\t\t\t\t\t\t\t\t<\/div>\n\t\t\t\t<\/div>\n\t\t\t\t<\/div>\n\t\t\t\t<\/div>\n\t\t<div class=\"has_eae_slider elementor-element elementor-element-f18a3b8 e-flex e-con-boxed wpr-particle-no wpr-jarallax-no wpr-parallax-no wpr-sticky-section-no wpr-equal-height-no e-con e-parent\" data-eae-slider=\"42624\" data-id=\"f18a3b8\" data-element_type=\"container\" data-e-type=\"container\">\n\t\t\t\t\t<div class=\"e-con-inner\">\n\t\t\t\t<div class=\"elementor-element elementor-element-0c37126 elementor-widget elementor-widget-image\" data-id=\"0c37126\" data-element_type=\"widget\" data-e-type=\"widget\" data-widget_type=\"image.default\">\n\t\t\t\t<div class=\"elementor-widget-container\">\n\t\t\t\t\t\t\t\t\t\t\t\t\t\t\t<img fetchpriority=\"high\" decoding=\"async\" width=\"576\" height=\"1024\" src=\"https:\/\/divulga.unila.edu.br\/interclinica\/wp-content\/uploads\/sites\/39\/2024\/02\/WhatsApp-Clinica-Intercultural-576x1024.jpeg\" class=\"attachment-large size-large wp-image-681\" alt=\"\" srcset=\"https:\/\/divulga.unila.edu.br\/interclinica\/wp-content\/uploads\/sites\/39\/2024\/02\/WhatsApp-Clinica-Intercultural-576x1024.jpeg 576w, https:\/\/divulga.unila.edu.br\/interclinica\/wp-content\/uploads\/sites\/39\/2024\/02\/WhatsApp-Clinica-Intercultural-169x300.jpeg 169w, https:\/\/divulga.unila.edu.br\/interclinica\/wp-content\/uploads\/sites\/39\/2024\/02\/WhatsApp-Clinica-Intercultural-205x364.jpeg 205w, https:\/\/divulga.unila.edu.br\/interclinica\/wp-content\/uploads\/sites\/39\/2024\/02\/WhatsApp-Clinica-Intercultural-480x853.jpeg 480w, https:\/\/divulga.unila.edu.br\/interclinica\/wp-content\/uploads\/sites\/39\/2024\/02\/WhatsApp-Clinica-Intercultural.jpeg 720w\" sizes=\"(max-width: 576px) 100vw, 576px\" \/>\t\t\t\t\t\t\t\t\t\t\t\t\t\t\t<\/div>\n\t\t\t\t<\/div>\n\t\t\t\t\t<\/div>\n\t\t\t\t<\/div>\n\t\t\t\t<\/div>\n\t\t","protected":false},"excerpt":{"rendered":"<p>D\u00daVIDAS E-mail: construindovinculos@gmail.com WhatsApp: (+55 45) 8814-7063 https:\/\/wa.me\/message\/QNAHLQZLSCQWG1 COLABORA\u00c7\u00c3O H\u00e1 v\u00e1rias formas de colaborar e de integrar as atividades. Para mais detalhes, clique no seguinte formul\u00e1rio: https:\/\/forms.gle\/bWoEhCFdbHfU5JBQ6.\u00a0 \/*! elementor &#8211; v3.19.0 &#8211; 05-02-2024 *\/ .elementor-widget-image{text-align:center}.elementor-widget-image a{display:inline-block}.elementor-widget-image a img[src$=&#8221;.svg&#8221;]{width:48px}.elementor-widget-image img{vertical-align:middle;display:inline-block}<\/p>\n","protected":false},"author":90,"featured_media":0,"parent":0,"menu_order":1,"comment_status":"closed","ping_status":"closed","template":"","meta":{"_uag_custom_page_level_css":"","_themeisle_gutenberg_block_has_review":false,"footnotes":""},"class_list":["post-79","page","type-page","status-publish","hentry"],"uagb_featured_image_src":{"full":false,"thumbnail":false,"medium":false,"medium_large":false,"large":false,"1536x1536":false,"2048x2048":false,"htmega_size_585x295":false,"htmega_size_1170x536":false,"htmega_size_396x360":false,"tainacan-small":false,"tainacan-medium":false,"tainacan-medium-full":false,"tainacan-large-full":false,"button-2-featured":false},"uagb_author_info":{"display_name":"marcos.jesus","author_link":"https:\/\/divulga.unila.edu.br\/interclinica\/author\/interclinica\/"},"uagb_comment_info":0,"uagb_excerpt":"D\u00daVIDAS E-mail: construindovinculos@gmail.com WhatsApp: (+55 45) 8814-7063 https:\/\/wa.me\/message\/QNAHLQZLSCQWG1 COLABORA\u00c7\u00c3O H\u00e1 v\u00e1rias formas de colaborar e de integrar as atividades. Para mais detalhes, clique no seguinte formul\u00e1rio: https:\/\/forms.gle\/bWoEhCFdbHfU5JBQ6.\u00a0 \/*! elementor &#8211; v3.19.0 &#8211; 05-02-2024 *\/ .elementor-widget-image{text-align:center}.elementor-widget-image a{display:inline-block}.elementor-widget-image a img[src$=&#8221;.svg&#8221;]{width:48px}.elementor-widget-image img{vertical-align:middle;display:inline-block}","_links":{"self":[{"href":"https:\/\/divulga.unila.edu.br\/interclinica\/wp-json\/wp\/v2\/pages\/79","targetHints":{"allow":["GET"]}}],"collection":[{"href":"https:\/\/divulga.unila.edu.br\/interclinica\/wp-json\/wp\/v2\/pages"}],"about":[{"href":"https:\/\/divulga.unila.edu.br\/interclinica\/wp-json\/wp\/v2\/types\/page"}],"author":[{"embeddable":true,"href":"https:\/\/divulga.unila.edu.br\/interclinica\/wp-json\/wp\/v2\/users\/90"}],"replies":[{"embeddable":true,"href":"https:\/\/divulga.unila.edu.br\/interclinica\/wp-json\/wp\/v2\/comments?post=79"}],"version-history":[{"count":33,"href":"https:\/\/divulga.unila.edu.br\/interclinica\/wp-json\/wp\/v2\/pages\/79\/revisions"}],"predecessor-version":[{"id":702,"href":"https:\/\/divulga.unila.edu.br\/interclinica\/wp-json\/wp\/v2\/pages\/79\/revisions\/702"}],"wp:attachment":[{"href":"https:\/\/divulga.unila.edu.br\/interclinica\/wp-json\/wp\/v2\/media?parent=79"}],"curies":[{"name":"wp","href":"https:\/\/api.w.org\/{rel}","templated":true}]}}