{"id":2033,"date":"2025-06-02T16:28:01","date_gmt":"2025-06-02T19:28:01","guid":{"rendered":"https:\/\/divulga.unila.edu.br\/interclinica\/?page_id=2033"},"modified":"2025-06-02T16:28:02","modified_gmt":"2025-06-02T19:28:02","slug":"teoria-e-pratica-em-neuropsicologia","status":"publish","type":"page","link":"https:\/\/divulga.unila.edu.br\/interclinica\/cursos-e-formacoes\/teoria-e-pratica-em-neuropsicologia\/","title":{"rendered":"Teoria e Pr\u00e1tica em Neuropsicologia"},"content":{"rendered":"\t\t<div data-elementor-type=\"wp-page\" data-elementor-id=\"2033\" class=\"elementor elementor-2033\">\n\t\t\t\t<div class=\"has_eae_slider elementor-element elementor-element-39f5cdb e-flex e-con-boxed wpr-particle-no wpr-jarallax-no wpr-parallax-no wpr-sticky-section-no wpr-equal-height-no e-con e-parent\" data-eae-slider=\"59235\" data-id=\"39f5cdb\" data-element_type=\"container\" data-e-type=\"container\">\n\t\t\t\t\t<div class=\"e-con-inner\">\n\t\t\t\t<div class=\"elementor-element elementor-element-787c49f elementor-drop-cap-yes elementor-drop-cap-view-default elementor-widget elementor-widget-text-editor\" data-id=\"787c49f\" data-element_type=\"widget\" data-e-type=\"widget\" data-settings=\"{&quot;drop_cap&quot;:&quot;yes&quot;}\" data-widget_type=\"text-editor.default\">\n\t\t\t\t<div class=\"elementor-widget-container\">\n\t\t\t\t\t\t\t\t\t<p style=\"text-align: justify\"><span style=\"font-weight: 400\">O objetivo \u00e9 socializar conhecimentos em neuropsicologia em sua interlocu\u00e7\u00e3o com outras \u00e1reas cient\u00edficas a estudantes de gradua\u00e7\u00e3o, em especial, de psicologia, medicina, sa\u00fade coletiva e\/ou ci\u00eancias sociais, para o trabalho interdisciplinar de acordo com a especificidade de cada profiss\u00e3o e\/ou para pesquisa cient\u00edfica. Entre os temas abordados est\u00e3o: Neuroci\u00eancia B\u00e1sica; Neuropsicologia do Desenvolvimento; Neuropsicologia Ecol\u00f3gica; Modelo Neuropsicol\u00f3gico de Alexander Luria; Avalia\u00e7\u00e3o Neuropsicol\u00f3gica; Quadros Cl\u00ednicos em Neurologia e Psiquiatria; Neuropsicologia M\u00e9dica; Neuropsicologia Neurocir\u00fargica; Neuropsicologia Social e as Rela\u00e7\u00f5es entre C\u00e9rebro e Discrimina\u00e7\u00e3o Social; Discrimina\u00e7\u00e3o Social, Estresse, Inflama\u00e7\u00e3o e Regula\u00e7\u00e3o Epigen\u00e9tica; Homeostase, Alostase e Psiconeuroimunologia.\u00a0<\/span><\/p><p><br style=\"font-weight: 400\" \/><br style=\"font-weight: 400\" \/><\/p>\t\t\t\t\t\t\t\t<\/div>\n\t\t\t\t<\/div>\n\t\t\t\t\t<\/div>\n\t\t\t\t<\/div>\n\t\t\t\t<\/div>\n\t\t","protected":false},"excerpt":{"rendered":"<p>O objetivo \u00e9 socializar conhecimentos em neuropsicologia em sua interlocu\u00e7\u00e3o com outras \u00e1reas cient\u00edficas a estudantes de gradua\u00e7\u00e3o, em especial, de psicologia, medicina, sa\u00fade coletiva e\/ou ci\u00eancias sociais, para o trabalho interdisciplinar de acordo com a especificidade de cada profiss\u00e3o e\/ou para pesquisa cient\u00edfica. Entre os temas abordados est\u00e3o: Neuroci\u00eancia B\u00e1sica; Neuropsicologia do Desenvolvimento; Neuropsicologia Ecol\u00f3gica; Modelo Neuropsicol\u00f3gico de Alexander Luria; Avalia\u00e7\u00e3o Neuropsicol\u00f3gica; Quadros Cl\u00ednicos em Neurologia e Psiquiatria; Neuropsicologia M\u00e9dica; Neuropsicologia Neurocir\u00fargica; Neuropsicologia Social e as Rela\u00e7\u00f5es entre C\u00e9rebro e Discrimina\u00e7\u00e3o Social; Discrimina\u00e7\u00e3o Social, Estresse, Inflama\u00e7\u00e3o e Regula\u00e7\u00e3o Epigen\u00e9tica; Homeostase, Alostase e Psiconeuroimunologia.\u00a0<\/p>\n","protected":false},"author":90,"featured_media":0,"parent":60,"menu_order":0,"comment_status":"closed","ping_status":"closed","template":"","meta":{"_uag_custom_page_level_css":"","_themeisle_gutenberg_block_has_review":false,"footnotes":""},"class_list":["post-2033","page","type-page","status-publish","hentry"],"uagb_featured_image_src":{"full":false,"thumbnail":false,"medium":false,"medium_large":false,"large":false,"1536x1536":false,"2048x2048":false,"htmega_size_585x295":false,"htmega_size_1170x536":false,"htmega_size_396x360":false,"tainacan-small":false,"tainacan-medium":false,"tainacan-medium-full":false,"tainacan-large-full":false,"button-2-featured":false},"uagb_author_info":{"display_name":"marcos.jesus","author_link":"https:\/\/divulga.unila.edu.br\/interclinica\/author\/interclinica\/"},"uagb_comment_info":0,"uagb_excerpt":"O objetivo \u00e9 socializar conhecimentos em neuropsicologia em sua interlocu\u00e7\u00e3o com outras \u00e1reas cient\u00edficas a estudantes de gradua\u00e7\u00e3o, em especial, de psicologia, medicina, sa\u00fade coletiva e\/ou ci\u00eancias sociais, para o trabalho interdisciplinar de acordo com a especificidade de cada profiss\u00e3o e\/ou para pesquisa cient\u00edfica. Entre os temas abordados est\u00e3o: Neuroci\u00eancia B\u00e1sica; Neuropsicologia do Desenvolvimento; Neuropsicologia&hellip;","_links":{"self":[{"href":"https:\/\/divulga.unila.edu.br\/interclinica\/wp-json\/wp\/v2\/pages\/2033","targetHints":{"allow":["GET"]}}],"collection":[{"href":"https:\/\/divulga.unila.edu.br\/interclinica\/wp-json\/wp\/v2\/pages"}],"about":[{"href":"https:\/\/divulga.unila.edu.br\/interclinica\/wp-json\/wp\/v2\/types\/page"}],"author":[{"embeddable":true,"href":"https:\/\/divulga.unila.edu.br\/interclinica\/wp-json\/wp\/v2\/users\/90"}],"replies":[{"embeddable":true,"href":"https:\/\/divulga.unila.edu.br\/interclinica\/wp-json\/wp\/v2\/comments?post=2033"}],"version-history":[{"count":4,"href":"https:\/\/divulga.unila.edu.br\/interclinica\/wp-json\/wp\/v2\/pages\/2033\/revisions"}],"predecessor-version":[{"id":2041,"href":"https:\/\/divulga.unila.edu.br\/interclinica\/wp-json\/wp\/v2\/pages\/2033\/revisions\/2041"}],"up":[{"embeddable":true,"href":"https:\/\/divulga.unila.edu.br\/interclinica\/wp-json\/wp\/v2\/pages\/60"}],"wp:attachment":[{"href":"https:\/\/divulga.unila.edu.br\/interclinica\/wp-json\/wp\/v2\/media?parent=2033"}],"curies":[{"name":"wp","href":"https:\/\/api.w.org\/{rel}","templated":true}]}}