{"id":1278,"date":"2024-05-26T12:02:07","date_gmt":"2024-05-26T15:02:07","guid":{"rendered":"https:\/\/divulga.unila.edu.br\/interclinica\/?page_id=1278"},"modified":"2025-10-12T13:04:06","modified_gmt":"2025-10-12T16:04:06","slug":"2024-2","status":"publish","type":"page","link":"https:\/\/divulga.unila.edu.br\/interclinica\/seminarios-eventos\/2024-2\/","title":{"rendered":"2024"},"content":{"rendered":"\t\t<div data-elementor-type=\"wp-page\" data-elementor-id=\"1278\" class=\"elementor elementor-1278\">\n\t\t\t\t<div class=\"has_eae_slider elementor-element elementor-element-e5c82ee e-flex e-con-boxed wpr-particle-no wpr-jarallax-no wpr-parallax-no wpr-sticky-section-no wpr-equal-height-no e-con e-parent\" data-eae-slider=\"61740\" data-id=\"e5c82ee\" data-element_type=\"container\" data-e-type=\"container\">\n\t\t\t\t\t<div class=\"e-con-inner\">\n\t\t\t\t<div class=\"elementor-element elementor-element-d3d8e3a elementor-widget elementor-widget-image\" data-id=\"d3d8e3a\" data-element_type=\"widget\" data-e-type=\"widget\" data-widget_type=\"image.default\">\n\t\t\t\t<div class=\"elementor-widget-container\">\n\t\t\t\t\t\t\t\t\t\t\t\t\t\t\t<img fetchpriority=\"high\" decoding=\"async\" width=\"663\" height=\"663\" src=\"https:\/\/divulga.unila.edu.br\/interclinica\/wp-content\/uploads\/sites\/39\/2025\/10\/WhatsApp-Image-2025-10-12-at-13.01.12-1024x1024.jpeg\" class=\"attachment-large size-large wp-image-2215\" alt=\"\" srcset=\"https:\/\/divulga.unila.edu.br\/interclinica\/wp-content\/uploads\/sites\/39\/2025\/10\/WhatsApp-Image-2025-10-12-at-13.01.12-1024x1024.jpeg 1024w, https:\/\/divulga.unila.edu.br\/interclinica\/wp-content\/uploads\/sites\/39\/2025\/10\/WhatsApp-Image-2025-10-12-at-13.01.12-300x300.jpeg 300w, https:\/\/divulga.unila.edu.br\/interclinica\/wp-content\/uploads\/sites\/39\/2025\/10\/WhatsApp-Image-2025-10-12-at-13.01.12-150x150.jpeg 150w, https:\/\/divulga.unila.edu.br\/interclinica\/wp-content\/uploads\/sites\/39\/2025\/10\/WhatsApp-Image-2025-10-12-at-13.01.12-768x768.jpeg 768w, https:\/\/divulga.unila.edu.br\/interclinica\/wp-content\/uploads\/sites\/39\/2025\/10\/WhatsApp-Image-2025-10-12-at-13.01.12-40x40.jpeg 40w, https:\/\/divulga.unila.edu.br\/interclinica\/wp-content\/uploads\/sites\/39\/2025\/10\/WhatsApp-Image-2025-10-12-at-13.01.12-275x275.jpeg 275w, https:\/\/divulga.unila.edu.br\/interclinica\/wp-content\/uploads\/sites\/39\/2025\/10\/WhatsApp-Image-2025-10-12-at-13.01.12-205x205.jpeg 205w, https:\/\/divulga.unila.edu.br\/interclinica\/wp-content\/uploads\/sites\/39\/2025\/10\/WhatsApp-Image-2025-10-12-at-13.01.12-480x480.jpeg 480w, https:\/\/divulga.unila.edu.br\/interclinica\/wp-content\/uploads\/sites\/39\/2025\/10\/WhatsApp-Image-2025-10-12-at-13.01.12-982x982.jpeg 982w, https:\/\/divulga.unila.edu.br\/interclinica\/wp-content\/uploads\/sites\/39\/2025\/10\/WhatsApp-Image-2025-10-12-at-13.01.12.jpeg 1080w\" sizes=\"(max-width: 663px) 100vw, 663px\" \/>\t\t\t\t\t\t\t\t\t\t\t\t\t\t\t<\/div>\n\t\t\t\t<\/div>\n\t\t\t\t\t<\/div>\n\t\t\t\t<\/div>\n\t\t<div class=\"has_eae_slider elementor-element elementor-element-93b5fef e-flex e-con-boxed wpr-particle-no wpr-jarallax-no wpr-parallax-no wpr-sticky-section-no wpr-equal-height-no e-con e-parent\" data-eae-slider=\"98115\" data-id=\"93b5fef\" data-element_type=\"container\" data-e-type=\"container\">\n\t\t\t\t\t<div class=\"e-con-inner\">\n\t\t\t\t\t<\/div>\n\t\t\t\t<\/div>\n\t\t<div class=\"has_eae_slider elementor-element elementor-element-32a1b46 e-flex e-con-boxed wpr-particle-no wpr-jarallax-no wpr-parallax-no wpr-sticky-section-no wpr-equal-height-no e-con e-parent\" data-eae-slider=\"2448\" data-id=\"32a1b46\" data-element_type=\"container\" data-e-type=\"container\">\n\t\t\t\t\t<div class=\"e-con-inner\">\n\t\t\t\t<div class=\"elementor-element elementor-element-d0208a1 elementor-widget elementor-widget-image\" data-id=\"d0208a1\" data-element_type=\"widget\" data-e-type=\"widget\" data-widget_type=\"image.default\">\n\t\t\t\t<div class=\"elementor-widget-container\">\n\t\t\t\t\t\t\t\t\t\t\t\t\t\t\t<img decoding=\"async\" width=\"663\" height=\"663\" src=\"https:\/\/divulga.unila.edu.br\/interclinica\/wp-content\/uploads\/sites\/39\/2024\/11\/Convidados-Palestras-Conferencias-Falas-1024x1024.png\" class=\"attachment-large size-large wp-image-1760\" alt=\"\" srcset=\"https:\/\/divulga.unila.edu.br\/interclinica\/wp-content\/uploads\/sites\/39\/2024\/11\/Convidados-Palestras-Conferencias-Falas-1024x1024.png 1024w, https:\/\/divulga.unila.edu.br\/interclinica\/wp-content\/uploads\/sites\/39\/2024\/11\/Convidados-Palestras-Conferencias-Falas-300x300.png 300w, https:\/\/divulga.unila.edu.br\/interclinica\/wp-content\/uploads\/sites\/39\/2024\/11\/Convidados-Palestras-Conferencias-Falas-150x150.png 150w, https:\/\/divulga.unila.edu.br\/interclinica\/wp-content\/uploads\/sites\/39\/2024\/11\/Convidados-Palestras-Conferencias-Falas-768x768.png 768w, https:\/\/divulga.unila.edu.br\/interclinica\/wp-content\/uploads\/sites\/39\/2024\/11\/Convidados-Palestras-Conferencias-Falas-40x40.png 40w, https:\/\/divulga.unila.edu.br\/interclinica\/wp-content\/uploads\/sites\/39\/2024\/11\/Convidados-Palestras-Conferencias-Falas-275x275.png 275w, https:\/\/divulga.unila.edu.br\/interclinica\/wp-content\/uploads\/sites\/39\/2024\/11\/Convidados-Palestras-Conferencias-Falas-205x205.png 205w, https:\/\/divulga.unila.edu.br\/interclinica\/wp-content\/uploads\/sites\/39\/2024\/11\/Convidados-Palestras-Conferencias-Falas-480x480.png 480w, https:\/\/divulga.unila.edu.br\/interclinica\/wp-content\/uploads\/sites\/39\/2024\/11\/Convidados-Palestras-Conferencias-Falas-144x144.png 144w, https:\/\/divulga.unila.edu.br\/interclinica\/wp-content\/uploads\/sites\/39\/2024\/11\/Convidados-Palestras-Conferencias-Falas-982x982.png 982w, https:\/\/divulga.unila.edu.br\/interclinica\/wp-content\/uploads\/sites\/39\/2024\/11\/Convidados-Palestras-Conferencias-Falas.png 1080w\" sizes=\"(max-width: 663px) 100vw, 663px\" \/>\t\t\t\t\t\t\t\t\t\t\t\t\t\t\t<\/div>\n\t\t\t\t<\/div>\n\t\t\t\t\t<\/div>\n\t\t\t\t<\/div>\n\t\t<div class=\"has_eae_slider elementor-element elementor-element-d3f1874 e-flex e-con-boxed wpr-particle-no wpr-jarallax-no wpr-parallax-no wpr-sticky-section-no wpr-equal-height-no e-con e-parent\" data-eae-slider=\"54712\" data-id=\"d3f1874\" data-element_type=\"container\" data-e-type=\"container\">\n\t\t\t\t\t<div class=\"e-con-inner\">\n\t\t\t\t\t<\/div>\n\t\t\t\t<\/div>\n\t\t<div class=\"has_eae_slider elementor-element elementor-element-20e0f80 e-flex e-con-boxed wpr-particle-no wpr-jarallax-no wpr-parallax-no wpr-sticky-section-no wpr-equal-height-no e-con e-parent\" data-eae-slider=\"14266\" data-id=\"20e0f80\" data-element_type=\"container\" data-e-type=\"container\">\n\t\t\t\t\t<div class=\"e-con-inner\">\n\t\t\t\t<div class=\"elementor-element elementor-element-533bdd3 elementor-widget elementor-widget-text-editor\" data-id=\"533bdd3\" data-element_type=\"widget\" data-e-type=\"widget\" data-widget_type=\"text-editor.default\">\n\t\t\t\t<div class=\"elementor-widget-container\">\n\t\t\t\t\t\t\t\t\t<p style=\"text-align: center\"><a href=\"https:\/\/www.even3.com.br\/i-encontro-latino-americano-de-avaliacao-psicologica\/\">I Encontro Latino-Americano de Avalia\u00e7\u00e3o Psicol\u00f3gica: Desafios \u00e0 Descoloniza\u00e7\u00e3o da Pr\u00e1xis Avaliativa em Psicologia<\/a><\/p>\t\t\t\t\t\t\t\t<\/div>\n\t\t\t\t<\/div>\n\t\t\t\t<div class=\"elementor-element elementor-element-a163032 elementor-widget elementor-widget-image\" data-id=\"a163032\" data-element_type=\"widget\" data-e-type=\"widget\" data-widget_type=\"image.default\">\n\t\t\t\t<div class=\"elementor-widget-container\">\n\t\t\t\t\t\t\t\t\t\t\t\t\t\t\t<img decoding=\"async\" width=\"576\" height=\"1024\" src=\"https:\/\/divulga.unila.edu.br\/interclinica\/wp-content\/uploads\/sites\/39\/2024\/08\/1-576x1024.png\" class=\"attachment-large size-large wp-image-1653\" alt=\"\" srcset=\"https:\/\/divulga.unila.edu.br\/interclinica\/wp-content\/uploads\/sites\/39\/2024\/08\/1-576x1024.png 576w, https:\/\/divulga.unila.edu.br\/interclinica\/wp-content\/uploads\/sites\/39\/2024\/08\/1-169x300.png 169w, https:\/\/divulga.unila.edu.br\/interclinica\/wp-content\/uploads\/sites\/39\/2024\/08\/1-768x1365.png 768w, https:\/\/divulga.unila.edu.br\/interclinica\/wp-content\/uploads\/sites\/39\/2024\/08\/1-864x1536.png 864w, https:\/\/divulga.unila.edu.br\/interclinica\/wp-content\/uploads\/sites\/39\/2024\/08\/1-205x364.png 205w, https:\/\/divulga.unila.edu.br\/interclinica\/wp-content\/uploads\/sites\/39\/2024\/08\/1-480x853.png 480w, https:\/\/divulga.unila.edu.br\/interclinica\/wp-content\/uploads\/sites\/39\/2024\/08\/1-982x1746.png 982w, https:\/\/divulga.unila.edu.br\/interclinica\/wp-content\/uploads\/sites\/39\/2024\/08\/1.png 1080w\" sizes=\"(max-width: 576px) 100vw, 576px\" \/>\t\t\t\t\t\t\t\t\t\t\t\t\t\t\t<\/div>\n\t\t\t\t<\/div>\n\t\t\t\t<div class=\"elementor-element elementor-element-9870047 elementor-widget elementor-widget-image\" data-id=\"9870047\" data-element_type=\"widget\" data-e-type=\"widget\" data-widget_type=\"image.default\">\n\t\t\t\t<div class=\"elementor-widget-container\">\n\t\t\t\t\t\t\t\t\t\t\t\t\t\t\t<img loading=\"lazy\" decoding=\"async\" width=\"576\" height=\"1024\" src=\"https:\/\/divulga.unila.edu.br\/interclinica\/wp-content\/uploads\/sites\/39\/2024\/08\/2-576x1024.png\" class=\"attachment-large size-large wp-image-1654\" alt=\"\" srcset=\"https:\/\/divulga.unila.edu.br\/interclinica\/wp-content\/uploads\/sites\/39\/2024\/08\/2-576x1024.png 576w, https:\/\/divulga.unila.edu.br\/interclinica\/wp-content\/uploads\/sites\/39\/2024\/08\/2-169x300.png 169w, https:\/\/divulga.unila.edu.br\/interclinica\/wp-content\/uploads\/sites\/39\/2024\/08\/2-768x1365.png 768w, https:\/\/divulga.unila.edu.br\/interclinica\/wp-content\/uploads\/sites\/39\/2024\/08\/2-864x1536.png 864w, https:\/\/divulga.unila.edu.br\/interclinica\/wp-content\/uploads\/sites\/39\/2024\/08\/2-205x364.png 205w, https:\/\/divulga.unila.edu.br\/interclinica\/wp-content\/uploads\/sites\/39\/2024\/08\/2-480x853.png 480w, https:\/\/divulga.unila.edu.br\/interclinica\/wp-content\/uploads\/sites\/39\/2024\/08\/2-982x1746.png 982w, https:\/\/divulga.unila.edu.br\/interclinica\/wp-content\/uploads\/sites\/39\/2024\/08\/2.png 1080w\" sizes=\"(max-width: 576px) 100vw, 576px\" \/>\t\t\t\t\t\t\t\t\t\t\t\t\t\t\t<\/div>\n\t\t\t\t<\/div>\n\t\t\t\t\t<\/div>\n\t\t\t\t<\/div>\n\t\t<div class=\"has_eae_slider elementor-element elementor-element-825dc62 e-flex e-con-boxed wpr-particle-no wpr-jarallax-no wpr-parallax-no wpr-sticky-section-no wpr-equal-height-no e-con e-parent\" data-eae-slider=\"89986\" data-id=\"825dc62\" data-element_type=\"container\" data-e-type=\"container\">\n\t\t\t\t\t<div class=\"e-con-inner\">\n\t\t\t\t\t<\/div>\n\t\t\t\t<\/div>\n\t\t\t\t<\/div>\n\t\t","protected":false},"excerpt":{"rendered":"<p>I Encontro Latino-Americano de Avalia\u00e7\u00e3o Psicol\u00f3gica: Desafios \u00e0 Descoloniza\u00e7\u00e3o da Pr\u00e1xis Avaliativa em Psicologia<\/p>\n","protected":false},"author":90,"featured_media":0,"parent":70,"menu_order":-7,"comment_status":"closed","ping_status":"closed","template":"","meta":{"_uag_custom_page_level_css":"","_themeisle_gutenberg_block_has_review":false,"footnotes":""},"class_list":["post-1278","page","type-page","status-publish","hentry"],"uagb_featured_image_src":{"full":false,"thumbnail":false,"medium":false,"medium_large":false,"large":false,"1536x1536":false,"2048x2048":false,"htmega_size_585x295":false,"htmega_size_1170x536":false,"htmega_size_396x360":false,"tainacan-small":false,"tainacan-medium":false,"tainacan-medium-full":false,"tainacan-large-full":false,"button-2-featured":false},"uagb_author_info":{"display_name":"marcos.jesus","author_link":"https:\/\/divulga.unila.edu.br\/interclinica\/author\/interclinica\/"},"uagb_comment_info":0,"uagb_excerpt":"I Encontro Latino-Americano de Avalia\u00e7\u00e3o Psicol\u00f3gica: Desafios \u00e0 Descoloniza\u00e7\u00e3o da Pr\u00e1xis Avaliativa em Psicologia","_links":{"self":[{"href":"https:\/\/divulga.unila.edu.br\/interclinica\/wp-json\/wp\/v2\/pages\/1278","targetHints":{"allow":["GET"]}}],"collection":[{"href":"https:\/\/divulga.unila.edu.br\/interclinica\/wp-json\/wp\/v2\/pages"}],"about":[{"href":"https:\/\/divulga.unila.edu.br\/interclinica\/wp-json\/wp\/v2\/types\/page"}],"author":[{"embeddable":true,"href":"https:\/\/divulga.unila.edu.br\/interclinica\/wp-json\/wp\/v2\/users\/90"}],"replies":[{"embeddable":true,"href":"https:\/\/divulga.unila.edu.br\/interclinica\/wp-json\/wp\/v2\/comments?post=1278"}],"version-history":[{"count":19,"href":"https:\/\/divulga.unila.edu.br\/interclinica\/wp-json\/wp\/v2\/pages\/1278\/revisions"}],"predecessor-version":[{"id":2232,"href":"https:\/\/divulga.unila.edu.br\/interclinica\/wp-json\/wp\/v2\/pages\/1278\/revisions\/2232"}],"up":[{"embeddable":true,"href":"https:\/\/divulga.unila.edu.br\/interclinica\/wp-json\/wp\/v2\/pages\/70"}],"wp:attachment":[{"href":"https:\/\/divulga.unila.edu.br\/interclinica\/wp-json\/wp\/v2\/media?parent=1278"}],"curies":[{"name":"wp","href":"https:\/\/api.w.org\/{rel}","templated":true}]}}