{"id":1172,"date":"2024-05-26T11:03:40","date_gmt":"2024-05-26T14:03:40","guid":{"rendered":"https:\/\/divulga.unila.edu.br\/interclinica\/?page_id=1172"},"modified":"2024-11-29T16:15:01","modified_gmt":"2024-11-29T19:15:01","slug":"avaliacao-psicologica-e-neuropsicologica","status":"publish","type":"page","link":"https:\/\/divulga.unila.edu.br\/interclinica\/servicos-a-comunidade\/avaliacao-psicologica-e-neuropsicologica\/","title":{"rendered":"Avalia\u00e7\u00e3o Psicol\u00f3gica e Neuropsicol\u00f3gica"},"content":{"rendered":"\t\t<div data-elementor-type=\"wp-page\" data-elementor-id=\"1172\" class=\"elementor elementor-1172\">\n\t\t\t\t<div class=\"has_eae_slider elementor-element elementor-element-cb32081 e-flex e-con-boxed wpr-particle-no wpr-jarallax-no wpr-parallax-no wpr-sticky-section-no wpr-equal-height-no e-con e-parent\" data-eae-slider=\"51771\" data-id=\"cb32081\" data-element_type=\"container\" data-e-type=\"container\">\n\t\t\t\t\t<div class=\"e-con-inner\">\n\t\t\t\t<div class=\"elementor-element elementor-element-e021f3d elementor-widget elementor-widget-text-editor\" data-id=\"e021f3d\" data-element_type=\"widget\" data-e-type=\"widget\" data-widget_type=\"text-editor.default\">\n\t\t\t\t<div class=\"elementor-widget-container\">\n\t\t\t\t\t\t\t\t\t<pre>I - QUEM SOMOS?<\/pre><p style=\"text-align: justify\">Trata-se de um projeto de extens\u00e3o da Universidade Federal da Integra\u00e7\u00e3o Latino-Americana, cujo objetivo \u00e9 oferecer o servi\u00e7o de avalia\u00e7\u00e3o psicol\u00f3gica e neuropsicol\u00f3gica para crian\u00e7as, jovens e adultos em Foz do Igua\u00e7u e proximidades, em especial, pessoas de baixa renda, negras e imigrantes, com suspeita de transtorno de neurodesenvolvimento.<\/p><pre style=\"text-align: justify\">II - O QUE OFERECEMOS?<\/pre><p style=\"text-align: justify\">Avalia\u00e7\u00e3o psicol\u00f3gica e neuropsicol\u00f3gica para pessoas com suspeita de transtorno do neurodesenvolvimento, especialmente o\u00a0transtorno do espectro autista, o transtorno de d\u00e9ficit de aten\u00e7\u00e3o e hiperatividade e transtornos de desenvolvimento intelectual.<\/p><pre style=\"text-align: justify\">III - POR QUE UM PROJETO ASSIM?<\/pre><p style=\"text-align: justify\">A avalia\u00e7\u00e3o e o diagn\u00f3stico adequados e seu encaminhamento para interven\u00e7\u00f5es de acordo com o quadro avaliativo delineado \u00e9 uma forma prevenir a evolu\u00e7\u00e3o da condi\u00e7\u00e3o apresentada<\/p><pre>IV - QUEM PODE PARTICIPAR?<\/pre><p style=\"text-align: justify\"><span style=\"font-family: var( --e-global-typography-text-font-family ), Sans-serif;font-size: 1rem\">Jovens entre 12 e 21 anos em Foz do Igua\u00e7u e proximidades, com suspeita de transtorno de neurodesenvolvimento.<\/span><\/p><pre style=\"text-align: justify\">V - OS ATENDIMENTOS S\u00c3O GRATUITOS?<\/pre><p style=\"text-align: justify\">Os servi\u00e7os prestados pelo projeto s\u00e3o inteiramente gratuitos e seguem os par\u00e2metros estabelecidos pelo C\u00f3digo de \u00c9tica da Psicologia do Conselho Federal de Psicologia (CFP) e demais normativas e resolu\u00e7\u00f5es pertinentes em vigor. O n\u00famero de sess\u00f5es pode variar de 8 a 12 para mais ou para menos a depender das especificidades de cada caso.<\/p><pre style=\"text-align: justify\">VI - COMO ME INSCREVO PARA PARTICIPAR?<\/pre><p style=\"text-align: justify\">Para participar do projeto, \u00e9 preciso ler atentamente todas as informa\u00e7\u00f5es contidas nesse formul\u00e1rio\u00a0(<a href=\"https:\/\/forms.gle\/zenwvBPBkWogZNcPA\">https:\/\/forms.gle\/zenwvBPBkWogZNcPA<\/a>), preench\u00ea-lo e envi\u00e1-lo. Depois do envio, o coordenador entrar\u00e1 em contato para marcar entrevista inicial de triagem, confirmar os dados cadastrais, acolher a demanda e dar in\u00edcio aos atendimentos, conforme o caso.<\/p><pre style=\"text-align: justify\">VII - ESTOU COM D\u00daVIDAS. E AGORA?<\/pre><p style=\"text-align: justify\">Envie sua d\u00favida para o WhatsApp do projeto (45) 98814 7063 e aguarde a resposta. Voc\u00ea tamb\u00e9m pode usar este n\u00famero para fazer sugest\u00f5es.<\/p><pre style=\"text-align: justify\">VIII - AO ENVIAR ESTE FORMUL\u00c1RIO, DECLARO CI\u00caNCIA DE QUE:<\/pre><p style=\"text-align: justify\">&#8211; \u00a0O preenchimento deste formul\u00e1rio e\/ou a realiza\u00e7\u00e3o da entrevista de triagem n\u00e3o implica automaticamente o direito ao servi\u00e7o de avalia\u00e7\u00e3o, pois a demanda s\u00f3 ser\u00e1 atendida se estiver dentro do escopo da proposta do projeto, quando houver vaga e se houver condi\u00e7\u00f5es materiais e t\u00e9cnicas para tal.<\/p><p style=\"text-align: justify\">&#8211; Os atendimentos acontecem por ordem de inscri\u00e7\u00e3o; por isso, o in\u00edcio imediato de atendimento ou a necessidade de espera depender\u00e1 do fluxo de pessoas interessadas em atendimento. Al\u00e9m disso, o projeto se reserva o direito de estabelecer prioridades diante das caracter\u00edsticas das demandas.<\/p><p style=\"text-align: justify\">&#8211; Duas faltas seguidas ou intercaladas \u00e0s sess\u00f5es implicar\u00e3o a interrup\u00e7\u00e3o do atendimento, ficando a pessoa sujeita \u00e0 espera de nova vaga.<\/p><p style=\"text-align: justify\">&#8211; O projeto n\u00e3o assume qualquer \u00f4nus financeiro que, porventura, a pessoa interessada venha a ter em decorr\u00eancia de sua participa\u00e7\u00e3o.<\/p>\t\t\t\t\t\t\t\t<\/div>\n\t\t\t\t<\/div>\n\t\t\t\t\t<\/div>\n\t\t\t\t<\/div>\n\t\t\t\t<\/div>\n\t\t","protected":false},"excerpt":{"rendered":"<p>I &#8211; QUEM SOMOS? Trata-se de um projeto de extens\u00e3o da Universidade Federal da Integra\u00e7\u00e3o Latino-Americana, cujo objetivo \u00e9 oferecer o servi\u00e7o de avalia\u00e7\u00e3o psicol\u00f3gica e neuropsicol\u00f3gica para crian\u00e7as, jovens e adultos em Foz do Igua\u00e7u e proximidades, em especial, pessoas de baixa renda, negras e imigrantes, com suspeita de transtorno de neurodesenvolvimento. II &#8211; O QUE OFERECEMOS? Avalia\u00e7\u00e3o psicol\u00f3gica e neuropsicol\u00f3gica para pessoas com suspeita de transtorno do neurodesenvolvimento, especialmente o\u00a0transtorno do espectro autista, o transtorno de d\u00e9ficit de aten\u00e7\u00e3o e hiperatividade e transtornos de desenvolvimento intelectual. III &#8211; POR QUE UM PROJETO ASSIM? A avalia\u00e7\u00e3o e o diagn\u00f3stico adequados e seu encaminhamento para interven\u00e7\u00f5es de acordo com o quadro avaliativo delineado \u00e9 uma forma prevenir a evolu\u00e7\u00e3o da condi\u00e7\u00e3o apresentada IV &#8211; QUEM PODE PARTICIPAR? Jovens entre 12 e 21 anos em Foz do Igua\u00e7u e proximidades, com suspeita de transtorno de neurodesenvolvimento. V &#8211; OS ATENDIMENTOS S\u00c3O GRATUITOS? Os servi\u00e7os prestados pelo projeto s\u00e3o inteiramente gratuitos e seguem os par\u00e2metros estabelecidos pelo C\u00f3digo de \u00c9tica da Psicologia do Conselho Federal de Psicologia (CFP) e demais normativas e resolu\u00e7\u00f5es pertinentes em vigor. O n\u00famero de sess\u00f5es pode variar de 8 a 12 para mais ou para menos a depender das especificidades de cada caso. VI &#8211; COMO ME INSCREVO PARA PARTICIPAR? Para participar do projeto, \u00e9 preciso ler atentamente todas as informa\u00e7\u00f5es contidas nesse formul\u00e1rio\u00a0(https:\/\/forms.gle\/zenwvBPBkWogZNcPA), preench\u00ea-lo e envi\u00e1-lo. Depois do envio, o coordenador entrar\u00e1 em contato para marcar entrevista inicial de triagem, confirmar os dados cadastrais, acolher a demanda e dar in\u00edcio aos atendimentos, conforme o caso. VII &#8211; ESTOU COM D\u00daVIDAS. E AGORA? Envie sua d\u00favida para o WhatsApp do projeto (45) 98814 7063 e aguarde a resposta. Voc\u00ea tamb\u00e9m pode usar este n\u00famero para fazer sugest\u00f5es. VIII &#8211; AO ENVIAR ESTE FORMUL\u00c1RIO, DECLARO CI\u00caNCIA DE QUE: &#8211; \u00a0O preenchimento deste formul\u00e1rio e\/ou a realiza\u00e7\u00e3o da entrevista de triagem n\u00e3o implica automaticamente o direito ao servi\u00e7o de avalia\u00e7\u00e3o, pois a demanda s\u00f3 ser\u00e1 atendida se estiver dentro do escopo da proposta do projeto, quando houver vaga e se houver condi\u00e7\u00f5es materiais e t\u00e9cnicas para tal. &#8211; Os atendimentos acontecem por ordem de inscri\u00e7\u00e3o; por isso, o in\u00edcio imediato de atendimento ou a necessidade de espera depender\u00e1 do fluxo de pessoas interessadas em atendimento. Al\u00e9m disso, o projeto se reserva o direito de estabelecer prioridades diante das caracter\u00edsticas das demandas. &#8211; Duas faltas seguidas ou intercaladas \u00e0s sess\u00f5es implicar\u00e3o a interrup\u00e7\u00e3o do atendimento, ficando a pessoa sujeita \u00e0 espera de nova vaga. &#8211; O projeto n\u00e3o assume qualquer \u00f4nus financeiro que, porventura, a pessoa interessada venha a ter em decorr\u00eancia de sua participa\u00e7\u00e3o.<\/p>\n","protected":false},"author":90,"featured_media":0,"parent":1183,"menu_order":-4,"comment_status":"closed","ping_status":"closed","template":"","meta":{"_uag_custom_page_level_css":"","_themeisle_gutenberg_block_has_review":false,"footnotes":""},"class_list":["post-1172","page","type-page","status-publish","hentry"],"yoast_head":"<!-- This site is optimized with the Yoast SEO plugin v27.6 - https:\/\/yoast.com\/product\/yoast-seo-wordpress\/ -->\n<title>Avalia\u00e7\u00e3o Psicol\u00f3gica e Neuropsicol\u00f3gica - Cl\u00ednica Intercultural e da Diversidade<\/title>\n<meta name=\"robots\" content=\"index, follow, max-snippet:-1, max-image-preview:large, max-video-preview:-1\" \/>\n<link rel=\"canonical\" href=\"https:\/\/divulga.unila.edu.br\/interclinica\/servicos-a-comunidade\/avaliacao-psicologica-e-neuropsicologica\/\" \/>\n<meta property=\"og:locale\" content=\"pt_BR\" \/>\n<meta property=\"og:type\" content=\"article\" \/>\n<meta property=\"og:title\" content=\"Avalia\u00e7\u00e3o Psicol\u00f3gica e Neuropsicol\u00f3gica - Cl\u00ednica Intercultural e da Diversidade\" \/>\n<meta property=\"og:description\" content=\"I - QUEM SOMOS? Trata-se de um projeto de extens\u00e3o da Universidade Federal da Integra\u00e7\u00e3o Latino-Americana, cujo objetivo \u00e9 oferecer o servi\u00e7o de avalia\u00e7\u00e3o psicol\u00f3gica e neuropsicol\u00f3gica para crian\u00e7as, jovens e adultos em Foz do Igua\u00e7u e proximidades, em especial, pessoas de baixa renda, negras e imigrantes, com suspeita de transtorno de neurodesenvolvimento. II - O QUE OFERECEMOS? Avalia\u00e7\u00e3o psicol\u00f3gica e neuropsicol\u00f3gica para pessoas com suspeita de transtorno do neurodesenvolvimento, especialmente o\u00a0transtorno do espectro autista, o transtorno de d\u00e9ficit de aten\u00e7\u00e3o e hiperatividade e transtornos de desenvolvimento intelectual. III - POR QUE UM PROJETO ASSIM? A avalia\u00e7\u00e3o e o diagn\u00f3stico adequados e seu encaminhamento para interven\u00e7\u00f5es de acordo com o quadro avaliativo delineado \u00e9 uma forma prevenir a evolu\u00e7\u00e3o da condi\u00e7\u00e3o apresentada IV - QUEM PODE PARTICIPAR? Jovens entre 12 e 21 anos em Foz do Igua\u00e7u e proximidades, com suspeita de transtorno de neurodesenvolvimento. V - OS ATENDIMENTOS S\u00c3O GRATUITOS? Os servi\u00e7os prestados pelo projeto s\u00e3o inteiramente gratuitos e seguem os par\u00e2metros estabelecidos pelo C\u00f3digo de \u00c9tica da Psicologia do Conselho Federal de Psicologia (CFP) e demais normativas e resolu\u00e7\u00f5es pertinentes em vigor. O n\u00famero de sess\u00f5es pode variar de 8 a 12 para mais ou para menos a depender das especificidades de cada caso. VI - COMO ME INSCREVO PARA PARTICIPAR? Para participar do projeto, \u00e9 preciso ler atentamente todas as informa\u00e7\u00f5es contidas nesse formul\u00e1rio\u00a0(https:\/\/forms.gle\/zenwvBPBkWogZNcPA), preench\u00ea-lo e envi\u00e1-lo. Depois do envio, o coordenador entrar\u00e1 em contato para marcar entrevista inicial de triagem, confirmar os dados cadastrais, acolher a demanda e dar in\u00edcio aos atendimentos, conforme o caso. VII - ESTOU COM D\u00daVIDAS. E AGORA? Envie sua d\u00favida para o WhatsApp do projeto (45) 98814 7063 e aguarde a resposta. Voc\u00ea tamb\u00e9m pode usar este n\u00famero para fazer sugest\u00f5es. VIII - AO ENVIAR ESTE FORMUL\u00c1RIO, DECLARO CI\u00caNCIA DE QUE: &#8211; \u00a0O preenchimento deste formul\u00e1rio e\/ou a realiza\u00e7\u00e3o da entrevista de triagem n\u00e3o implica automaticamente o direito ao servi\u00e7o de avalia\u00e7\u00e3o, pois a demanda s\u00f3 ser\u00e1 atendida se estiver dentro do escopo da proposta do projeto, quando houver vaga e se houver condi\u00e7\u00f5es materiais e t\u00e9cnicas para tal. &#8211; Os atendimentos acontecem por ordem de inscri\u00e7\u00e3o; por isso, o in\u00edcio imediato de atendimento ou a necessidade de espera depender\u00e1 do fluxo de pessoas interessadas em atendimento. Al\u00e9m disso, o projeto se reserva o direito de estabelecer prioridades diante das caracter\u00edsticas das demandas. &#8211; Duas faltas seguidas ou intercaladas \u00e0s sess\u00f5es implicar\u00e3o a interrup\u00e7\u00e3o do atendimento, ficando a pessoa sujeita \u00e0 espera de nova vaga. &#8211; O projeto n\u00e3o assume qualquer \u00f4nus financeiro que, porventura, a pessoa interessada venha a ter em decorr\u00eancia de sua participa\u00e7\u00e3o.\" \/>\n<meta property=\"og:url\" content=\"https:\/\/divulga.unila.edu.br\/interclinica\/servicos-a-comunidade\/avaliacao-psicologica-e-neuropsicologica\/\" \/>\n<meta property=\"og:site_name\" content=\"Cl\u00ednica Intercultural e da Diversidade\" \/>\n<meta property=\"article:modified_time\" content=\"2024-11-29T19:15:01+00:00\" \/>\n<meta name=\"twitter:card\" content=\"summary_large_image\" \/>\n<meta name=\"twitter:label1\" content=\"Est. tempo de leitura\" \/>\n\t<meta name=\"twitter:data1\" content=\"2 minutos\" \/>\n<script type=\"application\/ld+json\" class=\"yoast-schema-graph\">{\"@context\":\"https:\\\/\\\/schema.org\",\"@graph\":[{\"@type\":\"WebPage\",\"@id\":\"https:\\\/\\\/divulga.unila.edu.br\\\/interclinica\\\/servicos-a-comunidade\\\/avaliacao-psicologica-e-neuropsicologica\\\/\",\"url\":\"https:\\\/\\\/divulga.unila.edu.br\\\/interclinica\\\/servicos-a-comunidade\\\/avaliacao-psicologica-e-neuropsicologica\\\/\",\"name\":\"Avalia\u00e7\u00e3o Psicol\u00f3gica e Neuropsicol\u00f3gica - Cl\u00ednica Intercultural e da Diversidade\",\"isPartOf\":{\"@id\":\"https:\\\/\\\/divulga.unila.edu.br\\\/interclinica\\\/#website\"},\"datePublished\":\"2024-05-26T14:03:40+00:00\",\"dateModified\":\"2024-11-29T19:15:01+00:00\",\"breadcrumb\":{\"@id\":\"https:\\\/\\\/divulga.unila.edu.br\\\/interclinica\\\/servicos-a-comunidade\\\/avaliacao-psicologica-e-neuropsicologica\\\/#breadcrumb\"},\"inLanguage\":\"pt-BR\",\"potentialAction\":[{\"@type\":\"ReadAction\",\"target\":[\"https:\\\/\\\/divulga.unila.edu.br\\\/interclinica\\\/servicos-a-comunidade\\\/avaliacao-psicologica-e-neuropsicologica\\\/\"]}]},{\"@type\":\"BreadcrumbList\",\"@id\":\"https:\\\/\\\/divulga.unila.edu.br\\\/interclinica\\\/servicos-a-comunidade\\\/avaliacao-psicologica-e-neuropsicologica\\\/#breadcrumb\",\"itemListElement\":[{\"@type\":\"ListItem\",\"position\":1,\"name\":\"In\u00edcio\",\"item\":\"https:\\\/\\\/divulga.unila.edu.br\\\/interclinica\\\/\"},{\"@type\":\"ListItem\",\"position\":2,\"name\":\"Servi\u00e7os \u00e0 Comunidade\",\"item\":\"https:\\\/\\\/divulga.unila.edu.br\\\/interclinica\\\/servicos-a-comunidade\\\/\"},{\"@type\":\"ListItem\",\"position\":3,\"name\":\"Avalia\u00e7\u00e3o Psicol\u00f3gica e Neuropsicol\u00f3gica\"}]},{\"@type\":\"WebSite\",\"@id\":\"https:\\\/\\\/divulga.unila.edu.br\\\/interclinica\\\/#website\",\"url\":\"https:\\\/\\\/divulga.unila.edu.br\\\/interclinica\\\/\",\"name\":\"Cl\u00ednica Intercultural e da Diversidade\",\"description\":\"\",\"potentialAction\":[{\"@type\":\"SearchAction\",\"target\":{\"@type\":\"EntryPoint\",\"urlTemplate\":\"https:\\\/\\\/divulga.unila.edu.br\\\/interclinica\\\/?s={search_term_string}\"},\"query-input\":{\"@type\":\"PropertyValueSpecification\",\"valueRequired\":true,\"valueName\":\"search_term_string\"}}],\"inLanguage\":\"pt-BR\"}]}<\/script>\n<!-- \/ Yoast SEO plugin. -->","yoast_head_json":{"title":"Avalia\u00e7\u00e3o Psicol\u00f3gica e Neuropsicol\u00f3gica - Cl\u00ednica Intercultural e da Diversidade","robots":{"index":"index","follow":"follow","max-snippet":"max-snippet:-1","max-image-preview":"max-image-preview:large","max-video-preview":"max-video-preview:-1"},"canonical":"https:\/\/divulga.unila.edu.br\/interclinica\/servicos-a-comunidade\/avaliacao-psicologica-e-neuropsicologica\/","og_locale":"pt_BR","og_type":"article","og_title":"Avalia\u00e7\u00e3o Psicol\u00f3gica e Neuropsicol\u00f3gica - Cl\u00ednica Intercultural e da Diversidade","og_description":"I - QUEM SOMOS? Trata-se de um projeto de extens\u00e3o da Universidade Federal da Integra\u00e7\u00e3o Latino-Americana, cujo objetivo \u00e9 oferecer o servi\u00e7o de avalia\u00e7\u00e3o psicol\u00f3gica e neuropsicol\u00f3gica para crian\u00e7as, jovens e adultos em Foz do Igua\u00e7u e proximidades, em especial, pessoas de baixa renda, negras e imigrantes, com suspeita de transtorno de neurodesenvolvimento. II - O QUE OFERECEMOS? Avalia\u00e7\u00e3o psicol\u00f3gica e neuropsicol\u00f3gica para pessoas com suspeita de transtorno do neurodesenvolvimento, especialmente o\u00a0transtorno do espectro autista, o transtorno de d\u00e9ficit de aten\u00e7\u00e3o e hiperatividade e transtornos de desenvolvimento intelectual. III - POR QUE UM PROJETO ASSIM? A avalia\u00e7\u00e3o e o diagn\u00f3stico adequados e seu encaminhamento para interven\u00e7\u00f5es de acordo com o quadro avaliativo delineado \u00e9 uma forma prevenir a evolu\u00e7\u00e3o da condi\u00e7\u00e3o apresentada IV - QUEM PODE PARTICIPAR? Jovens entre 12 e 21 anos em Foz do Igua\u00e7u e proximidades, com suspeita de transtorno de neurodesenvolvimento. V - OS ATENDIMENTOS S\u00c3O GRATUITOS? Os servi\u00e7os prestados pelo projeto s\u00e3o inteiramente gratuitos e seguem os par\u00e2metros estabelecidos pelo C\u00f3digo de \u00c9tica da Psicologia do Conselho Federal de Psicologia (CFP) e demais normativas e resolu\u00e7\u00f5es pertinentes em vigor. O n\u00famero de sess\u00f5es pode variar de 8 a 12 para mais ou para menos a depender das especificidades de cada caso. VI - COMO ME INSCREVO PARA PARTICIPAR? Para participar do projeto, \u00e9 preciso ler atentamente todas as informa\u00e7\u00f5es contidas nesse formul\u00e1rio\u00a0(https:\/\/forms.gle\/zenwvBPBkWogZNcPA), preench\u00ea-lo e envi\u00e1-lo. Depois do envio, o coordenador entrar\u00e1 em contato para marcar entrevista inicial de triagem, confirmar os dados cadastrais, acolher a demanda e dar in\u00edcio aos atendimentos, conforme o caso. VII - ESTOU COM D\u00daVIDAS. E AGORA? Envie sua d\u00favida para o WhatsApp do projeto (45) 98814 7063 e aguarde a resposta. Voc\u00ea tamb\u00e9m pode usar este n\u00famero para fazer sugest\u00f5es. VIII - AO ENVIAR ESTE FORMUL\u00c1RIO, DECLARO CI\u00caNCIA DE QUE: &#8211; \u00a0O preenchimento deste formul\u00e1rio e\/ou a realiza\u00e7\u00e3o da entrevista de triagem n\u00e3o implica automaticamente o direito ao servi\u00e7o de avalia\u00e7\u00e3o, pois a demanda s\u00f3 ser\u00e1 atendida se estiver dentro do escopo da proposta do projeto, quando houver vaga e se houver condi\u00e7\u00f5es materiais e t\u00e9cnicas para tal. &#8211; Os atendimentos acontecem por ordem de inscri\u00e7\u00e3o; por isso, o in\u00edcio imediato de atendimento ou a necessidade de espera depender\u00e1 do fluxo de pessoas interessadas em atendimento. Al\u00e9m disso, o projeto se reserva o direito de estabelecer prioridades diante das caracter\u00edsticas das demandas. &#8211; Duas faltas seguidas ou intercaladas \u00e0s sess\u00f5es implicar\u00e3o a interrup\u00e7\u00e3o do atendimento, ficando a pessoa sujeita \u00e0 espera de nova vaga. &#8211; O projeto n\u00e3o assume qualquer \u00f4nus financeiro que, porventura, a pessoa interessada venha a ter em decorr\u00eancia de sua participa\u00e7\u00e3o.","og_url":"https:\/\/divulga.unila.edu.br\/interclinica\/servicos-a-comunidade\/avaliacao-psicologica-e-neuropsicologica\/","og_site_name":"Cl\u00ednica Intercultural e da Diversidade","article_modified_time":"2024-11-29T19:15:01+00:00","twitter_card":"summary_large_image","twitter_misc":{"Est. tempo de leitura":"2 minutos"},"schema":{"@context":"https:\/\/schema.org","@graph":[{"@type":"WebPage","@id":"https:\/\/divulga.unila.edu.br\/interclinica\/servicos-a-comunidade\/avaliacao-psicologica-e-neuropsicologica\/","url":"https:\/\/divulga.unila.edu.br\/interclinica\/servicos-a-comunidade\/avaliacao-psicologica-e-neuropsicologica\/","name":"Avalia\u00e7\u00e3o Psicol\u00f3gica e Neuropsicol\u00f3gica - Cl\u00ednica Intercultural e da Diversidade","isPartOf":{"@id":"https:\/\/divulga.unila.edu.br\/interclinica\/#website"},"datePublished":"2024-05-26T14:03:40+00:00","dateModified":"2024-11-29T19:15:01+00:00","breadcrumb":{"@id":"https:\/\/divulga.unila.edu.br\/interclinica\/servicos-a-comunidade\/avaliacao-psicologica-e-neuropsicologica\/#breadcrumb"},"inLanguage":"pt-BR","potentialAction":[{"@type":"ReadAction","target":["https:\/\/divulga.unila.edu.br\/interclinica\/servicos-a-comunidade\/avaliacao-psicologica-e-neuropsicologica\/"]}]},{"@type":"BreadcrumbList","@id":"https:\/\/divulga.unila.edu.br\/interclinica\/servicos-a-comunidade\/avaliacao-psicologica-e-neuropsicologica\/#breadcrumb","itemListElement":[{"@type":"ListItem","position":1,"name":"In\u00edcio","item":"https:\/\/divulga.unila.edu.br\/interclinica\/"},{"@type":"ListItem","position":2,"name":"Servi\u00e7os \u00e0 Comunidade","item":"https:\/\/divulga.unila.edu.br\/interclinica\/servicos-a-comunidade\/"},{"@type":"ListItem","position":3,"name":"Avalia\u00e7\u00e3o Psicol\u00f3gica e Neuropsicol\u00f3gica"}]},{"@type":"WebSite","@id":"https:\/\/divulga.unila.edu.br\/interclinica\/#website","url":"https:\/\/divulga.unila.edu.br\/interclinica\/","name":"Cl\u00ednica Intercultural e da Diversidade","description":"","potentialAction":[{"@type":"SearchAction","target":{"@type":"EntryPoint","urlTemplate":"https:\/\/divulga.unila.edu.br\/interclinica\/?s={search_term_string}"},"query-input":{"@type":"PropertyValueSpecification","valueRequired":true,"valueName":"search_term_string"}}],"inLanguage":"pt-BR"}]}},"uagb_featured_image_src":{"full":false,"thumbnail":false,"medium":false,"medium_large":false,"large":false,"1536x1536":false,"2048x2048":false,"htmega_size_585x295":false,"htmega_size_1170x536":false,"htmega_size_396x360":false,"tainacan-small":false,"tainacan-medium":false,"tainacan-medium-full":false,"tainacan-large-full":false,"button-2-featured":false},"uagb_author_info":{"display_name":"marcos.jesus","author_link":"https:\/\/divulga.unila.edu.br\/interclinica\/author\/interclinica\/"},"uagb_comment_info":0,"uagb_excerpt":"I - QUEM SOMOS? Trata-se de um projeto de extens\u00e3o da Universidade Federal da Integra\u00e7\u00e3o Latino-Americana, cujo objetivo \u00e9 oferecer o servi\u00e7o de avalia\u00e7\u00e3o psicol\u00f3gica e neuropsicol\u00f3gica para crian\u00e7as, jovens e adultos em Foz do Igua\u00e7u e proximidades, em especial, pessoas de baixa renda, negras e imigrantes, com suspeita de transtorno de neurodesenvolvimento. II -&hellip;","_links":{"self":[{"href":"https:\/\/divulga.unila.edu.br\/interclinica\/wp-json\/wp\/v2\/pages\/1172","targetHints":{"allow":["GET"]}}],"collection":[{"href":"https:\/\/divulga.unila.edu.br\/interclinica\/wp-json\/wp\/v2\/pages"}],"about":[{"href":"https:\/\/divulga.unila.edu.br\/interclinica\/wp-json\/wp\/v2\/types\/page"}],"author":[{"embeddable":true,"href":"https:\/\/divulga.unila.edu.br\/interclinica\/wp-json\/wp\/v2\/users\/90"}],"replies":[{"embeddable":true,"href":"https:\/\/divulga.unila.edu.br\/interclinica\/wp-json\/wp\/v2\/comments?post=1172"}],"version-history":[{"count":46,"href":"https:\/\/divulga.unila.edu.br\/interclinica\/wp-json\/wp\/v2\/pages\/1172\/revisions"}],"predecessor-version":[{"id":1779,"href":"https:\/\/divulga.unila.edu.br\/interclinica\/wp-json\/wp\/v2\/pages\/1172\/revisions\/1779"}],"up":[{"embeddable":true,"href":"https:\/\/divulga.unila.edu.br\/interclinica\/wp-json\/wp\/v2\/pages\/1183"}],"wp:attachment":[{"href":"https:\/\/divulga.unila.edu.br\/interclinica\/wp-json\/wp\/v2\/media?parent=1172"}],"curies":[{"name":"wp","href":"https:\/\/api.w.org\/{rel}","templated":true}]}}