{"id":668,"date":"2025-10-08T18:27:54","date_gmt":"2025-10-08T21:27:54","guid":{"rendered":"https:\/\/divulga.unila.edu.br\/historiasdequilombo\/?page_id=668"},"modified":"2025-10-08T18:47:27","modified_gmt":"2025-10-08T21:47:27","slug":"audiovisual","status":"publish","type":"page","link":"https:\/\/divulga.unila.edu.br\/historiasdequilombo\/audiovisual\/","title":{"rendered":"Audiovisual"},"content":{"rendered":"\t\t<div data-elementor-type=\"wp-page\" data-elementor-id=\"668\" class=\"elementor elementor-668\">\n\t\t\t\t<div class=\"has_eae_slider elementor-element elementor-element-2769d722 e-flex e-con-boxed wpr-particle-no wpr-jarallax-no wpr-parallax-no wpr-sticky-section-no wpr-equal-height-no e-con e-parent\" data-eae-slider=\"3179\" data-id=\"2769d722\" data-element_type=\"container\" data-e-type=\"container\" data-settings=\"{&quot;background_background&quot;:&quot;classic&quot;}\">\n\t\t\t\t\t<div class=\"e-con-inner\">\n\t\t\t\t<div class=\"elementor-element elementor-element-2efded58 elementor-widget elementor-widget-heading\" data-id=\"2efded58\" data-element_type=\"widget\" data-e-type=\"widget\" data-widget_type=\"heading.default\">\n\t\t\t\t<div class=\"elementor-widget-container\">\n\t\t\t\t\t<h2 class=\"elementor-heading-title elementor-size-default\">HISTORIAS DE QUILOMBO<\/h2>\t\t\t\t<\/div>\n\t\t\t\t<\/div>\n\t\t\t\t<div class=\"elementor-element elementor-element-59ceab98 elementor-align-center elementor-widget__width-initial elementor-widget elementor-widget-button\" data-id=\"59ceab98\" data-element_type=\"widget\" data-e-type=\"widget\" data-widget_type=\"button.default\">\n\t\t\t\t<div class=\"elementor-widget-container\">\n\t\t\t\t\t\t\t\t\t<div class=\"elementor-button-wrapper\">\n\t\t\t\t\t<a class=\"elementor-button elementor-button-link elementor-size-sm\" href=\"https:\/\/divulga.unila.edu.br\/historiasdequilombo\/audiovisual\/?preview_id=668&#038;preview_nonce=b84f5c2235&#038;preview=true\" target=\"_blank\">\n\t\t\t\t\t\t<span class=\"elementor-button-content-wrapper\">\n\t\t\t\t\t\t\t\t\t<span class=\"elementor-button-text\">Audiovisual<\/span>\n\t\t\t\t\t<\/span>\n\t\t\t\t\t<\/a>\n\t\t\t\t<\/div>\n\t\t\t\t\t\t\t\t<\/div>\n\t\t\t\t<\/div>\n\t\t\t\t<div class=\"elementor-element elementor-element-4a8ae602 elementor-align-center elementor-widget__width-initial elementor-widget elementor-widget-button\" data-id=\"4a8ae602\" data-element_type=\"widget\" data-e-type=\"widget\" data-widget_type=\"button.default\">\n\t\t\t\t<div class=\"elementor-widget-container\">\n\t\t\t\t\t\t\t\t\t<div class=\"elementor-button-wrapper\">\n\t\t\t\t\t<a class=\"elementor-button elementor-button-link elementor-size-sm\" href=\"https:\/\/divulga.unila.edu.br\/historiasdequilombo\/elementor-pagina-448\/?preview_id=448&#038;preview_nonce=91a54083cd&#038;preview=true\">\n\t\t\t\t\t\t<span class=\"elementor-button-content-wrapper\">\n\t\t\t\t\t\t\t\t\t<span class=\"elementor-button-text\">Publica\u00e7\u00f5es textuais<\/span>\n\t\t\t\t\t<\/span>\n\t\t\t\t\t<\/a>\n\t\t\t\t<\/div>\n\t\t\t\t\t\t\t\t<\/div>\n\t\t\t\t<\/div>\n\t\t\t\t\t<\/div>\n\t\t\t\t<\/div>\n\t\t<div class=\"has_eae_slider elementor-element elementor-element-430278f4 e-flex e-con-boxed wpr-particle-no wpr-jarallax-no wpr-parallax-no wpr-sticky-section-no wpr-equal-height-no e-con e-parent\" data-eae-slider=\"69236\" data-id=\"430278f4\" data-element_type=\"container\" data-e-type=\"container\">\n\t\t\t\t\t<div class=\"e-con-inner\">\n\t\t\t\t<div class=\"elementor-element elementor-element-4d43ae38 elementor-widget elementor-widget-heading\" data-id=\"4d43ae38\" data-element_type=\"widget\" data-e-type=\"widget\" data-widget_type=\"heading.default\">\n\t\t\t\t<div class=\"elementor-widget-container\">\n\t\t\t\t\t<h2 class=\"elementor-heading-title elementor-size-default\">Audiovisual<\/h2>\t\t\t\t<\/div>\n\t\t\t\t<\/div>\n\t\t\t\t\t<\/div>\n\t\t\t\t<\/div>\n\t\t\t\t<\/div>\n\t\t","protected":false},"excerpt":{"rendered":"<p>HISTORIAS DE QUILOMBO Audiovisual Publica\u00e7\u00f5es textuais Audiovisual<\/p>\n","protected":false},"author":162,"featured_media":0,"parent":0,"menu_order":0,"comment_status":"closed","ping_status":"closed","template":"","meta":{"_uag_custom_page_level_css":"","_themeisle_gutenberg_block_has_review":false,"footnotes":""},"class_list":["post-668","page","type-page","status-publish","hentry"],"yoast_head":"<!-- This site is optimized with the Yoast SEO plugin v27.6 - https:\/\/yoast.com\/product\/yoast-seo-wordpress\/ -->\n<title>Audiovisual - Hist\u00f3rias de quilombo<\/title>\n<meta name=\"robots\" content=\"index, follow, max-snippet:-1, max-image-preview:large, max-video-preview:-1\" \/>\n<link rel=\"canonical\" href=\"https:\/\/divulga.unila.edu.br\/historiasdequilombo\/audiovisual\/\" \/>\n<meta property=\"og:locale\" content=\"pt_BR\" \/>\n<meta property=\"og:type\" content=\"article\" \/>\n<meta property=\"og:title\" content=\"Audiovisual - Hist\u00f3rias de quilombo\" \/>\n<meta property=\"og:description\" content=\"HISTORIAS DE QUILOMBO Audiovisual Publica\u00e7\u00f5es textuais Audiovisual\" \/>\n<meta property=\"og:url\" content=\"https:\/\/divulga.unila.edu.br\/historiasdequilombo\/audiovisual\/\" \/>\n<meta property=\"og:site_name\" content=\"Hist\u00f3rias de quilombo\" \/>\n<meta property=\"article:modified_time\" content=\"2025-10-08T21:47:27+00:00\" \/>\n<meta name=\"twitter:card\" content=\"summary_large_image\" \/>\n<script type=\"application\/ld+json\" class=\"yoast-schema-graph\">{\"@context\":\"https:\\\/\\\/schema.org\",\"@graph\":[{\"@type\":\"WebPage\",\"@id\":\"https:\\\/\\\/divulga.unila.edu.br\\\/historiasdequilombo\\\/audiovisual\\\/\",\"url\":\"https:\\\/\\\/divulga.unila.edu.br\\\/historiasdequilombo\\\/audiovisual\\\/\",\"name\":\"Audiovisual - Hist\u00f3rias de quilombo\",\"isPartOf\":{\"@id\":\"https:\\\/\\\/divulga.unila.edu.br\\\/historiasdequilombo\\\/#website\"},\"datePublished\":\"2025-10-08T21:27:54+00:00\",\"dateModified\":\"2025-10-08T21:47:27+00:00\",\"breadcrumb\":{\"@id\":\"https:\\\/\\\/divulga.unila.edu.br\\\/historiasdequilombo\\\/audiovisual\\\/#breadcrumb\"},\"inLanguage\":\"pt-BR\",\"potentialAction\":[{\"@type\":\"ReadAction\",\"target\":[\"https:\\\/\\\/divulga.unila.edu.br\\\/historiasdequilombo\\\/audiovisual\\\/\"]}]},{\"@type\":\"BreadcrumbList\",\"@id\":\"https:\\\/\\\/divulga.unila.edu.br\\\/historiasdequilombo\\\/audiovisual\\\/#breadcrumb\",\"itemListElement\":[{\"@type\":\"ListItem\",\"position\":1,\"name\":\"In\u00edcio\",\"item\":\"https:\\\/\\\/divulga.unila.edu.br\\\/historiasdequilombo\\\/\"},{\"@type\":\"ListItem\",\"position\":2,\"name\":\"Audiovisual\"}]},{\"@type\":\"WebSite\",\"@id\":\"https:\\\/\\\/divulga.unila.edu.br\\\/historiasdequilombo\\\/#website\",\"url\":\"https:\\\/\\\/divulga.unila.edu.br\\\/historiasdequilombo\\\/\",\"name\":\"Hist\u00f3rias de quilombo\",\"description\":\"\",\"potentialAction\":[{\"@type\":\"SearchAction\",\"target\":{\"@type\":\"EntryPoint\",\"urlTemplate\":\"https:\\\/\\\/divulga.unila.edu.br\\\/historiasdequilombo\\\/?s={search_term_string}\"},\"query-input\":{\"@type\":\"PropertyValueSpecification\",\"valueRequired\":true,\"valueName\":\"search_term_string\"}}],\"inLanguage\":\"pt-BR\"}]}<\/script>\n<!-- \/ Yoast SEO plugin. -->","yoast_head_json":{"title":"Audiovisual - Hist\u00f3rias de quilombo","robots":{"index":"index","follow":"follow","max-snippet":"max-snippet:-1","max-image-preview":"max-image-preview:large","max-video-preview":"max-video-preview:-1"},"canonical":"https:\/\/divulga.unila.edu.br\/historiasdequilombo\/audiovisual\/","og_locale":"pt_BR","og_type":"article","og_title":"Audiovisual - Hist\u00f3rias de quilombo","og_description":"HISTORIAS DE QUILOMBO Audiovisual Publica\u00e7\u00f5es textuais Audiovisual","og_url":"https:\/\/divulga.unila.edu.br\/historiasdequilombo\/audiovisual\/","og_site_name":"Hist\u00f3rias de quilombo","article_modified_time":"2025-10-08T21:47:27+00:00","twitter_card":"summary_large_image","schema":{"@context":"https:\/\/schema.org","@graph":[{"@type":"WebPage","@id":"https:\/\/divulga.unila.edu.br\/historiasdequilombo\/audiovisual\/","url":"https:\/\/divulga.unila.edu.br\/historiasdequilombo\/audiovisual\/","name":"Audiovisual - Hist\u00f3rias de quilombo","isPartOf":{"@id":"https:\/\/divulga.unila.edu.br\/historiasdequilombo\/#website"},"datePublished":"2025-10-08T21:27:54+00:00","dateModified":"2025-10-08T21:47:27+00:00","breadcrumb":{"@id":"https:\/\/divulga.unila.edu.br\/historiasdequilombo\/audiovisual\/#breadcrumb"},"inLanguage":"pt-BR","potentialAction":[{"@type":"ReadAction","target":["https:\/\/divulga.unila.edu.br\/historiasdequilombo\/audiovisual\/"]}]},{"@type":"BreadcrumbList","@id":"https:\/\/divulga.unila.edu.br\/historiasdequilombo\/audiovisual\/#breadcrumb","itemListElement":[{"@type":"ListItem","position":1,"name":"In\u00edcio","item":"https:\/\/divulga.unila.edu.br\/historiasdequilombo\/"},{"@type":"ListItem","position":2,"name":"Audiovisual"}]},{"@type":"WebSite","@id":"https:\/\/divulga.unila.edu.br\/historiasdequilombo\/#website","url":"https:\/\/divulga.unila.edu.br\/historiasdequilombo\/","name":"Hist\u00f3rias de quilombo","description":"","potentialAction":[{"@type":"SearchAction","target":{"@type":"EntryPoint","urlTemplate":"https:\/\/divulga.unila.edu.br\/historiasdequilombo\/?s={search_term_string}"},"query-input":{"@type":"PropertyValueSpecification","valueRequired":true,"valueName":"search_term_string"}}],"inLanguage":"pt-BR"}]}},"uagb_featured_image_src":{"full":false,"thumbnail":false,"medium":false,"medium_large":false,"large":false,"1536x1536":false,"2048x2048":false,"htmega_size_585x295":false,"htmega_size_1170x536":false,"htmega_size_396x360":false,"tainacan-small":false,"tainacan-medium":false,"tainacan-medium-full":false,"tainacan-large-full":false},"uagb_author_info":{"display_name":"arh.rincon.2022","author_link":"https:\/\/divulga.unila.edu.br\/historiasdequilombo\/author\/arhrincon2022\/"},"uagb_comment_info":0,"uagb_excerpt":"HISTORIAS DE QUILOMBO Audiovisual Publica\u00e7\u00f5es textuais Audiovisual","_links":{"self":[{"href":"https:\/\/divulga.unila.edu.br\/historiasdequilombo\/wp-json\/wp\/v2\/pages\/668","targetHints":{"allow":["GET"]}}],"collection":[{"href":"https:\/\/divulga.unila.edu.br\/historiasdequilombo\/wp-json\/wp\/v2\/pages"}],"about":[{"href":"https:\/\/divulga.unila.edu.br\/historiasdequilombo\/wp-json\/wp\/v2\/types\/page"}],"author":[{"embeddable":true,"href":"https:\/\/divulga.unila.edu.br\/historiasdequilombo\/wp-json\/wp\/v2\/users\/162"}],"replies":[{"embeddable":true,"href":"https:\/\/divulga.unila.edu.br\/historiasdequilombo\/wp-json\/wp\/v2\/comments?post=668"}],"version-history":[{"count":7,"href":"https:\/\/divulga.unila.edu.br\/historiasdequilombo\/wp-json\/wp\/v2\/pages\/668\/revisions"}],"predecessor-version":[{"id":700,"href":"https:\/\/divulga.unila.edu.br\/historiasdequilombo\/wp-json\/wp\/v2\/pages\/668\/revisions\/700"}],"wp:attachment":[{"href":"https:\/\/divulga.unila.edu.br\/historiasdequilombo\/wp-json\/wp\/v2\/media?parent=668"}],"curies":[{"name":"wp","href":"https:\/\/api.w.org\/{rel}","templated":true}]}}