{"id":448,"date":"2025-10-08T18:19:55","date_gmt":"2025-10-08T21:19:55","guid":{"rendered":"https:\/\/divulga.unila.edu.br\/historiasdequilombo\/?page_id=448"},"modified":"2025-10-24T09:49:27","modified_gmt":"2025-10-24T12:49:27","slug":"repositorio","status":"publish","type":"page","link":"https:\/\/divulga.unila.edu.br\/historiasdequilombo\/repositorio\/","title":{"rendered":"Publica\u00e7\u00f5es"},"content":{"rendered":"\t\t<div data-elementor-type=\"wp-page\" data-elementor-id=\"448\" class=\"elementor elementor-448\">\n\t\t\t\t<div class=\"has_eae_slider elementor-element elementor-element-64a37313 e-flex e-con-boxed wpr-particle-no wpr-jarallax-no wpr-parallax-no wpr-sticky-section-no wpr-equal-height-no e-con e-parent\" data-eae-slider=\"96366\" data-id=\"64a37313\" data-element_type=\"container\" data-e-type=\"container\" data-settings=\"{&quot;background_background&quot;:&quot;classic&quot;}\">\n\t\t\t\t\t<div class=\"e-con-inner\">\n\t\t\t\t<div class=\"elementor-element elementor-element-2ca32f1b elementor-widget elementor-widget-heading\" data-id=\"2ca32f1b\" data-element_type=\"widget\" data-e-type=\"widget\" data-widget_type=\"heading.default\">\n\t\t\t\t<div class=\"elementor-widget-container\">\n\t\t\t\t\t<h2 class=\"elementor-heading-title elementor-size-default\">HISTORIAS DE QUILOMBO<\/h2>\t\t\t\t<\/div>\n\t\t\t\t<\/div>\n\t\t\t\t<div class=\"elementor-element elementor-element-40af2b5b elementor-align-center elementor-widget__width-initial elementor-widget elementor-widget-button\" data-id=\"40af2b5b\" data-element_type=\"widget\" data-e-type=\"widget\" data-widget_type=\"button.default\">\n\t\t\t\t<div class=\"elementor-widget-container\">\n\t\t\t\t\t\t\t\t\t<div class=\"elementor-button-wrapper\">\n\t\t\t\t\t<a class=\"elementor-button elementor-button-link elementor-size-sm\" href=\"https:\/\/divulga.unila.edu.br\/historiasdequilombo\/audiovisual\/?preview_id=668&#038;preview_nonce=b84f5c2235&#038;preview=true\">\n\t\t\t\t\t\t<span class=\"elementor-button-content-wrapper\">\n\t\t\t\t\t\t\t\t\t<span class=\"elementor-button-text\">Audiovisual<\/span>\n\t\t\t\t\t<\/span>\n\t\t\t\t\t<\/a>\n\t\t\t\t<\/div>\n\t\t\t\t\t\t\t\t<\/div>\n\t\t\t\t<\/div>\n\t\t\t\t<div class=\"elementor-element elementor-element-23e4b8eb elementor-align-center elementor-widget__width-initial elementor-widget elementor-widget-button\" data-id=\"23e4b8eb\" data-element_type=\"widget\" data-e-type=\"widget\" data-widget_type=\"button.default\">\n\t\t\t\t<div class=\"elementor-widget-container\">\n\t\t\t\t\t\t\t\t\t<div class=\"elementor-button-wrapper\">\n\t\t\t\t\t<a class=\"elementor-button elementor-button-link elementor-size-sm\" href=\"https:\/\/divulga.unila.edu.br\/historiasdequilombo\/elementor-pagina-448\/?preview_id=448&#038;preview_nonce=91a54083cd&#038;preview=true\">\n\t\t\t\t\t\t<span class=\"elementor-button-content-wrapper\">\n\t\t\t\t\t\t\t\t\t<span class=\"elementor-button-text\">Publica\u00e7\u00f5es textuais<\/span>\n\t\t\t\t\t<\/span>\n\t\t\t\t\t<\/a>\n\t\t\t\t<\/div>\n\t\t\t\t\t\t\t\t<\/div>\n\t\t\t\t<\/div>\n\t\t\t\t\t<\/div>\n\t\t\t\t<\/div>\n\t\t<div class=\"has_eae_slider elementor-element elementor-element-212ad70 e-flex e-con-boxed wpr-particle-no wpr-jarallax-no wpr-parallax-no wpr-sticky-section-no wpr-equal-height-no e-con e-parent\" data-eae-slider=\"17680\" data-id=\"212ad70\" data-element_type=\"container\" data-e-type=\"container\">\n\t\t\t\t\t<div class=\"e-con-inner\">\n\t\t\t\t<div class=\"elementor-element elementor-element-da299ed elementor-widget elementor-widget-heading\" data-id=\"da299ed\" data-element_type=\"widget\" data-e-type=\"widget\" data-widget_type=\"heading.default\">\n\t\t\t\t<div class=\"elementor-widget-container\">\n\t\t\t\t\t<h2 class=\"elementor-heading-title elementor-size-default\">Artigos TCC - Repositorio<\/h2>\t\t\t\t<\/div>\n\t\t\t\t<\/div>\n\t\t\t\t\t<\/div>\n\t\t\t\t<\/div>\n\t\t\t\t<\/div>\n\t\t","protected":false},"excerpt":{"rendered":"<p>HISTORIAS DE QUILOMBO Audiovisual Publica\u00e7\u00f5es textuais Artigos TCC &#8211; Repositorio<\/p>\n","protected":false},"author":138,"featured_media":0,"parent":0,"menu_order":0,"comment_status":"closed","ping_status":"closed","template":"","meta":{"_uag_custom_page_level_css":"","_themeisle_gutenberg_block_has_review":false,"footnotes":""},"class_list":["post-448","page","type-page","status-publish","hentry"],"yoast_head":"<!-- This site is optimized with the Yoast SEO plugin v27.6 - https:\/\/yoast.com\/product\/yoast-seo-wordpress\/ -->\n<title>Publica\u00e7\u00f5es - Hist\u00f3rias de quilombo<\/title>\n<meta name=\"robots\" content=\"index, follow, max-snippet:-1, max-image-preview:large, max-video-preview:-1\" \/>\n<link rel=\"canonical\" href=\"https:\/\/divulga.unila.edu.br\/historiasdequilombo\/repositorio\/\" \/>\n<meta property=\"og:locale\" content=\"pt_BR\" \/>\n<meta property=\"og:type\" content=\"article\" \/>\n<meta property=\"og:title\" content=\"Publica\u00e7\u00f5es - Hist\u00f3rias de quilombo\" \/>\n<meta property=\"og:description\" content=\"HISTORIAS DE QUILOMBO Audiovisual Publica\u00e7\u00f5es textuais Artigos TCC &#8211; Repositorio\" \/>\n<meta property=\"og:url\" content=\"https:\/\/divulga.unila.edu.br\/historiasdequilombo\/repositorio\/\" \/>\n<meta property=\"og:site_name\" content=\"Hist\u00f3rias de quilombo\" \/>\n<meta property=\"article:modified_time\" content=\"2025-10-24T12:49:27+00:00\" \/>\n<meta name=\"twitter:card\" content=\"summary_large_image\" \/>\n<script type=\"application\/ld+json\" class=\"yoast-schema-graph\">{\"@context\":\"https:\\\/\\\/schema.org\",\"@graph\":[{\"@type\":\"WebPage\",\"@id\":\"https:\\\/\\\/divulga.unila.edu.br\\\/historiasdequilombo\\\/repositorio\\\/\",\"url\":\"https:\\\/\\\/divulga.unila.edu.br\\\/historiasdequilombo\\\/repositorio\\\/\",\"name\":\"Publica\u00e7\u00f5es - Hist\u00f3rias de quilombo\",\"isPartOf\":{\"@id\":\"https:\\\/\\\/divulga.unila.edu.br\\\/historiasdequilombo\\\/#website\"},\"datePublished\":\"2025-10-08T21:19:55+00:00\",\"dateModified\":\"2025-10-24T12:49:27+00:00\",\"breadcrumb\":{\"@id\":\"https:\\\/\\\/divulga.unila.edu.br\\\/historiasdequilombo\\\/repositorio\\\/#breadcrumb\"},\"inLanguage\":\"pt-BR\",\"potentialAction\":[{\"@type\":\"ReadAction\",\"target\":[\"https:\\\/\\\/divulga.unila.edu.br\\\/historiasdequilombo\\\/repositorio\\\/\"]}]},{\"@type\":\"BreadcrumbList\",\"@id\":\"https:\\\/\\\/divulga.unila.edu.br\\\/historiasdequilombo\\\/repositorio\\\/#breadcrumb\",\"itemListElement\":[{\"@type\":\"ListItem\",\"position\":1,\"name\":\"In\u00edcio\",\"item\":\"https:\\\/\\\/divulga.unila.edu.br\\\/historiasdequilombo\\\/\"},{\"@type\":\"ListItem\",\"position\":2,\"name\":\"Publica\u00e7\u00f5es\"}]},{\"@type\":\"WebSite\",\"@id\":\"https:\\\/\\\/divulga.unila.edu.br\\\/historiasdequilombo\\\/#website\",\"url\":\"https:\\\/\\\/divulga.unila.edu.br\\\/historiasdequilombo\\\/\",\"name\":\"Hist\u00f3rias de quilombo\",\"description\":\"\",\"potentialAction\":[{\"@type\":\"SearchAction\",\"target\":{\"@type\":\"EntryPoint\",\"urlTemplate\":\"https:\\\/\\\/divulga.unila.edu.br\\\/historiasdequilombo\\\/?s={search_term_string}\"},\"query-input\":{\"@type\":\"PropertyValueSpecification\",\"valueRequired\":true,\"valueName\":\"search_term_string\"}}],\"inLanguage\":\"pt-BR\"}]}<\/script>\n<!-- \/ Yoast SEO plugin. -->","yoast_head_json":{"title":"Publica\u00e7\u00f5es - Hist\u00f3rias de quilombo","robots":{"index":"index","follow":"follow","max-snippet":"max-snippet:-1","max-image-preview":"max-image-preview:large","max-video-preview":"max-video-preview:-1"},"canonical":"https:\/\/divulga.unila.edu.br\/historiasdequilombo\/repositorio\/","og_locale":"pt_BR","og_type":"article","og_title":"Publica\u00e7\u00f5es - Hist\u00f3rias de quilombo","og_description":"HISTORIAS DE QUILOMBO Audiovisual Publica\u00e7\u00f5es textuais Artigos TCC &#8211; Repositorio","og_url":"https:\/\/divulga.unila.edu.br\/historiasdequilombo\/repositorio\/","og_site_name":"Hist\u00f3rias de quilombo","article_modified_time":"2025-10-24T12:49:27+00:00","twitter_card":"summary_large_image","schema":{"@context":"https:\/\/schema.org","@graph":[{"@type":"WebPage","@id":"https:\/\/divulga.unila.edu.br\/historiasdequilombo\/repositorio\/","url":"https:\/\/divulga.unila.edu.br\/historiasdequilombo\/repositorio\/","name":"Publica\u00e7\u00f5es - Hist\u00f3rias de quilombo","isPartOf":{"@id":"https:\/\/divulga.unila.edu.br\/historiasdequilombo\/#website"},"datePublished":"2025-10-08T21:19:55+00:00","dateModified":"2025-10-24T12:49:27+00:00","breadcrumb":{"@id":"https:\/\/divulga.unila.edu.br\/historiasdequilombo\/repositorio\/#breadcrumb"},"inLanguage":"pt-BR","potentialAction":[{"@type":"ReadAction","target":["https:\/\/divulga.unila.edu.br\/historiasdequilombo\/repositorio\/"]}]},{"@type":"BreadcrumbList","@id":"https:\/\/divulga.unila.edu.br\/historiasdequilombo\/repositorio\/#breadcrumb","itemListElement":[{"@type":"ListItem","position":1,"name":"In\u00edcio","item":"https:\/\/divulga.unila.edu.br\/historiasdequilombo\/"},{"@type":"ListItem","position":2,"name":"Publica\u00e7\u00f5es"}]},{"@type":"WebSite","@id":"https:\/\/divulga.unila.edu.br\/historiasdequilombo\/#website","url":"https:\/\/divulga.unila.edu.br\/historiasdequilombo\/","name":"Hist\u00f3rias de quilombo","description":"","potentialAction":[{"@type":"SearchAction","target":{"@type":"EntryPoint","urlTemplate":"https:\/\/divulga.unila.edu.br\/historiasdequilombo\/?s={search_term_string}"},"query-input":{"@type":"PropertyValueSpecification","valueRequired":true,"valueName":"search_term_string"}}],"inLanguage":"pt-BR"}]}},"uagb_featured_image_src":{"full":false,"thumbnail":false,"medium":false,"medium_large":false,"large":false,"1536x1536":false,"2048x2048":false,"htmega_size_585x295":false,"htmega_size_1170x536":false,"htmega_size_396x360":false,"tainacan-small":false,"tainacan-medium":false,"tainacan-medium-full":false,"tainacan-large-full":false},"uagb_author_info":{"display_name":"patricia.pinheiro","author_link":"https:\/\/divulga.unila.edu.br\/historiasdequilombo\/author\/patriciapinheiro\/"},"uagb_comment_info":0,"uagb_excerpt":"HISTORIAS DE QUILOMBO Audiovisual Publica\u00e7\u00f5es textuais Artigos TCC &#8211; Repositorio","_links":{"self":[{"href":"https:\/\/divulga.unila.edu.br\/historiasdequilombo\/wp-json\/wp\/v2\/pages\/448","targetHints":{"allow":["GET"]}}],"collection":[{"href":"https:\/\/divulga.unila.edu.br\/historiasdequilombo\/wp-json\/wp\/v2\/pages"}],"about":[{"href":"https:\/\/divulga.unila.edu.br\/historiasdequilombo\/wp-json\/wp\/v2\/types\/page"}],"author":[{"embeddable":true,"href":"https:\/\/divulga.unila.edu.br\/historiasdequilombo\/wp-json\/wp\/v2\/users\/138"}],"replies":[{"embeddable":true,"href":"https:\/\/divulga.unila.edu.br\/historiasdequilombo\/wp-json\/wp\/v2\/comments?post=448"}],"version-history":[{"count":8,"href":"https:\/\/divulga.unila.edu.br\/historiasdequilombo\/wp-json\/wp\/v2\/pages\/448\/revisions"}],"predecessor-version":[{"id":723,"href":"https:\/\/divulga.unila.edu.br\/historiasdequilombo\/wp-json\/wp\/v2\/pages\/448\/revisions\/723"}],"wp:attachment":[{"href":"https:\/\/divulga.unila.edu.br\/historiasdequilombo\/wp-json\/wp\/v2\/media?parent=448"}],"curies":[{"name":"wp","href":"https:\/\/api.w.org\/{rel}","templated":true}]}}