{"id":73,"date":"2026-01-09T11:05:46","date_gmt":"2026-01-09T14:05:46","guid":{"rendered":"https:\/\/divulga.unila.edu.br\/gaesc\/?page_id=73"},"modified":"2026-05-13T19:43:49","modified_gmt":"2026-05-13T22:43:49","slug":"vagas","status":"publish","type":"page","link":"https:\/\/divulga.unila.edu.br\/gaesc\/vagas\/","title":{"rendered":"Vagas de trabalho"},"content":{"rendered":"\n<div class=\"wp-block-cover alignfull is-light wp-duotone-rgb62699-rgb1240165-1\" style=\"padding-top:var(--wp--preset--spacing--50);padding-right:var(--wp--preset--spacing--50);padding-bottom:var(--wp--preset--spacing--50);padding-left:var(--wp--preset--spacing--50);min-height:300px;aspect-ratio:unset;\"><img fetchpriority=\"high\" decoding=\"async\" width=\"1280\" height=\"720\" class=\"wp-block-cover__image-background wp-image-920 size-full\" alt=\"\" src=\"https:\/\/divulga.unila.edu.br\/gaesc\/wp-content\/uploads\/sites\/64\/2026\/02\/1741972079768.jpg\" data-object-fit=\"cover\" srcset=\"https:\/\/divulga.unila.edu.br\/gaesc\/wp-content\/uploads\/sites\/64\/2026\/02\/1741972079768.jpg 1280w, https:\/\/divulga.unila.edu.br\/gaesc\/wp-content\/uploads\/sites\/64\/2026\/02\/1741972079768-300x169.jpg 300w, https:\/\/divulga.unila.edu.br\/gaesc\/wp-content\/uploads\/sites\/64\/2026\/02\/1741972079768-1024x576.jpg 1024w, https:\/\/divulga.unila.edu.br\/gaesc\/wp-content\/uploads\/sites\/64\/2026\/02\/1741972079768-768x432.jpg 768w, https:\/\/divulga.unila.edu.br\/gaesc\/wp-content\/uploads\/sites\/64\/2026\/02\/1741972079768-205x115.jpg 205w, https:\/\/divulga.unila.edu.br\/gaesc\/wp-content\/uploads\/sites\/64\/2026\/02\/1741972079768-480x270.jpg 480w\" sizes=\"(max-width: 1280px) 100vw, 1280px\" \/><span aria-hidden=\"true\" class=\"wp-block-cover__background has-base-background-color has-background-dim-0 has-background-dim\"><\/span><div class=\"wp-block-cover__inner-container has-global-padding is-layout-constrained wp-container-core-cover-is-layout-e4fd886c wp-block-cover-is-layout-constrained\">\n<div class=\"wp-block-group is-nowrap is-layout-flex wp-container-core-group-is-layout-947e61e1 wp-block-group-is-layout-flex\" style=\"border-style:none;border-width:0px;border-top-left-radius:0px;border-top-right-radius:0px;border-bottom-left-radius:0px;border-bottom-right-radius:0px;min-height:78px;padding-top:0;padding-bottom:0;line-height:1.7\"><h1 style=\"font-size:clamp(2.111rem, 2.111rem + ((1vw - 0.2rem) * 2.815), 3.8rem); padding-right:0;padding-left:0;padding-top:0.8rem;padding-bottom:0.8rem;margin-right:0;margin-left:0;\" class=\"has-text-align-center has-link-color wp-elements-bf6707a380e92b17a4d792cc52a012e2 wp-block-post-title has-text-color has-base-2-color has-open-sans-font-family\">Vagas de trabalho<\/h1><\/div>\n<\/div><\/div>\n\n\n\n<section id=\"services\" class=\"wp-block-themeisle-blocks-advanced-columns alignfull has-1-columns has-desktop-equal-layout has-tablet-equal-layout has-mobile-equal-layout has-vertical-flex-start has-light-bg\"><div class=\"wp-block-themeisle-blocks-advanced-columns-overlay\"><\/div><div class=\"innerblocks-wrap\">\n<div id=\"wp-block-themeisle-blocks-advanced-column-9642dc3f\" class=\"wp-block-themeisle-blocks-advanced-column\">\n<section id=\"wp-block-themeisle-blocks-advanced-columns-c568fbc0\" class=\"wp-block-themeisle-blocks-advanced-columns has-2-columns has-desktop-equal-layout has-tablet-equal-layout has-mobile-collapsedRows-layout has-vertical-flex-start has-light-bg\"><div class=\"wp-block-themeisle-blocks-advanced-columns-overlay\"><\/div><div class=\"innerblocks-wrap\">\n<div id=\"wp-block-themeisle-blocks-advanced-column-a0efaca1\" class=\"wp-block-themeisle-blocks-advanced-column has-light-bg\">\n<figure class=\"wp-block-image size-large has-custom-border\"><img decoding=\"async\" width=\"1024\" height=\"576\" src=\"https:\/\/divulga.unila.edu.br\/gaesc\/wp-content\/uploads\/sites\/64\/2026\/05\/profesor-sustituto-1024x576.jpg\" alt=\"\" class=\"wp-image-1673\" style=\"border-style:none;border-width:0px;border-radius:0px;aspect-ratio:3\/2;object-fit:cover\" srcset=\"https:\/\/divulga.unila.edu.br\/gaesc\/wp-content\/uploads\/sites\/64\/2026\/05\/profesor-sustituto-1024x576.jpg 1024w, https:\/\/divulga.unila.edu.br\/gaesc\/wp-content\/uploads\/sites\/64\/2026\/05\/profesor-sustituto-300x169.jpg 300w, https:\/\/divulga.unila.edu.br\/gaesc\/wp-content\/uploads\/sites\/64\/2026\/05\/profesor-sustituto-768x432.jpg 768w, https:\/\/divulga.unila.edu.br\/gaesc\/wp-content\/uploads\/sites\/64\/2026\/05\/profesor-sustituto-1536x864.jpg 1536w, https:\/\/divulga.unila.edu.br\/gaesc\/wp-content\/uploads\/sites\/64\/2026\/05\/profesor-sustituto-205x115.jpg 205w, https:\/\/divulga.unila.edu.br\/gaesc\/wp-content\/uploads\/sites\/64\/2026\/05\/profesor-sustituto-480x270.jpg 480w, https:\/\/divulga.unila.edu.br\/gaesc\/wp-content\/uploads\/sites\/64\/2026\/05\/profesor-sustituto.jpg 1920w\" sizes=\"(max-width: 1024px) 100vw, 1024px\" \/><\/figure>\n\n\n\n<div id=\"wp-block-themeisle-blocks-advanced-columns-9ba29e73\" class=\"wp-block-themeisle-blocks-advanced-columns has-1-columns has-desktop-equal-layout has-tablet-equal-layout has-mobile-equal-layout has-vertical-unset has-default-gap\"><div class=\"wp-block-themeisle-blocks-advanced-columns-overlay\"><\/div><div class=\"innerblocks-wrap\">\n<div id=\"wp-block-themeisle-blocks-advanced-column-ff89ae48\" class=\"wp-block-themeisle-blocks-advanced-column\">\n<div style=\"height:22px\" aria-hidden=\"true\" class=\"wp-block-spacer\"><\/div>\n\n\n\n<h4 class=\"wp-block-heading has-text-color has-link-color wp-elements-1a8c47a3875b869dc9f42050b8ba27b8\" style=\"color:#070731;margin-top:0px\">Oportunidade Acad\u00eamica<\/h4>\n\n\n\n<p class=\"has-text-color has-link-color wp-elements-40fee32738304db69e9eb0c4234858c0\" style=\"color:#070731\">A Universidade Federal de Jata\u00ed torna p\u00fablicas as inscri\u00e7\u00f5es para o Processo Seletivo Simplificado, conforme Edital Espec\u00edfico n\u00ba 02\/2026.<\/p>\n\n\n\n<p><strong>\u00c1reas:<\/strong><\/p>\n\n\n\n<p>\u2714 Epidemiologia, Sa\u00fade Coletiva, Sa\u00fade P\u00fablica e Est\u00e1gio Supervisionado em Biomedicina e \u00e1reas afins ao profissional biom\u00e9dico \u2013 ICS.<\/p>\n\n\n\n<p class=\"has-text-color has-link-color wp-elements-a8bd5cb7ece6112f7a01af5344abafb0\" style=\"color:#070731\">\u2714 Epidemiologia Cl\u00ednica e Sa\u00fade da Mulher e da Crian\u00e7a \u2013 ICS.<\/p>\n\n\n\n<p class=\"has-text-color has-link-color wp-elements-08392c763e78ac79031ceb03a96235e0\" style=\"color:#070731\"><strong>PER\u00cdODO DE INSCRI\u00c7\u00c3O:<\/strong><br>12 a 25\/04\/2026<\/p>\n\n\n\n<div style=\"height:14px\" aria-hidden=\"true\" class=\"wp-block-spacer\"><\/div>\n\n\n\n<h6 class=\"wp-block-heading has-text-color\" style=\"color:#7a58ea\"><a href=\"https:\/\/selecoes.ufj.edu.br\/\" data-type=\"link\" data-id=\"https:\/\/selecoes.ufj.edu.br\/\" target=\"_blank\" rel=\"noreferrer noopener\">Saiba mais<\/a><\/h6>\n\n\n\n<div style=\"height:20px\" aria-hidden=\"true\" class=\"wp-block-spacer\"><\/div>\n<\/div>\n<\/div><\/div>\n<\/div>\n\n\n\n<div id=\"wp-block-themeisle-blocks-advanced-column-40db6121\" class=\"wp-block-themeisle-blocks-advanced-column has-light-bg\">\n<figure class=\"wp-block-image size-full has-custom-border\"><img decoding=\"async\" width=\"1200\" height=\"800\" src=\"https:\/\/divulga.unila.edu.br\/gaesc\/wp-content\/uploads\/sites\/64\/2026\/05\/vaga-3-edited.png\" alt=\"\" class=\"wp-image-1678\" style=\"border-style:none;border-width:0px;border-radius:0px;aspect-ratio:3\/2;object-fit:cover\" srcset=\"https:\/\/divulga.unila.edu.br\/gaesc\/wp-content\/uploads\/sites\/64\/2026\/05\/vaga-3-edited.png 1200w, https:\/\/divulga.unila.edu.br\/gaesc\/wp-content\/uploads\/sites\/64\/2026\/05\/vaga-3-edited-300x200.png 300w, https:\/\/divulga.unila.edu.br\/gaesc\/wp-content\/uploads\/sites\/64\/2026\/05\/vaga-3-edited-1024x683.png 1024w, https:\/\/divulga.unila.edu.br\/gaesc\/wp-content\/uploads\/sites\/64\/2026\/05\/vaga-3-edited-768x512.png 768w, https:\/\/divulga.unila.edu.br\/gaesc\/wp-content\/uploads\/sites\/64\/2026\/05\/vaga-3-edited-205x137.png 205w, https:\/\/divulga.unila.edu.br\/gaesc\/wp-content\/uploads\/sites\/64\/2026\/05\/vaga-3-edited-480x320.png 480w\" sizes=\"(max-width: 1200px) 100vw, 1200px\" \/><\/figure>\n\n\n\n<div id=\"wp-block-themeisle-blocks-advanced-columns-23f47e1b\" class=\"wp-block-themeisle-blocks-advanced-columns has-1-columns has-desktop-equal-layout has-tablet-equal-layout has-mobile-equal-layout has-vertical-unset has-default-gap\"><div class=\"wp-block-themeisle-blocks-advanced-columns-overlay\"><\/div><div class=\"innerblocks-wrap\">\n<div id=\"wp-block-themeisle-blocks-advanced-column-c84a296a\" class=\"wp-block-themeisle-blocks-advanced-column\">\n<div style=\"height:22px\" aria-hidden=\"true\" class=\"wp-block-spacer\"><\/div>\n\n\n\n<h4 class=\"wp-block-heading has-text-color has-link-color wp-elements-93cfad81d7ff2cd1ff54bb3a29ea52b4\" style=\"color:#070731;margin-top:0px\">PROCESSO SELETIVO PARA CONTRATA\u00c7\u00c3O DE PROFESSOR SUBSTITUTO<\/h4>\n\n\n\n<p class=\"has-text-color has-link-color wp-elements-495768e45b2054932964582cb37c018e\" style=\"color:#070731\"><strong>Requisitos m\u00ednimos:<\/strong><br>Doutorado em: Sa\u00fade Coletiva, ou Sa\u00fade P\u00fablica; ou Servi\u00e7o Social; ou Ci\u00eancias Sociais; ou Sociologia; ou Antropologia; ou Ci\u00eancia Pol\u00edtica; ou Psicologia; ou Administra\u00e7\u00e3o P\u00fablica; ou Doutorado em cursos na \u00e1rea de Ci\u00eancias da Sa\u00fade; ou tese de doutorado sobre um tema na \u00e1rea de Sa\u00fade Coletiva ou Sa\u00fade P\u00fablica.<\/p>\n\n\n\n<p><strong>Per\u00edodo de inscri\u00e7\u00e3o:<\/strong><br>De 24\/04 a 24\/05\/2026<\/p>\n\n\n\n<p> <strong>Institui\u00e7\u00e3o:<\/strong><br>Universidade Federal de Integra\u00e7\u00e3o Latino-Americana (UNILA)<\/p>\n\n\n\n<h6 class=\"wp-block-heading has-text-color\" style=\"color:#7a58ea\"><a href=\"https:\/\/documentos.unila.edu.br\/concursos\/105-2026\" data-type=\"link\" data-id=\"https:\/\/documentos.unila.edu.br\/concursos\/105-2026\">Saiba mais<\/a><\/h6>\n\n\n\n<div style=\"height:20px\" aria-hidden=\"true\" class=\"wp-block-spacer\"><\/div>\n<\/div>\n<\/div><\/div>\n<\/div>\n<\/div><\/section>\n\n\n\n<div style=\"height:20px\" aria-hidden=\"true\" class=\"wp-block-spacer\"><\/div>\n\n\n\n<section id=\"wp-block-themeisle-blocks-advanced-columns-875ace6e\" class=\"wp-block-themeisle-blocks-advanced-columns has-2-columns has-desktop-equal-layout has-tablet-equal-layout has-mobile-collapsedRows-layout has-vertical-flex-start\"><div class=\"wp-block-themeisle-blocks-advanced-columns-overlay\"><\/div><div class=\"innerblocks-wrap\">\n<div id=\"wp-block-themeisle-blocks-advanced-column-23aa970e\" class=\"wp-block-themeisle-blocks-advanced-column has-light-bg\">\n<figure class=\"wp-block-image size-large has-custom-border\"><img loading=\"lazy\" decoding=\"async\" width=\"1200\" height=\"800\" src=\"https:\/\/divulga.unila.edu.br\/gaesc\/wp-content\/uploads\/sites\/64\/2026\/05\/vaga4-edited.png\" alt=\"\" class=\"wp-image-1682\" style=\"border-style:none;border-width:0px;border-radius:0px;aspect-ratio:3\/2;object-fit:cover\" srcset=\"https:\/\/divulga.unila.edu.br\/gaesc\/wp-content\/uploads\/sites\/64\/2026\/05\/vaga4-edited.png 1200w, https:\/\/divulga.unila.edu.br\/gaesc\/wp-content\/uploads\/sites\/64\/2026\/05\/vaga4-edited-300x200.png 300w, https:\/\/divulga.unila.edu.br\/gaesc\/wp-content\/uploads\/sites\/64\/2026\/05\/vaga4-edited-1024x683.png 1024w, https:\/\/divulga.unila.edu.br\/gaesc\/wp-content\/uploads\/sites\/64\/2026\/05\/vaga4-edited-768x512.png 768w, https:\/\/divulga.unila.edu.br\/gaesc\/wp-content\/uploads\/sites\/64\/2026\/05\/vaga4-edited-205x137.png 205w, https:\/\/divulga.unila.edu.br\/gaesc\/wp-content\/uploads\/sites\/64\/2026\/05\/vaga4-edited-480x320.png 480w\" sizes=\"(max-width: 1200px) 100vw, 1200px\" \/><\/figure>\n\n\n\n<div id=\"wp-block-themeisle-blocks-advanced-columns-b6f16303\" class=\"wp-block-themeisle-blocks-advanced-columns has-1-columns has-desktop-equal-layout has-tablet-equal-layout has-mobile-equal-layout has-vertical-unset has-default-gap\"><div class=\"wp-block-themeisle-blocks-advanced-columns-overlay\"><\/div><div class=\"innerblocks-wrap\">\n<div id=\"wp-block-themeisle-blocks-advanced-column-d16cfe5d\" class=\"wp-block-themeisle-blocks-advanced-column\">\n<div style=\"height:30px\" aria-hidden=\"true\" class=\"wp-block-spacer\"><\/div>\n\n\n\n<h4 class=\"wp-block-heading has-text-color has-link-color wp-elements-434d7e5568e8fc1464cbb733e51de946\" style=\"color:#070731;margin-top:0px\">UFSC ABRE VAGAS EM 30 CURSOS GRATUITOS ONLINE E OFERECE CERTIFICADO<\/h4>\n\n\n\n<p>A Universidade Federal de Santa Catarina (UFSC) est\u00e1 com vagas abertas em 30 cursos gratuitos e online, que oferecem certificado para os aprovados.<\/p>\n\n\n\n<p><strong>Podem se inscrever pessoas de todo o Brasil. As op\u00e7\u00f5es s\u00e3o:<\/strong><\/p>\n\n\n\n<ol class=\"wp-block-list\">\n<li>Abordagem do Sobrepeso e Obesidade na Aten\u00e7\u00e3o Prim\u00e1ria em Sa\u00fade<\/li>\n\n\n\n<li>Acesso e acolhimento na aten\u00e7\u00e3o \u00e0 sa\u00fade do homem na Aten\u00e7\u00e3o Prim\u00e1ria \u00e0 Sa\u00fade<\/li>\n\n\n\n<li>A consulta da crian\u00e7a e da mulher\/pessoa no puerp\u00e9rio na primeira semana de vida na Aten\u00e7\u00e3o Prim\u00e1ria \u00e0 Sa\u00fade<\/li>\n\n\n\n<li>A din\u00e2mica da viol\u00eancia no contexto familiar<\/li>\n\n\n\n<li>Aten\u00e7\u00e3o \u00e0 Desnutri\u00e7\u00e3o em Crian\u00e7as e Gestantes no SUS, entre outros.<\/li>\n<\/ol>\n\n\n\n<p class=\"has-text-color has-link-color wp-elements-d49cbc2bc6c6e407a2d4de50714d5056\" style=\"color:#070731\"><strong>CARGA HOR\u00c1RIA:<\/strong> 30 HORAS<\/p>\n\n\n\n<h6 class=\"wp-block-heading has-text-color\" style=\"color:#7a58ea\"><a href=\"https:\/\/demosites.io\/industrial-gb\/service-details\/\"><\/a><a href=\"https:\/\/www.unasus.gov.br\/cursos\/busca?status=0&amp;oferta=0&amp;aberta=busca\" data-type=\"link\" data-id=\"https:\/\/www.unasus.gov.br\/cursos\/busca?status=0&amp;oferta=0&amp;aberta=busca\" target=\"_blank\" rel=\"noreferrer noopener\">Saiba mais<\/a><\/h6>\n\n\n\n<div style=\"height:20px\" aria-hidden=\"true\" class=\"wp-block-spacer\"><\/div>\n<\/div>\n<\/div><\/div>\n<\/div>\n\n\n\n<div id=\"wp-block-themeisle-blocks-advanced-column-44794dea\" class=\"wp-block-themeisle-blocks-advanced-column has-light-bg\">\n<figure class=\"wp-block-image size-large is-resized has-custom-border\"><img decoding=\"async\" src=\"https:\/\/api.themeisle.com\/templates-data\/2021\/01\/ebf0233ced7259cf0838b7ba6d3aee07dufqmdvrdksq3kxz8g6v\/images\/neve-industrial-demo-27-oiazlqhkgkr00np2boqag5hzxzv6yd6s871xslyx88.jpg\" alt=\"\" class=\"wp-image-114\" style=\"border-style:none;border-width:0px;border-radius:0px;width:546px;height:auto\" \/><\/figure>\n\n\n\n<div id=\"wp-block-themeisle-blocks-advanced-columns-116c2739\" class=\"wp-block-themeisle-blocks-advanced-columns has-1-columns has-desktop-equal-layout has-tablet-equal-layout has-mobile-equal-layout has-vertical-unset has-default-gap\"><div class=\"wp-block-themeisle-blocks-advanced-columns-overlay\"><\/div><div class=\"innerblocks-wrap\">\n<div id=\"wp-block-themeisle-blocks-advanced-column-5fdfc19c\" class=\"wp-block-themeisle-blocks-advanced-column\">\n<div id=\"wp-block-themeisle-blocks-font-awesome-icons-5f16ecd8\" class=\"wp-block-themeisle-blocks-font-awesome-icons\"><span class=\"wp-block-themeisle-blocks-font-awesome-icons-container\"><i class=\"fas fa-hard-hat\"><\/i><\/span><\/div>\n\n\n\n<h4 class=\"wp-block-heading has-text-color has-link-color wp-elements-86ca0f2346d03377a4432409f1363041\" style=\"color:#070731;margin-top:0px\">Construction Materials<\/h4>\n\n\n\n<p class=\"has-text-color has-link-color wp-elements-dcd75dddf2378ddfcccb8e0ce4c49777\" style=\"color:#070731\">Tousled letterpre tote bag bicycle rights cliche twee hashtag pokpo demos tanero lamina sime voti<\/p>\n\n\n\n<h6 class=\"wp-block-heading has-text-color\" style=\"color:#fdb72b\"><a href=\"https:\/\/demosites.io\/industrial-gb\/service-details\/\"><\/a><a href=\"https:\/\/demosites.io\/industrial-gb\/service-details\/\">READ MORE<\/a><\/h6>\n\n\n\n<div style=\"height:20px\" aria-hidden=\"true\" class=\"wp-block-spacer\"><\/div>\n<\/div>\n<\/div><\/div>\n<\/div>\n<\/div><\/section>\n<\/div>\n<\/div><\/section>\n","protected":false},"excerpt":{"rendered":"","protected":false},"author":178,"featured_media":0,"parent":0,"menu_order":0,"comment_status":"closed","ping_status":"closed","template":"page-no-title","meta":{"_uag_custom_page_level_css":"","_EventAllDay":false,"_EventTimezone":"","_EventStartDate":"","_EventEndDate":"","_EventStartDateUTC":"","_EventEndDateUTC":"","_EventShowMap":false,"_EventShowMapLink":false,"_EventURL":"","_EventCost":"","_EventCostDescription":"","_EventCurrencySymbol":"","_EventCurrencyCode":"","_EventCurrencyPosition":"","_EventDateTimeSeparator":"","_EventTimeRangeSeparator":"","_EventOrganizerID":[],"_EventVenueID":[],"_OrganizerEmail":"","_OrganizerPhone":"","_OrganizerWebsite":"","_VenueAddress":"","_VenueCity":"","_VenueCountry":"","_VenueProvince":"","_VenueState":"","_VenueZip":"","_VenuePhone":"","_VenueURL":"","_VenueStateProvince":"","_VenueLat":"","_VenueLng":"","_VenueShowMap":false,"_VenueShowMapLink":false,"_themeisle_gutenberg_block_has_review":false,"footnotes":""},"class_list":["post-73","page","type-page","status-publish","hentry"],"yoast_head":"<!-- This site is optimized with the Yoast SEO plugin v27.6 - https:\/\/yoast.com\/product\/yoast-seo-wordpress\/ -->\n<title>Vagas de trabalho - GAESC<\/title>\n<meta name=\"robots\" content=\"index, follow, max-snippet:-1, max-image-preview:large, max-video-preview:-1\" \/>\n<link rel=\"canonical\" href=\"https:\/\/divulga.unila.edu.br\/gaesc\/vagas\/\" \/>\n<meta property=\"og:locale\" content=\"pt_BR\" \/>\n<meta property=\"og:type\" content=\"article\" \/>\n<meta property=\"og:title\" content=\"Vagas de trabalho - GAESC\" \/>\n<meta property=\"og:url\" content=\"https:\/\/divulga.unila.edu.br\/gaesc\/vagas\/\" \/>\n<meta property=\"og:site_name\" content=\"GAESC\" \/>\n<meta property=\"article:modified_time\" content=\"2026-05-13T22:43:49+00:00\" \/>\n<meta property=\"og:image\" content=\"https:\/\/divulga.unila.edu.br\/gaesc\/wp-content\/uploads\/sites\/64\/2026\/02\/1741972079768.jpg\" \/>\n\t<meta property=\"og:image:width\" content=\"1280\" \/>\n\t<meta property=\"og:image:height\" content=\"720\" \/>\n\t<meta property=\"og:image:type\" content=\"image\/jpeg\" \/>\n<meta name=\"twitter:card\" content=\"summary_large_image\" \/>\n<meta name=\"twitter:label1\" content=\"Est. tempo de leitura\" \/>\n\t<meta name=\"twitter:data1\" content=\"3 minutos\" \/>\n<script type=\"application\/ld+json\" class=\"yoast-schema-graph\">{\"@context\":\"https:\\\/\\\/schema.org\",\"@graph\":[{\"@type\":\"WebPage\",\"@id\":\"https:\\\/\\\/divulga.unila.edu.br\\\/gaesc\\\/vagas\\\/\",\"url\":\"https:\\\/\\\/divulga.unila.edu.br\\\/gaesc\\\/vagas\\\/\",\"name\":\"Vagas de trabalho - GAESC\",\"isPartOf\":{\"@id\":\"https:\\\/\\\/divulga.unila.edu.br\\\/gaesc\\\/#website\"},\"primaryImageOfPage\":{\"@id\":\"https:\\\/\\\/divulga.unila.edu.br\\\/gaesc\\\/vagas\\\/#primaryimage\"},\"image\":{\"@id\":\"https:\\\/\\\/divulga.unila.edu.br\\\/gaesc\\\/vagas\\\/#primaryimage\"},\"thumbnailUrl\":\"https:\\\/\\\/divulga.unila.edu.br\\\/gaesc\\\/wp-content\\\/uploads\\\/sites\\\/64\\\/2026\\\/02\\\/1741972079768.jpg\",\"datePublished\":\"2026-01-09T14:05:46+00:00\",\"dateModified\":\"2026-05-13T22:43:49+00:00\",\"breadcrumb\":{\"@id\":\"https:\\\/\\\/divulga.unila.edu.br\\\/gaesc\\\/vagas\\\/#breadcrumb\"},\"inLanguage\":\"pt-BR\",\"potentialAction\":[{\"@type\":\"ReadAction\",\"target\":[\"https:\\\/\\\/divulga.unila.edu.br\\\/gaesc\\\/vagas\\\/\"]}]},{\"@type\":\"ImageObject\",\"inLanguage\":\"pt-BR\",\"@id\":\"https:\\\/\\\/divulga.unila.edu.br\\\/gaesc\\\/vagas\\\/#primaryimage\",\"url\":\"https:\\\/\\\/divulga.unila.edu.br\\\/gaesc\\\/wp-content\\\/uploads\\\/sites\\\/64\\\/2026\\\/02\\\/1741972079768.jpg\",\"contentUrl\":\"https:\\\/\\\/divulga.unila.edu.br\\\/gaesc\\\/wp-content\\\/uploads\\\/sites\\\/64\\\/2026\\\/02\\\/1741972079768.jpg\",\"width\":1280,\"height\":720},{\"@type\":\"BreadcrumbList\",\"@id\":\"https:\\\/\\\/divulga.unila.edu.br\\\/gaesc\\\/vagas\\\/#breadcrumb\",\"itemListElement\":[{\"@type\":\"ListItem\",\"position\":1,\"name\":\"In\u00edcio\",\"item\":\"https:\\\/\\\/divulga.unila.edu.br\\\/gaesc\\\/\"},{\"@type\":\"ListItem\",\"position\":2,\"name\":\"Vagas de trabalho\"}]},{\"@type\":\"WebSite\",\"@id\":\"https:\\\/\\\/divulga.unila.edu.br\\\/gaesc\\\/#website\",\"url\":\"https:\\\/\\\/divulga.unila.edu.br\\\/gaesc\\\/\",\"name\":\"GAESC\",\"description\":\"Informa\u00e7\u00f5es e Oportunidades sobre Egressos da Sa\u00fade Colectiva da Unila\",\"publisher\":{\"@id\":\"https:\\\/\\\/divulga.unila.edu.br\\\/gaesc\\\/#organization\"},\"potentialAction\":[{\"@type\":\"SearchAction\",\"target\":{\"@type\":\"EntryPoint\",\"urlTemplate\":\"https:\\\/\\\/divulga.unila.edu.br\\\/gaesc\\\/?s={search_term_string}\"},\"query-input\":{\"@type\":\"PropertyValueSpecification\",\"valueRequired\":true,\"valueName\":\"search_term_string\"}}],\"inLanguage\":\"pt-BR\"},{\"@type\":\"Organization\",\"@id\":\"https:\\\/\\\/divulga.unila.edu.br\\\/gaesc\\\/#organization\",\"name\":\"GAESC\",\"url\":\"https:\\\/\\\/divulga.unila.edu.br\\\/gaesc\\\/\",\"logo\":{\"@type\":\"ImageObject\",\"inLanguage\":\"pt-BR\",\"@id\":\"https:\\\/\\\/divulga.unila.edu.br\\\/gaesc\\\/#\\\/schema\\\/logo\\\/image\\\/\",\"url\":\"https:\\\/\\\/divulga.unila.edu.br\\\/gaesc\\\/wp-content\\\/uploads\\\/sites\\\/64\\\/2026\\\/01\\\/Logo2.jpeg\",\"contentUrl\":\"https:\\\/\\\/divulga.unila.edu.br\\\/gaesc\\\/wp-content\\\/uploads\\\/sites\\\/64\\\/2026\\\/01\\\/Logo2.jpeg\",\"width\":1536,\"height\":1024,\"caption\":\"GAESC\"},\"image\":{\"@id\":\"https:\\\/\\\/divulga.unila.edu.br\\\/gaesc\\\/#\\\/schema\\\/logo\\\/image\\\/\"}}]}<\/script>\n<!-- \/ Yoast SEO plugin. -->","yoast_head_json":{"title":"Vagas de trabalho - GAESC","robots":{"index":"index","follow":"follow","max-snippet":"max-snippet:-1","max-image-preview":"max-image-preview:large","max-video-preview":"max-video-preview:-1"},"canonical":"https:\/\/divulga.unila.edu.br\/gaesc\/vagas\/","og_locale":"pt_BR","og_type":"article","og_title":"Vagas de trabalho - GAESC","og_url":"https:\/\/divulga.unila.edu.br\/gaesc\/vagas\/","og_site_name":"GAESC","article_modified_time":"2026-05-13T22:43:49+00:00","og_image":[{"width":1280,"height":720,"url":"https:\/\/divulga.unila.edu.br\/gaesc\/wp-content\/uploads\/sites\/64\/2026\/02\/1741972079768.jpg","type":"image\/jpeg"}],"twitter_card":"summary_large_image","twitter_misc":{"Est. tempo de leitura":"3 minutos"},"schema":{"@context":"https:\/\/schema.org","@graph":[{"@type":"WebPage","@id":"https:\/\/divulga.unila.edu.br\/gaesc\/vagas\/","url":"https:\/\/divulga.unila.edu.br\/gaesc\/vagas\/","name":"Vagas de trabalho - GAESC","isPartOf":{"@id":"https:\/\/divulga.unila.edu.br\/gaesc\/#website"},"primaryImageOfPage":{"@id":"https:\/\/divulga.unila.edu.br\/gaesc\/vagas\/#primaryimage"},"image":{"@id":"https:\/\/divulga.unila.edu.br\/gaesc\/vagas\/#primaryimage"},"thumbnailUrl":"https:\/\/divulga.unila.edu.br\/gaesc\/wp-content\/uploads\/sites\/64\/2026\/02\/1741972079768.jpg","datePublished":"2026-01-09T14:05:46+00:00","dateModified":"2026-05-13T22:43:49+00:00","breadcrumb":{"@id":"https:\/\/divulga.unila.edu.br\/gaesc\/vagas\/#breadcrumb"},"inLanguage":"pt-BR","potentialAction":[{"@type":"ReadAction","target":["https:\/\/divulga.unila.edu.br\/gaesc\/vagas\/"]}]},{"@type":"ImageObject","inLanguage":"pt-BR","@id":"https:\/\/divulga.unila.edu.br\/gaesc\/vagas\/#primaryimage","url":"https:\/\/divulga.unila.edu.br\/gaesc\/wp-content\/uploads\/sites\/64\/2026\/02\/1741972079768.jpg","contentUrl":"https:\/\/divulga.unila.edu.br\/gaesc\/wp-content\/uploads\/sites\/64\/2026\/02\/1741972079768.jpg","width":1280,"height":720},{"@type":"BreadcrumbList","@id":"https:\/\/divulga.unila.edu.br\/gaesc\/vagas\/#breadcrumb","itemListElement":[{"@type":"ListItem","position":1,"name":"In\u00edcio","item":"https:\/\/divulga.unila.edu.br\/gaesc\/"},{"@type":"ListItem","position":2,"name":"Vagas de trabalho"}]},{"@type":"WebSite","@id":"https:\/\/divulga.unila.edu.br\/gaesc\/#website","url":"https:\/\/divulga.unila.edu.br\/gaesc\/","name":"GAESC","description":"Informa\u00e7\u00f5es e Oportunidades sobre Egressos da Sa\u00fade Colectiva da Unila","publisher":{"@id":"https:\/\/divulga.unila.edu.br\/gaesc\/#organization"},"potentialAction":[{"@type":"SearchAction","target":{"@type":"EntryPoint","urlTemplate":"https:\/\/divulga.unila.edu.br\/gaesc\/?s={search_term_string}"},"query-input":{"@type":"PropertyValueSpecification","valueRequired":true,"valueName":"search_term_string"}}],"inLanguage":"pt-BR"},{"@type":"Organization","@id":"https:\/\/divulga.unila.edu.br\/gaesc\/#organization","name":"GAESC","url":"https:\/\/divulga.unila.edu.br\/gaesc\/","logo":{"@type":"ImageObject","inLanguage":"pt-BR","@id":"https:\/\/divulga.unila.edu.br\/gaesc\/#\/schema\/logo\/image\/","url":"https:\/\/divulga.unila.edu.br\/gaesc\/wp-content\/uploads\/sites\/64\/2026\/01\/Logo2.jpeg","contentUrl":"https:\/\/divulga.unila.edu.br\/gaesc\/wp-content\/uploads\/sites\/64\/2026\/01\/Logo2.jpeg","width":1536,"height":1024,"caption":"GAESC"},"image":{"@id":"https:\/\/divulga.unila.edu.br\/gaesc\/#\/schema\/logo\/image\/"}}]}},"uagb_featured_image_src":{"full":false,"thumbnail":false,"medium":false,"medium_large":false,"large":false,"1536x1536":false,"2048x2048":false,"htmega_size_585x295":false,"htmega_size_1170x536":false,"htmega_size_396x360":false,"tainacan-small":false,"tainacan-medium":false,"tainacan-medium-full":false,"tainacan-large-full":false},"uagb_author_info":{"display_name":"aua.lopez.2024","author_link":"https:\/\/divulga.unila.edu.br\/gaesc\/author\/aualopez2024\/"},"uagb_comment_info":0,"uagb_excerpt":null,"_links":{"self":[{"href":"https:\/\/divulga.unila.edu.br\/gaesc\/wp-json\/wp\/v2\/pages\/73","targetHints":{"allow":["GET"]}}],"collection":[{"href":"https:\/\/divulga.unila.edu.br\/gaesc\/wp-json\/wp\/v2\/pages"}],"about":[{"href":"https:\/\/divulga.unila.edu.br\/gaesc\/wp-json\/wp\/v2\/types\/page"}],"author":[{"embeddable":true,"href":"https:\/\/divulga.unila.edu.br\/gaesc\/wp-json\/wp\/v2\/users\/178"}],"replies":[{"embeddable":true,"href":"https:\/\/divulga.unila.edu.br\/gaesc\/wp-json\/wp\/v2\/comments?post=73"}],"version-history":[{"count":17,"href":"https:\/\/divulga.unila.edu.br\/gaesc\/wp-json\/wp\/v2\/pages\/73\/revisions"}],"predecessor-version":[{"id":1716,"href":"https:\/\/divulga.unila.edu.br\/gaesc\/wp-json\/wp\/v2\/pages\/73\/revisions\/1716"}],"wp:attachment":[{"href":"https:\/\/divulga.unila.edu.br\/gaesc\/wp-json\/wp\/v2\/media?parent=73"}],"curies":[{"name":"wp","href":"https:\/\/api.w.org\/{rel}","templated":true}]}}