{"id":572,"date":"2026-01-17T12:22:31","date_gmt":"2026-01-17T15:22:31","guid":{"rendered":"https:\/\/divulga.unila.edu.br\/gaesc\/?page_id=572"},"modified":"2026-03-04T15:55:29","modified_gmt":"2026-03-04T18:55:29","slug":"mapa-de-egressos","status":"publish","type":"page","link":"https:\/\/divulga.unila.edu.br\/gaesc\/mapa-de-egressos\/","title":{"rendered":"Sobre N\u00f3s"},"content":{"rendered":"\n<div class=\"wp-block-cover alignfull wp-duotone-rgb40071-rgb1055198-1\" style=\"padding-top:var(--wp--preset--spacing--50);padding-right:var(--wp--preset--spacing--50);padding-bottom:var(--wp--preset--spacing--50);padding-left:var(--wp--preset--spacing--50);font-size:clamp(23.54px, 1.471rem + ((1vw - 3.2px) * 1.61), 39px);min-height:285px;aspect-ratio:unset;\"><img fetchpriority=\"high\" decoding=\"async\" width=\"1300\" height=\"867\" class=\"wp-block-cover__image-background wp-image-1188 size-full\" alt=\"\" src=\"https:\/\/divulga.unila.edu.br\/gaesc\/wp-content\/uploads\/sites\/64\/2026\/02\/fotografo-formatura-em-estudio-florianopolis.webp\" style=\"object-position:57% 35%\" data-object-fit=\"cover\" data-object-position=\"57% 35%\" srcset=\"https:\/\/divulga.unila.edu.br\/gaesc\/wp-content\/uploads\/sites\/64\/2026\/02\/fotografo-formatura-em-estudio-florianopolis.webp 1300w, https:\/\/divulga.unila.edu.br\/gaesc\/wp-content\/uploads\/sites\/64\/2026\/02\/fotografo-formatura-em-estudio-florianopolis-300x200.webp 300w, https:\/\/divulga.unila.edu.br\/gaesc\/wp-content\/uploads\/sites\/64\/2026\/02\/fotografo-formatura-em-estudio-florianopolis-1024x683.webp 1024w, https:\/\/divulga.unila.edu.br\/gaesc\/wp-content\/uploads\/sites\/64\/2026\/02\/fotografo-formatura-em-estudio-florianopolis-768x512.webp 768w, https:\/\/divulga.unila.edu.br\/gaesc\/wp-content\/uploads\/sites\/64\/2026\/02\/fotografo-formatura-em-estudio-florianopolis-205x137.webp 205w, https:\/\/divulga.unila.edu.br\/gaesc\/wp-content\/uploads\/sites\/64\/2026\/02\/fotografo-formatura-em-estudio-florianopolis-480x320.webp 480w\" sizes=\"(max-width: 1300px) 100vw, 1300px\" \/><span aria-hidden=\"true\" class=\"wp-block-cover__background has-base-background-color has-background-dim-0 has-background-dim\"><\/span><div class=\"wp-block-cover__inner-container has-global-padding is-layout-constrained wp-container-core-cover-is-layout-e4fd886c wp-block-cover-is-layout-constrained\">\n<p class=\"has-text-align-center has-open-sans-font-family\" style=\"font-size:clamp(1.837rem, 1.837rem + ((1vw - 0.2rem) * 2.272), 3.2rem);\"><strong>Quem Somos<\/strong><\/p>\n<\/div><\/div>\n\n\n\n<div class=\"wp-block-group alignfull has-background has-global-padding is-layout-constrained wp-container-core-group-is-layout-d89aad35 wp-block-group-is-layout-constrained\" style=\"background-color:#f0ede6;margin-top:0;margin-bottom:0;padding-top:var(--wp--preset--spacing--50);padding-right:var(--wp--preset--spacing--50);padding-bottom:var(--wp--preset--spacing--50);padding-left:var(--wp--preset--spacing--50)\">\n<div class=\"wp-block-columns alignwide are-vertically-aligned-center is-layout-flex wp-container-core-columns-is-layout-47c06fe3 wp-block-columns-is-layout-flex\">\n<div class=\"wp-block-column is-vertically-aligned-center is-layout-flow wp-block-column-is-layout-flow\" style=\"flex-basis:50%\">\n<h2 class=\"wp-block-heading has-text-align-center has-open-sans-font-family\"><strong>Sobre o GAESC<\/strong><\/h2>\n\n\n\n<p style=\"font-size:clamp(14px, 0.875rem + ((1vw - 3.2px) * 0.521), 19px);\">O GAESC \u00e9 um Grupo de Acompanhamento de Egressos de Sa\u00fade P\u00fablica da Universidade Federal da Integra\u00e7\u00e3o Latino-Americana (UNILA).Nossa p\u00e1gina foi criada com o objetivo de fortalecer o v\u00ednculo entre os egressos e a universidade, promovendo informa\u00e7\u00e3o atualizada, oportunidades profissionais e espa\u00e7os de articula\u00e7\u00e3o acad\u00eamica.Atuamos como um canal de comunica\u00e7\u00e3o e apoio, facilitando o acesso a editais, vagas, cursos, eventos e iniciativas relevantes na \u00e1rea da Sa\u00fade P\u00fablica.<\/p>\n<\/div>\n\n\n\n<div class=\"wp-block-column is-vertically-aligned-center is-layout-flow wp-block-column-is-layout-flow\" style=\"flex-basis:50%\">\n<figure class=\"wp-block-image size-full is-style-rounded is-style-rounded--2\"><img decoding=\"async\" width=\"626\" height=\"417\" src=\"https:\/\/divulga.unila.edu.br\/gaesc\/wp-content\/uploads\/sites\/64\/2026\/03\/joven-graduado-universitario-tiene-certificado-grado_201468-875.avif\" alt=\"\" class=\"wp-image-1286\" style=\"aspect-ratio:4\/3;object-fit:cover\" \/><\/figure>\n<\/div>\n<\/div>\n<\/div>\n\n\n\n<div class=\"wp-block-group alignfull has-accent-5-background-color has-background has-global-padding is-layout-constrained wp-container-core-group-is-layout-d89aad35 wp-block-group-is-layout-constrained\" style=\"margin-top:0;margin-bottom:0;padding-top:var(--wp--preset--spacing--50);padding-right:var(--wp--preset--spacing--50);padding-bottom:var(--wp--preset--spacing--50);padding-left:var(--wp--preset--spacing--50)\">\n<div class=\"wp-block-columns alignwide is-layout-flex wp-container-core-columns-is-layout-1da03c2a wp-block-columns-is-layout-flex\">\n<div class=\"wp-block-column is-vertically-aligned-center is-layout-flow wp-block-column-is-layout-flow\" style=\"flex-basis:60%\">\n<figure class=\"wp-block-image size-full is-style-rounded wp-duotone-unset-4 is-style-rounded--3\"><img decoding=\"async\" width=\"1200\" height=\"630\" src=\"https:\/\/divulga.unila.edu.br\/gaesc\/wp-content\/uploads\/sites\/64\/2026\/03\/5128-original.avif\" alt=\"\" class=\"wp-image-1289\" style=\"aspect-ratio:4\/3;object-fit:cover\" \/><\/figure>\n<\/div>\n\n\n\n<div class=\"wp-block-column is-layout-flow wp-block-column-is-layout-flow\" style=\"flex-basis:40%\">\n<h2 class=\"wp-block-heading has-text-align-center has-open-sans-font-family\"><strong>Nossos Objetivos<\/strong><\/h2>\n\n\n\n<div style=\"height:21px\" aria-hidden=\"true\" class=\"wp-block-spacer\"><\/div>\n\n\n\n<ul class=\"wp-block-list\">\n<li style=\"font-size:clamp(14px, 0.875rem + ((1vw - 3.2px) * 0.625), 20px);\">Consolidar uma rede de egressos ativa e integrada.<\/li>\n<\/ul>\n\n\n\n<ul style=\"font-size:clamp(14px, 0.875rem + ((1vw - 3.2px) * 0.625), 20px);\" class=\"wp-block-list\">\n<li>Promover a troca de experi\u00eancias entre egressos e estudantes.<\/li>\n<\/ul>\n\n\n\n<ul class=\"wp-block-list\">\n<li style=\"font-size:clamp(14px, 0.875rem + ((1vw - 3.2px) * 0.625), 20px);\"> Divulgar informa\u00e7\u00f5es e oportunidades relevantes.<\/li>\n<\/ul>\n\n\n\n<ul style=\"font-size:clamp(14px, 0.875rem + ((1vw - 3.2px) * 0.625), 20px);\" class=\"wp-block-list\"><\/ul>\n\n\n\n<ul style=\"font-size:clamp(14px, 0.875rem + ((1vw - 3.2px) * 0.625), 20px);\" class=\"wp-block-list\">\n<li>Apoiar o crescimento acad\u00eamico e profissional.<\/li>\n<\/ul>\n\n\n\n<ul style=\"font-size:clamp(14px, 0.875rem + ((1vw - 3.2px) * 0.625), 20px);\" class=\"wp-block-list\">\n<li>Fortalecer a atua\u00e7\u00e3o dos profissionais em Sa\u00fade P\u00fablica.<\/li>\n<\/ul>\n<\/div>\n<\/div>\n<\/div>\n\n\n\n<section id=\"wp-block-themeisle-blocks-advanced-columns-990a718e\" class=\"wp-block-themeisle-blocks-advanced-columns alignfull has-2-columns has-desktop-equal-layout has-tablet-equal-layout has-mobile-collapsedRows-layout has-vertical-center has-light-bg\"><div class=\"wp-block-themeisle-blocks-advanced-columns-overlay\"><\/div><div class=\"innerblocks-wrap\">\n<div id=\"wp-block-themeisle-blocks-advanced-column-73e5b683\" class=\"wp-block-themeisle-blocks-advanced-column\">\n<figure class=\"wp-block-image size-full has-custom-border\" style=\"margin-top:0;margin-bottom:0\"><img loading=\"lazy\" decoding=\"async\" width=\"916\" height=\"817\" src=\"https:\/\/divulga.unila.edu.br\/gaesc\/wp-content\/uploads\/sites\/64\/2026\/02\/Captura-de-pantalla-2026-02-16-100931.png\" alt=\"\" class=\"wp-image-1190\" style=\"border-top-left-radius:0px;border-top-right-radius:0px;border-bottom-left-radius:0px;border-bottom-right-radius:0px\" srcset=\"https:\/\/divulga.unila.edu.br\/gaesc\/wp-content\/uploads\/sites\/64\/2026\/02\/Captura-de-pantalla-2026-02-16-100931.png 916w, https:\/\/divulga.unila.edu.br\/gaesc\/wp-content\/uploads\/sites\/64\/2026\/02\/Captura-de-pantalla-2026-02-16-100931-300x268.png 300w, https:\/\/divulga.unila.edu.br\/gaesc\/wp-content\/uploads\/sites\/64\/2026\/02\/Captura-de-pantalla-2026-02-16-100931-768x685.png 768w, https:\/\/divulga.unila.edu.br\/gaesc\/wp-content\/uploads\/sites\/64\/2026\/02\/Captura-de-pantalla-2026-02-16-100931-205x183.png 205w, https:\/\/divulga.unila.edu.br\/gaesc\/wp-content\/uploads\/sites\/64\/2026\/02\/Captura-de-pantalla-2026-02-16-100931-480x428.png 480w\" sizes=\"(max-width: 916px) 100vw, 916px\" \/><\/figure>\n<\/div>\n\n\n\n<div id=\"wp-block-themeisle-blocks-advanced-column-d2ab60f9\" class=\"wp-block-themeisle-blocks-advanced-column has-light-bg\">\n<h1 class=\"wp-block-heading has-text-align-left has-custom-color-1-color has-text-color\" style=\"border-style:none;border-width:0px;border-top-left-radius:0px;border-top-right-radius:0px;border-bottom-left-radius:0px;border-bottom-right-radius:0px;margin-top:0;margin-right:0;margin-bottom:0;margin-left:0;font-size:clamp(1.403rem, 1.403rem + ((1vw - 0.2rem) * 1.495), 2.3rem);\"><strong>Onde Estamos<\/strong><\/h1>\n\n\n\n<div style=\"height:50px\" aria-hidden=\"true\" class=\"wp-block-spacer\"><\/div>\n\n\n\n<div id=\"wp-block-themeisle-blocks-advanced-heading-60814737\" class=\"wp-block-themeisle-blocks-advanced-heading wp-block-themeisle-blocks-advanced-heading-60814737\"><strong>Endere\u00e7o<\/strong><\/div>\n\n\n\n<p class=\"has-contrast-color has-text-color\" style=\"font-size:clamp(14.642px, 0.915rem + ((1vw - 3.2px) * 0.766), 22px);\">Av. Tarqu\u00ednio Joslin dos Santos, 1000 &#8211; Polo Universit\u00e1rio, Foz do Igua\u00e7u &#8211; PR, 85870-650<\/p>\n\n\n\n<div id=\"wp-block-themeisle-blocks-advanced-heading-13fcfd84\" class=\"wp-block-themeisle-blocks-advanced-heading wp-block-themeisle-blocks-advanced-heading-13fcfd84\"><strong>Contato<\/strong><\/div>\n\n\n\n<p class=\"has-contrast-color has-text-color\" style=\"font-size:clamp(14.642px, 0.915rem + ((1vw - 3.2px) * 0.766), 22px);\">E-mail: gaesc.unila@gmail.com<\/p>\n<\/div>\n<\/div><\/section>\n","protected":false},"excerpt":{"rendered":"<p>Sobre o GAESC O GAESC \u00e9 um Grupo de Acompanhamento de Egressos de Sa\u00fade P\u00fablica da Universidade Federal da Integra\u00e7\u00e3o Latino-Americana (UNILA).Nossa p\u00e1gina foi criada com o objetivo de fortalecer o v\u00ednculo entre os egressos e a universidade, promovendo informa\u00e7\u00e3o atualizada, oportunidades profissionais e espa\u00e7os de articula\u00e7\u00e3o acad\u00eamica.Atuamos como um canal de comunica\u00e7\u00e3o e apoio, facilitando o acesso a editais, vagas, cursos, eventos e iniciativas relevantes na \u00e1rea da Sa\u00fade P\u00fablica. Nossos Objetivos<\/p>\n","protected":false},"author":178,"featured_media":0,"parent":0,"menu_order":0,"comment_status":"closed","ping_status":"closed","template":"page-no-title","meta":{"_uag_custom_page_level_css":"","_EventAllDay":false,"_EventTimezone":"","_EventStartDate":"","_EventEndDate":"","_EventStartDateUTC":"","_EventEndDateUTC":"","_EventShowMap":false,"_EventShowMapLink":false,"_EventURL":"","_EventCost":"","_EventCostDescription":"","_EventCurrencySymbol":"","_EventCurrencyCode":"","_EventCurrencyPosition":"","_EventDateTimeSeparator":"","_EventTimeRangeSeparator":"","_EventOrganizerID":[],"_EventVenueID":[],"_OrganizerEmail":"","_OrganizerPhone":"","_OrganizerWebsite":"","_VenueAddress":"","_VenueCity":"","_VenueCountry":"","_VenueProvince":"","_VenueState":"","_VenueZip":"","_VenuePhone":"","_VenueURL":"","_VenueStateProvince":"","_VenueLat":"","_VenueLng":"","_VenueShowMap":false,"_VenueShowMapLink":false,"_themeisle_gutenberg_block_has_review":false,"footnotes":""},"class_list":["post-572","page","type-page","status-publish","hentry"],"yoast_head":"<!-- This site is optimized with the Yoast SEO plugin v27.6 - https:\/\/yoast.com\/product\/yoast-seo-wordpress\/ -->\n<title>Sobre N\u00f3s - GAESC<\/title>\n<meta name=\"robots\" content=\"index, follow, max-snippet:-1, max-image-preview:large, max-video-preview:-1\" \/>\n<link rel=\"canonical\" href=\"https:\/\/divulga.unila.edu.br\/gaesc\/mapa-de-egressos\/\" \/>\n<meta property=\"og:locale\" content=\"pt_BR\" \/>\n<meta property=\"og:type\" content=\"article\" \/>\n<meta property=\"og:title\" content=\"Sobre N\u00f3s - GAESC\" \/>\n<meta property=\"og:description\" content=\"Sobre o GAESC O GAESC \u00e9 um Grupo de Acompanhamento de Egressos de Sa\u00fade P\u00fablica da Universidade Federal da Integra\u00e7\u00e3o Latino-Americana (UNILA).Nossa p\u00e1gina foi criada com o objetivo de fortalecer o v\u00ednculo entre os egressos e a universidade, promovendo informa\u00e7\u00e3o atualizada, oportunidades profissionais e espa\u00e7os de articula\u00e7\u00e3o acad\u00eamica.Atuamos como um canal de comunica\u00e7\u00e3o e apoio, facilitando o acesso a editais, vagas, cursos, eventos e iniciativas relevantes na \u00e1rea da Sa\u00fade P\u00fablica. Nossos Objetivos\" \/>\n<meta property=\"og:url\" content=\"https:\/\/divulga.unila.edu.br\/gaesc\/mapa-de-egressos\/\" \/>\n<meta property=\"og:site_name\" content=\"GAESC\" \/>\n<meta property=\"article:modified_time\" content=\"2026-03-04T18:55:29+00:00\" \/>\n<meta property=\"og:image\" content=\"https:\/\/divulga.unila.edu.br\/gaesc\/wp-content\/uploads\/sites\/64\/2026\/02\/fotografo-formatura-em-estudio-florianopolis.webp\" \/>\n\t<meta property=\"og:image:width\" content=\"1300\" \/>\n\t<meta property=\"og:image:height\" content=\"867\" \/>\n\t<meta property=\"og:image:type\" content=\"image\/webp\" \/>\n<meta name=\"twitter:card\" content=\"summary_large_image\" \/>\n<meta name=\"twitter:label1\" content=\"Est. tempo de leitura\" \/>\n\t<meta name=\"twitter:data1\" content=\"1 minuto\" \/>\n<script type=\"application\/ld+json\" class=\"yoast-schema-graph\">{\"@context\":\"https:\\\/\\\/schema.org\",\"@graph\":[{\"@type\":\"WebPage\",\"@id\":\"https:\\\/\\\/divulga.unila.edu.br\\\/gaesc\\\/mapa-de-egressos\\\/\",\"url\":\"https:\\\/\\\/divulga.unila.edu.br\\\/gaesc\\\/mapa-de-egressos\\\/\",\"name\":\"Sobre N\u00f3s - GAESC\",\"isPartOf\":{\"@id\":\"https:\\\/\\\/divulga.unila.edu.br\\\/gaesc\\\/#website\"},\"primaryImageOfPage\":{\"@id\":\"https:\\\/\\\/divulga.unila.edu.br\\\/gaesc\\\/mapa-de-egressos\\\/#primaryimage\"},\"image\":{\"@id\":\"https:\\\/\\\/divulga.unila.edu.br\\\/gaesc\\\/mapa-de-egressos\\\/#primaryimage\"},\"thumbnailUrl\":\"https:\\\/\\\/divulga.unila.edu.br\\\/gaesc\\\/wp-content\\\/uploads\\\/sites\\\/64\\\/2026\\\/02\\\/fotografo-formatura-em-estudio-florianopolis.webp\",\"datePublished\":\"2026-01-17T15:22:31+00:00\",\"dateModified\":\"2026-03-04T18:55:29+00:00\",\"breadcrumb\":{\"@id\":\"https:\\\/\\\/divulga.unila.edu.br\\\/gaesc\\\/mapa-de-egressos\\\/#breadcrumb\"},\"inLanguage\":\"pt-BR\",\"potentialAction\":[{\"@type\":\"ReadAction\",\"target\":[\"https:\\\/\\\/divulga.unila.edu.br\\\/gaesc\\\/mapa-de-egressos\\\/\"]}]},{\"@type\":\"ImageObject\",\"inLanguage\":\"pt-BR\",\"@id\":\"https:\\\/\\\/divulga.unila.edu.br\\\/gaesc\\\/mapa-de-egressos\\\/#primaryimage\",\"url\":\"https:\\\/\\\/divulga.unila.edu.br\\\/gaesc\\\/wp-content\\\/uploads\\\/sites\\\/64\\\/2026\\\/02\\\/fotografo-formatura-em-estudio-florianopolis.webp\",\"contentUrl\":\"https:\\\/\\\/divulga.unila.edu.br\\\/gaesc\\\/wp-content\\\/uploads\\\/sites\\\/64\\\/2026\\\/02\\\/fotografo-formatura-em-estudio-florianopolis.webp\",\"width\":1300,\"height\":867},{\"@type\":\"BreadcrumbList\",\"@id\":\"https:\\\/\\\/divulga.unila.edu.br\\\/gaesc\\\/mapa-de-egressos\\\/#breadcrumb\",\"itemListElement\":[{\"@type\":\"ListItem\",\"position\":1,\"name\":\"In\u00edcio\",\"item\":\"https:\\\/\\\/divulga.unila.edu.br\\\/gaesc\\\/\"},{\"@type\":\"ListItem\",\"position\":2,\"name\":\"Sobre N\u00f3s\"}]},{\"@type\":\"WebSite\",\"@id\":\"https:\\\/\\\/divulga.unila.edu.br\\\/gaesc\\\/#website\",\"url\":\"https:\\\/\\\/divulga.unila.edu.br\\\/gaesc\\\/\",\"name\":\"GAESC\",\"description\":\"Informa\u00e7\u00f5es e Oportunidades sobre Egressos da Sa\u00fade Colectiva da Unila\",\"publisher\":{\"@id\":\"https:\\\/\\\/divulga.unila.edu.br\\\/gaesc\\\/#organization\"},\"potentialAction\":[{\"@type\":\"SearchAction\",\"target\":{\"@type\":\"EntryPoint\",\"urlTemplate\":\"https:\\\/\\\/divulga.unila.edu.br\\\/gaesc\\\/?s={search_term_string}\"},\"query-input\":{\"@type\":\"PropertyValueSpecification\",\"valueRequired\":true,\"valueName\":\"search_term_string\"}}],\"inLanguage\":\"pt-BR\"},{\"@type\":\"Organization\",\"@id\":\"https:\\\/\\\/divulga.unila.edu.br\\\/gaesc\\\/#organization\",\"name\":\"GAESC\",\"url\":\"https:\\\/\\\/divulga.unila.edu.br\\\/gaesc\\\/\",\"logo\":{\"@type\":\"ImageObject\",\"inLanguage\":\"pt-BR\",\"@id\":\"https:\\\/\\\/divulga.unila.edu.br\\\/gaesc\\\/#\\\/schema\\\/logo\\\/image\\\/\",\"url\":\"https:\\\/\\\/divulga.unila.edu.br\\\/gaesc\\\/wp-content\\\/uploads\\\/sites\\\/64\\\/2026\\\/01\\\/Logo2.jpeg\",\"contentUrl\":\"https:\\\/\\\/divulga.unila.edu.br\\\/gaesc\\\/wp-content\\\/uploads\\\/sites\\\/64\\\/2026\\\/01\\\/Logo2.jpeg\",\"width\":1536,\"height\":1024,\"caption\":\"GAESC\"},\"image\":{\"@id\":\"https:\\\/\\\/divulga.unila.edu.br\\\/gaesc\\\/#\\\/schema\\\/logo\\\/image\\\/\"}}]}<\/script>\n<!-- \/ Yoast SEO plugin. -->","yoast_head_json":{"title":"Sobre N\u00f3s - GAESC","robots":{"index":"index","follow":"follow","max-snippet":"max-snippet:-1","max-image-preview":"max-image-preview:large","max-video-preview":"max-video-preview:-1"},"canonical":"https:\/\/divulga.unila.edu.br\/gaesc\/mapa-de-egressos\/","og_locale":"pt_BR","og_type":"article","og_title":"Sobre N\u00f3s - GAESC","og_description":"Sobre o GAESC O GAESC \u00e9 um Grupo de Acompanhamento de Egressos de Sa\u00fade P\u00fablica da Universidade Federal da Integra\u00e7\u00e3o Latino-Americana (UNILA).Nossa p\u00e1gina foi criada com o objetivo de fortalecer o v\u00ednculo entre os egressos e a universidade, promovendo informa\u00e7\u00e3o atualizada, oportunidades profissionais e espa\u00e7os de articula\u00e7\u00e3o acad\u00eamica.Atuamos como um canal de comunica\u00e7\u00e3o e apoio, facilitando o acesso a editais, vagas, cursos, eventos e iniciativas relevantes na \u00e1rea da Sa\u00fade P\u00fablica. Nossos Objetivos","og_url":"https:\/\/divulga.unila.edu.br\/gaesc\/mapa-de-egressos\/","og_site_name":"GAESC","article_modified_time":"2026-03-04T18:55:29+00:00","og_image":[{"width":1300,"height":867,"url":"https:\/\/divulga.unila.edu.br\/gaesc\/wp-content\/uploads\/sites\/64\/2026\/02\/fotografo-formatura-em-estudio-florianopolis.webp","type":"image\/webp"}],"twitter_card":"summary_large_image","twitter_misc":{"Est. tempo de leitura":"1 minuto"},"schema":{"@context":"https:\/\/schema.org","@graph":[{"@type":"WebPage","@id":"https:\/\/divulga.unila.edu.br\/gaesc\/mapa-de-egressos\/","url":"https:\/\/divulga.unila.edu.br\/gaesc\/mapa-de-egressos\/","name":"Sobre N\u00f3s - GAESC","isPartOf":{"@id":"https:\/\/divulga.unila.edu.br\/gaesc\/#website"},"primaryImageOfPage":{"@id":"https:\/\/divulga.unila.edu.br\/gaesc\/mapa-de-egressos\/#primaryimage"},"image":{"@id":"https:\/\/divulga.unila.edu.br\/gaesc\/mapa-de-egressos\/#primaryimage"},"thumbnailUrl":"https:\/\/divulga.unila.edu.br\/gaesc\/wp-content\/uploads\/sites\/64\/2026\/02\/fotografo-formatura-em-estudio-florianopolis.webp","datePublished":"2026-01-17T15:22:31+00:00","dateModified":"2026-03-04T18:55:29+00:00","breadcrumb":{"@id":"https:\/\/divulga.unila.edu.br\/gaesc\/mapa-de-egressos\/#breadcrumb"},"inLanguage":"pt-BR","potentialAction":[{"@type":"ReadAction","target":["https:\/\/divulga.unila.edu.br\/gaesc\/mapa-de-egressos\/"]}]},{"@type":"ImageObject","inLanguage":"pt-BR","@id":"https:\/\/divulga.unila.edu.br\/gaesc\/mapa-de-egressos\/#primaryimage","url":"https:\/\/divulga.unila.edu.br\/gaesc\/wp-content\/uploads\/sites\/64\/2026\/02\/fotografo-formatura-em-estudio-florianopolis.webp","contentUrl":"https:\/\/divulga.unila.edu.br\/gaesc\/wp-content\/uploads\/sites\/64\/2026\/02\/fotografo-formatura-em-estudio-florianopolis.webp","width":1300,"height":867},{"@type":"BreadcrumbList","@id":"https:\/\/divulga.unila.edu.br\/gaesc\/mapa-de-egressos\/#breadcrumb","itemListElement":[{"@type":"ListItem","position":1,"name":"In\u00edcio","item":"https:\/\/divulga.unila.edu.br\/gaesc\/"},{"@type":"ListItem","position":2,"name":"Sobre N\u00f3s"}]},{"@type":"WebSite","@id":"https:\/\/divulga.unila.edu.br\/gaesc\/#website","url":"https:\/\/divulga.unila.edu.br\/gaesc\/","name":"GAESC","description":"Informa\u00e7\u00f5es e Oportunidades sobre Egressos da Sa\u00fade Colectiva da Unila","publisher":{"@id":"https:\/\/divulga.unila.edu.br\/gaesc\/#organization"},"potentialAction":[{"@type":"SearchAction","target":{"@type":"EntryPoint","urlTemplate":"https:\/\/divulga.unila.edu.br\/gaesc\/?s={search_term_string}"},"query-input":{"@type":"PropertyValueSpecification","valueRequired":true,"valueName":"search_term_string"}}],"inLanguage":"pt-BR"},{"@type":"Organization","@id":"https:\/\/divulga.unila.edu.br\/gaesc\/#organization","name":"GAESC","url":"https:\/\/divulga.unila.edu.br\/gaesc\/","logo":{"@type":"ImageObject","inLanguage":"pt-BR","@id":"https:\/\/divulga.unila.edu.br\/gaesc\/#\/schema\/logo\/image\/","url":"https:\/\/divulga.unila.edu.br\/gaesc\/wp-content\/uploads\/sites\/64\/2026\/01\/Logo2.jpeg","contentUrl":"https:\/\/divulga.unila.edu.br\/gaesc\/wp-content\/uploads\/sites\/64\/2026\/01\/Logo2.jpeg","width":1536,"height":1024,"caption":"GAESC"},"image":{"@id":"https:\/\/divulga.unila.edu.br\/gaesc\/#\/schema\/logo\/image\/"}}]}},"uagb_featured_image_src":{"full":false,"thumbnail":false,"medium":false,"medium_large":false,"large":false,"1536x1536":false,"2048x2048":false,"htmega_size_585x295":false,"htmega_size_1170x536":false,"htmega_size_396x360":false,"tainacan-small":false,"tainacan-medium":false,"tainacan-medium-full":false,"tainacan-large-full":false},"uagb_author_info":{"display_name":"aua.lopez.2024","author_link":"https:\/\/divulga.unila.edu.br\/gaesc\/author\/aualopez2024\/"},"uagb_comment_info":0,"uagb_excerpt":"Sobre o GAESC O GAESC \u00e9 um Grupo de Acompanhamento de Egressos de Sa\u00fade P\u00fablica da Universidade Federal da Integra\u00e7\u00e3o Latino-Americana (UNILA).Nossa p\u00e1gina foi criada com o objetivo de fortalecer o v\u00ednculo entre os egressos e a universidade, promovendo informa\u00e7\u00e3o atualizada, oportunidades profissionais e espa\u00e7os de articula\u00e7\u00e3o acad\u00eamica.Atuamos como um canal de comunica\u00e7\u00e3o e apoio,&hellip;","_links":{"self":[{"href":"https:\/\/divulga.unila.edu.br\/gaesc\/wp-json\/wp\/v2\/pages\/572","targetHints":{"allow":["GET"]}}],"collection":[{"href":"https:\/\/divulga.unila.edu.br\/gaesc\/wp-json\/wp\/v2\/pages"}],"about":[{"href":"https:\/\/divulga.unila.edu.br\/gaesc\/wp-json\/wp\/v2\/types\/page"}],"author":[{"embeddable":true,"href":"https:\/\/divulga.unila.edu.br\/gaesc\/wp-json\/wp\/v2\/users\/178"}],"replies":[{"embeddable":true,"href":"https:\/\/divulga.unila.edu.br\/gaesc\/wp-json\/wp\/v2\/comments?post=572"}],"version-history":[{"count":25,"href":"https:\/\/divulga.unila.edu.br\/gaesc\/wp-json\/wp\/v2\/pages\/572\/revisions"}],"predecessor-version":[{"id":1291,"href":"https:\/\/divulga.unila.edu.br\/gaesc\/wp-json\/wp\/v2\/pages\/572\/revisions\/1291"}],"wp:attachment":[{"href":"https:\/\/divulga.unila.edu.br\/gaesc\/wp-json\/wp\/v2\/media?parent=572"}],"curies":[{"name":"wp","href":"https:\/\/api.w.org\/{rel}","templated":true}]}}