{"id":1444,"date":"2026-04-13T16:17:20","date_gmt":"2026-04-13T19:17:20","guid":{"rendered":"https:\/\/divulga.unila.edu.br\/gaesc\/?page_id=1444"},"modified":"2026-04-15T19:01:23","modified_gmt":"2026-04-15T22:01:23","slug":"1444-2","status":"publish","type":"page","link":"https:\/\/divulga.unila.edu.br\/gaesc\/1444-2\/","title":{"rendered":"V Congresso de Sa\u00fade"},"content":{"rendered":"\n<div class=\"wp-block-group alignfull has-custom-color-2-background-color has-background has-global-padding is-layout-constrained wp-container-core-group-is-layout-d89aad35 wp-block-group-is-layout-constrained\" style=\"margin-top:0;margin-bottom:0;padding-top:var(--wp--preset--spacing--50);padding-right:var(--wp--preset--spacing--50);padding-bottom:var(--wp--preset--spacing--50);padding-left:var(--wp--preset--spacing--50)\">\n<div class=\"wp-block-columns alignwide are-vertically-aligned-center is-layout-flex wp-container-core-columns-is-layout-47c06fe3 wp-block-columns-is-layout-flex\">\n<div class=\"wp-block-column is-vertically-aligned-center is-layout-flow wp-block-column-is-layout-flow\" style=\"flex-basis:50%\">\n<h2 class=\"wp-block-heading\">Representantes da Sa\u00fade Coletiva da UNILA participam do V Congresso de Sa\u00fade Coletiva da UFPR<\/h2>\n\n\n<div class=\"wp-block-post-date\"><time datetime=\"2026-04-13T19:08:05.941Z\">13 de abril de 2026<\/time><\/div>\n\n\n<div style=\"height:0px\" aria-hidden=\"true\" class=\"wp-block-spacer\"><\/div>\n\n\n\n<p>Os(as) estudantes do curso de Sa\u00fade Coletiva da Universidade Federal da Integra\u00e7\u00e3o Latino-Americana (UNILA) marcaram presen\u00e7a no V Congresso de Sa\u00fade Coletiva da Universidade Federal do Paran\u00e1 (UFPR), realizado entre os dias 8 e 10 de abril de 2026, no Campus Rebou\u00e7as, em Curitiba.<\/p>\n\n\n\n<p>O evento, que teve como tema central \u201cSa\u00fade Coletiva e Direitos Humanos\u201d, reuniu estudantes, pesquisadores(as), profissionais e gestores da \u00e1rea, consolidando-se como um importante espa\u00e7o de debate acad\u00eamico e cient\u00edfico.<\/p>\n\n\n\n<p>Durante o congresso, foram desenvolvidas atividades como mesas-redondas, palestras e apresenta\u00e7\u00f5es de trabalhos cient\u00edficos, organizadas em diferentes eixos tem\u00e1ticos. As discuss\u00f5es abordaram a rela\u00e7\u00e3o entre sa\u00fade, democracia e garantia de direitos, com \u00eanfase no papel do Sistema \u00danico de Sa\u00fade (SUS), al\u00e9m de temas como forma\u00e7\u00e3o em Sa\u00fade Coletiva, integra\u00e7\u00e3o ensino-servi\u00e7o, gest\u00e3o e tecnologias em sa\u00fade, e as dimens\u00f5es territoriais, ambientais e sociais do processo sa\u00fade-doen\u00e7a.<\/p>\n\n\n\n<p>A participa\u00e7\u00e3o dos(as) estudantes da UNILA neste espa\u00e7o evidencia o compromisso com a forma\u00e7\u00e3o cr\u00edtica e o engajamento nas discuss\u00f5es contempor\u00e2neas do campo da Sa\u00fade Coletiva, contribuindo para o fortalecimento da integra\u00e7\u00e3o acad\u00eamica e da produ\u00e7\u00e3o de conhecimento.<\/p>\n<\/div>\n\n\n\n<div class=\"wp-block-column is-vertically-aligned-center is-layout-flow wp-block-column-is-layout-flow\" style=\"flex-basis:50%\">\n<figure class=\"wp-block-image size-full is-style-default\"><img fetchpriority=\"high\" decoding=\"async\" width=\"1600\" height=\"900\" src=\"https:\/\/divulga.unila.edu.br\/gaesc\/wp-content\/uploads\/sites\/64\/2026\/04\/WhatsApp-Image-2026-04-15-at-18.43.04.jpeg\" alt=\"\" class=\"wp-image-1533\" style=\"aspect-ratio:16\/9;object-fit:cover\" srcset=\"https:\/\/divulga.unila.edu.br\/gaesc\/wp-content\/uploads\/sites\/64\/2026\/04\/WhatsApp-Image-2026-04-15-at-18.43.04.jpeg 1600w, https:\/\/divulga.unila.edu.br\/gaesc\/wp-content\/uploads\/sites\/64\/2026\/04\/WhatsApp-Image-2026-04-15-at-18.43.04-300x169.jpeg 300w, https:\/\/divulga.unila.edu.br\/gaesc\/wp-content\/uploads\/sites\/64\/2026\/04\/WhatsApp-Image-2026-04-15-at-18.43.04-1024x576.jpeg 1024w, https:\/\/divulga.unila.edu.br\/gaesc\/wp-content\/uploads\/sites\/64\/2026\/04\/WhatsApp-Image-2026-04-15-at-18.43.04-768x432.jpeg 768w, https:\/\/divulga.unila.edu.br\/gaesc\/wp-content\/uploads\/sites\/64\/2026\/04\/WhatsApp-Image-2026-04-15-at-18.43.04-1536x864.jpeg 1536w, https:\/\/divulga.unila.edu.br\/gaesc\/wp-content\/uploads\/sites\/64\/2026\/04\/WhatsApp-Image-2026-04-15-at-18.43.04-205x115.jpeg 205w, https:\/\/divulga.unila.edu.br\/gaesc\/wp-content\/uploads\/sites\/64\/2026\/04\/WhatsApp-Image-2026-04-15-at-18.43.04-480x270.jpeg 480w\" sizes=\"(max-width: 1600px) 100vw, 1600px\" \/><\/figure>\n\n\n\n<figure class=\"wp-block-image size-full is-style-default\"><img decoding=\"async\" width=\"1600\" height=\"900\" src=\"https:\/\/divulga.unila.edu.br\/gaesc\/wp-content\/uploads\/sites\/64\/2026\/04\/WhatsApp-Image-2026-04-15-at-18.41.48.jpeg\" alt=\"\" class=\"wp-image-1529\" style=\"aspect-ratio:1;object-fit:cover\" srcset=\"https:\/\/divulga.unila.edu.br\/gaesc\/wp-content\/uploads\/sites\/64\/2026\/04\/WhatsApp-Image-2026-04-15-at-18.41.48.jpeg 1600w, https:\/\/divulga.unila.edu.br\/gaesc\/wp-content\/uploads\/sites\/64\/2026\/04\/WhatsApp-Image-2026-04-15-at-18.41.48-300x169.jpeg 300w, https:\/\/divulga.unila.edu.br\/gaesc\/wp-content\/uploads\/sites\/64\/2026\/04\/WhatsApp-Image-2026-04-15-at-18.41.48-1024x576.jpeg 1024w, https:\/\/divulga.unila.edu.br\/gaesc\/wp-content\/uploads\/sites\/64\/2026\/04\/WhatsApp-Image-2026-04-15-at-18.41.48-768x432.jpeg 768w, https:\/\/divulga.unila.edu.br\/gaesc\/wp-content\/uploads\/sites\/64\/2026\/04\/WhatsApp-Image-2026-04-15-at-18.41.48-1536x864.jpeg 1536w, https:\/\/divulga.unila.edu.br\/gaesc\/wp-content\/uploads\/sites\/64\/2026\/04\/WhatsApp-Image-2026-04-15-at-18.41.48-205x115.jpeg 205w, https:\/\/divulga.unila.edu.br\/gaesc\/wp-content\/uploads\/sites\/64\/2026\/04\/WhatsApp-Image-2026-04-15-at-18.41.48-480x270.jpeg 480w\" sizes=\"(max-width: 1600px) 100vw, 1600px\" \/><\/figure>\n\n\n\n<p class=\"has-contrast-2-color has-text-color has-link-color wp-elements-30ce2a2184d8735dd136da5e0c073cbf\">Fonte: Perfil oficial do Instagram da Sa\u00fade Coletiva(Unila)<\/p>\n<\/div>\n<\/div>\n<\/div>\n","protected":false},"excerpt":{"rendered":"<p>Representantes da Sa\u00fade Coletiva da UNILA participam do V Congresso de Sa\u00fade Coletiva da UFPR Os(as) estudantes do curso de Sa\u00fade Coletiva da Universidade Federal da Integra\u00e7\u00e3o Latino-Americana (UNILA) marcaram presen\u00e7a no V Congresso de Sa\u00fade Coletiva da Universidade Federal do Paran\u00e1 (UFPR), realizado entre os dias 8 e 10 de abril de 2026, no Campus Rebou\u00e7as, em Curitiba. O evento, que teve como tema central \u201cSa\u00fade Coletiva e Direitos Humanos\u201d, reuniu estudantes, pesquisadores(as), profissionais e gestores da \u00e1rea, consolidando-se como um importante espa\u00e7o de debate acad\u00eamico e cient\u00edfico. Durante o congresso, foram desenvolvidas atividades como mesas-redondas, palestras e apresenta\u00e7\u00f5es de trabalhos cient\u00edficos, organizadas em diferentes eixos tem\u00e1ticos. As discuss\u00f5es abordaram a rela\u00e7\u00e3o entre sa\u00fade, democracia e garantia de direitos, com \u00eanfase no papel do Sistema \u00danico de Sa\u00fade (SUS), al\u00e9m de temas como forma\u00e7\u00e3o em Sa\u00fade Coletiva, integra\u00e7\u00e3o ensino-servi\u00e7o, gest\u00e3o e tecnologias em sa\u00fade, e as dimens\u00f5es territoriais, ambientais e sociais do processo sa\u00fade-doen\u00e7a. A participa\u00e7\u00e3o dos(as) estudantes da UNILA neste espa\u00e7o evidencia o compromisso com a forma\u00e7\u00e3o cr\u00edtica e o engajamento nas discuss\u00f5es contempor\u00e2neas do campo da Sa\u00fade Coletiva, contribuindo para o fortalecimento da integra\u00e7\u00e3o acad\u00eamica e da produ\u00e7\u00e3o de conhecimento. Fonte: Perfil oficial do Instagram da Sa\u00fade Coletiva(Unila)<\/p>\n","protected":false},"author":178,"featured_media":0,"parent":0,"menu_order":0,"comment_status":"closed","ping_status":"closed","template":"page-no-title","meta":{"_uag_custom_page_level_css":"","_EventAllDay":false,"_EventTimezone":"","_EventStartDate":"","_EventEndDate":"","_EventStartDateUTC":"","_EventEndDateUTC":"","_EventShowMap":false,"_EventShowMapLink":false,"_EventURL":"","_EventCost":"","_EventCostDescription":"","_EventCurrencySymbol":"","_EventCurrencyCode":"","_EventCurrencyPosition":"","_EventDateTimeSeparator":"","_EventTimeRangeSeparator":"","_EventOrganizerID":[],"_EventVenueID":[],"_OrganizerEmail":"","_OrganizerPhone":"","_OrganizerWebsite":"","_VenueAddress":"","_VenueCity":"","_VenueCountry":"","_VenueProvince":"","_VenueState":"","_VenueZip":"","_VenuePhone":"","_VenueURL":"","_VenueStateProvince":"","_VenueLat":"","_VenueLng":"","_VenueShowMap":false,"_VenueShowMapLink":false,"_themeisle_gutenberg_block_has_review":false,"footnotes":""},"class_list":["post-1444","page","type-page","status-publish","hentry"],"yoast_head":"<!-- This site is optimized with the Yoast SEO plugin v27.6 - https:\/\/yoast.com\/product\/yoast-seo-wordpress\/ -->\n<title>V Congresso de Sa\u00fade - GAESC<\/title>\n<meta name=\"robots\" content=\"index, follow, max-snippet:-1, max-image-preview:large, max-video-preview:-1\" \/>\n<link rel=\"canonical\" href=\"https:\/\/divulga.unila.edu.br\/gaesc\/1444-2\/\" \/>\n<meta property=\"og:locale\" content=\"pt_BR\" \/>\n<meta property=\"og:type\" content=\"article\" \/>\n<meta property=\"og:title\" content=\"V Congresso de Sa\u00fade - GAESC\" \/>\n<meta property=\"og:description\" content=\"Representantes da Sa\u00fade Coletiva da UNILA participam do V Congresso de Sa\u00fade Coletiva da UFPR Os(as) estudantes do curso de Sa\u00fade Coletiva da Universidade Federal da Integra\u00e7\u00e3o Latino-Americana (UNILA) marcaram presen\u00e7a no V Congresso de Sa\u00fade Coletiva da Universidade Federal do Paran\u00e1 (UFPR), realizado entre os dias 8 e 10 de abril de 2026, no Campus Rebou\u00e7as, em Curitiba. O evento, que teve como tema central \u201cSa\u00fade Coletiva e Direitos Humanos\u201d, reuniu estudantes, pesquisadores(as), profissionais e gestores da \u00e1rea, consolidando-se como um importante espa\u00e7o de debate acad\u00eamico e cient\u00edfico. Durante o congresso, foram desenvolvidas atividades como mesas-redondas, palestras e apresenta\u00e7\u00f5es de trabalhos cient\u00edficos, organizadas em diferentes eixos tem\u00e1ticos. As discuss\u00f5es abordaram a rela\u00e7\u00e3o entre sa\u00fade, democracia e garantia de direitos, com \u00eanfase no papel do Sistema \u00danico de Sa\u00fade (SUS), al\u00e9m de temas como forma\u00e7\u00e3o em Sa\u00fade Coletiva, integra\u00e7\u00e3o ensino-servi\u00e7o, gest\u00e3o e tecnologias em sa\u00fade, e as dimens\u00f5es territoriais, ambientais e sociais do processo sa\u00fade-doen\u00e7a. A participa\u00e7\u00e3o dos(as) estudantes da UNILA neste espa\u00e7o evidencia o compromisso com a forma\u00e7\u00e3o cr\u00edtica e o engajamento nas discuss\u00f5es contempor\u00e2neas do campo da Sa\u00fade Coletiva, contribuindo para o fortalecimento da integra\u00e7\u00e3o acad\u00eamica e da produ\u00e7\u00e3o de conhecimento. Fonte: Perfil oficial do Instagram da Sa\u00fade Coletiva(Unila)\" \/>\n<meta property=\"og:url\" content=\"https:\/\/divulga.unila.edu.br\/gaesc\/1444-2\/\" \/>\n<meta property=\"og:site_name\" content=\"GAESC\" \/>\n<meta property=\"article:modified_time\" content=\"2026-04-15T22:01:23+00:00\" \/>\n<meta property=\"og:image\" content=\"https:\/\/divulga.unila.edu.br\/gaesc\/wp-content\/uploads\/sites\/64\/2026\/04\/WhatsApp-Image-2026-04-15-at-18.43.04.jpeg\" \/>\n\t<meta property=\"og:image:width\" content=\"1600\" \/>\n\t<meta property=\"og:image:height\" content=\"900\" \/>\n\t<meta property=\"og:image:type\" content=\"image\/jpeg\" \/>\n<meta name=\"twitter:card\" content=\"summary_large_image\" \/>\n<meta name=\"twitter:label1\" content=\"Est. tempo de leitura\" \/>\n\t<meta name=\"twitter:data1\" content=\"1 minuto\" \/>\n<script type=\"application\/ld+json\" class=\"yoast-schema-graph\">{\"@context\":\"https:\\\/\\\/schema.org\",\"@graph\":[{\"@type\":\"WebPage\",\"@id\":\"https:\\\/\\\/divulga.unila.edu.br\\\/gaesc\\\/1444-2\\\/\",\"url\":\"https:\\\/\\\/divulga.unila.edu.br\\\/gaesc\\\/1444-2\\\/\",\"name\":\"V Congresso de Sa\u00fade - GAESC\",\"isPartOf\":{\"@id\":\"https:\\\/\\\/divulga.unila.edu.br\\\/gaesc\\\/#website\"},\"primaryImageOfPage\":{\"@id\":\"https:\\\/\\\/divulga.unila.edu.br\\\/gaesc\\\/1444-2\\\/#primaryimage\"},\"image\":{\"@id\":\"https:\\\/\\\/divulga.unila.edu.br\\\/gaesc\\\/1444-2\\\/#primaryimage\"},\"thumbnailUrl\":\"https:\\\/\\\/divulga.unila.edu.br\\\/gaesc\\\/wp-content\\\/uploads\\\/sites\\\/64\\\/2026\\\/04\\\/WhatsApp-Image-2026-04-15-at-18.43.04.jpeg\",\"datePublished\":\"2026-04-13T19:17:20+00:00\",\"dateModified\":\"2026-04-15T22:01:23+00:00\",\"breadcrumb\":{\"@id\":\"https:\\\/\\\/divulga.unila.edu.br\\\/gaesc\\\/1444-2\\\/#breadcrumb\"},\"inLanguage\":\"pt-BR\",\"potentialAction\":[{\"@type\":\"ReadAction\",\"target\":[\"https:\\\/\\\/divulga.unila.edu.br\\\/gaesc\\\/1444-2\\\/\"]}]},{\"@type\":\"ImageObject\",\"inLanguage\":\"pt-BR\",\"@id\":\"https:\\\/\\\/divulga.unila.edu.br\\\/gaesc\\\/1444-2\\\/#primaryimage\",\"url\":\"https:\\\/\\\/divulga.unila.edu.br\\\/gaesc\\\/wp-content\\\/uploads\\\/sites\\\/64\\\/2026\\\/04\\\/WhatsApp-Image-2026-04-15-at-18.43.04.jpeg\",\"contentUrl\":\"https:\\\/\\\/divulga.unila.edu.br\\\/gaesc\\\/wp-content\\\/uploads\\\/sites\\\/64\\\/2026\\\/04\\\/WhatsApp-Image-2026-04-15-at-18.43.04.jpeg\",\"width\":1600,\"height\":900},{\"@type\":\"BreadcrumbList\",\"@id\":\"https:\\\/\\\/divulga.unila.edu.br\\\/gaesc\\\/1444-2\\\/#breadcrumb\",\"itemListElement\":[{\"@type\":\"ListItem\",\"position\":1,\"name\":\"In\u00edcio\",\"item\":\"https:\\\/\\\/divulga.unila.edu.br\\\/gaesc\\\/\"},{\"@type\":\"ListItem\",\"position\":2,\"name\":\"V Congresso de Sa\u00fade\"}]},{\"@type\":\"WebSite\",\"@id\":\"https:\\\/\\\/divulga.unila.edu.br\\\/gaesc\\\/#website\",\"url\":\"https:\\\/\\\/divulga.unila.edu.br\\\/gaesc\\\/\",\"name\":\"GAESC\",\"description\":\"Informa\u00e7\u00f5es e Oportunidades sobre Egressos da Sa\u00fade Colectiva da Unila\",\"publisher\":{\"@id\":\"https:\\\/\\\/divulga.unila.edu.br\\\/gaesc\\\/#organization\"},\"potentialAction\":[{\"@type\":\"SearchAction\",\"target\":{\"@type\":\"EntryPoint\",\"urlTemplate\":\"https:\\\/\\\/divulga.unila.edu.br\\\/gaesc\\\/?s={search_term_string}\"},\"query-input\":{\"@type\":\"PropertyValueSpecification\",\"valueRequired\":true,\"valueName\":\"search_term_string\"}}],\"inLanguage\":\"pt-BR\"},{\"@type\":\"Organization\",\"@id\":\"https:\\\/\\\/divulga.unila.edu.br\\\/gaesc\\\/#organization\",\"name\":\"GAESC\",\"url\":\"https:\\\/\\\/divulga.unila.edu.br\\\/gaesc\\\/\",\"logo\":{\"@type\":\"ImageObject\",\"inLanguage\":\"pt-BR\",\"@id\":\"https:\\\/\\\/divulga.unila.edu.br\\\/gaesc\\\/#\\\/schema\\\/logo\\\/image\\\/\",\"url\":\"https:\\\/\\\/divulga.unila.edu.br\\\/gaesc\\\/wp-content\\\/uploads\\\/sites\\\/64\\\/2026\\\/01\\\/Logo2.jpeg\",\"contentUrl\":\"https:\\\/\\\/divulga.unila.edu.br\\\/gaesc\\\/wp-content\\\/uploads\\\/sites\\\/64\\\/2026\\\/01\\\/Logo2.jpeg\",\"width\":1536,\"height\":1024,\"caption\":\"GAESC\"},\"image\":{\"@id\":\"https:\\\/\\\/divulga.unila.edu.br\\\/gaesc\\\/#\\\/schema\\\/logo\\\/image\\\/\"}}]}<\/script>\n<!-- \/ Yoast SEO plugin. -->","yoast_head_json":{"title":"V Congresso de Sa\u00fade - GAESC","robots":{"index":"index","follow":"follow","max-snippet":"max-snippet:-1","max-image-preview":"max-image-preview:large","max-video-preview":"max-video-preview:-1"},"canonical":"https:\/\/divulga.unila.edu.br\/gaesc\/1444-2\/","og_locale":"pt_BR","og_type":"article","og_title":"V Congresso de Sa\u00fade - GAESC","og_description":"Representantes da Sa\u00fade Coletiva da UNILA participam do V Congresso de Sa\u00fade Coletiva da UFPR Os(as) estudantes do curso de Sa\u00fade Coletiva da Universidade Federal da Integra\u00e7\u00e3o Latino-Americana (UNILA) marcaram presen\u00e7a no V Congresso de Sa\u00fade Coletiva da Universidade Federal do Paran\u00e1 (UFPR), realizado entre os dias 8 e 10 de abril de 2026, no Campus Rebou\u00e7as, em Curitiba. O evento, que teve como tema central \u201cSa\u00fade Coletiva e Direitos Humanos\u201d, reuniu estudantes, pesquisadores(as), profissionais e gestores da \u00e1rea, consolidando-se como um importante espa\u00e7o de debate acad\u00eamico e cient\u00edfico. Durante o congresso, foram desenvolvidas atividades como mesas-redondas, palestras e apresenta\u00e7\u00f5es de trabalhos cient\u00edficos, organizadas em diferentes eixos tem\u00e1ticos. As discuss\u00f5es abordaram a rela\u00e7\u00e3o entre sa\u00fade, democracia e garantia de direitos, com \u00eanfase no papel do Sistema \u00danico de Sa\u00fade (SUS), al\u00e9m de temas como forma\u00e7\u00e3o em Sa\u00fade Coletiva, integra\u00e7\u00e3o ensino-servi\u00e7o, gest\u00e3o e tecnologias em sa\u00fade, e as dimens\u00f5es territoriais, ambientais e sociais do processo sa\u00fade-doen\u00e7a. A participa\u00e7\u00e3o dos(as) estudantes da UNILA neste espa\u00e7o evidencia o compromisso com a forma\u00e7\u00e3o cr\u00edtica e o engajamento nas discuss\u00f5es contempor\u00e2neas do campo da Sa\u00fade Coletiva, contribuindo para o fortalecimento da integra\u00e7\u00e3o acad\u00eamica e da produ\u00e7\u00e3o de conhecimento. Fonte: Perfil oficial do Instagram da Sa\u00fade Coletiva(Unila)","og_url":"https:\/\/divulga.unila.edu.br\/gaesc\/1444-2\/","og_site_name":"GAESC","article_modified_time":"2026-04-15T22:01:23+00:00","og_image":[{"width":1600,"height":900,"url":"https:\/\/divulga.unila.edu.br\/gaesc\/wp-content\/uploads\/sites\/64\/2026\/04\/WhatsApp-Image-2026-04-15-at-18.43.04.jpeg","type":"image\/jpeg"}],"twitter_card":"summary_large_image","twitter_misc":{"Est. tempo de leitura":"1 minuto"},"schema":{"@context":"https:\/\/schema.org","@graph":[{"@type":"WebPage","@id":"https:\/\/divulga.unila.edu.br\/gaesc\/1444-2\/","url":"https:\/\/divulga.unila.edu.br\/gaesc\/1444-2\/","name":"V Congresso de Sa\u00fade - GAESC","isPartOf":{"@id":"https:\/\/divulga.unila.edu.br\/gaesc\/#website"},"primaryImageOfPage":{"@id":"https:\/\/divulga.unila.edu.br\/gaesc\/1444-2\/#primaryimage"},"image":{"@id":"https:\/\/divulga.unila.edu.br\/gaesc\/1444-2\/#primaryimage"},"thumbnailUrl":"https:\/\/divulga.unila.edu.br\/gaesc\/wp-content\/uploads\/sites\/64\/2026\/04\/WhatsApp-Image-2026-04-15-at-18.43.04.jpeg","datePublished":"2026-04-13T19:17:20+00:00","dateModified":"2026-04-15T22:01:23+00:00","breadcrumb":{"@id":"https:\/\/divulga.unila.edu.br\/gaesc\/1444-2\/#breadcrumb"},"inLanguage":"pt-BR","potentialAction":[{"@type":"ReadAction","target":["https:\/\/divulga.unila.edu.br\/gaesc\/1444-2\/"]}]},{"@type":"ImageObject","inLanguage":"pt-BR","@id":"https:\/\/divulga.unila.edu.br\/gaesc\/1444-2\/#primaryimage","url":"https:\/\/divulga.unila.edu.br\/gaesc\/wp-content\/uploads\/sites\/64\/2026\/04\/WhatsApp-Image-2026-04-15-at-18.43.04.jpeg","contentUrl":"https:\/\/divulga.unila.edu.br\/gaesc\/wp-content\/uploads\/sites\/64\/2026\/04\/WhatsApp-Image-2026-04-15-at-18.43.04.jpeg","width":1600,"height":900},{"@type":"BreadcrumbList","@id":"https:\/\/divulga.unila.edu.br\/gaesc\/1444-2\/#breadcrumb","itemListElement":[{"@type":"ListItem","position":1,"name":"In\u00edcio","item":"https:\/\/divulga.unila.edu.br\/gaesc\/"},{"@type":"ListItem","position":2,"name":"V Congresso de Sa\u00fade"}]},{"@type":"WebSite","@id":"https:\/\/divulga.unila.edu.br\/gaesc\/#website","url":"https:\/\/divulga.unila.edu.br\/gaesc\/","name":"GAESC","description":"Informa\u00e7\u00f5es e Oportunidades sobre Egressos da Sa\u00fade Colectiva da Unila","publisher":{"@id":"https:\/\/divulga.unila.edu.br\/gaesc\/#organization"},"potentialAction":[{"@type":"SearchAction","target":{"@type":"EntryPoint","urlTemplate":"https:\/\/divulga.unila.edu.br\/gaesc\/?s={search_term_string}"},"query-input":{"@type":"PropertyValueSpecification","valueRequired":true,"valueName":"search_term_string"}}],"inLanguage":"pt-BR"},{"@type":"Organization","@id":"https:\/\/divulga.unila.edu.br\/gaesc\/#organization","name":"GAESC","url":"https:\/\/divulga.unila.edu.br\/gaesc\/","logo":{"@type":"ImageObject","inLanguage":"pt-BR","@id":"https:\/\/divulga.unila.edu.br\/gaesc\/#\/schema\/logo\/image\/","url":"https:\/\/divulga.unila.edu.br\/gaesc\/wp-content\/uploads\/sites\/64\/2026\/01\/Logo2.jpeg","contentUrl":"https:\/\/divulga.unila.edu.br\/gaesc\/wp-content\/uploads\/sites\/64\/2026\/01\/Logo2.jpeg","width":1536,"height":1024,"caption":"GAESC"},"image":{"@id":"https:\/\/divulga.unila.edu.br\/gaesc\/#\/schema\/logo\/image\/"}}]}},"uagb_featured_image_src":{"full":false,"thumbnail":false,"medium":false,"medium_large":false,"large":false,"1536x1536":false,"2048x2048":false,"htmega_size_585x295":false,"htmega_size_1170x536":false,"htmega_size_396x360":false,"tainacan-small":false,"tainacan-medium":false,"tainacan-medium-full":false,"tainacan-large-full":false},"uagb_author_info":{"display_name":"aua.lopez.2024","author_link":"https:\/\/divulga.unila.edu.br\/gaesc\/author\/aualopez2024\/"},"uagb_comment_info":0,"uagb_excerpt":"Representantes da Sa\u00fade Coletiva da UNILA participam do V Congresso de Sa\u00fade Coletiva da UFPR Os(as) estudantes do curso de Sa\u00fade Coletiva da Universidade Federal da Integra\u00e7\u00e3o Latino-Americana (UNILA) marcaram presen\u00e7a no V Congresso de Sa\u00fade Coletiva da Universidade Federal do Paran\u00e1 (UFPR), realizado entre os dias 8 e 10 de abril de 2026, no&hellip;","_links":{"self":[{"href":"https:\/\/divulga.unila.edu.br\/gaesc\/wp-json\/wp\/v2\/pages\/1444","targetHints":{"allow":["GET"]}}],"collection":[{"href":"https:\/\/divulga.unila.edu.br\/gaesc\/wp-json\/wp\/v2\/pages"}],"about":[{"href":"https:\/\/divulga.unila.edu.br\/gaesc\/wp-json\/wp\/v2\/types\/page"}],"author":[{"embeddable":true,"href":"https:\/\/divulga.unila.edu.br\/gaesc\/wp-json\/wp\/v2\/users\/178"}],"replies":[{"embeddable":true,"href":"https:\/\/divulga.unila.edu.br\/gaesc\/wp-json\/wp\/v2\/comments?post=1444"}],"version-history":[{"count":4,"href":"https:\/\/divulga.unila.edu.br\/gaesc\/wp-json\/wp\/v2\/pages\/1444\/revisions"}],"predecessor-version":[{"id":1536,"href":"https:\/\/divulga.unila.edu.br\/gaesc\/wp-json\/wp\/v2\/pages\/1444\/revisions\/1536"}],"wp:attachment":[{"href":"https:\/\/divulga.unila.edu.br\/gaesc\/wp-json\/wp\/v2\/media?parent=1444"}],"curies":[{"name":"wp","href":"https:\/\/api.w.org\/{rel}","templated":true}]}}