{"id":1383,"date":"2026-04-09T19:14:00","date_gmt":"2026-04-09T22:14:00","guid":{"rendered":"https:\/\/divulga.unila.edu.br\/gaesc\/?page_id=1383"},"modified":"2026-04-09T19:14:01","modified_gmt":"2026-04-09T22:14:01","slug":"assembleia-ordinaria","status":"publish","type":"page","link":"https:\/\/divulga.unila.edu.br\/gaesc\/assembleia-ordinaria\/","title":{"rendered":"Assembleia Ordinaria"},"content":{"rendered":"\n<div class=\"wp-block-group alignfull has-custom-color-2-background-color has-background has-global-padding is-layout-constrained wp-container-core-group-is-layout-d89aad35 wp-block-group-is-layout-constrained\" style=\"margin-top:0;margin-bottom:0;padding-top:var(--wp--preset--spacing--50);padding-right:var(--wp--preset--spacing--50);padding-bottom:var(--wp--preset--spacing--50);padding-left:var(--wp--preset--spacing--50)\">\n<div class=\"wp-block-columns alignwide are-vertically-aligned-center is-layout-flex wp-container-core-columns-is-layout-47c06fe3 wp-block-columns-is-layout-flex\">\n<div class=\"wp-block-column is-vertically-aligned-center is-layout-flow wp-block-column-is-layout-flow\" style=\"flex-basis:50%\">\n<h2 class=\"wp-block-heading\">Assembleia Ordinaria<\/h2>\n\n\n<div class=\"wp-block-post-date\"><time datetime=\"2026-04-09T22:11:54.364Z\">9 de abril de 2026<\/time><\/div>\n\n\n<div style=\"height:0px\" aria-hidden=\"true\" class=\"wp-block-spacer\"><\/div>\n\n\n\n<p>Ol\u00e1, caros colegas,<\/p>\n\n\n\n<p>Informamos que est\u00e1 aberta a convoca\u00e7\u00e3o para candidatos interessados em ocupar uma cadeira de suplente no colegiado. Esta \u00e9 uma excelente oportunidade para aqueles que desejam representar o corpo discente, participar ativamente dos processos decis\u00f3rios e contribuir para o fortalecimento do nosso espa\u00e7o acad\u00eamico.<\/p>\n\n\n\n<p>A representa\u00e7\u00e3o estudantil desempenha um papel fundamental na constru\u00e7\u00e3o de um ambiente universit\u00e1rio mais democr\u00e1tico, inclusivo e alinhado \u00e0s necessidades dos estudantes. Por isso, incentivamos a participa\u00e7\u00e3o de todos que tenham interesse em colaborar, propor ideias e atuar de forma comprometida com a comunidade acad\u00eamica.<\/p>\n\n\n\n<p>A reuni\u00e3o ordin\u00e1ria ser\u00e1 realizada conforme os seguintes detalhes:<\/p>\n\n\n\n<ul class=\"wp-block-list\">\n<li><strong>Data:<\/strong> 13\/04\/2026<\/li>\n\n\n\n<li><strong>Hor\u00e1rio:<\/strong> 12:15 (hor\u00e1rio de Bras\u00edlia)<\/li>\n\n\n\n<li><strong>Local:<\/strong> Campus Jardim Universit\u00e1rio (Laborat\u00f3rio de Sa\u00fade Coletiva)<\/li>\n<\/ul>\n\n\n\n<p>Convidamos todos os estudantes a participarem, conhecerem mais sobre o funcionamento do colegiado e exercerem seu direito de representa\u00e7\u00e3o. Este \u00e9 um espa\u00e7o importante para dar voz \u00e0s suas ideias, discutir propostas e contribuir ativamente na constru\u00e7\u00e3o do nosso curso e da universidade.<\/p>\n\n\n\n<p>Contamos com a sua presen\u00e7a!<\/p>\n\n\n\n<p><\/p>\n\n\n\n<ul style=\"line-height:1.75\" class=\"wp-block-list is-style-checkmark-list\"><\/ul>\n<\/div>\n\n\n\n<div class=\"wp-block-column is-vertically-aligned-center is-layout-flow wp-block-column-is-layout-flow\" style=\"flex-basis:50%\">\n<figure class=\"wp-block-image size-full has-custom-border is-style-default\" style=\"margin-right:0;margin-left:0\"><img fetchpriority=\"high\" decoding=\"async\" width=\"1170\" height=\"1454\" src=\"https:\/\/divulga.unila.edu.br\/gaesc\/wp-content\/uploads\/sites\/64\/2026\/04\/WhatsApp-Image-2026-04-09-at-15.44.47-1.jpeg\" alt=\"\" class=\"wp-image-1385\" style=\"border-top-left-radius:0px;border-top-right-radius:0px;border-bottom-left-radius:0px;border-bottom-right-radius:0px\" srcset=\"https:\/\/divulga.unila.edu.br\/gaesc\/wp-content\/uploads\/sites\/64\/2026\/04\/WhatsApp-Image-2026-04-09-at-15.44.47-1.jpeg 1170w, https:\/\/divulga.unila.edu.br\/gaesc\/wp-content\/uploads\/sites\/64\/2026\/04\/WhatsApp-Image-2026-04-09-at-15.44.47-1-241x300.jpeg 241w, https:\/\/divulga.unila.edu.br\/gaesc\/wp-content\/uploads\/sites\/64\/2026\/04\/WhatsApp-Image-2026-04-09-at-15.44.47-1-824x1024.jpeg 824w, https:\/\/divulga.unila.edu.br\/gaesc\/wp-content\/uploads\/sites\/64\/2026\/04\/WhatsApp-Image-2026-04-09-at-15.44.47-1-768x954.jpeg 768w, https:\/\/divulga.unila.edu.br\/gaesc\/wp-content\/uploads\/sites\/64\/2026\/04\/WhatsApp-Image-2026-04-09-at-15.44.47-1-205x255.jpeg 205w, https:\/\/divulga.unila.edu.br\/gaesc\/wp-content\/uploads\/sites\/64\/2026\/04\/WhatsApp-Image-2026-04-09-at-15.44.47-1-480x597.jpeg 480w\" sizes=\"(max-width: 1170px) 100vw, 1170px\" \/><\/figure>\n<\/div>\n<\/div>\n<\/div>\n","protected":false},"excerpt":{"rendered":"<p>Assembleia Ordinaria Ol\u00e1, caros colegas, Informamos que est\u00e1 aberta a convoca\u00e7\u00e3o para candidatos interessados em ocupar uma cadeira de suplente no colegiado. Esta \u00e9 uma excelente oportunidade para aqueles que desejam representar o corpo discente, participar ativamente dos processos decis\u00f3rios e contribuir para o fortalecimento do nosso espa\u00e7o acad\u00eamico. A representa\u00e7\u00e3o estudantil desempenha um papel fundamental na constru\u00e7\u00e3o de um ambiente universit\u00e1rio mais democr\u00e1tico, inclusivo e alinhado \u00e0s necessidades dos estudantes. Por isso, incentivamos a participa\u00e7\u00e3o de todos que tenham interesse em colaborar, propor ideias e atuar de forma comprometida com a comunidade acad\u00eamica. A reuni\u00e3o ordin\u00e1ria ser\u00e1 realizada conforme os seguintes detalhes: Convidamos todos os estudantes a participarem, conhecerem mais sobre o funcionamento do colegiado e exercerem seu direito de representa\u00e7\u00e3o. Este \u00e9 um espa\u00e7o importante para dar voz \u00e0s suas ideias, discutir propostas e contribuir ativamente na constru\u00e7\u00e3o do nosso curso e da universidade. Contamos com a sua presen\u00e7a!<\/p>\n","protected":false},"author":178,"featured_media":0,"parent":0,"menu_order":0,"comment_status":"closed","ping_status":"closed","template":"page-no-title","meta":{"_uag_custom_page_level_css":"","_EventAllDay":false,"_EventTimezone":"","_EventStartDate":"","_EventEndDate":"","_EventStartDateUTC":"","_EventEndDateUTC":"","_EventShowMap":false,"_EventShowMapLink":false,"_EventURL":"","_EventCost":"","_EventCostDescription":"","_EventCurrencySymbol":"","_EventCurrencyCode":"","_EventCurrencyPosition":"","_EventDateTimeSeparator":"","_EventTimeRangeSeparator":"","_EventOrganizerID":[],"_EventVenueID":[],"_OrganizerEmail":"","_OrganizerPhone":"","_OrganizerWebsite":"","_VenueAddress":"","_VenueCity":"","_VenueCountry":"","_VenueProvince":"","_VenueState":"","_VenueZip":"","_VenuePhone":"","_VenueURL":"","_VenueStateProvince":"","_VenueLat":"","_VenueLng":"","_VenueShowMap":false,"_VenueShowMapLink":false,"_themeisle_gutenberg_block_has_review":false,"footnotes":""},"class_list":["post-1383","page","type-page","status-publish","hentry"],"yoast_head":"<!-- This site is optimized with the Yoast SEO plugin v27.6 - https:\/\/yoast.com\/product\/yoast-seo-wordpress\/ -->\n<title>Assembleia Ordinaria - GAESC<\/title>\n<meta name=\"robots\" content=\"index, follow, max-snippet:-1, max-image-preview:large, max-video-preview:-1\" \/>\n<link rel=\"canonical\" href=\"https:\/\/divulga.unila.edu.br\/gaesc\/assembleia-ordinaria\/\" \/>\n<meta property=\"og:locale\" content=\"pt_BR\" \/>\n<meta property=\"og:type\" content=\"article\" \/>\n<meta property=\"og:title\" content=\"Assembleia Ordinaria - GAESC\" \/>\n<meta property=\"og:description\" content=\"Assembleia Ordinaria Ol\u00e1, caros colegas, Informamos que est\u00e1 aberta a convoca\u00e7\u00e3o para candidatos interessados em ocupar uma cadeira de suplente no colegiado. Esta \u00e9 uma excelente oportunidade para aqueles que desejam representar o corpo discente, participar ativamente dos processos decis\u00f3rios e contribuir para o fortalecimento do nosso espa\u00e7o acad\u00eamico. A representa\u00e7\u00e3o estudantil desempenha um papel fundamental na constru\u00e7\u00e3o de um ambiente universit\u00e1rio mais democr\u00e1tico, inclusivo e alinhado \u00e0s necessidades dos estudantes. Por isso, incentivamos a participa\u00e7\u00e3o de todos que tenham interesse em colaborar, propor ideias e atuar de forma comprometida com a comunidade acad\u00eamica. A reuni\u00e3o ordin\u00e1ria ser\u00e1 realizada conforme os seguintes detalhes: Convidamos todos os estudantes a participarem, conhecerem mais sobre o funcionamento do colegiado e exercerem seu direito de representa\u00e7\u00e3o. Este \u00e9 um espa\u00e7o importante para dar voz \u00e0s suas ideias, discutir propostas e contribuir ativamente na constru\u00e7\u00e3o do nosso curso e da universidade. Contamos com a sua presen\u00e7a!\" \/>\n<meta property=\"og:url\" content=\"https:\/\/divulga.unila.edu.br\/gaesc\/assembleia-ordinaria\/\" \/>\n<meta property=\"og:site_name\" content=\"GAESC\" \/>\n<meta property=\"article:modified_time\" content=\"2026-04-09T22:14:01+00:00\" \/>\n<meta property=\"og:image\" content=\"https:\/\/divulga.unila.edu.br\/gaesc\/wp-content\/uploads\/sites\/64\/2026\/04\/WhatsApp-Image-2026-04-09-at-15.44.47-1.jpeg\" \/>\n\t<meta property=\"og:image:width\" content=\"1170\" \/>\n\t<meta property=\"og:image:height\" content=\"1454\" \/>\n\t<meta property=\"og:image:type\" content=\"image\/jpeg\" \/>\n<meta name=\"twitter:card\" content=\"summary_large_image\" \/>\n<meta name=\"twitter:label1\" content=\"Est. tempo de leitura\" \/>\n\t<meta name=\"twitter:data1\" content=\"1 minuto\" \/>\n<script type=\"application\/ld+json\" class=\"yoast-schema-graph\">{\"@context\":\"https:\\\/\\\/schema.org\",\"@graph\":[{\"@type\":\"WebPage\",\"@id\":\"https:\\\/\\\/divulga.unila.edu.br\\\/gaesc\\\/assembleia-ordinaria\\\/\",\"url\":\"https:\\\/\\\/divulga.unila.edu.br\\\/gaesc\\\/assembleia-ordinaria\\\/\",\"name\":\"Assembleia Ordinaria - GAESC\",\"isPartOf\":{\"@id\":\"https:\\\/\\\/divulga.unila.edu.br\\\/gaesc\\\/#website\"},\"primaryImageOfPage\":{\"@id\":\"https:\\\/\\\/divulga.unila.edu.br\\\/gaesc\\\/assembleia-ordinaria\\\/#primaryimage\"},\"image\":{\"@id\":\"https:\\\/\\\/divulga.unila.edu.br\\\/gaesc\\\/assembleia-ordinaria\\\/#primaryimage\"},\"thumbnailUrl\":\"https:\\\/\\\/divulga.unila.edu.br\\\/gaesc\\\/wp-content\\\/uploads\\\/sites\\\/64\\\/2026\\\/04\\\/WhatsApp-Image-2026-04-09-at-15.44.47-1.jpeg\",\"datePublished\":\"2026-04-09T22:14:00+00:00\",\"dateModified\":\"2026-04-09T22:14:01+00:00\",\"breadcrumb\":{\"@id\":\"https:\\\/\\\/divulga.unila.edu.br\\\/gaesc\\\/assembleia-ordinaria\\\/#breadcrumb\"},\"inLanguage\":\"pt-BR\",\"potentialAction\":[{\"@type\":\"ReadAction\",\"target\":[\"https:\\\/\\\/divulga.unila.edu.br\\\/gaesc\\\/assembleia-ordinaria\\\/\"]}]},{\"@type\":\"ImageObject\",\"inLanguage\":\"pt-BR\",\"@id\":\"https:\\\/\\\/divulga.unila.edu.br\\\/gaesc\\\/assembleia-ordinaria\\\/#primaryimage\",\"url\":\"https:\\\/\\\/divulga.unila.edu.br\\\/gaesc\\\/wp-content\\\/uploads\\\/sites\\\/64\\\/2026\\\/04\\\/WhatsApp-Image-2026-04-09-at-15.44.47-1.jpeg\",\"contentUrl\":\"https:\\\/\\\/divulga.unila.edu.br\\\/gaesc\\\/wp-content\\\/uploads\\\/sites\\\/64\\\/2026\\\/04\\\/WhatsApp-Image-2026-04-09-at-15.44.47-1.jpeg\",\"width\":1170,\"height\":1454},{\"@type\":\"BreadcrumbList\",\"@id\":\"https:\\\/\\\/divulga.unila.edu.br\\\/gaesc\\\/assembleia-ordinaria\\\/#breadcrumb\",\"itemListElement\":[{\"@type\":\"ListItem\",\"position\":1,\"name\":\"In\u00edcio\",\"item\":\"https:\\\/\\\/divulga.unila.edu.br\\\/gaesc\\\/\"},{\"@type\":\"ListItem\",\"position\":2,\"name\":\"Assembleia Ordinaria\"}]},{\"@type\":\"WebSite\",\"@id\":\"https:\\\/\\\/divulga.unila.edu.br\\\/gaesc\\\/#website\",\"url\":\"https:\\\/\\\/divulga.unila.edu.br\\\/gaesc\\\/\",\"name\":\"GAESC\",\"description\":\"Informa\u00e7\u00f5es e Oportunidades sobre Egressos da Sa\u00fade Colectiva da Unila\",\"publisher\":{\"@id\":\"https:\\\/\\\/divulga.unila.edu.br\\\/gaesc\\\/#organization\"},\"potentialAction\":[{\"@type\":\"SearchAction\",\"target\":{\"@type\":\"EntryPoint\",\"urlTemplate\":\"https:\\\/\\\/divulga.unila.edu.br\\\/gaesc\\\/?s={search_term_string}\"},\"query-input\":{\"@type\":\"PropertyValueSpecification\",\"valueRequired\":true,\"valueName\":\"search_term_string\"}}],\"inLanguage\":\"pt-BR\"},{\"@type\":\"Organization\",\"@id\":\"https:\\\/\\\/divulga.unila.edu.br\\\/gaesc\\\/#organization\",\"name\":\"GAESC\",\"url\":\"https:\\\/\\\/divulga.unila.edu.br\\\/gaesc\\\/\",\"logo\":{\"@type\":\"ImageObject\",\"inLanguage\":\"pt-BR\",\"@id\":\"https:\\\/\\\/divulga.unila.edu.br\\\/gaesc\\\/#\\\/schema\\\/logo\\\/image\\\/\",\"url\":\"https:\\\/\\\/divulga.unila.edu.br\\\/gaesc\\\/wp-content\\\/uploads\\\/sites\\\/64\\\/2026\\\/01\\\/Logo2.jpeg\",\"contentUrl\":\"https:\\\/\\\/divulga.unila.edu.br\\\/gaesc\\\/wp-content\\\/uploads\\\/sites\\\/64\\\/2026\\\/01\\\/Logo2.jpeg\",\"width\":1536,\"height\":1024,\"caption\":\"GAESC\"},\"image\":{\"@id\":\"https:\\\/\\\/divulga.unila.edu.br\\\/gaesc\\\/#\\\/schema\\\/logo\\\/image\\\/\"}}]}<\/script>\n<!-- \/ Yoast SEO plugin. -->","yoast_head_json":{"title":"Assembleia Ordinaria - GAESC","robots":{"index":"index","follow":"follow","max-snippet":"max-snippet:-1","max-image-preview":"max-image-preview:large","max-video-preview":"max-video-preview:-1"},"canonical":"https:\/\/divulga.unila.edu.br\/gaesc\/assembleia-ordinaria\/","og_locale":"pt_BR","og_type":"article","og_title":"Assembleia Ordinaria - GAESC","og_description":"Assembleia Ordinaria Ol\u00e1, caros colegas, Informamos que est\u00e1 aberta a convoca\u00e7\u00e3o para candidatos interessados em ocupar uma cadeira de suplente no colegiado. Esta \u00e9 uma excelente oportunidade para aqueles que desejam representar o corpo discente, participar ativamente dos processos decis\u00f3rios e contribuir para o fortalecimento do nosso espa\u00e7o acad\u00eamico. A representa\u00e7\u00e3o estudantil desempenha um papel fundamental na constru\u00e7\u00e3o de um ambiente universit\u00e1rio mais democr\u00e1tico, inclusivo e alinhado \u00e0s necessidades dos estudantes. Por isso, incentivamos a participa\u00e7\u00e3o de todos que tenham interesse em colaborar, propor ideias e atuar de forma comprometida com a comunidade acad\u00eamica. A reuni\u00e3o ordin\u00e1ria ser\u00e1 realizada conforme os seguintes detalhes: Convidamos todos os estudantes a participarem, conhecerem mais sobre o funcionamento do colegiado e exercerem seu direito de representa\u00e7\u00e3o. Este \u00e9 um espa\u00e7o importante para dar voz \u00e0s suas ideias, discutir propostas e contribuir ativamente na constru\u00e7\u00e3o do nosso curso e da universidade. Contamos com a sua presen\u00e7a!","og_url":"https:\/\/divulga.unila.edu.br\/gaesc\/assembleia-ordinaria\/","og_site_name":"GAESC","article_modified_time":"2026-04-09T22:14:01+00:00","og_image":[{"width":1170,"height":1454,"url":"https:\/\/divulga.unila.edu.br\/gaesc\/wp-content\/uploads\/sites\/64\/2026\/04\/WhatsApp-Image-2026-04-09-at-15.44.47-1.jpeg","type":"image\/jpeg"}],"twitter_card":"summary_large_image","twitter_misc":{"Est. tempo de leitura":"1 minuto"},"schema":{"@context":"https:\/\/schema.org","@graph":[{"@type":"WebPage","@id":"https:\/\/divulga.unila.edu.br\/gaesc\/assembleia-ordinaria\/","url":"https:\/\/divulga.unila.edu.br\/gaesc\/assembleia-ordinaria\/","name":"Assembleia Ordinaria - GAESC","isPartOf":{"@id":"https:\/\/divulga.unila.edu.br\/gaesc\/#website"},"primaryImageOfPage":{"@id":"https:\/\/divulga.unila.edu.br\/gaesc\/assembleia-ordinaria\/#primaryimage"},"image":{"@id":"https:\/\/divulga.unila.edu.br\/gaesc\/assembleia-ordinaria\/#primaryimage"},"thumbnailUrl":"https:\/\/divulga.unila.edu.br\/gaesc\/wp-content\/uploads\/sites\/64\/2026\/04\/WhatsApp-Image-2026-04-09-at-15.44.47-1.jpeg","datePublished":"2026-04-09T22:14:00+00:00","dateModified":"2026-04-09T22:14:01+00:00","breadcrumb":{"@id":"https:\/\/divulga.unila.edu.br\/gaesc\/assembleia-ordinaria\/#breadcrumb"},"inLanguage":"pt-BR","potentialAction":[{"@type":"ReadAction","target":["https:\/\/divulga.unila.edu.br\/gaesc\/assembleia-ordinaria\/"]}]},{"@type":"ImageObject","inLanguage":"pt-BR","@id":"https:\/\/divulga.unila.edu.br\/gaesc\/assembleia-ordinaria\/#primaryimage","url":"https:\/\/divulga.unila.edu.br\/gaesc\/wp-content\/uploads\/sites\/64\/2026\/04\/WhatsApp-Image-2026-04-09-at-15.44.47-1.jpeg","contentUrl":"https:\/\/divulga.unila.edu.br\/gaesc\/wp-content\/uploads\/sites\/64\/2026\/04\/WhatsApp-Image-2026-04-09-at-15.44.47-1.jpeg","width":1170,"height":1454},{"@type":"BreadcrumbList","@id":"https:\/\/divulga.unila.edu.br\/gaesc\/assembleia-ordinaria\/#breadcrumb","itemListElement":[{"@type":"ListItem","position":1,"name":"In\u00edcio","item":"https:\/\/divulga.unila.edu.br\/gaesc\/"},{"@type":"ListItem","position":2,"name":"Assembleia Ordinaria"}]},{"@type":"WebSite","@id":"https:\/\/divulga.unila.edu.br\/gaesc\/#website","url":"https:\/\/divulga.unila.edu.br\/gaesc\/","name":"GAESC","description":"Informa\u00e7\u00f5es e Oportunidades sobre Egressos da Sa\u00fade Colectiva da Unila","publisher":{"@id":"https:\/\/divulga.unila.edu.br\/gaesc\/#organization"},"potentialAction":[{"@type":"SearchAction","target":{"@type":"EntryPoint","urlTemplate":"https:\/\/divulga.unila.edu.br\/gaesc\/?s={search_term_string}"},"query-input":{"@type":"PropertyValueSpecification","valueRequired":true,"valueName":"search_term_string"}}],"inLanguage":"pt-BR"},{"@type":"Organization","@id":"https:\/\/divulga.unila.edu.br\/gaesc\/#organization","name":"GAESC","url":"https:\/\/divulga.unila.edu.br\/gaesc\/","logo":{"@type":"ImageObject","inLanguage":"pt-BR","@id":"https:\/\/divulga.unila.edu.br\/gaesc\/#\/schema\/logo\/image\/","url":"https:\/\/divulga.unila.edu.br\/gaesc\/wp-content\/uploads\/sites\/64\/2026\/01\/Logo2.jpeg","contentUrl":"https:\/\/divulga.unila.edu.br\/gaesc\/wp-content\/uploads\/sites\/64\/2026\/01\/Logo2.jpeg","width":1536,"height":1024,"caption":"GAESC"},"image":{"@id":"https:\/\/divulga.unila.edu.br\/gaesc\/#\/schema\/logo\/image\/"}}]}},"uagb_featured_image_src":{"full":false,"thumbnail":false,"medium":false,"medium_large":false,"large":false,"1536x1536":false,"2048x2048":false,"htmega_size_585x295":false,"htmega_size_1170x536":false,"htmega_size_396x360":false,"tainacan-small":false,"tainacan-medium":false,"tainacan-medium-full":false,"tainacan-large-full":false},"uagb_author_info":{"display_name":"aua.lopez.2024","author_link":"https:\/\/divulga.unila.edu.br\/gaesc\/author\/aualopez2024\/"},"uagb_comment_info":0,"uagb_excerpt":"Assembleia Ordinaria Ol\u00e1, caros colegas, Informamos que est\u00e1 aberta a convoca\u00e7\u00e3o para candidatos interessados em ocupar uma cadeira de suplente no colegiado. Esta \u00e9 uma excelente oportunidade para aqueles que desejam representar o corpo discente, participar ativamente dos processos decis\u00f3rios e contribuir para o fortalecimento do nosso espa\u00e7o acad\u00eamico. A representa\u00e7\u00e3o estudantil desempenha um papel&hellip;","_links":{"self":[{"href":"https:\/\/divulga.unila.edu.br\/gaesc\/wp-json\/wp\/v2\/pages\/1383","targetHints":{"allow":["GET"]}}],"collection":[{"href":"https:\/\/divulga.unila.edu.br\/gaesc\/wp-json\/wp\/v2\/pages"}],"about":[{"href":"https:\/\/divulga.unila.edu.br\/gaesc\/wp-json\/wp\/v2\/types\/page"}],"author":[{"embeddable":true,"href":"https:\/\/divulga.unila.edu.br\/gaesc\/wp-json\/wp\/v2\/users\/178"}],"replies":[{"embeddable":true,"href":"https:\/\/divulga.unila.edu.br\/gaesc\/wp-json\/wp\/v2\/comments?post=1383"}],"version-history":[{"count":1,"href":"https:\/\/divulga.unila.edu.br\/gaesc\/wp-json\/wp\/v2\/pages\/1383\/revisions"}],"predecessor-version":[{"id":1390,"href":"https:\/\/divulga.unila.edu.br\/gaesc\/wp-json\/wp\/v2\/pages\/1383\/revisions\/1390"}],"wp:attachment":[{"href":"https:\/\/divulga.unila.edu.br\/gaesc\/wp-json\/wp\/v2\/media?parent=1383"}],"curies":[{"name":"wp","href":"https:\/\/api.w.org\/{rel}","templated":true}]}}