{"id":1328,"date":"2026-04-09T15:13:03","date_gmt":"2026-04-09T18:13:03","guid":{"rendered":"https:\/\/divulga.unila.edu.br\/gaesc\/?page_id=1328"},"modified":"2026-04-09T15:38:13","modified_gmt":"2026-04-09T18:38:13","slug":"extensao-universitaria","status":"publish","type":"page","link":"https:\/\/divulga.unila.edu.br\/gaesc\/extensao-universitaria\/","title":{"rendered":"Extens\u00e3o universit\u00e1ria"},"content":{"rendered":"\n<div class=\"wp-block-group alignfull has-custom-color-2-background-color has-background is-layout-flow wp-container-core-group-is-layout-4c45872b wp-block-group-is-layout-flow\" style=\"border-top-left-radius:0px;border-top-right-radius:0px;border-bottom-left-radius:0px;border-bottom-right-radius:0px;min-height:0px;margin-top:0;margin-bottom:0;padding-top:var(--wp--preset--spacing--50);padding-right:var(--wp--preset--spacing--40);padding-bottom:var(--wp--preset--spacing--50);padding-left:var(--wp--preset--spacing--40)\">\n<div class=\"wp-block-columns alignwide are-vertically-aligned-center is-layout-flex wp-container-core-columns-is-layout-47c06fe3 wp-block-columns-is-layout-flex\">\n<div class=\"wp-block-column is-vertically-aligned-center is-layout-flow wp-block-column-is-layout-flow\" style=\"flex-basis:50%\">\n<h2 class=\"wp-block-heading\">Extens\u00e3o universit\u00e1ria<\/h2>\n\n\n\n<div style=\"height:1px\" aria-hidden=\"true\" class=\"wp-block-spacer\"><\/div>\n\n\n<div class=\"wp-block-post-date\"><time datetime=\"2026-04-09T15:23:57\">9 de abril de 2026<\/time><\/div>\n\n\n<p>No dia 28 de mar\u00e7o, estudantes dos cursos de Sa\u00fade Coletiva e Medicina da UNILA participaram da Feira Cultura e Sa\u00fade, que ocorreu na Escola Municipal Monteiro Lobato. Na oportunidade, os acad\u00eamicos desenvolveram atividades educativas com a comunidade acerca de temas como infec\u00e7\u00f5es sexualmente transmiss\u00edveis (ISTs) e dignidade menstrual, al\u00e9m da import\u00e2ncia da preven\u00e7\u00e3o e do diagn\u00f3stico precoce do c\u00e2ncer do colo do \u00fatero.<\/p>\n\n\n\n<p>A a\u00e7\u00e3o contou, tamb\u00e9m, com a participa\u00e7\u00e3o de docentes da Universidade e foi realizada por meio dos projetos de extens\u00e3o \u201cPromo\u00e7\u00e3o de sa\u00fade nas escolas\u201d, \u201cSa\u00fade sexual nas escolas\u201d, \u201cSa\u00fade coletiva em movimento\u201d, \u201cEscuta mulher, teu corpo fala: autoconhecimento menstrual e reprodutivo\u201d e \u201cEternizar-te\u201d.<\/p>\n\n\n\n<p>Essa iniciativa refor\u00e7a o compromisso da UNILA com a promo\u00e7\u00e3o da sa\u00fade e a integra\u00e7\u00e3o entre ensino, pesquisa e extens\u00e3o, contribuindo para a forma\u00e7\u00e3o acad\u00eamica e o impacto social no territ\u00f3rio.<\/p>\n\n\n\n<p class=\"has-contrast-2-color has-text-color has-link-color wp-elements-102bcb428081b52f4a255dfc52ab408a\">Elabora\u00e7\u00e3o: Universidade Federal da Integra\u00e7\u00e3o Latino-Americana (UNILA)<\/p>\n<\/div>\n\n\n\n<div class=\"wp-block-column is-vertically-aligned-center is-layout-flow wp-block-column-is-layout-flow\" style=\"flex-basis:50%\">\n<figure class=\"wp-block-image size-full is-style-default\"><img fetchpriority=\"high\" decoding=\"async\" width=\"784\" height=\"485\" src=\"https:\/\/divulga.unila.edu.br\/gaesc\/wp-content\/uploads\/sites\/64\/2026\/04\/WhatsApp-Image-2026-04-09-at-12.59.23-1.jpeg\" alt=\"\" class=\"wp-image-1331\" style=\"aspect-ratio:4\/3;object-fit:cover\" srcset=\"https:\/\/divulga.unila.edu.br\/gaesc\/wp-content\/uploads\/sites\/64\/2026\/04\/WhatsApp-Image-2026-04-09-at-12.59.23-1.jpeg 784w, https:\/\/divulga.unila.edu.br\/gaesc\/wp-content\/uploads\/sites\/64\/2026\/04\/WhatsApp-Image-2026-04-09-at-12.59.23-1-300x186.jpeg 300w, https:\/\/divulga.unila.edu.br\/gaesc\/wp-content\/uploads\/sites\/64\/2026\/04\/WhatsApp-Image-2026-04-09-at-12.59.23-1-768x475.jpeg 768w, https:\/\/divulga.unila.edu.br\/gaesc\/wp-content\/uploads\/sites\/64\/2026\/04\/WhatsApp-Image-2026-04-09-at-12.59.23-1-205x127.jpeg 205w, https:\/\/divulga.unila.edu.br\/gaesc\/wp-content\/uploads\/sites\/64\/2026\/04\/WhatsApp-Image-2026-04-09-at-12.59.23-1-480x297.jpeg 480w\" sizes=\"(max-width: 784px) 100vw, 784px\" \/><\/figure>\n\n\n\n<p class=\"has-contrast-2-color has-text-color has-link-color wp-elements-890abad3c31a2262fd556e2d3c5a72c0\">Fonte: Acervo institucional da UNILA<\/p>\n<\/div>\n<\/div>\n<\/div>\n","protected":false},"excerpt":{"rendered":"<p>Extens\u00e3o universit\u00e1ria No dia 28 de mar\u00e7o, estudantes dos cursos de Sa\u00fade Coletiva e Medicina da UNILA participaram da Feira Cultura e Sa\u00fade, que ocorreu na Escola Municipal Monteiro Lobato. Na oportunidade, os acad\u00eamicos desenvolveram atividades educativas com a comunidade acerca de temas como infec\u00e7\u00f5es sexualmente transmiss\u00edveis (ISTs) e dignidade menstrual, al\u00e9m da import\u00e2ncia da preven\u00e7\u00e3o e do diagn\u00f3stico precoce do c\u00e2ncer do colo do \u00fatero. A a\u00e7\u00e3o contou, tamb\u00e9m, com a participa\u00e7\u00e3o de docentes da Universidade e foi realizada por meio dos projetos de extens\u00e3o \u201cPromo\u00e7\u00e3o de sa\u00fade nas escolas\u201d, \u201cSa\u00fade sexual nas escolas\u201d, \u201cSa\u00fade coletiva em movimento\u201d, \u201cEscuta mulher, teu corpo fala: autoconhecimento menstrual e reprodutivo\u201d e \u201cEternizar-te\u201d. Essa iniciativa refor\u00e7a o compromisso da UNILA com a promo\u00e7\u00e3o da sa\u00fade e a integra\u00e7\u00e3o entre ensino, pesquisa e extens\u00e3o, contribuindo para a forma\u00e7\u00e3o acad\u00eamica e o impacto social no territ\u00f3rio. Elabora\u00e7\u00e3o: Universidade Federal da Integra\u00e7\u00e3o Latino-Americana (UNILA) Fonte: Acervo institucional da UNILA<\/p>\n","protected":false},"author":178,"featured_media":0,"parent":0,"menu_order":0,"comment_status":"closed","ping_status":"closed","template":"page-no-title","meta":{"_uag_custom_page_level_css":"","_EventAllDay":false,"_EventTimezone":"","_EventStartDate":"","_EventEndDate":"","_EventStartDateUTC":"","_EventEndDateUTC":"","_EventShowMap":false,"_EventShowMapLink":false,"_EventURL":"","_EventCost":"","_EventCostDescription":"","_EventCurrencySymbol":"","_EventCurrencyCode":"","_EventCurrencyPosition":"","_EventDateTimeSeparator":"","_EventTimeRangeSeparator":"","_EventOrganizerID":[],"_EventVenueID":[],"_OrganizerEmail":"","_OrganizerPhone":"","_OrganizerWebsite":"","_VenueAddress":"","_VenueCity":"","_VenueCountry":"","_VenueProvince":"","_VenueState":"","_VenueZip":"","_VenuePhone":"","_VenueURL":"","_VenueStateProvince":"","_VenueLat":"","_VenueLng":"","_VenueShowMap":false,"_VenueShowMapLink":false,"_themeisle_gutenberg_block_has_review":false,"footnotes":""},"class_list":["post-1328","page","type-page","status-publish","hentry"],"yoast_head":"<!-- This site is optimized with the Yoast SEO plugin v27.6 - https:\/\/yoast.com\/product\/yoast-seo-wordpress\/ -->\n<title>Extens\u00e3o universit\u00e1ria - GAESC<\/title>\n<meta name=\"robots\" content=\"index, follow, max-snippet:-1, max-image-preview:large, max-video-preview:-1\" \/>\n<link rel=\"canonical\" href=\"https:\/\/divulga.unila.edu.br\/gaesc\/extensao-universitaria\/\" \/>\n<meta property=\"og:locale\" content=\"pt_BR\" \/>\n<meta property=\"og:type\" content=\"article\" \/>\n<meta property=\"og:title\" content=\"Extens\u00e3o universit\u00e1ria - GAESC\" \/>\n<meta property=\"og:description\" content=\"Extens\u00e3o universit\u00e1ria No dia 28 de mar\u00e7o, estudantes dos cursos de Sa\u00fade Coletiva e Medicina da UNILA participaram da Feira Cultura e Sa\u00fade, que ocorreu na Escola Municipal Monteiro Lobato. Na oportunidade, os acad\u00eamicos desenvolveram atividades educativas com a comunidade acerca de temas como infec\u00e7\u00f5es sexualmente transmiss\u00edveis (ISTs) e dignidade menstrual, al\u00e9m da import\u00e2ncia da preven\u00e7\u00e3o e do diagn\u00f3stico precoce do c\u00e2ncer do colo do \u00fatero. A a\u00e7\u00e3o contou, tamb\u00e9m, com a participa\u00e7\u00e3o de docentes da Universidade e foi realizada por meio dos projetos de extens\u00e3o \u201cPromo\u00e7\u00e3o de sa\u00fade nas escolas\u201d, \u201cSa\u00fade sexual nas escolas\u201d, \u201cSa\u00fade coletiva em movimento\u201d, \u201cEscuta mulher, teu corpo fala: autoconhecimento menstrual e reprodutivo\u201d e \u201cEternizar-te\u201d. Essa iniciativa refor\u00e7a o compromisso da UNILA com a promo\u00e7\u00e3o da sa\u00fade e a integra\u00e7\u00e3o entre ensino, pesquisa e extens\u00e3o, contribuindo para a forma\u00e7\u00e3o acad\u00eamica e o impacto social no territ\u00f3rio. Elabora\u00e7\u00e3o: Universidade Federal da Integra\u00e7\u00e3o Latino-Americana (UNILA) Fonte: Acervo institucional da UNILA\" \/>\n<meta property=\"og:url\" content=\"https:\/\/divulga.unila.edu.br\/gaesc\/extensao-universitaria\/\" \/>\n<meta property=\"og:site_name\" content=\"GAESC\" \/>\n<meta property=\"article:modified_time\" content=\"2026-04-09T18:38:13+00:00\" \/>\n<meta property=\"og:image\" content=\"https:\/\/divulga.unila.edu.br\/gaesc\/wp-content\/uploads\/sites\/64\/2026\/04\/WhatsApp-Image-2026-04-09-at-12.59.23-1.jpeg\" \/>\n\t<meta property=\"og:image:width\" content=\"784\" \/>\n\t<meta property=\"og:image:height\" content=\"485\" \/>\n\t<meta property=\"og:image:type\" content=\"image\/jpeg\" \/>\n<meta name=\"twitter:card\" content=\"summary_large_image\" \/>\n<meta name=\"twitter:label1\" content=\"Est. tempo de leitura\" \/>\n\t<meta name=\"twitter:data1\" content=\"1 minuto\" \/>\n<script type=\"application\/ld+json\" class=\"yoast-schema-graph\">{\"@context\":\"https:\\\/\\\/schema.org\",\"@graph\":[{\"@type\":\"WebPage\",\"@id\":\"https:\\\/\\\/divulga.unila.edu.br\\\/gaesc\\\/extensao-universitaria\\\/\",\"url\":\"https:\\\/\\\/divulga.unila.edu.br\\\/gaesc\\\/extensao-universitaria\\\/\",\"name\":\"Extens\u00e3o universit\u00e1ria - GAESC\",\"isPartOf\":{\"@id\":\"https:\\\/\\\/divulga.unila.edu.br\\\/gaesc\\\/#website\"},\"primaryImageOfPage\":{\"@id\":\"https:\\\/\\\/divulga.unila.edu.br\\\/gaesc\\\/extensao-universitaria\\\/#primaryimage\"},\"image\":{\"@id\":\"https:\\\/\\\/divulga.unila.edu.br\\\/gaesc\\\/extensao-universitaria\\\/#primaryimage\"},\"thumbnailUrl\":\"https:\\\/\\\/divulga.unila.edu.br\\\/gaesc\\\/wp-content\\\/uploads\\\/sites\\\/64\\\/2026\\\/04\\\/WhatsApp-Image-2026-04-09-at-12.59.23-1.jpeg\",\"datePublished\":\"2026-04-09T18:13:03+00:00\",\"dateModified\":\"2026-04-09T18:38:13+00:00\",\"breadcrumb\":{\"@id\":\"https:\\\/\\\/divulga.unila.edu.br\\\/gaesc\\\/extensao-universitaria\\\/#breadcrumb\"},\"inLanguage\":\"pt-BR\",\"potentialAction\":[{\"@type\":\"ReadAction\",\"target\":[\"https:\\\/\\\/divulga.unila.edu.br\\\/gaesc\\\/extensao-universitaria\\\/\"]}]},{\"@type\":\"ImageObject\",\"inLanguage\":\"pt-BR\",\"@id\":\"https:\\\/\\\/divulga.unila.edu.br\\\/gaesc\\\/extensao-universitaria\\\/#primaryimage\",\"url\":\"https:\\\/\\\/divulga.unila.edu.br\\\/gaesc\\\/wp-content\\\/uploads\\\/sites\\\/64\\\/2026\\\/04\\\/WhatsApp-Image-2026-04-09-at-12.59.23-1.jpeg\",\"contentUrl\":\"https:\\\/\\\/divulga.unila.edu.br\\\/gaesc\\\/wp-content\\\/uploads\\\/sites\\\/64\\\/2026\\\/04\\\/WhatsApp-Image-2026-04-09-at-12.59.23-1.jpeg\",\"width\":784,\"height\":485},{\"@type\":\"BreadcrumbList\",\"@id\":\"https:\\\/\\\/divulga.unila.edu.br\\\/gaesc\\\/extensao-universitaria\\\/#breadcrumb\",\"itemListElement\":[{\"@type\":\"ListItem\",\"position\":1,\"name\":\"In\u00edcio\",\"item\":\"https:\\\/\\\/divulga.unila.edu.br\\\/gaesc\\\/\"},{\"@type\":\"ListItem\",\"position\":2,\"name\":\"Extens\u00e3o universit\u00e1ria\"}]},{\"@type\":\"WebSite\",\"@id\":\"https:\\\/\\\/divulga.unila.edu.br\\\/gaesc\\\/#website\",\"url\":\"https:\\\/\\\/divulga.unila.edu.br\\\/gaesc\\\/\",\"name\":\"GAESC\",\"description\":\"Informa\u00e7\u00f5es e Oportunidades sobre Egressos da Sa\u00fade Colectiva da Unila\",\"publisher\":{\"@id\":\"https:\\\/\\\/divulga.unila.edu.br\\\/gaesc\\\/#organization\"},\"potentialAction\":[{\"@type\":\"SearchAction\",\"target\":{\"@type\":\"EntryPoint\",\"urlTemplate\":\"https:\\\/\\\/divulga.unila.edu.br\\\/gaesc\\\/?s={search_term_string}\"},\"query-input\":{\"@type\":\"PropertyValueSpecification\",\"valueRequired\":true,\"valueName\":\"search_term_string\"}}],\"inLanguage\":\"pt-BR\"},{\"@type\":\"Organization\",\"@id\":\"https:\\\/\\\/divulga.unila.edu.br\\\/gaesc\\\/#organization\",\"name\":\"GAESC\",\"url\":\"https:\\\/\\\/divulga.unila.edu.br\\\/gaesc\\\/\",\"logo\":{\"@type\":\"ImageObject\",\"inLanguage\":\"pt-BR\",\"@id\":\"https:\\\/\\\/divulga.unila.edu.br\\\/gaesc\\\/#\\\/schema\\\/logo\\\/image\\\/\",\"url\":\"https:\\\/\\\/divulga.unila.edu.br\\\/gaesc\\\/wp-content\\\/uploads\\\/sites\\\/64\\\/2026\\\/01\\\/Logo2.jpeg\",\"contentUrl\":\"https:\\\/\\\/divulga.unila.edu.br\\\/gaesc\\\/wp-content\\\/uploads\\\/sites\\\/64\\\/2026\\\/01\\\/Logo2.jpeg\",\"width\":1536,\"height\":1024,\"caption\":\"GAESC\"},\"image\":{\"@id\":\"https:\\\/\\\/divulga.unila.edu.br\\\/gaesc\\\/#\\\/schema\\\/logo\\\/image\\\/\"}}]}<\/script>\n<!-- \/ Yoast SEO plugin. -->","yoast_head_json":{"title":"Extens\u00e3o universit\u00e1ria - GAESC","robots":{"index":"index","follow":"follow","max-snippet":"max-snippet:-1","max-image-preview":"max-image-preview:large","max-video-preview":"max-video-preview:-1"},"canonical":"https:\/\/divulga.unila.edu.br\/gaesc\/extensao-universitaria\/","og_locale":"pt_BR","og_type":"article","og_title":"Extens\u00e3o universit\u00e1ria - GAESC","og_description":"Extens\u00e3o universit\u00e1ria No dia 28 de mar\u00e7o, estudantes dos cursos de Sa\u00fade Coletiva e Medicina da UNILA participaram da Feira Cultura e Sa\u00fade, que ocorreu na Escola Municipal Monteiro Lobato. Na oportunidade, os acad\u00eamicos desenvolveram atividades educativas com a comunidade acerca de temas como infec\u00e7\u00f5es sexualmente transmiss\u00edveis (ISTs) e dignidade menstrual, al\u00e9m da import\u00e2ncia da preven\u00e7\u00e3o e do diagn\u00f3stico precoce do c\u00e2ncer do colo do \u00fatero. A a\u00e7\u00e3o contou, tamb\u00e9m, com a participa\u00e7\u00e3o de docentes da Universidade e foi realizada por meio dos projetos de extens\u00e3o \u201cPromo\u00e7\u00e3o de sa\u00fade nas escolas\u201d, \u201cSa\u00fade sexual nas escolas\u201d, \u201cSa\u00fade coletiva em movimento\u201d, \u201cEscuta mulher, teu corpo fala: autoconhecimento menstrual e reprodutivo\u201d e \u201cEternizar-te\u201d. Essa iniciativa refor\u00e7a o compromisso da UNILA com a promo\u00e7\u00e3o da sa\u00fade e a integra\u00e7\u00e3o entre ensino, pesquisa e extens\u00e3o, contribuindo para a forma\u00e7\u00e3o acad\u00eamica e o impacto social no territ\u00f3rio. Elabora\u00e7\u00e3o: Universidade Federal da Integra\u00e7\u00e3o Latino-Americana (UNILA) Fonte: Acervo institucional da UNILA","og_url":"https:\/\/divulga.unila.edu.br\/gaesc\/extensao-universitaria\/","og_site_name":"GAESC","article_modified_time":"2026-04-09T18:38:13+00:00","og_image":[{"width":784,"height":485,"url":"https:\/\/divulga.unila.edu.br\/gaesc\/wp-content\/uploads\/sites\/64\/2026\/04\/WhatsApp-Image-2026-04-09-at-12.59.23-1.jpeg","type":"image\/jpeg"}],"twitter_card":"summary_large_image","twitter_misc":{"Est. tempo de leitura":"1 minuto"},"schema":{"@context":"https:\/\/schema.org","@graph":[{"@type":"WebPage","@id":"https:\/\/divulga.unila.edu.br\/gaesc\/extensao-universitaria\/","url":"https:\/\/divulga.unila.edu.br\/gaesc\/extensao-universitaria\/","name":"Extens\u00e3o universit\u00e1ria - GAESC","isPartOf":{"@id":"https:\/\/divulga.unila.edu.br\/gaesc\/#website"},"primaryImageOfPage":{"@id":"https:\/\/divulga.unila.edu.br\/gaesc\/extensao-universitaria\/#primaryimage"},"image":{"@id":"https:\/\/divulga.unila.edu.br\/gaesc\/extensao-universitaria\/#primaryimage"},"thumbnailUrl":"https:\/\/divulga.unila.edu.br\/gaesc\/wp-content\/uploads\/sites\/64\/2026\/04\/WhatsApp-Image-2026-04-09-at-12.59.23-1.jpeg","datePublished":"2026-04-09T18:13:03+00:00","dateModified":"2026-04-09T18:38:13+00:00","breadcrumb":{"@id":"https:\/\/divulga.unila.edu.br\/gaesc\/extensao-universitaria\/#breadcrumb"},"inLanguage":"pt-BR","potentialAction":[{"@type":"ReadAction","target":["https:\/\/divulga.unila.edu.br\/gaesc\/extensao-universitaria\/"]}]},{"@type":"ImageObject","inLanguage":"pt-BR","@id":"https:\/\/divulga.unila.edu.br\/gaesc\/extensao-universitaria\/#primaryimage","url":"https:\/\/divulga.unila.edu.br\/gaesc\/wp-content\/uploads\/sites\/64\/2026\/04\/WhatsApp-Image-2026-04-09-at-12.59.23-1.jpeg","contentUrl":"https:\/\/divulga.unila.edu.br\/gaesc\/wp-content\/uploads\/sites\/64\/2026\/04\/WhatsApp-Image-2026-04-09-at-12.59.23-1.jpeg","width":784,"height":485},{"@type":"BreadcrumbList","@id":"https:\/\/divulga.unila.edu.br\/gaesc\/extensao-universitaria\/#breadcrumb","itemListElement":[{"@type":"ListItem","position":1,"name":"In\u00edcio","item":"https:\/\/divulga.unila.edu.br\/gaesc\/"},{"@type":"ListItem","position":2,"name":"Extens\u00e3o universit\u00e1ria"}]},{"@type":"WebSite","@id":"https:\/\/divulga.unila.edu.br\/gaesc\/#website","url":"https:\/\/divulga.unila.edu.br\/gaesc\/","name":"GAESC","description":"Informa\u00e7\u00f5es e Oportunidades sobre Egressos da Sa\u00fade Colectiva da Unila","publisher":{"@id":"https:\/\/divulga.unila.edu.br\/gaesc\/#organization"},"potentialAction":[{"@type":"SearchAction","target":{"@type":"EntryPoint","urlTemplate":"https:\/\/divulga.unila.edu.br\/gaesc\/?s={search_term_string}"},"query-input":{"@type":"PropertyValueSpecification","valueRequired":true,"valueName":"search_term_string"}}],"inLanguage":"pt-BR"},{"@type":"Organization","@id":"https:\/\/divulga.unila.edu.br\/gaesc\/#organization","name":"GAESC","url":"https:\/\/divulga.unila.edu.br\/gaesc\/","logo":{"@type":"ImageObject","inLanguage":"pt-BR","@id":"https:\/\/divulga.unila.edu.br\/gaesc\/#\/schema\/logo\/image\/","url":"https:\/\/divulga.unila.edu.br\/gaesc\/wp-content\/uploads\/sites\/64\/2026\/01\/Logo2.jpeg","contentUrl":"https:\/\/divulga.unila.edu.br\/gaesc\/wp-content\/uploads\/sites\/64\/2026\/01\/Logo2.jpeg","width":1536,"height":1024,"caption":"GAESC"},"image":{"@id":"https:\/\/divulga.unila.edu.br\/gaesc\/#\/schema\/logo\/image\/"}}]}},"uagb_featured_image_src":{"full":false,"thumbnail":false,"medium":false,"medium_large":false,"large":false,"1536x1536":false,"2048x2048":false,"htmega_size_585x295":false,"htmega_size_1170x536":false,"htmega_size_396x360":false,"tainacan-small":false,"tainacan-medium":false,"tainacan-medium-full":false,"tainacan-large-full":false},"uagb_author_info":{"display_name":"aua.lopez.2024","author_link":"https:\/\/divulga.unila.edu.br\/gaesc\/author\/aualopez2024\/"},"uagb_comment_info":0,"uagb_excerpt":"Extens\u00e3o universit\u00e1ria No dia 28 de mar\u00e7o, estudantes dos cursos de Sa\u00fade Coletiva e Medicina da UNILA participaram da Feira Cultura e Sa\u00fade, que ocorreu na Escola Municipal Monteiro Lobato. Na oportunidade, os acad\u00eamicos desenvolveram atividades educativas com a comunidade acerca de temas como infec\u00e7\u00f5es sexualmente transmiss\u00edveis (ISTs) e dignidade menstrual, al\u00e9m da import\u00e2ncia da&hellip;","_links":{"self":[{"href":"https:\/\/divulga.unila.edu.br\/gaesc\/wp-json\/wp\/v2\/pages\/1328","targetHints":{"allow":["GET"]}}],"collection":[{"href":"https:\/\/divulga.unila.edu.br\/gaesc\/wp-json\/wp\/v2\/pages"}],"about":[{"href":"https:\/\/divulga.unila.edu.br\/gaesc\/wp-json\/wp\/v2\/types\/page"}],"author":[{"embeddable":true,"href":"https:\/\/divulga.unila.edu.br\/gaesc\/wp-json\/wp\/v2\/users\/178"}],"replies":[{"embeddable":true,"href":"https:\/\/divulga.unila.edu.br\/gaesc\/wp-json\/wp\/v2\/comments?post=1328"}],"version-history":[{"count":3,"href":"https:\/\/divulga.unila.edu.br\/gaesc\/wp-json\/wp\/v2\/pages\/1328\/revisions"}],"predecessor-version":[{"id":1347,"href":"https:\/\/divulga.unila.edu.br\/gaesc\/wp-json\/wp\/v2\/pages\/1328\/revisions\/1347"}],"wp:attachment":[{"href":"https:\/\/divulga.unila.edu.br\/gaesc\/wp-json\/wp\/v2\/media?parent=1328"}],"curies":[{"name":"wp","href":"https:\/\/api.w.org\/{rel}","templated":true}]}}