{"id":4741,"date":"2023-10-12T11:28:22","date_gmt":"2023-10-12T14:28:22","guid":{"rendered":"https:\/\/divulga.unila.edu.br\/fanbio\/?page_id=4741"},"modified":"2023-10-16T15:18:56","modified_gmt":"2023-10-16T18:18:56","slug":"blog","status":"publish","type":"page","link":"https:\/\/divulga.unila.edu.br\/fanbio\/blog\/","title":{"rendered":"Blog"},"content":{"rendered":"\t\t<div data-elementor-type=\"wp-page\" data-elementor-id=\"4741\" class=\"elementor elementor-4741\">\n\t\t\t\t<div class=\"has_eae_slider elementor-element elementor-element-bbb23a3 e-flex e-con-boxed wpr-particle-no wpr-jarallax-no wpr-parallax-no wpr-sticky-section-no wpr-equal-height-no e-con e-parent\" data-eae-slider=\"14929\" data-id=\"bbb23a3\" data-element_type=\"container\" data-e-type=\"container\" data-settings=\"{&quot;background_background&quot;:&quot;classic&quot;}\">\n\t\t\t\t\t<div class=\"e-con-inner\">\n\t\t\t\t<div class=\"elementor-element elementor-element-f442aa6 elementor-widget__width-initial elementor-widget-tablet__width-initial elementor-widget-mobile__width-initial elementor-widget elementor-widget-text-editor\" data-id=\"f442aa6\" data-element_type=\"widget\" data-e-type=\"widget\" data-widget_type=\"text-editor.default\">\n\t\t\t\t<div class=\"elementor-widget-container\">\n\t\t\t\t\t\t\t\t\t<p><br><\/p>\n<p>Voc\u00ea pode encontrar aqui textos dos mais variados assuntos que envolvem biologia. Boa leitura!<\/p>\t\t\t\t\t\t\t\t<\/div>\n\t\t\t\t<\/div>\n\t\t\t\t<div class=\"elementor-element elementor-element-460f627 elementor-widget__width-initial elementor-widget-tablet__width-initial elementor-widget elementor-widget-htmega-inlinemenu-addons\" data-id=\"460f627\" data-element_type=\"widget\" data-e-type=\"widget\" data-widget_type=\"htmega-inlinemenu-addons.default\">\n\t\t\t\t<div class=\"elementor-widget-container\">\n\t\t\t\t\t            <div class=\"htmega-inlinemenu-area htmega-inlinemenu-style-2\" >\n                <nav class=\"linemenu-nav\">\n                    <ul id=\"menu-460f627\" class=\"htmega-mainmenu\"><li class=\"menu-item menu-item-type-post_type menu-item-object-page menu-item-5258\"><a href=\"https:\/\/divulga.unila.edu.br\/fanbio\/arco-iris\/\">Arco-\u00edris<\/a><\/li>\n<li class=\"menu-item menu-item-type-post_type menu-item-object-page menu-item-5261\"><a href=\"https:\/\/divulga.unila.edu.br\/fanbio\/papai-noel\/\">Papai Noel<\/a><\/li>\n<li class=\"menu-item menu-item-type-post_type menu-item-object-page menu-item-5264\"><a href=\"https:\/\/divulga.unila.edu.br\/fanbio\/darwin\/\">Darwin<\/a><\/li>\n<\/ul>                <\/nav>\n            <\/div>\n        \t\t\t\t<\/div>\n\t\t\t\t<\/div>\n\t\t\t\t\t<\/div>\n\t\t\t\t<\/div>\n\t\t\t\t<\/div>\n\t\t","protected":false},"excerpt":{"rendered":"<p>Voc\u00ea pode encontrar aqui textos dos mais variados assuntos que envolvem biologia. Boa leitura! Arco-\u00edris Papai Noel Darwin<\/p>\n","protected":false},"author":65,"featured_media":0,"parent":0,"menu_order":0,"comment_status":"closed","ping_status":"closed","template":"","meta":{"_uag_custom_page_level_css":"","site-container-style":"default","site-container-layout":"default","site-sidebar-layout":"default","disable-article-header":"default","disable-site-header":"default","disable-site-footer":"default","disable-content-area-spacing":"default","_themeisle_gutenberg_block_has_review":false,"footnotes":""},"class_list":["post-4741","page","type-page","status-publish","hentry"],"yoast_head":"<!-- This site is optimized with the Yoast SEO plugin v27.6 - https:\/\/yoast.com\/product\/yoast-seo-wordpress\/ -->\n<title>Blog - Fan\u00e1ticos por Biologia<\/title>\n<meta name=\"robots\" content=\"index, follow, max-snippet:-1, max-image-preview:large, max-video-preview:-1\" \/>\n<link rel=\"canonical\" href=\"https:\/\/divulga.unila.edu.br\/fanbio\/blog\/\" \/>\n<meta property=\"og:locale\" content=\"pt_BR\" \/>\n<meta property=\"og:type\" content=\"article\" \/>\n<meta property=\"og:title\" content=\"Blog - Fan\u00e1ticos por Biologia\" \/>\n<meta property=\"og:description\" content=\"Voc\u00ea pode encontrar aqui textos dos mais variados assuntos que envolvem biologia. Boa leitura! Arco-\u00edris Papai Noel Darwin\" \/>\n<meta property=\"og:url\" content=\"https:\/\/divulga.unila.edu.br\/fanbio\/blog\/\" \/>\n<meta property=\"og:site_name\" content=\"Fan\u00e1ticos por Biologia\" \/>\n<meta property=\"article:modified_time\" content=\"2023-10-16T18:18:56+00:00\" \/>\n<meta name=\"twitter:card\" content=\"summary_large_image\" \/>\n<script type=\"application\/ld+json\" class=\"yoast-schema-graph\">{\"@context\":\"https:\\\/\\\/schema.org\",\"@graph\":[{\"@type\":\"WebPage\",\"@id\":\"https:\\\/\\\/divulga.unila.edu.br\\\/fanbio\\\/blog\\\/\",\"url\":\"https:\\\/\\\/divulga.unila.edu.br\\\/fanbio\\\/blog\\\/\",\"name\":\"Blog - Fan\u00e1ticos por Biologia\",\"isPartOf\":{\"@id\":\"https:\\\/\\\/divulga.unila.edu.br\\\/fanbio\\\/#website\"},\"datePublished\":\"2023-10-12T14:28:22+00:00\",\"dateModified\":\"2023-10-16T18:18:56+00:00\",\"breadcrumb\":{\"@id\":\"https:\\\/\\\/divulga.unila.edu.br\\\/fanbio\\\/blog\\\/#breadcrumb\"},\"inLanguage\":\"pt-BR\",\"potentialAction\":[{\"@type\":\"ReadAction\",\"target\":[\"https:\\\/\\\/divulga.unila.edu.br\\\/fanbio\\\/blog\\\/\"]}]},{\"@type\":\"BreadcrumbList\",\"@id\":\"https:\\\/\\\/divulga.unila.edu.br\\\/fanbio\\\/blog\\\/#breadcrumb\",\"itemListElement\":[{\"@type\":\"ListItem\",\"position\":1,\"name\":\"In\u00edcio\",\"item\":\"https:\\\/\\\/divulga.unila.edu.br\\\/fanbio\\\/\"},{\"@type\":\"ListItem\",\"position\":2,\"name\":\"Blog\"}]},{\"@type\":\"WebSite\",\"@id\":\"https:\\\/\\\/divulga.unila.edu.br\\\/fanbio\\\/#website\",\"url\":\"https:\\\/\\\/divulga.unila.edu.br\\\/fanbio\\\/\",\"name\":\"Fan\u00e1ticos por Biologia\",\"description\":\"Projeto de extens\u00e3o FanBio (Fan\u00e1ticos por Biologia)\",\"publisher\":{\"@id\":\"https:\\\/\\\/divulga.unila.edu.br\\\/fanbio\\\/#organization\"},\"potentialAction\":[{\"@type\":\"SearchAction\",\"target\":{\"@type\":\"EntryPoint\",\"urlTemplate\":\"https:\\\/\\\/divulga.unila.edu.br\\\/fanbio\\\/?s={search_term_string}\"},\"query-input\":{\"@type\":\"PropertyValueSpecification\",\"valueRequired\":true,\"valueName\":\"search_term_string\"}}],\"inLanguage\":\"pt-BR\"},{\"@type\":\"Organization\",\"@id\":\"https:\\\/\\\/divulga.unila.edu.br\\\/fanbio\\\/#organization\",\"name\":\"Fan\u00e1ticos por Biologia\",\"url\":\"https:\\\/\\\/divulga.unila.edu.br\\\/fanbio\\\/\",\"logo\":{\"@type\":\"ImageObject\",\"inLanguage\":\"pt-BR\",\"@id\":\"https:\\\/\\\/divulga.unila.edu.br\\\/fanbio\\\/#\\\/schema\\\/logo\\\/image\\\/\",\"url\":\"https:\\\/\\\/divulga.unila.edu.br\\\/fanbio\\\/wp-content\\\/uploads\\\/sites\\\/30\\\/2023\\\/06\\\/fanbio-borda-branca.png\",\"contentUrl\":\"https:\\\/\\\/divulga.unila.edu.br\\\/fanbio\\\/wp-content\\\/uploads\\\/sites\\\/30\\\/2023\\\/06\\\/fanbio-borda-branca.png\",\"width\":180,\"height\":193,\"caption\":\"Fan\u00e1ticos por Biologia\"},\"image\":{\"@id\":\"https:\\\/\\\/divulga.unila.edu.br\\\/fanbio\\\/#\\\/schema\\\/logo\\\/image\\\/\"}}]}<\/script>\n<!-- \/ Yoast SEO plugin. -->","yoast_head_json":{"title":"Blog - Fan\u00e1ticos por Biologia","robots":{"index":"index","follow":"follow","max-snippet":"max-snippet:-1","max-image-preview":"max-image-preview:large","max-video-preview":"max-video-preview:-1"},"canonical":"https:\/\/divulga.unila.edu.br\/fanbio\/blog\/","og_locale":"pt_BR","og_type":"article","og_title":"Blog - Fan\u00e1ticos por Biologia","og_description":"Voc\u00ea pode encontrar aqui textos dos mais variados assuntos que envolvem biologia. Boa leitura! Arco-\u00edris Papai Noel Darwin","og_url":"https:\/\/divulga.unila.edu.br\/fanbio\/blog\/","og_site_name":"Fan\u00e1ticos por Biologia","article_modified_time":"2023-10-16T18:18:56+00:00","twitter_card":"summary_large_image","schema":{"@context":"https:\/\/schema.org","@graph":[{"@type":"WebPage","@id":"https:\/\/divulga.unila.edu.br\/fanbio\/blog\/","url":"https:\/\/divulga.unila.edu.br\/fanbio\/blog\/","name":"Blog - Fan\u00e1ticos por Biologia","isPartOf":{"@id":"https:\/\/divulga.unila.edu.br\/fanbio\/#website"},"datePublished":"2023-10-12T14:28:22+00:00","dateModified":"2023-10-16T18:18:56+00:00","breadcrumb":{"@id":"https:\/\/divulga.unila.edu.br\/fanbio\/blog\/#breadcrumb"},"inLanguage":"pt-BR","potentialAction":[{"@type":"ReadAction","target":["https:\/\/divulga.unila.edu.br\/fanbio\/blog\/"]}]},{"@type":"BreadcrumbList","@id":"https:\/\/divulga.unila.edu.br\/fanbio\/blog\/#breadcrumb","itemListElement":[{"@type":"ListItem","position":1,"name":"In\u00edcio","item":"https:\/\/divulga.unila.edu.br\/fanbio\/"},{"@type":"ListItem","position":2,"name":"Blog"}]},{"@type":"WebSite","@id":"https:\/\/divulga.unila.edu.br\/fanbio\/#website","url":"https:\/\/divulga.unila.edu.br\/fanbio\/","name":"Fan\u00e1ticos por Biologia","description":"Projeto de extens\u00e3o FanBio (Fan\u00e1ticos por Biologia)","publisher":{"@id":"https:\/\/divulga.unila.edu.br\/fanbio\/#organization"},"potentialAction":[{"@type":"SearchAction","target":{"@type":"EntryPoint","urlTemplate":"https:\/\/divulga.unila.edu.br\/fanbio\/?s={search_term_string}"},"query-input":{"@type":"PropertyValueSpecification","valueRequired":true,"valueName":"search_term_string"}}],"inLanguage":"pt-BR"},{"@type":"Organization","@id":"https:\/\/divulga.unila.edu.br\/fanbio\/#organization","name":"Fan\u00e1ticos por Biologia","url":"https:\/\/divulga.unila.edu.br\/fanbio\/","logo":{"@type":"ImageObject","inLanguage":"pt-BR","@id":"https:\/\/divulga.unila.edu.br\/fanbio\/#\/schema\/logo\/image\/","url":"https:\/\/divulga.unila.edu.br\/fanbio\/wp-content\/uploads\/sites\/30\/2023\/06\/fanbio-borda-branca.png","contentUrl":"https:\/\/divulga.unila.edu.br\/fanbio\/wp-content\/uploads\/sites\/30\/2023\/06\/fanbio-borda-branca.png","width":180,"height":193,"caption":"Fan\u00e1ticos por Biologia"},"image":{"@id":"https:\/\/divulga.unila.edu.br\/fanbio\/#\/schema\/logo\/image\/"}}]}},"uagb_featured_image_src":{"full":false,"thumbnail":false,"medium":false,"medium_large":false,"large":false,"1536x1536":false,"2048x2048":false,"htmega_size_585x295":false,"htmega_size_1170x536":false,"htmega_size_396x360":false,"tainacan-small":false,"tainacan-medium":false,"tainacan-medium-full":false,"tainacan-large-full":false},"uagb_author_info":{"display_name":"giovana.vendruscolo","author_link":"https:\/\/divulga.unila.edu.br\/fanbio\/author\/giovanavendruscolo\/"},"uagb_comment_info":0,"uagb_excerpt":"Voc\u00ea pode encontrar aqui textos dos mais variados assuntos que envolvem biologia. Boa leitura! Arco-\u00edris Papai Noel Darwin","_links":{"self":[{"href":"https:\/\/divulga.unila.edu.br\/fanbio\/wp-json\/wp\/v2\/pages\/4741","targetHints":{"allow":["GET"]}}],"collection":[{"href":"https:\/\/divulga.unila.edu.br\/fanbio\/wp-json\/wp\/v2\/pages"}],"about":[{"href":"https:\/\/divulga.unila.edu.br\/fanbio\/wp-json\/wp\/v2\/types\/page"}],"author":[{"embeddable":true,"href":"https:\/\/divulga.unila.edu.br\/fanbio\/wp-json\/wp\/v2\/users\/65"}],"replies":[{"embeddable":true,"href":"https:\/\/divulga.unila.edu.br\/fanbio\/wp-json\/wp\/v2\/comments?post=4741"}],"version-history":[{"count":16,"href":"https:\/\/divulga.unila.edu.br\/fanbio\/wp-json\/wp\/v2\/pages\/4741\/revisions"}],"predecessor-version":[{"id":5332,"href":"https:\/\/divulga.unila.edu.br\/fanbio\/wp-json\/wp\/v2\/pages\/4741\/revisions\/5332"}],"wp:attachment":[{"href":"https:\/\/divulga.unila.edu.br\/fanbio\/wp-json\/wp\/v2\/media?parent=4741"}],"curies":[{"name":"wp","href":"https:\/\/api.w.org\/{rel}","templated":true}]}}