{"id":265,"date":"2023-08-31T18:18:11","date_gmt":"2023-08-31T21:18:11","guid":{"rendered":"https:\/\/divulga.unila.edu.br\/fanbio\/?page_id=265"},"modified":"2023-10-14T21:35:17","modified_gmt":"2023-10-15T00:35:17","slug":"quem-somos","status":"publish","type":"page","link":"https:\/\/divulga.unila.edu.br\/fanbio\/quem-somos\/","title":{"rendered":"Quem somos"},"content":{"rendered":"\t\t<div data-elementor-type=\"wp-page\" data-elementor-id=\"265\" class=\"elementor elementor-265\">\n\t\t\t\t<div class=\"has_eae_slider elementor-element elementor-element-ac9d950 e-con-full e-flex wpr-particle-no wpr-jarallax-no wpr-parallax-no wpr-sticky-section-no wpr-equal-height-no e-con e-parent\" data-eae-slider=\"49564\" data-id=\"ac9d950\" data-element_type=\"container\" data-e-type=\"container\" data-settings=\"{&quot;background_background&quot;:&quot;classic&quot;}\">\n\t\t<div class=\"has_eae_slider elementor-element elementor-element-298bfbc e-flex e-con-boxed wpr-particle-no wpr-jarallax-no wpr-parallax-no wpr-sticky-section-no wpr-equal-height-no e-con e-child\" data-eae-slider=\"97195\" data-id=\"298bfbc\" data-element_type=\"container\" data-e-type=\"container\">\n\t\t\t\t\t<div class=\"e-con-inner\">\n\t\t\t\t<div class=\"elementor-element elementor-element-dbb7655 elementor-widget__width-initial elementor-widget-mobile__width-initial elementor-widget elementor-widget-text-editor\" data-id=\"dbb7655\" data-element_type=\"widget\" data-e-type=\"widget\" data-widget_type=\"text-editor.default\">\n\t\t\t\t<div class=\"elementor-widget-container\">\n\t\t\t\t\t\t\t\t\t<p style=\"text-align: center\">\u00a0<\/p><p style=\"text-align: center\">O projeto FanBio \u00e9 composto por professores e estudantes dos cursos de Ci\u00eancias Biol\u00f3gicas: ecologia e biodiversidade, Biotecnologia e Licenciatura em Ci\u00eancias da Natureza da Universidade Federal da Integra\u00e7\u00e3o Latino-Americana (UNILA).\u00a0<\/p><p style=\"text-align: center\">\u00a0<\/p>\t\t\t\t\t\t\t\t<\/div>\n\t\t\t\t<\/div>\n\t\t\t\t<div class=\"elementor-element elementor-element-c75dd19 elementor-widget__width-initial elementor-widget-mobile__width-initial elementor-widget elementor-widget-text-editor\" data-id=\"c75dd19\" data-element_type=\"widget\" data-e-type=\"widget\" data-widget_type=\"text-editor.default\">\n\t\t\t\t<div class=\"elementor-widget-container\">\n\t\t\t\t\t\t\t\t\t<p style=\"text-align: center\"><span style=\"color: var( --e-global-color-cfed45c );background-color: var(--yuki-base-100)\">O projeto come\u00e7ou em 2019 com o objetivo de produ\u00e7\u00e3o de fanzines para divulga\u00e7\u00e3o cient\u00edfica e hoje, al\u00e9m dos fanzines, realiza atividades junto com a comunidade.\u00a0<\/span><\/p>\t\t\t\t\t\t\t\t<\/div>\n\t\t\t\t<\/div>\n\t\t\t\t\t<\/div>\n\t\t\t\t<\/div>\n\t\t<div class=\"has_eae_slider elementor-element elementor-element-9c4a53c e-con-full e-flex wpr-particle-no wpr-jarallax-no wpr-parallax-no wpr-sticky-section-no wpr-equal-height-no e-con e-child\" data-eae-slider=\"56599\" data-id=\"9c4a53c\" data-element_type=\"container\" data-e-type=\"container\" data-settings=\"{&quot;background_background&quot;:&quot;classic&quot;}\">\n\t\t<div class=\"has_eae_slider elementor-element elementor-element-6db5fca e-con-full e-flex wpr-particle-no wpr-jarallax-no wpr-parallax-no wpr-sticky-section-no wpr-equal-height-no e-con e-child\" data-eae-slider=\"41832\" data-id=\"6db5fca\" data-element_type=\"container\" data-e-type=\"container\">\n\t\t\t\t<div class=\"elementor-element elementor-element-eba3f03 elementor-widget__width-initial elementor-widget-mobile__width-initial elementor-widget elementor-widget-image\" data-id=\"eba3f03\" data-element_type=\"widget\" data-e-type=\"widget\" data-widget_type=\"image.default\">\n\t\t\t\t<div class=\"elementor-widget-container\">\n\t\t\t\t\t\t\t\t\t\t\t\t<figure class=\"wp-caption\">\n\t\t\t\t\t\t\t\t\t\t<img fetchpriority=\"high\" decoding=\"async\" width=\"768\" height=\"1024\" src=\"https:\/\/divulga.unila.edu.br\/fanbio\/wp-content\/uploads\/sites\/30\/2023\/08\/241033034_4211730718941898_2100419762676448366_n-768x1024.jpg\" class=\"attachment-large size-large wp-image-307\" alt=\"\" srcset=\"https:\/\/divulga.unila.edu.br\/fanbio\/wp-content\/uploads\/sites\/30\/2023\/08\/241033034_4211730718941898_2100419762676448366_n-768x1024.jpg 768w, https:\/\/divulga.unila.edu.br\/fanbio\/wp-content\/uploads\/sites\/30\/2023\/08\/241033034_4211730718941898_2100419762676448366_n-225x300.jpg 225w, https:\/\/divulga.unila.edu.br\/fanbio\/wp-content\/uploads\/sites\/30\/2023\/08\/241033034_4211730718941898_2100419762676448366_n-1152x1536.jpg 1152w, https:\/\/divulga.unila.edu.br\/fanbio\/wp-content\/uploads\/sites\/30\/2023\/08\/241033034_4211730718941898_2100419762676448366_n-205x273.jpg 205w, https:\/\/divulga.unila.edu.br\/fanbio\/wp-content\/uploads\/sites\/30\/2023\/08\/241033034_4211730718941898_2100419762676448366_n-480x640.jpg 480w, https:\/\/divulga.unila.edu.br\/fanbio\/wp-content\/uploads\/sites\/30\/2023\/08\/241033034_4211730718941898_2100419762676448366_n-695x927.jpg 695w, https:\/\/divulga.unila.edu.br\/fanbio\/wp-content\/uploads\/sites\/30\/2023\/08\/241033034_4211730718941898_2100419762676448366_n-113x150.jpg 113w, https:\/\/divulga.unila.edu.br\/fanbio\/wp-content\/uploads\/sites\/30\/2023\/08\/241033034_4211730718941898_2100419762676448366_n-375x500.jpg 375w, https:\/\/divulga.unila.edu.br\/fanbio\/wp-content\/uploads\/sites\/30\/2023\/08\/241033034_4211730718941898_2100419762676448366_n.jpg 1536w\" sizes=\"(max-width: 768px) 100vw, 768px\" \/>\t\t\t\t\t\t\t\t\t\t\t<figcaption class=\"widget-image-caption wp-caption-text\">Utiliza\u00e7\u00e3o do Volume 1 do FanBio na escola. <\/figcaption>\n\t\t\t\t\t\t\t\t\t\t<\/figure>\n\t\t\t\t\t\t\t\t\t<\/div>\n\t\t\t\t<\/div>\n\t\t\t\t<\/div>\n\t\t<div class=\"has_eae_slider elementor-element elementor-element-bc20fa7 e-con-full e-flex wpr-particle-no wpr-jarallax-no wpr-parallax-no wpr-sticky-section-no wpr-equal-height-no e-con e-child\" data-eae-slider=\"64213\" data-id=\"bc20fa7\" data-element_type=\"container\" data-e-type=\"container\">\n\t\t\t\t<div class=\"elementor-element elementor-element-defdc71 elementor-widget-mobile__width-initial elementor-widget elementor-widget-image\" data-id=\"defdc71\" data-element_type=\"widget\" data-e-type=\"widget\" data-widget_type=\"image.default\">\n\t\t\t\t<div class=\"elementor-widget-container\">\n\t\t\t\t\t\t\t\t\t\t\t\t<figure class=\"wp-caption\">\n\t\t\t\t\t\t\t\t\t\t<img decoding=\"async\" width=\"768\" height=\"1024\" src=\"https:\/\/divulga.unila.edu.br\/fanbio\/wp-content\/uploads\/sites\/30\/2023\/08\/5fea43bb-9b71-4258-b560-ebee5bbf2e31-768x1024.jpg\" class=\"attachment-large size-large wp-image-300\" alt=\"\" srcset=\"https:\/\/divulga.unila.edu.br\/fanbio\/wp-content\/uploads\/sites\/30\/2023\/08\/5fea43bb-9b71-4258-b560-ebee5bbf2e31-768x1023.jpg 768w, https:\/\/divulga.unila.edu.br\/fanbio\/wp-content\/uploads\/sites\/30\/2023\/08\/5fea43bb-9b71-4258-b560-ebee5bbf2e31-225x300.jpg 225w, https:\/\/divulga.unila.edu.br\/fanbio\/wp-content\/uploads\/sites\/30\/2023\/08\/5fea43bb-9b71-4258-b560-ebee5bbf2e31-1153x1536.jpg 1153w, https:\/\/divulga.unila.edu.br\/fanbio\/wp-content\/uploads\/sites\/30\/2023\/08\/5fea43bb-9b71-4258-b560-ebee5bbf2e31-205x273.jpg 205w, https:\/\/divulga.unila.edu.br\/fanbio\/wp-content\/uploads\/sites\/30\/2023\/08\/5fea43bb-9b71-4258-b560-ebee5bbf2e31-480x640.jpg 480w, https:\/\/divulga.unila.edu.br\/fanbio\/wp-content\/uploads\/sites\/30\/2023\/08\/5fea43bb-9b71-4258-b560-ebee5bbf2e31-695x926.jpg 695w, https:\/\/divulga.unila.edu.br\/fanbio\/wp-content\/uploads\/sites\/30\/2023\/08\/5fea43bb-9b71-4258-b560-ebee5bbf2e31-113x150.jpg 113w, https:\/\/divulga.unila.edu.br\/fanbio\/wp-content\/uploads\/sites\/30\/2023\/08\/5fea43bb-9b71-4258-b560-ebee5bbf2e31-375x500.jpg 375w, https:\/\/divulga.unila.edu.br\/fanbio\/wp-content\/uploads\/sites\/30\/2023\/08\/5fea43bb-9b71-4258-b560-ebee5bbf2e31.jpg 1200w\" sizes=\"(max-width: 768px) 100vw, 768px\" \/>\t\t\t\t\t\t\t\t\t\t\t<figcaption class=\"widget-image-caption wp-caption-text\">Atividade no dia D da sa\u00fade em Foz do Igua\u00e7u<\/figcaption>\n\t\t\t\t\t\t\t\t\t\t<\/figure>\n\t\t\t\t\t\t\t\t\t<\/div>\n\t\t\t\t<\/div>\n\t\t\t\t<\/div>\n\t\t<div class=\"has_eae_slider elementor-element elementor-element-49fda85 e-con-full e-flex wpr-particle-no wpr-jarallax-no wpr-parallax-no wpr-sticky-section-no wpr-equal-height-no e-con e-child\" data-eae-slider=\"23095\" data-id=\"49fda85\" data-element_type=\"container\" data-e-type=\"container\">\n\t\t\t\t<div class=\"elementor-element elementor-element-c99026b elementor-widget__width-initial elementor-widget-mobile__width-initial elementor-widget elementor-widget-image\" data-id=\"c99026b\" data-element_type=\"widget\" data-e-type=\"widget\" data-widget_type=\"image.default\">\n\t\t\t\t<div class=\"elementor-widget-container\">\n\t\t\t\t\t\t\t\t\t\t\t\t<figure class=\"wp-caption\">\n\t\t\t\t\t\t\t\t\t\t<img decoding=\"async\" width=\"768\" height=\"1024\" src=\"https:\/\/divulga.unila.edu.br\/fanbio\/wp-content\/uploads\/sites\/30\/2023\/08\/WhatsApp-Image-2023-02-05-at-11.05.16-768x1024.jpeg\" class=\"attachment-large size-large wp-image-314\" alt=\"\" srcset=\"https:\/\/divulga.unila.edu.br\/fanbio\/wp-content\/uploads\/sites\/30\/2023\/08\/WhatsApp-Image-2023-02-05-at-11.05.16-768x1024.jpeg 768w, https:\/\/divulga.unila.edu.br\/fanbio\/wp-content\/uploads\/sites\/30\/2023\/08\/WhatsApp-Image-2023-02-05-at-11.05.16-225x300.jpeg 225w, https:\/\/divulga.unila.edu.br\/fanbio\/wp-content\/uploads\/sites\/30\/2023\/08\/WhatsApp-Image-2023-02-05-at-11.05.16-1152x1536.jpeg 1152w, https:\/\/divulga.unila.edu.br\/fanbio\/wp-content\/uploads\/sites\/30\/2023\/08\/WhatsApp-Image-2023-02-05-at-11.05.16-205x273.jpeg 205w, https:\/\/divulga.unila.edu.br\/fanbio\/wp-content\/uploads\/sites\/30\/2023\/08\/WhatsApp-Image-2023-02-05-at-11.05.16-480x640.jpeg 480w, https:\/\/divulga.unila.edu.br\/fanbio\/wp-content\/uploads\/sites\/30\/2023\/08\/WhatsApp-Image-2023-02-05-at-11.05.16-695x927.jpeg 695w, https:\/\/divulga.unila.edu.br\/fanbio\/wp-content\/uploads\/sites\/30\/2023\/08\/WhatsApp-Image-2023-02-05-at-11.05.16-113x150.jpeg 113w, https:\/\/divulga.unila.edu.br\/fanbio\/wp-content\/uploads\/sites\/30\/2023\/08\/WhatsApp-Image-2023-02-05-at-11.05.16-375x500.jpeg 375w, https:\/\/divulga.unila.edu.br\/fanbio\/wp-content\/uploads\/sites\/30\/2023\/08\/WhatsApp-Image-2023-02-05-at-11.05.16.jpeg 1200w\" sizes=\"(max-width: 768px) 100vw, 768px\" \/>\t\t\t\t\t\t\t\t\t\t\t<figcaption class=\"widget-image-caption wp-caption-text\">Atividade na Feira do Livro 2022 de Foz do Igua\u00e7u<\/figcaption>\n\t\t\t\t\t\t\t\t\t\t<\/figure>\n\t\t\t\t\t\t\t\t\t<\/div>\n\t\t\t\t<\/div>\n\t\t\t\t<\/div>\n\t\t\t\t<\/div>\n\t\t<div class=\"has_eae_slider elementor-element elementor-element-77bf1f5 e-con-full e-flex wpr-particle-no wpr-jarallax-no wpr-parallax-no wpr-sticky-section-no wpr-equal-height-no e-con e-child\" data-eae-slider=\"50254\" data-id=\"77bf1f5\" data-element_type=\"container\" data-e-type=\"container\">\n\t\t\t\t<div class=\"elementor-element elementor-element-3db3fba elementor-widget__width-initial elementor-widget-mobile__width-initial elementor-widget elementor-widget-image\" data-id=\"3db3fba\" data-element_type=\"widget\" data-e-type=\"widget\" data-widget_type=\"image.default\">\n\t\t\t\t<div class=\"elementor-widget-container\">\n\t\t\t\t\t\t\t\t\t\t\t\t\t\t\t<img loading=\"lazy\" decoding=\"async\" width=\"253\" height=\"579\" src=\"https:\/\/divulga.unila.edu.br\/fanbio\/wp-content\/uploads\/sites\/30\/2023\/08\/Ana-Flora-lupa.png\" class=\"attachment-large size-large wp-image-309\" alt=\"\" srcset=\"https:\/\/divulga.unila.edu.br\/fanbio\/wp-content\/uploads\/sites\/30\/2023\/08\/Ana-Flora-lupa.png 253w, https:\/\/divulga.unila.edu.br\/fanbio\/wp-content\/uploads\/sites\/30\/2023\/08\/Ana-Flora-lupa-131x300.png 131w, https:\/\/divulga.unila.edu.br\/fanbio\/wp-content\/uploads\/sites\/30\/2023\/08\/Ana-Flora-lupa-205x469.png 205w, https:\/\/divulga.unila.edu.br\/fanbio\/wp-content\/uploads\/sites\/30\/2023\/08\/Ana-Flora-lupa-66x150.png 66w, https:\/\/divulga.unila.edu.br\/fanbio\/wp-content\/uploads\/sites\/30\/2023\/08\/Ana-Flora-lupa-218x500.png 218w\" sizes=\"(max-width: 253px) 100vw, 253px\" \/>\t\t\t\t\t\t\t\t\t\t\t\t\t\t\t<\/div>\n\t\t\t\t<\/div>\n\t\t<div class=\"has_eae_slider elementor-element elementor-element-2344f8d e-con-full e-flex wpr-particle-no wpr-jarallax-no wpr-parallax-no wpr-sticky-section-no wpr-equal-height-no e-con e-child\" data-eae-slider=\"7835\" data-id=\"2344f8d\" data-element_type=\"container\" data-e-type=\"container\">\n\t\t\t\t<div class=\"elementor-element elementor-element-8085413 elementor-widget__width-initial elementor-widget-mobile__width-initial elementor-widget-tablet__width-initial elementor-widget elementor-widget-text-editor\" data-id=\"8085413\" data-element_type=\"widget\" data-e-type=\"widget\" data-widget_type=\"text-editor.default\">\n\t\t\t\t<div class=\"elementor-widget-container\">\n\t\t\t\t\t\t\t\t\t<p style=\"text-align: center\"><strong>Ana Flora<\/strong> \u00e9 a menina propaganda nas m\u00eddias sociais e faz parte de muitos fanzines. Ela representa a crian\u00e7a curiosa que questiona e sempre est\u00e1 em busca de conhecimento.\u00a0<\/p><p style=\"text-align: center\">Ela foi desenhada de forma digital pela professora Giovana Secretti Vendruscolo, uma das idealizadoras do FanBio, e foi inspirada nas suas filhas.\u00a0\u00a0<\/p>\t\t\t\t\t\t\t\t<\/div>\n\t\t\t\t<\/div>\n\t\t\t\t<\/div>\n\t\t\t\t<\/div>\n\t\t\t\t<\/div>\n\t\t<div class=\"has_eae_slider elementor-element elementor-element-df69f33 e-flex e-con-boxed wpr-particle-no wpr-jarallax-no wpr-parallax-no wpr-sticky-section-no wpr-equal-height-no e-con e-parent\" data-eae-slider=\"81330\" data-id=\"df69f33\" data-element_type=\"container\" data-e-type=\"container\">\n\t\t\t\t\t<div class=\"e-con-inner\">\n\t\t\t\t\t<\/div>\n\t\t\t\t<\/div>\n\t\t\t\t<\/div>\n\t\t","protected":false},"excerpt":{"rendered":"<p>\u00a0 O projeto FanBio \u00e9 composto por professores e estudantes dos cursos de Ci\u00eancias Biol\u00f3gicas: ecologia e biodiversidade, Biotecnologia e Licenciatura em Ci\u00eancias da Natureza da Universidade Federal da Integra\u00e7\u00e3o Latino-Americana (UNILA).\u00a0 \u00a0 O projeto come\u00e7ou em 2019 com o objetivo de produ\u00e7\u00e3o de fanzines para divulga\u00e7\u00e3o cient\u00edfica e hoje, al\u00e9m dos fanzines, realiza atividades junto com a comunidade.\u00a0 \/*! elementor &#8211; v3.16.0 &#8211; 09-10-2023 *\/ .elementor-widget-image{text-align:center}.elementor-widget-image a{display:inline-block}.elementor-widget-image a img[src$=&#8221;.svg&#8221;]{width:48px}.elementor-widget-image img{vertical-align:middle;display:inline-block} Utiliza\u00e7\u00e3o do Volume 1 do FanBio na escola. Atividade no dia D da sa\u00fade em Foz do Igua\u00e7u Atividade na Feira do Livro 2022 de Foz do Igua\u00e7u Ana Flora \u00e9 a menina propaganda nas m\u00eddias sociais e faz parte de muitos fanzines. Ela representa a crian\u00e7a curiosa que questiona e sempre est\u00e1 em busca de conhecimento.\u00a0 Ela foi desenhada de forma digital pela professora Giovana Secretti Vendruscolo, uma das idealizadoras do FanBio, e foi inspirada nas suas filhas.\u00a0\u00a0<\/p>\n","protected":false},"author":65,"featured_media":0,"parent":0,"menu_order":0,"comment_status":"closed","ping_status":"closed","template":"elementor_header_footer","meta":{"_uag_custom_page_level_css":"","site-container-style":"default","site-container-layout":"default","site-sidebar-layout":"default","disable-article-header":"default","disable-site-header":"default","disable-site-footer":"default","disable-content-area-spacing":"default","_themeisle_gutenberg_block_has_review":false,"footnotes":""},"class_list":["post-265","page","type-page","status-publish","hentry"],"uagb_featured_image_src":{"full":false,"thumbnail":false,"medium":false,"medium_large":false,"large":false,"1536x1536":false,"2048x2048":false,"htmega_size_585x295":false,"htmega_size_1170x536":false,"htmega_size_396x360":false,"tainacan-small":false,"tainacan-medium":false,"tainacan-medium-full":false,"tainacan-large-full":false},"uagb_author_info":{"display_name":"giovana.vendruscolo","author_link":"https:\/\/divulga.unila.edu.br\/fanbio\/author\/giovanavendruscolo\/"},"uagb_comment_info":0,"uagb_excerpt":"\u00a0 O projeto FanBio \u00e9 composto por professores e estudantes dos cursos de Ci\u00eancias Biol\u00f3gicas: ecologia e biodiversidade, Biotecnologia e Licenciatura em Ci\u00eancias da Natureza da Universidade Federal da Integra\u00e7\u00e3o Latino-Americana (UNILA).\u00a0 \u00a0 O projeto come\u00e7ou em 2019 com o objetivo de produ\u00e7\u00e3o de fanzines para divulga\u00e7\u00e3o cient\u00edfica e hoje, al\u00e9m dos fanzines, realiza atividades&hellip;","_links":{"self":[{"href":"https:\/\/divulga.unila.edu.br\/fanbio\/wp-json\/wp\/v2\/pages\/265","targetHints":{"allow":["GET"]}}],"collection":[{"href":"https:\/\/divulga.unila.edu.br\/fanbio\/wp-json\/wp\/v2\/pages"}],"about":[{"href":"https:\/\/divulga.unila.edu.br\/fanbio\/wp-json\/wp\/v2\/types\/page"}],"author":[{"embeddable":true,"href":"https:\/\/divulga.unila.edu.br\/fanbio\/wp-json\/wp\/v2\/users\/65"}],"replies":[{"embeddable":true,"href":"https:\/\/divulga.unila.edu.br\/fanbio\/wp-json\/wp\/v2\/comments?post=265"}],"version-history":[{"count":161,"href":"https:\/\/divulga.unila.edu.br\/fanbio\/wp-json\/wp\/v2\/pages\/265\/revisions"}],"predecessor-version":[{"id":5142,"href":"https:\/\/divulga.unila.edu.br\/fanbio\/wp-json\/wp\/v2\/pages\/265\/revisions\/5142"}],"wp:attachment":[{"href":"https:\/\/divulga.unila.edu.br\/fanbio\/wp-json\/wp\/v2\/media?parent=265"}],"curies":[{"name":"wp","href":"https:\/\/api.w.org\/{rel}","templated":true}]}}