{"id":252,"date":"2022-08-16T17:24:58","date_gmt":"2022-08-16T20:24:58","guid":{"rendered":"https:\/\/divulga.unila.edu.br\/espacociencia\/?page_id=252"},"modified":"2025-02-07T10:14:26","modified_gmt":"2025-02-07T13:14:26","slug":"multidisciplinar","status":"publish","type":"page","link":"https:\/\/divulga.unila.edu.br\/espacociencia\/multidisciplinar\/","title":{"rendered":"Multidisciplinar"},"content":{"rendered":"\t\t<div data-elementor-type=\"wp-page\" data-elementor-id=\"252\" class=\"elementor elementor-252\">\n\t\t\t\t\t\t<section class=\"has_eae_slider elementor-section elementor-top-section elementor-element elementor-element-f0c69bf elementor-section-height-min-height elementor-section-boxed elementor-section-height-default elementor-section-items-middle wpr-particle-no wpr-jarallax-no wpr-parallax-no wpr-sticky-section-no wpr-equal-height-no\" data-eae-slider=\"69040\" data-id=\"f0c69bf\" data-element_type=\"section\" data-e-type=\"section\" data-settings=\"{&quot;background_background&quot;:&quot;classic&quot;}\">\n\t\t\t\t\t\t<div class=\"elementor-container elementor-column-gap-default\">\n\t\t\t\t\t<div class=\"has_eae_slider elementor-column elementor-col-100 elementor-top-column elementor-element elementor-element-3fb87fc\" data-eae-slider=\"68322\" data-id=\"3fb87fc\" data-element_type=\"column\" data-e-type=\"column\">\n\t\t\t<div class=\"elementor-widget-wrap elementor-element-populated\">\n\t\t\t\t\t\t<div class=\"elementor-element elementor-element-9cab72a elementor-invisible elementor-widget elementor-widget-heading\" data-id=\"9cab72a\" data-element_type=\"widget\" data-e-type=\"widget\" data-settings=\"{&quot;_animation&quot;:&quot;fadeInDown&quot;}\" data-widget_type=\"heading.default\">\n\t\t\t\t<div class=\"elementor-widget-container\">\n\t\t\t\t\t<h2 class=\"elementor-heading-title elementor-size-default\">Multidisciplinar<\/h2>\t\t\t\t<\/div>\n\t\t\t\t<\/div>\n\t\t\t\t\t<\/div>\n\t\t<\/div>\n\t\t\t\t\t<\/div>\n\t\t<\/section>\n\t\t\t\t<section class=\"has_eae_slider elementor-section elementor-top-section elementor-element elementor-element-a4f090d elementor-section-boxed elementor-section-height-default elementor-section-height-default wpr-particle-no wpr-jarallax-no wpr-parallax-no wpr-sticky-section-no wpr-equal-height-no\" data-eae-slider=\"13231\" data-id=\"a4f090d\" data-element_type=\"section\" data-e-type=\"section\">\n\t\t\t\t\t\t<div class=\"elementor-container elementor-column-gap-default\">\n\t\t\t\t\t<div class=\"has_eae_slider elementor-column elementor-col-100 elementor-top-column elementor-element elementor-element-eeec871 elementor-invisible\" data-eae-slider=\"34857\" data-id=\"eeec871\" data-element_type=\"column\" data-e-type=\"column\" data-settings=\"{&quot;animation&quot;:&quot;fadeIn&quot;}\">\n\t\t\t<div class=\"elementor-widget-wrap elementor-element-populated\">\n\t\t\t\t\t\t<div class=\"elementor-element elementor-element-e3083d5 elementor-widget elementor-widget-text-editor\" data-id=\"e3083d5\" data-element_type=\"widget\" data-e-type=\"widget\" data-widget_type=\"text-editor.default\">\n\t\t\t\t<div class=\"elementor-widget-container\">\n\t\t\t\t\t\t\t\t\t<p>A \u00e1rea Multidisciplinar compreende a coexist\u00eancia de v\u00e1rias disciplinas, mesmo que n\u00e3o estejam interligadas entre si.<\/p>\t\t\t\t\t\t\t\t<\/div>\n\t\t\t\t<\/div>\n\t\t\t\t\t<\/div>\n\t\t<\/div>\n\t\t\t\t\t<\/div>\n\t\t<\/section>\n\t\t\t\t<section class=\"has_eae_slider elementor-section elementor-top-section elementor-element elementor-element-8861837 elementor-section-boxed elementor-section-height-default elementor-section-height-default wpr-particle-no wpr-jarallax-no wpr-parallax-no wpr-sticky-section-no wpr-equal-height-no\" data-eae-slider=\"94888\" data-id=\"8861837\" data-element_type=\"section\" data-e-type=\"section\">\n\t\t\t\t\t\t<div class=\"elementor-container elementor-column-gap-default\">\n\t\t\t\t\t<div class=\"has_eae_slider elementor-column elementor-col-50 elementor-top-column elementor-element elementor-element-2034c38\" data-eae-slider=\"64641\" data-id=\"2034c38\" data-element_type=\"column\" data-e-type=\"column\">\n\t\t\t<div class=\"elementor-widget-wrap elementor-element-populated\">\n\t\t\t\t\t\t<div class=\"elementor-element elementor-element-f58932b elementor-widget elementor-widget-accordion\" data-id=\"f58932b\" data-element_type=\"widget\" data-e-type=\"widget\" data-widget_type=\"accordion.default\">\n\t\t\t\t<div class=\"elementor-widget-container\">\n\t\t\t\t\t\t\t<div class=\"elementor-accordion\">\n\t\t\t\t\t\t\t<div class=\"elementor-accordion-item\">\n\t\t\t\t\t<div id=\"elementor-tab-title-2571\" class=\"elementor-tab-title\" data-tab=\"1\" role=\"button\" aria-controls=\"elementor-tab-content-2571\" aria-expanded=\"false\">\n\t\t\t\t\t\t\t\t\t\t\t\t\t<span class=\"elementor-accordion-icon elementor-accordion-icon-left\" aria-hidden=\"true\">\n\t\t\t\t\t\t\t\t\t\t\t\t\t\t\t<span class=\"elementor-accordion-icon-closed\"><i class=\"fas fa-plus\"><\/i><\/span>\n\t\t\t\t\t\t\t\t<span class=\"elementor-accordion-icon-opened\"><i class=\"fas fa-minus\"><\/i><\/span>\n\t\t\t\t\t\t\t\t\t\t\t\t\t\t<\/span>\n\t\t\t\t\t\t\t\t\t\t\t\t<a class=\"elementor-accordion-title\" tabindex=\"0\">Hist\u00f3rias de quilombo<\/a>\n\t\t\t\t\t<\/div>\n\t\t\t\t\t<div id=\"elementor-tab-content-2571\" class=\"elementor-tab-content elementor-clearfix\" data-tab=\"1\" role=\"region\" aria-labelledby=\"elementor-tab-title-2571\"><h6>Busca o fortalecimento da educa\u00e7\u00e3o, de atividades culturais e da produ\u00e7\u00e3o sustent\u00e1vel quilombola, com base no reconhecimento e valoriza\u00e7\u00e3o de aspectos de cada local e na promo\u00e7\u00e3o da autonomia das comunidades.<\/h6><p><strong>&gt; Saiba mais (em breve)<\/strong><\/p><\/div>\n\t\t\t\t<\/div>\n\t\t\t\t\t\t\t\t<\/div>\n\t\t\t\t\t\t<\/div>\n\t\t\t\t<\/div>\n\t\t\t\t\t<\/div>\n\t\t<\/div>\n\t\t\t\t<div class=\"has_eae_slider elementor-column elementor-col-50 elementor-top-column elementor-element elementor-element-f3af7a4\" data-eae-slider=\"16508\" data-id=\"f3af7a4\" data-element_type=\"column\" data-e-type=\"column\">\n\t\t\t<div class=\"elementor-widget-wrap\">\n\t\t\t\t\t\t\t<\/div>\n\t\t<\/div>\n\t\t\t\t\t<\/div>\n\t\t<\/section>\n\t\t\t\t<section class=\"has_eae_slider elementor-section elementor-top-section elementor-element elementor-element-be1358d elementor-section-boxed elementor-section-height-default elementor-section-height-default wpr-particle-no wpr-jarallax-no wpr-parallax-no wpr-sticky-section-no wpr-equal-height-no\" data-eae-slider=\"44035\" data-id=\"be1358d\" data-element_type=\"section\" data-e-type=\"section\">\n\t\t\t\t\t\t<div class=\"elementor-container elementor-column-gap-default\">\n\t\t\t\t\t<div class=\"has_eae_slider elementor-column elementor-col-100 elementor-top-column elementor-element elementor-element-765707f elementor-invisible\" data-eae-slider=\"83261\" data-id=\"765707f\" data-element_type=\"column\" data-e-type=\"column\" data-settings=\"{&quot;animation&quot;:&quot;fadeIn&quot;}\">\n\t\t\t<div class=\"elementor-widget-wrap elementor-element-populated\">\n\t\t\t\t\t\t<div class=\"elementor-element elementor-element-990b8aa elementor-widget elementor-widget-text-editor\" data-id=\"990b8aa\" data-element_type=\"widget\" data-e-type=\"widget\" data-widget_type=\"text-editor.default\">\n\t\t\t\t<div class=\"elementor-widget-container\">\n\t\t\t\t\t\t\t\t\t<p><span style=\"font-weight: 300;\">Al\u00e9m dos sites institucionais, \u00e9 poss\u00edvel consultar as a\u00e7\u00f5es de extens\u00e3o ativas, os projetos de pesquisa registrados e a infraestrutura dos laborat\u00f3rios de pesquisa.<\/span><\/p>\t\t\t\t\t\t\t\t<\/div>\n\t\t\t\t<\/div>\n\t\t\t\t<section class=\"has_eae_slider elementor-section elementor-inner-section elementor-element elementor-element-8d10fcc elementor-section-boxed elementor-section-height-default elementor-section-height-default wpr-particle-no wpr-jarallax-no wpr-parallax-no wpr-sticky-section-no wpr-equal-height-no\" data-eae-slider=\"32395\" data-id=\"8d10fcc\" data-element_type=\"section\" data-e-type=\"section\">\n\t\t\t\t\t\t<div class=\"elementor-container elementor-column-gap-default\">\n\t\t\t\t\t<div class=\"has_eae_slider elementor-column elementor-col-100 elementor-inner-column elementor-element elementor-element-335ec64\" data-eae-slider=\"44201\" data-id=\"335ec64\" data-element_type=\"column\" data-e-type=\"column\" data-settings=\"{&quot;background_background&quot;:&quot;classic&quot;}\">\n\t\t\t<div class=\"elementor-widget-wrap elementor-element-populated\">\n\t\t\t\t\t<div class=\"elementor-background-overlay\"><\/div>\n\t\t\t\t\t\t<div class=\"elementor-element elementor-element-3cad690 elementor-position-left elementor-vertical-align-middle elementor-widget elementor-widget-image-box\" data-id=\"3cad690\" data-element_type=\"widget\" data-e-type=\"widget\" data-widget_type=\"image-box.default\">\n\t\t\t\t<div class=\"elementor-widget-container\">\n\t\t\t\t\t<div class=\"elementor-image-box-wrapper\"><figure class=\"elementor-image-box-img\"><a href=\"https:\/\/sig.unila.edu.br\/sigaa\/public\/extensao\/consulta_extensao.jsf\" tabindex=\"-1\"><img fetchpriority=\"high\" decoding=\"async\" width=\"799\" height=\"533\" src=\"https:\/\/divulga.unila.edu.br\/espacociencia\/wp-content\/uploads\/sites\/6\/2023\/03\/DiaCdaCiencia-1.jpg\" class=\"elementor-animation-shrink attachment-full size-full wp-image-5126\" alt=\"\" srcset=\"https:\/\/divulga.unila.edu.br\/espacociencia\/wp-content\/uploads\/sites\/6\/2023\/03\/DiaCdaCiencia-1.jpg 799w, https:\/\/divulga.unila.edu.br\/espacociencia\/wp-content\/uploads\/sites\/6\/2023\/03\/DiaCdaCiencia-1-300x200.jpg 300w, https:\/\/divulga.unila.edu.br\/espacociencia\/wp-content\/uploads\/sites\/6\/2023\/03\/DiaCdaCiencia-1-768x512.jpg 768w, https:\/\/divulga.unila.edu.br\/espacociencia\/wp-content\/uploads\/sites\/6\/2023\/03\/DiaCdaCiencia-1-205x137.jpg 205w, https:\/\/divulga.unila.edu.br\/espacociencia\/wp-content\/uploads\/sites\/6\/2023\/03\/DiaCdaCiencia-1-480x320.jpg 480w\" sizes=\"(max-width: 799px) 100vw, 799px\" \/><\/a><\/figure><div class=\"elementor-image-box-content\"><h3 class=\"elementor-image-box-title\"><a href=\"https:\/\/sig.unila.edu.br\/sigaa\/public\/extensao\/consulta_extensao.jsf\">Extens\u00e3o<\/a><\/h3><p class=\"elementor-image-box-description\">A\u00e7\u00f5es desenvolvidas pela UNILA, fruto de ensino e pesquisa, que impactam diretamente a comunidade externa.<\/p><\/div><\/div>\t\t\t\t<\/div>\n\t\t\t\t<\/div>\n\t\t\t\t\t<\/div>\n\t\t<\/div>\n\t\t\t\t\t<\/div>\n\t\t<\/section>\n\t\t\t\t<section class=\"has_eae_slider elementor-section elementor-inner-section elementor-element elementor-element-2618dc5 elementor-section-boxed elementor-section-height-default elementor-section-height-default wpr-particle-no wpr-jarallax-no wpr-parallax-no wpr-sticky-section-no wpr-equal-height-no\" data-eae-slider=\"82241\" data-id=\"2618dc5\" data-element_type=\"section\" data-e-type=\"section\">\n\t\t\t\t\t\t<div class=\"elementor-container elementor-column-gap-default\">\n\t\t\t\t\t<div class=\"has_eae_slider elementor-column elementor-col-100 elementor-inner-column elementor-element elementor-element-515f5a9\" data-eae-slider=\"77091\" data-id=\"515f5a9\" data-element_type=\"column\" data-e-type=\"column\" data-settings=\"{&quot;background_background&quot;:&quot;classic&quot;}\">\n\t\t\t<div class=\"elementor-widget-wrap elementor-element-populated\">\n\t\t\t\t\t<div class=\"elementor-background-overlay\"><\/div>\n\t\t\t\t\t\t<div class=\"elementor-element elementor-element-28ca5cb elementor-position-left elementor-vertical-align-middle elementor-widget elementor-widget-image-box\" data-id=\"28ca5cb\" data-element_type=\"widget\" data-e-type=\"widget\" data-widget_type=\"image-box.default\">\n\t\t\t\t<div class=\"elementor-widget-container\">\n\t\t\t\t\t<div class=\"elementor-image-box-wrapper\"><figure class=\"elementor-image-box-img\"><a href=\"https:\/\/sig.unila.edu.br\/sigaa\/public\/pesquisa\/consulta_projetos.jsf?aba=p-pesquisa\" tabindex=\"-1\"><img decoding=\"async\" width=\"799\" height=\"533\" src=\"https:\/\/divulga.unila.edu.br\/espacociencia\/wp-content\/uploads\/sites\/6\/2023\/03\/ColetanoturnaParqueNacionaldoIguacu.jpg\" class=\"elementor-animation-shrink attachment-full size-full wp-image-5108\" alt=\"\" srcset=\"https:\/\/divulga.unila.edu.br\/espacociencia\/wp-content\/uploads\/sites\/6\/2023\/03\/ColetanoturnaParqueNacionaldoIguacu.jpg 799w, https:\/\/divulga.unila.edu.br\/espacociencia\/wp-content\/uploads\/sites\/6\/2023\/03\/ColetanoturnaParqueNacionaldoIguacu-300x200.jpg 300w, https:\/\/divulga.unila.edu.br\/espacociencia\/wp-content\/uploads\/sites\/6\/2023\/03\/ColetanoturnaParqueNacionaldoIguacu-768x512.jpg 768w, https:\/\/divulga.unila.edu.br\/espacociencia\/wp-content\/uploads\/sites\/6\/2023\/03\/ColetanoturnaParqueNacionaldoIguacu-205x137.jpg 205w, https:\/\/divulga.unila.edu.br\/espacociencia\/wp-content\/uploads\/sites\/6\/2023\/03\/ColetanoturnaParqueNacionaldoIguacu-480x320.jpg 480w\" sizes=\"(max-width: 799px) 100vw, 799px\" \/><\/a><\/figure><div class=\"elementor-image-box-content\"><h3 class=\"elementor-image-box-title\"><a href=\"https:\/\/sig.unila.edu.br\/sigaa\/public\/pesquisa\/consulta_projetos.jsf?aba=p-pesquisa\">Pesquisa\u200b<\/a><\/h3><p class=\"elementor-image-box-description\">O conhecimento produzido na UNILA, registrado, organizado e \u00e0 disposi\u00e7\u00e3o de todos.<\/p><\/div><\/div>\t\t\t\t<\/div>\n\t\t\t\t<\/div>\n\t\t\t\t\t<\/div>\n\t\t<\/div>\n\t\t\t\t\t<\/div>\n\t\t<\/section>\n\t\t\t\t<section class=\"has_eae_slider elementor-section elementor-inner-section elementor-element elementor-element-656f883 elementor-section-boxed elementor-section-height-default elementor-section-height-default wpr-particle-no wpr-jarallax-no wpr-parallax-no wpr-sticky-section-no wpr-equal-height-no\" data-eae-slider=\"89164\" data-id=\"656f883\" data-element_type=\"section\" data-e-type=\"section\">\n\t\t\t\t\t\t<div class=\"elementor-container elementor-column-gap-default\">\n\t\t\t\t\t<div class=\"has_eae_slider elementor-column elementor-col-100 elementor-inner-column elementor-element elementor-element-cf92430\" data-eae-slider=\"90049\" data-id=\"cf92430\" data-element_type=\"column\" data-e-type=\"column\" data-settings=\"{&quot;background_background&quot;:&quot;classic&quot;}\">\n\t\t\t<div class=\"elementor-widget-wrap elementor-element-populated\">\n\t\t\t\t\t<div class=\"elementor-background-overlay\"><\/div>\n\t\t\t\t\t\t<div class=\"elementor-element elementor-element-788d89a elementor-position-left elementor-vertical-align-middle elementor-widget elementor-widget-image-box\" data-id=\"788d89a\" data-element_type=\"widget\" data-e-type=\"widget\" data-widget_type=\"image-box.default\">\n\t\t\t\t<div class=\"elementor-widget-container\">\n\t\t\t\t\t<div class=\"elementor-image-box-wrapper\"><figure class=\"elementor-image-box-img\"><a href=\"https:\/\/portal.unila.edu.br\/sact\/laboratorios-de-pesquisa\" tabindex=\"-1\"><img decoding=\"async\" width=\"799\" height=\"533\" src=\"https:\/\/divulga.unila.edu.br\/espacociencia\/wp-content\/uploads\/sites\/6\/2023\/03\/LabCannabisMedicinal-1.jpg\" class=\"elementor-animation-shrink attachment-full size-full wp-image-5127\" alt=\"\" srcset=\"https:\/\/divulga.unila.edu.br\/espacociencia\/wp-content\/uploads\/sites\/6\/2023\/03\/LabCannabisMedicinal-1.jpg 799w, https:\/\/divulga.unila.edu.br\/espacociencia\/wp-content\/uploads\/sites\/6\/2023\/03\/LabCannabisMedicinal-1-300x200.jpg 300w, https:\/\/divulga.unila.edu.br\/espacociencia\/wp-content\/uploads\/sites\/6\/2023\/03\/LabCannabisMedicinal-1-768x512.jpg 768w, https:\/\/divulga.unila.edu.br\/espacociencia\/wp-content\/uploads\/sites\/6\/2023\/03\/LabCannabisMedicinal-1-205x137.jpg 205w, https:\/\/divulga.unila.edu.br\/espacociencia\/wp-content\/uploads\/sites\/6\/2023\/03\/LabCannabisMedicinal-1-480x320.jpg 480w\" sizes=\"(max-width: 799px) 100vw, 799px\" \/><\/a><\/figure><div class=\"elementor-image-box-content\"><h3 class=\"elementor-image-box-title\"><a href=\"https:\/\/portal.unila.edu.br\/sact\/laboratorios-de-pesquisa\">Laborat\u00f3rios de pesquisa\u200b<\/a><\/h3><p class=\"elementor-image-box-description\">Espa\u00e7os onde a ci\u00eancia acontece na pr\u00e1tica. Conhe\u00e7a a infraestrutura e as especialidades de cada laborat\u00f3rio da UNILA.<\/p><\/div><\/div>\t\t\t\t<\/div>\n\t\t\t\t<\/div>\n\t\t\t\t\t<\/div>\n\t\t<\/div>\n\t\t\t\t\t<\/div>\n\t\t<\/section>\n\t\t\t\t<div class=\"elementor-element elementor-element-d7cc4ac elementor-widget elementor-widget-spacer\" data-id=\"d7cc4ac\" data-element_type=\"widget\" data-e-type=\"widget\" data-widget_type=\"spacer.default\">\n\t\t\t\t<div class=\"elementor-widget-container\">\n\t\t\t\t\t\t\t<div class=\"elementor-spacer\">\n\t\t\t<div class=\"elementor-spacer-inner\"><\/div>\n\t\t<\/div>\n\t\t\t\t\t\t<\/div>\n\t\t\t\t<\/div>\n\t\t\t\t\t<\/div>\n\t\t<\/div>\n\t\t\t\t\t<\/div>\n\t\t<\/section>\n\t\t\t\t<\/div>\n\t\t","protected":false},"excerpt":{"rendered":"<p>Multidisciplinar A \u00e1rea Multidisciplinar compreende a coexist\u00eancia de v\u00e1rias disciplinas, mesmo que n\u00e3o estejam interligadas entre si. Hist\u00f3rias de quilombo Busca o fortalecimento da educa\u00e7\u00e3o, de atividades culturais e da produ\u00e7\u00e3o sustent\u00e1vel quilombola, com base no reconhecimento e valoriza\u00e7\u00e3o de aspectos de cada local e na promo\u00e7\u00e3o da autonomia das comunidades. &gt; Saiba mais (em breve) Al\u00e9m dos sites institucionais, \u00e9 poss\u00edvel consultar as a\u00e7\u00f5es de extens\u00e3o ativas, os projetos de pesquisa registrados e a infraestrutura dos laborat\u00f3rios de pesquisa. Extens\u00e3o A\u00e7\u00f5es desenvolvidas pela UNILA, fruto de ensino e pesquisa, que impactam diretamente a comunidade externa. Pesquisa\u200b O conhecimento produzido na UNILA, registrado, organizado e \u00e0 disposi\u00e7\u00e3o de todos. Laborat\u00f3rios de pesquisa\u200b Espa\u00e7os onde a ci\u00eancia acontece na pr\u00e1tica. Conhe\u00e7a a infraestrutura e as especialidades de cada laborat\u00f3rio da UNILA.<\/p>\n","protected":false},"author":5,"featured_media":0,"parent":0,"menu_order":0,"comment_status":"closed","ping_status":"closed","template":"","meta":{"_uag_custom_page_level_css":"","site-container-style":"default","site-container-layout":"default","site-sidebar-layout":"default","disable-article-header":"default","disable-site-header":"default","disable-site-footer":"default","disable-content-area-spacing":"default","_themeisle_gutenberg_block_has_review":false,"footnotes":""},"class_list":["post-252","page","type-page","status-publish","hentry"],"uagb_featured_image_src":{"full":false,"thumbnail":false,"medium":false,"medium_large":false,"large":false,"1536x1536":false,"2048x2048":false,"htmega_size_585x295":false,"htmega_size_1170x536":false,"htmega_size_396x360":false,"tainacan-small":false,"tainacan-medium":false,"tainacan-medium-full":false,"tainacan-large-full":false},"uagb_author_info":{"display_name":"roberta.moreno","author_link":"https:\/\/divulga.unila.edu.br\/espacociencia\/author\/roberta\/"},"uagb_comment_info":0,"uagb_excerpt":"Multidisciplinar A \u00e1rea Multidisciplinar compreende a coexist\u00eancia de v\u00e1rias disciplinas, mesmo que n\u00e3o estejam interligadas entre si. Hist\u00f3rias de quilombo Busca o fortalecimento da educa\u00e7\u00e3o, de atividades culturais e da produ\u00e7\u00e3o sustent\u00e1vel quilombola, com base no reconhecimento e valoriza\u00e7\u00e3o de aspectos de cada local e na promo\u00e7\u00e3o da autonomia das comunidades. &gt; Saiba mais (em&hellip;","_links":{"self":[{"href":"https:\/\/divulga.unila.edu.br\/espacociencia\/wp-json\/wp\/v2\/pages\/252","targetHints":{"allow":["GET"]}}],"collection":[{"href":"https:\/\/divulga.unila.edu.br\/espacociencia\/wp-json\/wp\/v2\/pages"}],"about":[{"href":"https:\/\/divulga.unila.edu.br\/espacociencia\/wp-json\/wp\/v2\/types\/page"}],"author":[{"embeddable":true,"href":"https:\/\/divulga.unila.edu.br\/espacociencia\/wp-json\/wp\/v2\/users\/5"}],"replies":[{"embeddable":true,"href":"https:\/\/divulga.unila.edu.br\/espacociencia\/wp-json\/wp\/v2\/comments?post=252"}],"version-history":[{"count":29,"href":"https:\/\/divulga.unila.edu.br\/espacociencia\/wp-json\/wp\/v2\/pages\/252\/revisions"}],"predecessor-version":[{"id":7384,"href":"https:\/\/divulga.unila.edu.br\/espacociencia\/wp-json\/wp\/v2\/pages\/252\/revisions\/7384"}],"wp:attachment":[{"href":"https:\/\/divulga.unila.edu.br\/espacociencia\/wp-json\/wp\/v2\/media?parent=252"}],"curies":[{"name":"wp","href":"https:\/\/api.w.org\/{rel}","templated":true}]}}