{"id":248,"date":"2022-08-16T17:24:15","date_gmt":"2022-08-16T20:24:15","guid":{"rendered":"https:\/\/divulga.unila.edu.br\/espacociencia\/?page_id=248"},"modified":"2023-09-13T18:28:33","modified_gmt":"2023-09-13T21:28:33","slug":"linguistica-letras-e-artes","status":"publish","type":"page","link":"https:\/\/divulga.unila.edu.br\/espacociencia\/linguistica-letras-e-artes\/","title":{"rendered":"Lingu\u00edstica, Letras e Artes"},"content":{"rendered":"\t\t<div data-elementor-type=\"wp-page\" data-elementor-id=\"248\" class=\"elementor elementor-248\">\n\t\t\t\t\t\t<section class=\"has_eae_slider elementor-section elementor-top-section elementor-element elementor-element-ad144a4 elementor-section-height-min-height elementor-section-boxed elementor-section-height-default elementor-section-items-middle wpr-particle-no wpr-jarallax-no wpr-parallax-no wpr-sticky-section-no wpr-equal-height-no\" data-eae-slider=\"99325\" data-id=\"ad144a4\" data-element_type=\"section\" data-e-type=\"section\" data-settings=\"{&quot;background_background&quot;:&quot;classic&quot;}\">\n\t\t\t\t\t\t<div class=\"elementor-container elementor-column-gap-default\">\n\t\t\t\t\t<div class=\"has_eae_slider elementor-column elementor-col-100 elementor-top-column elementor-element elementor-element-0b41662\" data-eae-slider=\"50555\" data-id=\"0b41662\" data-element_type=\"column\" data-e-type=\"column\">\n\t\t\t<div class=\"elementor-widget-wrap elementor-element-populated\">\n\t\t\t\t\t\t<div class=\"elementor-element elementor-element-404a8dc elementor-invisible elementor-widget elementor-widget-heading\" data-id=\"404a8dc\" data-element_type=\"widget\" data-e-type=\"widget\" data-settings=\"{&quot;_animation&quot;:&quot;fadeInDown&quot;}\" data-widget_type=\"heading.default\">\n\t\t\t\t<div class=\"elementor-widget-container\">\n\t\t\t\t\t<h2 class=\"elementor-heading-title elementor-size-default\">Lingu\u00edstica, Letras e Artes<\/h2>\t\t\t\t<\/div>\n\t\t\t\t<\/div>\n\t\t\t\t\t<\/div>\n\t\t<\/div>\n\t\t\t\t\t<\/div>\n\t\t<\/section>\n\t\t\t\t<section class=\"has_eae_slider elementor-section elementor-top-section elementor-element elementor-element-905e139 elementor-section-boxed elementor-section-height-default elementor-section-height-default wpr-particle-no wpr-jarallax-no wpr-parallax-no wpr-sticky-section-no wpr-equal-height-no\" data-eae-slider=\"94953\" data-id=\"905e139\" data-element_type=\"section\" data-e-type=\"section\">\n\t\t\t\t\t\t<div class=\"elementor-container elementor-column-gap-default\">\n\t\t\t\t\t<div class=\"has_eae_slider elementor-column elementor-col-100 elementor-top-column elementor-element elementor-element-4f83dd7 elementor-invisible\" data-eae-slider=\"51606\" data-id=\"4f83dd7\" data-element_type=\"column\" data-e-type=\"column\" data-settings=\"{&quot;animation&quot;:&quot;fadeIn&quot;}\">\n\t\t\t<div class=\"elementor-widget-wrap elementor-element-populated\">\n\t\t\t\t\t\t<div class=\"elementor-element elementor-element-c439ec3 elementor-widget elementor-widget-text-editor\" data-id=\"c439ec3\" data-element_type=\"widget\" data-e-type=\"widget\" data-widget_type=\"text-editor.default\">\n\t\t\t\t<div class=\"elementor-widget-container\">\n\t\t\t\t\t\t\t\t\t<p>Lingu\u00edstica e Letras s\u00e3o \u00e1reas do conhecimento que t\u00eam como objetivos estudar e facilitar a comunica\u00e7\u00e3o entre os seres humanos.<\/p><p>As Artes, por sua vez, envolvem o estudo te\u00f3rico e pr\u00e1tico das express\u00f5es art\u00edsticas e culturais que caracterizam a ra\u00e7a humana.<\/p><p>Para saber mais sobre as atividades de pesquisa e extens\u00e3o da UNILA relacionadas \u00e0 Lingu\u00edstica, Letras e Artes, explore os links abaixo.<\/p>\t\t\t\t\t\t\t\t<\/div>\n\t\t\t\t<\/div>\n\t\t\t\t\t<\/div>\n\t\t<\/div>\n\t\t\t\t\t<\/div>\n\t\t<\/section>\n\t\t\t\t<section class=\"has_eae_slider elementor-section elementor-top-section elementor-element elementor-element-6738bf83 elementor-section-boxed elementor-section-height-default elementor-section-height-default wpr-particle-no wpr-jarallax-no wpr-parallax-no wpr-sticky-section-no wpr-equal-height-no\" data-eae-slider=\"81656\" data-id=\"6738bf83\" data-element_type=\"section\" data-e-type=\"section\">\n\t\t\t\t\t\t<div class=\"elementor-container elementor-column-gap-default\">\n\t\t\t\t\t<div class=\"has_eae_slider elementor-column elementor-col-50 elementor-top-column elementor-element elementor-element-27786deb\" data-eae-slider=\"1199\" data-id=\"27786deb\" data-element_type=\"column\" data-e-type=\"column\">\n\t\t\t<div class=\"elementor-widget-wrap elementor-element-populated\">\n\t\t\t\t\t\t<div class=\"elementor-element elementor-element-4472186 elementor-widget elementor-widget-accordion\" data-id=\"4472186\" data-element_type=\"widget\" data-e-type=\"widget\" data-widget_type=\"accordion.default\">\n\t\t\t\t<div class=\"elementor-widget-container\">\n\t\t\t\t\t\t\t<div class=\"elementor-accordion\">\n\t\t\t\t\t\t\t<div class=\"elementor-accordion-item\">\n\t\t\t\t\t<div id=\"elementor-tab-title-7171\" class=\"elementor-tab-title\" data-tab=\"1\" role=\"button\" aria-controls=\"elementor-tab-content-7171\" aria-expanded=\"false\">\n\t\t\t\t\t\t\t\t\t\t\t\t\t<span class=\"elementor-accordion-icon elementor-accordion-icon-left\" aria-hidden=\"true\">\n\t\t\t\t\t\t\t\t\t\t\t\t\t\t\t<span class=\"elementor-accordion-icon-closed\"><i class=\"fas fa-plus\"><\/i><\/span>\n\t\t\t\t\t\t\t\t<span class=\"elementor-accordion-icon-opened\"><i class=\"fas fa-minus\"><\/i><\/span>\n\t\t\t\t\t\t\t\t\t\t\t\t\t\t<\/span>\n\t\t\t\t\t\t\t\t\t\t\t\t<a class=\"elementor-accordion-title\" tabindex=\"0\">Uplay<\/a>\n\t\t\t\t\t<\/div>\n\t\t\t\t\t<div id=\"elementor-tab-content-7171\" class=\"elementor-tab-content elementor-clearfix\" data-tab=\"1\" role=\"region\" aria-labelledby=\"elementor-tab-title-7171\"><h6>Acervo do Curso de Cinema e Audiovisual da UNILA.<\/h6><p><strong>&gt; <a href=\"https:\/\/divulga.unila.edu.br\/uplay\/\">Saiba mais<\/a><\/strong><\/p><\/div>\n\t\t\t\t<\/div>\n\t\t\t\t\t\t\t\t<\/div>\n\t\t\t\t\t\t<\/div>\n\t\t\t\t<\/div>\n\t\t\t\t<div class=\"elementor-element elementor-element-10fea5e elementor-widget elementor-widget-accordion\" data-id=\"10fea5e\" data-element_type=\"widget\" data-e-type=\"widget\" data-widget_type=\"accordion.default\">\n\t\t\t\t<div class=\"elementor-widget-container\">\n\t\t\t\t\t\t\t<div class=\"elementor-accordion\">\n\t\t\t\t\t\t\t<div class=\"elementor-accordion-item\">\n\t\t\t\t\t<div id=\"elementor-tab-title-1781\" class=\"elementor-tab-title\" data-tab=\"1\" role=\"button\" aria-controls=\"elementor-tab-content-1781\" aria-expanded=\"false\">\n\t\t\t\t\t\t\t\t\t\t\t\t\t<span class=\"elementor-accordion-icon elementor-accordion-icon-left\" aria-hidden=\"true\">\n\t\t\t\t\t\t\t\t\t\t\t\t\t\t\t<span class=\"elementor-accordion-icon-closed\"><i class=\"fas fa-plus\"><\/i><\/span>\n\t\t\t\t\t\t\t\t<span class=\"elementor-accordion-icon-opened\"><i class=\"fas fa-minus\"><\/i><\/span>\n\t\t\t\t\t\t\t\t\t\t\t\t\t\t<\/span>\n\t\t\t\t\t\t\t\t\t\t\t\t<a class=\"elementor-accordion-title\" tabindex=\"0\">Varia\u00e7\u00e3o lingu\u00edstica: geopros\u00f3dia, l\u00ednguas em contato e ensino<\/a>\n\t\t\t\t\t<\/div>\n\t\t\t\t\t<div id=\"elementor-tab-content-1781\" class=\"elementor-tab-content elementor-clearfix\" data-tab=\"1\" role=\"region\" aria-labelledby=\"elementor-tab-title-1781\"><h6>Estudo sobre o contato do espanhol com outras l\u00ednguas presentes na UNILA, e toda Am\u00e9rica Latina.<\/h6><p><strong>&gt; Saiba mais (em breve)<\/strong><\/p><\/div>\n\t\t\t\t<\/div>\n\t\t\t\t\t\t\t\t<\/div>\n\t\t\t\t\t\t<\/div>\n\t\t\t\t<\/div>\n\t\t\t\t\t<\/div>\n\t\t<\/div>\n\t\t\t\t<div class=\"has_eae_slider elementor-column elementor-col-50 elementor-top-column elementor-element elementor-element-5640ca3\" data-eae-slider=\"32935\" data-id=\"5640ca3\" data-element_type=\"column\" data-e-type=\"column\">\n\t\t\t<div class=\"elementor-widget-wrap elementor-element-populated\">\n\t\t\t\t\t\t<div class=\"elementor-element elementor-element-e68bb69 elementor-widget elementor-widget-accordion\" data-id=\"e68bb69\" data-element_type=\"widget\" data-e-type=\"widget\" data-widget_type=\"accordion.default\">\n\t\t\t\t<div class=\"elementor-widget-container\">\n\t\t\t\t\t\t\t<div class=\"elementor-accordion\">\n\t\t\t\t\t\t\t<div class=\"elementor-accordion-item\">\n\t\t\t\t\t<div id=\"elementor-tab-title-2411\" class=\"elementor-tab-title\" data-tab=\"1\" role=\"button\" aria-controls=\"elementor-tab-content-2411\" aria-expanded=\"false\">\n\t\t\t\t\t\t\t\t\t\t\t\t\t<span class=\"elementor-accordion-icon elementor-accordion-icon-left\" aria-hidden=\"true\">\n\t\t\t\t\t\t\t\t\t\t\t\t\t\t\t<span class=\"elementor-accordion-icon-closed\"><i class=\"fas fa-plus\"><\/i><\/span>\n\t\t\t\t\t\t\t\t<span class=\"elementor-accordion-icon-opened\"><i class=\"fas fa-minus\"><\/i><\/span>\n\t\t\t\t\t\t\t\t\t\t\t\t\t\t<\/span>\n\t\t\t\t\t\t\t\t\t\t\t\t<a class=\"elementor-accordion-title\" tabindex=\"0\">Idiomas sem Fronteiras - ISF\/UNILA<\/a>\n\t\t\t\t\t<\/div>\n\t\t\t\t\t<div id=\"elementor-tab-content-2411\" class=\"elementor-tab-content elementor-clearfix\" data-tab=\"1\" role=\"region\" aria-labelledby=\"elementor-tab-title-2411\"><h6>Forma\u00e7\u00e3o em alem\u00e3o, espanhol, ingl\u00eas e portugu\u00eas para estrangeiros.<\/h6><p><strong>&gt; <a href=\"https:\/\/divulga.unila.edu.br\/isf\/\" target=\"_blank\" rel=\"noopener\">Saiba mais<\/a><\/strong><\/p><\/div>\n\t\t\t\t<\/div>\n\t\t\t\t\t\t\t\t<\/div>\n\t\t\t\t\t\t<\/div>\n\t\t\t\t<\/div>\n\t\t\t\t\t<\/div>\n\t\t<\/div>\n\t\t\t\t\t<\/div>\n\t\t<\/section>\n\t\t\t\t<section class=\"has_eae_slider elementor-section elementor-top-section elementor-element elementor-element-7ab4aae elementor-section-boxed elementor-section-height-default elementor-section-height-default wpr-particle-no wpr-jarallax-no wpr-parallax-no wpr-sticky-section-no wpr-equal-height-no\" data-eae-slider=\"31721\" data-id=\"7ab4aae\" data-element_type=\"section\" data-e-type=\"section\">\n\t\t\t\t\t\t<div class=\"elementor-container elementor-column-gap-default\">\n\t\t\t\t\t<div class=\"has_eae_slider elementor-column elementor-col-100 elementor-top-column elementor-element elementor-element-4ba8ba7 elementor-invisible\" data-eae-slider=\"5164\" data-id=\"4ba8ba7\" data-element_type=\"column\" data-e-type=\"column\" data-settings=\"{&quot;animation&quot;:&quot;fadeIn&quot;}\">\n\t\t\t<div class=\"elementor-widget-wrap elementor-element-populated\">\n\t\t\t\t\t\t<div class=\"elementor-element elementor-element-bc04791 elementor-widget elementor-widget-text-editor\" data-id=\"bc04791\" data-element_type=\"widget\" data-e-type=\"widget\" data-widget_type=\"text-editor.default\">\n\t\t\t\t<div class=\"elementor-widget-container\">\n\t\t\t\t\t\t\t\t\t<p><span style=\"font-weight: 300;\">Al\u00e9m dos sites institucionais, \u00e9 poss\u00edvel consultar as a\u00e7\u00f5es de extens\u00e3o ativas, os projetos de pesquisa registrados e a infraestrutura dos laborat\u00f3rios de pesquisa.<\/span><\/p>\t\t\t\t\t\t\t\t<\/div>\n\t\t\t\t<\/div>\n\t\t\t\t<section class=\"has_eae_slider elementor-section elementor-inner-section elementor-element elementor-element-d07d944 elementor-section-boxed elementor-section-height-default elementor-section-height-default wpr-particle-no wpr-jarallax-no wpr-parallax-no wpr-sticky-section-no wpr-equal-height-no\" data-eae-slider=\"86093\" data-id=\"d07d944\" data-element_type=\"section\" data-e-type=\"section\">\n\t\t\t\t\t\t<div class=\"elementor-container elementor-column-gap-default\">\n\t\t\t\t\t<div class=\"has_eae_slider elementor-column elementor-col-100 elementor-inner-column elementor-element elementor-element-cdf0e34\" data-eae-slider=\"3859\" data-id=\"cdf0e34\" data-element_type=\"column\" data-e-type=\"column\" data-settings=\"{&quot;background_background&quot;:&quot;classic&quot;}\">\n\t\t\t<div class=\"elementor-widget-wrap elementor-element-populated\">\n\t\t\t\t\t<div class=\"elementor-background-overlay\"><\/div>\n\t\t\t\t\t\t<div class=\"elementor-element elementor-element-9a6d8f0 elementor-position-left elementor-vertical-align-middle elementor-widget elementor-widget-image-box\" data-id=\"9a6d8f0\" data-element_type=\"widget\" data-e-type=\"widget\" data-widget_type=\"image-box.default\">\n\t\t\t\t<div class=\"elementor-widget-container\">\n\t\t\t\t\t<div class=\"elementor-image-box-wrapper\"><figure class=\"elementor-image-box-img\"><a href=\"https:\/\/sig.unila.edu.br\/sigaa\/public\/extensao\/consulta_extensao.jsf\" tabindex=\"-1\"><img fetchpriority=\"high\" decoding=\"async\" width=\"799\" height=\"533\" src=\"https:\/\/divulga.unila.edu.br\/espacociencia\/wp-content\/uploads\/sites\/6\/2023\/03\/DiaCdaCiencia-1.jpg\" class=\"elementor-animation-shrink attachment-full size-full wp-image-5126\" alt=\"\" srcset=\"https:\/\/divulga.unila.edu.br\/espacociencia\/wp-content\/uploads\/sites\/6\/2023\/03\/DiaCdaCiencia-1.jpg 799w, https:\/\/divulga.unila.edu.br\/espacociencia\/wp-content\/uploads\/sites\/6\/2023\/03\/DiaCdaCiencia-1-300x200.jpg 300w, https:\/\/divulga.unila.edu.br\/espacociencia\/wp-content\/uploads\/sites\/6\/2023\/03\/DiaCdaCiencia-1-768x512.jpg 768w, https:\/\/divulga.unila.edu.br\/espacociencia\/wp-content\/uploads\/sites\/6\/2023\/03\/DiaCdaCiencia-1-205x137.jpg 205w, https:\/\/divulga.unila.edu.br\/espacociencia\/wp-content\/uploads\/sites\/6\/2023\/03\/DiaCdaCiencia-1-480x320.jpg 480w\" sizes=\"(max-width: 799px) 100vw, 799px\" \/><\/a><\/figure><div class=\"elementor-image-box-content\"><h3 class=\"elementor-image-box-title\"><a href=\"https:\/\/sig.unila.edu.br\/sigaa\/public\/extensao\/consulta_extensao.jsf\">Extens\u00e3o<\/a><\/h3><p class=\"elementor-image-box-description\">A\u00e7\u00f5es desenvolvidas pela UNILA, fruto de ensino e pesquisa, que impactam diretamente a comunidade externa.<\/p><\/div><\/div>\t\t\t\t<\/div>\n\t\t\t\t<\/div>\n\t\t\t\t\t<\/div>\n\t\t<\/div>\n\t\t\t\t\t<\/div>\n\t\t<\/section>\n\t\t\t\t<section class=\"has_eae_slider elementor-section elementor-inner-section elementor-element elementor-element-9c10d19 elementor-section-boxed elementor-section-height-default elementor-section-height-default wpr-particle-no wpr-jarallax-no wpr-parallax-no wpr-sticky-section-no wpr-equal-height-no\" data-eae-slider=\"17153\" data-id=\"9c10d19\" data-element_type=\"section\" data-e-type=\"section\">\n\t\t\t\t\t\t<div class=\"elementor-container elementor-column-gap-default\">\n\t\t\t\t\t<div class=\"has_eae_slider elementor-column elementor-col-100 elementor-inner-column elementor-element elementor-element-9312c72\" data-eae-slider=\"56101\" data-id=\"9312c72\" data-element_type=\"column\" data-e-type=\"column\" data-settings=\"{&quot;background_background&quot;:&quot;classic&quot;}\">\n\t\t\t<div class=\"elementor-widget-wrap elementor-element-populated\">\n\t\t\t\t\t<div class=\"elementor-background-overlay\"><\/div>\n\t\t\t\t\t\t<div class=\"elementor-element elementor-element-bc80c36 elementor-position-left elementor-vertical-align-middle elementor-widget elementor-widget-image-box\" data-id=\"bc80c36\" data-element_type=\"widget\" data-e-type=\"widget\" data-widget_type=\"image-box.default\">\n\t\t\t\t<div class=\"elementor-widget-container\">\n\t\t\t\t\t<div class=\"elementor-image-box-wrapper\"><figure class=\"elementor-image-box-img\"><a href=\"https:\/\/sig.unila.edu.br\/sigaa\/public\/pesquisa\/consulta_projetos.jsf?aba=p-pesquisa\" tabindex=\"-1\"><img decoding=\"async\" width=\"799\" height=\"533\" src=\"https:\/\/divulga.unila.edu.br\/espacociencia\/wp-content\/uploads\/sites\/6\/2023\/03\/ColetanoturnaParqueNacionaldoIguacu.jpg\" class=\"elementor-animation-shrink attachment-full size-full wp-image-5108\" alt=\"\" srcset=\"https:\/\/divulga.unila.edu.br\/espacociencia\/wp-content\/uploads\/sites\/6\/2023\/03\/ColetanoturnaParqueNacionaldoIguacu.jpg 799w, https:\/\/divulga.unila.edu.br\/espacociencia\/wp-content\/uploads\/sites\/6\/2023\/03\/ColetanoturnaParqueNacionaldoIguacu-300x200.jpg 300w, https:\/\/divulga.unila.edu.br\/espacociencia\/wp-content\/uploads\/sites\/6\/2023\/03\/ColetanoturnaParqueNacionaldoIguacu-768x512.jpg 768w, https:\/\/divulga.unila.edu.br\/espacociencia\/wp-content\/uploads\/sites\/6\/2023\/03\/ColetanoturnaParqueNacionaldoIguacu-205x137.jpg 205w, https:\/\/divulga.unila.edu.br\/espacociencia\/wp-content\/uploads\/sites\/6\/2023\/03\/ColetanoturnaParqueNacionaldoIguacu-480x320.jpg 480w\" sizes=\"(max-width: 799px) 100vw, 799px\" \/><\/a><\/figure><div class=\"elementor-image-box-content\"><h3 class=\"elementor-image-box-title\"><a href=\"https:\/\/sig.unila.edu.br\/sigaa\/public\/pesquisa\/consulta_projetos.jsf?aba=p-pesquisa\">Pesquisa\u200b<\/a><\/h3><p class=\"elementor-image-box-description\">O conhecimento produzido na UNILA, registrado, organizado e \u00e0 disposi\u00e7\u00e3o de todos.<\/p><\/div><\/div>\t\t\t\t<\/div>\n\t\t\t\t<\/div>\n\t\t\t\t\t<\/div>\n\t\t<\/div>\n\t\t\t\t\t<\/div>\n\t\t<\/section>\n\t\t\t\t<section class=\"has_eae_slider elementor-section elementor-inner-section elementor-element elementor-element-d82429e elementor-section-boxed elementor-section-height-default elementor-section-height-default wpr-particle-no wpr-jarallax-no wpr-parallax-no wpr-sticky-section-no wpr-equal-height-no\" data-eae-slider=\"89827\" data-id=\"d82429e\" data-element_type=\"section\" data-e-type=\"section\">\n\t\t\t\t\t\t<div class=\"elementor-container elementor-column-gap-default\">\n\t\t\t\t\t<div class=\"has_eae_slider elementor-column elementor-col-100 elementor-inner-column elementor-element elementor-element-10088ee\" data-eae-slider=\"54803\" data-id=\"10088ee\" data-element_type=\"column\" data-e-type=\"column\" data-settings=\"{&quot;background_background&quot;:&quot;classic&quot;}\">\n\t\t\t<div class=\"elementor-widget-wrap elementor-element-populated\">\n\t\t\t\t\t<div class=\"elementor-background-overlay\"><\/div>\n\t\t\t\t\t\t<div class=\"elementor-element elementor-element-06997b9 elementor-position-left elementor-vertical-align-middle elementor-widget elementor-widget-image-box\" data-id=\"06997b9\" data-element_type=\"widget\" data-e-type=\"widget\" data-widget_type=\"image-box.default\">\n\t\t\t\t<div class=\"elementor-widget-container\">\n\t\t\t\t\t<div class=\"elementor-image-box-wrapper\"><figure class=\"elementor-image-box-img\"><a href=\"https:\/\/portal.unila.edu.br\/sact\/laboratorios-de-pesquisa\" tabindex=\"-1\"><img decoding=\"async\" width=\"799\" height=\"533\" src=\"https:\/\/divulga.unila.edu.br\/espacociencia\/wp-content\/uploads\/sites\/6\/2023\/03\/LabCannabisMedicinal-1.jpg\" class=\"elementor-animation-shrink attachment-full size-full wp-image-5127\" alt=\"\" srcset=\"https:\/\/divulga.unila.edu.br\/espacociencia\/wp-content\/uploads\/sites\/6\/2023\/03\/LabCannabisMedicinal-1.jpg 799w, https:\/\/divulga.unila.edu.br\/espacociencia\/wp-content\/uploads\/sites\/6\/2023\/03\/LabCannabisMedicinal-1-300x200.jpg 300w, https:\/\/divulga.unila.edu.br\/espacociencia\/wp-content\/uploads\/sites\/6\/2023\/03\/LabCannabisMedicinal-1-768x512.jpg 768w, https:\/\/divulga.unila.edu.br\/espacociencia\/wp-content\/uploads\/sites\/6\/2023\/03\/LabCannabisMedicinal-1-205x137.jpg 205w, https:\/\/divulga.unila.edu.br\/espacociencia\/wp-content\/uploads\/sites\/6\/2023\/03\/LabCannabisMedicinal-1-480x320.jpg 480w\" sizes=\"(max-width: 799px) 100vw, 799px\" \/><\/a><\/figure><div class=\"elementor-image-box-content\"><h3 class=\"elementor-image-box-title\"><a href=\"https:\/\/portal.unila.edu.br\/sact\/laboratorios-de-pesquisa\">Laborat\u00f3rios de pesquisa\u200b<\/a><\/h3><p class=\"elementor-image-box-description\">Espa\u00e7os onde a ci\u00eancia acontece na pr\u00e1tica. Conhe\u00e7a a infraestrutura e as especialidades de cada laborat\u00f3rio da UNILA.<\/p><\/div><\/div>\t\t\t\t<\/div>\n\t\t\t\t<\/div>\n\t\t\t\t\t<\/div>\n\t\t<\/div>\n\t\t\t\t\t<\/div>\n\t\t<\/section>\n\t\t\t\t<div class=\"elementor-element elementor-element-5a95b09 elementor-widget elementor-widget-spacer\" data-id=\"5a95b09\" data-element_type=\"widget\" data-e-type=\"widget\" data-widget_type=\"spacer.default\">\n\t\t\t\t<div class=\"elementor-widget-container\">\n\t\t\t\t\t\t\t<div class=\"elementor-spacer\">\n\t\t\t<div class=\"elementor-spacer-inner\"><\/div>\n\t\t<\/div>\n\t\t\t\t\t\t<\/div>\n\t\t\t\t<\/div>\n\t\t\t\t\t<\/div>\n\t\t<\/div>\n\t\t\t\t\t<\/div>\n\t\t<\/section>\n\t\t\t\t<\/div>\n\t\t","protected":false},"excerpt":{"rendered":"<p>Lingu\u00edstica, Letras e Artes Lingu\u00edstica e Letras s\u00e3o \u00e1reas do conhecimento que t\u00eam como objetivos estudar e facilitar a comunica\u00e7\u00e3o entre os seres humanos. As Artes, por sua vez, envolvem o estudo te\u00f3rico e pr\u00e1tico das express\u00f5es art\u00edsticas e culturais que caracterizam a ra\u00e7a humana. Para saber mais sobre as atividades de pesquisa e extens\u00e3o da UNILA relacionadas \u00e0 Lingu\u00edstica, Letras e Artes, explore os links abaixo. Uplay Acervo do Curso de Cinema e Audiovisual da UNILA. &gt; Saiba mais Varia\u00e7\u00e3o lingu\u00edstica: geopros\u00f3dia, l\u00ednguas em contato e ensino Estudo sobre o contato do espanhol com outras l\u00ednguas presentes na UNILA, e toda Am\u00e9rica Latina. &gt; Saiba mais (em breve) Idiomas sem Fronteiras &#8211; ISF\/UNILA Forma\u00e7\u00e3o em alem\u00e3o, espanhol, ingl\u00eas e portugu\u00eas para estrangeiros. &gt; Saiba mais Al\u00e9m dos sites institucionais, \u00e9 poss\u00edvel consultar as a\u00e7\u00f5es de extens\u00e3o ativas, os projetos de pesquisa registrados e a infraestrutura dos laborat\u00f3rios de pesquisa. Extens\u00e3o A\u00e7\u00f5es desenvolvidas pela UNILA, fruto de ensino e pesquisa, que impactam diretamente a comunidade externa. Pesquisa\u200b O conhecimento produzido na UNILA, registrado, organizado e \u00e0 disposi\u00e7\u00e3o de todos. Laborat\u00f3rios de pesquisa\u200b Espa\u00e7os onde a ci\u00eancia acontece na pr\u00e1tica. Conhe\u00e7a a infraestrutura e as especialidades de cada laborat\u00f3rio da UNILA.<\/p>\n","protected":false},"author":5,"featured_media":0,"parent":0,"menu_order":0,"comment_status":"closed","ping_status":"closed","template":"","meta":{"_uag_custom_page_level_css":"","site-container-style":"default","site-container-layout":"default","site-sidebar-layout":"default","disable-article-header":"default","disable-site-header":"default","disable-site-footer":"default","disable-content-area-spacing":"default","_themeisle_gutenberg_block_has_review":false,"footnotes":""},"class_list":["post-248","page","type-page","status-publish","hentry"],"uagb_featured_image_src":{"full":false,"thumbnail":false,"medium":false,"medium_large":false,"large":false,"1536x1536":false,"2048x2048":false,"htmega_size_585x295":false,"htmega_size_1170x536":false,"htmega_size_396x360":false,"tainacan-small":false,"tainacan-medium":false,"tainacan-medium-full":false,"tainacan-large-full":false},"uagb_author_info":{"display_name":"roberta.moreno","author_link":"https:\/\/divulga.unila.edu.br\/espacociencia\/author\/roberta\/"},"uagb_comment_info":0,"uagb_excerpt":"Lingu\u00edstica, Letras e Artes Lingu\u00edstica e Letras s\u00e3o \u00e1reas do conhecimento que t\u00eam como objetivos estudar e facilitar a comunica\u00e7\u00e3o entre os seres humanos. As Artes, por sua vez, envolvem o estudo te\u00f3rico e pr\u00e1tico das express\u00f5es art\u00edsticas e culturais que caracterizam a ra\u00e7a humana. Para saber mais sobre as atividades de pesquisa e extens\u00e3o&hellip;","_links":{"self":[{"href":"https:\/\/divulga.unila.edu.br\/espacociencia\/wp-json\/wp\/v2\/pages\/248","targetHints":{"allow":["GET"]}}],"collection":[{"href":"https:\/\/divulga.unila.edu.br\/espacociencia\/wp-json\/wp\/v2\/pages"}],"about":[{"href":"https:\/\/divulga.unila.edu.br\/espacociencia\/wp-json\/wp\/v2\/types\/page"}],"author":[{"embeddable":true,"href":"https:\/\/divulga.unila.edu.br\/espacociencia\/wp-json\/wp\/v2\/users\/5"}],"replies":[{"embeddable":true,"href":"https:\/\/divulga.unila.edu.br\/espacociencia\/wp-json\/wp\/v2\/comments?post=248"}],"version-history":[{"count":76,"href":"https:\/\/divulga.unila.edu.br\/espacociencia\/wp-json\/wp\/v2\/pages\/248\/revisions"}],"predecessor-version":[{"id":6365,"href":"https:\/\/divulga.unila.edu.br\/espacociencia\/wp-json\/wp\/v2\/pages\/248\/revisions\/6365"}],"wp:attachment":[{"href":"https:\/\/divulga.unila.edu.br\/espacociencia\/wp-json\/wp\/v2\/media?parent=248"}],"curies":[{"name":"wp","href":"https:\/\/api.w.org\/{rel}","templated":true}]}}