{"id":242,"date":"2022-08-16T17:23:43","date_gmt":"2022-08-16T20:23:43","guid":{"rendered":"https:\/\/divulga.unila.edu.br\/espacociencia\/?page_id=242"},"modified":"2023-05-10T23:18:01","modified_gmt":"2023-05-11T02:18:01","slug":"engenharias","status":"publish","type":"page","link":"https:\/\/divulga.unila.edu.br\/espacociencia\/engenharias\/","title":{"rendered":"Engenharias"},"content":{"rendered":"\t\t<div data-elementor-type=\"wp-page\" data-elementor-id=\"242\" class=\"elementor elementor-242\">\n\t\t\t\t\t\t<section class=\"has_eae_slider elementor-section elementor-top-section elementor-element elementor-element-039b766 elementor-section-height-min-height elementor-section-boxed elementor-section-height-default elementor-section-items-middle wpr-particle-no wpr-jarallax-no wpr-parallax-no wpr-sticky-section-no wpr-equal-height-no\" data-eae-slider=\"57128\" data-id=\"039b766\" data-element_type=\"section\" data-e-type=\"section\" data-settings=\"{&quot;background_background&quot;:&quot;classic&quot;}\">\n\t\t\t\t\t\t<div class=\"elementor-container elementor-column-gap-default\">\n\t\t\t\t\t<div class=\"has_eae_slider elementor-column elementor-col-100 elementor-top-column elementor-element elementor-element-ef092d6\" data-eae-slider=\"81588\" data-id=\"ef092d6\" data-element_type=\"column\" data-e-type=\"column\">\n\t\t\t<div class=\"elementor-widget-wrap elementor-element-populated\">\n\t\t\t\t\t\t<div class=\"elementor-element elementor-element-b23624b elementor-invisible elementor-widget elementor-widget-heading\" data-id=\"b23624b\" data-element_type=\"widget\" data-e-type=\"widget\" data-settings=\"{&quot;_animation&quot;:&quot;fadeInDown&quot;}\" data-widget_type=\"heading.default\">\n\t\t\t\t<div class=\"elementor-widget-container\">\n\t\t\t\t\t<h2 class=\"elementor-heading-title elementor-size-default\">Engenharias<\/h2>\t\t\t\t<\/div>\n\t\t\t\t<\/div>\n\t\t\t\t\t<\/div>\n\t\t<\/div>\n\t\t\t\t\t<\/div>\n\t\t<\/section>\n\t\t\t\t<section class=\"has_eae_slider elementor-section elementor-top-section elementor-element elementor-element-f80a11e elementor-section-boxed elementor-section-height-default elementor-section-height-default wpr-particle-no wpr-jarallax-no wpr-parallax-no wpr-sticky-section-no wpr-equal-height-no\" data-eae-slider=\"21468\" data-id=\"f80a11e\" data-element_type=\"section\" data-e-type=\"section\">\n\t\t\t\t\t\t<div class=\"elementor-container elementor-column-gap-default\">\n\t\t\t\t\t<div class=\"has_eae_slider elementor-column elementor-col-100 elementor-top-column elementor-element elementor-element-858500d elementor-invisible\" data-eae-slider=\"2020\" data-id=\"858500d\" data-element_type=\"column\" data-e-type=\"column\" data-settings=\"{&quot;animation&quot;:&quot;fadeIn&quot;}\">\n\t\t\t<div class=\"elementor-widget-wrap elementor-element-populated\">\n\t\t\t\t\t\t<div class=\"elementor-element elementor-element-0d1884e elementor-widget elementor-widget-text-editor\" data-id=\"0d1884e\" data-element_type=\"widget\" data-e-type=\"widget\" data-widget_type=\"text-editor.default\">\n\t\t\t\t<div class=\"elementor-widget-container\">\n\t\t\t\t\t\t\t\t\t<p>As Engenharias dedicam-se a oferecer solu\u00e7\u00f5es pr\u00e1ticas para problemas concretos.<br \/><br \/>Em outras palavras, esta \u00e1rea trata da aplica\u00e7\u00e3o de m\u00e9todos do conhecimento cient\u00edfico ou emp\u00edrico, destinados \u00e0 utiliza\u00e7\u00e3o de recursos materiais e naturais para o benef\u00edcio do ser humano.<br \/><br \/>Esta \u00e1rea do conhecimento ainda n\u00e3o possui nenhum site cadastrado.\u00a0<\/p>\t\t\t\t\t\t\t\t<\/div>\n\t\t\t\t<\/div>\n\t\t\t\t\t<\/div>\n\t\t<\/div>\n\t\t\t\t\t<\/div>\n\t\t<\/section>\n\t\t\t\t<section class=\"has_eae_slider elementor-section elementor-top-section elementor-element elementor-element-6f28007 elementor-section-boxed elementor-section-height-default elementor-section-height-default wpr-particle-no wpr-jarallax-no wpr-parallax-no wpr-sticky-section-no wpr-equal-height-no\" data-eae-slider=\"8191\" data-id=\"6f28007\" data-element_type=\"section\" data-e-type=\"section\">\n\t\t\t\t\t\t<div class=\"elementor-container elementor-column-gap-default\">\n\t\t\t\t\t<div class=\"has_eae_slider elementor-column elementor-col-100 elementor-top-column elementor-element elementor-element-a0fa172 elementor-invisible\" data-eae-slider=\"95534\" data-id=\"a0fa172\" data-element_type=\"column\" data-e-type=\"column\" data-settings=\"{&quot;animation&quot;:&quot;fadeIn&quot;}\">\n\t\t\t<div class=\"elementor-widget-wrap elementor-element-populated\">\n\t\t\t\t\t\t<div class=\"elementor-element elementor-element-c508b61 elementor-widget elementor-widget-text-editor\" data-id=\"c508b61\" data-element_type=\"widget\" data-e-type=\"widget\" data-widget_type=\"text-editor.default\">\n\t\t\t\t<div class=\"elementor-widget-container\">\n\t\t\t\t\t\t\t\t\t<p><span style=\"font-weight: 300;\">Al\u00e9m dos sites institucionais, \u00e9 poss\u00edvel consultar as a\u00e7\u00f5es de extens\u00e3o ativas, os projetos de pesquisa registrados e a infraestrutura dos laborat\u00f3rios de pesquisa.<\/span><\/p>\t\t\t\t\t\t\t\t<\/div>\n\t\t\t\t<\/div>\n\t\t\t\t<section class=\"has_eae_slider elementor-section elementor-inner-section elementor-element elementor-element-43cb504 elementor-section-boxed elementor-section-height-default elementor-section-height-default wpr-particle-no wpr-jarallax-no wpr-parallax-no wpr-sticky-section-no wpr-equal-height-no\" data-eae-slider=\"7585\" data-id=\"43cb504\" data-element_type=\"section\" data-e-type=\"section\">\n\t\t\t\t\t\t<div class=\"elementor-container elementor-column-gap-default\">\n\t\t\t\t\t<div class=\"has_eae_slider elementor-column elementor-col-100 elementor-inner-column elementor-element elementor-element-928c002\" data-eae-slider=\"18901\" data-id=\"928c002\" data-element_type=\"column\" data-e-type=\"column\" data-settings=\"{&quot;background_background&quot;:&quot;classic&quot;}\">\n\t\t\t<div class=\"elementor-widget-wrap elementor-element-populated\">\n\t\t\t\t\t<div class=\"elementor-background-overlay\"><\/div>\n\t\t\t\t\t\t<div class=\"elementor-element elementor-element-87e5e6a elementor-position-left elementor-vertical-align-middle elementor-widget elementor-widget-image-box\" data-id=\"87e5e6a\" data-element_type=\"widget\" data-e-type=\"widget\" data-widget_type=\"image-box.default\">\n\t\t\t\t<div class=\"elementor-widget-container\">\n\t\t\t\t\t<div class=\"elementor-image-box-wrapper\"><figure class=\"elementor-image-box-img\"><a href=\"https:\/\/sig.unila.edu.br\/sigaa\/public\/extensao\/consulta_extensao.jsf\" tabindex=\"-1\"><img fetchpriority=\"high\" decoding=\"async\" width=\"799\" height=\"533\" src=\"https:\/\/divulga.unila.edu.br\/espacociencia\/wp-content\/uploads\/sites\/6\/2023\/03\/DiaCdaCiencia-1.jpg\" class=\"elementor-animation-shrink attachment-full size-full wp-image-5126\" alt=\"\" srcset=\"https:\/\/divulga.unila.edu.br\/espacociencia\/wp-content\/uploads\/sites\/6\/2023\/03\/DiaCdaCiencia-1.jpg 799w, https:\/\/divulga.unila.edu.br\/espacociencia\/wp-content\/uploads\/sites\/6\/2023\/03\/DiaCdaCiencia-1-300x200.jpg 300w, https:\/\/divulga.unila.edu.br\/espacociencia\/wp-content\/uploads\/sites\/6\/2023\/03\/DiaCdaCiencia-1-768x512.jpg 768w, https:\/\/divulga.unila.edu.br\/espacociencia\/wp-content\/uploads\/sites\/6\/2023\/03\/DiaCdaCiencia-1-205x137.jpg 205w, https:\/\/divulga.unila.edu.br\/espacociencia\/wp-content\/uploads\/sites\/6\/2023\/03\/DiaCdaCiencia-1-480x320.jpg 480w\" sizes=\"(max-width: 799px) 100vw, 799px\" \/><\/a><\/figure><div class=\"elementor-image-box-content\"><h3 class=\"elementor-image-box-title\"><a href=\"https:\/\/sig.unila.edu.br\/sigaa\/public\/extensao\/consulta_extensao.jsf\">Extens\u00e3o<\/a><\/h3><p class=\"elementor-image-box-description\">A\u00e7\u00f5es desenvolvidas pela UNILA, fruto de ensino e pesquisa, que impactam diretamente a comunidade externa.<\/p><\/div><\/div>\t\t\t\t<\/div>\n\t\t\t\t<\/div>\n\t\t\t\t\t<\/div>\n\t\t<\/div>\n\t\t\t\t\t<\/div>\n\t\t<\/section>\n\t\t\t\t<section class=\"has_eae_slider elementor-section elementor-inner-section elementor-element elementor-element-ca102fb elementor-section-boxed elementor-section-height-default elementor-section-height-default wpr-particle-no wpr-jarallax-no wpr-parallax-no wpr-sticky-section-no wpr-equal-height-no\" data-eae-slider=\"11846\" data-id=\"ca102fb\" data-element_type=\"section\" data-e-type=\"section\">\n\t\t\t\t\t\t<div class=\"elementor-container elementor-column-gap-default\">\n\t\t\t\t\t<div class=\"has_eae_slider elementor-column elementor-col-100 elementor-inner-column elementor-element elementor-element-d31b813\" data-eae-slider=\"86296\" data-id=\"d31b813\" data-element_type=\"column\" data-e-type=\"column\" data-settings=\"{&quot;background_background&quot;:&quot;classic&quot;}\">\n\t\t\t<div class=\"elementor-widget-wrap elementor-element-populated\">\n\t\t\t\t\t<div class=\"elementor-background-overlay\"><\/div>\n\t\t\t\t\t\t<div class=\"elementor-element elementor-element-f0c1f3d elementor-position-left elementor-vertical-align-middle elementor-widget elementor-widget-image-box\" data-id=\"f0c1f3d\" data-element_type=\"widget\" data-e-type=\"widget\" data-widget_type=\"image-box.default\">\n\t\t\t\t<div class=\"elementor-widget-container\">\n\t\t\t\t\t<div class=\"elementor-image-box-wrapper\"><figure class=\"elementor-image-box-img\"><a href=\"https:\/\/sig.unila.edu.br\/sigaa\/public\/pesquisa\/consulta_projetos.jsf?aba=p-pesquisa\" tabindex=\"-1\"><img decoding=\"async\" width=\"799\" height=\"533\" src=\"https:\/\/divulga.unila.edu.br\/espacociencia\/wp-content\/uploads\/sites\/6\/2023\/03\/ColetanoturnaParqueNacionaldoIguacu.jpg\" class=\"elementor-animation-shrink attachment-full size-full wp-image-5108\" alt=\"\" srcset=\"https:\/\/divulga.unila.edu.br\/espacociencia\/wp-content\/uploads\/sites\/6\/2023\/03\/ColetanoturnaParqueNacionaldoIguacu.jpg 799w, https:\/\/divulga.unila.edu.br\/espacociencia\/wp-content\/uploads\/sites\/6\/2023\/03\/ColetanoturnaParqueNacionaldoIguacu-300x200.jpg 300w, https:\/\/divulga.unila.edu.br\/espacociencia\/wp-content\/uploads\/sites\/6\/2023\/03\/ColetanoturnaParqueNacionaldoIguacu-768x512.jpg 768w, https:\/\/divulga.unila.edu.br\/espacociencia\/wp-content\/uploads\/sites\/6\/2023\/03\/ColetanoturnaParqueNacionaldoIguacu-205x137.jpg 205w, https:\/\/divulga.unila.edu.br\/espacociencia\/wp-content\/uploads\/sites\/6\/2023\/03\/ColetanoturnaParqueNacionaldoIguacu-480x320.jpg 480w\" sizes=\"(max-width: 799px) 100vw, 799px\" \/><\/a><\/figure><div class=\"elementor-image-box-content\"><h3 class=\"elementor-image-box-title\"><a href=\"https:\/\/sig.unila.edu.br\/sigaa\/public\/pesquisa\/consulta_projetos.jsf?aba=p-pesquisa\">Pesquisa\u200b<\/a><\/h3><p class=\"elementor-image-box-description\">O conhecimento produzido na UNILA, registrado, organizado e \u00e0 disposi\u00e7\u00e3o de todos.<\/p><\/div><\/div>\t\t\t\t<\/div>\n\t\t\t\t<\/div>\n\t\t\t\t\t<\/div>\n\t\t<\/div>\n\t\t\t\t\t<\/div>\n\t\t<\/section>\n\t\t\t\t<section class=\"has_eae_slider elementor-section elementor-inner-section elementor-element elementor-element-ebaeed9 elementor-section-boxed elementor-section-height-default elementor-section-height-default wpr-particle-no wpr-jarallax-no wpr-parallax-no wpr-sticky-section-no wpr-equal-height-no\" data-eae-slider=\"32241\" data-id=\"ebaeed9\" data-element_type=\"section\" data-e-type=\"section\">\n\t\t\t\t\t\t<div class=\"elementor-container elementor-column-gap-default\">\n\t\t\t\t\t<div class=\"has_eae_slider elementor-column elementor-col-100 elementor-inner-column elementor-element elementor-element-419462b\" data-eae-slider=\"83381\" data-id=\"419462b\" data-element_type=\"column\" data-e-type=\"column\" data-settings=\"{&quot;background_background&quot;:&quot;classic&quot;}\">\n\t\t\t<div class=\"elementor-widget-wrap elementor-element-populated\">\n\t\t\t\t\t<div class=\"elementor-background-overlay\"><\/div>\n\t\t\t\t\t\t<div class=\"elementor-element elementor-element-7db4e3a elementor-position-left elementor-vertical-align-middle elementor-widget elementor-widget-image-box\" data-id=\"7db4e3a\" data-element_type=\"widget\" data-e-type=\"widget\" data-widget_type=\"image-box.default\">\n\t\t\t\t<div class=\"elementor-widget-container\">\n\t\t\t\t\t<div class=\"elementor-image-box-wrapper\"><figure class=\"elementor-image-box-img\"><a href=\"https:\/\/portal.unila.edu.br\/sact\/laboratorios-de-pesquisa\" tabindex=\"-1\"><img decoding=\"async\" width=\"799\" height=\"533\" src=\"https:\/\/divulga.unila.edu.br\/espacociencia\/wp-content\/uploads\/sites\/6\/2023\/03\/LabCannabisMedicinal-1.jpg\" class=\"elementor-animation-shrink attachment-full size-full wp-image-5127\" alt=\"\" srcset=\"https:\/\/divulga.unila.edu.br\/espacociencia\/wp-content\/uploads\/sites\/6\/2023\/03\/LabCannabisMedicinal-1.jpg 799w, https:\/\/divulga.unila.edu.br\/espacociencia\/wp-content\/uploads\/sites\/6\/2023\/03\/LabCannabisMedicinal-1-300x200.jpg 300w, https:\/\/divulga.unila.edu.br\/espacociencia\/wp-content\/uploads\/sites\/6\/2023\/03\/LabCannabisMedicinal-1-768x512.jpg 768w, https:\/\/divulga.unila.edu.br\/espacociencia\/wp-content\/uploads\/sites\/6\/2023\/03\/LabCannabisMedicinal-1-205x137.jpg 205w, https:\/\/divulga.unila.edu.br\/espacociencia\/wp-content\/uploads\/sites\/6\/2023\/03\/LabCannabisMedicinal-1-480x320.jpg 480w\" sizes=\"(max-width: 799px) 100vw, 799px\" \/><\/a><\/figure><div class=\"elementor-image-box-content\"><h3 class=\"elementor-image-box-title\"><a href=\"https:\/\/portal.unila.edu.br\/sact\/laboratorios-de-pesquisa\">Laborat\u00f3rios de pesquisa\u200b<\/a><\/h3><p class=\"elementor-image-box-description\">Espa\u00e7os onde a ci\u00eancia acontece na pr\u00e1tica. Conhe\u00e7a a infraestrutura e as especialidades de cada laborat\u00f3rio da UNILA.<\/p><\/div><\/div>\t\t\t\t<\/div>\n\t\t\t\t<\/div>\n\t\t\t\t\t<\/div>\n\t\t<\/div>\n\t\t\t\t\t<\/div>\n\t\t<\/section>\n\t\t\t\t<div class=\"elementor-element elementor-element-4b404ee elementor-widget elementor-widget-spacer\" data-id=\"4b404ee\" data-element_type=\"widget\" data-e-type=\"widget\" data-widget_type=\"spacer.default\">\n\t\t\t\t<div class=\"elementor-widget-container\">\n\t\t\t\t\t\t\t<div class=\"elementor-spacer\">\n\t\t\t<div class=\"elementor-spacer-inner\"><\/div>\n\t\t<\/div>\n\t\t\t\t\t\t<\/div>\n\t\t\t\t<\/div>\n\t\t\t\t\t<\/div>\n\t\t<\/div>\n\t\t\t\t\t<\/div>\n\t\t<\/section>\n\t\t\t\t<\/div>\n\t\t","protected":false},"excerpt":{"rendered":"<p>Engenharias As Engenharias dedicam-se a oferecer solu\u00e7\u00f5es pr\u00e1ticas para problemas concretos. Em outras palavras, esta \u00e1rea trata da aplica\u00e7\u00e3o de m\u00e9todos do conhecimento cient\u00edfico ou emp\u00edrico, destinados \u00e0 utiliza\u00e7\u00e3o de recursos materiais e naturais para o benef\u00edcio do ser humano. Esta \u00e1rea do conhecimento ainda n\u00e3o possui nenhum site cadastrado.\u00a0 Al\u00e9m dos sites institucionais, \u00e9 poss\u00edvel consultar as a\u00e7\u00f5es de extens\u00e3o ativas, os projetos de pesquisa registrados e a infraestrutura dos laborat\u00f3rios de pesquisa. Extens\u00e3o A\u00e7\u00f5es desenvolvidas pela UNILA, fruto de ensino e pesquisa, que impactam diretamente a comunidade externa. Pesquisa\u200b O conhecimento produzido na UNILA, registrado, organizado e \u00e0 disposi\u00e7\u00e3o de todos. Laborat\u00f3rios de pesquisa\u200b Espa\u00e7os onde a ci\u00eancia acontece na pr\u00e1tica. Conhe\u00e7a a infraestrutura e as especialidades de cada laborat\u00f3rio da UNILA.<\/p>\n","protected":false},"author":5,"featured_media":0,"parent":0,"menu_order":0,"comment_status":"closed","ping_status":"closed","template":"","meta":{"_uag_custom_page_level_css":"","site-container-style":"default","site-container-layout":"default","site-sidebar-layout":"default","disable-article-header":"default","disable-site-header":"default","disable-site-footer":"default","disable-content-area-spacing":"default","_themeisle_gutenberg_block_has_review":false,"footnotes":""},"class_list":["post-242","page","type-page","status-publish","hentry"],"yoast_head":"<!-- This site is optimized with the Yoast SEO plugin v27.6 - https:\/\/yoast.com\/product\/yoast-seo-wordpress\/ -->\n<title>Engenharias - Espa\u00e7o Ci\u00eancia<\/title>\n<meta name=\"robots\" content=\"index, follow, max-snippet:-1, max-image-preview:large, max-video-preview:-1\" \/>\n<link rel=\"canonical\" href=\"https:\/\/divulga.unila.edu.br\/espacociencia\/engenharias\/\" \/>\n<meta property=\"og:locale\" content=\"pt_BR\" \/>\n<meta property=\"og:type\" content=\"article\" \/>\n<meta property=\"og:title\" content=\"Engenharias - Espa\u00e7o Ci\u00eancia\" \/>\n<meta property=\"og:description\" content=\"Engenharias As Engenharias dedicam-se a oferecer solu\u00e7\u00f5es pr\u00e1ticas para problemas concretos. Em outras palavras, esta \u00e1rea trata da aplica\u00e7\u00e3o de m\u00e9todos do conhecimento cient\u00edfico ou emp\u00edrico, destinados \u00e0 utiliza\u00e7\u00e3o de recursos materiais e naturais para o benef\u00edcio do ser humano. Esta \u00e1rea do conhecimento ainda n\u00e3o possui nenhum site cadastrado.\u00a0 Al\u00e9m dos sites institucionais, \u00e9 poss\u00edvel consultar as a\u00e7\u00f5es de extens\u00e3o ativas, os projetos de pesquisa registrados e a infraestrutura dos laborat\u00f3rios de pesquisa. Extens\u00e3o A\u00e7\u00f5es desenvolvidas pela UNILA, fruto de ensino e pesquisa, que impactam diretamente a comunidade externa. Pesquisa\u200b O conhecimento produzido na UNILA, registrado, organizado e \u00e0 disposi\u00e7\u00e3o de todos. Laborat\u00f3rios de pesquisa\u200b Espa\u00e7os onde a ci\u00eancia acontece na pr\u00e1tica. Conhe\u00e7a a infraestrutura e as especialidades de cada laborat\u00f3rio da UNILA.\" \/>\n<meta property=\"og:url\" content=\"https:\/\/divulga.unila.edu.br\/espacociencia\/engenharias\/\" \/>\n<meta property=\"og:site_name\" content=\"Espa\u00e7o Ci\u00eancia\" \/>\n<meta property=\"article:modified_time\" content=\"2023-05-11T02:18:01+00:00\" \/>\n<meta property=\"og:image\" content=\"http:\/\/divulga.unila.edu.br\/espacociencia\/wp-content\/uploads\/sites\/6\/2023\/03\/DiaCdaCiencia-1.jpg\" \/>\n<meta name=\"twitter:card\" content=\"summary_large_image\" \/>\n<meta name=\"twitter:label1\" content=\"Est. tempo de leitura\" \/>\n\t<meta name=\"twitter:data1\" content=\"1 minuto\" \/>\n<script type=\"application\/ld+json\" class=\"yoast-schema-graph\">{\"@context\":\"https:\\\/\\\/schema.org\",\"@graph\":[{\"@type\":\"WebPage\",\"@id\":\"https:\\\/\\\/divulga.unila.edu.br\\\/espacociencia\\\/engenharias\\\/\",\"url\":\"https:\\\/\\\/divulga.unila.edu.br\\\/espacociencia\\\/engenharias\\\/\",\"name\":\"Engenharias - Espa\u00e7o Ci\u00eancia\",\"isPartOf\":{\"@id\":\"https:\\\/\\\/divulga.unila.edu.br\\\/espacociencia\\\/#website\"},\"primaryImageOfPage\":{\"@id\":\"https:\\\/\\\/divulga.unila.edu.br\\\/espacociencia\\\/engenharias\\\/#primaryimage\"},\"image\":{\"@id\":\"https:\\\/\\\/divulga.unila.edu.br\\\/espacociencia\\\/engenharias\\\/#primaryimage\"},\"thumbnailUrl\":\"http:\\\/\\\/divulga.unila.edu.br\\\/espacociencia\\\/wp-content\\\/uploads\\\/sites\\\/6\\\/2023\\\/03\\\/DiaCdaCiencia-1.jpg\",\"datePublished\":\"2022-08-16T20:23:43+00:00\",\"dateModified\":\"2023-05-11T02:18:01+00:00\",\"breadcrumb\":{\"@id\":\"https:\\\/\\\/divulga.unila.edu.br\\\/espacociencia\\\/engenharias\\\/#breadcrumb\"},\"inLanguage\":\"pt-BR\",\"potentialAction\":[{\"@type\":\"ReadAction\",\"target\":[\"https:\\\/\\\/divulga.unila.edu.br\\\/espacociencia\\\/engenharias\\\/\"]}]},{\"@type\":\"ImageObject\",\"inLanguage\":\"pt-BR\",\"@id\":\"https:\\\/\\\/divulga.unila.edu.br\\\/espacociencia\\\/engenharias\\\/#primaryimage\",\"url\":\"http:\\\/\\\/divulga.unila.edu.br\\\/espacociencia\\\/wp-content\\\/uploads\\\/sites\\\/6\\\/2023\\\/03\\\/DiaCdaCiencia-1.jpg\",\"contentUrl\":\"http:\\\/\\\/divulga.unila.edu.br\\\/espacociencia\\\/wp-content\\\/uploads\\\/sites\\\/6\\\/2023\\\/03\\\/DiaCdaCiencia-1.jpg\"},{\"@type\":\"BreadcrumbList\",\"@id\":\"https:\\\/\\\/divulga.unila.edu.br\\\/espacociencia\\\/engenharias\\\/#breadcrumb\",\"itemListElement\":[{\"@type\":\"ListItem\",\"position\":1,\"name\":\"In\u00edcio\",\"item\":\"https:\\\/\\\/divulga.unila.edu.br\\\/espacociencia\\\/\"},{\"@type\":\"ListItem\",\"position\":2,\"name\":\"Engenharias\"}]},{\"@type\":\"WebSite\",\"@id\":\"https:\\\/\\\/divulga.unila.edu.br\\\/espacociencia\\\/#website\",\"url\":\"https:\\\/\\\/divulga.unila.edu.br\\\/espacociencia\\\/\",\"name\":\"Espa\u00e7o Ci\u00eancia\",\"description\":\"Divulga\u00e7\u00e3o Cient\u00edfica - UNILA\",\"potentialAction\":[{\"@type\":\"SearchAction\",\"target\":{\"@type\":\"EntryPoint\",\"urlTemplate\":\"https:\\\/\\\/divulga.unila.edu.br\\\/espacociencia\\\/?s={search_term_string}\"},\"query-input\":{\"@type\":\"PropertyValueSpecification\",\"valueRequired\":true,\"valueName\":\"search_term_string\"}}],\"inLanguage\":\"pt-BR\"}]}<\/script>\n<!-- \/ Yoast SEO plugin. -->","yoast_head_json":{"title":"Engenharias - Espa\u00e7o Ci\u00eancia","robots":{"index":"index","follow":"follow","max-snippet":"max-snippet:-1","max-image-preview":"max-image-preview:large","max-video-preview":"max-video-preview:-1"},"canonical":"https:\/\/divulga.unila.edu.br\/espacociencia\/engenharias\/","og_locale":"pt_BR","og_type":"article","og_title":"Engenharias - Espa\u00e7o Ci\u00eancia","og_description":"Engenharias As Engenharias dedicam-se a oferecer solu\u00e7\u00f5es pr\u00e1ticas para problemas concretos. Em outras palavras, esta \u00e1rea trata da aplica\u00e7\u00e3o de m\u00e9todos do conhecimento cient\u00edfico ou emp\u00edrico, destinados \u00e0 utiliza\u00e7\u00e3o de recursos materiais e naturais para o benef\u00edcio do ser humano. Esta \u00e1rea do conhecimento ainda n\u00e3o possui nenhum site cadastrado.\u00a0 Al\u00e9m dos sites institucionais, \u00e9 poss\u00edvel consultar as a\u00e7\u00f5es de extens\u00e3o ativas, os projetos de pesquisa registrados e a infraestrutura dos laborat\u00f3rios de pesquisa. Extens\u00e3o A\u00e7\u00f5es desenvolvidas pela UNILA, fruto de ensino e pesquisa, que impactam diretamente a comunidade externa. Pesquisa\u200b O conhecimento produzido na UNILA, registrado, organizado e \u00e0 disposi\u00e7\u00e3o de todos. Laborat\u00f3rios de pesquisa\u200b Espa\u00e7os onde a ci\u00eancia acontece na pr\u00e1tica. Conhe\u00e7a a infraestrutura e as especialidades de cada laborat\u00f3rio da UNILA.","og_url":"https:\/\/divulga.unila.edu.br\/espacociencia\/engenharias\/","og_site_name":"Espa\u00e7o Ci\u00eancia","article_modified_time":"2023-05-11T02:18:01+00:00","og_image":[{"url":"http:\/\/divulga.unila.edu.br\/espacociencia\/wp-content\/uploads\/sites\/6\/2023\/03\/DiaCdaCiencia-1.jpg","type":"","width":"","height":""}],"twitter_card":"summary_large_image","twitter_misc":{"Est. tempo de leitura":"1 minuto"},"schema":{"@context":"https:\/\/schema.org","@graph":[{"@type":"WebPage","@id":"https:\/\/divulga.unila.edu.br\/espacociencia\/engenharias\/","url":"https:\/\/divulga.unila.edu.br\/espacociencia\/engenharias\/","name":"Engenharias - Espa\u00e7o Ci\u00eancia","isPartOf":{"@id":"https:\/\/divulga.unila.edu.br\/espacociencia\/#website"},"primaryImageOfPage":{"@id":"https:\/\/divulga.unila.edu.br\/espacociencia\/engenharias\/#primaryimage"},"image":{"@id":"https:\/\/divulga.unila.edu.br\/espacociencia\/engenharias\/#primaryimage"},"thumbnailUrl":"http:\/\/divulga.unila.edu.br\/espacociencia\/wp-content\/uploads\/sites\/6\/2023\/03\/DiaCdaCiencia-1.jpg","datePublished":"2022-08-16T20:23:43+00:00","dateModified":"2023-05-11T02:18:01+00:00","breadcrumb":{"@id":"https:\/\/divulga.unila.edu.br\/espacociencia\/engenharias\/#breadcrumb"},"inLanguage":"pt-BR","potentialAction":[{"@type":"ReadAction","target":["https:\/\/divulga.unila.edu.br\/espacociencia\/engenharias\/"]}]},{"@type":"ImageObject","inLanguage":"pt-BR","@id":"https:\/\/divulga.unila.edu.br\/espacociencia\/engenharias\/#primaryimage","url":"http:\/\/divulga.unila.edu.br\/espacociencia\/wp-content\/uploads\/sites\/6\/2023\/03\/DiaCdaCiencia-1.jpg","contentUrl":"http:\/\/divulga.unila.edu.br\/espacociencia\/wp-content\/uploads\/sites\/6\/2023\/03\/DiaCdaCiencia-1.jpg"},{"@type":"BreadcrumbList","@id":"https:\/\/divulga.unila.edu.br\/espacociencia\/engenharias\/#breadcrumb","itemListElement":[{"@type":"ListItem","position":1,"name":"In\u00edcio","item":"https:\/\/divulga.unila.edu.br\/espacociencia\/"},{"@type":"ListItem","position":2,"name":"Engenharias"}]},{"@type":"WebSite","@id":"https:\/\/divulga.unila.edu.br\/espacociencia\/#website","url":"https:\/\/divulga.unila.edu.br\/espacociencia\/","name":"Espa\u00e7o Ci\u00eancia","description":"Divulga\u00e7\u00e3o Cient\u00edfica - UNILA","potentialAction":[{"@type":"SearchAction","target":{"@type":"EntryPoint","urlTemplate":"https:\/\/divulga.unila.edu.br\/espacociencia\/?s={search_term_string}"},"query-input":{"@type":"PropertyValueSpecification","valueRequired":true,"valueName":"search_term_string"}}],"inLanguage":"pt-BR"}]}},"uagb_featured_image_src":{"full":false,"thumbnail":false,"medium":false,"medium_large":false,"large":false,"1536x1536":false,"2048x2048":false,"htmega_size_585x295":false,"htmega_size_1170x536":false,"htmega_size_396x360":false,"tainacan-small":false,"tainacan-medium":false,"tainacan-medium-full":false,"tainacan-large-full":false},"uagb_author_info":{"display_name":"roberta.moreno","author_link":"https:\/\/divulga.unila.edu.br\/espacociencia\/author\/roberta\/"},"uagb_comment_info":0,"uagb_excerpt":"Engenharias As Engenharias dedicam-se a oferecer solu\u00e7\u00f5es pr\u00e1ticas para problemas concretos. Em outras palavras, esta \u00e1rea trata da aplica\u00e7\u00e3o de m\u00e9todos do conhecimento cient\u00edfico ou emp\u00edrico, destinados \u00e0 utiliza\u00e7\u00e3o de recursos materiais e naturais para o benef\u00edcio do ser humano. Esta \u00e1rea do conhecimento ainda n\u00e3o possui nenhum site cadastrado.\u00a0 Al\u00e9m dos sites institucionais, \u00e9&hellip;","_links":{"self":[{"href":"https:\/\/divulga.unila.edu.br\/espacociencia\/wp-json\/wp\/v2\/pages\/242","targetHints":{"allow":["GET"]}}],"collection":[{"href":"https:\/\/divulga.unila.edu.br\/espacociencia\/wp-json\/wp\/v2\/pages"}],"about":[{"href":"https:\/\/divulga.unila.edu.br\/espacociencia\/wp-json\/wp\/v2\/types\/page"}],"author":[{"embeddable":true,"href":"https:\/\/divulga.unila.edu.br\/espacociencia\/wp-json\/wp\/v2\/users\/5"}],"replies":[{"embeddable":true,"href":"https:\/\/divulga.unila.edu.br\/espacociencia\/wp-json\/wp\/v2\/comments?post=242"}],"version-history":[{"count":22,"href":"https:\/\/divulga.unila.edu.br\/espacociencia\/wp-json\/wp\/v2\/pages\/242\/revisions"}],"predecessor-version":[{"id":5967,"href":"https:\/\/divulga.unila.edu.br\/espacociencia\/wp-json\/wp\/v2\/pages\/242\/revisions\/5967"}],"wp:attachment":[{"href":"https:\/\/divulga.unila.edu.br\/espacociencia\/wp-json\/wp\/v2\/media?parent=242"}],"curies":[{"name":"wp","href":"https:\/\/api.w.org\/{rel}","templated":true}]}}