{"id":235,"date":"2022-08-16T17:22:59","date_gmt":"2022-08-16T20:22:59","guid":{"rendered":"https:\/\/divulga.unila.edu.br\/espacociencia\/?page_id=235"},"modified":"2025-04-24T18:13:14","modified_gmt":"2025-04-24T21:13:14","slug":"ciencias-humanas","status":"publish","type":"page","link":"https:\/\/divulga.unila.edu.br\/espacociencia\/ciencias-humanas\/","title":{"rendered":"Ci\u00eancias Humanas"},"content":{"rendered":"\t\t<div data-elementor-type=\"wp-page\" data-elementor-id=\"235\" class=\"elementor elementor-235\">\n\t\t\t\t\t\t<section class=\"has_eae_slider elementor-section elementor-top-section elementor-element elementor-element-18345f6 elementor-section-height-min-height elementor-section-boxed elementor-section-height-default elementor-section-items-middle wpr-particle-no wpr-jarallax-no wpr-parallax-no wpr-sticky-section-no wpr-equal-height-no\" data-eae-slider=\"47328\" data-id=\"18345f6\" data-element_type=\"section\" data-e-type=\"section\" data-settings=\"{&quot;background_background&quot;:&quot;classic&quot;}\">\n\t\t\t\t\t\t<div class=\"elementor-container elementor-column-gap-default\">\n\t\t\t\t\t<div class=\"has_eae_slider elementor-column elementor-col-100 elementor-top-column elementor-element elementor-element-401bfb4\" data-eae-slider=\"44605\" data-id=\"401bfb4\" data-element_type=\"column\" data-e-type=\"column\">\n\t\t\t<div class=\"elementor-widget-wrap elementor-element-populated\">\n\t\t\t\t\t\t<div class=\"elementor-element elementor-element-78484e4 elementor-invisible elementor-widget elementor-widget-heading\" data-id=\"78484e4\" data-element_type=\"widget\" data-e-type=\"widget\" data-settings=\"{&quot;_animation&quot;:&quot;fadeInDown&quot;}\" data-widget_type=\"heading.default\">\n\t\t\t\t<div class=\"elementor-widget-container\">\n\t\t\t\t\t<h2 class=\"elementor-heading-title elementor-size-default\">Ci\u00eancias Humanas<\/h2>\t\t\t\t<\/div>\n\t\t\t\t<\/div>\n\t\t\t\t\t<\/div>\n\t\t<\/div>\n\t\t\t\t\t<\/div>\n\t\t<\/section>\n\t\t\t\t<section class=\"has_eae_slider elementor-section elementor-top-section elementor-element elementor-element-00d6bbd elementor-section-boxed elementor-section-height-default elementor-section-height-default wpr-particle-no wpr-jarallax-no wpr-parallax-no wpr-sticky-section-no wpr-equal-height-no\" data-eae-slider=\"81703\" data-id=\"00d6bbd\" data-element_type=\"section\" data-e-type=\"section\">\n\t\t\t\t\t\t<div class=\"elementor-container elementor-column-gap-default\">\n\t\t\t\t\t<div class=\"has_eae_slider elementor-column elementor-col-100 elementor-top-column elementor-element elementor-element-d34048e elementor-invisible\" data-eae-slider=\"27865\" data-id=\"d34048e\" data-element_type=\"column\" data-e-type=\"column\" data-settings=\"{&quot;animation&quot;:&quot;fadeIn&quot;}\">\n\t\t\t<div class=\"elementor-widget-wrap elementor-element-populated\">\n\t\t\t\t\t\t<div class=\"elementor-element elementor-element-fa02cc5 elementor-widget elementor-widget-text-editor\" data-id=\"fa02cc5\" data-element_type=\"widget\" data-e-type=\"widget\" data-widget_type=\"text-editor.default\">\n\t\t\t\t<div class=\"elementor-widget-container\">\n\t\t\t\t\t\t\t\t\t<p>Conforme o nome j\u00e1 sugere, as Ci\u00eancias Humanas buscam compreender melhor os seres humanos.<br \/><br \/><\/p><p>Para isso, elas estudam a sociedade em geral, assim como as rela\u00e7\u00f5es humanas e os fen\u00f4menos sociais, hist\u00f3ricos, psicol\u00f3gicos e culturais que a comp\u00f5em.<br \/><br \/><\/p><p>\u201cConhece-te a ti mesmo\u201d, como diria S\u00f3crates.<br \/><br \/><\/p><p>Para saber mais sobre as atividades de pesquisa e extens\u00e3o da UNILA relacionadas \u00e0s Ci\u00eancias Humanas, explore os links abaixo.<\/p>\t\t\t\t\t\t\t\t<\/div>\n\t\t\t\t<\/div>\n\t\t\t\t\t<\/div>\n\t\t<\/div>\n\t\t\t\t\t<\/div>\n\t\t<\/section>\n\t\t\t\t<section class=\"has_eae_slider elementor-section elementor-top-section elementor-element elementor-element-74e27cc elementor-section-boxed elementor-section-height-default elementor-section-height-default wpr-particle-no wpr-jarallax-no wpr-parallax-no wpr-sticky-section-no wpr-equal-height-no\" data-eae-slider=\"16919\" data-id=\"74e27cc\" data-element_type=\"section\" data-e-type=\"section\">\n\t\t\t\t\t\t<div class=\"elementor-container elementor-column-gap-default\">\n\t\t\t\t\t<div class=\"has_eae_slider elementor-column elementor-col-50 elementor-top-column elementor-element elementor-element-a01a168\" data-eae-slider=\"48270\" data-id=\"a01a168\" data-element_type=\"column\" data-e-type=\"column\">\n\t\t\t<div class=\"elementor-widget-wrap elementor-element-populated\">\n\t\t\t\t\t\t<div class=\"elementor-element elementor-element-8a631eb elementor-widget elementor-widget-accordion\" data-id=\"8a631eb\" data-element_type=\"widget\" data-e-type=\"widget\" data-widget_type=\"accordion.default\">\n\t\t\t\t<div class=\"elementor-widget-container\">\n\t\t\t\t\t\t\t<div class=\"elementor-accordion\">\n\t\t\t\t\t\t\t<div class=\"elementor-accordion-item\">\n\t\t\t\t\t<div id=\"elementor-tab-title-1451\" class=\"elementor-tab-title\" data-tab=\"1\" role=\"button\" aria-controls=\"elementor-tab-content-1451\" aria-expanded=\"false\">\n\t\t\t\t\t\t\t\t\t\t\t\t\t<span class=\"elementor-accordion-icon elementor-accordion-icon-left\" aria-hidden=\"true\">\n\t\t\t\t\t\t\t\t\t\t\t\t\t\t\t<span class=\"elementor-accordion-icon-closed\"><i class=\"fas fa-plus\"><\/i><\/span>\n\t\t\t\t\t\t\t\t<span class=\"elementor-accordion-icon-opened\"><i class=\"fas fa-minus\"><\/i><\/span>\n\t\t\t\t\t\t\t\t\t\t\t\t\t\t<\/span>\n\t\t\t\t\t\t\t\t\t\t\t\t<a class=\"elementor-accordion-title\" tabindex=\"0\">Pocam - Portal de Cartografia da Am\u00e9rica Meridional (s\u00e9culos XVI e XVII)<\/a>\n\t\t\t\t\t<\/div>\n\t\t\t\t\t<div id=\"elementor-tab-content-1451\" class=\"elementor-tab-content elementor-clearfix\" data-tab=\"1\" role=\"region\" aria-labelledby=\"elementor-tab-title-1451\"><h6>Estudo sobre a ocupa\u00e7\u00e3o e a forma\u00e7\u00e3o das fronteiras da parte meridional da Am\u00e9rica do Sul na primeira modernidade.<\/h6><p><a href=\"https:\/\/divulga.unila.edu.br\/pocam\/\"><strong>&gt; Saiba mais<\/strong><\/a><\/p><\/div>\n\t\t\t\t<\/div>\n\t\t\t\t\t\t\t\t<\/div>\n\t\t\t\t\t\t<\/div>\n\t\t\t\t<\/div>\n\t\t\t\t\t<\/div>\n\t\t<\/div>\n\t\t\t\t<div class=\"has_eae_slider elementor-column elementor-col-50 elementor-top-column elementor-element elementor-element-59ae3ce\" data-eae-slider=\"3915\" data-id=\"59ae3ce\" data-element_type=\"column\" data-e-type=\"column\">\n\t\t\t<div class=\"elementor-widget-wrap elementor-element-populated\">\n\t\t\t\t\t\t<div class=\"elementor-element elementor-element-364399c elementor-widget elementor-widget-accordion\" data-id=\"364399c\" data-element_type=\"widget\" data-e-type=\"widget\" data-widget_type=\"accordion.default\">\n\t\t\t\t<div class=\"elementor-widget-container\">\n\t\t\t\t\t\t\t<div class=\"elementor-accordion\">\n\t\t\t\t\t\t\t<div class=\"elementor-accordion-item\">\n\t\t\t\t\t<div id=\"elementor-tab-title-5681\" class=\"elementor-tab-title\" data-tab=\"1\" role=\"button\" aria-controls=\"elementor-tab-content-5681\" aria-expanded=\"false\">\n\t\t\t\t\t\t\t\t\t\t\t\t\t<span class=\"elementor-accordion-icon elementor-accordion-icon-left\" aria-hidden=\"true\">\n\t\t\t\t\t\t\t\t\t\t\t\t\t\t\t<span class=\"elementor-accordion-icon-closed\"><i class=\"fas fa-plus\"><\/i><\/span>\n\t\t\t\t\t\t\t\t<span class=\"elementor-accordion-icon-opened\"><i class=\"fas fa-minus\"><\/i><\/span>\n\t\t\t\t\t\t\t\t\t\t\t\t\t\t<\/span>\n\t\t\t\t\t\t\t\t\t\t\t\t<a class=\"elementor-accordion-title\" tabindex=\"0\">Cl\u00ednica Intercultural e da Diversidade<\/a>\n\t\t\t\t\t<\/div>\n\t\t\t\t\t<div id=\"elementor-tab-content-5681\" class=\"elementor-tab-content elementor-clearfix\" data-tab=\"1\" role=\"region\" aria-labelledby=\"elementor-tab-title-5681\"><h6>Apoio psicol\u00f3gico e oficinas terap\u00eauticas \u00e0 popula\u00e7\u00e3o LGBTQIA+, negros, ind\u00edgenas, refugiados e migrantes.<\/h6><p><strong>&gt; <a href=\"https:\/\/divulga.unila.edu.br\/interclinica\" target=\"_blank\" rel=\"noopener\">Saiba mais<\/a><\/strong><\/p><\/div>\n\t\t\t\t<\/div>\n\t\t\t\t\t\t\t\t<\/div>\n\t\t\t\t\t\t<\/div>\n\t\t\t\t<\/div>\n\t\t\t\t\t<\/div>\n\t\t<\/div>\n\t\t\t\t\t<\/div>\n\t\t<\/section>\n\t\t\t\t<section class=\"has_eae_slider elementor-section elementor-top-section elementor-element elementor-element-e95c90a elementor-section-boxed elementor-section-height-default elementor-section-height-default wpr-particle-no wpr-jarallax-no wpr-parallax-no wpr-sticky-section-no wpr-equal-height-no\" data-eae-slider=\"5983\" data-id=\"e95c90a\" data-element_type=\"section\" data-e-type=\"section\">\n\t\t\t\t\t\t<div class=\"elementor-container elementor-column-gap-default\">\n\t\t\t\t\t<div class=\"has_eae_slider elementor-column elementor-col-100 elementor-top-column elementor-element elementor-element-ed81ba8 elementor-invisible\" data-eae-slider=\"89905\" data-id=\"ed81ba8\" data-element_type=\"column\" data-e-type=\"column\" data-settings=\"{&quot;animation&quot;:&quot;fadeIn&quot;}\">\n\t\t\t<div class=\"elementor-widget-wrap elementor-element-populated\">\n\t\t\t\t\t\t<div class=\"elementor-element elementor-element-64103ec elementor-widget elementor-widget-text-editor\" data-id=\"64103ec\" data-element_type=\"widget\" data-e-type=\"widget\" data-widget_type=\"text-editor.default\">\n\t\t\t\t<div class=\"elementor-widget-container\">\n\t\t\t\t\t\t\t\t\t<p><span style=\"font-weight: 300;\">Al\u00e9m dos sites institucionais, \u00e9 poss\u00edvel consultar as a\u00e7\u00f5es de extens\u00e3o ativas, os projetos de pesquisa registrados e a infraestrutura dos laborat\u00f3rios de pesquisa.<\/span><\/p>\t\t\t\t\t\t\t\t<\/div>\n\t\t\t\t<\/div>\n\t\t\t\t<section class=\"has_eae_slider elementor-section elementor-inner-section elementor-element elementor-element-7897dde elementor-section-boxed elementor-section-height-default elementor-section-height-default wpr-particle-no wpr-jarallax-no wpr-parallax-no wpr-sticky-section-no wpr-equal-height-no\" data-eae-slider=\"99912\" data-id=\"7897dde\" data-element_type=\"section\" data-e-type=\"section\">\n\t\t\t\t\t\t<div class=\"elementor-container elementor-column-gap-default\">\n\t\t\t\t\t<div class=\"has_eae_slider elementor-column elementor-col-100 elementor-inner-column elementor-element elementor-element-51f3c29\" data-eae-slider=\"72643\" data-id=\"51f3c29\" data-element_type=\"column\" data-e-type=\"column\" data-settings=\"{&quot;background_background&quot;:&quot;classic&quot;}\">\n\t\t\t<div class=\"elementor-widget-wrap elementor-element-populated\">\n\t\t\t\t\t<div class=\"elementor-background-overlay\"><\/div>\n\t\t\t\t\t\t<div class=\"elementor-element elementor-element-771436b elementor-position-left elementor-vertical-align-middle elementor-widget elementor-widget-image-box\" data-id=\"771436b\" data-element_type=\"widget\" data-e-type=\"widget\" data-widget_type=\"image-box.default\">\n\t\t\t\t<div class=\"elementor-widget-container\">\n\t\t\t\t\t<div class=\"elementor-image-box-wrapper\"><figure class=\"elementor-image-box-img\"><a href=\"https:\/\/sig.unila.edu.br\/sigaa\/public\/extensao\/consulta_extensao.jsf\" tabindex=\"-1\"><img fetchpriority=\"high\" decoding=\"async\" width=\"799\" height=\"533\" src=\"https:\/\/divulga.unila.edu.br\/espacociencia\/wp-content\/uploads\/sites\/6\/2023\/03\/DiaCdaCiencia-1.jpg\" class=\"elementor-animation-shrink attachment-full size-full wp-image-5126\" alt=\"\" srcset=\"https:\/\/divulga.unila.edu.br\/espacociencia\/wp-content\/uploads\/sites\/6\/2023\/03\/DiaCdaCiencia-1.jpg 799w, https:\/\/divulga.unila.edu.br\/espacociencia\/wp-content\/uploads\/sites\/6\/2023\/03\/DiaCdaCiencia-1-300x200.jpg 300w, https:\/\/divulga.unila.edu.br\/espacociencia\/wp-content\/uploads\/sites\/6\/2023\/03\/DiaCdaCiencia-1-768x512.jpg 768w, https:\/\/divulga.unila.edu.br\/espacociencia\/wp-content\/uploads\/sites\/6\/2023\/03\/DiaCdaCiencia-1-205x137.jpg 205w, https:\/\/divulga.unila.edu.br\/espacociencia\/wp-content\/uploads\/sites\/6\/2023\/03\/DiaCdaCiencia-1-480x320.jpg 480w\" sizes=\"(max-width: 799px) 100vw, 799px\" \/><\/a><\/figure><div class=\"elementor-image-box-content\"><h3 class=\"elementor-image-box-title\"><a href=\"https:\/\/sig.unila.edu.br\/sigaa\/public\/extensao\/consulta_extensao.jsf\">Extens\u00e3o<\/a><\/h3><p class=\"elementor-image-box-description\">A\u00e7\u00f5es desenvolvidas pela UNILA, fruto de ensino e pesquisa, que impactam diretamente a comunidade externa.<\/p><\/div><\/div>\t\t\t\t<\/div>\n\t\t\t\t<\/div>\n\t\t\t\t\t<\/div>\n\t\t<\/div>\n\t\t\t\t\t<\/div>\n\t\t<\/section>\n\t\t\t\t<section class=\"has_eae_slider elementor-section elementor-inner-section elementor-element elementor-element-ad8f211 elementor-section-boxed elementor-section-height-default elementor-section-height-default wpr-particle-no wpr-jarallax-no wpr-parallax-no wpr-sticky-section-no wpr-equal-height-no\" data-eae-slider=\"63182\" data-id=\"ad8f211\" data-element_type=\"section\" data-e-type=\"section\">\n\t\t\t\t\t\t<div class=\"elementor-container elementor-column-gap-default\">\n\t\t\t\t\t<div class=\"has_eae_slider elementor-column elementor-col-100 elementor-inner-column elementor-element elementor-element-ae23d6e\" data-eae-slider=\"3102\" data-id=\"ae23d6e\" data-element_type=\"column\" data-e-type=\"column\" data-settings=\"{&quot;background_background&quot;:&quot;classic&quot;}\">\n\t\t\t<div class=\"elementor-widget-wrap elementor-element-populated\">\n\t\t\t\t\t<div class=\"elementor-background-overlay\"><\/div>\n\t\t\t\t\t\t<div class=\"elementor-element elementor-element-1bcee63 elementor-position-left elementor-vertical-align-middle elementor-widget elementor-widget-image-box\" data-id=\"1bcee63\" data-element_type=\"widget\" data-e-type=\"widget\" data-widget_type=\"image-box.default\">\n\t\t\t\t<div class=\"elementor-widget-container\">\n\t\t\t\t\t<div class=\"elementor-image-box-wrapper\"><figure class=\"elementor-image-box-img\"><a href=\"https:\/\/sig.unila.edu.br\/sigaa\/public\/pesquisa\/consulta_projetos.jsf?aba=p-pesquisa\" tabindex=\"-1\"><img decoding=\"async\" width=\"799\" height=\"533\" src=\"https:\/\/divulga.unila.edu.br\/espacociencia\/wp-content\/uploads\/sites\/6\/2023\/03\/ColetanoturnaParqueNacionaldoIguacu.jpg\" class=\"elementor-animation-shrink attachment-full size-full wp-image-5108\" alt=\"\" srcset=\"https:\/\/divulga.unila.edu.br\/espacociencia\/wp-content\/uploads\/sites\/6\/2023\/03\/ColetanoturnaParqueNacionaldoIguacu.jpg 799w, https:\/\/divulga.unila.edu.br\/espacociencia\/wp-content\/uploads\/sites\/6\/2023\/03\/ColetanoturnaParqueNacionaldoIguacu-300x200.jpg 300w, https:\/\/divulga.unila.edu.br\/espacociencia\/wp-content\/uploads\/sites\/6\/2023\/03\/ColetanoturnaParqueNacionaldoIguacu-768x512.jpg 768w, https:\/\/divulga.unila.edu.br\/espacociencia\/wp-content\/uploads\/sites\/6\/2023\/03\/ColetanoturnaParqueNacionaldoIguacu-205x137.jpg 205w, https:\/\/divulga.unila.edu.br\/espacociencia\/wp-content\/uploads\/sites\/6\/2023\/03\/ColetanoturnaParqueNacionaldoIguacu-480x320.jpg 480w\" sizes=\"(max-width: 799px) 100vw, 799px\" \/><\/a><\/figure><div class=\"elementor-image-box-content\"><h3 class=\"elementor-image-box-title\"><a href=\"https:\/\/sig.unila.edu.br\/sigaa\/public\/pesquisa\/consulta_projetos.jsf?aba=p-pesquisa\">Pesquisa\u200b<\/a><\/h3><p class=\"elementor-image-box-description\">O conhecimento produzido na UNILA, registrado, organizado e \u00e0 disposi\u00e7\u00e3o de todos.<\/p><\/div><\/div>\t\t\t\t<\/div>\n\t\t\t\t<\/div>\n\t\t\t\t\t<\/div>\n\t\t<\/div>\n\t\t\t\t\t<\/div>\n\t\t<\/section>\n\t\t\t\t<section class=\"has_eae_slider elementor-section elementor-inner-section elementor-element elementor-element-f7e6c08 elementor-section-boxed elementor-section-height-default elementor-section-height-default wpr-particle-no wpr-jarallax-no wpr-parallax-no wpr-sticky-section-no wpr-equal-height-no\" data-eae-slider=\"19105\" data-id=\"f7e6c08\" data-element_type=\"section\" data-e-type=\"section\">\n\t\t\t\t\t\t<div class=\"elementor-container elementor-column-gap-default\">\n\t\t\t\t\t<div class=\"has_eae_slider elementor-column elementor-col-100 elementor-inner-column elementor-element elementor-element-4500d55\" data-eae-slider=\"1761\" data-id=\"4500d55\" data-element_type=\"column\" data-e-type=\"column\" data-settings=\"{&quot;background_background&quot;:&quot;classic&quot;}\">\n\t\t\t<div class=\"elementor-widget-wrap elementor-element-populated\">\n\t\t\t\t\t<div class=\"elementor-background-overlay\"><\/div>\n\t\t\t\t\t\t<div class=\"elementor-element elementor-element-888ed47 elementor-position-left elementor-vertical-align-middle elementor-widget elementor-widget-image-box\" data-id=\"888ed47\" data-element_type=\"widget\" data-e-type=\"widget\" data-widget_type=\"image-box.default\">\n\t\t\t\t<div class=\"elementor-widget-container\">\n\t\t\t\t\t<div class=\"elementor-image-box-wrapper\"><figure class=\"elementor-image-box-img\"><a href=\"https:\/\/portal.unila.edu.br\/sact\/laboratorios-de-pesquisa\" tabindex=\"-1\"><img decoding=\"async\" width=\"799\" height=\"533\" src=\"https:\/\/divulga.unila.edu.br\/espacociencia\/wp-content\/uploads\/sites\/6\/2023\/03\/LabCannabisMedicinal-1.jpg\" class=\"elementor-animation-shrink attachment-full size-full wp-image-5127\" alt=\"\" srcset=\"https:\/\/divulga.unila.edu.br\/espacociencia\/wp-content\/uploads\/sites\/6\/2023\/03\/LabCannabisMedicinal-1.jpg 799w, https:\/\/divulga.unila.edu.br\/espacociencia\/wp-content\/uploads\/sites\/6\/2023\/03\/LabCannabisMedicinal-1-300x200.jpg 300w, https:\/\/divulga.unila.edu.br\/espacociencia\/wp-content\/uploads\/sites\/6\/2023\/03\/LabCannabisMedicinal-1-768x512.jpg 768w, https:\/\/divulga.unila.edu.br\/espacociencia\/wp-content\/uploads\/sites\/6\/2023\/03\/LabCannabisMedicinal-1-205x137.jpg 205w, https:\/\/divulga.unila.edu.br\/espacociencia\/wp-content\/uploads\/sites\/6\/2023\/03\/LabCannabisMedicinal-1-480x320.jpg 480w\" sizes=\"(max-width: 799px) 100vw, 799px\" \/><\/a><\/figure><div class=\"elementor-image-box-content\"><h3 class=\"elementor-image-box-title\"><a href=\"https:\/\/portal.unila.edu.br\/sact\/laboratorios-de-pesquisa\">Laborat\u00f3rios de pesquisa\u200b<\/a><\/h3><p class=\"elementor-image-box-description\">Espa\u00e7os onde a ci\u00eancia acontece na pr\u00e1tica. Conhe\u00e7a a infraestrutura e as especialidades de cada laborat\u00f3rio da UNILA.<\/p><\/div><\/div>\t\t\t\t<\/div>\n\t\t\t\t<\/div>\n\t\t\t\t\t<\/div>\n\t\t<\/div>\n\t\t\t\t\t<\/div>\n\t\t<\/section>\n\t\t\t\t<div class=\"elementor-element elementor-element-9ed7d0a elementor-widget elementor-widget-spacer\" data-id=\"9ed7d0a\" data-element_type=\"widget\" data-e-type=\"widget\" data-widget_type=\"spacer.default\">\n\t\t\t\t<div class=\"elementor-widget-container\">\n\t\t\t\t\t\t\t<div class=\"elementor-spacer\">\n\t\t\t<div class=\"elementor-spacer-inner\"><\/div>\n\t\t<\/div>\n\t\t\t\t\t\t<\/div>\n\t\t\t\t<\/div>\n\t\t\t\t\t<\/div>\n\t\t<\/div>\n\t\t\t\t\t<\/div>\n\t\t<\/section>\n\t\t\t\t<\/div>\n\t\t","protected":false},"excerpt":{"rendered":"<p>Ci\u00eancias Humanas Conforme o nome j\u00e1 sugere, as Ci\u00eancias Humanas buscam compreender melhor os seres humanos. Para isso, elas estudam a sociedade em geral, assim como as rela\u00e7\u00f5es humanas e os fen\u00f4menos sociais, hist\u00f3ricos, psicol\u00f3gicos e culturais que a comp\u00f5em. \u201cConhece-te a ti mesmo\u201d, como diria S\u00f3crates. Para saber mais sobre as atividades de pesquisa e extens\u00e3o da UNILA relacionadas \u00e0s Ci\u00eancias Humanas, explore os links abaixo. Pocam &#8211; Portal de Cartografia da Am\u00e9rica Meridional (s\u00e9culos XVI e XVII) Estudo sobre a ocupa\u00e7\u00e3o e a forma\u00e7\u00e3o das fronteiras da parte meridional da Am\u00e9rica do Sul na primeira modernidade. &gt; Saiba mais Cl\u00ednica Intercultural e da Diversidade Apoio psicol\u00f3gico e oficinas terap\u00eauticas \u00e0 popula\u00e7\u00e3o LGBTQIA+, negros, ind\u00edgenas, refugiados e migrantes. &gt; Saiba mais Al\u00e9m dos sites institucionais, \u00e9 poss\u00edvel consultar as a\u00e7\u00f5es de extens\u00e3o ativas, os projetos de pesquisa registrados e a infraestrutura dos laborat\u00f3rios de pesquisa. Extens\u00e3o A\u00e7\u00f5es desenvolvidas pela UNILA, fruto de ensino e pesquisa, que impactam diretamente a comunidade externa. Pesquisa\u200b O conhecimento produzido na UNILA, registrado, organizado e \u00e0 disposi\u00e7\u00e3o de todos. Laborat\u00f3rios de pesquisa\u200b Espa\u00e7os onde a ci\u00eancia acontece na pr\u00e1tica. Conhe\u00e7a a infraestrutura e as especialidades de cada laborat\u00f3rio da UNILA.<\/p>\n","protected":false},"author":5,"featured_media":0,"parent":0,"menu_order":0,"comment_status":"closed","ping_status":"closed","template":"","meta":{"_uag_custom_page_level_css":"","site-container-style":"default","site-container-layout":"default","site-sidebar-layout":"default","disable-article-header":"default","disable-site-header":"default","disable-site-footer":"default","disable-content-area-spacing":"default","_themeisle_gutenberg_block_has_review":false,"footnotes":""},"class_list":["post-235","page","type-page","status-publish","hentry"],"uagb_featured_image_src":{"full":false,"thumbnail":false,"medium":false,"medium_large":false,"large":false,"1536x1536":false,"2048x2048":false,"htmega_size_585x295":false,"htmega_size_1170x536":false,"htmega_size_396x360":false,"tainacan-small":false,"tainacan-medium":false,"tainacan-medium-full":false,"tainacan-large-full":false},"uagb_author_info":{"display_name":"roberta.moreno","author_link":"https:\/\/divulga.unila.edu.br\/espacociencia\/author\/roberta\/"},"uagb_comment_info":0,"uagb_excerpt":"Ci\u00eancias Humanas Conforme o nome j\u00e1 sugere, as Ci\u00eancias Humanas buscam compreender melhor os seres humanos. Para isso, elas estudam a sociedade em geral, assim como as rela\u00e7\u00f5es humanas e os fen\u00f4menos sociais, hist\u00f3ricos, psicol\u00f3gicos e culturais que a comp\u00f5em. \u201cConhece-te a ti mesmo\u201d, como diria S\u00f3crates. Para saber mais sobre as atividades de pesquisa&hellip;","_links":{"self":[{"href":"https:\/\/divulga.unila.edu.br\/espacociencia\/wp-json\/wp\/v2\/pages\/235","targetHints":{"allow":["GET"]}}],"collection":[{"href":"https:\/\/divulga.unila.edu.br\/espacociencia\/wp-json\/wp\/v2\/pages"}],"about":[{"href":"https:\/\/divulga.unila.edu.br\/espacociencia\/wp-json\/wp\/v2\/types\/page"}],"author":[{"embeddable":true,"href":"https:\/\/divulga.unila.edu.br\/espacociencia\/wp-json\/wp\/v2\/users\/5"}],"replies":[{"embeddable":true,"href":"https:\/\/divulga.unila.edu.br\/espacociencia\/wp-json\/wp\/v2\/comments?post=235"}],"version-history":[{"count":31,"href":"https:\/\/divulga.unila.edu.br\/espacociencia\/wp-json\/wp\/v2\/pages\/235\/revisions"}],"predecessor-version":[{"id":7781,"href":"https:\/\/divulga.unila.edu.br\/espacociencia\/wp-json\/wp\/v2\/pages\/235\/revisions\/7781"}],"wp:attachment":[{"href":"https:\/\/divulga.unila.edu.br\/espacociencia\/wp-json\/wp\/v2\/media?parent=235"}],"curies":[{"name":"wp","href":"https:\/\/api.w.org\/{rel}","templated":true}]}}