{"id":231,"date":"2022-08-16T17:22:37","date_gmt":"2022-08-16T20:22:37","guid":{"rendered":"https:\/\/divulga.unila.edu.br\/espacociencia\/?page_id=231"},"modified":"2025-02-07T09:58:51","modified_gmt":"2025-02-07T12:58:51","slug":"ciencias-exatas-e-da-terra","status":"publish","type":"page","link":"https:\/\/divulga.unila.edu.br\/espacociencia\/ciencias-exatas-e-da-terra\/","title":{"rendered":"Ci\u00eancias Exatas e da Terra"},"content":{"rendered":"\t\t<div data-elementor-type=\"wp-page\" data-elementor-id=\"231\" class=\"elementor elementor-231\">\n\t\t\t\t\t\t<section class=\"has_eae_slider elementor-section elementor-top-section elementor-element elementor-element-da72d1c elementor-section-height-min-height elementor-section-boxed elementor-section-height-default elementor-section-items-middle wpr-particle-no wpr-jarallax-no wpr-parallax-no wpr-sticky-section-no wpr-equal-height-no\" data-eae-slider=\"60865\" data-id=\"da72d1c\" data-element_type=\"section\" data-e-type=\"section\" data-settings=\"{&quot;background_background&quot;:&quot;classic&quot;}\">\n\t\t\t\t\t\t<div class=\"elementor-container elementor-column-gap-default\">\n\t\t\t\t\t<div class=\"has_eae_slider elementor-column elementor-col-100 elementor-top-column elementor-element elementor-element-2352e99\" data-eae-slider=\"57874\" data-id=\"2352e99\" data-element_type=\"column\" data-e-type=\"column\">\n\t\t\t<div class=\"elementor-widget-wrap elementor-element-populated\">\n\t\t\t\t\t\t<div class=\"elementor-element elementor-element-f5dae81 elementor-invisible elementor-widget elementor-widget-heading\" data-id=\"f5dae81\" data-element_type=\"widget\" data-e-type=\"widget\" data-settings=\"{&quot;_animation&quot;:&quot;fadeInDown&quot;}\" data-widget_type=\"heading.default\">\n\t\t\t\t<div class=\"elementor-widget-container\">\n\t\t\t\t\t<h2 class=\"elementor-heading-title elementor-size-default\">Ci\u00eancias Exatas e da Terra<\/h2>\t\t\t\t<\/div>\n\t\t\t\t<\/div>\n\t\t\t\t\t<\/div>\n\t\t<\/div>\n\t\t\t\t\t<\/div>\n\t\t<\/section>\n\t\t\t\t<section class=\"has_eae_slider elementor-section elementor-top-section elementor-element elementor-element-5b5b827 elementor-section-boxed elementor-section-height-default elementor-section-height-default wpr-particle-no wpr-jarallax-no wpr-parallax-no wpr-sticky-section-no wpr-equal-height-no\" data-eae-slider=\"28369\" data-id=\"5b5b827\" data-element_type=\"section\" data-e-type=\"section\">\n\t\t\t\t\t\t<div class=\"elementor-container elementor-column-gap-default\">\n\t\t\t\t\t<div class=\"has_eae_slider elementor-column elementor-col-100 elementor-top-column elementor-element elementor-element-767b509 elementor-invisible\" data-eae-slider=\"43758\" data-id=\"767b509\" data-element_type=\"column\" data-e-type=\"column\" data-settings=\"{&quot;animation&quot;:&quot;fadeIn&quot;}\">\n\t\t\t<div class=\"elementor-widget-wrap elementor-element-populated\">\n\t\t\t\t\t\t<div class=\"elementor-element elementor-element-f34263b elementor-widget elementor-widget-text-editor\" data-id=\"f34263b\" data-element_type=\"widget\" data-e-type=\"widget\" data-widget_type=\"text-editor.default\">\n\t\t\t\t<div class=\"elementor-widget-container\">\n\t\t\t\t\t\t\t\t\t<p>As Ci\u00eancias Exatas e da Terra s\u00e3o aquelas que usam f\u00f3rmulas, racioc\u00ednio l\u00f3gico, dados e n\u00fameros como ferramentas principais.<br \/><br \/><\/p><p>A matem\u00e1tica, qu\u00edmica e f\u00edsica s\u00e3o as principais disciplinas dessa \u00e1rea.<\/p>\t\t\t\t\t\t\t\t<\/div>\n\t\t\t\t<\/div>\n\t\t\t\t\t<\/div>\n\t\t<\/div>\n\t\t\t\t\t<\/div>\n\t\t<\/section>\n\t\t\t\t<section class=\"has_eae_slider elementor-section elementor-top-section elementor-element elementor-element-2ce2965 elementor-section-boxed elementor-section-height-default elementor-section-height-default wpr-particle-no wpr-jarallax-no wpr-parallax-no wpr-sticky-section-no wpr-equal-height-no\" data-eae-slider=\"40695\" data-id=\"2ce2965\" data-element_type=\"section\" data-e-type=\"section\">\n\t\t\t\t\t\t<div class=\"elementor-container elementor-column-gap-default\">\n\t\t\t\t\t<div class=\"has_eae_slider elementor-column elementor-col-50 elementor-top-column elementor-element elementor-element-deb4237\" data-eae-slider=\"18937\" data-id=\"deb4237\" data-element_type=\"column\" data-e-type=\"column\">\n\t\t\t<div class=\"elementor-widget-wrap elementor-element-populated\">\n\t\t\t\t\t\t<div class=\"elementor-element elementor-element-a07e10a elementor-widget elementor-widget-accordion\" data-id=\"a07e10a\" data-element_type=\"widget\" data-e-type=\"widget\" data-widget_type=\"accordion.default\">\n\t\t\t\t<div class=\"elementor-widget-container\">\n\t\t\t\t\t\t\t<div class=\"elementor-accordion\">\n\t\t\t\t\t\t\t<div class=\"elementor-accordion-item\">\n\t\t\t\t\t<div id=\"elementor-tab-title-1681\" class=\"elementor-tab-title\" data-tab=\"1\" role=\"button\" aria-controls=\"elementor-tab-content-1681\" aria-expanded=\"false\">\n\t\t\t\t\t\t\t\t\t\t\t\t\t<span class=\"elementor-accordion-icon elementor-accordion-icon-left\" aria-hidden=\"true\">\n\t\t\t\t\t\t\t\t\t\t\t\t\t\t\t<span class=\"elementor-accordion-icon-closed\"><i class=\"fas fa-plus\"><\/i><\/span>\n\t\t\t\t\t\t\t\t<span class=\"elementor-accordion-icon-opened\"><i class=\"fas fa-minus\"><\/i><\/span>\n\t\t\t\t\t\t\t\t\t\t\t\t\t\t<\/span>\n\t\t\t\t\t\t\t\t\t\t\t\t<a class=\"elementor-accordion-title\" tabindex=\"0\">Engenharia F\u00edsica na Escola<\/a>\n\t\t\t\t\t<\/div>\n\t\t\t\t\t<div id=\"elementor-tab-content-1681\" class=\"elementor-tab-content elementor-clearfix\" data-tab=\"1\" role=\"region\" aria-labelledby=\"elementor-tab-title-1681\"><h6>Busca promover a aplica\u00e7\u00e3o pr\u00e1tica de conceitos abordados em sala de aula, desenvolver habilidades essenciais nos alunos do ensino m\u00e9dio e sensibilizar os estudantes sobre quest\u00f5es ambientais, promovendo pr\u00e1ticas sustent\u00e1veis na engenharia.<\/h6><p><strong>&gt; Saiba mais (em breve)<\/strong><\/p><\/div>\n\t\t\t\t<\/div>\n\t\t\t\t\t\t\t\t<\/div>\n\t\t\t\t\t\t<\/div>\n\t\t\t\t<\/div>\n\t\t\t\t\t<\/div>\n\t\t<\/div>\n\t\t\t\t<div class=\"has_eae_slider elementor-column elementor-col-50 elementor-top-column elementor-element elementor-element-ca52f96\" data-eae-slider=\"46014\" data-id=\"ca52f96\" data-element_type=\"column\" data-e-type=\"column\">\n\t\t\t<div class=\"elementor-widget-wrap\">\n\t\t\t\t\t\t\t<\/div>\n\t\t<\/div>\n\t\t\t\t\t<\/div>\n\t\t<\/section>\n\t\t\t\t<section class=\"has_eae_slider elementor-section elementor-top-section elementor-element elementor-element-b0b2dbc elementor-section-boxed elementor-section-height-default elementor-section-height-default wpr-particle-no wpr-jarallax-no wpr-parallax-no wpr-sticky-section-no wpr-equal-height-no\" data-eae-slider=\"32741\" data-id=\"b0b2dbc\" data-element_type=\"section\" data-e-type=\"section\">\n\t\t\t\t\t\t<div class=\"elementor-container elementor-column-gap-default\">\n\t\t\t\t\t<div class=\"has_eae_slider elementor-column elementor-col-100 elementor-top-column elementor-element elementor-element-cdd0a37 elementor-invisible\" data-eae-slider=\"26974\" data-id=\"cdd0a37\" data-element_type=\"column\" data-e-type=\"column\" data-settings=\"{&quot;animation&quot;:&quot;fadeIn&quot;}\">\n\t\t\t<div class=\"elementor-widget-wrap elementor-element-populated\">\n\t\t\t\t\t\t<div class=\"elementor-element elementor-element-aa42bda elementor-widget elementor-widget-text-editor\" data-id=\"aa42bda\" data-element_type=\"widget\" data-e-type=\"widget\" data-widget_type=\"text-editor.default\">\n\t\t\t\t<div class=\"elementor-widget-container\">\n\t\t\t\t\t\t\t\t\t<p><span style=\"font-weight: 300;\">Al\u00e9m dos sites institucionais, \u00e9 poss\u00edvel consultar as a\u00e7\u00f5es de extens\u00e3o ativas, os projetos de pesquisa registrados e a infraestrutura dos laborat\u00f3rios de pesquisa.<\/span><\/p>\t\t\t\t\t\t\t\t<\/div>\n\t\t\t\t<\/div>\n\t\t\t\t<section class=\"has_eae_slider elementor-section elementor-inner-section elementor-element elementor-element-efaff11 elementor-section-boxed elementor-section-height-default elementor-section-height-default wpr-particle-no wpr-jarallax-no wpr-parallax-no wpr-sticky-section-no wpr-equal-height-no\" data-eae-slider=\"45320\" data-id=\"efaff11\" data-element_type=\"section\" data-e-type=\"section\">\n\t\t\t\t\t\t<div class=\"elementor-container elementor-column-gap-default\">\n\t\t\t\t\t<div class=\"has_eae_slider elementor-column elementor-col-100 elementor-inner-column elementor-element elementor-element-dd5eab3\" data-eae-slider=\"19496\" data-id=\"dd5eab3\" data-element_type=\"column\" data-e-type=\"column\" data-settings=\"{&quot;background_background&quot;:&quot;classic&quot;}\">\n\t\t\t<div class=\"elementor-widget-wrap elementor-element-populated\">\n\t\t\t\t\t<div class=\"elementor-background-overlay\"><\/div>\n\t\t\t\t\t\t<div class=\"elementor-element elementor-element-5b0814d elementor-position-left elementor-vertical-align-middle elementor-widget elementor-widget-image-box\" data-id=\"5b0814d\" data-element_type=\"widget\" data-e-type=\"widget\" data-widget_type=\"image-box.default\">\n\t\t\t\t<div class=\"elementor-widget-container\">\n\t\t\t\t\t<div class=\"elementor-image-box-wrapper\"><figure class=\"elementor-image-box-img\"><a href=\"https:\/\/sig.unila.edu.br\/sigaa\/public\/extensao\/consulta_extensao.jsf\" tabindex=\"-1\"><img fetchpriority=\"high\" decoding=\"async\" width=\"799\" height=\"533\" src=\"https:\/\/divulga.unila.edu.br\/espacociencia\/wp-content\/uploads\/sites\/6\/2023\/03\/DiaCdaCiencia-1.jpg\" class=\"elementor-animation-shrink attachment-full size-full wp-image-5126\" alt=\"\" srcset=\"https:\/\/divulga.unila.edu.br\/espacociencia\/wp-content\/uploads\/sites\/6\/2023\/03\/DiaCdaCiencia-1.jpg 799w, https:\/\/divulga.unila.edu.br\/espacociencia\/wp-content\/uploads\/sites\/6\/2023\/03\/DiaCdaCiencia-1-300x200.jpg 300w, https:\/\/divulga.unila.edu.br\/espacociencia\/wp-content\/uploads\/sites\/6\/2023\/03\/DiaCdaCiencia-1-768x512.jpg 768w, https:\/\/divulga.unila.edu.br\/espacociencia\/wp-content\/uploads\/sites\/6\/2023\/03\/DiaCdaCiencia-1-205x137.jpg 205w, https:\/\/divulga.unila.edu.br\/espacociencia\/wp-content\/uploads\/sites\/6\/2023\/03\/DiaCdaCiencia-1-480x320.jpg 480w\" sizes=\"(max-width: 799px) 100vw, 799px\" \/><\/a><\/figure><div class=\"elementor-image-box-content\"><h3 class=\"elementor-image-box-title\"><a href=\"https:\/\/sig.unila.edu.br\/sigaa\/public\/extensao\/consulta_extensao.jsf\">Extens\u00e3o<\/a><\/h3><p class=\"elementor-image-box-description\">A\u00e7\u00f5es desenvolvidas pela UNILA, fruto de ensino e pesquisa, que impactam diretamente a comunidade externa.<\/p><\/div><\/div>\t\t\t\t<\/div>\n\t\t\t\t<\/div>\n\t\t\t\t\t<\/div>\n\t\t<\/div>\n\t\t\t\t\t<\/div>\n\t\t<\/section>\n\t\t\t\t<section class=\"has_eae_slider elementor-section elementor-inner-section elementor-element elementor-element-3e585b7 elementor-section-boxed elementor-section-height-default elementor-section-height-default wpr-particle-no wpr-jarallax-no wpr-parallax-no wpr-sticky-section-no wpr-equal-height-no\" data-eae-slider=\"30214\" data-id=\"3e585b7\" data-element_type=\"section\" data-e-type=\"section\">\n\t\t\t\t\t\t<div class=\"elementor-container elementor-column-gap-default\">\n\t\t\t\t\t<div class=\"has_eae_slider elementor-column elementor-col-100 elementor-inner-column elementor-element elementor-element-d18ac76\" data-eae-slider=\"6984\" data-id=\"d18ac76\" data-element_type=\"column\" data-e-type=\"column\" data-settings=\"{&quot;background_background&quot;:&quot;classic&quot;}\">\n\t\t\t<div class=\"elementor-widget-wrap elementor-element-populated\">\n\t\t\t\t\t<div class=\"elementor-background-overlay\"><\/div>\n\t\t\t\t\t\t<div class=\"elementor-element elementor-element-0d981fc elementor-position-left elementor-vertical-align-middle elementor-widget elementor-widget-image-box\" data-id=\"0d981fc\" data-element_type=\"widget\" data-e-type=\"widget\" data-widget_type=\"image-box.default\">\n\t\t\t\t<div class=\"elementor-widget-container\">\n\t\t\t\t\t<div class=\"elementor-image-box-wrapper\"><figure class=\"elementor-image-box-img\"><a href=\"https:\/\/sig.unila.edu.br\/sigaa\/public\/pesquisa\/consulta_projetos.jsf?aba=p-pesquisa\" tabindex=\"-1\"><img decoding=\"async\" width=\"799\" height=\"533\" src=\"https:\/\/divulga.unila.edu.br\/espacociencia\/wp-content\/uploads\/sites\/6\/2023\/03\/ColetanoturnaParqueNacionaldoIguacu.jpg\" class=\"elementor-animation-shrink attachment-full size-full wp-image-5108\" alt=\"\" srcset=\"https:\/\/divulga.unila.edu.br\/espacociencia\/wp-content\/uploads\/sites\/6\/2023\/03\/ColetanoturnaParqueNacionaldoIguacu.jpg 799w, https:\/\/divulga.unila.edu.br\/espacociencia\/wp-content\/uploads\/sites\/6\/2023\/03\/ColetanoturnaParqueNacionaldoIguacu-300x200.jpg 300w, https:\/\/divulga.unila.edu.br\/espacociencia\/wp-content\/uploads\/sites\/6\/2023\/03\/ColetanoturnaParqueNacionaldoIguacu-768x512.jpg 768w, https:\/\/divulga.unila.edu.br\/espacociencia\/wp-content\/uploads\/sites\/6\/2023\/03\/ColetanoturnaParqueNacionaldoIguacu-205x137.jpg 205w, https:\/\/divulga.unila.edu.br\/espacociencia\/wp-content\/uploads\/sites\/6\/2023\/03\/ColetanoturnaParqueNacionaldoIguacu-480x320.jpg 480w\" sizes=\"(max-width: 799px) 100vw, 799px\" \/><\/a><\/figure><div class=\"elementor-image-box-content\"><h3 class=\"elementor-image-box-title\"><a href=\"https:\/\/sig.unila.edu.br\/sigaa\/public\/pesquisa\/consulta_projetos.jsf?aba=p-pesquisa\">Pesquisa\u200b<\/a><\/h3><p class=\"elementor-image-box-description\">O conhecimento produzido na UNILA, registrado, organizado e \u00e0 disposi\u00e7\u00e3o de todos.<\/p><\/div><\/div>\t\t\t\t<\/div>\n\t\t\t\t<\/div>\n\t\t\t\t\t<\/div>\n\t\t<\/div>\n\t\t\t\t\t<\/div>\n\t\t<\/section>\n\t\t\t\t<section class=\"has_eae_slider elementor-section elementor-inner-section elementor-element elementor-element-a68052f elementor-section-boxed elementor-section-height-default elementor-section-height-default wpr-particle-no wpr-jarallax-no wpr-parallax-no wpr-sticky-section-no wpr-equal-height-no\" data-eae-slider=\"58835\" data-id=\"a68052f\" data-element_type=\"section\" data-e-type=\"section\">\n\t\t\t\t\t\t<div class=\"elementor-container elementor-column-gap-default\">\n\t\t\t\t\t<div class=\"has_eae_slider elementor-column elementor-col-100 elementor-inner-column elementor-element elementor-element-64c2e79\" data-eae-slider=\"16934\" data-id=\"64c2e79\" data-element_type=\"column\" data-e-type=\"column\" data-settings=\"{&quot;background_background&quot;:&quot;classic&quot;}\">\n\t\t\t<div class=\"elementor-widget-wrap elementor-element-populated\">\n\t\t\t\t\t<div class=\"elementor-background-overlay\"><\/div>\n\t\t\t\t\t\t<div class=\"elementor-element elementor-element-6740c74 elementor-position-left elementor-vertical-align-middle elementor-widget elementor-widget-image-box\" data-id=\"6740c74\" data-element_type=\"widget\" data-e-type=\"widget\" data-widget_type=\"image-box.default\">\n\t\t\t\t<div class=\"elementor-widget-container\">\n\t\t\t\t\t<div class=\"elementor-image-box-wrapper\"><figure class=\"elementor-image-box-img\"><a href=\"https:\/\/portal.unila.edu.br\/sact\/laboratorios-de-pesquisa\" tabindex=\"-1\"><img decoding=\"async\" width=\"799\" height=\"533\" src=\"https:\/\/divulga.unila.edu.br\/espacociencia\/wp-content\/uploads\/sites\/6\/2023\/03\/LabCannabisMedicinal-1.jpg\" class=\"elementor-animation-shrink attachment-full size-full wp-image-5127\" alt=\"\" srcset=\"https:\/\/divulga.unila.edu.br\/espacociencia\/wp-content\/uploads\/sites\/6\/2023\/03\/LabCannabisMedicinal-1.jpg 799w, https:\/\/divulga.unila.edu.br\/espacociencia\/wp-content\/uploads\/sites\/6\/2023\/03\/LabCannabisMedicinal-1-300x200.jpg 300w, https:\/\/divulga.unila.edu.br\/espacociencia\/wp-content\/uploads\/sites\/6\/2023\/03\/LabCannabisMedicinal-1-768x512.jpg 768w, https:\/\/divulga.unila.edu.br\/espacociencia\/wp-content\/uploads\/sites\/6\/2023\/03\/LabCannabisMedicinal-1-205x137.jpg 205w, https:\/\/divulga.unila.edu.br\/espacociencia\/wp-content\/uploads\/sites\/6\/2023\/03\/LabCannabisMedicinal-1-480x320.jpg 480w\" sizes=\"(max-width: 799px) 100vw, 799px\" \/><\/a><\/figure><div class=\"elementor-image-box-content\"><h3 class=\"elementor-image-box-title\"><a href=\"https:\/\/portal.unila.edu.br\/sact\/laboratorios-de-pesquisa\">Laborat\u00f3rios de pesquisa\u200b<\/a><\/h3><p class=\"elementor-image-box-description\">Espa\u00e7os onde a ci\u00eancia acontece na pr\u00e1tica. Conhe\u00e7a a infraestrutura e as especialidades de cada laborat\u00f3rio da UNILA.<\/p><\/div><\/div>\t\t\t\t<\/div>\n\t\t\t\t<\/div>\n\t\t\t\t\t<\/div>\n\t\t<\/div>\n\t\t\t\t\t<\/div>\n\t\t<\/section>\n\t\t\t\t<div class=\"elementor-element elementor-element-560496a elementor-widget elementor-widget-spacer\" data-id=\"560496a\" data-element_type=\"widget\" data-e-type=\"widget\" data-widget_type=\"spacer.default\">\n\t\t\t\t<div class=\"elementor-widget-container\">\n\t\t\t\t\t\t\t<div class=\"elementor-spacer\">\n\t\t\t<div class=\"elementor-spacer-inner\"><\/div>\n\t\t<\/div>\n\t\t\t\t\t\t<\/div>\n\t\t\t\t<\/div>\n\t\t\t\t\t<\/div>\n\t\t<\/div>\n\t\t\t\t\t<\/div>\n\t\t<\/section>\n\t\t\t\t<\/div>\n\t\t","protected":false},"excerpt":{"rendered":"<p>Ci\u00eancias Exatas e da Terra As Ci\u00eancias Exatas e da Terra s\u00e3o aquelas que usam f\u00f3rmulas, racioc\u00ednio l\u00f3gico, dados e n\u00fameros como ferramentas principais. A matem\u00e1tica, qu\u00edmica e f\u00edsica s\u00e3o as principais disciplinas dessa \u00e1rea. Engenharia F\u00edsica na Escola Busca promover a aplica\u00e7\u00e3o pr\u00e1tica de conceitos abordados em sala de aula, desenvolver habilidades essenciais nos alunos do ensino m\u00e9dio e sensibilizar os estudantes sobre quest\u00f5es ambientais, promovendo pr\u00e1ticas sustent\u00e1veis na engenharia. &gt; Saiba mais (em breve) Al\u00e9m dos sites institucionais, \u00e9 poss\u00edvel consultar as a\u00e7\u00f5es de extens\u00e3o ativas, os projetos de pesquisa registrados e a infraestrutura dos laborat\u00f3rios de pesquisa. Extens\u00e3o A\u00e7\u00f5es desenvolvidas pela UNILA, fruto de ensino e pesquisa, que impactam diretamente a comunidade externa. Pesquisa\u200b O conhecimento produzido na UNILA, registrado, organizado e \u00e0 disposi\u00e7\u00e3o de todos. Laborat\u00f3rios de pesquisa\u200b Espa\u00e7os onde a ci\u00eancia acontece na pr\u00e1tica. Conhe\u00e7a a infraestrutura e as especialidades de cada laborat\u00f3rio da UNILA.<\/p>\n","protected":false},"author":5,"featured_media":0,"parent":0,"menu_order":0,"comment_status":"closed","ping_status":"closed","template":"","meta":{"_uag_custom_page_level_css":"","site-container-style":"default","site-container-layout":"default","site-sidebar-layout":"default","disable-article-header":"default","disable-site-header":"default","disable-site-footer":"default","disable-content-area-spacing":"default","_themeisle_gutenberg_block_has_review":false,"footnotes":""},"class_list":["post-231","page","type-page","status-publish","hentry"],"uagb_featured_image_src":{"full":false,"thumbnail":false,"medium":false,"medium_large":false,"large":false,"1536x1536":false,"2048x2048":false,"htmega_size_585x295":false,"htmega_size_1170x536":false,"htmega_size_396x360":false,"tainacan-small":false,"tainacan-medium":false,"tainacan-medium-full":false,"tainacan-large-full":false},"uagb_author_info":{"display_name":"roberta.moreno","author_link":"https:\/\/divulga.unila.edu.br\/espacociencia\/author\/roberta\/"},"uagb_comment_info":0,"uagb_excerpt":"Ci\u00eancias Exatas e da Terra As Ci\u00eancias Exatas e da Terra s\u00e3o aquelas que usam f\u00f3rmulas, racioc\u00ednio l\u00f3gico, dados e n\u00fameros como ferramentas principais. A matem\u00e1tica, qu\u00edmica e f\u00edsica s\u00e3o as principais disciplinas dessa \u00e1rea. Engenharia F\u00edsica na Escola Busca promover a aplica\u00e7\u00e3o pr\u00e1tica de conceitos abordados em sala de aula, desenvolver habilidades essenciais nos&hellip;","_links":{"self":[{"href":"https:\/\/divulga.unila.edu.br\/espacociencia\/wp-json\/wp\/v2\/pages\/231","targetHints":{"allow":["GET"]}}],"collection":[{"href":"https:\/\/divulga.unila.edu.br\/espacociencia\/wp-json\/wp\/v2\/pages"}],"about":[{"href":"https:\/\/divulga.unila.edu.br\/espacociencia\/wp-json\/wp\/v2\/types\/page"}],"author":[{"embeddable":true,"href":"https:\/\/divulga.unila.edu.br\/espacociencia\/wp-json\/wp\/v2\/users\/5"}],"replies":[{"embeddable":true,"href":"https:\/\/divulga.unila.edu.br\/espacociencia\/wp-json\/wp\/v2\/comments?post=231"}],"version-history":[{"count":37,"href":"https:\/\/divulga.unila.edu.br\/espacociencia\/wp-json\/wp\/v2\/pages\/231\/revisions"}],"predecessor-version":[{"id":7375,"href":"https:\/\/divulga.unila.edu.br\/espacociencia\/wp-json\/wp\/v2\/pages\/231\/revisions\/7375"}],"wp:attachment":[{"href":"https:\/\/divulga.unila.edu.br\/espacociencia\/wp-json\/wp\/v2\/media?parent=231"}],"curies":[{"name":"wp","href":"https:\/\/api.w.org\/{rel}","templated":true}]}}