{"id":75,"date":"2025-02-05T13:43:37","date_gmt":"2025-02-05T16:43:37","guid":{"rendered":"https:\/\/divulga.unila.edu.br\/efnaescola\/?page_id=75"},"modified":"2025-02-05T14:23:36","modified_gmt":"2025-02-05T17:23:36","slug":"producao-de-hidrogenio","status":"publish","type":"page","link":"https:\/\/divulga.unila.edu.br\/efnaescola\/producao-de-hidrogenio\/","title":{"rendered":"Produ\u00e7\u00e3o de Hidrog\u00eanio"},"content":{"rendered":"\n<figure class=\"wp-block-image size-large\"><img fetchpriority=\"high\" decoding=\"async\" width=\"1024\" height=\"576\" src=\"https:\/\/divulga.unila.edu.br\/efnaescola\/wp-content\/uploads\/sites\/45\/2025\/02\/Engenharia-Fisica-na-ESCOLA-1024x576.jpg\" alt=\"\" class=\"wp-image-143\" srcset=\"https:\/\/divulga.unila.edu.br\/efnaescola\/wp-content\/uploads\/sites\/45\/2025\/02\/Engenharia-Fisica-na-ESCOLA-1024x576.jpg 1024w, https:\/\/divulga.unila.edu.br\/efnaescola\/wp-content\/uploads\/sites\/45\/2025\/02\/Engenharia-Fisica-na-ESCOLA-300x169.jpg 300w, https:\/\/divulga.unila.edu.br\/efnaescola\/wp-content\/uploads\/sites\/45\/2025\/02\/Engenharia-Fisica-na-ESCOLA-768x432.jpg 768w, https:\/\/divulga.unila.edu.br\/efnaescola\/wp-content\/uploads\/sites\/45\/2025\/02\/Engenharia-Fisica-na-ESCOLA-1536x864.jpg 1536w, https:\/\/divulga.unila.edu.br\/efnaescola\/wp-content\/uploads\/sites\/45\/2025\/02\/Engenharia-Fisica-na-ESCOLA-205x115.jpg 205w, https:\/\/divulga.unila.edu.br\/efnaescola\/wp-content\/uploads\/sites\/45\/2025\/02\/Engenharia-Fisica-na-ESCOLA-480x270.jpg 480w, https:\/\/divulga.unila.edu.br\/efnaescola\/wp-content\/uploads\/sites\/45\/2025\/02\/Engenharia-Fisica-na-ESCOLA-680x382.jpg 680w, https:\/\/divulga.unila.edu.br\/efnaescola\/wp-content\/uploads\/sites\/45\/2025\/02\/Engenharia-Fisica-na-ESCOLA-1080x608.jpg 1080w, https:\/\/divulga.unila.edu.br\/efnaescola\/wp-content\/uploads\/sites\/45\/2025\/02\/Engenharia-Fisica-na-ESCOLA.jpg 1920w\" sizes=\"(max-width: 1024px) 100vw, 1024px\" \/><\/figure>\n\n\n\n<p>A pr\u00e1tica de eletr\u00f3lise da \u00e1gua \u00e9 uma experi\u00eancia educativa que demonstra de<br>maneira tang\u00edvel os princ\u00edpios fundamentais da qu\u00edmica e da eletr\u00f3lise. Neste experimento,<br>os alunos utilizam eletrodos met\u00e1licos imersos em uma solu\u00e7\u00e3o de \u00e1gua com um eletr\u00f3lito,<br>como hidr\u00f3xido de s\u00f3dio ou \u00e1cido sulf\u00farico, para facilitar a condu\u00e7\u00e3o el\u00e9trica. Ao aplicar uma<br>corrente el\u00e9trica atrav\u00e9s dos eletrodos, a \u00e1gua (H2O) \u00e9 decomposta em seus elementos<br>constituintes: hidrog\u00eanio (H2) e oxig\u00eanio (O2).<br>Os eletrodos, geralmente feitos de materiais inertes, s\u00e3o conectados a uma fonte de<br>alimenta\u00e7\u00e3o el\u00e9trica. Quando a corrente passa pelo circuito, ocorrem rea\u00e7\u00f5es de<br>oxirredu\u00e7\u00e3o: no c\u00e1todo, o hidrog\u00eanio \u00e9 reduzido e liberado como g\u00e1s H2, enquanto no \u00e2nodo,<br>o oxig\u00eanio \u00e9 oxidado e liberado como g\u00e1s O2. Os gases resultantes s\u00e3o ent\u00e3o coletados em<br>bal\u00f5es ou tubos de ensaio invertidos, permitindo uma visualiza\u00e7\u00e3o clara da separa\u00e7\u00e3o e do<br>volume dos gases produzidos.<br>Esta pr\u00e1tica n\u00e3o apenas ilustra a teoria por tr\u00e1s da eletr\u00f3lise e das rea\u00e7\u00f5es de<br>oxirredu\u00e7\u00e3o, mas tamb\u00e9m proporciona uma demonstra\u00e7\u00e3o visual impactante da convers\u00e3o<br>de energia el\u00e9trica em energia qu\u00edmica. Ao final do experimento, os alunos t\u00eam a<br>oportunidade de discutir aplica\u00e7\u00f5es pr\u00e1ticas deste processo, relacionando conceitos te\u00f3ricos<br>da qu\u00edmica e a compreens\u00e3o de processos eletroqu\u00edmicos essenciais ao mundo<br>contempor\u00e2neo.<\/p>\n\n\n\n<div data-wp-interactive=\"core\/file\" class=\"wp-block-file\"><object data-wp-bind--hidden=\"!state.hasPdfPreview\" hidden class=\"wp-block-file__embed\" data=\"https:\/\/divulga.unila.edu.br\/efnaescola\/wp-content\/uploads\/sites\/45\/2025\/02\/Engenharia-Fisica-na-ESCOLA.pdf\" type=\"application\/pdf\" style=\"width:100%;height:600px\" aria-label=\"Incorporado de Engenharia F\u00edsica na ESCOLA.\"><\/object><a id=\"wp-block-file--media-800ca0a3-3f17-4fd5-b32d-15bef0c4c0ba\" href=\"https:\/\/divulga.unila.edu.br\/efnaescola\/wp-content\/uploads\/sites\/45\/2025\/02\/Engenharia-Fisica-na-ESCOLA.pdf\">Engenharia F\u00edsica na ESCOLA<\/a><a href=\"https:\/\/divulga.unila.edu.br\/efnaescola\/wp-content\/uploads\/sites\/45\/2025\/02\/Engenharia-Fisica-na-ESCOLA.pdf\" class=\"wp-block-file__button wp-element-button\" download aria-describedby=\"wp-block-file--media-800ca0a3-3f17-4fd5-b32d-15bef0c4c0ba\">Baixar<\/a><\/div>\n\n\n\n<div data-wp-interactive=\"core\/file\" class=\"wp-block-file\"><object data-wp-bind--hidden=\"!state.hasPdfPreview\" hidden class=\"wp-block-file__embed\" data=\"http:\/\/divulga.unila.edu.br\/efnaescola\/wp-content\/uploads\/sites\/45\/2025\/02\/Producao-de-hidrogenio.pdf\" type=\"application\/pdf\" style=\"width:100%;height:600px\" aria-label=\"Incorporado de Roteiro Produ\u00e7\u00e3o de hidrogenio.\"><\/object><a id=\"wp-block-file--media-bd64dc91-3393-45e2-a7bf-782fe73b110d\" href=\"http:\/\/divulga.unila.edu.br\/efnaescola\/wp-content\/uploads\/sites\/45\/2025\/02\/Producao-de-hidrogenio.pdf\">Roteiro Produ\u00e7\u00e3o de hidrogenio<\/a><a href=\"http:\/\/divulga.unila.edu.br\/efnaescola\/wp-content\/uploads\/sites\/45\/2025\/02\/Producao-de-hidrogenio.pdf\" class=\"wp-block-file__button wp-element-button\" download aria-describedby=\"wp-block-file--media-bd64dc91-3393-45e2-a7bf-782fe73b110d\">Baixar<\/a><\/div>\n","protected":false},"excerpt":{"rendered":"<p>A pr\u00e1tica de eletr\u00f3lise da \u00e1gua \u00e9 uma experi\u00eancia educativa que demonstra demaneira tang\u00edvel os princ\u00edpios fundamentais da qu\u00edmica e da eletr\u00f3lise. Neste experimento,os alunos utilizam eletrodos met\u00e1licos imersos em uma solu\u00e7\u00e3o de \u00e1gua com um eletr\u00f3lito,como hidr\u00f3xido de s\u00f3dio ou \u00e1cido sulf\u00farico, para facilitar a condu\u00e7\u00e3o el\u00e9trica. Ao aplicar umacorrente el\u00e9trica atrav\u00e9s dos eletrodos, a \u00e1gua (H2O) \u00e9 decomposta em seus elementosconstituintes: hidrog\u00eanio (H2) e oxig\u00eanio (O2).Os eletrodos, geralmente feitos de materiais inertes, s\u00e3o conectados a uma fonte dealimenta\u00e7\u00e3o el\u00e9trica. Quando a corrente passa pelo circuito, ocorrem rea\u00e7\u00f5es deoxirredu\u00e7\u00e3o: no c\u00e1todo, o hidrog\u00eanio \u00e9 reduzido e liberado como g\u00e1s H2, enquanto no \u00e2nodo,o oxig\u00eanio \u00e9 oxidado e liberado como g\u00e1s O2. Os gases resultantes s\u00e3o ent\u00e3o coletados embal\u00f5es ou tubos de ensaio invertidos, permitindo uma visualiza\u00e7\u00e3o clara da separa\u00e7\u00e3o e dovolume dos gases produzidos.Esta pr\u00e1tica n\u00e3o apenas ilustra a teoria por tr\u00e1s da eletr\u00f3lise e das rea\u00e7\u00f5es deoxirredu\u00e7\u00e3o, mas tamb\u00e9m proporciona uma demonstra\u00e7\u00e3o visual impactante da convers\u00e3ode energia el\u00e9trica em energia qu\u00edmica. Ao final do experimento, os alunos t\u00eam aoportunidade de discutir aplica\u00e7\u00f5es pr\u00e1ticas deste processo, relacionando conceitos te\u00f3ricosda qu\u00edmica e a compreens\u00e3o de processos eletroqu\u00edmicos essenciais ao mundocontempor\u00e2neo.<\/p>\n","protected":false},"author":116,"featured_media":0,"parent":0,"menu_order":0,"comment_status":"closed","ping_status":"closed","template":"","meta":{"_uag_custom_page_level_css":"","_themeisle_gutenberg_block_has_review":false,"footnotes":""},"class_list":["post-75","page","type-page","status-publish","hentry","no-featured-image"],"yoast_head":"<!-- This site is optimized with the Yoast SEO plugin v27.6 - https:\/\/yoast.com\/product\/yoast-seo-wordpress\/ -->\n<title>Produ\u00e7\u00e3o de Hidrog\u00eanio - Engenharia F\u00edsica na Escola<\/title>\n<meta name=\"robots\" content=\"index, follow, max-snippet:-1, max-image-preview:large, max-video-preview:-1\" \/>\n<link rel=\"canonical\" href=\"https:\/\/divulga.unila.edu.br\/efnaescola\/producao-de-hidrogenio\/\" \/>\n<meta property=\"og:locale\" content=\"pt_BR\" \/>\n<meta property=\"og:type\" content=\"article\" \/>\n<meta property=\"og:title\" content=\"Produ\u00e7\u00e3o de Hidrog\u00eanio - Engenharia F\u00edsica na Escola\" \/>\n<meta property=\"og:description\" content=\"A pr\u00e1tica de eletr\u00f3lise da \u00e1gua \u00e9 uma experi\u00eancia educativa que demonstra demaneira tang\u00edvel os princ\u00edpios fundamentais da qu\u00edmica e da eletr\u00f3lise. Neste experimento,os alunos utilizam eletrodos met\u00e1licos imersos em uma solu\u00e7\u00e3o de \u00e1gua com um eletr\u00f3lito,como hidr\u00f3xido de s\u00f3dio ou \u00e1cido sulf\u00farico, para facilitar a condu\u00e7\u00e3o el\u00e9trica. Ao aplicar umacorrente el\u00e9trica atrav\u00e9s dos eletrodos, a \u00e1gua (H2O) \u00e9 decomposta em seus elementosconstituintes: hidrog\u00eanio (H2) e oxig\u00eanio (O2).Os eletrodos, geralmente feitos de materiais inertes, s\u00e3o conectados a uma fonte dealimenta\u00e7\u00e3o el\u00e9trica. Quando a corrente passa pelo circuito, ocorrem rea\u00e7\u00f5es deoxirredu\u00e7\u00e3o: no c\u00e1todo, o hidrog\u00eanio \u00e9 reduzido e liberado como g\u00e1s H2, enquanto no \u00e2nodo,o oxig\u00eanio \u00e9 oxidado e liberado como g\u00e1s O2. Os gases resultantes s\u00e3o ent\u00e3o coletados embal\u00f5es ou tubos de ensaio invertidos, permitindo uma visualiza\u00e7\u00e3o clara da separa\u00e7\u00e3o e dovolume dos gases produzidos.Esta pr\u00e1tica n\u00e3o apenas ilustra a teoria por tr\u00e1s da eletr\u00f3lise e das rea\u00e7\u00f5es deoxirredu\u00e7\u00e3o, mas tamb\u00e9m proporciona uma demonstra\u00e7\u00e3o visual impactante da convers\u00e3ode energia el\u00e9trica em energia qu\u00edmica. Ao final do experimento, os alunos t\u00eam aoportunidade de discutir aplica\u00e7\u00f5es pr\u00e1ticas deste processo, relacionando conceitos te\u00f3ricosda qu\u00edmica e a compreens\u00e3o de processos eletroqu\u00edmicos essenciais ao mundocontempor\u00e2neo.\" \/>\n<meta property=\"og:url\" content=\"https:\/\/divulga.unila.edu.br\/efnaescola\/producao-de-hidrogenio\/\" \/>\n<meta property=\"og:site_name\" content=\"Engenharia F\u00edsica na Escola\" \/>\n<meta property=\"article:modified_time\" content=\"2025-02-05T17:23:36+00:00\" \/>\n<meta property=\"og:image\" content=\"https:\/\/divulga.unila.edu.br\/efnaescola\/wp-content\/uploads\/sites\/45\/2025\/02\/Engenharia-Fisica-na-ESCOLA-1024x576.jpg\" \/>\n<meta name=\"twitter:card\" content=\"summary_large_image\" \/>\n<meta name=\"twitter:label1\" content=\"Est. tempo de leitura\" \/>\n\t<meta name=\"twitter:data1\" content=\"1 minuto\" \/>\n<script type=\"application\/ld+json\" class=\"yoast-schema-graph\">{\"@context\":\"https:\\\/\\\/schema.org\",\"@graph\":[{\"@type\":\"WebPage\",\"@id\":\"https:\\\/\\\/divulga.unila.edu.br\\\/efnaescola\\\/producao-de-hidrogenio\\\/\",\"url\":\"https:\\\/\\\/divulga.unila.edu.br\\\/efnaescola\\\/producao-de-hidrogenio\\\/\",\"name\":\"Produ\u00e7\u00e3o de Hidrog\u00eanio - Engenharia F\u00edsica na Escola\",\"isPartOf\":{\"@id\":\"https:\\\/\\\/divulga.unila.edu.br\\\/efnaescola\\\/#website\"},\"primaryImageOfPage\":{\"@id\":\"https:\\\/\\\/divulga.unila.edu.br\\\/efnaescola\\\/producao-de-hidrogenio\\\/#primaryimage\"},\"image\":{\"@id\":\"https:\\\/\\\/divulga.unila.edu.br\\\/efnaescola\\\/producao-de-hidrogenio\\\/#primaryimage\"},\"thumbnailUrl\":\"https:\\\/\\\/divulga.unila.edu.br\\\/efnaescola\\\/wp-content\\\/uploads\\\/sites\\\/45\\\/2025\\\/02\\\/Engenharia-Fisica-na-ESCOLA-1024x576.jpg\",\"datePublished\":\"2025-02-05T16:43:37+00:00\",\"dateModified\":\"2025-02-05T17:23:36+00:00\",\"breadcrumb\":{\"@id\":\"https:\\\/\\\/divulga.unila.edu.br\\\/efnaescola\\\/producao-de-hidrogenio\\\/#breadcrumb\"},\"inLanguage\":\"pt-BR\",\"potentialAction\":[{\"@type\":\"ReadAction\",\"target\":[\"https:\\\/\\\/divulga.unila.edu.br\\\/efnaescola\\\/producao-de-hidrogenio\\\/\"]}]},{\"@type\":\"ImageObject\",\"inLanguage\":\"pt-BR\",\"@id\":\"https:\\\/\\\/divulga.unila.edu.br\\\/efnaescola\\\/producao-de-hidrogenio\\\/#primaryimage\",\"url\":\"https:\\\/\\\/divulga.unila.edu.br\\\/efnaescola\\\/wp-content\\\/uploads\\\/sites\\\/45\\\/2025\\\/02\\\/Engenharia-Fisica-na-ESCOLA.jpg\",\"contentUrl\":\"https:\\\/\\\/divulga.unila.edu.br\\\/efnaescola\\\/wp-content\\\/uploads\\\/sites\\\/45\\\/2025\\\/02\\\/Engenharia-Fisica-na-ESCOLA.jpg\",\"width\":1920,\"height\":1080},{\"@type\":\"BreadcrumbList\",\"@id\":\"https:\\\/\\\/divulga.unila.edu.br\\\/efnaescola\\\/producao-de-hidrogenio\\\/#breadcrumb\",\"itemListElement\":[{\"@type\":\"ListItem\",\"position\":1,\"name\":\"In\u00edcio\",\"item\":\"https:\\\/\\\/divulga.unila.edu.br\\\/efnaescola\\\/\"},{\"@type\":\"ListItem\",\"position\":2,\"name\":\"Produ\u00e7\u00e3o de Hidrog\u00eanio\"}]},{\"@type\":\"WebSite\",\"@id\":\"https:\\\/\\\/divulga.unila.edu.br\\\/efnaescola\\\/#website\",\"url\":\"https:\\\/\\\/divulga.unila.edu.br\\\/efnaescola\\\/\",\"name\":\"Engenharia F\u00edsica na Escola\",\"description\":\"\",\"publisher\":{\"@id\":\"https:\\\/\\\/divulga.unila.edu.br\\\/efnaescola\\\/#organization\"},\"potentialAction\":[{\"@type\":\"SearchAction\",\"target\":{\"@type\":\"EntryPoint\",\"urlTemplate\":\"https:\\\/\\\/divulga.unila.edu.br\\\/efnaescola\\\/?s={search_term_string}\"},\"query-input\":{\"@type\":\"PropertyValueSpecification\",\"valueRequired\":true,\"valueName\":\"search_term_string\"}}],\"inLanguage\":\"pt-BR\"},{\"@type\":\"Organization\",\"@id\":\"https:\\\/\\\/divulga.unila.edu.br\\\/efnaescola\\\/#organization\",\"name\":\"Engenharia F\u00edsica na Escola\",\"url\":\"https:\\\/\\\/divulga.unila.edu.br\\\/efnaescola\\\/\",\"logo\":{\"@type\":\"ImageObject\",\"inLanguage\":\"pt-BR\",\"@id\":\"https:\\\/\\\/divulga.unila.edu.br\\\/efnaescola\\\/#\\\/schema\\\/logo\\\/image\\\/\",\"url\":\"https:\\\/\\\/divulga.unila.edu.br\\\/efnaescola\\\/wp-content\\\/uploads\\\/sites\\\/45\\\/2025\\\/02\\\/cropped-Proj.-extencao.png\",\"contentUrl\":\"https:\\\/\\\/divulga.unila.edu.br\\\/efnaescola\\\/wp-content\\\/uploads\\\/sites\\\/45\\\/2025\\\/02\\\/cropped-Proj.-extencao.png\",\"width\":444,\"height\":443,\"caption\":\"Engenharia F\u00edsica na Escola\"},\"image\":{\"@id\":\"https:\\\/\\\/divulga.unila.edu.br\\\/efnaescola\\\/#\\\/schema\\\/logo\\\/image\\\/\"}}]}<\/script>\n<!-- \/ Yoast SEO plugin. -->","yoast_head_json":{"title":"Produ\u00e7\u00e3o de Hidrog\u00eanio - Engenharia F\u00edsica na Escola","robots":{"index":"index","follow":"follow","max-snippet":"max-snippet:-1","max-image-preview":"max-image-preview:large","max-video-preview":"max-video-preview:-1"},"canonical":"https:\/\/divulga.unila.edu.br\/efnaescola\/producao-de-hidrogenio\/","og_locale":"pt_BR","og_type":"article","og_title":"Produ\u00e7\u00e3o de Hidrog\u00eanio - Engenharia F\u00edsica na Escola","og_description":"A pr\u00e1tica de eletr\u00f3lise da \u00e1gua \u00e9 uma experi\u00eancia educativa que demonstra demaneira tang\u00edvel os princ\u00edpios fundamentais da qu\u00edmica e da eletr\u00f3lise. Neste experimento,os alunos utilizam eletrodos met\u00e1licos imersos em uma solu\u00e7\u00e3o de \u00e1gua com um eletr\u00f3lito,como hidr\u00f3xido de s\u00f3dio ou \u00e1cido sulf\u00farico, para facilitar a condu\u00e7\u00e3o el\u00e9trica. Ao aplicar umacorrente el\u00e9trica atrav\u00e9s dos eletrodos, a \u00e1gua (H2O) \u00e9 decomposta em seus elementosconstituintes: hidrog\u00eanio (H2) e oxig\u00eanio (O2).Os eletrodos, geralmente feitos de materiais inertes, s\u00e3o conectados a uma fonte dealimenta\u00e7\u00e3o el\u00e9trica. Quando a corrente passa pelo circuito, ocorrem rea\u00e7\u00f5es deoxirredu\u00e7\u00e3o: no c\u00e1todo, o hidrog\u00eanio \u00e9 reduzido e liberado como g\u00e1s H2, enquanto no \u00e2nodo,o oxig\u00eanio \u00e9 oxidado e liberado como g\u00e1s O2. Os gases resultantes s\u00e3o ent\u00e3o coletados embal\u00f5es ou tubos de ensaio invertidos, permitindo uma visualiza\u00e7\u00e3o clara da separa\u00e7\u00e3o e dovolume dos gases produzidos.Esta pr\u00e1tica n\u00e3o apenas ilustra a teoria por tr\u00e1s da eletr\u00f3lise e das rea\u00e7\u00f5es deoxirredu\u00e7\u00e3o, mas tamb\u00e9m proporciona uma demonstra\u00e7\u00e3o visual impactante da convers\u00e3ode energia el\u00e9trica em energia qu\u00edmica. Ao final do experimento, os alunos t\u00eam aoportunidade de discutir aplica\u00e7\u00f5es pr\u00e1ticas deste processo, relacionando conceitos te\u00f3ricosda qu\u00edmica e a compreens\u00e3o de processos eletroqu\u00edmicos essenciais ao mundocontempor\u00e2neo.","og_url":"https:\/\/divulga.unila.edu.br\/efnaescola\/producao-de-hidrogenio\/","og_site_name":"Engenharia F\u00edsica na Escola","article_modified_time":"2025-02-05T17:23:36+00:00","og_image":[{"url":"https:\/\/divulga.unila.edu.br\/efnaescola\/wp-content\/uploads\/sites\/45\/2025\/02\/Engenharia-Fisica-na-ESCOLA-1024x576.jpg","type":"","width":"","height":""}],"twitter_card":"summary_large_image","twitter_misc":{"Est. tempo de leitura":"1 minuto"},"schema":{"@context":"https:\/\/schema.org","@graph":[{"@type":"WebPage","@id":"https:\/\/divulga.unila.edu.br\/efnaescola\/producao-de-hidrogenio\/","url":"https:\/\/divulga.unila.edu.br\/efnaescola\/producao-de-hidrogenio\/","name":"Produ\u00e7\u00e3o de Hidrog\u00eanio - Engenharia F\u00edsica na Escola","isPartOf":{"@id":"https:\/\/divulga.unila.edu.br\/efnaescola\/#website"},"primaryImageOfPage":{"@id":"https:\/\/divulga.unila.edu.br\/efnaescola\/producao-de-hidrogenio\/#primaryimage"},"image":{"@id":"https:\/\/divulga.unila.edu.br\/efnaescola\/producao-de-hidrogenio\/#primaryimage"},"thumbnailUrl":"https:\/\/divulga.unila.edu.br\/efnaescola\/wp-content\/uploads\/sites\/45\/2025\/02\/Engenharia-Fisica-na-ESCOLA-1024x576.jpg","datePublished":"2025-02-05T16:43:37+00:00","dateModified":"2025-02-05T17:23:36+00:00","breadcrumb":{"@id":"https:\/\/divulga.unila.edu.br\/efnaescola\/producao-de-hidrogenio\/#breadcrumb"},"inLanguage":"pt-BR","potentialAction":[{"@type":"ReadAction","target":["https:\/\/divulga.unila.edu.br\/efnaescola\/producao-de-hidrogenio\/"]}]},{"@type":"ImageObject","inLanguage":"pt-BR","@id":"https:\/\/divulga.unila.edu.br\/efnaescola\/producao-de-hidrogenio\/#primaryimage","url":"https:\/\/divulga.unila.edu.br\/efnaescola\/wp-content\/uploads\/sites\/45\/2025\/02\/Engenharia-Fisica-na-ESCOLA.jpg","contentUrl":"https:\/\/divulga.unila.edu.br\/efnaescola\/wp-content\/uploads\/sites\/45\/2025\/02\/Engenharia-Fisica-na-ESCOLA.jpg","width":1920,"height":1080},{"@type":"BreadcrumbList","@id":"https:\/\/divulga.unila.edu.br\/efnaescola\/producao-de-hidrogenio\/#breadcrumb","itemListElement":[{"@type":"ListItem","position":1,"name":"In\u00edcio","item":"https:\/\/divulga.unila.edu.br\/efnaescola\/"},{"@type":"ListItem","position":2,"name":"Produ\u00e7\u00e3o de Hidrog\u00eanio"}]},{"@type":"WebSite","@id":"https:\/\/divulga.unila.edu.br\/efnaescola\/#website","url":"https:\/\/divulga.unila.edu.br\/efnaescola\/","name":"Engenharia F\u00edsica na Escola","description":"","publisher":{"@id":"https:\/\/divulga.unila.edu.br\/efnaescola\/#organization"},"potentialAction":[{"@type":"SearchAction","target":{"@type":"EntryPoint","urlTemplate":"https:\/\/divulga.unila.edu.br\/efnaescola\/?s={search_term_string}"},"query-input":{"@type":"PropertyValueSpecification","valueRequired":true,"valueName":"search_term_string"}}],"inLanguage":"pt-BR"},{"@type":"Organization","@id":"https:\/\/divulga.unila.edu.br\/efnaescola\/#organization","name":"Engenharia F\u00edsica na Escola","url":"https:\/\/divulga.unila.edu.br\/efnaescola\/","logo":{"@type":"ImageObject","inLanguage":"pt-BR","@id":"https:\/\/divulga.unila.edu.br\/efnaescola\/#\/schema\/logo\/image\/","url":"https:\/\/divulga.unila.edu.br\/efnaescola\/wp-content\/uploads\/sites\/45\/2025\/02\/cropped-Proj.-extencao.png","contentUrl":"https:\/\/divulga.unila.edu.br\/efnaescola\/wp-content\/uploads\/sites\/45\/2025\/02\/cropped-Proj.-extencao.png","width":444,"height":443,"caption":"Engenharia F\u00edsica na Escola"},"image":{"@id":"https:\/\/divulga.unila.edu.br\/efnaescola\/#\/schema\/logo\/image\/"}}]}},"uagb_featured_image_src":{"full":false,"thumbnail":false,"medium":false,"medium_large":false,"large":false,"1536x1536":false,"2048x2048":false,"htmega_size_585x295":false,"htmega_size_1170x536":false,"htmega_size_396x360":false,"tainacan-small":false,"tainacan-medium":false,"tainacan-medium-full":false,"tainacan-large-full":false,"ixion-featured-content":false,"ixion-featured-image":false,"ixion-avatar":false},"uagb_author_info":{"display_name":"yc.carneosso.2019","author_link":"https:\/\/divulga.unila.edu.br\/efnaescola\/author\/yccarneosso2019\/"},"uagb_comment_info":0,"uagb_excerpt":"A pr\u00e1tica de eletr\u00f3lise da \u00e1gua \u00e9 uma experi\u00eancia educativa que demonstra demaneira tang\u00edvel os princ\u00edpios fundamentais da qu\u00edmica e da eletr\u00f3lise. Neste experimento,os alunos utilizam eletrodos met\u00e1licos imersos em uma solu\u00e7\u00e3o de \u00e1gua com um eletr\u00f3lito,como hidr\u00f3xido de s\u00f3dio ou \u00e1cido sulf\u00farico, para facilitar a condu\u00e7\u00e3o el\u00e9trica. Ao aplicar umacorrente el\u00e9trica atrav\u00e9s dos eletrodos,&hellip;","_links":{"self":[{"href":"https:\/\/divulga.unila.edu.br\/efnaescola\/wp-json\/wp\/v2\/pages\/75","targetHints":{"allow":["GET"]}}],"collection":[{"href":"https:\/\/divulga.unila.edu.br\/efnaescola\/wp-json\/wp\/v2\/pages"}],"about":[{"href":"https:\/\/divulga.unila.edu.br\/efnaescola\/wp-json\/wp\/v2\/types\/page"}],"author":[{"embeddable":true,"href":"https:\/\/divulga.unila.edu.br\/efnaescola\/wp-json\/wp\/v2\/users\/116"}],"replies":[{"embeddable":true,"href":"https:\/\/divulga.unila.edu.br\/efnaescola\/wp-json\/wp\/v2\/comments?post=75"}],"version-history":[{"count":5,"href":"https:\/\/divulga.unila.edu.br\/efnaescola\/wp-json\/wp\/v2\/pages\/75\/revisions"}],"predecessor-version":[{"id":147,"href":"https:\/\/divulga.unila.edu.br\/efnaescola\/wp-json\/wp\/v2\/pages\/75\/revisions\/147"}],"wp:attachment":[{"href":"https:\/\/divulga.unila.edu.br\/efnaescola\/wp-json\/wp\/v2\/media?parent=75"}],"curies":[{"name":"wp","href":"https:\/\/api.w.org\/{rel}","templated":true}]}}