{"id":71,"date":"2025-02-05T13:43:04","date_gmt":"2025-02-05T16:43:04","guid":{"rendered":"https:\/\/divulga.unila.edu.br\/efnaescola\/?page_id=71"},"modified":"2025-02-05T14:25:17","modified_gmt":"2025-02-05T17:25:17","slug":"construindo-um-circuito-eletrico","status":"publish","type":"page","link":"https:\/\/divulga.unila.edu.br\/efnaescola\/construindo-um-circuito-eletrico\/","title":{"rendered":"Construindo um circuito el\u00e9trico"},"content":{"rendered":"\n<p>Esta pr\u00e1tica de eletr\u00f4nica ensina os alunos a como controlar o acendimento de LEDs<br>utilizando componentes b\u00e1sicos em uma protoboard.<\/p>\n\n\n\n<p>Nesta atividade, os estudantes aprendem os princ\u00edpios fundamentais de circuitos el\u00e9tricos, come\u00e7ando com a identifica\u00e7\u00e3o e o manuseio de resistores, LEDs, fios de conex\u00e3o e uma fonte de alimenta\u00e7\u00e3o. O objetivo \u00e9montar um circuito simples onde um LED \u00e9 controlado por um interruptor ou bot\u00e3o,permitindo que os alunos compreendam conceitos como corrente el\u00e9trica, tens\u00e3o,resist\u00eancia e a import\u00e2ncia da polaridade dos componentes. A pr\u00e1tica oferece uma base s\u00f3lida para futuros projetos mais complexos, desenvolvendo habilidades pr\u00e1ticas e te\u00f3ricas essenciais em eletr\u00f4nica.<\/p>\n\n\n\n<div data-wp-interactive=\"core\/file\" class=\"wp-block-file\"><object data-wp-bind--hidden=\"!state.hasPdfPreview\" hidden class=\"wp-block-file__embed\" data=\"https:\/\/divulga.unila.edu.br\/efnaescola\/wp-content\/uploads\/sites\/45\/2025\/02\/circuitos-ELETRICOS-1.pdf\" type=\"application\/pdf\" style=\"width:100%;height:600px\" aria-label=\"Incorporado de circuitos EL\u00c9TRICOS (1).\"><\/object><a id=\"wp-block-file--media-aed95b18-6ab9-4344-91e1-e975eb0ddcad\" href=\"https:\/\/divulga.unila.edu.br\/efnaescola\/wp-content\/uploads\/sites\/45\/2025\/02\/circuitos-ELETRICOS-1.pdf\">circuitos EL\u00c9TRICOS (1)<\/a><a href=\"https:\/\/divulga.unila.edu.br\/efnaescola\/wp-content\/uploads\/sites\/45\/2025\/02\/circuitos-ELETRICOS-1.pdf\" class=\"wp-block-file__button wp-element-button\" download aria-describedby=\"wp-block-file--media-aed95b18-6ab9-4344-91e1-e975eb0ddcad\">Baixar<\/a><\/div>\n\n\n\n<div data-wp-interactive=\"core\/file\" class=\"wp-block-file\"><object data-wp-bind--hidden=\"!state.hasPdfPreview\" hidden class=\"wp-block-file__embed\" data=\"http:\/\/divulga.unila.edu.br\/efnaescola\/wp-content\/uploads\/sites\/45\/2025\/02\/Circuitos-eletricos.pdf\" type=\"application\/pdf\" style=\"width:100%;height:600px\" aria-label=\"Incorporado de Roteiro Circuitos el\u00e9tricos.\"><\/object><a id=\"wp-block-file--media-8d059a79-9e20-48da-99c0-3c3641a6ad37\" href=\"http:\/\/divulga.unila.edu.br\/efnaescola\/wp-content\/uploads\/sites\/45\/2025\/02\/Circuitos-eletricos.pdf\">Roteiro Circuitos el\u00e9tricos<\/a><a href=\"http:\/\/divulga.unila.edu.br\/efnaescola\/wp-content\/uploads\/sites\/45\/2025\/02\/Circuitos-eletricos.pdf\" class=\"wp-block-file__button wp-element-button\" download aria-describedby=\"wp-block-file--media-8d059a79-9e20-48da-99c0-3c3641a6ad37\">Baixar<\/a><\/div>\n\n\n\n<p><\/p>\n","protected":false},"excerpt":{"rendered":"<p>Esta pr\u00e1tica de eletr\u00f4nica ensina os alunos a como controlar o acendimento de LEDsutilizando componentes b\u00e1sicos em uma protoboard. Nesta atividade, os estudantes aprendem os princ\u00edpios fundamentais de circuitos el\u00e9tricos, come\u00e7ando com a identifica\u00e7\u00e3o e o manuseio de resistores, LEDs, fios de conex\u00e3o e uma fonte de alimenta\u00e7\u00e3o. O objetivo \u00e9montar um circuito simples onde um LED \u00e9 controlado por um interruptor ou bot\u00e3o,permitindo que os alunos compreendam conceitos como corrente el\u00e9trica, tens\u00e3o,resist\u00eancia e a import\u00e2ncia da polaridade dos componentes. A pr\u00e1tica oferece uma base s\u00f3lida para futuros projetos mais complexos, desenvolvendo habilidades pr\u00e1ticas e te\u00f3ricas essenciais em eletr\u00f4nica.<\/p>\n","protected":false},"author":116,"featured_media":0,"parent":0,"menu_order":0,"comment_status":"closed","ping_status":"closed","template":"","meta":{"_uag_custom_page_level_css":"","_themeisle_gutenberg_block_has_review":false,"footnotes":""},"class_list":["post-71","page","type-page","status-publish","hentry","no-featured-image"],"yoast_head":"<!-- This site is optimized with the Yoast SEO plugin v27.6 - https:\/\/yoast.com\/product\/yoast-seo-wordpress\/ -->\n<title>Construindo um circuito el\u00e9trico - Engenharia F\u00edsica na Escola<\/title>\n<meta name=\"robots\" content=\"index, follow, max-snippet:-1, max-image-preview:large, max-video-preview:-1\" \/>\n<link rel=\"canonical\" href=\"https:\/\/divulga.unila.edu.br\/efnaescola\/construindo-um-circuito-eletrico\/\" \/>\n<meta property=\"og:locale\" content=\"pt_BR\" \/>\n<meta property=\"og:type\" content=\"article\" \/>\n<meta property=\"og:title\" content=\"Construindo um circuito el\u00e9trico - Engenharia F\u00edsica na Escola\" \/>\n<meta property=\"og:description\" content=\"Esta pr\u00e1tica de eletr\u00f4nica ensina os alunos a como controlar o acendimento de LEDsutilizando componentes b\u00e1sicos em uma protoboard. Nesta atividade, os estudantes aprendem os princ\u00edpios fundamentais de circuitos el\u00e9tricos, come\u00e7ando com a identifica\u00e7\u00e3o e o manuseio de resistores, LEDs, fios de conex\u00e3o e uma fonte de alimenta\u00e7\u00e3o. O objetivo \u00e9montar um circuito simples onde um LED \u00e9 controlado por um interruptor ou bot\u00e3o,permitindo que os alunos compreendam conceitos como corrente el\u00e9trica, tens\u00e3o,resist\u00eancia e a import\u00e2ncia da polaridade dos componentes. A pr\u00e1tica oferece uma base s\u00f3lida para futuros projetos mais complexos, desenvolvendo habilidades pr\u00e1ticas e te\u00f3ricas essenciais em eletr\u00f4nica.\" \/>\n<meta property=\"og:url\" content=\"https:\/\/divulga.unila.edu.br\/efnaescola\/construindo-um-circuito-eletrico\/\" \/>\n<meta property=\"og:site_name\" content=\"Engenharia F\u00edsica na Escola\" \/>\n<meta property=\"article:modified_time\" content=\"2025-02-05T17:25:17+00:00\" \/>\n<meta name=\"twitter:card\" content=\"summary_large_image\" \/>\n<meta name=\"twitter:label1\" content=\"Est. tempo de leitura\" \/>\n\t<meta name=\"twitter:data1\" content=\"1 minuto\" \/>\n<script type=\"application\/ld+json\" class=\"yoast-schema-graph\">{\"@context\":\"https:\\\/\\\/schema.org\",\"@graph\":[{\"@type\":\"WebPage\",\"@id\":\"https:\\\/\\\/divulga.unila.edu.br\\\/efnaescola\\\/construindo-um-circuito-eletrico\\\/\",\"url\":\"https:\\\/\\\/divulga.unila.edu.br\\\/efnaescola\\\/construindo-um-circuito-eletrico\\\/\",\"name\":\"Construindo um circuito el\u00e9trico - Engenharia F\u00edsica na Escola\",\"isPartOf\":{\"@id\":\"https:\\\/\\\/divulga.unila.edu.br\\\/efnaescola\\\/#website\"},\"datePublished\":\"2025-02-05T16:43:04+00:00\",\"dateModified\":\"2025-02-05T17:25:17+00:00\",\"breadcrumb\":{\"@id\":\"https:\\\/\\\/divulga.unila.edu.br\\\/efnaescola\\\/construindo-um-circuito-eletrico\\\/#breadcrumb\"},\"inLanguage\":\"pt-BR\",\"potentialAction\":[{\"@type\":\"ReadAction\",\"target\":[\"https:\\\/\\\/divulga.unila.edu.br\\\/efnaescola\\\/construindo-um-circuito-eletrico\\\/\"]}]},{\"@type\":\"BreadcrumbList\",\"@id\":\"https:\\\/\\\/divulga.unila.edu.br\\\/efnaescola\\\/construindo-um-circuito-eletrico\\\/#breadcrumb\",\"itemListElement\":[{\"@type\":\"ListItem\",\"position\":1,\"name\":\"In\u00edcio\",\"item\":\"https:\\\/\\\/divulga.unila.edu.br\\\/efnaescola\\\/\"},{\"@type\":\"ListItem\",\"position\":2,\"name\":\"Construindo um circuito el\u00e9trico\"}]},{\"@type\":\"WebSite\",\"@id\":\"https:\\\/\\\/divulga.unila.edu.br\\\/efnaescola\\\/#website\",\"url\":\"https:\\\/\\\/divulga.unila.edu.br\\\/efnaescola\\\/\",\"name\":\"Engenharia F\u00edsica na Escola\",\"description\":\"\",\"publisher\":{\"@id\":\"https:\\\/\\\/divulga.unila.edu.br\\\/efnaescola\\\/#organization\"},\"potentialAction\":[{\"@type\":\"SearchAction\",\"target\":{\"@type\":\"EntryPoint\",\"urlTemplate\":\"https:\\\/\\\/divulga.unila.edu.br\\\/efnaescola\\\/?s={search_term_string}\"},\"query-input\":{\"@type\":\"PropertyValueSpecification\",\"valueRequired\":true,\"valueName\":\"search_term_string\"}}],\"inLanguage\":\"pt-BR\"},{\"@type\":\"Organization\",\"@id\":\"https:\\\/\\\/divulga.unila.edu.br\\\/efnaescola\\\/#organization\",\"name\":\"Engenharia F\u00edsica na Escola\",\"url\":\"https:\\\/\\\/divulga.unila.edu.br\\\/efnaescola\\\/\",\"logo\":{\"@type\":\"ImageObject\",\"inLanguage\":\"pt-BR\",\"@id\":\"https:\\\/\\\/divulga.unila.edu.br\\\/efnaescola\\\/#\\\/schema\\\/logo\\\/image\\\/\",\"url\":\"https:\\\/\\\/divulga.unila.edu.br\\\/efnaescola\\\/wp-content\\\/uploads\\\/sites\\\/45\\\/2025\\\/02\\\/cropped-Proj.-extencao.png\",\"contentUrl\":\"https:\\\/\\\/divulga.unila.edu.br\\\/efnaescola\\\/wp-content\\\/uploads\\\/sites\\\/45\\\/2025\\\/02\\\/cropped-Proj.-extencao.png\",\"width\":444,\"height\":443,\"caption\":\"Engenharia F\u00edsica na Escola\"},\"image\":{\"@id\":\"https:\\\/\\\/divulga.unila.edu.br\\\/efnaescola\\\/#\\\/schema\\\/logo\\\/image\\\/\"}}]}<\/script>\n<!-- \/ Yoast SEO plugin. -->","yoast_head_json":{"title":"Construindo um circuito el\u00e9trico - Engenharia F\u00edsica na Escola","robots":{"index":"index","follow":"follow","max-snippet":"max-snippet:-1","max-image-preview":"max-image-preview:large","max-video-preview":"max-video-preview:-1"},"canonical":"https:\/\/divulga.unila.edu.br\/efnaescola\/construindo-um-circuito-eletrico\/","og_locale":"pt_BR","og_type":"article","og_title":"Construindo um circuito el\u00e9trico - Engenharia F\u00edsica na Escola","og_description":"Esta pr\u00e1tica de eletr\u00f4nica ensina os alunos a como controlar o acendimento de LEDsutilizando componentes b\u00e1sicos em uma protoboard. Nesta atividade, os estudantes aprendem os princ\u00edpios fundamentais de circuitos el\u00e9tricos, come\u00e7ando com a identifica\u00e7\u00e3o e o manuseio de resistores, LEDs, fios de conex\u00e3o e uma fonte de alimenta\u00e7\u00e3o. O objetivo \u00e9montar um circuito simples onde um LED \u00e9 controlado por um interruptor ou bot\u00e3o,permitindo que os alunos compreendam conceitos como corrente el\u00e9trica, tens\u00e3o,resist\u00eancia e a import\u00e2ncia da polaridade dos componentes. A pr\u00e1tica oferece uma base s\u00f3lida para futuros projetos mais complexos, desenvolvendo habilidades pr\u00e1ticas e te\u00f3ricas essenciais em eletr\u00f4nica.","og_url":"https:\/\/divulga.unila.edu.br\/efnaescola\/construindo-um-circuito-eletrico\/","og_site_name":"Engenharia F\u00edsica na Escola","article_modified_time":"2025-02-05T17:25:17+00:00","twitter_card":"summary_large_image","twitter_misc":{"Est. tempo de leitura":"1 minuto"},"schema":{"@context":"https:\/\/schema.org","@graph":[{"@type":"WebPage","@id":"https:\/\/divulga.unila.edu.br\/efnaescola\/construindo-um-circuito-eletrico\/","url":"https:\/\/divulga.unila.edu.br\/efnaescola\/construindo-um-circuito-eletrico\/","name":"Construindo um circuito el\u00e9trico - Engenharia F\u00edsica na Escola","isPartOf":{"@id":"https:\/\/divulga.unila.edu.br\/efnaescola\/#website"},"datePublished":"2025-02-05T16:43:04+00:00","dateModified":"2025-02-05T17:25:17+00:00","breadcrumb":{"@id":"https:\/\/divulga.unila.edu.br\/efnaescola\/construindo-um-circuito-eletrico\/#breadcrumb"},"inLanguage":"pt-BR","potentialAction":[{"@type":"ReadAction","target":["https:\/\/divulga.unila.edu.br\/efnaescola\/construindo-um-circuito-eletrico\/"]}]},{"@type":"BreadcrumbList","@id":"https:\/\/divulga.unila.edu.br\/efnaescola\/construindo-um-circuito-eletrico\/#breadcrumb","itemListElement":[{"@type":"ListItem","position":1,"name":"In\u00edcio","item":"https:\/\/divulga.unila.edu.br\/efnaescola\/"},{"@type":"ListItem","position":2,"name":"Construindo um circuito el\u00e9trico"}]},{"@type":"WebSite","@id":"https:\/\/divulga.unila.edu.br\/efnaescola\/#website","url":"https:\/\/divulga.unila.edu.br\/efnaescola\/","name":"Engenharia F\u00edsica na Escola","description":"","publisher":{"@id":"https:\/\/divulga.unila.edu.br\/efnaescola\/#organization"},"potentialAction":[{"@type":"SearchAction","target":{"@type":"EntryPoint","urlTemplate":"https:\/\/divulga.unila.edu.br\/efnaescola\/?s={search_term_string}"},"query-input":{"@type":"PropertyValueSpecification","valueRequired":true,"valueName":"search_term_string"}}],"inLanguage":"pt-BR"},{"@type":"Organization","@id":"https:\/\/divulga.unila.edu.br\/efnaescola\/#organization","name":"Engenharia F\u00edsica na Escola","url":"https:\/\/divulga.unila.edu.br\/efnaescola\/","logo":{"@type":"ImageObject","inLanguage":"pt-BR","@id":"https:\/\/divulga.unila.edu.br\/efnaescola\/#\/schema\/logo\/image\/","url":"https:\/\/divulga.unila.edu.br\/efnaescola\/wp-content\/uploads\/sites\/45\/2025\/02\/cropped-Proj.-extencao.png","contentUrl":"https:\/\/divulga.unila.edu.br\/efnaescola\/wp-content\/uploads\/sites\/45\/2025\/02\/cropped-Proj.-extencao.png","width":444,"height":443,"caption":"Engenharia F\u00edsica na Escola"},"image":{"@id":"https:\/\/divulga.unila.edu.br\/efnaescola\/#\/schema\/logo\/image\/"}}]}},"uagb_featured_image_src":{"full":false,"thumbnail":false,"medium":false,"medium_large":false,"large":false,"1536x1536":false,"2048x2048":false,"htmega_size_585x295":false,"htmega_size_1170x536":false,"htmega_size_396x360":false,"tainacan-small":false,"tainacan-medium":false,"tainacan-medium-full":false,"tainacan-large-full":false,"ixion-featured-content":false,"ixion-featured-image":false,"ixion-avatar":false},"uagb_author_info":{"display_name":"yc.carneosso.2019","author_link":"https:\/\/divulga.unila.edu.br\/efnaescola\/author\/yccarneosso2019\/"},"uagb_comment_info":0,"uagb_excerpt":"Esta pr\u00e1tica de eletr\u00f4nica ensina os alunos a como controlar o acendimento de LEDsutilizando componentes b\u00e1sicos em uma protoboard. Nesta atividade, os estudantes aprendem os princ\u00edpios fundamentais de circuitos el\u00e9tricos, come\u00e7ando com a identifica\u00e7\u00e3o e o manuseio de resistores, LEDs, fios de conex\u00e3o e uma fonte de alimenta\u00e7\u00e3o. O objetivo \u00e9montar um circuito simples onde&hellip;","_links":{"self":[{"href":"https:\/\/divulga.unila.edu.br\/efnaescola\/wp-json\/wp\/v2\/pages\/71","targetHints":{"allow":["GET"]}}],"collection":[{"href":"https:\/\/divulga.unila.edu.br\/efnaescola\/wp-json\/wp\/v2\/pages"}],"about":[{"href":"https:\/\/divulga.unila.edu.br\/efnaescola\/wp-json\/wp\/v2\/types\/page"}],"author":[{"embeddable":true,"href":"https:\/\/divulga.unila.edu.br\/efnaescola\/wp-json\/wp\/v2\/users\/116"}],"replies":[{"embeddable":true,"href":"https:\/\/divulga.unila.edu.br\/efnaescola\/wp-json\/wp\/v2\/comments?post=71"}],"version-history":[{"count":3,"href":"https:\/\/divulga.unila.edu.br\/efnaescola\/wp-json\/wp\/v2\/pages\/71\/revisions"}],"predecessor-version":[{"id":150,"href":"https:\/\/divulga.unila.edu.br\/efnaescola\/wp-json\/wp\/v2\/pages\/71\/revisions\/150"}],"wp:attachment":[{"href":"https:\/\/divulga.unila.edu.br\/efnaescola\/wp-json\/wp\/v2\/media?parent=71"}],"curies":[{"name":"wp","href":"https:\/\/api.w.org\/{rel}","templated":true}]}}