{"id":793,"date":"2026-01-14T23:12:31","date_gmt":"2026-01-15T02:12:31","guid":{"rendered":"https:\/\/divulga.unila.edu.br\/ecologiaesaude\/?page_id=793"},"modified":"2026-04-08T18:29:27","modified_gmt":"2026-04-08T21:29:27","slug":"ciencia-cidada","status":"publish","type":"page","link":"https:\/\/divulga.unila.edu.br\/ecologiaemrede\/ciencia-cidada\/","title":{"rendered":"Ci\u00eancia Cidad\u00e3"},"content":{"rendered":"\t\t<div data-elementor-type=\"wp-page\" data-elementor-id=\"793\" class=\"elementor elementor-793\">\n\t\t\t\t<div class=\"has_eae_slider wpr-jarallax elementor-element elementor-element-3996047 wpr-jarallax-yes e-con-full e-flex wpr-particle-no wpr-parallax-no wpr-sticky-section-no wpr-equal-height-no e-con e-parent\" data-eae-slider=\"53805\" speed-data=\"1.4\" bg-image=\"https:\/\/divulga.unila.edu.br\/ecologiaesaude\/wp-content\/uploads\/sites\/66\/2026\/02\/Arraste-o-widget-aqui5-scaled.png\" bg-image-mobile=\"\" scroll-effect=\"scroll\" data-id=\"3996047\" data-element_type=\"container\" data-e-type=\"container\" data-settings=\"{&quot;background_background&quot;:&quot;classic&quot;}\">\n\t\t\t\t<div class=\"elementor-element elementor-element-99c27db elementor-widget elementor-widget-spacer\" data-id=\"99c27db\" data-element_type=\"widget\" data-e-type=\"widget\" data-widget_type=\"spacer.default\">\n\t\t\t\t\t\t\t<div class=\"elementor-spacer\">\n\t\t\t<div class=\"elementor-spacer-inner\"><\/div>\n\t\t<\/div>\n\t\t\t\t\t\t<\/div>\n\t\t\t\t<div class=\"elementor-element elementor-element-0d7c146 elementor-widget elementor-widget-heading\" data-id=\"0d7c146\" data-element_type=\"widget\" data-e-type=\"widget\" data-widget_type=\"heading.default\">\n\t\t\t\t\t<h2 class=\"elementor-heading-title elementor-size-default\">Ci\u00eancia Cidad\u00e3<\/h2>\t\t\t\t<\/div>\n\t\t\t\t<div class=\"elementor-element elementor-element-919004b elementor-widget__width-initial elementor-widget-mobile__width-initial elementor-widget elementor-widget-text-editor\" data-id=\"919004b\" data-element_type=\"widget\" data-e-type=\"widget\" data-widget_type=\"text-editor.default\">\n\t\t\t\t\t\t\t\t\t<p>Projetos fundamentados em Ci\u00eancia Cidad\u00e3 se baseiam na coopera\u00e7\u00e3o entre cientistas e n\u00e3o cientistas para a produ\u00e7\u00e3o de conhecimento cient\u00edfico!<\/p>\t\t\t\t\t\t\t\t<\/div>\n\t\t\t\t<div class=\"elementor-element elementor-element-03d6fac elementor-align-center elementor-widget elementor-widget-button\" data-id=\"03d6fac\" data-element_type=\"widget\" data-e-type=\"widget\" data-widget_type=\"button.default\">\n\t\t\t\t\t\t\t\t\t\t<a class=\"elementor-button elementor-button-link elementor-size-sm\" href=\"https:\/\/divulga.unila.edu.br\/ecologiaesaude\/o-que-e-ciencia-cidada\/\">\n\t\t\t\t\t\t<span class=\"elementor-button-content-wrapper\">\n\t\t\t\t\t\t\t\t\t<span class=\"elementor-button-text\">Saiba mais<\/span>\n\t\t\t\t\t<\/span>\n\t\t\t\t\t<\/a>\n\t\t\t\t\t\t\t\t<\/div>\n\t\t\t\t<div class=\"elementor-element elementor-element-58c24e0 elementor-widget elementor-widget-spacer\" data-id=\"58c24e0\" data-element_type=\"widget\" data-e-type=\"widget\" data-widget_type=\"spacer.default\">\n\t\t\t\t\t\t\t<div class=\"elementor-spacer\">\n\t\t\t<div class=\"elementor-spacer-inner\"><\/div>\n\t\t<\/div>\n\t\t\t\t\t\t<\/div>\n\t\t\t\t<\/div>\n\t\t<div class=\"has_eae_slider elementor-element elementor-element-34966e8 e-flex e-con-boxed wpr-particle-no wpr-jarallax-no wpr-parallax-no wpr-sticky-section-no wpr-equal-height-no e-con e-parent\" data-eae-slider=\"99785\" data-id=\"34966e8\" data-element_type=\"container\" data-e-type=\"container\">\n\t\t\t\t\t<div class=\"e-con-inner\">\n\t\t\t\t<div class=\"elementor-element elementor-element-55b7007 elementor-widget elementor-widget-spacer\" data-id=\"55b7007\" data-element_type=\"widget\" data-e-type=\"widget\" data-widget_type=\"spacer.default\">\n\t\t\t\t\t\t\t<div class=\"elementor-spacer\">\n\t\t\t<div class=\"elementor-spacer-inner\"><\/div>\n\t\t<\/div>\n\t\t\t\t\t\t<\/div>\n\t\t\t\t<div class=\"elementor-element elementor-element-ddd6c68 elementor-widget elementor-widget-heading\" data-id=\"ddd6c68\" data-element_type=\"widget\" data-e-type=\"widget\" data-widget_type=\"heading.default\">\n\t\t\t\t\t<h2 class=\"elementor-heading-title elementor-size-default\">Planos de Aula<\/h2>\t\t\t\t<\/div>\n\t\t\t\t<div class=\"elementor-element elementor-element-f0c235f elementor-widget elementor-widget-heading\" data-id=\"f0c235f\" data-element_type=\"widget\" data-e-type=\"widget\" data-widget_type=\"heading.default\">\n\t\t\t\t\t<h2 class=\"elementor-heading-title elementor-size-default\">Protocolo Globe Mosquito<\/h2>\t\t\t\t<\/div>\n\t\t\t\t<div class=\"elementor-element elementor-element-e2cc5f4 elementor-widget elementor-widget-text-editor\" data-id=\"e2cc5f4\" data-element_type=\"widget\" data-e-type=\"widget\" data-widget_type=\"text-editor.default\">\n\t\t\t\t\t\t\t\t\t<p>N\u00f3s do projeto Ecologia e Sa\u00fade desenvolvemos diversos materiais educativos\u00a0 para Ensino de Ciencias, utilizando atividades baseadas em Ci\u00eancia Cidad\u00e3. Os planos de aula abaixo foram desenvolvidos\u00a0 em colabora\u00e7\u00e3o com a Ag\u00eancia Espacial Brasileira para auxiliar na utiliza\u00e7\u00e3o do protocolo GLOBE Mosquito em sala de aula. No primeiro plano de aula, os alunos fazem uma gincana para coletar e identificar distintos tipos de res\u00edduos s\u00f3lidos produzidos que podem representar potenciais criadouros de mosquitos, enquanto no segundo as crian\u00e7as poder\u00e3o observar e identificar larvas de mosquitos entender mais sobre seus ciclos de vida utilizando armadilhas (ovitrampas).<\/p>\t\t\t\t\t\t\t\t<\/div>\n\t\t\t\t<div class=\"elementor-element elementor-element-591485d elementor-widget elementor-widget-spacer\" data-id=\"591485d\" data-element_type=\"widget\" data-e-type=\"widget\" data-widget_type=\"spacer.default\">\n\t\t\t\t\t\t\t<div class=\"elementor-spacer\">\n\t\t\t<div class=\"elementor-spacer-inner\"><\/div>\n\t\t<\/div>\n\t\t\t\t\t\t<\/div>\n\t\t\t\t\t<\/div>\n\t\t\t\t<\/div>\n\t\t<div class=\"has_eae_slider elementor-element elementor-element-18b6647 e-grid e-con-boxed wpr-particle-no wpr-jarallax-no wpr-parallax-no wpr-sticky-section-no wpr-equal-height-no e-con e-parent\" data-eae-slider=\"50852\" data-id=\"18b6647\" data-element_type=\"container\" data-e-type=\"container\">\n\t\t\t\t\t<div class=\"e-con-inner\">\n\t\t<div class=\"has_eae_slider elementor-element elementor-element-78860a3 e-con-full e-flex wpr-particle-no wpr-jarallax-no wpr-parallax-no wpr-sticky-section-no wpr-equal-height-no e-con e-child\" data-eae-slider=\"15815\" data-id=\"78860a3\" data-element_type=\"container\" data-e-type=\"container\" data-settings=\"{&quot;background_background&quot;:&quot;classic&quot;}\">\n\t\t\t\t<div class=\"elementor-element elementor-element-b515f2c elementor-widget elementor-widget-heading\" data-id=\"b515f2c\" data-element_type=\"widget\" data-e-type=\"widget\" data-widget_type=\"heading.default\">\n\t\t\t\t\t<h2 class=\"elementor-heading-title elementor-size-default\"><a href=\"https:\/\/divulga.unila.edu.br\/ecologiaesaude\/materiais-educativos\/\" target=\"_blank\">INTRODU\u00c7\u00c3O<\/a><\/h2>\t\t\t\t<\/div>\n\t\t\t\t<\/div>\n\t\t<div class=\"has_eae_slider elementor-element elementor-element-3cf8237 e-con-full e-flex wpr-particle-no wpr-jarallax-no wpr-parallax-no wpr-sticky-section-no wpr-equal-height-no e-con e-child\" data-eae-slider=\"505\" data-id=\"3cf8237\" data-element_type=\"container\" data-e-type=\"container\" data-settings=\"{&quot;background_background&quot;:&quot;classic&quot;}\">\n\t\t\t\t<div class=\"elementor-element elementor-element-25ec53b elementor-widget elementor-widget-text-editor\" data-id=\"25ec53b\" data-element_type=\"widget\" data-e-type=\"widget\" data-widget_type=\"text-editor.default\">\n\t\t\t\t\t\t\t\t\t<p><a href=\"https:\/\/divulga.unila.edu.br\/ecologiaesaude\/plano-de-aula-1\/\" target=\"_blank\" rel=\"noopener\">PLANO DE AULA 1<\/a><\/p>\t\t\t\t\t\t\t\t<\/div>\n\t\t\t\t<div class=\"elementor-element elementor-element-0ad4778 elementor-widget elementor-widget-heading\" data-id=\"0ad4778\" data-element_type=\"widget\" data-e-type=\"widget\" data-widget_type=\"heading.default\">\n\t\t\t\t\t<h2 class=\"elementor-heading-title elementor-size-default\"><a href=\"https:\/\/divulga.unila.edu.br\/ecologiaesaude\/plano-de-aula-1\/\" target=\"_blank\">DESCARTE DE RES\u00cdDUOS<\/a><\/h2>\t\t\t\t<\/div>\n\t\t\t\t<\/div>\n\t\t<div class=\"has_eae_slider elementor-element elementor-element-7ec32de e-con-full e-flex wpr-particle-no wpr-jarallax-no wpr-parallax-no wpr-sticky-section-no wpr-equal-height-no e-con e-child\" data-eae-slider=\"19796\" data-id=\"7ec32de\" data-element_type=\"container\" data-e-type=\"container\" data-settings=\"{&quot;background_background&quot;:&quot;classic&quot;}\">\n\t\t\t\t<div class=\"elementor-element elementor-element-ba3a6c5 elementor-widget elementor-widget-text-editor\" data-id=\"ba3a6c5\" data-element_type=\"widget\" data-e-type=\"widget\" data-widget_type=\"text-editor.default\">\n\t\t\t\t\t\t\t\t\t<p><a href=\"https:\/\/divulga.unila.edu.br\/ecologiaesaude\/plano-de-aula-2\/\" target=\"_blank\" rel=\"noopener\">PLANO DE AULA 2<\/a><\/p>\t\t\t\t\t\t\t\t<\/div>\n\t\t\t\t<div class=\"elementor-element elementor-element-ff99823 elementor-widget elementor-widget-heading\" data-id=\"ff99823\" data-element_type=\"widget\" data-e-type=\"widget\" data-widget_type=\"heading.default\">\n\t\t\t\t\t<h2 class=\"elementor-heading-title elementor-size-default\"><a href=\"https:\/\/divulga.unila.edu.br\/ecologiaesaude\/plano-de-aula-2\/\" target=\"_blank\">CONHECENDO O MOSQUITO E CONSTRUINDO ARMADILHAS<\/a><\/h2>\t\t\t\t<\/div>\n\t\t\t\t<\/div>\n\t\t\t\t\t<\/div>\n\t\t\t\t<\/div>\n\t\t<div class=\"has_eae_slider elementor-element elementor-element-5c5e3c0 e-flex e-con-boxed wpr-particle-no wpr-jarallax-no wpr-parallax-no wpr-sticky-section-no wpr-equal-height-no e-con e-parent\" data-eae-slider=\"44070\" data-id=\"5c5e3c0\" data-element_type=\"container\" data-e-type=\"container\">\n\t\t\t\t\t<div class=\"e-con-inner\">\n\t\t\t\t<div class=\"elementor-element elementor-element-5b8192d elementor-widget elementor-widget-spacer\" data-id=\"5b8192d\" data-element_type=\"widget\" data-e-type=\"widget\" data-widget_type=\"spacer.default\">\n\t\t\t\t\t\t\t<div class=\"elementor-spacer\">\n\t\t\t<div class=\"elementor-spacer-inner\"><\/div>\n\t\t<\/div>\n\t\t\t\t\t\t<\/div>\n\t\t\t\t\t<\/div>\n\t\t\t\t<\/div>\n\t\t\t\t<\/div>\n\t\t","protected":false},"excerpt":{"rendered":"<p>Ci\u00eancia Cidad\u00e3 Projetos fundamentados em Ci\u00eancia Cidad\u00e3 se baseiam na coopera\u00e7\u00e3o entre cientistas e n\u00e3o cientistas para a produ\u00e7\u00e3o de conhecimento cient\u00edfico! Saiba mais Planos de Aula Protocolo Globe Mosquito N\u00f3s do projeto Ecologia e Sa\u00fade desenvolvemos diversos materiais educativos\u00a0 para Ensino de Ciencias, utilizando atividades baseadas em Ci\u00eancia Cidad\u00e3. Os planos de aula abaixo foram desenvolvidos\u00a0 em colabora\u00e7\u00e3o com a Ag\u00eancia Espacial Brasileira para auxiliar na utiliza\u00e7\u00e3o do protocolo GLOBE Mosquito em sala de aula. No primeiro plano de aula, os alunos fazem uma gincana para coletar e identificar distintos tipos de res\u00edduos s\u00f3lidos produzidos que podem representar potenciais criadouros de mosquitos, enquanto no segundo as crian\u00e7as poder\u00e3o observar e identificar larvas de mosquitos entender mais sobre seus ciclos de vida utilizando armadilhas (ovitrampas). INTRODU\u00c7\u00c3O PLANO DE AULA 1 DESCARTE DE RES\u00cdDUOS PLANO DE AULA 2 CONHECENDO O MOSQUITO E CONSTRUINDO ARMADILHAS<\/p>\n","protected":false},"author":183,"featured_media":0,"parent":0,"menu_order":0,"comment_status":"closed","ping_status":"closed","template":"elementor_header_footer","meta":{"_uag_custom_page_level_css":"","site-container-style":"default","site-container-layout":"default","site-sidebar-layout":"default","disable-article-header":"default","disable-site-header":"default","disable-site-footer":"default","disable-content-area-spacing":"default","_themeisle_gutenberg_block_has_review":false,"footnotes":""},"class_list":["post-793","page","type-page","status-publish","hentry"],"yoast_head":"<!-- This site is optimized with the Yoast SEO plugin v27.6 - https:\/\/yoast.com\/product\/yoast-seo-wordpress\/ -->\n<title>Ci\u00eancia Cidad\u00e3 -<\/title>\n<meta name=\"robots\" content=\"index, follow, max-snippet:-1, max-image-preview:large, max-video-preview:-1\" \/>\n<link rel=\"canonical\" href=\"https:\/\/divulga.unila.edu.br\/ecologiaemrede\/ciencia-cidada\/\" \/>\n<meta property=\"og:locale\" content=\"pt_BR\" \/>\n<meta property=\"og:type\" content=\"article\" \/>\n<meta property=\"og:title\" content=\"Ci\u00eancia Cidad\u00e3 -\" \/>\n<meta property=\"og:description\" content=\"Ci\u00eancia Cidad\u00e3 Projetos fundamentados em Ci\u00eancia Cidad\u00e3 se baseiam na coopera\u00e7\u00e3o entre cientistas e n\u00e3o cientistas para a produ\u00e7\u00e3o de conhecimento cient\u00edfico! Saiba mais Planos de Aula Protocolo Globe Mosquito N\u00f3s do projeto Ecologia e Sa\u00fade desenvolvemos diversos materiais educativos\u00a0 para Ensino de Ciencias, utilizando atividades baseadas em Ci\u00eancia Cidad\u00e3. Os planos de aula abaixo foram desenvolvidos\u00a0 em colabora\u00e7\u00e3o com a Ag\u00eancia Espacial Brasileira para auxiliar na utiliza\u00e7\u00e3o do protocolo GLOBE Mosquito em sala de aula. No primeiro plano de aula, os alunos fazem uma gincana para coletar e identificar distintos tipos de res\u00edduos s\u00f3lidos produzidos que podem representar potenciais criadouros de mosquitos, enquanto no segundo as crian\u00e7as poder\u00e3o observar e identificar larvas de mosquitos entender mais sobre seus ciclos de vida utilizando armadilhas (ovitrampas). INTRODU\u00c7\u00c3O PLANO DE AULA 1 DESCARTE DE RES\u00cdDUOS PLANO DE AULA 2 CONHECENDO O MOSQUITO E CONSTRUINDO ARMADILHAS\" \/>\n<meta property=\"og:url\" content=\"https:\/\/divulga.unila.edu.br\/ecologiaemrede\/ciencia-cidada\/\" \/>\n<meta property=\"article:modified_time\" content=\"2026-04-08T21:29:27+00:00\" \/>\n<meta name=\"twitter:card\" content=\"summary_large_image\" \/>\n<meta name=\"twitter:label1\" content=\"Est. tempo de leitura\" \/>\n\t<meta name=\"twitter:data1\" content=\"1 minuto\" \/>\n<script type=\"application\/ld+json\" class=\"yoast-schema-graph\">{\"@context\":\"https:\\\/\\\/schema.org\",\"@graph\":[{\"@type\":\"WebPage\",\"@id\":\"https:\\\/\\\/divulga.unila.edu.br\\\/ecologiaemrede\\\/ciencia-cidada\\\/\",\"url\":\"https:\\\/\\\/divulga.unila.edu.br\\\/ecologiaemrede\\\/ciencia-cidada\\\/\",\"name\":\"Ci\u00eancia Cidad\u00e3 -\",\"isPartOf\":{\"@id\":\"https:\\\/\\\/divulga.unila.edu.br\\\/ecologiaemrede\\\/#website\"},\"datePublished\":\"2026-01-15T02:12:31+00:00\",\"dateModified\":\"2026-04-08T21:29:27+00:00\",\"breadcrumb\":{\"@id\":\"https:\\\/\\\/divulga.unila.edu.br\\\/ecologiaemrede\\\/ciencia-cidada\\\/#breadcrumb\"},\"inLanguage\":\"pt-BR\",\"potentialAction\":[{\"@type\":\"ReadAction\",\"target\":[\"https:\\\/\\\/divulga.unila.edu.br\\\/ecologiaemrede\\\/ciencia-cidada\\\/\"]}]},{\"@type\":\"BreadcrumbList\",\"@id\":\"https:\\\/\\\/divulga.unila.edu.br\\\/ecologiaemrede\\\/ciencia-cidada\\\/#breadcrumb\",\"itemListElement\":[{\"@type\":\"ListItem\",\"position\":1,\"name\":\"In\u00edcio\",\"item\":\"https:\\\/\\\/divulga.unila.edu.br\\\/ecologiaemrede\\\/\"},{\"@type\":\"ListItem\",\"position\":2,\"name\":\"Ci\u00eancia Cidad\u00e3\"}]},{\"@type\":\"WebSite\",\"@id\":\"https:\\\/\\\/divulga.unila.edu.br\\\/ecologiaemrede\\\/#website\",\"url\":\"https:\\\/\\\/divulga.unila.edu.br\\\/ecologiaemrede\\\/\",\"name\":\"\",\"description\":\"\",\"potentialAction\":[{\"@type\":\"SearchAction\",\"target\":{\"@type\":\"EntryPoint\",\"urlTemplate\":\"https:\\\/\\\/divulga.unila.edu.br\\\/ecologiaemrede\\\/?s={search_term_string}\"},\"query-input\":{\"@type\":\"PropertyValueSpecification\",\"valueRequired\":true,\"valueName\":\"search_term_string\"}}],\"inLanguage\":\"pt-BR\"}]}<\/script>\n<!-- \/ Yoast SEO plugin. -->","yoast_head_json":{"title":"Ci\u00eancia Cidad\u00e3 -","robots":{"index":"index","follow":"follow","max-snippet":"max-snippet:-1","max-image-preview":"max-image-preview:large","max-video-preview":"max-video-preview:-1"},"canonical":"https:\/\/divulga.unila.edu.br\/ecologiaemrede\/ciencia-cidada\/","og_locale":"pt_BR","og_type":"article","og_title":"Ci\u00eancia Cidad\u00e3 -","og_description":"Ci\u00eancia Cidad\u00e3 Projetos fundamentados em Ci\u00eancia Cidad\u00e3 se baseiam na coopera\u00e7\u00e3o entre cientistas e n\u00e3o cientistas para a produ\u00e7\u00e3o de conhecimento cient\u00edfico! Saiba mais Planos de Aula Protocolo Globe Mosquito N\u00f3s do projeto Ecologia e Sa\u00fade desenvolvemos diversos materiais educativos\u00a0 para Ensino de Ciencias, utilizando atividades baseadas em Ci\u00eancia Cidad\u00e3. Os planos de aula abaixo foram desenvolvidos\u00a0 em colabora\u00e7\u00e3o com a Ag\u00eancia Espacial Brasileira para auxiliar na utiliza\u00e7\u00e3o do protocolo GLOBE Mosquito em sala de aula. No primeiro plano de aula, os alunos fazem uma gincana para coletar e identificar distintos tipos de res\u00edduos s\u00f3lidos produzidos que podem representar potenciais criadouros de mosquitos, enquanto no segundo as crian\u00e7as poder\u00e3o observar e identificar larvas de mosquitos entender mais sobre seus ciclos de vida utilizando armadilhas (ovitrampas). INTRODU\u00c7\u00c3O PLANO DE AULA 1 DESCARTE DE RES\u00cdDUOS PLANO DE AULA 2 CONHECENDO O MOSQUITO E CONSTRUINDO ARMADILHAS","og_url":"https:\/\/divulga.unila.edu.br\/ecologiaemrede\/ciencia-cidada\/","article_modified_time":"2026-04-08T21:29:27+00:00","twitter_card":"summary_large_image","twitter_misc":{"Est. tempo de leitura":"1 minuto"},"schema":{"@context":"https:\/\/schema.org","@graph":[{"@type":"WebPage","@id":"https:\/\/divulga.unila.edu.br\/ecologiaemrede\/ciencia-cidada\/","url":"https:\/\/divulga.unila.edu.br\/ecologiaemrede\/ciencia-cidada\/","name":"Ci\u00eancia Cidad\u00e3 -","isPartOf":{"@id":"https:\/\/divulga.unila.edu.br\/ecologiaemrede\/#website"},"datePublished":"2026-01-15T02:12:31+00:00","dateModified":"2026-04-08T21:29:27+00:00","breadcrumb":{"@id":"https:\/\/divulga.unila.edu.br\/ecologiaemrede\/ciencia-cidada\/#breadcrumb"},"inLanguage":"pt-BR","potentialAction":[{"@type":"ReadAction","target":["https:\/\/divulga.unila.edu.br\/ecologiaemrede\/ciencia-cidada\/"]}]},{"@type":"BreadcrumbList","@id":"https:\/\/divulga.unila.edu.br\/ecologiaemrede\/ciencia-cidada\/#breadcrumb","itemListElement":[{"@type":"ListItem","position":1,"name":"In\u00edcio","item":"https:\/\/divulga.unila.edu.br\/ecologiaemrede\/"},{"@type":"ListItem","position":2,"name":"Ci\u00eancia Cidad\u00e3"}]},{"@type":"WebSite","@id":"https:\/\/divulga.unila.edu.br\/ecologiaemrede\/#website","url":"https:\/\/divulga.unila.edu.br\/ecologiaemrede\/","name":"","description":"","potentialAction":[{"@type":"SearchAction","target":{"@type":"EntryPoint","urlTemplate":"https:\/\/divulga.unila.edu.br\/ecologiaemrede\/?s={search_term_string}"},"query-input":{"@type":"PropertyValueSpecification","valueRequired":true,"valueName":"search_term_string"}}],"inLanguage":"pt-BR"}]}},"uagb_featured_image_src":{"full":false,"thumbnail":false,"medium":false,"medium_large":false,"large":false,"1536x1536":false,"2048x2048":false,"htmega_size_585x295":false,"htmega_size_1170x536":false,"htmega_size_396x360":false,"tainacan-small":false,"tainacan-medium":false,"tainacan-medium-full":false,"tainacan-large-full":false},"uagb_author_info":{"display_name":"jv.santana.2019","author_link":"https:\/\/divulga.unila.edu.br\/ecologiaemrede\/author\/jvsantana2019\/"},"uagb_comment_info":0,"uagb_excerpt":"Ci\u00eancia Cidad\u00e3 Projetos fundamentados em Ci\u00eancia Cidad\u00e3 se baseiam na coopera\u00e7\u00e3o entre cientistas e n\u00e3o cientistas para a produ\u00e7\u00e3o de conhecimento cient\u00edfico! Saiba mais Planos de Aula Protocolo Globe Mosquito N\u00f3s do projeto Ecologia e Sa\u00fade desenvolvemos diversos materiais educativos\u00a0 para Ensino de Ciencias, utilizando atividades baseadas em Ci\u00eancia Cidad\u00e3. Os planos de aula abaixo&hellip;","_links":{"self":[{"href":"https:\/\/divulga.unila.edu.br\/ecologiaemrede\/wp-json\/wp\/v2\/pages\/793","targetHints":{"allow":["GET"]}}],"collection":[{"href":"https:\/\/divulga.unila.edu.br\/ecologiaemrede\/wp-json\/wp\/v2\/pages"}],"about":[{"href":"https:\/\/divulga.unila.edu.br\/ecologiaemrede\/wp-json\/wp\/v2\/types\/page"}],"author":[{"embeddable":true,"href":"https:\/\/divulga.unila.edu.br\/ecologiaemrede\/wp-json\/wp\/v2\/users\/183"}],"replies":[{"embeddable":true,"href":"https:\/\/divulga.unila.edu.br\/ecologiaemrede\/wp-json\/wp\/v2\/comments?post=793"}],"version-history":[{"count":139,"href":"https:\/\/divulga.unila.edu.br\/ecologiaemrede\/wp-json\/wp\/v2\/pages\/793\/revisions"}],"predecessor-version":[{"id":5903,"href":"https:\/\/divulga.unila.edu.br\/ecologiaemrede\/wp-json\/wp\/v2\/pages\/793\/revisions\/5903"}],"wp:attachment":[{"href":"https:\/\/divulga.unila.edu.br\/ecologiaemrede\/wp-json\/wp\/v2\/media?parent=793"}],"curies":[{"name":"wp","href":"https:\/\/api.w.org\/{rel}","templated":true}]}}