{"id":782,"date":"2026-01-14T23:05:55","date_gmt":"2026-01-15T02:05:55","guid":{"rendered":"https:\/\/divulga.unila.edu.br\/ecologiaesaude\/?page_id=782"},"modified":"2026-04-06T14:35:11","modified_gmt":"2026-04-06T17:35:11","slug":"ensino-de-ciencias","status":"publish","type":"page","link":"https:\/\/divulga.unila.edu.br\/ecologiaemrede\/ensino-de-ciencias\/","title":{"rendered":"Ensino de Ci\u00eancias"},"content":{"rendered":"\t\t<div data-elementor-type=\"wp-page\" data-elementor-id=\"782\" class=\"elementor elementor-782\">\n\t\t\t\t<div class=\"has_eae_slider wpr-jarallax elementor-element elementor-element-faefbef e-con-full wpr-jarallax-yes e-flex wpr-particle-no wpr-parallax-no wpr-sticky-section-no wpr-equal-height-no e-con e-parent\" data-eae-slider=\"54668\" speed-data=\"1.4\" bg-image=\"https:\/\/divulga.unila.edu.br\/ecologiaesaude\/wp-content\/uploads\/sites\/66\/2026\/02\/bcf6a4_4766d09ebbfb48e79fe4be19ceb7e744mv2.avif\" bg-image-mobile=\"\" scroll-effect=\"scroll\" data-id=\"faefbef\" data-element_type=\"container\" data-e-type=\"container\">\n\t\t\t\t<div class=\"elementor-element elementor-element-27311f5 elementor-widget elementor-widget-spacer\" data-id=\"27311f5\" data-element_type=\"widget\" data-e-type=\"widget\" data-widget_type=\"spacer.default\">\n\t\t\t\t\t\t\t<div class=\"elementor-spacer\">\n\t\t\t<div class=\"elementor-spacer-inner\"><\/div>\n\t\t<\/div>\n\t\t\t\t\t\t<\/div>\n\t\t\t\t<div class=\"elementor-element elementor-element-263357a elementor-widget elementor-widget-heading\" data-id=\"263357a\" data-element_type=\"widget\" data-e-type=\"widget\" data-widget_type=\"heading.default\">\n\t\t\t\t\t<h2 class=\"elementor-heading-title elementor-size-default\">Ensino de Ci\u00eancias<\/h2>\t\t\t\t<\/div>\n\t\t\t\t<div class=\"elementor-element elementor-element-f0633d1 elementor-widget__width-initial elementor-widget elementor-widget-text-editor\" data-id=\"f0633d1\" data-element_type=\"widget\" data-e-type=\"widget\" data-widget_type=\"text-editor.default\">\n\t\t\t\t\t\t\t\t\t<p>Preparamos alguns conte\u00fados abordados que podem servir como material de apoio<\/p><p>ao professor e material informativo e educativo aos alunos. Acompanhe!<\/p>\t\t\t\t\t\t\t\t<\/div>\n\t\t\t\t<\/div>\n\t\t<div class=\"has_eae_slider elementor-element elementor-element-522abe0 e-flex e-con-boxed wpr-particle-no wpr-jarallax-no wpr-parallax-no wpr-sticky-section-no wpr-equal-height-no e-con e-parent\" data-eae-slider=\"29830\" data-id=\"522abe0\" data-element_type=\"container\" data-e-type=\"container\">\n\t\t\t\t\t<div class=\"e-con-inner\">\n\t\t\t\t<div class=\"elementor-element elementor-element-3a9b491 elementor-widget elementor-widget-spacer\" data-id=\"3a9b491\" data-element_type=\"widget\" data-e-type=\"widget\" data-widget_type=\"spacer.default\">\n\t\t\t\t\t\t\t<div class=\"elementor-spacer\">\n\t\t\t<div class=\"elementor-spacer-inner\"><\/div>\n\t\t<\/div>\n\t\t\t\t\t\t<\/div>\n\t\t\t\t\t<\/div>\n\t\t\t\t<\/div>\n\t\t<div class=\"has_eae_slider elementor-element elementor-element-6dbe88f e-grid e-con-boxed wpr-particle-no wpr-jarallax-no wpr-parallax-no wpr-sticky-section-no wpr-equal-height-no e-con e-parent\" data-eae-slider=\"69631\" data-id=\"6dbe88f\" data-element_type=\"container\" data-e-type=\"container\">\n\t\t\t\t\t<div class=\"e-con-inner\">\n\t\t<div class=\"has_eae_slider elementor-element elementor-element-a63dad0 e-grid e-con-full wpr-particle-no wpr-jarallax-no wpr-parallax-no wpr-sticky-section-no wpr-equal-height-no e-con e-child\" data-eae-slider=\"94750\" data-id=\"a63dad0\" data-element_type=\"container\" data-e-type=\"container\">\n\t\t\t\t<div class=\"elementor-element elementor-element-14980c9 elementor-widget elementor-widget-heading\" data-id=\"14980c9\" data-element_type=\"widget\" data-e-type=\"widget\" data-widget_type=\"heading.default\">\n\t\t\t\t\t<h2 class=\"elementor-heading-title elementor-size-default\">Conte\u00fado <i>Instagram<\/i><\/h2>\t\t\t\t<\/div>\n\t\t\t\t<div class=\"elementor-element elementor-element-bcf0a18 elementor-widget elementor-widget-text-editor\" data-id=\"bcf0a18\" data-element_type=\"widget\" data-e-type=\"widget\" data-widget_type=\"text-editor.default\">\n\t\t\t\t\t\t\t\t\t<p>Aqui voc\u00ea encontra o conte\u00fado do nosso <span class=\"wixui-rich-text__text\"><em>Instagram<\/em>\u00a0<\/span><\/p><p>de forma acess\u00edvel, conte\u00fados sobre Sa\u00fade, ecologia,<\/p><p>ci\u00eancia cidad\u00e3,\u00a0<em><span class=\"wixui-rich-text__text\">Aedes aegypti<\/span><\/em>\u00a0e\u00a0<span class=\"wixui-rich-text__text\"><em>Aedes albopictus<\/em>\u00a0<\/span>e<\/p><p>demais mosquitos transmissores de arboviroses<\/p>\t\t\t\t\t\t\t\t<\/div>\n\t\t\t\t<div class=\"elementor-element elementor-element-b87a99c elementor-widget elementor-widget-button\" data-id=\"b87a99c\" data-element_type=\"widget\" data-e-type=\"widget\" data-widget_type=\"button.default\">\n\t\t\t\t\t\t\t\t\t\t<a class=\"elementor-button elementor-button-link elementor-size-sm\" href=\"https:\/\/divulga.unila.edu.br\/ecologiaesaude\/conteudos-instagram\/\" target=\"_blank\">\n\t\t\t\t\t\t<span class=\"elementor-button-content-wrapper\">\n\t\t\t\t\t\t\t\t\t<span class=\"elementor-button-text\">Saiba mais!<\/span>\n\t\t\t\t\t<\/span>\n\t\t\t\t\t<\/a>\n\t\t\t\t\t\t\t\t<\/div>\n\t\t\t\t<\/div>\n\t\t<div class=\"has_eae_slider wpr-jarallax elementor-element elementor-element-3a55ebb e-con-full wpr-jarallax-yes e-flex wpr-particle-no wpr-parallax-no wpr-sticky-section-no wpr-equal-height-no e-con e-child\" data-eae-slider=\"13022\" speed-data=\"1.4\" bg-image=\"https:\/\/divulga.unila.edu.br\/ecologiaesaude\/wp-content\/uploads\/sites\/66\/2026\/01\/creative-reels-composition-scaled.jpg\" bg-image-mobile=\"\" scroll-effect=\"scroll\" data-id=\"3a55ebb\" data-element_type=\"container\" data-e-type=\"container\">\n\t\t\t\t<\/div>\n\t\t\t\t\t<\/div>\n\t\t\t\t<\/div>\n\t\t<div class=\"has_eae_slider elementor-element elementor-element-539be8f e-grid e-con-boxed wpr-particle-no wpr-jarallax-no wpr-parallax-no wpr-sticky-section-no wpr-equal-height-no e-con e-parent\" data-eae-slider=\"54170\" data-id=\"539be8f\" data-element_type=\"container\" data-e-type=\"container\">\n\t\t\t\t\t<div class=\"e-con-inner\">\n\t\t<div class=\"has_eae_slider wpr-jarallax elementor-element elementor-element-9684f73 e-con-full wpr-jarallax-yes e-flex wpr-particle-no wpr-parallax-no wpr-sticky-section-no wpr-equal-height-no e-con e-child\" data-eae-slider=\"4580\" speed-data=\"1.4\" bg-image=\"https:\/\/divulga.unila.edu.br\/ecologiaesaude\/wp-content\/uploads\/sites\/66\/2026\/01\/mosquito-scaled.jpg\" bg-image-mobile=\"\" scroll-effect=\"scroll\" data-id=\"9684f73\" data-element_type=\"container\" data-e-type=\"container\">\n\t\t\t\t<\/div>\n\t\t<div class=\"has_eae_slider elementor-element elementor-element-ecac4b2 e-con-full e-flex wpr-particle-no wpr-jarallax-no wpr-parallax-no wpr-sticky-section-no wpr-equal-height-no e-con e-child\" data-eae-slider=\"37242\" data-id=\"ecac4b2\" data-element_type=\"container\" data-e-type=\"container\">\n\t\t\t\t<div class=\"elementor-element elementor-element-9c9d047 elementor-widget elementor-widget-heading\" data-id=\"9c9d047\" data-element_type=\"widget\" data-e-type=\"widget\" data-widget_type=\"heading.default\">\n\t\t\t\t\t<h2 class=\"elementor-heading-title elementor-size-default\">Boletim Epidemiol\u00f3gico<\/h2>\t\t\t\t<\/div>\n\t\t\t\t<div class=\"elementor-element elementor-element-4dad038 elementor-widget elementor-widget-text-editor\" data-id=\"4dad038\" data-element_type=\"widget\" data-e-type=\"widget\" data-widget_type=\"text-editor.default\">\n\t\t\t\t\t\t\t\t\t<p>Conhe\u00e7a nossos textos elaborados a partir dos dados sobre<\/p><p>o monitoramento dos casos de doen\u00e7as transmitidas<\/p><p>pelo\u00a0<i><span class=\"wixui-rich-text__text\">Aedes aegypti<\/span>\u00a0<\/i><\/p>\t\t\t\t\t\t\t\t<\/div>\n\t\t\t\t<div class=\"elementor-element elementor-element-2403160 elementor-widget elementor-widget-button\" data-id=\"2403160\" data-element_type=\"widget\" data-e-type=\"widget\" data-widget_type=\"button.default\">\n\t\t\t\t\t\t\t\t\t\t<a class=\"elementor-button elementor-button-link elementor-size-sm\" href=\"https:\/\/divulga.unila.edu.br\/ecologiaesaude\/boletim-epidemiologico\/\">\n\t\t\t\t\t\t<span class=\"elementor-button-content-wrapper\">\n\t\t\t\t\t\t\t\t\t<span class=\"elementor-button-text\">Saiba mais!<\/span>\n\t\t\t\t\t<\/span>\n\t\t\t\t\t<\/a>\n\t\t\t\t\t\t\t\t<\/div>\n\t\t\t\t<\/div>\n\t\t\t\t\t<\/div>\n\t\t\t\t<\/div>\n\t\t<div class=\"has_eae_slider elementor-element elementor-element-4c13d2d e-grid e-con-boxed wpr-particle-no wpr-jarallax-no wpr-parallax-no wpr-sticky-section-no wpr-equal-height-no e-con e-parent\" data-eae-slider=\"1844\" data-id=\"4c13d2d\" data-element_type=\"container\" data-e-type=\"container\">\n\t\t\t\t\t<div class=\"e-con-inner\">\n\t\t<div class=\"has_eae_slider elementor-element elementor-element-2ba1e4f e-grid e-con-full wpr-particle-no wpr-jarallax-no wpr-parallax-no wpr-sticky-section-no wpr-equal-height-no e-con e-child\" data-eae-slider=\"90678\" data-id=\"2ba1e4f\" data-element_type=\"container\" data-e-type=\"container\">\n\t\t\t\t<div class=\"elementor-element elementor-element-e1a2670 elementor-widget elementor-widget-heading\" data-id=\"e1a2670\" data-element_type=\"widget\" data-e-type=\"widget\" data-widget_type=\"heading.default\">\n\t\t\t\t\t<h2 class=\"elementor-heading-title elementor-size-default\">Ciclo de vida do mosquito<\/h2>\t\t\t\t<\/div>\n\t\t\t\t<div class=\"elementor-element elementor-element-97b264b elementor-widget elementor-widget-text-editor\" data-id=\"97b264b\" data-element_type=\"widget\" data-e-type=\"widget\" data-widget_type=\"text-editor.default\">\n\t\t\t\t\t\t\t\t\t<p>Conhe\u00e7a melhor o ciclo de vida do <em>Aedes aegypti<\/em><\/p>\t\t\t\t\t\t\t\t<\/div>\n\t\t\t\t<div class=\"elementor-element elementor-element-65d6b22 elementor-widget elementor-widget-button\" data-id=\"65d6b22\" data-element_type=\"widget\" data-e-type=\"widget\" data-widget_type=\"button.default\">\n\t\t\t\t\t\t\t\t\t\t<a class=\"elementor-button elementor-button-link elementor-size-sm\" href=\"https:\/\/divulga.unila.edu.br\/ecologiaesaude\/ciclo-de-vida-do-mosquito\/\" target=\"_blank\">\n\t\t\t\t\t\t<span class=\"elementor-button-content-wrapper\">\n\t\t\t\t\t\t\t\t\t<span class=\"elementor-button-text\">Saiba mais!<\/span>\n\t\t\t\t\t<\/span>\n\t\t\t\t\t<\/a>\n\t\t\t\t\t\t\t\t<\/div>\n\t\t\t\t<\/div>\n\t\t<div class=\"has_eae_slider wpr-jarallax elementor-element elementor-element-9675dcc e-con-full wpr-jarallax-yes e-flex wpr-particle-no wpr-parallax-no wpr-sticky-section-no wpr-equal-height-no e-con e-child\" data-eae-slider=\"6575\" speed-data=\"1.4\" bg-image=\"https:\/\/divulga.unila.edu.br\/ecologiaesaude\/wp-content\/uploads\/sites\/66\/2026\/01\/pexels-pixabay-86722.webp\" bg-image-mobile=\"\" scroll-effect=\"scroll\" data-id=\"9675dcc\" data-element_type=\"container\" data-e-type=\"container\">\n\t\t\t\t<\/div>\n\t\t\t\t\t<\/div>\n\t\t\t\t<\/div>\n\t\t<div class=\"has_eae_slider elementor-element elementor-element-3fd7e97 e-grid e-con-boxed wpr-particle-no wpr-jarallax-no wpr-parallax-no wpr-sticky-section-no wpr-equal-height-no e-con e-parent\" data-eae-slider=\"45476\" data-id=\"3fd7e97\" data-element_type=\"container\" data-e-type=\"container\">\n\t\t\t\t\t<div class=\"e-con-inner\">\n\t\t<div class=\"has_eae_slider wpr-jarallax elementor-element elementor-element-0094fa8 e-con-full wpr-jarallax-yes e-flex wpr-particle-no wpr-parallax-no wpr-sticky-section-no wpr-equal-height-no e-con e-child\" data-eae-slider=\"54067\" speed-data=\"1.4\" bg-image=\"https:\/\/divulga.unila.edu.br\/ecologiaesaude\/wp-content\/uploads\/sites\/66\/2026\/01\/AdobeStock_277357178-1536x1024-2.jpeg\" bg-image-mobile=\"\" scroll-effect=\"scroll\" data-id=\"0094fa8\" data-element_type=\"container\" data-e-type=\"container\">\n\t\t\t\t<\/div>\n\t\t<div class=\"has_eae_slider elementor-element elementor-element-ed8157a e-con-full e-flex wpr-particle-no wpr-jarallax-no wpr-parallax-no wpr-sticky-section-no wpr-equal-height-no e-con e-child\" data-eae-slider=\"31464\" data-id=\"ed8157a\" data-element_type=\"container\" data-e-type=\"container\">\n\t\t\t\t<div class=\"elementor-element elementor-element-91075ef elementor-widget elementor-widget-heading\" data-id=\"91075ef\" data-element_type=\"widget\" data-e-type=\"widget\" data-widget_type=\"heading.default\">\n\t\t\t\t\t<h2 class=\"elementor-heading-title elementor-size-default\">E se os mosquitos sumissem do mundo?<\/h2>\t\t\t\t<\/div>\n\t\t\t\t<div class=\"elementor-element elementor-element-1f560cc elementor-widget elementor-widget-text-editor\" data-id=\"1f560cc\" data-element_type=\"widget\" data-e-type=\"widget\" data-widget_type=\"text-editor.default\">\n\t\t\t\t\t\t\t\t\t<p>Assim como todos os seres vivos, esses insetos fazem<\/p><p>parte do equil\u00edbrio do ecossistema! Saiba mais sobre<\/p><p>a import\u00e2ncia ecol\u00f3gica desses insetos em nossa vida<\/p>\t\t\t\t\t\t\t\t<\/div>\n\t\t\t\t<div class=\"elementor-element elementor-element-98d3ee2 elementor-widget elementor-widget-button\" data-id=\"98d3ee2\" data-element_type=\"widget\" data-e-type=\"widget\" data-widget_type=\"button.default\">\n\t\t\t\t\t\t\t\t\t\t<a class=\"elementor-button elementor-button-link elementor-size-sm\" href=\"https:\/\/divulga.unila.edu.br\/ecologiaesaude\/e-se-os-mosquitos-sumissem-do-mundo\/\">\n\t\t\t\t\t\t<span class=\"elementor-button-content-wrapper\">\n\t\t\t\t\t\t\t\t\t<span class=\"elementor-button-text\">Saiba mais!<\/span>\n\t\t\t\t\t<\/span>\n\t\t\t\t\t<\/a>\n\t\t\t\t\t\t\t\t<\/div>\n\t\t\t\t<\/div>\n\t\t\t\t\t<\/div>\n\t\t\t\t<\/div>\n\t\t<div class=\"has_eae_slider elementor-element elementor-element-cf6cd5c e-flex e-con-boxed wpr-particle-no wpr-jarallax-no wpr-parallax-no wpr-sticky-section-no wpr-equal-height-no e-con e-parent\" data-eae-slider=\"86620\" data-id=\"cf6cd5c\" data-element_type=\"container\" data-e-type=\"container\">\n\t\t\t\t\t<div class=\"e-con-inner\">\n\t\t\t\t<div class=\"elementor-element elementor-element-01aaa2c elementor-widget elementor-widget-spacer\" data-id=\"01aaa2c\" data-element_type=\"widget\" data-e-type=\"widget\" data-widget_type=\"spacer.default\">\n\t\t\t\t\t\t\t<div class=\"elementor-spacer\">\n\t\t\t<div class=\"elementor-spacer-inner\"><\/div>\n\t\t<\/div>\n\t\t\t\t\t\t<\/div>\n\t\t\t\t\t<\/div>\n\t\t\t\t<\/div>\n\t\t\t\t<\/div>\n\t\t","protected":false},"excerpt":{"rendered":"<p>Ensino de Ci\u00eancias Preparamos alguns conte\u00fados abordados que podem servir como material de apoio ao professor e material informativo e educativo aos alunos. Acompanhe! Conte\u00fado Instagram Aqui voc\u00ea encontra o conte\u00fado do nosso Instagram\u00a0 de forma acess\u00edvel, conte\u00fados sobre Sa\u00fade, ecologia, ci\u00eancia cidad\u00e3,\u00a0Aedes aegypti\u00a0e\u00a0Aedes albopictus\u00a0e demais mosquitos transmissores de arboviroses Saiba mais! Boletim Epidemiol\u00f3gico Conhe\u00e7a nossos textos elaborados a partir dos dados sobre o monitoramento dos casos de doen\u00e7as transmitidas pelo\u00a0Aedes aegypti\u00a0 Saiba mais! Ciclo de vida do mosquito Conhe\u00e7a melhor o ciclo de vida do Aedes aegypti Saiba mais! E se os mosquitos sumissem do mundo? Assim como todos os seres vivos, esses insetos fazem parte do equil\u00edbrio do ecossistema! Saiba mais sobre a import\u00e2ncia ecol\u00f3gica desses insetos em nossa vida Saiba mais!<\/p>\n","protected":false},"author":183,"featured_media":0,"parent":0,"menu_order":0,"comment_status":"closed","ping_status":"closed","template":"elementor_header_footer","meta":{"_uag_custom_page_level_css":"","site-container-style":"default","site-container-layout":"default","site-sidebar-layout":"default","disable-article-header":"default","disable-site-header":"default","disable-site-footer":"default","disable-content-area-spacing":"default","_themeisle_gutenberg_block_has_review":false,"footnotes":""},"class_list":["post-782","page","type-page","status-publish","hentry"],"yoast_head":"<!-- This site is optimized with the Yoast SEO plugin v27.6 - https:\/\/yoast.com\/product\/yoast-seo-wordpress\/ -->\n<title>Ensino de Ci\u00eancias -<\/title>\n<meta name=\"robots\" content=\"index, follow, max-snippet:-1, max-image-preview:large, max-video-preview:-1\" \/>\n<link rel=\"canonical\" href=\"https:\/\/divulga.unila.edu.br\/ecologiaemrede\/ensino-de-ciencias\/\" \/>\n<meta property=\"og:locale\" content=\"pt_BR\" \/>\n<meta property=\"og:type\" content=\"article\" \/>\n<meta property=\"og:title\" content=\"Ensino de Ci\u00eancias -\" \/>\n<meta property=\"og:description\" content=\"Ensino de Ci\u00eancias Preparamos alguns conte\u00fados abordados que podem servir como material de apoio ao professor e material informativo e educativo aos alunos. Acompanhe! Conte\u00fado Instagram Aqui voc\u00ea encontra o conte\u00fado do nosso Instagram\u00a0 de forma acess\u00edvel, conte\u00fados sobre Sa\u00fade, ecologia, ci\u00eancia cidad\u00e3,\u00a0Aedes aegypti\u00a0e\u00a0Aedes albopictus\u00a0e demais mosquitos transmissores de arboviroses Saiba mais! Boletim Epidemiol\u00f3gico Conhe\u00e7a nossos textos elaborados a partir dos dados sobre o monitoramento dos casos de doen\u00e7as transmitidas pelo\u00a0Aedes aegypti\u00a0 Saiba mais! Ciclo de vida do mosquito Conhe\u00e7a melhor o ciclo de vida do Aedes aegypti Saiba mais! E se os mosquitos sumissem do mundo? Assim como todos os seres vivos, esses insetos fazem parte do equil\u00edbrio do ecossistema! Saiba mais sobre a import\u00e2ncia ecol\u00f3gica desses insetos em nossa vida Saiba mais!\" \/>\n<meta property=\"og:url\" content=\"https:\/\/divulga.unila.edu.br\/ecologiaemrede\/ensino-de-ciencias\/\" \/>\n<meta property=\"article:modified_time\" content=\"2026-04-06T17:35:11+00:00\" \/>\n<meta name=\"twitter:card\" content=\"summary_large_image\" \/>\n<meta name=\"twitter:label1\" content=\"Est. tempo de leitura\" \/>\n\t<meta name=\"twitter:data1\" content=\"1 minuto\" \/>\n<script type=\"application\/ld+json\" class=\"yoast-schema-graph\">{\"@context\":\"https:\\\/\\\/schema.org\",\"@graph\":[{\"@type\":\"WebPage\",\"@id\":\"https:\\\/\\\/divulga.unila.edu.br\\\/ecologiaemrede\\\/ensino-de-ciencias\\\/\",\"url\":\"https:\\\/\\\/divulga.unila.edu.br\\\/ecologiaemrede\\\/ensino-de-ciencias\\\/\",\"name\":\"Ensino de Ci\u00eancias -\",\"isPartOf\":{\"@id\":\"https:\\\/\\\/divulga.unila.edu.br\\\/ecologiaemrede\\\/#website\"},\"datePublished\":\"2026-01-15T02:05:55+00:00\",\"dateModified\":\"2026-04-06T17:35:11+00:00\",\"breadcrumb\":{\"@id\":\"https:\\\/\\\/divulga.unila.edu.br\\\/ecologiaemrede\\\/ensino-de-ciencias\\\/#breadcrumb\"},\"inLanguage\":\"pt-BR\",\"potentialAction\":[{\"@type\":\"ReadAction\",\"target\":[\"https:\\\/\\\/divulga.unila.edu.br\\\/ecologiaemrede\\\/ensino-de-ciencias\\\/\"]}]},{\"@type\":\"BreadcrumbList\",\"@id\":\"https:\\\/\\\/divulga.unila.edu.br\\\/ecologiaemrede\\\/ensino-de-ciencias\\\/#breadcrumb\",\"itemListElement\":[{\"@type\":\"ListItem\",\"position\":1,\"name\":\"In\u00edcio\",\"item\":\"https:\\\/\\\/divulga.unila.edu.br\\\/ecologiaemrede\\\/\"},{\"@type\":\"ListItem\",\"position\":2,\"name\":\"Ensino de Ci\u00eancias\"}]},{\"@type\":\"WebSite\",\"@id\":\"https:\\\/\\\/divulga.unila.edu.br\\\/ecologiaemrede\\\/#website\",\"url\":\"https:\\\/\\\/divulga.unila.edu.br\\\/ecologiaemrede\\\/\",\"name\":\"\",\"description\":\"\",\"potentialAction\":[{\"@type\":\"SearchAction\",\"target\":{\"@type\":\"EntryPoint\",\"urlTemplate\":\"https:\\\/\\\/divulga.unila.edu.br\\\/ecologiaemrede\\\/?s={search_term_string}\"},\"query-input\":{\"@type\":\"PropertyValueSpecification\",\"valueRequired\":true,\"valueName\":\"search_term_string\"}}],\"inLanguage\":\"pt-BR\"}]}<\/script>\n<!-- \/ Yoast SEO plugin. -->","yoast_head_json":{"title":"Ensino de Ci\u00eancias -","robots":{"index":"index","follow":"follow","max-snippet":"max-snippet:-1","max-image-preview":"max-image-preview:large","max-video-preview":"max-video-preview:-1"},"canonical":"https:\/\/divulga.unila.edu.br\/ecologiaemrede\/ensino-de-ciencias\/","og_locale":"pt_BR","og_type":"article","og_title":"Ensino de Ci\u00eancias -","og_description":"Ensino de Ci\u00eancias Preparamos alguns conte\u00fados abordados que podem servir como material de apoio ao professor e material informativo e educativo aos alunos. Acompanhe! Conte\u00fado Instagram Aqui voc\u00ea encontra o conte\u00fado do nosso Instagram\u00a0 de forma acess\u00edvel, conte\u00fados sobre Sa\u00fade, ecologia, ci\u00eancia cidad\u00e3,\u00a0Aedes aegypti\u00a0e\u00a0Aedes albopictus\u00a0e demais mosquitos transmissores de arboviroses Saiba mais! Boletim Epidemiol\u00f3gico Conhe\u00e7a nossos textos elaborados a partir dos dados sobre o monitoramento dos casos de doen\u00e7as transmitidas pelo\u00a0Aedes aegypti\u00a0 Saiba mais! Ciclo de vida do mosquito Conhe\u00e7a melhor o ciclo de vida do Aedes aegypti Saiba mais! E se os mosquitos sumissem do mundo? Assim como todos os seres vivos, esses insetos fazem parte do equil\u00edbrio do ecossistema! Saiba mais sobre a import\u00e2ncia ecol\u00f3gica desses insetos em nossa vida Saiba mais!","og_url":"https:\/\/divulga.unila.edu.br\/ecologiaemrede\/ensino-de-ciencias\/","article_modified_time":"2026-04-06T17:35:11+00:00","twitter_card":"summary_large_image","twitter_misc":{"Est. tempo de leitura":"1 minuto"},"schema":{"@context":"https:\/\/schema.org","@graph":[{"@type":"WebPage","@id":"https:\/\/divulga.unila.edu.br\/ecologiaemrede\/ensino-de-ciencias\/","url":"https:\/\/divulga.unila.edu.br\/ecologiaemrede\/ensino-de-ciencias\/","name":"Ensino de Ci\u00eancias -","isPartOf":{"@id":"https:\/\/divulga.unila.edu.br\/ecologiaemrede\/#website"},"datePublished":"2026-01-15T02:05:55+00:00","dateModified":"2026-04-06T17:35:11+00:00","breadcrumb":{"@id":"https:\/\/divulga.unila.edu.br\/ecologiaemrede\/ensino-de-ciencias\/#breadcrumb"},"inLanguage":"pt-BR","potentialAction":[{"@type":"ReadAction","target":["https:\/\/divulga.unila.edu.br\/ecologiaemrede\/ensino-de-ciencias\/"]}]},{"@type":"BreadcrumbList","@id":"https:\/\/divulga.unila.edu.br\/ecologiaemrede\/ensino-de-ciencias\/#breadcrumb","itemListElement":[{"@type":"ListItem","position":1,"name":"In\u00edcio","item":"https:\/\/divulga.unila.edu.br\/ecologiaemrede\/"},{"@type":"ListItem","position":2,"name":"Ensino de Ci\u00eancias"}]},{"@type":"WebSite","@id":"https:\/\/divulga.unila.edu.br\/ecologiaemrede\/#website","url":"https:\/\/divulga.unila.edu.br\/ecologiaemrede\/","name":"","description":"","potentialAction":[{"@type":"SearchAction","target":{"@type":"EntryPoint","urlTemplate":"https:\/\/divulga.unila.edu.br\/ecologiaemrede\/?s={search_term_string}"},"query-input":{"@type":"PropertyValueSpecification","valueRequired":true,"valueName":"search_term_string"}}],"inLanguage":"pt-BR"}]}},"uagb_featured_image_src":{"full":false,"thumbnail":false,"medium":false,"medium_large":false,"large":false,"1536x1536":false,"2048x2048":false,"htmega_size_585x295":false,"htmega_size_1170x536":false,"htmega_size_396x360":false,"tainacan-small":false,"tainacan-medium":false,"tainacan-medium-full":false,"tainacan-large-full":false},"uagb_author_info":{"display_name":"jv.santana.2019","author_link":"https:\/\/divulga.unila.edu.br\/ecologiaemrede\/author\/jvsantana2019\/"},"uagb_comment_info":0,"uagb_excerpt":"Ensino de Ci\u00eancias Preparamos alguns conte\u00fados abordados que podem servir como material de apoio ao professor e material informativo e educativo aos alunos. Acompanhe! Conte\u00fado Instagram Aqui voc\u00ea encontra o conte\u00fado do nosso Instagram\u00a0 de forma acess\u00edvel, conte\u00fados sobre Sa\u00fade, ecologia, ci\u00eancia cidad\u00e3,\u00a0Aedes aegypti\u00a0e\u00a0Aedes albopictus\u00a0e demais mosquitos transmissores de arboviroses Saiba mais! Boletim Epidemiol\u00f3gico Conhe\u00e7a&hellip;","_links":{"self":[{"href":"https:\/\/divulga.unila.edu.br\/ecologiaemrede\/wp-json\/wp\/v2\/pages\/782","targetHints":{"allow":["GET"]}}],"collection":[{"href":"https:\/\/divulga.unila.edu.br\/ecologiaemrede\/wp-json\/wp\/v2\/pages"}],"about":[{"href":"https:\/\/divulga.unila.edu.br\/ecologiaemrede\/wp-json\/wp\/v2\/types\/page"}],"author":[{"embeddable":true,"href":"https:\/\/divulga.unila.edu.br\/ecologiaemrede\/wp-json\/wp\/v2\/users\/183"}],"replies":[{"embeddable":true,"href":"https:\/\/divulga.unila.edu.br\/ecologiaemrede\/wp-json\/wp\/v2\/comments?post=782"}],"version-history":[{"count":79,"href":"https:\/\/divulga.unila.edu.br\/ecologiaemrede\/wp-json\/wp\/v2\/pages\/782\/revisions"}],"predecessor-version":[{"id":5639,"href":"https:\/\/divulga.unila.edu.br\/ecologiaemrede\/wp-json\/wp\/v2\/pages\/782\/revisions\/5639"}],"wp:attachment":[{"href":"https:\/\/divulga.unila.edu.br\/ecologiaemrede\/wp-json\/wp\/v2\/media?parent=782"}],"curies":[{"name":"wp","href":"https:\/\/api.w.org\/{rel}","templated":true}]}}