{"id":6832,"date":"2026-05-11T14:30:59","date_gmt":"2026-05-11T17:30:59","guid":{"rendered":"https:\/\/divulga.unila.edu.br\/ecologiaesaude\/?page_id=6832"},"modified":"2026-05-11T15:18:46","modified_gmt":"2026-05-11T18:18:46","slug":"publicacoes-monitoraagua","status":"publish","type":"page","link":"https:\/\/divulga.unila.edu.br\/ecologiaemrede\/publicacoes-monitoraagua\/","title":{"rendered":"Publica\u00e7\u00f5es"},"content":{"rendered":"\t\t<div data-elementor-type=\"wp-page\" data-elementor-id=\"6832\" class=\"elementor elementor-6832\">\n\t\t\t\t<div class=\"has_eae_slider elementor-element elementor-element-000f1f4 e-flex e-con-boxed wpr-particle-no wpr-jarallax-no wpr-parallax-no wpr-sticky-section-no wpr-equal-height-no e-con e-parent\" data-eae-slider=\"33914\" data-id=\"000f1f4\" data-element_type=\"container\" data-e-type=\"container\" data-settings=\"{&quot;shape_divider_bottom&quot;:&quot;waves&quot;}\">\n\t\t\t\t\t<div class=\"e-con-inner\">\n\t\t\t\t<div class=\"elementor-shape elementor-shape-bottom\" aria-hidden=\"true\" data-negative=\"false\">\n\t\t\t<svg xmlns=\"http:\/\/www.w3.org\/2000\/svg\" viewBox=\"0 0 1000 100\" preserveAspectRatio=\"none\">\n\t<path class=\"elementor-shape-fill\" d=\"M421.9,6.5c22.6-2.5,51.5,0.4,75.5,5.3c23.6,4.9,70.9,23.5,100.5,35.7c75.8,32.2,133.7,44.5,192.6,49.7\n\tc23.6,2.1,48.7,3.5,103.4-2.5c54.7-6,106.2-25.6,106.2-25.6V0H0v30.3c0,0,72,32.6,158.4,30.5c39.2-0.7,92.8-6.7,134-22.4\n\tc21.2-8.1,52.2-18.2,79.7-24.2C399.3,7.9,411.6,7.5,421.9,6.5z\"\/>\n<\/svg>\t\t<\/div>\n\t\t\t\t<div class=\"elementor-element elementor-element-a2cf364 elementor-widget elementor-widget-spacer\" data-id=\"a2cf364\" data-element_type=\"widget\" data-e-type=\"widget\" data-widget_type=\"spacer.default\">\n\t\t\t\t\t\t\t<div class=\"elementor-spacer\">\n\t\t\t<div class=\"elementor-spacer-inner\"><\/div>\n\t\t<\/div>\n\t\t\t\t\t\t<\/div>\n\t\t\t\t<div class=\"elementor-element elementor-element-51d5f0a elementor-widget elementor-widget-heading\" data-id=\"51d5f0a\" data-element_type=\"widget\" data-e-type=\"widget\" data-widget_type=\"heading.default\">\n\t\t\t\t\t<h2 class=\"elementor-heading-title elementor-size-default\">PUBLICA\u00c7\u00d5ES<\/h2>\t\t\t\t<\/div>\n\t\t\t\t<div class=\"elementor-element elementor-element-89777f8 elementor-widget__width-initial elementor-widget elementor-widget-text-editor\" data-id=\"89777f8\" data-element_type=\"widget\" data-e-type=\"widget\" data-widget_type=\"text-editor.default\">\n\t\t\t\t\t\t\t\t\t<p class=\"_ap3a _aaco _aacu _aacx _aad7 _aade\" dir=\"auto\">Aqui voc\u00ea encontra relat\u00f3rios e notas t\u00e9cnicas produzidos a partir das a\u00e7\u00f5es do projeto Monitoramento Participativo de Ambientes Aqu\u00e1ticos.<\/p>\t\t\t\t\t\t\t\t<\/div>\n\t\t\t\t<div class=\"elementor-element elementor-element-42c443c elementor-widget elementor-widget-spacer\" data-id=\"42c443c\" data-element_type=\"widget\" data-e-type=\"widget\" data-widget_type=\"spacer.default\">\n\t\t\t\t\t\t\t<div class=\"elementor-spacer\">\n\t\t\t<div class=\"elementor-spacer-inner\"><\/div>\n\t\t<\/div>\n\t\t\t\t\t\t<\/div>\n\t\t\t\t\t<\/div>\n\t\t\t\t<\/div>\n\t\t<div class=\"has_eae_slider elementor-element elementor-element-b53a6fd e-flex e-con-boxed wpr-particle-no wpr-jarallax-no wpr-parallax-no wpr-sticky-section-no wpr-equal-height-no e-con e-parent\" data-eae-slider=\"59960\" data-id=\"b53a6fd\" data-element_type=\"container\" data-e-type=\"container\" data-settings=\"{&quot;background_background&quot;:&quot;classic&quot;}\">\n\t\t\t\t\t<div class=\"e-con-inner\">\n\t\t<div class=\"has_eae_slider elementor-element elementor-element-ac68c9d e-con-full e-flex wpr-particle-no wpr-jarallax-no wpr-parallax-no wpr-sticky-section-no wpr-equal-height-no e-con e-child\" data-eae-slider=\"77269\" data-id=\"ac68c9d\" data-element_type=\"container\" data-e-type=\"container\" data-settings=\"{&quot;background_background&quot;:&quot;classic&quot;}\">\n\t\t<div class=\"has_eae_slider elementor-element elementor-element-b5b5408 e-grid e-con-full wpr-particle-no wpr-jarallax-no wpr-parallax-no wpr-sticky-section-no wpr-equal-height-no e-con e-child\" data-eae-slider=\"87247\" data-id=\"b5b5408\" data-element_type=\"container\" data-e-type=\"container\">\n\t\t\t\t<div class=\"elementor-element elementor-element-0c253e0 elementor-widget elementor-widget-image\" data-id=\"0c253e0\" data-element_type=\"widget\" data-e-type=\"widget\" data-widget_type=\"image.default\">\n\t\t\t\t\t\t\t\t\t\t\t\t\t\t\t\t<a href=\"https:\/\/drive.google.com\/file\/d\/1dLDBOL20coSQWrRc9eZLZH-otqnNZ_o6\/view\" target=\"_blank\">\n\t\t\t\t\t\t\t<img fetchpriority=\"high\" decoding=\"async\" width=\"612\" height=\"422\" src=\"https:\/\/divulga.unila.edu.br\/ecologiaemrede\/wp-content\/uploads\/sites\/66\/2026\/05\/Captura-de-tela-2026-04-29-133909-1.png\" class=\"attachment-large size-large wp-image-6732\" alt=\"\" srcset=\"https:\/\/divulga.unila.edu.br\/ecologiaemrede\/wp-content\/uploads\/sites\/66\/2026\/05\/Captura-de-tela-2026-04-29-133909-1.png 612w, https:\/\/divulga.unila.edu.br\/ecologiaemrede\/wp-content\/uploads\/sites\/66\/2026\/05\/Captura-de-tela-2026-04-29-133909-1-300x207.png 300w, https:\/\/divulga.unila.edu.br\/ecologiaemrede\/wp-content\/uploads\/sites\/66\/2026\/05\/Captura-de-tela-2026-04-29-133909-1-205x141.png 205w, https:\/\/divulga.unila.edu.br\/ecologiaemrede\/wp-content\/uploads\/sites\/66\/2026\/05\/Captura-de-tela-2026-04-29-133909-1-480x331.png 480w\" sizes=\"(max-width: 612px) 100vw, 612px\" \/>\t\t\t\t\t\t\t\t<\/a>\n\t\t\t\t\t\t\t\t\t\t\t\t\t\t\t<\/div>\n\t\t<div class=\"has_eae_slider elementor-element elementor-element-11e0727 e-con-full e-flex wpr-particle-no wpr-jarallax-no wpr-parallax-no wpr-sticky-section-no wpr-equal-height-no e-con e-child\" data-eae-slider=\"30883\" data-id=\"11e0727\" data-element_type=\"container\" data-e-type=\"container\">\n\t\t\t\t<div class=\"elementor-element elementor-element-2739934 elementor-widget__width-initial elementor-absolute elementor-widget elementor-widget-text-editor\" data-id=\"2739934\" data-element_type=\"widget\" data-e-type=\"widget\" data-settings=\"{&quot;_position&quot;:&quot;absolute&quot;}\" data-widget_type=\"text-editor.default\">\n\t\t\t\t\t\t\t\t\t<p>Acesse a <strong>Nota T\u00e9cnica Completa<\/strong> e confira todos os detalhes sobre as metodologias aplicadas e os resultados obtidos!<\/p>\t\t\t\t\t\t\t\t<\/div>\n\t\t\t\t<div class=\"elementor-element elementor-element-50aff28 elementor-absolute elementor-widget elementor-widget-button\" data-id=\"50aff28\" data-element_type=\"widget\" data-e-type=\"widget\" data-settings=\"{&quot;_position&quot;:&quot;absolute&quot;}\" data-widget_type=\"button.default\">\n\t\t\t\t\t\t\t\t\t\t<a class=\"elementor-button elementor-button-link elementor-size-sm\" href=\"https:\/\/drive.google.com\/file\/d\/1dLDBOL20coSQWrRc9eZLZH-otqnNZ_o6\/view\" target=\"_blank\">\n\t\t\t\t\t\t<span class=\"elementor-button-content-wrapper\">\n\t\t\t\t\t\t\t\t\t<span class=\"elementor-button-text\">Clique aqui!<\/span>\n\t\t\t\t\t<\/span>\n\t\t\t\t\t<\/a>\n\t\t\t\t\t\t\t\t<\/div>\n\t\t\t\t<div class=\"elementor-element elementor-element-65c27b8 elementor-absolute elementor-view-default elementor-widget elementor-widget-icon\" data-id=\"65c27b8\" data-element_type=\"widget\" data-e-type=\"widget\" data-settings=\"{&quot;_position&quot;:&quot;absolute&quot;}\" data-widget_type=\"icon.default\">\n\t\t\t\t\t\t\t<div class=\"elementor-icon-wrapper\">\n\t\t\t<a class=\"elementor-icon\" href=\"https:\/\/drive.google.com\/file\/d\/1dLDBOL20coSQWrRc9eZLZH-otqnNZ_o6\/view\" target=\"_blank\">\n\t\t\t<svg aria-hidden=\"true\" class=\"e-font-icon-svg e-far-file-pdf\" viewBox=\"0 0 384 512\" xmlns=\"http:\/\/www.w3.org\/2000\/svg\"><path d=\"M369.9 97.9L286 14C277 5 264.8-.1 252.1-.1H48C21.5 0 0 21.5 0 48v416c0 26.5 21.5 48 48 48h288c26.5 0 48-21.5 48-48V131.9c0-12.7-5.1-25-14.1-34zM332.1 128H256V51.9l76.1 76.1zM48 464V48h160v104c0 13.3 10.7 24 24 24h104v288H48zm250.2-143.7c-12.2-12-47-8.7-64.4-6.5-17.2-10.5-28.7-25-36.8-46.3 3.9-16.1 10.1-40.6 5.4-56-4.2-26.2-37.8-23.6-42.6-5.9-4.4 16.1-.4 38.5 7 67.1-10 23.9-24.9 56-35.4 74.4-20 10.3-47 26.2-51 46.2-3.3 15.8 26 55.2 76.1-31.2 22.4-7.4 46.8-16.5 68.4-20.1 18.9 10.2 41 17 55.8 17 25.5 0 28-28.2 17.5-38.7zm-198.1 77.8c5.1-13.7 24.5-29.5 30.4-35-19 30.3-30.4 35.7-30.4 35zm81.6-190.6c7.4 0 6.7 32.1 1.8 40.8-4.4-13.9-4.3-40.8-1.8-40.8zm-24.4 136.6c9.7-16.9 18-37 24.7-54.7 8.3 15.1 18.9 27.2 30.1 35.5-20.8 4.3-38.9 13.1-54.8 19.2zm131.6-5s-5 6-37.3-7.8c35.1-2.6 40.9 5.4 37.3 7.8z\"><\/path><\/svg>\t\t\t<\/a>\n\t\t<\/div>\n\t\t\t\t\t\t<\/div>\n\t\t\t\t<\/div>\n\t\t\t\t<\/div>\n\t\t\t\t<\/div>\n\t\t\t\t\t<\/div>\n\t\t\t\t<\/div>\n\t\t\t\t<\/div>\n\t\t","protected":false},"excerpt":{"rendered":"<p>PUBLICA\u00c7\u00d5ES Aqui voc\u00ea encontra relat\u00f3rios e notas t\u00e9cnicas produzidos a partir das a\u00e7\u00f5es do projeto Monitoramento Participativo de Ambientes Aqu\u00e1ticos. Acesse a Nota T\u00e9cnica Completa e confira todos os detalhes sobre as metodologias aplicadas e os resultados obtidos! Clique aqui!<\/p>\n","protected":false},"author":183,"featured_media":0,"parent":0,"menu_order":0,"comment_status":"closed","ping_status":"closed","template":"elementor_header_footer","meta":{"_uag_custom_page_level_css":"","site-container-style":"default","site-container-layout":"default","site-sidebar-layout":"default","disable-article-header":"default","disable-site-header":"default","disable-site-footer":"default","disable-content-area-spacing":"default","_themeisle_gutenberg_block_has_review":false,"footnotes":""},"class_list":["post-6832","page","type-page","status-publish","hentry"],"yoast_head":"<!-- This site is optimized with the Yoast SEO plugin v27.6 - https:\/\/yoast.com\/product\/yoast-seo-wordpress\/ -->\n<title>Publica\u00e7\u00f5es -<\/title>\n<meta name=\"robots\" content=\"index, follow, max-snippet:-1, max-image-preview:large, max-video-preview:-1\" \/>\n<link rel=\"canonical\" href=\"https:\/\/divulga.unila.edu.br\/ecologiaemrede\/publicacoes-monitoraagua\/\" \/>\n<meta property=\"og:locale\" content=\"pt_BR\" \/>\n<meta property=\"og:type\" content=\"article\" \/>\n<meta property=\"og:title\" content=\"Publica\u00e7\u00f5es -\" \/>\n<meta property=\"og:description\" content=\"PUBLICA\u00c7\u00d5ES Aqui voc\u00ea encontra relat\u00f3rios e notas t\u00e9cnicas produzidos a partir das a\u00e7\u00f5es do projeto Monitoramento Participativo de Ambientes Aqu\u00e1ticos. Acesse a Nota T\u00e9cnica Completa e confira todos os detalhes sobre as metodologias aplicadas e os resultados obtidos! Clique aqui!\" \/>\n<meta property=\"og:url\" content=\"https:\/\/divulga.unila.edu.br\/ecologiaemrede\/publicacoes-monitoraagua\/\" \/>\n<meta property=\"article:modified_time\" content=\"2026-05-11T18:18:46+00:00\" \/>\n<meta property=\"og:image\" content=\"https:\/\/divulga.unila.edu.br\/ecologiaesaude\/wp-content\/uploads\/sites\/66\/2026\/05\/Captura-de-tela-2026-04-29-133909-1.png\" \/>\n<meta name=\"twitter:card\" content=\"summary_large_image\" \/>\n<script type=\"application\/ld+json\" class=\"yoast-schema-graph\">{\"@context\":\"https:\\\/\\\/schema.org\",\"@graph\":[{\"@type\":\"WebPage\",\"@id\":\"https:\\\/\\\/divulga.unila.edu.br\\\/ecologiaemrede\\\/publicacoes-monitoraagua\\\/\",\"url\":\"https:\\\/\\\/divulga.unila.edu.br\\\/ecologiaemrede\\\/publicacoes-monitoraagua\\\/\",\"name\":\"Publica\u00e7\u00f5es -\",\"isPartOf\":{\"@id\":\"https:\\\/\\\/divulga.unila.edu.br\\\/ecologiaemrede\\\/#website\"},\"primaryImageOfPage\":{\"@id\":\"https:\\\/\\\/divulga.unila.edu.br\\\/ecologiaemrede\\\/publicacoes-monitoraagua\\\/#primaryimage\"},\"image\":{\"@id\":\"https:\\\/\\\/divulga.unila.edu.br\\\/ecologiaemrede\\\/publicacoes-monitoraagua\\\/#primaryimage\"},\"thumbnailUrl\":\"https:\\\/\\\/divulga.unila.edu.br\\\/ecologiaesaude\\\/wp-content\\\/uploads\\\/sites\\\/66\\\/2026\\\/05\\\/Captura-de-tela-2026-04-29-133909-1.png\",\"datePublished\":\"2026-05-11T17:30:59+00:00\",\"dateModified\":\"2026-05-11T18:18:46+00:00\",\"breadcrumb\":{\"@id\":\"https:\\\/\\\/divulga.unila.edu.br\\\/ecologiaemrede\\\/publicacoes-monitoraagua\\\/#breadcrumb\"},\"inLanguage\":\"pt-BR\",\"potentialAction\":[{\"@type\":\"ReadAction\",\"target\":[\"https:\\\/\\\/divulga.unila.edu.br\\\/ecologiaemrede\\\/publicacoes-monitoraagua\\\/\"]}]},{\"@type\":\"ImageObject\",\"inLanguage\":\"pt-BR\",\"@id\":\"https:\\\/\\\/divulga.unila.edu.br\\\/ecologiaemrede\\\/publicacoes-monitoraagua\\\/#primaryimage\",\"url\":\"https:\\\/\\\/divulga.unila.edu.br\\\/ecologiaesaude\\\/wp-content\\\/uploads\\\/sites\\\/66\\\/2026\\\/05\\\/Captura-de-tela-2026-04-29-133909-1.png\",\"contentUrl\":\"https:\\\/\\\/divulga.unila.edu.br\\\/ecologiaesaude\\\/wp-content\\\/uploads\\\/sites\\\/66\\\/2026\\\/05\\\/Captura-de-tela-2026-04-29-133909-1.png\"},{\"@type\":\"BreadcrumbList\",\"@id\":\"https:\\\/\\\/divulga.unila.edu.br\\\/ecologiaemrede\\\/publicacoes-monitoraagua\\\/#breadcrumb\",\"itemListElement\":[{\"@type\":\"ListItem\",\"position\":1,\"name\":\"In\u00edcio\",\"item\":\"https:\\\/\\\/divulga.unila.edu.br\\\/ecologiaemrede\\\/\"},{\"@type\":\"ListItem\",\"position\":2,\"name\":\"Publica\u00e7\u00f5es\"}]},{\"@type\":\"WebSite\",\"@id\":\"https:\\\/\\\/divulga.unila.edu.br\\\/ecologiaemrede\\\/#website\",\"url\":\"https:\\\/\\\/divulga.unila.edu.br\\\/ecologiaemrede\\\/\",\"name\":\"\",\"description\":\"\",\"potentialAction\":[{\"@type\":\"SearchAction\",\"target\":{\"@type\":\"EntryPoint\",\"urlTemplate\":\"https:\\\/\\\/divulga.unila.edu.br\\\/ecologiaemrede\\\/?s={search_term_string}\"},\"query-input\":{\"@type\":\"PropertyValueSpecification\",\"valueRequired\":true,\"valueName\":\"search_term_string\"}}],\"inLanguage\":\"pt-BR\"}]}<\/script>\n<!-- \/ Yoast SEO plugin. -->","yoast_head_json":{"title":"Publica\u00e7\u00f5es -","robots":{"index":"index","follow":"follow","max-snippet":"max-snippet:-1","max-image-preview":"max-image-preview:large","max-video-preview":"max-video-preview:-1"},"canonical":"https:\/\/divulga.unila.edu.br\/ecologiaemrede\/publicacoes-monitoraagua\/","og_locale":"pt_BR","og_type":"article","og_title":"Publica\u00e7\u00f5es -","og_description":"PUBLICA\u00c7\u00d5ES Aqui voc\u00ea encontra relat\u00f3rios e notas t\u00e9cnicas produzidos a partir das a\u00e7\u00f5es do projeto Monitoramento Participativo de Ambientes Aqu\u00e1ticos. Acesse a Nota T\u00e9cnica Completa e confira todos os detalhes sobre as metodologias aplicadas e os resultados obtidos! Clique aqui!","og_url":"https:\/\/divulga.unila.edu.br\/ecologiaemrede\/publicacoes-monitoraagua\/","article_modified_time":"2026-05-11T18:18:46+00:00","og_image":[{"url":"https:\/\/divulga.unila.edu.br\/ecologiaesaude\/wp-content\/uploads\/sites\/66\/2026\/05\/Captura-de-tela-2026-04-29-133909-1.png","type":"","width":"","height":""}],"twitter_card":"summary_large_image","schema":{"@context":"https:\/\/schema.org","@graph":[{"@type":"WebPage","@id":"https:\/\/divulga.unila.edu.br\/ecologiaemrede\/publicacoes-monitoraagua\/","url":"https:\/\/divulga.unila.edu.br\/ecologiaemrede\/publicacoes-monitoraagua\/","name":"Publica\u00e7\u00f5es -","isPartOf":{"@id":"https:\/\/divulga.unila.edu.br\/ecologiaemrede\/#website"},"primaryImageOfPage":{"@id":"https:\/\/divulga.unila.edu.br\/ecologiaemrede\/publicacoes-monitoraagua\/#primaryimage"},"image":{"@id":"https:\/\/divulga.unila.edu.br\/ecologiaemrede\/publicacoes-monitoraagua\/#primaryimage"},"thumbnailUrl":"https:\/\/divulga.unila.edu.br\/ecologiaesaude\/wp-content\/uploads\/sites\/66\/2026\/05\/Captura-de-tela-2026-04-29-133909-1.png","datePublished":"2026-05-11T17:30:59+00:00","dateModified":"2026-05-11T18:18:46+00:00","breadcrumb":{"@id":"https:\/\/divulga.unila.edu.br\/ecologiaemrede\/publicacoes-monitoraagua\/#breadcrumb"},"inLanguage":"pt-BR","potentialAction":[{"@type":"ReadAction","target":["https:\/\/divulga.unila.edu.br\/ecologiaemrede\/publicacoes-monitoraagua\/"]}]},{"@type":"ImageObject","inLanguage":"pt-BR","@id":"https:\/\/divulga.unila.edu.br\/ecologiaemrede\/publicacoes-monitoraagua\/#primaryimage","url":"https:\/\/divulga.unila.edu.br\/ecologiaesaude\/wp-content\/uploads\/sites\/66\/2026\/05\/Captura-de-tela-2026-04-29-133909-1.png","contentUrl":"https:\/\/divulga.unila.edu.br\/ecologiaesaude\/wp-content\/uploads\/sites\/66\/2026\/05\/Captura-de-tela-2026-04-29-133909-1.png"},{"@type":"BreadcrumbList","@id":"https:\/\/divulga.unila.edu.br\/ecologiaemrede\/publicacoes-monitoraagua\/#breadcrumb","itemListElement":[{"@type":"ListItem","position":1,"name":"In\u00edcio","item":"https:\/\/divulga.unila.edu.br\/ecologiaemrede\/"},{"@type":"ListItem","position":2,"name":"Publica\u00e7\u00f5es"}]},{"@type":"WebSite","@id":"https:\/\/divulga.unila.edu.br\/ecologiaemrede\/#website","url":"https:\/\/divulga.unila.edu.br\/ecologiaemrede\/","name":"","description":"","potentialAction":[{"@type":"SearchAction","target":{"@type":"EntryPoint","urlTemplate":"https:\/\/divulga.unila.edu.br\/ecologiaemrede\/?s={search_term_string}"},"query-input":{"@type":"PropertyValueSpecification","valueRequired":true,"valueName":"search_term_string"}}],"inLanguage":"pt-BR"}]}},"uagb_featured_image_src":{"full":false,"thumbnail":false,"medium":false,"medium_large":false,"large":false,"1536x1536":false,"2048x2048":false,"htmega_size_585x295":false,"htmega_size_1170x536":false,"htmega_size_396x360":false,"tainacan-small":false,"tainacan-medium":false,"tainacan-medium-full":false,"tainacan-large-full":false},"uagb_author_info":{"display_name":"jv.santana.2019","author_link":"https:\/\/divulga.unila.edu.br\/ecologiaemrede\/author\/jvsantana2019\/"},"uagb_comment_info":0,"uagb_excerpt":"PUBLICA\u00c7\u00d5ES Aqui voc\u00ea encontra relat\u00f3rios e notas t\u00e9cnicas produzidos a partir das a\u00e7\u00f5es do projeto Monitoramento Participativo de Ambientes Aqu\u00e1ticos. Acesse a Nota T\u00e9cnica Completa e confira todos os detalhes sobre as metodologias aplicadas e os resultados obtidos! Clique aqui!","_links":{"self":[{"href":"https:\/\/divulga.unila.edu.br\/ecologiaemrede\/wp-json\/wp\/v2\/pages\/6832","targetHints":{"allow":["GET"]}}],"collection":[{"href":"https:\/\/divulga.unila.edu.br\/ecologiaemrede\/wp-json\/wp\/v2\/pages"}],"about":[{"href":"https:\/\/divulga.unila.edu.br\/ecologiaemrede\/wp-json\/wp\/v2\/types\/page"}],"author":[{"embeddable":true,"href":"https:\/\/divulga.unila.edu.br\/ecologiaemrede\/wp-json\/wp\/v2\/users\/183"}],"replies":[{"embeddable":true,"href":"https:\/\/divulga.unila.edu.br\/ecologiaemrede\/wp-json\/wp\/v2\/comments?post=6832"}],"version-history":[{"count":25,"href":"https:\/\/divulga.unila.edu.br\/ecologiaemrede\/wp-json\/wp\/v2\/pages\/6832\/revisions"}],"predecessor-version":[{"id":6895,"href":"https:\/\/divulga.unila.edu.br\/ecologiaemrede\/wp-json\/wp\/v2\/pages\/6832\/revisions\/6895"}],"wp:attachment":[{"href":"https:\/\/divulga.unila.edu.br\/ecologiaemrede\/wp-json\/wp\/v2\/media?parent=6832"}],"curies":[{"name":"wp","href":"https:\/\/api.w.org\/{rel}","templated":true}]}}