{"id":2955,"date":"2026-02-12T17:08:05","date_gmt":"2026-02-12T20:08:05","guid":{"rendered":"https:\/\/divulga.unila.edu.br\/ecologiaesaude\/?page_id=2955"},"modified":"2026-03-23T10:40:00","modified_gmt":"2026-03-23T13:40:00","slug":"protocolos","status":"publish","type":"page","link":"https:\/\/divulga.unila.edu.br\/ecologiaemrede\/protocolos\/","title":{"rendered":"PROTOCOLOS"},"content":{"rendered":"\t\t<div data-elementor-type=\"wp-page\" data-elementor-id=\"2955\" class=\"elementor elementor-2955\">\n\t\t\t\t<div class=\"has_eae_slider elementor-element elementor-element-7e02bcd e-flex e-con-boxed wpr-particle-no wpr-jarallax-no wpr-parallax-no wpr-sticky-section-no wpr-equal-height-no e-con e-parent\" data-eae-slider=\"83605\" data-id=\"7e02bcd\" data-element_type=\"container\" data-e-type=\"container\">\n\t\t\t\t\t<div class=\"e-con-inner\">\n\t\t\t\t<div class=\"elementor-element elementor-element-9757d8e elementor-widget elementor-widget-spacer\" data-id=\"9757d8e\" data-element_type=\"widget\" data-e-type=\"widget\" data-widget_type=\"spacer.default\">\n\t\t\t\t\t\t\t<div class=\"elementor-spacer\">\n\t\t\t<div class=\"elementor-spacer-inner\"><\/div>\n\t\t<\/div>\n\t\t\t\t\t\t<\/div>\n\t\t\t\t<div class=\"elementor-element elementor-element-6676839 elementor-widget elementor-widget-heading\" data-id=\"6676839\" data-element_type=\"widget\" data-e-type=\"widget\" data-widget_type=\"heading.default\">\n\t\t\t\t\t<h2 class=\"elementor-heading-title elementor-size-default\">Detec\u00e7\u00e3o de criadouros de _Aedes aegypti_ no bairro<\/h2>\t\t\t\t<\/div>\n\t\t\t\t<div class=\"elementor-element elementor-element-b6ac4c1 elementor-widget elementor-widget-spacer\" data-id=\"b6ac4c1\" data-element_type=\"widget\" data-e-type=\"widget\" data-widget_type=\"spacer.default\">\n\t\t\t\t\t\t\t<div class=\"elementor-spacer\">\n\t\t\t<div class=\"elementor-spacer-inner\"><\/div>\n\t\t<\/div>\n\t\t\t\t\t\t<\/div>\n\t\t\t\t<div class=\"elementor-element elementor-element-30e713f elementor-widget elementor-widget-text-editor\" data-id=\"30e713f\" data-element_type=\"widget\" data-e-type=\"widget\" data-widget_type=\"text-editor.default\">\n\t\t\t\t\t\t\t\t\t<div id=\"comp-kcnk952u\" class=\"Z_l5lU MMl86N zQ9jDz qvSjx3 Vq6kJx comp-kcnk952u wixui-rich-text\" data-testid=\"richTextElement\"><p class=\"font_7 wixui-rich-text__text\"><span class=\"wixui-rich-text__text\">O protocolo desenvolvido \u00e9 uma ferramenta de ensino interdisciplinar e um aparato de coleta de dados para monitoramento do mosquito <em>Aedes aegypti<\/em>. Neste material, o professor encontra uma cartilha com explica\u00e7\u00f5es e informa\u00e7\u00f5es cient\u00edficas a respeito da ecologia do inseto, e o passo a passo para a realiza\u00e7\u00e3o das atividades propostas. Cada atividade direciona o professor para um campo de observa\u00e7\u00e3o diferente.\u00a0O\u00a0protocolo permite, al\u00e9m de utilizar uma ferramenta que fomenta o desenvolvimento de habilidades nas diversas \u00e1reas da educa\u00e7\u00e3o (Artes, L\u00edngua Portuguesa, Geografia, Matem\u00e1tica, Ci\u00eancias), introduz os estudantes no mundo cient\u00edfico.<\/span><\/p><p>\u00a0<\/p><p class=\"font_7 wixui-rich-text__text\"><span class=\"wixui-rich-text__text\">As respostas obtidas atrav\u00e9s da execu\u00e7\u00e3o da(s) atividade(s) presentes neste protocolo, servem como um banco de dados para monitoramento do <em>Aedes aegypti<\/em>, a erradica\u00e7\u00e3o do inseto e consequentemente das doen\u00e7as por ele transmitidas.<\/span><\/p><\/div>\t\t\t\t\t\t\t\t<\/div>\n\t\t\t\t<div class=\"elementor-element elementor-element-0493e7c elementor-widget elementor-widget-spacer\" data-id=\"0493e7c\" data-element_type=\"widget\" data-e-type=\"widget\" data-widget_type=\"spacer.default\">\n\t\t\t\t\t\t\t<div class=\"elementor-spacer\">\n\t\t\t<div class=\"elementor-spacer-inner\"><\/div>\n\t\t<\/div>\n\t\t\t\t\t\t<\/div>\n\t\t\t\t\t<\/div>\n\t\t\t\t<\/div>\n\t\t<div class=\"has_eae_slider elementor-element elementor-element-03124e3 e-flex e-con-boxed wpr-particle-no wpr-jarallax-no wpr-parallax-no wpr-sticky-section-no wpr-equal-height-no e-con e-parent\" data-eae-slider=\"72258\" data-id=\"03124e3\" data-element_type=\"container\" data-e-type=\"container\">\n\t\t\t\t\t<div class=\"e-con-inner\">\n\t\t<div class=\"has_eae_slider elementor-element elementor-element-7f88fda e-con-full e-flex wpr-particle-no wpr-jarallax-no wpr-parallax-no wpr-sticky-section-no wpr-equal-height-no e-con e-child\" data-eae-slider=\"88481\" data-id=\"7f88fda\" data-element_type=\"container\" data-e-type=\"container\">\n\t\t\t\t<\/div>\n\t\t<div class=\"has_eae_slider elementor-element elementor-element-dd67970 e-con-full e-flex wpr-particle-no wpr-jarallax-no wpr-parallax-no wpr-sticky-section-no wpr-equal-height-no e-con e-child\" data-eae-slider=\"77622\" data-id=\"dd67970\" data-element_type=\"container\" data-e-type=\"container\">\n\t\t\t\t<div class=\"elementor-element elementor-element-109e219 elementor-align-center elementor-widget elementor-widget-button\" data-id=\"109e219\" data-element_type=\"widget\" data-e-type=\"widget\" data-widget_type=\"button.default\">\n\t\t\t\t\t\t\t\t\t\t<a class=\"elementor-button elementor-button-link elementor-size-sm\" href=\"#\">\n\t\t\t\t\t\t<span class=\"elementor-button-content-wrapper\">\n\t\t\t\t\t\t\t\t\t<span class=\"elementor-button-text\">Baixar Protocolo<\/span>\n\t\t\t\t\t<\/span>\n\t\t\t\t\t<\/a>\n\t\t\t\t\t\t\t\t<\/div>\n\t\t\t\t<\/div>\n\t\t<div class=\"has_eae_slider elementor-element elementor-element-f6d4701 e-con-full e-flex wpr-particle-no wpr-jarallax-no wpr-parallax-no wpr-sticky-section-no wpr-equal-height-no e-con e-child\" data-eae-slider=\"6836\" data-id=\"f6d4701\" data-element_type=\"container\" data-e-type=\"container\">\n\t\t\t\t<div class=\"elementor-element elementor-element-02ce98e elementor-widget elementor-widget-button\" data-id=\"02ce98e\" data-element_type=\"widget\" data-e-type=\"widget\" data-widget_type=\"button.default\">\n\t\t\t\t\t\t\t\t\t\t<a class=\"elementor-button elementor-button-link elementor-size-sm\" href=\"#\">\n\t\t\t\t\t\t<span class=\"elementor-button-content-wrapper\">\n\t\t\t\t\t\t\t\t\t<span class=\"elementor-button-text\">Enviar Protocolo<\/span>\n\t\t\t\t\t<\/span>\n\t\t\t\t\t<\/a>\n\t\t\t\t\t\t\t\t<\/div>\n\t\t\t\t<\/div>\n\t\t<div class=\"has_eae_slider elementor-element elementor-element-f8ec453 e-con-full e-flex wpr-particle-no wpr-jarallax-no wpr-parallax-no wpr-sticky-section-no wpr-equal-height-no e-con e-child\" data-eae-slider=\"35158\" data-id=\"f8ec453\" data-element_type=\"container\" data-e-type=\"container\">\n\t\t\t\t<\/div>\n\t\t\t\t\t<\/div>\n\t\t\t\t<\/div>\n\t\t<div class=\"has_eae_slider elementor-element elementor-element-822e1ac e-flex e-con-boxed wpr-particle-no wpr-jarallax-no wpr-parallax-no wpr-sticky-section-no wpr-equal-height-no e-con e-parent\" data-eae-slider=\"25447\" data-id=\"822e1ac\" data-element_type=\"container\" data-e-type=\"container\">\n\t\t\t\t\t<div class=\"e-con-inner\">\n\t\t\t\t<div class=\"elementor-element elementor-element-0f3882c elementor-widget elementor-widget-spacer\" data-id=\"0f3882c\" data-element_type=\"widget\" data-e-type=\"widget\" data-widget_type=\"spacer.default\">\n\t\t\t\t\t\t\t<div class=\"elementor-spacer\">\n\t\t\t<div class=\"elementor-spacer-inner\"><\/div>\n\t\t<\/div>\n\t\t\t\t\t\t<\/div>\n\t\t\t\t\t<\/div>\n\t\t\t\t<\/div>\n\t\t\t\t<\/div>\n\t\t","protected":false},"excerpt":{"rendered":"<p>Detec\u00e7\u00e3o de criadouros de _Aedes aegypti_ no bairro O protocolo desenvolvido \u00e9 uma ferramenta de ensino interdisciplinar e um aparato de coleta de dados para monitoramento do mosquito Aedes aegypti. Neste material, o professor encontra uma cartilha com explica\u00e7\u00f5es e informa\u00e7\u00f5es cient\u00edficas a respeito da ecologia do inseto, e o passo a passo para a realiza\u00e7\u00e3o das atividades propostas. Cada atividade direciona o professor para um campo de observa\u00e7\u00e3o diferente.\u00a0O\u00a0protocolo permite, al\u00e9m de utilizar uma ferramenta que fomenta o desenvolvimento de habilidades nas diversas \u00e1reas da educa\u00e7\u00e3o (Artes, L\u00edngua Portuguesa, Geografia, Matem\u00e1tica, Ci\u00eancias), introduz os estudantes no mundo cient\u00edfico. \u00a0 As respostas obtidas atrav\u00e9s da execu\u00e7\u00e3o da(s) atividade(s) presentes neste protocolo, servem como um banco de dados para monitoramento do Aedes aegypti, a erradica\u00e7\u00e3o do inseto e consequentemente das doen\u00e7as por ele transmitidas. Baixar Protocolo Enviar Protocolo<\/p>\n","protected":false},"author":183,"featured_media":0,"parent":0,"menu_order":0,"comment_status":"closed","ping_status":"closed","template":"elementor_header_footer","meta":{"_uag_custom_page_level_css":"","site-container-style":"default","site-container-layout":"default","site-sidebar-layout":"default","disable-article-header":"default","disable-site-header":"default","disable-site-footer":"default","disable-content-area-spacing":"default","_themeisle_gutenberg_block_has_review":false,"footnotes":""},"class_list":["post-2955","page","type-page","status-publish","hentry"],"yoast_head":"<!-- This site is optimized with the Yoast SEO plugin v27.6 - https:\/\/yoast.com\/product\/yoast-seo-wordpress\/ -->\n<title>PROTOCOLOS -<\/title>\n<meta name=\"robots\" content=\"index, follow, max-snippet:-1, max-image-preview:large, max-video-preview:-1\" \/>\n<link rel=\"canonical\" href=\"https:\/\/divulga.unila.edu.br\/ecologiaemrede\/protocolos\/\" \/>\n<meta property=\"og:locale\" content=\"pt_BR\" \/>\n<meta property=\"og:type\" content=\"article\" \/>\n<meta property=\"og:title\" content=\"PROTOCOLOS -\" \/>\n<meta property=\"og:description\" content=\"Detec\u00e7\u00e3o de criadouros de _Aedes aegypti_ no bairro O protocolo desenvolvido \u00e9 uma ferramenta de ensino interdisciplinar e um aparato de coleta de dados para monitoramento do mosquito Aedes aegypti. Neste material, o professor encontra uma cartilha com explica\u00e7\u00f5es e informa\u00e7\u00f5es cient\u00edficas a respeito da ecologia do inseto, e o passo a passo para a realiza\u00e7\u00e3o das atividades propostas. Cada atividade direciona o professor para um campo de observa\u00e7\u00e3o diferente.\u00a0O\u00a0protocolo permite, al\u00e9m de utilizar uma ferramenta que fomenta o desenvolvimento de habilidades nas diversas \u00e1reas da educa\u00e7\u00e3o (Artes, L\u00edngua Portuguesa, Geografia, Matem\u00e1tica, Ci\u00eancias), introduz os estudantes no mundo cient\u00edfico. \u00a0 As respostas obtidas atrav\u00e9s da execu\u00e7\u00e3o da(s) atividade(s) presentes neste protocolo, servem como um banco de dados para monitoramento do Aedes aegypti, a erradica\u00e7\u00e3o do inseto e consequentemente das doen\u00e7as por ele transmitidas. Baixar Protocolo Enviar Protocolo\" \/>\n<meta property=\"og:url\" content=\"https:\/\/divulga.unila.edu.br\/ecologiaemrede\/protocolos\/\" \/>\n<meta property=\"article:modified_time\" content=\"2026-03-23T13:40:00+00:00\" \/>\n<meta name=\"twitter:card\" content=\"summary_large_image\" \/>\n<meta name=\"twitter:label1\" content=\"Est. tempo de leitura\" \/>\n\t<meta name=\"twitter:data1\" content=\"1 minuto\" \/>\n<script type=\"application\/ld+json\" class=\"yoast-schema-graph\">{\"@context\":\"https:\\\/\\\/schema.org\",\"@graph\":[{\"@type\":\"WebPage\",\"@id\":\"https:\\\/\\\/divulga.unila.edu.br\\\/ecologiaemrede\\\/protocolos\\\/\",\"url\":\"https:\\\/\\\/divulga.unila.edu.br\\\/ecologiaemrede\\\/protocolos\\\/\",\"name\":\"PROTOCOLOS -\",\"isPartOf\":{\"@id\":\"https:\\\/\\\/divulga.unila.edu.br\\\/ecologiaemrede\\\/#website\"},\"datePublished\":\"2026-02-12T20:08:05+00:00\",\"dateModified\":\"2026-03-23T13:40:00+00:00\",\"breadcrumb\":{\"@id\":\"https:\\\/\\\/divulga.unila.edu.br\\\/ecologiaemrede\\\/protocolos\\\/#breadcrumb\"},\"inLanguage\":\"pt-BR\",\"potentialAction\":[{\"@type\":\"ReadAction\",\"target\":[\"https:\\\/\\\/divulga.unila.edu.br\\\/ecologiaemrede\\\/protocolos\\\/\"]}]},{\"@type\":\"BreadcrumbList\",\"@id\":\"https:\\\/\\\/divulga.unila.edu.br\\\/ecologiaemrede\\\/protocolos\\\/#breadcrumb\",\"itemListElement\":[{\"@type\":\"ListItem\",\"position\":1,\"name\":\"In\u00edcio\",\"item\":\"https:\\\/\\\/divulga.unila.edu.br\\\/ecologiaemrede\\\/\"},{\"@type\":\"ListItem\",\"position\":2,\"name\":\"PROTOCOLOS\"}]},{\"@type\":\"WebSite\",\"@id\":\"https:\\\/\\\/divulga.unila.edu.br\\\/ecologiaemrede\\\/#website\",\"url\":\"https:\\\/\\\/divulga.unila.edu.br\\\/ecologiaemrede\\\/\",\"name\":\"\",\"description\":\"\",\"potentialAction\":[{\"@type\":\"SearchAction\",\"target\":{\"@type\":\"EntryPoint\",\"urlTemplate\":\"https:\\\/\\\/divulga.unila.edu.br\\\/ecologiaemrede\\\/?s={search_term_string}\"},\"query-input\":{\"@type\":\"PropertyValueSpecification\",\"valueRequired\":true,\"valueName\":\"search_term_string\"}}],\"inLanguage\":\"pt-BR\"}]}<\/script>\n<!-- \/ Yoast SEO plugin. -->","yoast_head_json":{"title":"PROTOCOLOS -","robots":{"index":"index","follow":"follow","max-snippet":"max-snippet:-1","max-image-preview":"max-image-preview:large","max-video-preview":"max-video-preview:-1"},"canonical":"https:\/\/divulga.unila.edu.br\/ecologiaemrede\/protocolos\/","og_locale":"pt_BR","og_type":"article","og_title":"PROTOCOLOS -","og_description":"Detec\u00e7\u00e3o de criadouros de _Aedes aegypti_ no bairro O protocolo desenvolvido \u00e9 uma ferramenta de ensino interdisciplinar e um aparato de coleta de dados para monitoramento do mosquito Aedes aegypti. Neste material, o professor encontra uma cartilha com explica\u00e7\u00f5es e informa\u00e7\u00f5es cient\u00edficas a respeito da ecologia do inseto, e o passo a passo para a realiza\u00e7\u00e3o das atividades propostas. Cada atividade direciona o professor para um campo de observa\u00e7\u00e3o diferente.\u00a0O\u00a0protocolo permite, al\u00e9m de utilizar uma ferramenta que fomenta o desenvolvimento de habilidades nas diversas \u00e1reas da educa\u00e7\u00e3o (Artes, L\u00edngua Portuguesa, Geografia, Matem\u00e1tica, Ci\u00eancias), introduz os estudantes no mundo cient\u00edfico. \u00a0 As respostas obtidas atrav\u00e9s da execu\u00e7\u00e3o da(s) atividade(s) presentes neste protocolo, servem como um banco de dados para monitoramento do Aedes aegypti, a erradica\u00e7\u00e3o do inseto e consequentemente das doen\u00e7as por ele transmitidas. Baixar Protocolo Enviar Protocolo","og_url":"https:\/\/divulga.unila.edu.br\/ecologiaemrede\/protocolos\/","article_modified_time":"2026-03-23T13:40:00+00:00","twitter_card":"summary_large_image","twitter_misc":{"Est. tempo de leitura":"1 minuto"},"schema":{"@context":"https:\/\/schema.org","@graph":[{"@type":"WebPage","@id":"https:\/\/divulga.unila.edu.br\/ecologiaemrede\/protocolos\/","url":"https:\/\/divulga.unila.edu.br\/ecologiaemrede\/protocolos\/","name":"PROTOCOLOS -","isPartOf":{"@id":"https:\/\/divulga.unila.edu.br\/ecologiaemrede\/#website"},"datePublished":"2026-02-12T20:08:05+00:00","dateModified":"2026-03-23T13:40:00+00:00","breadcrumb":{"@id":"https:\/\/divulga.unila.edu.br\/ecologiaemrede\/protocolos\/#breadcrumb"},"inLanguage":"pt-BR","potentialAction":[{"@type":"ReadAction","target":["https:\/\/divulga.unila.edu.br\/ecologiaemrede\/protocolos\/"]}]},{"@type":"BreadcrumbList","@id":"https:\/\/divulga.unila.edu.br\/ecologiaemrede\/protocolos\/#breadcrumb","itemListElement":[{"@type":"ListItem","position":1,"name":"In\u00edcio","item":"https:\/\/divulga.unila.edu.br\/ecologiaemrede\/"},{"@type":"ListItem","position":2,"name":"PROTOCOLOS"}]},{"@type":"WebSite","@id":"https:\/\/divulga.unila.edu.br\/ecologiaemrede\/#website","url":"https:\/\/divulga.unila.edu.br\/ecologiaemrede\/","name":"","description":"","potentialAction":[{"@type":"SearchAction","target":{"@type":"EntryPoint","urlTemplate":"https:\/\/divulga.unila.edu.br\/ecologiaemrede\/?s={search_term_string}"},"query-input":{"@type":"PropertyValueSpecification","valueRequired":true,"valueName":"search_term_string"}}],"inLanguage":"pt-BR"}]}},"uagb_featured_image_src":{"full":false,"thumbnail":false,"medium":false,"medium_large":false,"large":false,"1536x1536":false,"2048x2048":false,"htmega_size_585x295":false,"htmega_size_1170x536":false,"htmega_size_396x360":false,"tainacan-small":false,"tainacan-medium":false,"tainacan-medium-full":false,"tainacan-large-full":false},"uagb_author_info":{"display_name":"jv.santana.2019","author_link":"https:\/\/divulga.unila.edu.br\/ecologiaemrede\/author\/jvsantana2019\/"},"uagb_comment_info":0,"uagb_excerpt":"Detec\u00e7\u00e3o de criadouros de _Aedes aegypti_ no bairro O protocolo desenvolvido \u00e9 uma ferramenta de ensino interdisciplinar e um aparato de coleta de dados para monitoramento do mosquito Aedes aegypti. Neste material, o professor encontra uma cartilha com explica\u00e7\u00f5es e informa\u00e7\u00f5es cient\u00edficas a respeito da ecologia do inseto, e o passo a passo para a&hellip;","_links":{"self":[{"href":"https:\/\/divulga.unila.edu.br\/ecologiaemrede\/wp-json\/wp\/v2\/pages\/2955","targetHints":{"allow":["GET"]}}],"collection":[{"href":"https:\/\/divulga.unila.edu.br\/ecologiaemrede\/wp-json\/wp\/v2\/pages"}],"about":[{"href":"https:\/\/divulga.unila.edu.br\/ecologiaemrede\/wp-json\/wp\/v2\/types\/page"}],"author":[{"embeddable":true,"href":"https:\/\/divulga.unila.edu.br\/ecologiaemrede\/wp-json\/wp\/v2\/users\/183"}],"replies":[{"embeddable":true,"href":"https:\/\/divulga.unila.edu.br\/ecologiaemrede\/wp-json\/wp\/v2\/comments?post=2955"}],"version-history":[{"count":20,"href":"https:\/\/divulga.unila.edu.br\/ecologiaemrede\/wp-json\/wp\/v2\/pages\/2955\/revisions"}],"predecessor-version":[{"id":4580,"href":"https:\/\/divulga.unila.edu.br\/ecologiaemrede\/wp-json\/wp\/v2\/pages\/2955\/revisions\/4580"}],"wp:attachment":[{"href":"https:\/\/divulga.unila.edu.br\/ecologiaemrede\/wp-json\/wp\/v2\/media?parent=2955"}],"curies":[{"name":"wp","href":"https:\/\/api.w.org\/{rel}","templated":true}]}}