{"id":963,"date":"2025-06-18T14:44:05","date_gmt":"2025-06-18T17:44:05","guid":{"rendered":"https:\/\/divulga.unila.edu.br\/ccmiba\/?page_id=963"},"modified":"2025-06-18T14:49:03","modified_gmt":"2025-06-18T17:49:03","slug":"elementor-963","status":"publish","type":"page","link":"https:\/\/divulga.unila.edu.br\/ccmiba\/elementor-963\/","title":{"rendered":"\u2800\u2800\u2800"},"content":{"rendered":"\t\t<div data-elementor-type=\"wp-page\" data-elementor-id=\"963\" class=\"elementor elementor-963\">\n\t\t\t\t\t\t<section class=\"has_eae_slider elementor-section elementor-top-section elementor-element elementor-element-ce00c59 elementor-section-boxed elementor-section-height-default elementor-section-height-default wpr-particle-no wpr-jarallax-no wpr-parallax-no wpr-sticky-section-no wpr-equal-height-no\" data-eae-slider=\"59140\" data-id=\"ce00c59\" data-element_type=\"section\" data-e-type=\"section\">\n\t\t\t\t\t\t<div class=\"elementor-container elementor-column-gap-default\">\n\t\t\t\t\t<div class=\"has_eae_slider elementor-column elementor-col-100 elementor-top-column elementor-element elementor-element-0f15ab9\" data-eae-slider=\"80431\" data-id=\"0f15ab9\" data-element_type=\"column\" data-e-type=\"column\">\n\t\t\t<div class=\"elementor-widget-wrap elementor-element-populated\">\n\t\t\t\t\t\t<div class=\"elementor-element elementor-element-a883196 wpr-search-form-style-inner wpr-search-form-position-right elementor-widget elementor-widget-wpr-search\" data-id=\"a883196\" data-element_type=\"widget\" data-e-type=\"widget\" data-widget_type=\"wpr-search.default\">\n\t\t\t\t<div class=\"elementor-widget-container\">\n\t\t\t\t\t\n\t\t<form role=\"search\" method=\"get\" class=\"wpr-search-form\" action=\"https:\/\/divulga.unila.edu.br\/ccmiba\">\n\n\t\t\t<div class=\"wpr-search-form-input-wrap elementor-clearfix\">\n\t\t\t\t<input class=\"wpr-search-form-input\" placeholder=\"Search...\" aria-label=\"Search\" type=\"search\" name=\"s\" title=\"Search\" value=\"\" wpr-query-type=\"all\" wpr-taxonomy-type=\"\" number-of-results=\"2\" ajax-search=\"\" meta-query=\"\" show-description=\"yes\" number-of-words=\"30\" show-ajax-thumbnails=\"\" show-view-result-btn=\"\" show-product-price=\"no\" view-result-text=\"View Results\" no-results=\"No Results Found\" exclude-without-thumb=\"\" link-target=\"_self\" password-protected=\"no\" attachments=\"no\">\n\t\t\t\t\n\t\t<button class=\"wpr-search-form-submit\" aria-label=\"Search\" type=\"submit\">\n\t\t\t\t\t\t\t<i class=\"fas fa-search\"><\/i>\n\t\t\t\t\t<\/button>\n\n\t\t\t\t\t<\/div>\n\n\t\t\t\t\t<\/form>\n\t\t<div class=\"wpr-data-fetch\">\n\t\t\t<span class=\"wpr-close-search\"><\/span>\n\t\t\t<ul><\/ul>\n\t\t\t\t\t<\/div>\n\t\t\n\t\t\t\t\t\t<\/div>\n\t\t\t\t<\/div>\n\t\t\t\t\t<\/div>\n\t\t<\/div>\n\t\t\t\t\t<\/div>\n\t\t<\/section>\n\t\t\t\t<section class=\"has_eae_slider elementor-section elementor-top-section elementor-element elementor-element-29cc65240 elementor-section-height-min-height elementor-section-boxed elementor-section-height-default elementor-section-items-middle wpr-particle-no wpr-jarallax-no wpr-parallax-no wpr-sticky-section-no wpr-equal-height-no\" data-eae-slider=\"17136\" data-id=\"29cc65240\" data-element_type=\"section\" data-e-type=\"section\" data-settings=\"{&quot;background_background&quot;:&quot;classic&quot;}\">\n\t\t\t\t\t\t\t<div class=\"elementor-background-overlay\"><\/div>\n\t\t\t\t\t\t\t<div class=\"elementor-container elementor-column-gap-default\">\n\t\t\t\t\t<div class=\"has_eae_slider elementor-column elementor-col-100 elementor-top-column elementor-element elementor-element-b7ecaef\" data-eae-slider=\"96286\" data-id=\"b7ecaef\" data-element_type=\"column\" data-e-type=\"column\">\n\t\t\t<div class=\"elementor-widget-wrap elementor-element-populated\">\n\t\t\t\t\t\t<div class=\"elementor-element elementor-element-44dd91fc elementor-widget elementor-widget-heading\" data-id=\"44dd91fc\" data-element_type=\"widget\" data-e-type=\"widget\" data-widget_type=\"heading.default\">\n\t\t\t\t<div class=\"elementor-widget-container\">\n\t\t\t\t\t<h2 class=\"elementor-heading-title elementor-size-default\">Disserta\u00e7\u00f5es<\/h2>\t\t\t\t<\/div>\n\t\t\t\t<\/div>\n\t\t\t\t\t<\/div>\n\t\t<\/div>\n\t\t\t\t\t<\/div>\n\t\t<\/section>\n\t\t\t\t<section class=\"has_eae_slider elementor-section elementor-top-section elementor-element elementor-element-1a43e4d4 elementor-section-boxed elementor-section-height-default elementor-section-height-default wpr-particle-no wpr-jarallax-no wpr-parallax-no wpr-sticky-section-no wpr-equal-height-no\" data-eae-slider=\"93933\" data-id=\"1a43e4d4\" data-element_type=\"section\" data-e-type=\"section\">\n\t\t\t\t\t\t<div class=\"elementor-container elementor-column-gap-default\">\n\t\t\t\t\t<div class=\"has_eae_slider elementor-column elementor-col-100 elementor-top-column elementor-element elementor-element-9322d48\" data-eae-slider=\"89572\" data-id=\"9322d48\" data-element_type=\"column\" data-e-type=\"column\">\n\t\t\t<div class=\"elementor-widget-wrap elementor-element-populated\">\n\t\t\t\t\t\t<div class=\"elementor-element elementor-element-7ac1d649 elementor-widget elementor-widget-heading\" data-id=\"7ac1d649\" data-element_type=\"widget\" data-e-type=\"widget\" data-widget_type=\"heading.default\">\n\t\t\t\t<div class=\"elementor-widget-container\">\n\t\t\t\t\t<h2 class=\"elementor-heading-title elementor-size-default\">Tratamento de solo agr\u00edcola contaminado com atrazina por fungos filamentosos imobilizados em carv\u00e3o ativado<\/h2>\t\t\t\t<\/div>\n\t\t\t\t<\/div>\n\t\t\t\t<div class=\"elementor-element elementor-element-39771ca2 elementor-widget-divider--view-line elementor-widget elementor-widget-divider\" data-id=\"39771ca2\" data-element_type=\"widget\" data-e-type=\"widget\" data-widget_type=\"divider.default\">\n\t\t\t\t<div class=\"elementor-widget-container\">\n\t\t\t\t\t\t\t<div class=\"elementor-divider\">\n\t\t\t<span class=\"elementor-divider-separator\">\n\t\t\t\t\t\t<\/span>\n\t\t<\/div>\n\t\t\t\t\t\t<\/div>\n\t\t\t\t<\/div>\n\t\t\t\t<div class=\"elementor-element elementor-element-5f9e748 elementor-widget elementor-widget-text-editor\" data-id=\"5f9e748\" data-element_type=\"widget\" data-e-type=\"widget\" data-widget_type=\"text-editor.default\">\n\t\t\t\t<div class=\"elementor-widget-container\">\n\t\t\t\t\t\t\t\t\t<p>Esta disserta\u00e7\u00e3o, realizada por <strong>Adriana Heiss Siqueira<\/strong> sob orienta\u00e7\u00e3o da Profa. Dra. Rafaella Costa Bonugli Santos no <strong>Mestrado em Bioci\u00eancias da Universidade Federal da Integra\u00e7\u00e3o Latino-Americana (UNILA)<\/strong>, teve como objetivo desenvolver um bioinoculante f\u00fangico imobilizado em carv\u00e3o ativado para biorremediar solos contaminados com atrazina, promovendo a degrada\u00e7\u00e3o do herbicida e a recupera\u00e7\u00e3o da qualidade do solo.<\/p>\t\t\t\t\t\t\t\t<\/div>\n\t\t\t\t<\/div>\n\t\t\t\t<div class=\"elementor-element elementor-element-2b6592e3 wpr-button-icon-style-inline wpr-button-icon-position-right elementor-widget elementor-widget-wpr-button\" data-id=\"2b6592e3\" data-element_type=\"widget\" data-e-type=\"widget\" data-widget_type=\"wpr-button.default\">\n\t\t\t\t<div class=\"elementor-widget-container\">\n\t\t\t\t\t\t\n\t\t\t\n\t\t\n\t\t<div class=\"wpr-button-wrap elementor-clearfix\">\n\t\t<a class=\"wpr-button wpr-button-effect wpr-button-none\" data-text=\"\" href=\"https:\/\/dspace.unila.edu.br\/handle\/123456789\/8515\">\n\t\t\t\n\t\t\t<span class=\"wpr-button-content\">\n\t\t\t\t\t\t\t\t\t<span class=\"wpr-button-text\">Leia Mais<\/span>\n\t\t\t\t\t\t\t\t\n\t\t\t\t\t\t\t<\/span>\n\t\t<\/a>\n\n\t\t\t\t<\/div>\n\t\n\t\n\t\t\t\t\t<\/div>\n\t\t\t\t<\/div>\n\t\t\t\t\t<\/div>\n\t\t<\/div>\n\t\t\t\t\t<\/div>\n\t\t<\/section>\n\t\t\t\t<section class=\"has_eae_slider elementor-section elementor-top-section elementor-element elementor-element-a46be9a elementor-section-boxed elementor-section-height-default elementor-section-height-default wpr-particle-no wpr-jarallax-no wpr-parallax-no wpr-sticky-section-no wpr-equal-height-no\" data-eae-slider=\"30630\" data-id=\"a46be9a\" data-element_type=\"section\" data-e-type=\"section\">\n\t\t\t\t\t\t<div class=\"elementor-container elementor-column-gap-default\">\n\t\t\t\t\t<div class=\"has_eae_slider elementor-column elementor-col-100 elementor-top-column elementor-element elementor-element-b32fdd3\" data-eae-slider=\"58741\" data-id=\"b32fdd3\" data-element_type=\"column\" data-e-type=\"column\">\n\t\t\t<div class=\"elementor-widget-wrap elementor-element-populated\">\n\t\t\t\t\t\t<div class=\"elementor-element elementor-element-1cbdde1 elementor-widget elementor-widget-heading\" data-id=\"1cbdde1\" data-element_type=\"widget\" data-e-type=\"widget\" data-widget_type=\"heading.default\">\n\t\t\t\t<div class=\"elementor-widget-container\">\n\t\t\t\t\t<h2 class=\"elementor-heading-title elementor-size-default\">Avalia\u00e7\u00e3o Gen\u00e9tica e Funcional da Enzima Lacase de Fungos do Parque Nacional do Igua\u00e7u\n<\/h2>\t\t\t\t<\/div>\n\t\t\t\t<\/div>\n\t\t\t\t<div class=\"elementor-element elementor-element-672f68b elementor-widget-divider--view-line elementor-widget elementor-widget-divider\" data-id=\"672f68b\" data-element_type=\"widget\" data-e-type=\"widget\" data-widget_type=\"divider.default\">\n\t\t\t\t<div class=\"elementor-widget-container\">\n\t\t\t\t\t\t\t<div class=\"elementor-divider\">\n\t\t\t<span class=\"elementor-divider-separator\">\n\t\t\t\t\t\t<\/span>\n\t\t<\/div>\n\t\t\t\t\t\t<\/div>\n\t\t\t\t<\/div>\n\t\t\t\t<div class=\"elementor-element elementor-element-9b72f32 elementor-widget elementor-widget-text-editor\" data-id=\"9b72f32\" data-element_type=\"widget\" data-e-type=\"widget\" data-widget_type=\"text-editor.default\">\n\t\t\t\t<div class=\"elementor-widget-container\">\n\t\t\t\t\t\t\t\t\t<p>Esta disserta\u00e7\u00e3o, realizada por <strong>Jaqueline Bail<\/strong> sob orienta\u00e7\u00e3o da Profa. Rafaella Costa Bonugli Santos no <strong>Mestrado em Bioci\u00eancias da Universidade Federal da Integra\u00e7\u00e3o Latino-Americana (UNILA)<\/strong>, teve como objetivo analisar a diversidade gen\u00e9tica e funcional da enzima lacase em fungos da serapilheira do Parque Nacional do Igua\u00e7u, avaliando seu potencial ecol\u00f3gico e biotecnol\u00f3gico, especialmente frente a impactos ambientais como a presen\u00e7a da planta invasora <em data-start=\"558\" data-end=\"580\">Tradescantia zebrina<\/em>.<\/p>\t\t\t\t\t\t\t\t<\/div>\n\t\t\t\t<\/div>\n\t\t\t\t<div class=\"elementor-element elementor-element-186f09c wpr-button-icon-style-inline wpr-button-icon-position-right elementor-widget elementor-widget-wpr-button\" data-id=\"186f09c\" data-element_type=\"widget\" data-e-type=\"widget\" data-widget_type=\"wpr-button.default\">\n\t\t\t\t<div class=\"elementor-widget-container\">\n\t\t\t\t\t\t\n\t\t\t\n\t\t\n\t\t<div class=\"wpr-button-wrap elementor-clearfix\">\n\t\t<a class=\"wpr-button wpr-button-effect wpr-button-none\" data-text=\"\" href=\"https:\/\/dspace.unila.edu.br\/handle\/123456789\/5878\">\n\t\t\t\n\t\t\t<span class=\"wpr-button-content\">\n\t\t\t\t\t\t\t\t\t<span class=\"wpr-button-text\">Leia Mais<\/span>\n\t\t\t\t\t\t\t\t\n\t\t\t\t\t\t\t<\/span>\n\t\t<\/a>\n\n\t\t\t\t<\/div>\n\t\n\t\n\t\t\t\t\t<\/div>\n\t\t\t\t<\/div>\n\t\t\t\t\t<\/div>\n\t\t<\/div>\n\t\t\t\t\t<\/div>\n\t\t<\/section>\n\t\t\t\t<section class=\"has_eae_slider elementor-section elementor-top-section elementor-element elementor-element-017604a elementor-section-boxed elementor-section-height-default elementor-section-height-default wpr-particle-no wpr-jarallax-no wpr-parallax-no wpr-sticky-section-no wpr-equal-height-no\" data-eae-slider=\"84264\" data-id=\"017604a\" data-element_type=\"section\" data-e-type=\"section\">\n\t\t\t\t\t\t<div class=\"elementor-container elementor-column-gap-default\">\n\t\t\t\t\t<div class=\"has_eae_slider elementor-column elementor-col-100 elementor-top-column elementor-element elementor-element-718405d\" data-eae-slider=\"33137\" data-id=\"718405d\" data-element_type=\"column\" data-e-type=\"column\">\n\t\t\t<div class=\"elementor-widget-wrap elementor-element-populated\">\n\t\t\t\t\t\t<div class=\"elementor-element elementor-element-9b9543d elementor-widget elementor-widget-heading\" data-id=\"9b9543d\" data-element_type=\"widget\" data-e-type=\"widget\" data-widget_type=\"heading.default\">\n\t\t\t\t<div class=\"elementor-widget-container\">\n\t\t\t\t\t<h2 class=\"elementor-heading-title elementor-size-default\">Diversidade de Fungos em Solo Contaminado com Atrazina: Din\u00e2mica da Comunidade F\u00fangica em Microcosmos\n<\/h2>\t\t\t\t<\/div>\n\t\t\t\t<\/div>\n\t\t\t\t<div class=\"elementor-element elementor-element-0a9347c elementor-widget-divider--view-line elementor-widget elementor-widget-divider\" data-id=\"0a9347c\" data-element_type=\"widget\" data-e-type=\"widget\" data-widget_type=\"divider.default\">\n\t\t\t\t<div class=\"elementor-widget-container\">\n\t\t\t\t\t\t\t<div class=\"elementor-divider\">\n\t\t\t<span class=\"elementor-divider-separator\">\n\t\t\t\t\t\t<\/span>\n\t\t<\/div>\n\t\t\t\t\t\t<\/div>\n\t\t\t\t<\/div>\n\t\t\t\t<div class=\"elementor-element elementor-element-7be10fd elementor-widget elementor-widget-text-editor\" data-id=\"7be10fd\" data-element_type=\"widget\" data-e-type=\"widget\" data-widget_type=\"text-editor.default\">\n\t\t\t\t<div class=\"elementor-widget-container\">\n\t\t\t\t\t\t\t\t\t<p>Esta disserta\u00e7\u00e3o, realizada por <strong>Gessyca Fernanda da Silva<\/strong> sob orienta\u00e7\u00e3o da Profa. Rafaella Costa Bonugli Santos no <strong>Mestrado em Biodiversidade Neotropical da Universidade Federal da Integra\u00e7\u00e3o Latino-Americana (UNILA)<\/strong>, teve como objetivo avaliar a din\u00e2mica da comunidade f\u00fangica em solo agr\u00edcola com hist\u00f3rico de aplica\u00e7\u00e3o de atrazina, investigando especialmente os fungos ligninol\u00edticos e seu poss\u00edvel papel na degrada\u00e7\u00e3o natural do herbicida.<\/p>\t\t\t\t\t\t\t\t<\/div>\n\t\t\t\t<\/div>\n\t\t\t\t<div class=\"elementor-element elementor-element-60408a2 wpr-button-icon-style-inline wpr-button-icon-position-right elementor-widget elementor-widget-wpr-button\" data-id=\"60408a2\" data-element_type=\"widget\" data-e-type=\"widget\" data-widget_type=\"wpr-button.default\">\n\t\t\t\t<div class=\"elementor-widget-container\">\n\t\t\t\t\t\t\n\t\t\t\n\t\t\n\t\t<div class=\"wpr-button-wrap elementor-clearfix\">\n\t\t<a class=\"wpr-button wpr-button-effect wpr-button-none\" data-text=\"\" href=\"https:\/\/dspace.unila.edu.br\/handle\/123456789\/6637\">\n\t\t\t\n\t\t\t<span class=\"wpr-button-content\">\n\t\t\t\t\t\t\t\t\t<span class=\"wpr-button-text\">Leia Mais<\/span>\n\t\t\t\t\t\t\t\t\n\t\t\t\t\t\t\t<\/span>\n\t\t<\/a>\n\n\t\t\t\t<\/div>\n\t\n\t\n\t\t\t\t\t<\/div>\n\t\t\t\t<\/div>\n\t\t\t\t\t<\/div>\n\t\t<\/div>\n\t\t\t\t\t<\/div>\n\t\t<\/section>\n\t\t\t\t<section class=\"has_eae_slider elementor-section elementor-top-section elementor-element elementor-element-3906e64 elementor-section-boxed elementor-section-height-default elementor-section-height-default wpr-particle-no wpr-jarallax-no wpr-parallax-no wpr-sticky-section-no wpr-equal-height-no\" data-eae-slider=\"17216\" data-id=\"3906e64\" data-element_type=\"section\" data-e-type=\"section\">\n\t\t\t\t\t\t<div class=\"elementor-container elementor-column-gap-default\">\n\t\t\t\t\t<div class=\"has_eae_slider elementor-column elementor-col-100 elementor-top-column elementor-element elementor-element-d77d678\" data-eae-slider=\"40245\" data-id=\"d77d678\" data-element_type=\"column\" data-e-type=\"column\">\n\t\t\t<div class=\"elementor-widget-wrap\">\n\t\t\t\t\t\t\t<\/div>\n\t\t<\/div>\n\t\t\t\t\t<\/div>\n\t\t<\/section>\n\t\t\t\t<section class=\"has_eae_slider elementor-section elementor-top-section elementor-element elementor-element-4958bf0 elementor-section-boxed elementor-section-height-default elementor-section-height-default wpr-particle-no wpr-jarallax-no wpr-parallax-no wpr-sticky-section-no wpr-equal-height-no\" data-eae-slider=\"73002\" data-id=\"4958bf0\" data-element_type=\"section\" data-e-type=\"section\">\n\t\t\t\t\t\t<div class=\"elementor-container elementor-column-gap-default\">\n\t\t\t\t\t<div class=\"has_eae_slider elementor-column elementor-col-100 elementor-top-column elementor-element elementor-element-47f521c\" data-eae-slider=\"39090\" data-id=\"47f521c\" data-element_type=\"column\" data-e-type=\"column\">\n\t\t\t<div class=\"elementor-widget-wrap\">\n\t\t\t\t\t\t\t<\/div>\n\t\t<\/div>\n\t\t\t\t\t<\/div>\n\t\t<\/section>\n\t\t\t\t<\/div>\n\t\t","protected":false},"excerpt":{"rendered":"<p>More than 2 results are available in the PRO version (This notice is only visible to admin users) Disserta\u00e7\u00f5es Tratamento de solo agr\u00edcola contaminado com atrazina por fungos filamentosos imobilizados em carv\u00e3o ativado Esta disserta\u00e7\u00e3o, realizada por Adriana Heiss Siqueira sob orienta\u00e7\u00e3o da Profa. Dra. Rafaella Costa Bonugli Santos no Mestrado em Bioci\u00eancias da Universidade Federal da Integra\u00e7\u00e3o Latino-Americana (UNILA), teve como objetivo desenvolver um bioinoculante f\u00fangico imobilizado em carv\u00e3o ativado para biorremediar solos contaminados com atrazina, promovendo a degrada\u00e7\u00e3o do herbicida e a recupera\u00e7\u00e3o da qualidade do solo. Leia Mais Avalia\u00e7\u00e3o Gen\u00e9tica e Funcional da Enzima Lacase de Fungos do Parque Nacional do Igua\u00e7u Esta disserta\u00e7\u00e3o, realizada por Jaqueline Bail sob orienta\u00e7\u00e3o da Profa. Rafaella Costa Bonugli Santos no Mestrado em Bioci\u00eancias da Universidade Federal da Integra\u00e7\u00e3o Latino-Americana (UNILA), teve como objetivo analisar a diversidade gen\u00e9tica e funcional da enzima lacase em fungos da serapilheira do Parque Nacional do Igua\u00e7u, avaliando seu potencial ecol\u00f3gico e biotecnol\u00f3gico, especialmente frente a impactos ambientais como a presen\u00e7a da planta invasora Tradescantia zebrina. Leia Mais Diversidade de Fungos em Solo Contaminado com Atrazina: Din\u00e2mica da Comunidade F\u00fangica em Microcosmos Esta disserta\u00e7\u00e3o, realizada por Gessyca Fernanda da Silva sob orienta\u00e7\u00e3o da Profa. Rafaella Costa Bonugli Santos no Mestrado em Biodiversidade Neotropical da Universidade Federal da Integra\u00e7\u00e3o Latino-Americana (UNILA), teve como objetivo avaliar a din\u00e2mica da comunidade f\u00fangica em solo agr\u00edcola com hist\u00f3rico de aplica\u00e7\u00e3o de atrazina, investigando especialmente os fungos ligninol\u00edticos e seu poss\u00edvel papel na degrada\u00e7\u00e3o natural do herbicida. Leia Mais<\/p>\n","protected":false},"author":36,"featured_media":0,"parent":0,"menu_order":0,"comment_status":"closed","ping_status":"closed","template":"","meta":{"_uag_custom_page_level_css":"","site-container-style":"default","site-container-layout":"default","site-sidebar-layout":"default","disable-article-header":"default","disable-site-header":"default","disable-site-footer":"default","disable-content-area-spacing":"default","_themeisle_gutenberg_block_has_review":false,"footnotes":""},"class_list":["post-963","page","type-page","status-publish","hentry"],"uagb_featured_image_src":{"full":false,"thumbnail":false,"medium":false,"medium_large":false,"large":false,"1536x1536":false,"2048x2048":false,"htmega_size_585x295":false,"htmega_size_1170x536":false,"htmega_size_396x360":false,"tainacan-small":false,"tainacan-medium":false,"tainacan-medium-full":false,"tainacan-large-full":false},"uagb_author_info":{"display_name":"rafaella.santos","author_link":"https:\/\/divulga.unila.edu.br\/ccmiba\/author\/rafaella\/"},"uagb_comment_info":0,"uagb_excerpt":"More than 2 results are available in the PRO version (This notice is only visible to admin users) Disserta\u00e7\u00f5es Tratamento de solo agr\u00edcola contaminado com atrazina por fungos filamentosos imobilizados em carv\u00e3o ativado Esta disserta\u00e7\u00e3o, realizada por Adriana Heiss Siqueira sob orienta\u00e7\u00e3o da Profa. Dra. Rafaella Costa Bonugli Santos no Mestrado em Bioci\u00eancias da Universidade&hellip;","_links":{"self":[{"href":"https:\/\/divulga.unila.edu.br\/ccmiba\/wp-json\/wp\/v2\/pages\/963","targetHints":{"allow":["GET"]}}],"collection":[{"href":"https:\/\/divulga.unila.edu.br\/ccmiba\/wp-json\/wp\/v2\/pages"}],"about":[{"href":"https:\/\/divulga.unila.edu.br\/ccmiba\/wp-json\/wp\/v2\/types\/page"}],"author":[{"embeddable":true,"href":"https:\/\/divulga.unila.edu.br\/ccmiba\/wp-json\/wp\/v2\/users\/36"}],"replies":[{"embeddable":true,"href":"https:\/\/divulga.unila.edu.br\/ccmiba\/wp-json\/wp\/v2\/comments?post=963"}],"version-history":[{"count":11,"href":"https:\/\/divulga.unila.edu.br\/ccmiba\/wp-json\/wp\/v2\/pages\/963\/revisions"}],"predecessor-version":[{"id":1003,"href":"https:\/\/divulga.unila.edu.br\/ccmiba\/wp-json\/wp\/v2\/pages\/963\/revisions\/1003"}],"wp:attachment":[{"href":"https:\/\/divulga.unila.edu.br\/ccmiba\/wp-json\/wp\/v2\/media?parent=963"}],"curies":[{"name":"wp","href":"https:\/\/api.w.org\/{rel}","templated":true}]}}